{"id":16801,"date":"2026-03-07T13:30:36","date_gmt":"2026-03-07T12:30:36","guid":{"rendered":"https:\/\/koningdrone.be\/?post_type=product&#038;p=16801"},"modified":"2026-05-02T14:41:00","modified_gmt":"2026-05-02T12:41:00","slug":"dji-neo-2-two-way-charging-hub","status":"publish","type":"product","link":"https:\/\/koningdrone.be\/fr\/produit\/dji-neo-2-two-way-charging-hub\/","title":{"rendered":"DJI Neo 2 - Concentrateur de charge bidirectionnel"},"content":{"rendered":"<h3>DJI Neo 2 - Concentrateur de charge bidirectionnel<\/h3>\n<p>Le <strong>DJI Neo 2 - Concentrateur de charge bidirectionnel<\/strong> est une solution de charge polyvalente con\u00e7ue sp\u00e9cifiquement pour les batteries de drones DJI Neo 2. Cette station de charge intelligente fonctionne non seulement comme un hub qui vous permet de charger simultan\u00e9ment plusieurs batteries de vol intelligentes, mais aussi comme une banque d'\u00e9nergie portable qui vous permet de charger des appareils tels que des smartphones ou des lunettes de protection lorsqu'aucune prise de courant n'est disponible.<\/p>\n<p style=\"text-align: center\"><a href=\"https:\/\/koningdrone.nl\/wp-content\/uploads\/2026\/03\/DJI-Neo-2-Two-Way.webp\"><img loading=\"lazy\" decoding=\"async\" class=\"alignnone size-medium wp-image-466402\" src=\"https:\/\/koningdrone.nl\/wp-content\/uploads\/2026\/03\/DJI-Neo-2-Two-Way-300x300.webp\" alt=\"DJI Neo 2 Two-Way\" width=\"300\" height=\"300\" \/><\/a><\/p>\n<h4>Performance et fonctionnalit\u00e9<\/h4>\n<p>Ce concentrateur vous permet de charger plusieurs batteries Neo 2 en m\u00eame temps, en fonction de l'adaptateur \u00e9lectrique utilis\u00e9. Avec un adaptateur puissant (45 W ou plus), vous pouvez charger jusqu'\u00e0 <strong>chargement simultan\u00e9 de trois batteries Neo 2<\/strong>, ce qui est id\u00e9al pour les pilotes qui pr\u00e9voient des vols plus longs ou plusieurs t\u00e2ches de vol d'affil\u00e9e. En outre, le hub prend en charge l'alimentation dans les deux sens : l'\u00e9nergie peut \u00eatre dirig\u00e9e vers les batteries pour les recharger, mais elle peut \u00e9galement \u00eatre transf\u00e9r\u00e9e des batteries vers des p\u00e9riph\u00e9riques USB-C externes tels que des t\u00e9l\u00e9phones ou des lunettes de protection.<\/p>\n<h4>Qualit\u00e9 de construction et conception<\/h4>\n<p>La station de charge est con\u00e7ue dans un format compact et portable, ce qui permet de l'emporter facilement en voyage ou sur les lieux de tournage. Le bo\u00eetier est suffisamment robuste pour supporter une utilisation courante et est compatible avec les adaptateurs d'alimentation officiels de DJI. La connexion et la mise en place de la batterie sont intuitives, offrant une exp\u00e9rience utilisateur fluide.<\/p>\n<p style=\"text-align: center\"><a href=\"https:\/\/koningdrone.nl\/wp-content\/uploads\/2026\/03\/DJI-Charging-Hub-Neo-2-Two-Way.webp\"><img loading=\"lazy\" decoding=\"async\" class=\"alignnone size-medium wp-image-466403\" src=\"https:\/\/koningdrone.nl\/wp-content\/uploads\/2026\/03\/DJI-Charging-Hub-Neo-2-Two-Way-300x300.webp\" alt=\"DJI Charging Hub Neo 2 Two-Way\" width=\"300\" height=\"300\" \/><\/a><\/p>\n<h4>Pourquoi vous en avez besoin<\/h4>\n<p>Si vous utilisez plusieurs batteries et volez souvent \u00e0 l'ext\u00e9rieur, ce concentrateur bidirectionnel vous permet de recharger efficacement les batteries sans attendre des heures. De plus, la fonction \"power-bank\" vous permet d'alimenter vos appareils en cours de route, ce qui est indispensable lors de prises de vue prolong\u00e9es ou de voyages sans alimentation \u00e9lectrique fixe.<\/p>","protected":false},"excerpt":{"rendered":"<ul>\n<li>Charge jusqu'\u00e0 trois batteries de vol intelligentes DJI Neo 2 simultan\u00e9ment avec le chargeur appropri\u00e9.<\/li>\n<li>Fonctionne comme une banque d'\u00e9nergie, ce qui permet de recharger les t\u00e9l\u00e9phones ou les lunettes gr\u00e2ce \u00e0 la capacit\u00e9 de la batterie stock\u00e9e.<\/li>\n<li>Prise en charge d'une large tension d'entr\u00e9e (5 V \u00e0 20 V) pour une compatibilit\u00e9 avec de nombreux adaptateurs USB-C.<\/li>\n<li>Compact et l\u00e9ger, il vous permet d'emporter facilement votre \u00e9quipement de drone lors de vos d\u00e9placements.<\/li>\n<li>Compatible avec l'\u00e9cosyst\u00e8me de charge officiel de DJI, y compris les chargeurs \u00e0 haute puissance.<\/li>\n<\/ul>","protected":false},"featured_media":16797,"template":"","meta":{"_acf_changed":false},"product_brand":[],"product_cat":[1722],"product_tag":[],"class_list":{"0":"post-16801","1":"product","2":"type-product","3":"status-publish","4":"has-post-thumbnail","6":"product_cat-dji-neo-2","7":"product_shipping_class-outofstock","8":"pa_brand-dji","9":"pa_productfamily-neo-2","10":"pa_producttype-oplader","11":"pa_series-neo","13":"first","14":"onbackorder","15":"taxable","16":"shipping-taxable","17":"purchasable","18":"product-type-simple"},"acf":[],"yoast_head":"<!-- This site is optimized with the Yoast SEO Premium plugin v27.2 (Yoast SEO v27.2) - https:\/\/yoast.com\/product\/yoast-seo-premium-wordpress\/ -->\n<title>DJI Neo 2 Two-Way Charging Hub - koningdrone.be<\/title>\n<meta name=\"robots\" content=\"index, follow, max-snippet:-1, max-image-preview:large, max-video-preview:-1\" \/>\n<link rel=\"canonical\" href=\"https:\/\/koningdrone.be\/fr\/produit\/dji-neo-2-two-way-charging-hub\/\" \/>\n<meta property=\"og:locale\" content=\"fr_FR\" \/>\n<meta property=\"og:type\" content=\"article\" \/>\n<meta property=\"og:title\" content=\"DJI Neo 2 Two-Way Charging Hub\" \/>\n<meta property=\"og:description\" content=\"Laadt tot drie DJI Neo 2 intelligente vliegbatterijen tegelijk op met de juiste oplader.  Werkt als een powerbank, zodat u telefoons of brillen kunt opladen met de opgeslagen batterijcapaciteit.  Brede ondersteuning voor ingangsspanning (5 V tot 20 V) voor compatibiliteit met veel USB-C-adapters.  Compact en lichtgewicht ontwerp, zodat u uw drone-apparatuur gemakkelijk mee kunt nemen op reis.  Compatibel met het offici\u00eble DJI-oplaadecosysteem, inclusief opladers met een hoog wattage.\" \/>\n<meta property=\"og:url\" content=\"https:\/\/koningdrone.be\/fr\/produit\/dji-neo-2-two-way-charging-hub\/\" \/>\n<meta property=\"og:site_name\" content=\"koningdrone.be\" \/>\n<meta property=\"article:modified_time\" content=\"2026-05-02T12:41:00+00:00\" \/>\n<meta property=\"og:image\" content=\"https:\/\/koningdrone.be\/wp-content\/uploads\/sites\/13\/2026\/03\/DJI-Charging-Hub-Neo-2-Two-Way.webp\" \/>\n\t<meta property=\"og:image:width\" content=\"2048\" \/>\n\t<meta property=\"og:image:height\" content=\"2048\" \/>\n\t<meta property=\"og:image:type\" content=\"image\/webp\" \/>\n<meta name=\"twitter:card\" content=\"summary_large_image\" \/>\n<meta name=\"twitter:label1\" content=\"Dur\u00e9e de lecture est.\" \/>\n\t<meta name=\"twitter:data1\" content=\"1 minute\" \/>\n<script type=\"application\/ld+json\" class=\"yoast-schema-graph\">{\"@context\":\"https:\/\/schema.org\",\"@graph\":[{\"@type\":\"WebPage\",\"@id\":\"https:\/\/koningdrone.be\/product\/dji-neo-2-two-way-charging-hub\/\",\"url\":\"https:\/\/koningdrone.be\/product\/dji-neo-2-two-way-charging-hub\/\",\"name\":\"DJI Neo 2 Two-Way Charging Hub - koningdrone.be\",\"isPartOf\":{\"@id\":\"https:\/\/koningdrone.be\/#website\"},\"primaryImageOfPage\":{\"@id\":\"https:\/\/koningdrone.be\/product\/dji-neo-2-two-way-charging-hub\/#primaryimage\"},\"image\":{\"@id\":\"https:\/\/koningdrone.be\/product\/dji-neo-2-two-way-charging-hub\/#primaryimage\"},\"thumbnailUrl\":\"https:\/\/koningdrone.be\/wp-content\/uploads\/sites\/13\/2026\/03\/DJI-Charging-Hub-Neo-2-Two-Way.webp\",\"datePublished\":\"2026-03-07T12:30:36+00:00\",\"dateModified\":\"2026-05-02T12:41:00+00:00\",\"breadcrumb\":{\"@id\":\"https:\/\/koningdrone.be\/product\/dji-neo-2-two-way-charging-hub\/#breadcrumb\"},\"inLanguage\":\"fr-BE\",\"potentialAction\":[{\"@type\":\"ReadAction\",\"target\":[\"https:\/\/koningdrone.be\/product\/dji-neo-2-two-way-charging-hub\/\"]}]},{\"@type\":\"ImageObject\",\"inLanguage\":\"fr-BE\",\"@id\":\"https:\/\/koningdrone.be\/product\/dji-neo-2-two-way-charging-hub\/#primaryimage\",\"url\":\"https:\/\/koningdrone.be\/wp-content\/uploads\/sites\/13\/2026\/03\/DJI-Charging-Hub-Neo-2-Two-Way.webp\",\"contentUrl\":\"https:\/\/koningdrone.be\/wp-content\/uploads\/sites\/13\/2026\/03\/DJI-Charging-Hub-Neo-2-Two-Way.webp\",\"width\":2048,\"height\":2048},{\"@type\":\"BreadcrumbList\",\"@id\":\"https:\/\/koningdrone.be\/product\/dji-neo-2-two-way-charging-hub\/#breadcrumb\",\"itemListElement\":[{\"@type\":\"ListItem\",\"position\":1,\"name\":\"Home\",\"item\":\"https:\/\/koningdrone.be\/\"},{\"@type\":\"ListItem\",\"position\":2,\"name\":\"AVSS Parachute Recovery System for DJI Matrice 300\/350\",\"item\":\"https:\/\/koningdrone.be\/product\/avss-parachute-recovery-system-for-dji-matrice-300-350\/\"},{\"@type\":\"ListItem\",\"position\":3,\"name\":\"DJI Neo 2\",\"item\":\"https:\/\/koningdrone.be\/categorie\/dji-neo-2\/\"},{\"@type\":\"ListItem\",\"position\":4,\"name\":\"DJI Neo 2 Two-Way Charging Hub\"}]},{\"@type\":\"WebSite\",\"@id\":\"https:\/\/koningdrone.be\/#website\",\"url\":\"https:\/\/koningdrone.be\/\",\"name\":\"Koningdrone.be - Uw online specialist in drones, gimbals, camera's en power stations.\",\"description\":\"De webshop in drones en gimbals\",\"publisher\":{\"@id\":\"https:\/\/koningdrone.be\/#organization\"},\"potentialAction\":[{\"@type\":\"SearchAction\",\"target\":{\"@type\":\"EntryPoint\",\"urlTemplate\":\"https:\/\/koningdrone.be\/?s={search_term_string}\"},\"query-input\":{\"@type\":\"PropertyValueSpecification\",\"valueRequired\":true,\"valueName\":\"search_term_string\"}}],\"inLanguage\":\"fr-BE\"},{\"@type\":\"Organization\",\"@id\":\"https:\/\/koningdrone.be\/#organization\",\"name\":\"Koningdrone.be\",\"url\":\"https:\/\/koningdrone.be\/\",\"logo\":{\"@type\":\"ImageObject\",\"inLanguage\":\"fr-BE\",\"@id\":\"https:\/\/koningdrone.be\/#\/schema\/logo\/image\/\",\"url\":\"https:\/\/koningdrone.be\/wp-content\/uploads\/sites\/13\/2025\/04\/koningdrone-copyright-logo.svg\",\"contentUrl\":\"https:\/\/koningdrone.be\/wp-content\/uploads\/sites\/13\/2025\/04\/koningdrone-copyright-logo.svg\",\"width\":227,\"height\":38,\"caption\":\"Koningdrone.be\"},\"image\":{\"@id\":\"https:\/\/koningdrone.be\/#\/schema\/logo\/image\/\"}}]}<\/script>\n<!-- \/ Yoast SEO Premium plugin. -->","yoast_head_json":{"title":"DJI Neo 2 Two-Way Charging Hub - koningdrone.be","robots":{"index":"index","follow":"follow","max-snippet":"max-snippet:-1","max-image-preview":"max-image-preview:large","max-video-preview":"max-video-preview:-1"},"canonical":"https:\/\/koningdrone.be\/fr\/produit\/dji-neo-2-two-way-charging-hub\/","og_locale":"fr_FR","og_type":"article","og_title":"DJI Neo 2 Two-Way Charging Hub","og_description":"Laadt tot drie DJI Neo 2 intelligente vliegbatterijen tegelijk op met de juiste oplader.  Werkt als een powerbank, zodat u telefoons of brillen kunt opladen met de opgeslagen batterijcapaciteit.  Brede ondersteuning voor ingangsspanning (5 V tot 20 V) voor compatibiliteit met veel USB-C-adapters.  Compact en lichtgewicht ontwerp, zodat u uw drone-apparatuur gemakkelijk mee kunt nemen op reis.  Compatibel met het offici\u00eble DJI-oplaadecosysteem, inclusief opladers met een hoog wattage.","og_url":"https:\/\/koningdrone.be\/fr\/produit\/dji-neo-2-two-way-charging-hub\/","og_site_name":"koningdrone.be","article_modified_time":"2026-05-02T12:41:00+00:00","og_image":[{"width":2048,"height":2048,"url":"https:\/\/koningdrone.be\/wp-content\/uploads\/sites\/13\/2026\/03\/DJI-Charging-Hub-Neo-2-Two-Way.webp","type":"image\/webp"}],"twitter_card":"summary_large_image","twitter_misc":{"Dur\u00e9e de lecture est.":"1 minute"},"schema":{"@context":"https:\/\/schema.org","@graph":[{"@type":"WebPage","@id":"https:\/\/koningdrone.be\/product\/dji-neo-2-two-way-charging-hub\/","url":"https:\/\/koningdrone.be\/product\/dji-neo-2-two-way-charging-hub\/","name":"DJI Neo 2 Two-Way Charging Hub - koningdrone.be","isPartOf":{"@id":"https:\/\/koningdrone.be\/#website"},"primaryImageOfPage":{"@id":"https:\/\/koningdrone.be\/product\/dji-neo-2-two-way-charging-hub\/#primaryimage"},"image":{"@id":"https:\/\/koningdrone.be\/product\/dji-neo-2-two-way-charging-hub\/#primaryimage"},"thumbnailUrl":"https:\/\/koningdrone.be\/wp-content\/uploads\/sites\/13\/2026\/03\/DJI-Charging-Hub-Neo-2-Two-Way.webp","datePublished":"2026-03-07T12:30:36+00:00","dateModified":"2026-05-02T12:41:00+00:00","breadcrumb":{"@id":"https:\/\/koningdrone.be\/product\/dji-neo-2-two-way-charging-hub\/#breadcrumb"},"inLanguage":"fr-BE","potentialAction":[{"@type":"ReadAction","target":["https:\/\/koningdrone.be\/product\/dji-neo-2-two-way-charging-hub\/"]}]},{"@type":"ImageObject","inLanguage":"fr-BE","@id":"https:\/\/koningdrone.be\/product\/dji-neo-2-two-way-charging-hub\/#primaryimage","url":"https:\/\/koningdrone.be\/wp-content\/uploads\/sites\/13\/2026\/03\/DJI-Charging-Hub-Neo-2-Two-Way.webp","contentUrl":"https:\/\/koningdrone.be\/wp-content\/uploads\/sites\/13\/2026\/03\/DJI-Charging-Hub-Neo-2-Two-Way.webp","width":2048,"height":2048},{"@type":"BreadcrumbList","@id":"https:\/\/koningdrone.be\/product\/dji-neo-2-two-way-charging-hub\/#breadcrumb","itemListElement":[{"@type":"ListItem","position":1,"name":"Home","item":"https:\/\/koningdrone.be\/"},{"@type":"ListItem","position":2,"name":"AVSS Parachute Recovery System for DJI Matrice 300\/350","item":"https:\/\/koningdrone.be\/product\/avss-parachute-recovery-system-for-dji-matrice-300-350\/"},{"@type":"ListItem","position":3,"name":"DJI Neo 2","item":"https:\/\/koningdrone.be\/categorie\/dji-neo-2\/"},{"@type":"ListItem","position":4,"name":"DJI Neo 2 Two-Way Charging Hub"}]},{"@type":"WebSite","@id":"https:\/\/koningdrone.be\/#website","url":"https:\/\/koningdrone.be\/","name":"Koningdrone.be - Votre sp\u00e9cialiste en ligne en mati\u00e8re de drones, de cardans, de cam\u00e9ras et de centrales \u00e9lectriques.","description":"La boutique en ligne de drones et de cardans","publisher":{"@id":"https:\/\/koningdrone.be\/#organization"},"potentialAction":[{"@type":"SearchAction","target":{"@type":"EntryPoint","urlTemplate":"https:\/\/koningdrone.be\/?s={search_term_string}"},"query-input":{"@type":"PropertyValueSpecification","valueRequired":true,"valueName":"search_term_string"}}],"inLanguage":"fr-BE"},{"@type":"Organization","@id":"https:\/\/koningdrone.be\/#organization","name":"Kingdrone.co.uk","url":"https:\/\/koningdrone.be\/","logo":{"@type":"ImageObject","inLanguage":"fr-BE","@id":"https:\/\/koningdrone.be\/#\/schema\/logo\/image\/","url":"https:\/\/koningdrone.be\/wp-content\/uploads\/sites\/13\/2025\/04\/koningdrone-copyright-logo.svg","contentUrl":"https:\/\/koningdrone.be\/wp-content\/uploads\/sites\/13\/2025\/04\/koningdrone-copyright-logo.svg","width":227,"height":38,"caption":"Koningdrone.be"},"image":{"@id":"https:\/\/koningdrone.be\/#\/schema\/logo\/image\/"}}]}},"df_price":35,"df_sale_price":"","df_regular_price":35,"df_image_link":"https:\/\/koningdrone.be\/wp-content\/uploads\/sites\/13\/2026\/03\/DJI-Charging-Hub-Neo-2-Two-Way-300x300.webp","_links":{"self":[{"href":"https:\/\/koningdrone.be\/fr\/wp-json\/wp\/v2\/product\/16801","targetHints":{"allow":["GET"]}}],"collection":[{"href":"https:\/\/koningdrone.be\/fr\/wp-json\/wp\/v2\/product"}],"about":[{"href":"https:\/\/koningdrone.be\/fr\/wp-json\/wp\/v2\/types\/product"}],"wp:featuredmedia":[{"embeddable":true,"href":"https:\/\/koningdrone.be\/fr\/wp-json\/wp\/v2\/media\/16797"}],"wp:attachment":[{"href":"https:\/\/koningdrone.be\/fr\/wp-json\/wp\/v2\/media?parent=16801"}],"wp:term":[{"taxonomy":"product_brand","embeddable":true,"href":"https:\/\/koningdrone.be\/fr\/wp-json\/wp\/v2\/product_brand?post=16801"},{"taxonomy":"product_cat","embeddable":true,"href":"https:\/\/koningdrone.be\/fr\/wp-json\/wp\/v2\/product_cat?post=16801"},{"taxonomy":"product_tag","embeddable":true,"href":"https:\/\/koningdrone.be\/fr\/wp-json\/wp\/v2\/product_tag?post=16801"}],"curies":[{"name":"wp","href":"https:\/\/api.w.org\/{rel}","templated":true}]}}