{"id":16774,"date":"2026-04-14T16:46:32","date_gmt":"2026-04-14T14:46:32","guid":{"rendered":"https:\/\/koningdrone.be\/?post_type=product&#038;p=16774"},"modified":"2026-04-29T03:50:38","modified_gmt":"2026-04-29T01:50:38","slug":"dji-osmo-action-5-pro-street-photography-grip-accessory-kit","status":"publish","type":"product","link":"https:\/\/koningdrone.be\/fr\/produit\/dji-osmo-action-5-pro-street-photography-grip-accessory-kit\/","title":{"rendered":"DJI Osmo Action 5 Pro Street Photography Grip Accessory Kit"},"content":{"rendered":"<h3>DJI Osmo Action 5 Pro Street Photography Grip Accessory Kit<\/h3>\n<p>Le kit d'accessoires DJI Osmo Action 5 Pro Street Photography Grip est un kit d'accessoires officiel qui transforme votre DJI Osmo Action 5 Pro en une poign\u00e9e confortable et polyvalente pour la photographie de rue, le vlogging et l'utilisation quotidienne. Le kit associe un design ergonomique \u00e0 des options de fixation suppl\u00e9mentaires, vous permettant de filmer ou de prendre des photos plus longtemps et plus confortablement lorsque vous \u00eates en d\u00e9placement.<\/p>\n<p style=\"text-align: center\"><a href=\"https:\/\/koningdrone.nl\/wp-content\/uploads\/2026\/03\/Osmo-Action-5-Pro-Street-Photography-Grip-Accessory.webp\"><img loading=\"lazy\" decoding=\"async\" class=\"alignnone size-medium wp-image-466357\" src=\"https:\/\/koningdrone.nl\/wp-content\/uploads\/2026\/03\/Osmo-Action-5-Pro-Street-Photography-Grip-Accessory-300x300.webp\" alt=\"Osmo Action 5 Pro Street Photography Grip Accessory\" width=\"300\" height=\"300\" \/><\/a><\/p>\n<h4>Performance et fonctionnalit\u00e9<\/h4>\n<p>Ce kit am\u00e9liore la stabilit\u00e9 de vos enregistrements portables en fournissant une poign\u00e9e confortable \u00e0 tenir et r\u00e9duisant les vibrations. En outre, vous pouvez facilement fixer divers accessoires, tels que des microphones ou des \u00e9clairages, gr\u00e2ce \u00e0 la structure extensible du cadre. Vous b\u00e9n\u00e9ficiez ainsi d'un contr\u00f4le cr\u00e9atif accru pour la photographie de rue ou la cr\u00e9ation de contenu dans divers environnements.<\/p>\n<h4>Qualit\u00e9 de construction et conception<\/h4>\n<p>Les accessoires de ce kit sont fabriqu\u00e9s dans des mat\u00e9riaux durables adapt\u00e9s \u00e0 une utilisation quotidienne. Le cadre utilitaire prot\u00e8ge l'appareil photo tout en laissant les boutons et les ports librement accessibles, et la poign\u00e9e pour photographie de rue est con\u00e7ue pour une utilisation confortable d'une seule main. Gr\u00e2ce \u00e0 sa construction compacte, le kit reste suffisamment l\u00e9ger pour \u00eatre emport\u00e9 en voyage et utilis\u00e9 lors de prises de vue plus longues.<\/p>\n<p style=\"text-align: center\"><a href=\"https:\/\/koningdrone.nl\/wp-content\/uploads\/2026\/03\/DJI-Action-5-Pro-Street-Photography-Grip-Accessory.webp\"><img loading=\"lazy\" decoding=\"async\" class=\"alignnone size-medium wp-image-466358\" src=\"https:\/\/koningdrone.nl\/wp-content\/uploads\/2026\/03\/DJI-Action-5-Pro-Street-Photography-Grip-Accessory-300x300.webp\" alt=\"DJI Action 5 Pro Street Photography Grip Accessory\" width=\"300\" height=\"300\" \/><\/a><\/p>\n<h4>Pourquoi vous en avez besoin<\/h4>\n<p>Si vous \u00eates souvent en d\u00e9placement avec votre Osmo Action 5 Pro pour capturer des photos de rue, des vid\u00e9os ou du contenu quotidien, ce kit de prise en main offre un confort, un contr\u00f4le et une flexibilit\u00e9 suppl\u00e9mentaires. La combinaison de la stabilit\u00e9, des accessoires et du design ergonomique facilite la capture de clich\u00e9s de qualit\u00e9 sans fatigue ni tracas.<\/p>","protected":false},"excerpt":{"rendered":"<ul>\n<li>Transforme votre Osmo Action 5 Pro en un support de cam\u00e9ra portable plus confortable.<\/li>\n<li>Le cadre pratique prot\u00e8ge votre appareil photo et permet d'acc\u00e9der facilement aux boutons et aux ports.<\/li>\n<li>Le couvercle lat\u00e9ral rapidement amovible vous permet d'effectuer des r\u00e9glages plus rapidement.<\/li>\n<li>La poign\u00e9e pour la photographie de rue offre plus de stabilit\u00e9 et moins de vibrations.<\/li>\n<li>La dragonne vous \u00e9vite de faire tomber accidentellement votre appareil photo.<\/li>\n<\/ul>","protected":false},"featured_media":16772,"template":"","meta":{"_acf_changed":false},"product_brand":[],"product_cat":[297],"product_tag":[],"class_list":{"0":"post-16774","1":"product","2":"type-product","3":"status-publish","4":"has-post-thumbnail","6":"product_cat-dji-osmo","7":"product_shipping_class-acsystemsall","8":"pa_brand-dji","9":"pa_productfamily-action","10":"pa_producttype-grip","11":"pa_series-osmo","13":"first","14":"instock","15":"taxable","16":"shipping-taxable","17":"purchasable","18":"product-type-simple"},"acf":[],"yoast_head":"<!-- This site is optimized with the Yoast SEO Premium plugin v27.2 (Yoast SEO v27.2) - https:\/\/yoast.com\/product\/yoast-seo-premium-wordpress\/ -->\n<title>DJI Osmo Action 5 Pro Street Photography Grip Accessory Kit - koningdrone.be<\/title>\n<meta name=\"robots\" content=\"index, follow, max-snippet:-1, max-image-preview:large, max-video-preview:-1\" \/>\n<link rel=\"canonical\" href=\"https:\/\/koningdrone.be\/fr\/produit\/dji-osmo-action-5-pro-street-photography-grip-accessory-kit\/\" \/>\n<meta property=\"og:locale\" content=\"fr_FR\" \/>\n<meta property=\"og:type\" content=\"article\" \/>\n<meta property=\"og:title\" content=\"DJI Osmo Action 5 Pro Street Photography Grip Accessory Kit\" \/>\n<meta property=\"og:description\" content=\"Verandert je Osmo Action 5 Pro in een comfortabelere handheld camerastandaard.  Het handige frame beschermt je camera en houdt de knoppen en poorten makkelijk bereikbaar.  Dankzij de snel te verwijderen zijklep kun je sneller dingen aanpassen.  De handgreep voor straatfotografie zorgt voor meer stabiliteit en minder trillingen.  Het polskoord helpt om te voorkomen dat je je camera per ongeluk laat vallen.\" \/>\n<meta property=\"og:url\" content=\"https:\/\/koningdrone.be\/fr\/produit\/dji-osmo-action-5-pro-street-photography-grip-accessory-kit\/\" \/>\n<meta property=\"og:site_name\" content=\"koningdrone.be\" \/>\n<meta property=\"article:modified_time\" content=\"2026-04-29T01:50:38+00:00\" \/>\n<meta property=\"og:image\" content=\"https:\/\/koningdrone.be\/wp-content\/uploads\/sites\/13\/2026\/03\/DJI-Action-5-Pro-Street-Photography-Grip-Accessory-Kit.webp\" \/>\n\t<meta property=\"og:image:width\" content=\"2048\" \/>\n\t<meta property=\"og:image:height\" content=\"2048\" \/>\n\t<meta property=\"og:image:type\" content=\"image\/webp\" \/>\n<meta name=\"twitter:card\" content=\"summary_large_image\" \/>\n<meta name=\"twitter:label1\" content=\"Dur\u00e9e de lecture est.\" \/>\n\t<meta name=\"twitter:data1\" content=\"1 minute\" \/>\n<script type=\"application\/ld+json\" class=\"yoast-schema-graph\">{\"@context\":\"https:\/\/schema.org\",\"@graph\":[{\"@type\":\"WebPage\",\"@id\":\"https:\/\/koningdrone.be\/product\/dji-osmo-action-5-pro-street-photography-grip-accessory-kit\/\",\"url\":\"https:\/\/koningdrone.be\/product\/dji-osmo-action-5-pro-street-photography-grip-accessory-kit\/\",\"name\":\"DJI Osmo Action 5 Pro Street Photography Grip Accessory Kit - koningdrone.be\",\"isPartOf\":{\"@id\":\"https:\/\/koningdrone.be\/#website\"},\"primaryImageOfPage\":{\"@id\":\"https:\/\/koningdrone.be\/product\/dji-osmo-action-5-pro-street-photography-grip-accessory-kit\/#primaryimage\"},\"image\":{\"@id\":\"https:\/\/koningdrone.be\/product\/dji-osmo-action-5-pro-street-photography-grip-accessory-kit\/#primaryimage\"},\"thumbnailUrl\":\"https:\/\/koningdrone.be\/wp-content\/uploads\/sites\/13\/2026\/03\/DJI-Action-5-Pro-Street-Photography-Grip-Accessory-Kit.webp\",\"datePublished\":\"2026-04-14T14:46:32+00:00\",\"dateModified\":\"2026-04-29T01:50:38+00:00\",\"breadcrumb\":{\"@id\":\"https:\/\/koningdrone.be\/product\/dji-osmo-action-5-pro-street-photography-grip-accessory-kit\/#breadcrumb\"},\"inLanguage\":\"fr-BE\",\"potentialAction\":[{\"@type\":\"ReadAction\",\"target\":[\"https:\/\/koningdrone.be\/product\/dji-osmo-action-5-pro-street-photography-grip-accessory-kit\/\"]}]},{\"@type\":\"ImageObject\",\"inLanguage\":\"fr-BE\",\"@id\":\"https:\/\/koningdrone.be\/product\/dji-osmo-action-5-pro-street-photography-grip-accessory-kit\/#primaryimage\",\"url\":\"https:\/\/koningdrone.be\/wp-content\/uploads\/sites\/13\/2026\/03\/DJI-Action-5-Pro-Street-Photography-Grip-Accessory-Kit.webp\",\"contentUrl\":\"https:\/\/koningdrone.be\/wp-content\/uploads\/sites\/13\/2026\/03\/DJI-Action-5-Pro-Street-Photography-Grip-Accessory-Kit.webp\",\"width\":2048,\"height\":2048},{\"@type\":\"BreadcrumbList\",\"@id\":\"https:\/\/koningdrone.be\/product\/dji-osmo-action-5-pro-street-photography-grip-accessory-kit\/#breadcrumb\",\"itemListElement\":[{\"@type\":\"ListItem\",\"position\":1,\"name\":\"Home\",\"item\":\"https:\/\/koningdrone.be\/\"},{\"@type\":\"ListItem\",\"position\":2,\"name\":\"AVSS Parachute Recovery System for DJI Matrice 300\/350\",\"item\":\"https:\/\/koningdrone.be\/product\/avss-parachute-recovery-system-for-dji-matrice-300-350\/\"},{\"@type\":\"ListItem\",\"position\":3,\"name\":\"DJI Osmo\",\"item\":\"https:\/\/koningdrone.be\/categorie\/dji-osmo\/\"},{\"@type\":\"ListItem\",\"position\":4,\"name\":\"DJI Osmo Action 5 Pro Street Photography Grip Accessory Kit\"}]},{\"@type\":\"WebSite\",\"@id\":\"https:\/\/koningdrone.be\/#website\",\"url\":\"https:\/\/koningdrone.be\/\",\"name\":\"Koningdrone.be - Uw online specialist in drones, gimbals, camera's en power stations.\",\"description\":\"De webshop in drones en gimbals\",\"publisher\":{\"@id\":\"https:\/\/koningdrone.be\/#organization\"},\"potentialAction\":[{\"@type\":\"SearchAction\",\"target\":{\"@type\":\"EntryPoint\",\"urlTemplate\":\"https:\/\/koningdrone.be\/?s={search_term_string}\"},\"query-input\":{\"@type\":\"PropertyValueSpecification\",\"valueRequired\":true,\"valueName\":\"search_term_string\"}}],\"inLanguage\":\"fr-BE\"},{\"@type\":\"Organization\",\"@id\":\"https:\/\/koningdrone.be\/#organization\",\"name\":\"Koningdrone.be\",\"url\":\"https:\/\/koningdrone.be\/\",\"logo\":{\"@type\":\"ImageObject\",\"inLanguage\":\"fr-BE\",\"@id\":\"https:\/\/koningdrone.be\/#\/schema\/logo\/image\/\",\"url\":\"https:\/\/koningdrone.be\/wp-content\/uploads\/sites\/13\/2025\/04\/koningdrone-copyright-logo.svg\",\"contentUrl\":\"https:\/\/koningdrone.be\/wp-content\/uploads\/sites\/13\/2025\/04\/koningdrone-copyright-logo.svg\",\"width\":227,\"height\":38,\"caption\":\"Koningdrone.be\"},\"image\":{\"@id\":\"https:\/\/koningdrone.be\/#\/schema\/logo\/image\/\"}}]}<\/script>\n<!-- \/ Yoast SEO Premium plugin. -->","yoast_head_json":{"title":"DJI Osmo Action 5 Pro Street Photography Grip Accessory Kit - koningdrone.be","robots":{"index":"index","follow":"follow","max-snippet":"max-snippet:-1","max-image-preview":"max-image-preview:large","max-video-preview":"max-video-preview:-1"},"canonical":"https:\/\/koningdrone.be\/fr\/produit\/dji-osmo-action-5-pro-street-photography-grip-accessory-kit\/","og_locale":"fr_FR","og_type":"article","og_title":"DJI Osmo Action 5 Pro Street Photography Grip Accessory Kit","og_description":"Verandert je Osmo Action 5 Pro in een comfortabelere handheld camerastandaard.  Het handige frame beschermt je camera en houdt de knoppen en poorten makkelijk bereikbaar.  Dankzij de snel te verwijderen zijklep kun je sneller dingen aanpassen.  De handgreep voor straatfotografie zorgt voor meer stabiliteit en minder trillingen.  Het polskoord helpt om te voorkomen dat je je camera per ongeluk laat vallen.","og_url":"https:\/\/koningdrone.be\/fr\/produit\/dji-osmo-action-5-pro-street-photography-grip-accessory-kit\/","og_site_name":"koningdrone.be","article_modified_time":"2026-04-29T01:50:38+00:00","og_image":[{"width":2048,"height":2048,"url":"https:\/\/koningdrone.be\/wp-content\/uploads\/sites\/13\/2026\/03\/DJI-Action-5-Pro-Street-Photography-Grip-Accessory-Kit.webp","type":"image\/webp"}],"twitter_card":"summary_large_image","twitter_misc":{"Dur\u00e9e de lecture est.":"1 minute"},"schema":{"@context":"https:\/\/schema.org","@graph":[{"@type":"WebPage","@id":"https:\/\/koningdrone.be\/product\/dji-osmo-action-5-pro-street-photography-grip-accessory-kit\/","url":"https:\/\/koningdrone.be\/product\/dji-osmo-action-5-pro-street-photography-grip-accessory-kit\/","name":"DJI Osmo Action 5 Pro Street Photography Grip Accessory Kit - koningdrone.be","isPartOf":{"@id":"https:\/\/koningdrone.be\/#website"},"primaryImageOfPage":{"@id":"https:\/\/koningdrone.be\/product\/dji-osmo-action-5-pro-street-photography-grip-accessory-kit\/#primaryimage"},"image":{"@id":"https:\/\/koningdrone.be\/product\/dji-osmo-action-5-pro-street-photography-grip-accessory-kit\/#primaryimage"},"thumbnailUrl":"https:\/\/koningdrone.be\/wp-content\/uploads\/sites\/13\/2026\/03\/DJI-Action-5-Pro-Street-Photography-Grip-Accessory-Kit.webp","datePublished":"2026-04-14T14:46:32+00:00","dateModified":"2026-04-29T01:50:38+00:00","breadcrumb":{"@id":"https:\/\/koningdrone.be\/product\/dji-osmo-action-5-pro-street-photography-grip-accessory-kit\/#breadcrumb"},"inLanguage":"fr-BE","potentialAction":[{"@type":"ReadAction","target":["https:\/\/koningdrone.be\/product\/dji-osmo-action-5-pro-street-photography-grip-accessory-kit\/"]}]},{"@type":"ImageObject","inLanguage":"fr-BE","@id":"https:\/\/koningdrone.be\/product\/dji-osmo-action-5-pro-street-photography-grip-accessory-kit\/#primaryimage","url":"https:\/\/koningdrone.be\/wp-content\/uploads\/sites\/13\/2026\/03\/DJI-Action-5-Pro-Street-Photography-Grip-Accessory-Kit.webp","contentUrl":"https:\/\/koningdrone.be\/wp-content\/uploads\/sites\/13\/2026\/03\/DJI-Action-5-Pro-Street-Photography-Grip-Accessory-Kit.webp","width":2048,"height":2048},{"@type":"BreadcrumbList","@id":"https:\/\/koningdrone.be\/product\/dji-osmo-action-5-pro-street-photography-grip-accessory-kit\/#breadcrumb","itemListElement":[{"@type":"ListItem","position":1,"name":"Home","item":"https:\/\/koningdrone.be\/"},{"@type":"ListItem","position":2,"name":"AVSS Parachute Recovery System for DJI Matrice 300\/350","item":"https:\/\/koningdrone.be\/product\/avss-parachute-recovery-system-for-dji-matrice-300-350\/"},{"@type":"ListItem","position":3,"name":"DJI Osmo","item":"https:\/\/koningdrone.be\/categorie\/dji-osmo\/"},{"@type":"ListItem","position":4,"name":"DJI Osmo Action 5 Pro Street Photography Grip Accessory Kit"}]},{"@type":"WebSite","@id":"https:\/\/koningdrone.be\/#website","url":"https:\/\/koningdrone.be\/","name":"Koningdrone.be - Votre sp\u00e9cialiste en ligne en mati\u00e8re de drones, de cardans, de cam\u00e9ras et de centrales \u00e9lectriques.","description":"La boutique en ligne de drones et de cardans","publisher":{"@id":"https:\/\/koningdrone.be\/#organization"},"potentialAction":[{"@type":"SearchAction","target":{"@type":"EntryPoint","urlTemplate":"https:\/\/koningdrone.be\/?s={search_term_string}"},"query-input":{"@type":"PropertyValueSpecification","valueRequired":true,"valueName":"search_term_string"}}],"inLanguage":"fr-BE"},{"@type":"Organization","@id":"https:\/\/koningdrone.be\/#organization","name":"Kingdrone.co.uk","url":"https:\/\/koningdrone.be\/","logo":{"@type":"ImageObject","inLanguage":"fr-BE","@id":"https:\/\/koningdrone.be\/#\/schema\/logo\/image\/","url":"https:\/\/koningdrone.be\/wp-content\/uploads\/sites\/13\/2025\/04\/koningdrone-copyright-logo.svg","contentUrl":"https:\/\/koningdrone.be\/wp-content\/uploads\/sites\/13\/2025\/04\/koningdrone-copyright-logo.svg","width":227,"height":38,"caption":"Koningdrone.be"},"image":{"@id":"https:\/\/koningdrone.be\/#\/schema\/logo\/image\/"}}]}},"df_price":51,"df_sale_price":"","df_regular_price":51,"df_image_link":"https:\/\/koningdrone.be\/wp-content\/uploads\/sites\/13\/2026\/03\/DJI-Action-5-Pro-Street-Photography-Grip-Accessory-Kit-300x300.webp","_links":{"self":[{"href":"https:\/\/koningdrone.be\/fr\/wp-json\/wp\/v2\/product\/16774","targetHints":{"allow":["GET"]}}],"collection":[{"href":"https:\/\/koningdrone.be\/fr\/wp-json\/wp\/v2\/product"}],"about":[{"href":"https:\/\/koningdrone.be\/fr\/wp-json\/wp\/v2\/types\/product"}],"wp:featuredmedia":[{"embeddable":true,"href":"https:\/\/koningdrone.be\/fr\/wp-json\/wp\/v2\/media\/16772"}],"wp:attachment":[{"href":"https:\/\/koningdrone.be\/fr\/wp-json\/wp\/v2\/media?parent=16774"}],"wp:term":[{"taxonomy":"product_brand","embeddable":true,"href":"https:\/\/koningdrone.be\/fr\/wp-json\/wp\/v2\/product_brand?post=16774"},{"taxonomy":"product_cat","embeddable":true,"href":"https:\/\/koningdrone.be\/fr\/wp-json\/wp\/v2\/product_cat?post=16774"},{"taxonomy":"product_tag","embeddable":true,"href":"https:\/\/koningdrone.be\/fr\/wp-json\/wp\/v2\/product_tag?post=16774"}],"curies":[{"name":"wp","href":"https:\/\/api.w.org\/{rel}","templated":true}]}}