{"id":1677,"date":"2024-12-04T12:13:14","date_gmt":"2024-12-04T11:13:14","guid":{"rendered":"https:\/\/koningdrone.nl\/kon\/product\/dji-goggles-n3\/"},"modified":"2026-04-29T15:20:15","modified_gmt":"2026-04-29T13:20:15","slug":"dji-goggles-n3","status":"publish","type":"product","link":"https:\/\/koningdrone.be\/fr\/produit\/dji-goggles-n3\/","title":{"rendered":"DJI Goggles N3 - Remis \u00e0 neuf"},"content":{"rendered":"<p>Les DJI Goggles N3 sont des lunettes haute d\u00e9finition immersives con\u00e7ues pour une exp\u00e9rience FPV (vue \u00e0 la premi\u00e8re personne) transparente avec les drones DJI. Dot\u00e9es d'un double \u00e9cran HD, d'une transmission vid\u00e9o \u00e0 faible latence et d'un ajustement confortable, ces lunettes offrent aux pilotes une vue grand angle en temps r\u00e9el pour une meilleure pr\u00e9cision de vol. Id\u00e9ales pour les amateurs comme pour les professionnels, les DJI Goggles N3 offrent une exp\u00e9rience de vol riche et r\u00e9active, avec des commandes avanc\u00e9es et une compatibilit\u00e9 avec de nombreux mod\u00e8les de drones DJI, ce qui en fait un choix de premier ordre pour l'exploration et la photographie a\u00e9riennes immersives.<\/p>\n<h4>A propos des produits reconditionn\u00e9s<\/h4>\n<p><em><strong>Ce produit a \u00e9t\u00e9 utilis\u00e9, mais il est en tr\u00e8s bon \u00e9tat\/comme neuf. Il a \u00e9t\u00e9 retourn\u00e9 dans les 14 jours et n'a souvent \u00e9t\u00e9 utilis\u00e9 que bri\u00e8vement. L'\u00e9tat g\u00e9n\u00e9ral est presque comme neuf.<\/strong><\/em><\/p>","protected":false},"excerpt":{"rendered":"<ul>\n<li>Offre une exp\u00e9rience FPV immersive pour un vol de drone plus engageant.<\/li>\n<li>\u00c9quip\u00e9s d'\u00e9crans haute d\u00e9finition pour des images d'une grande clart\u00e9.<\/li>\n<li>Con\u00e7u pour une utilisation prolong\u00e9e, il est confortable.<\/li>\n<li>Transmission vid\u00e9o \u00e0 faible latence pour une lecture fluide en temps r\u00e9el.<\/li>\n<li>Compatible avec plusieurs drones DJI pour une utilisation polyvalente.<\/li>\n<\/ul>","protected":false},"featured_media":1671,"template":"","meta":{"_acf_changed":false},"product_brand":[],"product_cat":[97,261,202,139],"product_tag":[],"class_list":{"0":"post-1677","1":"product","2":"type-product","3":"status-publish","4":"has-post-thumbnail","6":"product_cat-alle-producten","7":"product_cat-dji-avata","8":"product_cat-dji-neo","9":"product_cat-refurbished","10":"product_shipping_class-outofstock","11":"pa_brand-dji","12":"pa_producttype-stofbril","13":"pa_series-goggles","15":"first","16":"outofstock","17":"taxable","18":"shipping-taxable","19":"purchasable","20":"product-type-simple"},"acf":[],"yoast_head":"<!-- This site is optimized with the Yoast SEO Premium plugin v27.2 (Yoast SEO v27.2) - https:\/\/yoast.com\/product\/yoast-seo-premium-wordpress\/ -->\n<title>DJI Goggles N3 - Refurbished - koningdrone.be<\/title>\n<meta name=\"robots\" content=\"index, follow, max-snippet:-1, max-image-preview:large, max-video-preview:-1\" \/>\n<link rel=\"canonical\" href=\"https:\/\/koningdrone.be\/fr\/produit\/dji-goggles-n3\/\" \/>\n<meta property=\"og:locale\" content=\"fr_FR\" \/>\n<meta property=\"og:type\" content=\"article\" \/>\n<meta property=\"og:title\" content=\"DJI Goggles N3 - Refurbished\" \/>\n<meta property=\"og:description\" content=\"Biedt een meeslepende FPV-ervaring voor een meer boeiende dronevlucht.  Uitgerust met high-definition displays voor kristalheldere beelden.  Ontworpen met een comfortabele pasvorm voor langdurig gebruik.  Met low-latency video transmissie voor vloeiende, real-time weergave.  Compatibel met meerdere DJI drones voor veelzijdig gebruik.\" \/>\n<meta property=\"og:url\" content=\"https:\/\/koningdrone.be\/fr\/produit\/dji-goggles-n3\/\" \/>\n<meta property=\"og:site_name\" content=\"koningdrone.be\" \/>\n<meta property=\"article:modified_time\" content=\"2026-04-29T13:20:15+00:00\" \/>\n<meta property=\"og:image\" content=\"https:\/\/koningdrone.be\/wp-content\/uploads\/sites\/13\/2025\/04\/d378d552e37186b93c92b756d1c885f5@large.jpg\" \/>\n\t<meta property=\"og:image:width\" content=\"1200\" \/>\n\t<meta property=\"og:image:height\" content=\"800\" \/>\n\t<meta property=\"og:image:type\" content=\"image\/jpeg\" \/>\n<meta name=\"twitter:card\" content=\"summary_large_image\" \/>\n<meta name=\"twitter:label1\" content=\"Dur\u00e9e de lecture est.\" \/>\n\t<meta name=\"twitter:data1\" content=\"2 minutes\" \/>\n<script type=\"application\/ld+json\" class=\"yoast-schema-graph\">{\"@context\":\"https:\/\/schema.org\",\"@graph\":[{\"@type\":\"WebPage\",\"@id\":\"https:\/\/koningdrone.be\/product\/dji-goggles-n3\/\",\"url\":\"https:\/\/koningdrone.be\/product\/dji-goggles-n3\/\",\"name\":\"DJI Goggles N3 - Refurbished - koningdrone.be\",\"isPartOf\":{\"@id\":\"https:\/\/koningdrone.be\/#website\"},\"primaryImageOfPage\":{\"@id\":\"https:\/\/koningdrone.be\/product\/dji-goggles-n3\/#primaryimage\"},\"image\":{\"@id\":\"https:\/\/koningdrone.be\/product\/dji-goggles-n3\/#primaryimage\"},\"thumbnailUrl\":\"https:\/\/koningdrone.be\/wp-content\/uploads\/sites\/13\/2025\/04\/d378d552e37186b93c92b756d1c885f5@large.jpg\",\"datePublished\":\"2024-12-04T11:13:14+00:00\",\"dateModified\":\"2026-04-29T13:20:15+00:00\",\"breadcrumb\":{\"@id\":\"https:\/\/koningdrone.be\/product\/dji-goggles-n3\/#breadcrumb\"},\"inLanguage\":\"fr-BE\",\"potentialAction\":[{\"@type\":\"ReadAction\",\"target\":[\"https:\/\/koningdrone.be\/product\/dji-goggles-n3\/\"]}]},{\"@type\":\"ImageObject\",\"inLanguage\":\"fr-BE\",\"@id\":\"https:\/\/koningdrone.be\/product\/dji-goggles-n3\/#primaryimage\",\"url\":\"https:\/\/koningdrone.be\/wp-content\/uploads\/sites\/13\/2025\/04\/d378d552e37186b93c92b756d1c885f5@large.jpg\",\"contentUrl\":\"https:\/\/koningdrone.be\/wp-content\/uploads\/sites\/13\/2025\/04\/d378d552e37186b93c92b756d1c885f5@large.jpg\",\"width\":1200,\"height\":800},{\"@type\":\"BreadcrumbList\",\"@id\":\"https:\/\/koningdrone.be\/product\/dji-goggles-n3\/#breadcrumb\",\"itemListElement\":[{\"@type\":\"ListItem\",\"position\":1,\"name\":\"Home\",\"item\":\"https:\/\/koningdrone.be\/\"},{\"@type\":\"ListItem\",\"position\":2,\"name\":\"AVSS Parachute Recovery System for DJI Matrice 300\/350\",\"item\":\"https:\/\/koningdrone.be\/product\/avss-parachute-recovery-system-for-dji-matrice-300-350\/\"},{\"@type\":\"ListItem\",\"position\":3,\"name\":\"Alle producten\",\"item\":\"https:\/\/koningdrone.be\/categorie\/alle-producten\/\"},{\"@type\":\"ListItem\",\"position\":4,\"name\":\"DJI Goggles N3 &#8211; Refurbished\"}]},{\"@type\":\"WebSite\",\"@id\":\"https:\/\/koningdrone.be\/#website\",\"url\":\"https:\/\/koningdrone.be\/\",\"name\":\"Koningdrone.be - Uw online specialist in drones, gimbals, camera's en power stations.\",\"description\":\"De webshop in drones en gimbals\",\"publisher\":{\"@id\":\"https:\/\/koningdrone.be\/#organization\"},\"potentialAction\":[{\"@type\":\"SearchAction\",\"target\":{\"@type\":\"EntryPoint\",\"urlTemplate\":\"https:\/\/koningdrone.be\/?s={search_term_string}\"},\"query-input\":{\"@type\":\"PropertyValueSpecification\",\"valueRequired\":true,\"valueName\":\"search_term_string\"}}],\"inLanguage\":\"fr-BE\"},{\"@type\":\"Organization\",\"@id\":\"https:\/\/koningdrone.be\/#organization\",\"name\":\"Koningdrone.be\",\"url\":\"https:\/\/koningdrone.be\/\",\"logo\":{\"@type\":\"ImageObject\",\"inLanguage\":\"fr-BE\",\"@id\":\"https:\/\/koningdrone.be\/#\/schema\/logo\/image\/\",\"url\":\"https:\/\/koningdrone.be\/wp-content\/uploads\/sites\/13\/2025\/04\/koningdrone-copyright-logo.svg\",\"contentUrl\":\"https:\/\/koningdrone.be\/wp-content\/uploads\/sites\/13\/2025\/04\/koningdrone-copyright-logo.svg\",\"width\":227,\"height\":38,\"caption\":\"Koningdrone.be\"},\"image\":{\"@id\":\"https:\/\/koningdrone.be\/#\/schema\/logo\/image\/\"}}]}<\/script>\n<!-- \/ Yoast SEO Premium plugin. -->","yoast_head_json":{"title":"DJI Goggles N3 - Refurbished - koningdrone.be","robots":{"index":"index","follow":"follow","max-snippet":"max-snippet:-1","max-image-preview":"max-image-preview:large","max-video-preview":"max-video-preview:-1"},"canonical":"https:\/\/koningdrone.be\/fr\/produit\/dji-goggles-n3\/","og_locale":"fr_FR","og_type":"article","og_title":"DJI Goggles N3 - Refurbished","og_description":"Biedt een meeslepende FPV-ervaring voor een meer boeiende dronevlucht.  Uitgerust met high-definition displays voor kristalheldere beelden.  Ontworpen met een comfortabele pasvorm voor langdurig gebruik.  Met low-latency video transmissie voor vloeiende, real-time weergave.  Compatibel met meerdere DJI drones voor veelzijdig gebruik.","og_url":"https:\/\/koningdrone.be\/fr\/produit\/dji-goggles-n3\/","og_site_name":"koningdrone.be","article_modified_time":"2026-04-29T13:20:15+00:00","og_image":[{"width":1200,"height":800,"url":"https:\/\/koningdrone.be\/wp-content\/uploads\/sites\/13\/2025\/04\/d378d552e37186b93c92b756d1c885f5@large.jpg","type":"image\/jpeg"}],"twitter_card":"summary_large_image","twitter_misc":{"Dur\u00e9e de lecture est.":"2 minutes"},"schema":{"@context":"https:\/\/schema.org","@graph":[{"@type":"WebPage","@id":"https:\/\/koningdrone.be\/product\/dji-goggles-n3\/","url":"https:\/\/koningdrone.be\/product\/dji-goggles-n3\/","name":"DJI Goggles N3 - Refurbished - koningdrone.be","isPartOf":{"@id":"https:\/\/koningdrone.be\/#website"},"primaryImageOfPage":{"@id":"https:\/\/koningdrone.be\/product\/dji-goggles-n3\/#primaryimage"},"image":{"@id":"https:\/\/koningdrone.be\/product\/dji-goggles-n3\/#primaryimage"},"thumbnailUrl":"https:\/\/koningdrone.be\/wp-content\/uploads\/sites\/13\/2025\/04\/d378d552e37186b93c92b756d1c885f5@large.jpg","datePublished":"2024-12-04T11:13:14+00:00","dateModified":"2026-04-29T13:20:15+00:00","breadcrumb":{"@id":"https:\/\/koningdrone.be\/product\/dji-goggles-n3\/#breadcrumb"},"inLanguage":"fr-BE","potentialAction":[{"@type":"ReadAction","target":["https:\/\/koningdrone.be\/product\/dji-goggles-n3\/"]}]},{"@type":"ImageObject","inLanguage":"fr-BE","@id":"https:\/\/koningdrone.be\/product\/dji-goggles-n3\/#primaryimage","url":"https:\/\/koningdrone.be\/wp-content\/uploads\/sites\/13\/2025\/04\/d378d552e37186b93c92b756d1c885f5@large.jpg","contentUrl":"https:\/\/koningdrone.be\/wp-content\/uploads\/sites\/13\/2025\/04\/d378d552e37186b93c92b756d1c885f5@large.jpg","width":1200,"height":800},{"@type":"BreadcrumbList","@id":"https:\/\/koningdrone.be\/product\/dji-goggles-n3\/#breadcrumb","itemListElement":[{"@type":"ListItem","position":1,"name":"Home","item":"https:\/\/koningdrone.be\/"},{"@type":"ListItem","position":2,"name":"AVSS Parachute Recovery System for DJI Matrice 300\/350","item":"https:\/\/koningdrone.be\/product\/avss-parachute-recovery-system-for-dji-matrice-300-350\/"},{"@type":"ListItem","position":3,"name":"Alle producten","item":"https:\/\/koningdrone.be\/categorie\/alle-producten\/"},{"@type":"ListItem","position":4,"name":"DJI Goggles N3 &#8211; Refurbished"}]},{"@type":"WebSite","@id":"https:\/\/koningdrone.be\/#website","url":"https:\/\/koningdrone.be\/","name":"Koningdrone.be - Votre sp\u00e9cialiste en ligne en mati\u00e8re de drones, de cardans, de cam\u00e9ras et de centrales \u00e9lectriques.","description":"La boutique en ligne de drones et de cardans","publisher":{"@id":"https:\/\/koningdrone.be\/#organization"},"potentialAction":[{"@type":"SearchAction","target":{"@type":"EntryPoint","urlTemplate":"https:\/\/koningdrone.be\/?s={search_term_string}"},"query-input":{"@type":"PropertyValueSpecification","valueRequired":true,"valueName":"search_term_string"}}],"inLanguage":"fr-BE"},{"@type":"Organization","@id":"https:\/\/koningdrone.be\/#organization","name":"Kingdrone.co.uk","url":"https:\/\/koningdrone.be\/","logo":{"@type":"ImageObject","inLanguage":"fr-BE","@id":"https:\/\/koningdrone.be\/#\/schema\/logo\/image\/","url":"https:\/\/koningdrone.be\/wp-content\/uploads\/sites\/13\/2025\/04\/koningdrone-copyright-logo.svg","contentUrl":"https:\/\/koningdrone.be\/wp-content\/uploads\/sites\/13\/2025\/04\/koningdrone-copyright-logo.svg","width":227,"height":38,"caption":"Koningdrone.be"},"image":{"@id":"https:\/\/koningdrone.be\/#\/schema\/logo\/image\/"}}]}},"df_price":269,"df_sale_price":"","df_regular_price":269,"df_image_link":"https:\/\/koningdrone.be\/wp-content\/uploads\/sites\/13\/2025\/04\/d378d552e37186b93c92b756d1c885f5@large-300x200.jpg","_links":{"self":[{"href":"https:\/\/koningdrone.be\/fr\/wp-json\/wp\/v2\/product\/1677","targetHints":{"allow":["GET"]}}],"collection":[{"href":"https:\/\/koningdrone.be\/fr\/wp-json\/wp\/v2\/product"}],"about":[{"href":"https:\/\/koningdrone.be\/fr\/wp-json\/wp\/v2\/types\/product"}],"wp:featuredmedia":[{"embeddable":true,"href":"https:\/\/koningdrone.be\/fr\/wp-json\/wp\/v2\/media\/1671"}],"wp:attachment":[{"href":"https:\/\/koningdrone.be\/fr\/wp-json\/wp\/v2\/media?parent=1677"}],"wp:term":[{"taxonomy":"product_brand","embeddable":true,"href":"https:\/\/koningdrone.be\/fr\/wp-json\/wp\/v2\/product_brand?post=1677"},{"taxonomy":"product_cat","embeddable":true,"href":"https:\/\/koningdrone.be\/fr\/wp-json\/wp\/v2\/product_cat?post=1677"},{"taxonomy":"product_tag","embeddable":true,"href":"https:\/\/koningdrone.be\/fr\/wp-json\/wp\/v2\/product_tag?post=1677"}],"curies":[{"name":"wp","href":"https:\/\/api.w.org\/{rel}","templated":true}]}}