{"id":16767,"date":"2026-04-14T16:46:32","date_gmt":"2026-04-14T14:46:32","guid":{"rendered":"https:\/\/koningdrone.be\/?post_type=product&#038;p=16767"},"modified":"2026-04-29T03:50:37","modified_gmt":"2026-04-29T01:50:37","slug":"dji-osmo-diving-anti-loss-lanyard","status":"publish","type":"product","link":"https:\/\/koningdrone.be\/fr\/produit\/dji-osmo-diving-anti-loss-lanyard\/","title":{"rendered":"DJI Osmo Diving Anti Loss Lanyard (lani\u00e8re anti-perte)"},"content":{"rendered":"<h3>DJI Osmo Diving Anti Loss Lanyard (lani\u00e8re anti-perte)<\/h3>\n<p>La dragonne DJI Osmo Diving Anti Loss Lanyard est un ruban d'attache sp\u00e9cialement con\u00e7u pour \u00e9viter la perte de votre cam\u00e9ra d'action lors d'activit\u00e9s nautiques ou de plong\u00e9e. Ce cordon robuste constitue un lien de s\u00e9curit\u00e9 suppl\u00e9mentaire entre votre cam\u00e9ra et votre \u00e9quipement, ce qui est particuli\u00e8rement important lors de la plong\u00e9e avec tuba, de la plong\u00e9e sous-marine ou d'autres activit\u00e9s sur et sous l'eau.<\/p>\n<p style=\"text-align: center\"><a href=\"https:\/\/koningdrone.nl\/wp-content\/uploads\/2026\/03\/DJI-Osmo-Diving-Anti-Lost-Lanyard.webp\"><img loading=\"lazy\" decoding=\"async\" class=\"alignnone size-medium wp-image-466345\" src=\"https:\/\/koningdrone.nl\/wp-content\/uploads\/2026\/03\/DJI-Osmo-Diving-Anti-Lost-Lanyard-300x300.webp\" alt=\"DJI Osmo Diving Anti Lost Lanyard\" width=\"300\" height=\"300\" \/><\/a><\/p>\n<h4>Performance et fonctionnalit\u00e9<\/h4>\n<p>L'objectif de cette dragonne antiperte est de garder votre appareil photo en s\u00e9curit\u00e9 avec vous s'il glisse de votre main ou de votre poign\u00e9e lors de mouvements dynamiques ou sous l'effet de la pression de l'eau. Vous pouvez la connecter \u00e0 des accessoires compatibles, tels que des caissons \u00e9tanches ou des rallonges, afin que l'appareil photo reste attach\u00e9 \u00e0 votre \u00e9quipement et ne se perde pas.<\/p>\n<h4>Qualit\u00e9 de construction et conception<\/h4>\n<p>Fabriqu\u00e9e dans un mat\u00e9riau durable et r\u00e9sistant \u00e0 l'eau douce et sal\u00e9e, cette longe est con\u00e7ue pour une utilisation \u00e0 long terme dans des environnements humides. Sa conception compacte n'ajoute pratiquement aucun poids suppl\u00e9mentaire \u00e0 votre installation, ce qui vous permet de conserver votre libert\u00e9 de mouvement tout en b\u00e9n\u00e9ficiant d'une s\u00e9curit\u00e9 accrue.<\/p>\n<p style=\"text-align: center\"><a href=\"https:\/\/koningdrone.nl\/wp-content\/uploads\/2026\/03\/DJI-Osmo-Diving-Lanyard.webp\"><img loading=\"lazy\" decoding=\"async\" class=\"alignnone size-medium wp-image-466344\" src=\"https:\/\/koningdrone.nl\/wp-content\/uploads\/2026\/03\/DJI-Osmo-Diving-Lanyard-300x300.webp\" alt=\"DJI Osmo Diving Lanyard\" width=\"300\" height=\"300\" \/><\/a><\/p>\n<h4>Pourquoi vous en avez besoin<\/h4>\n<p>Lorsque vous utilisez votre cam\u00e9ra d'action DJI Osmo pendant les sports nautiques, elle peut facilement glisser de votre main en raison des courants ou des mouvements. La dragonne DJI Osmo Diving Anti Loss Lanyard r\u00e9duit le risque de perte et maintient votre cam\u00e9ra solidement attach\u00e9e \u00e0 votre \u00e9quipement, afin que vous puissiez vous concentrer sur l'enregistrement de vos aventures en toute tranquillit\u00e9.<\/p>","protected":false},"excerpt":{"rendered":"<ul>\n<li>Offre une protection suppl\u00e9mentaire \u00e0 votre appareil photo lors de prises de vue sous-marines ou d'activit\u00e9s en mouvement.<\/li>\n<li>Compatible avec les bo\u00eetiers de plong\u00e9e et les bo\u00eetiers \u00e9tanches pour \u00e9viter les pertes accidentelles.<\/li>\n<li>Fabriqu\u00e9 en mat\u00e9riaux durables et r\u00e9sistants \u00e0 l'eau, il convient aux environnements humides et sal\u00e9s.<\/li>\n<li>L\u00e9ger et compact, il offre une s\u00e9curit\u00e9 suppl\u00e9mentaire sans entraver les mouvements.<\/li>\n<li>Accessoire officiel de DJI, con\u00e7u pour une int\u00e9gration transparente avec d'autres \u00e9quipements Osmo.<\/li>\n<\/ul>","protected":false},"featured_media":16763,"template":"","meta":{"_acf_changed":false},"product_brand":[],"product_cat":[297],"product_tag":[],"class_list":{"0":"post-16767","1":"product","2":"type-product","3":"status-publish","4":"has-post-thumbnail","6":"product_cat-dji-osmo","7":"product_shipping_class-acsystemsall","8":"pa_brand-dji","9":"pa_producttype-accessoire","10":"pa_series-osmo","12":"first","13":"instock","14":"taxable","15":"shipping-taxable","16":"purchasable","17":"product-type-simple"},"acf":[],"yoast_head":"<!-- This site is optimized with the Yoast SEO Premium plugin v27.2 (Yoast SEO v27.2) - https:\/\/yoast.com\/product\/yoast-seo-premium-wordpress\/ -->\n<title>DJI Osmo Diving Anti Loss Lanyard - koningdrone.be<\/title>\n<meta name=\"robots\" content=\"index, follow, max-snippet:-1, max-image-preview:large, max-video-preview:-1\" \/>\n<link rel=\"canonical\" href=\"https:\/\/koningdrone.be\/fr\/produit\/dji-osmo-diving-anti-loss-lanyard\/\" \/>\n<meta property=\"og:locale\" content=\"fr_FR\" \/>\n<meta property=\"og:type\" content=\"article\" \/>\n<meta property=\"og:title\" content=\"DJI Osmo Diving Anti Loss Lanyard\" \/>\n<meta property=\"og:description\" content=\"Biedt extra bescherming voor uw camera tijdens onderwateropnames of bewegende activiteiten.  Compatibel met duikbehuizingen en waterdichte behuizingen om onbedoeld verlies te helpen voorkomen.  Gemaakt van duurzame, waterbestendige materialen die geschikt zijn voor natte en zoute omgevingen.  Lichtgewicht en compact, zodat het extra veiligheid biedt zonder bewegingen te belemmeren.  Officieel DJI-accessoire, ontworpen voor naadloze integratie met andere Osmo-apparatuur.\" \/>\n<meta property=\"og:url\" content=\"https:\/\/koningdrone.be\/fr\/produit\/dji-osmo-diving-anti-loss-lanyard\/\" \/>\n<meta property=\"og:site_name\" content=\"koningdrone.be\" \/>\n<meta property=\"article:modified_time\" content=\"2026-04-29T01:50:37+00:00\" \/>\n<meta property=\"og:image\" content=\"https:\/\/koningdrone.be\/wp-content\/uploads\/sites\/13\/2026\/03\/Osmo-Diving-Lanyard.webp\" \/>\n\t<meta property=\"og:image:width\" content=\"2048\" \/>\n\t<meta property=\"og:image:height\" content=\"2048\" \/>\n\t<meta property=\"og:image:type\" content=\"image\/webp\" \/>\n<meta name=\"twitter:card\" content=\"summary_large_image\" \/>\n<meta name=\"twitter:label1\" content=\"Dur\u00e9e de lecture est.\" \/>\n\t<meta name=\"twitter:data1\" content=\"1 minute\" \/>\n<script type=\"application\/ld+json\" class=\"yoast-schema-graph\">{\"@context\":\"https:\/\/schema.org\",\"@graph\":[{\"@type\":\"WebPage\",\"@id\":\"https:\/\/koningdrone.be\/product\/dji-osmo-diving-anti-loss-lanyard\/\",\"url\":\"https:\/\/koningdrone.be\/product\/dji-osmo-diving-anti-loss-lanyard\/\",\"name\":\"DJI Osmo Diving Anti Loss Lanyard - koningdrone.be\",\"isPartOf\":{\"@id\":\"https:\/\/koningdrone.be\/#website\"},\"primaryImageOfPage\":{\"@id\":\"https:\/\/koningdrone.be\/product\/dji-osmo-diving-anti-loss-lanyard\/#primaryimage\"},\"image\":{\"@id\":\"https:\/\/koningdrone.be\/product\/dji-osmo-diving-anti-loss-lanyard\/#primaryimage\"},\"thumbnailUrl\":\"https:\/\/koningdrone.be\/wp-content\/uploads\/sites\/13\/2026\/03\/Osmo-Diving-Lanyard.webp\",\"datePublished\":\"2026-04-14T14:46:32+00:00\",\"dateModified\":\"2026-04-29T01:50:37+00:00\",\"breadcrumb\":{\"@id\":\"https:\/\/koningdrone.be\/product\/dji-osmo-diving-anti-loss-lanyard\/#breadcrumb\"},\"inLanguage\":\"fr-BE\",\"potentialAction\":[{\"@type\":\"ReadAction\",\"target\":[\"https:\/\/koningdrone.be\/product\/dji-osmo-diving-anti-loss-lanyard\/\"]}]},{\"@type\":\"ImageObject\",\"inLanguage\":\"fr-BE\",\"@id\":\"https:\/\/koningdrone.be\/product\/dji-osmo-diving-anti-loss-lanyard\/#primaryimage\",\"url\":\"https:\/\/koningdrone.be\/wp-content\/uploads\/sites\/13\/2026\/03\/Osmo-Diving-Lanyard.webp\",\"contentUrl\":\"https:\/\/koningdrone.be\/wp-content\/uploads\/sites\/13\/2026\/03\/Osmo-Diving-Lanyard.webp\",\"width\":2048,\"height\":2048},{\"@type\":\"BreadcrumbList\",\"@id\":\"https:\/\/koningdrone.be\/product\/dji-osmo-diving-anti-loss-lanyard\/#breadcrumb\",\"itemListElement\":[{\"@type\":\"ListItem\",\"position\":1,\"name\":\"Home\",\"item\":\"https:\/\/koningdrone.be\/\"},{\"@type\":\"ListItem\",\"position\":2,\"name\":\"AVSS Parachute Recovery System for DJI Matrice 300\/350\",\"item\":\"https:\/\/koningdrone.be\/product\/avss-parachute-recovery-system-for-dji-matrice-300-350\/\"},{\"@type\":\"ListItem\",\"position\":3,\"name\":\"DJI Osmo\",\"item\":\"https:\/\/koningdrone.be\/categorie\/dji-osmo\/\"},{\"@type\":\"ListItem\",\"position\":4,\"name\":\"DJI Osmo Diving Anti Loss Lanyard\"}]},{\"@type\":\"WebSite\",\"@id\":\"https:\/\/koningdrone.be\/#website\",\"url\":\"https:\/\/koningdrone.be\/\",\"name\":\"Koningdrone.be - Uw online specialist in drones, gimbals, camera's en power stations.\",\"description\":\"De webshop in drones en gimbals\",\"publisher\":{\"@id\":\"https:\/\/koningdrone.be\/#organization\"},\"potentialAction\":[{\"@type\":\"SearchAction\",\"target\":{\"@type\":\"EntryPoint\",\"urlTemplate\":\"https:\/\/koningdrone.be\/?s={search_term_string}\"},\"query-input\":{\"@type\":\"PropertyValueSpecification\",\"valueRequired\":true,\"valueName\":\"search_term_string\"}}],\"inLanguage\":\"fr-BE\"},{\"@type\":\"Organization\",\"@id\":\"https:\/\/koningdrone.be\/#organization\",\"name\":\"Koningdrone.be\",\"url\":\"https:\/\/koningdrone.be\/\",\"logo\":{\"@type\":\"ImageObject\",\"inLanguage\":\"fr-BE\",\"@id\":\"https:\/\/koningdrone.be\/#\/schema\/logo\/image\/\",\"url\":\"https:\/\/koningdrone.be\/wp-content\/uploads\/sites\/13\/2025\/04\/koningdrone-copyright-logo.svg\",\"contentUrl\":\"https:\/\/koningdrone.be\/wp-content\/uploads\/sites\/13\/2025\/04\/koningdrone-copyright-logo.svg\",\"width\":227,\"height\":38,\"caption\":\"Koningdrone.be\"},\"image\":{\"@id\":\"https:\/\/koningdrone.be\/#\/schema\/logo\/image\/\"}}]}<\/script>\n<!-- \/ Yoast SEO Premium plugin. -->","yoast_head_json":{"title":"DJI Osmo Diving Anti Loss Lanyard - koningdrone.be","robots":{"index":"index","follow":"follow","max-snippet":"max-snippet:-1","max-image-preview":"max-image-preview:large","max-video-preview":"max-video-preview:-1"},"canonical":"https:\/\/koningdrone.be\/fr\/produit\/dji-osmo-diving-anti-loss-lanyard\/","og_locale":"fr_FR","og_type":"article","og_title":"DJI Osmo Diving Anti Loss Lanyard","og_description":"Biedt extra bescherming voor uw camera tijdens onderwateropnames of bewegende activiteiten.  Compatibel met duikbehuizingen en waterdichte behuizingen om onbedoeld verlies te helpen voorkomen.  Gemaakt van duurzame, waterbestendige materialen die geschikt zijn voor natte en zoute omgevingen.  Lichtgewicht en compact, zodat het extra veiligheid biedt zonder bewegingen te belemmeren.  Officieel DJI-accessoire, ontworpen voor naadloze integratie met andere Osmo-apparatuur.","og_url":"https:\/\/koningdrone.be\/fr\/produit\/dji-osmo-diving-anti-loss-lanyard\/","og_site_name":"koningdrone.be","article_modified_time":"2026-04-29T01:50:37+00:00","og_image":[{"width":2048,"height":2048,"url":"https:\/\/koningdrone.be\/wp-content\/uploads\/sites\/13\/2026\/03\/Osmo-Diving-Lanyard.webp","type":"image\/webp"}],"twitter_card":"summary_large_image","twitter_misc":{"Dur\u00e9e de lecture est.":"1 minute"},"schema":{"@context":"https:\/\/schema.org","@graph":[{"@type":"WebPage","@id":"https:\/\/koningdrone.be\/product\/dji-osmo-diving-anti-loss-lanyard\/","url":"https:\/\/koningdrone.be\/product\/dji-osmo-diving-anti-loss-lanyard\/","name":"DJI Osmo Diving Anti Loss Lanyard - koningdrone.be","isPartOf":{"@id":"https:\/\/koningdrone.be\/#website"},"primaryImageOfPage":{"@id":"https:\/\/koningdrone.be\/product\/dji-osmo-diving-anti-loss-lanyard\/#primaryimage"},"image":{"@id":"https:\/\/koningdrone.be\/product\/dji-osmo-diving-anti-loss-lanyard\/#primaryimage"},"thumbnailUrl":"https:\/\/koningdrone.be\/wp-content\/uploads\/sites\/13\/2026\/03\/Osmo-Diving-Lanyard.webp","datePublished":"2026-04-14T14:46:32+00:00","dateModified":"2026-04-29T01:50:37+00:00","breadcrumb":{"@id":"https:\/\/koningdrone.be\/product\/dji-osmo-diving-anti-loss-lanyard\/#breadcrumb"},"inLanguage":"fr-BE","potentialAction":[{"@type":"ReadAction","target":["https:\/\/koningdrone.be\/product\/dji-osmo-diving-anti-loss-lanyard\/"]}]},{"@type":"ImageObject","inLanguage":"fr-BE","@id":"https:\/\/koningdrone.be\/product\/dji-osmo-diving-anti-loss-lanyard\/#primaryimage","url":"https:\/\/koningdrone.be\/wp-content\/uploads\/sites\/13\/2026\/03\/Osmo-Diving-Lanyard.webp","contentUrl":"https:\/\/koningdrone.be\/wp-content\/uploads\/sites\/13\/2026\/03\/Osmo-Diving-Lanyard.webp","width":2048,"height":2048},{"@type":"BreadcrumbList","@id":"https:\/\/koningdrone.be\/product\/dji-osmo-diving-anti-loss-lanyard\/#breadcrumb","itemListElement":[{"@type":"ListItem","position":1,"name":"Home","item":"https:\/\/koningdrone.be\/"},{"@type":"ListItem","position":2,"name":"AVSS Parachute Recovery System for DJI Matrice 300\/350","item":"https:\/\/koningdrone.be\/product\/avss-parachute-recovery-system-for-dji-matrice-300-350\/"},{"@type":"ListItem","position":3,"name":"DJI Osmo","item":"https:\/\/koningdrone.be\/categorie\/dji-osmo\/"},{"@type":"ListItem","position":4,"name":"DJI Osmo Diving Anti Loss Lanyard"}]},{"@type":"WebSite","@id":"https:\/\/koningdrone.be\/#website","url":"https:\/\/koningdrone.be\/","name":"Koningdrone.be - Votre sp\u00e9cialiste en ligne en mati\u00e8re de drones, de cardans, de cam\u00e9ras et de centrales \u00e9lectriques.","description":"La boutique en ligne de drones et de cardans","publisher":{"@id":"https:\/\/koningdrone.be\/#organization"},"potentialAction":[{"@type":"SearchAction","target":{"@type":"EntryPoint","urlTemplate":"https:\/\/koningdrone.be\/?s={search_term_string}"},"query-input":{"@type":"PropertyValueSpecification","valueRequired":true,"valueName":"search_term_string"}}],"inLanguage":"fr-BE"},{"@type":"Organization","@id":"https:\/\/koningdrone.be\/#organization","name":"Kingdrone.co.uk","url":"https:\/\/koningdrone.be\/","logo":{"@type":"ImageObject","inLanguage":"fr-BE","@id":"https:\/\/koningdrone.be\/#\/schema\/logo\/image\/","url":"https:\/\/koningdrone.be\/wp-content\/uploads\/sites\/13\/2025\/04\/koningdrone-copyright-logo.svg","contentUrl":"https:\/\/koningdrone.be\/wp-content\/uploads\/sites\/13\/2025\/04\/koningdrone-copyright-logo.svg","width":227,"height":38,"caption":"Koningdrone.be"},"image":{"@id":"https:\/\/koningdrone.be\/#\/schema\/logo\/image\/"}}]}},"df_price":26,"df_sale_price":"","df_regular_price":26,"df_image_link":"https:\/\/koningdrone.be\/wp-content\/uploads\/sites\/13\/2026\/03\/Osmo-Diving-Lanyard-300x300.webp","_links":{"self":[{"href":"https:\/\/koningdrone.be\/fr\/wp-json\/wp\/v2\/product\/16767","targetHints":{"allow":["GET"]}}],"collection":[{"href":"https:\/\/koningdrone.be\/fr\/wp-json\/wp\/v2\/product"}],"about":[{"href":"https:\/\/koningdrone.be\/fr\/wp-json\/wp\/v2\/types\/product"}],"wp:featuredmedia":[{"embeddable":true,"href":"https:\/\/koningdrone.be\/fr\/wp-json\/wp\/v2\/media\/16763"}],"wp:attachment":[{"href":"https:\/\/koningdrone.be\/fr\/wp-json\/wp\/v2\/media?parent=16767"}],"wp:term":[{"taxonomy":"product_brand","embeddable":true,"href":"https:\/\/koningdrone.be\/fr\/wp-json\/wp\/v2\/product_brand?post=16767"},{"taxonomy":"product_cat","embeddable":true,"href":"https:\/\/koningdrone.be\/fr\/wp-json\/wp\/v2\/product_cat?post=16767"},{"taxonomy":"product_tag","embeddable":true,"href":"https:\/\/koningdrone.be\/fr\/wp-json\/wp\/v2\/product_tag?post=16767"}],"curies":[{"name":"wp","href":"https:\/\/api.w.org\/{rel}","templated":true}]}}