{"id":16665,"date":"2026-03-05T16:41:01","date_gmt":"2026-03-05T15:41:01","guid":{"rendered":"https:\/\/koningdrone.be\/?post_type=product&#038;p=16665"},"modified":"2026-04-29T03:50:36","modified_gmt":"2026-04-29T01:50:36","slug":"dji-osmo-multifunctional-bike-mount-kit-voor-geintegreerde-sturen","status":"publish","type":"product","link":"https:\/\/koningdrone.be\/fr\/produit\/dji-osmo-multifunctional-bike-mount-kit-voor-geintegreerde-sturen\/","title":{"rendered":"DJI Osmo Multifunctional Bike Mount Kit (pour guidon int\u00e9gr\u00e9)"},"content":{"rendered":"<h3>DJI Osmo Multifunctional Bike Mount Kit (pour guidon int\u00e9gr\u00e9)<\/h3>\n<p>Le DJI Osmo Multifunctional Bike Mount Kit (For Integrated Handlebars) est un support de v\u00e9lo sp\u00e9cialement con\u00e7u pour fixer solidement votre cam\u00e9ra DJI Osmo 360 sur les guidons int\u00e9gr\u00e9s des v\u00e9los de course et de sport. Cet accessoire fournit une base fiable pour capturer des images \u00e0 360\u00b0 pendant vos sorties. Il est id\u00e9al pour les cyclistes qui souhaitent capturer des images professionnelles et dynamiques sans compromettre le confort de conduite ou la stabilit\u00e9.<a href=\"https:\/\/koningdrone.nl\/wp-content\/uploads\/2026\/03\/DJI-Osmo-Multifunctional-Bike-Mount-Kit-Voor-Geintegreerde-Sturen.webp\"><img loading=\"lazy\" decoding=\"async\" class=\"size-medium wp-image-466301 aligncenter\" src=\"https:\/\/koningdrone.nl\/wp-content\/uploads\/2026\/03\/DJI-Osmo-Multifunctional-Bike-Mount-Kit-Voor-Geintegreerde-Sturen-300x300.webp\" alt=\"DJI Osmo Multifunctional Bike Mount Kit Voor Ge\u00efntegreerde Sturen\" width=\"300\" height=\"300\" \/><\/a><\/p>\n<h4>Performance et fonctionnalit\u00e9<\/h4>\n<p>Ce support polyvalent utilise un filetage 1\/4\u2033 int\u00e9gr\u00e9 dans lequel vous fixez la tige en fibre de carbone de 28 cm incluse, ce qui vous permet de capturer des images panoramiques \u00e0 une distance optimale du guidon. La partie sup\u00e9rieure du kit comprend un support pour votre ordinateur de v\u00e9lo afin que vous puissiez visualiser les donn\u00e9es en temps r\u00e9el, tandis que la partie inf\u00e9rieure comporte un support \u00e0 trois broches pour fixer rapidement une cam\u00e9ra d'action ou un \u00e9clairage de v\u00e9lo.<\/p>\n<p>&nbsp;<\/p>\n<h4>Qualit\u00e9 de construction et conception<\/h4>\n<p>Fabriqu\u00e9 \u00e0 partir de mat\u00e9riaux robustes et l\u00e9gers capables de r\u00e9sister aux chocs et aux vibrations en cas d'utilisation intensive, ce support constitue une solution durable pour les prises de vue en ext\u00e9rieur. Le kit est facile \u00e0 monter et \u00e0 d\u00e9monter, ce qui le rend adapt\u00e9 aux trajets quotidiens et aux voyages d'aventure.<a href=\"https:\/\/koningdrone.nl\/wp-content\/uploads\/2026\/03\/DJI-Osmo-Multifunctional-360-Bike-Tube-Mount-Kit.webp\"><img loading=\"lazy\" decoding=\"async\" class=\"size-medium wp-image-466223 aligncenter\" src=\"https:\/\/koningdrone.nl\/wp-content\/uploads\/2026\/03\/DJI-Osmo-Multifunctional-360-Bike-Tube-Mount-Kit-300x300.webp\" alt=\"DJI Osmo Multifunctional 360 Bike Tube Mount Kit\" width=\"300\" height=\"300\" \/><\/a><\/p>\n<h4>Pourquoi vous en avez besoin<\/h4>\n<p>Si vous souhaitez capturer des images \u00e0 360\u00b0 de haute qualit\u00e9 de vos aventures \u00e0 v\u00e9lo avec un syst\u00e8me de montage stable et fiable, ce kit est un compl\u00e9ment pr\u00e9cieux. Les options de montage flexibles et les fonctions polyvalentes vous permettent d'immortaliser chaque instant sans probl\u00e8me.<\/p>","protected":false},"excerpt":{"rendered":"<ul>\n<li>Sp\u00e9cialement con\u00e7u pour les guidons int\u00e9gr\u00e9s, pour une fixation s\u00fbre et stable pendant que vous filmez vos promenades \u00e0 v\u00e9lo.<\/li>\n<li>Utilise un raccord filet\u00e9 de 1\/4 de pouce pour fixer la tige droite en fibre de carbone de 28 cm de long incluse pour des prises de vue dynamiques \u00e0 360\u00b0.<\/li>\n<li>Comprend un support int\u00e9gr\u00e9 pour l'ordinateur de v\u00e9lo, qui vous permet de consulter vos donn\u00e9es pendant que vous filmez.<\/li>\n<li>La fixation inf\u00e9rieure \u00e0 trois points supporte les cam\u00e9ras d'action ou les \u00e9clairages de v\u00e9lo pour des installations polyvalentes.<\/li>\n<li>Construction l\u00e9g\u00e8re et durable qui fonctionne bien sur les routes pav\u00e9es et glissantes.<\/li>\n<\/ul>","protected":false},"featured_media":16658,"template":"","meta":{"_acf_changed":false},"product_brand":[],"product_cat":[297],"product_tag":[],"class_list":{"0":"post-16665","1":"product","2":"type-product","3":"status-publish","4":"has-post-thumbnail","6":"product_cat-dji-osmo","7":"product_shipping_class-acsystemsall","8":"pa_brand-dji","9":"pa_producttype-bevestiging","10":"pa_series-osmo","12":"first","13":"instock","14":"taxable","15":"shipping-taxable","16":"purchasable","17":"product-type-simple"},"acf":[],"yoast_head":"<!-- This site is optimized with the Yoast SEO Premium plugin v27.2 (Yoast SEO v27.2) - https:\/\/yoast.com\/product\/yoast-seo-premium-wordpress\/ -->\n<title>DJI Osmo Multifunctional Bike Mount Kit (Voor Ge\u00efntegreerde Sturen) - koningdrone.be<\/title>\n<meta name=\"robots\" content=\"index, follow, max-snippet:-1, max-image-preview:large, max-video-preview:-1\" \/>\n<link rel=\"canonical\" href=\"https:\/\/koningdrone.be\/fr\/produit\/dji-osmo-multifunctional-bike-mount-kit-voor-geintegreerde-sturen\/\" \/>\n<meta property=\"og:locale\" content=\"fr_FR\" \/>\n<meta property=\"og:type\" content=\"article\" \/>\n<meta property=\"og:title\" content=\"DJI Osmo Multifunctional Bike Mount Kit (Voor Ge\u00efntegreerde Sturen)\" \/>\n<meta property=\"og:description\" content=\"Speciaal ontworpen voor ge\u00efntegreerde sturen, voor een veilige en stabiele bevestiging tijdens het filmen van uw fietstochten.  Maakt gebruik van een 1\/4-inch schroefdraadverbinding om de meegeleverde 28 cm lange rechte koolstofvezelstang te bevestigen voor dynamische 360\u00b0-opnames.  Beschikt over een ingebouwde fietscomputerhouder, zodat u tijdens het filmen uw ritgegevens kunt bekijken.  De driepuntsbevestiging aan de onderkant ondersteunt actiecamera&#039;s of fietsverlichting voor veelzijdige opstellingen.  Lichtgewicht en duurzame constructie die goed presteert op verharde en gladde wegen.\" \/>\n<meta property=\"og:url\" content=\"https:\/\/koningdrone.be\/fr\/produit\/dji-osmo-multifunctional-bike-mount-kit-voor-geintegreerde-sturen\/\" \/>\n<meta property=\"og:site_name\" content=\"koningdrone.be\" \/>\n<meta property=\"article:modified_time\" content=\"2026-04-29T01:50:36+00:00\" \/>\n<meta property=\"og:image\" content=\"https:\/\/koningdrone.be\/wp-content\/uploads\/sites\/13\/2026\/03\/Osmo-Multifunctional-Bike-Mount-Kit.webp\" \/>\n\t<meta property=\"og:image:width\" content=\"2048\" \/>\n\t<meta property=\"og:image:height\" content=\"2048\" \/>\n\t<meta property=\"og:image:type\" content=\"image\/webp\" \/>\n<meta name=\"twitter:card\" content=\"summary_large_image\" \/>\n<meta name=\"twitter:label1\" content=\"Dur\u00e9e de lecture est.\" \/>\n\t<meta name=\"twitter:data1\" content=\"1 minute\" \/>\n<script type=\"application\/ld+json\" class=\"yoast-schema-graph\">{\"@context\":\"https:\/\/schema.org\",\"@graph\":[{\"@type\":\"WebPage\",\"@id\":\"https:\/\/koningdrone.be\/product\/dji-osmo-multifunctional-bike-mount-kit-voor-geintegreerde-sturen\/\",\"url\":\"https:\/\/koningdrone.be\/product\/dji-osmo-multifunctional-bike-mount-kit-voor-geintegreerde-sturen\/\",\"name\":\"DJI Osmo Multifunctional Bike Mount Kit (Voor Ge\u00efntegreerde Sturen) - koningdrone.be\",\"isPartOf\":{\"@id\":\"https:\/\/koningdrone.be\/#website\"},\"primaryImageOfPage\":{\"@id\":\"https:\/\/koningdrone.be\/product\/dji-osmo-multifunctional-bike-mount-kit-voor-geintegreerde-sturen\/#primaryimage\"},\"image\":{\"@id\":\"https:\/\/koningdrone.be\/product\/dji-osmo-multifunctional-bike-mount-kit-voor-geintegreerde-sturen\/#primaryimage\"},\"thumbnailUrl\":\"https:\/\/koningdrone.be\/wp-content\/uploads\/sites\/13\/2026\/03\/Osmo-Multifunctional-Bike-Mount-Kit.webp\",\"datePublished\":\"2026-03-05T15:41:01+00:00\",\"dateModified\":\"2026-04-29T01:50:36+00:00\",\"breadcrumb\":{\"@id\":\"https:\/\/koningdrone.be\/product\/dji-osmo-multifunctional-bike-mount-kit-voor-geintegreerde-sturen\/#breadcrumb\"},\"inLanguage\":\"fr-BE\",\"potentialAction\":[{\"@type\":\"ReadAction\",\"target\":[\"https:\/\/koningdrone.be\/product\/dji-osmo-multifunctional-bike-mount-kit-voor-geintegreerde-sturen\/\"]}]},{\"@type\":\"ImageObject\",\"inLanguage\":\"fr-BE\",\"@id\":\"https:\/\/koningdrone.be\/product\/dji-osmo-multifunctional-bike-mount-kit-voor-geintegreerde-sturen\/#primaryimage\",\"url\":\"https:\/\/koningdrone.be\/wp-content\/uploads\/sites\/13\/2026\/03\/Osmo-Multifunctional-Bike-Mount-Kit.webp\",\"contentUrl\":\"https:\/\/koningdrone.be\/wp-content\/uploads\/sites\/13\/2026\/03\/Osmo-Multifunctional-Bike-Mount-Kit.webp\",\"width\":2048,\"height\":2048},{\"@type\":\"BreadcrumbList\",\"@id\":\"https:\/\/koningdrone.be\/product\/dji-osmo-multifunctional-bike-mount-kit-voor-geintegreerde-sturen\/#breadcrumb\",\"itemListElement\":[{\"@type\":\"ListItem\",\"position\":1,\"name\":\"Home\",\"item\":\"https:\/\/koningdrone.be\/\"},{\"@type\":\"ListItem\",\"position\":2,\"name\":\"AVSS Parachute Recovery System for DJI Matrice 300\/350\",\"item\":\"https:\/\/koningdrone.be\/product\/avss-parachute-recovery-system-for-dji-matrice-300-350\/\"},{\"@type\":\"ListItem\",\"position\":3,\"name\":\"DJI Osmo\",\"item\":\"https:\/\/koningdrone.be\/categorie\/dji-osmo\/\"},{\"@type\":\"ListItem\",\"position\":4,\"name\":\"DJI Osmo Multifunctional Bike Mount Kit (Voor Ge\u00efntegreerde Sturen)\"}]},{\"@type\":\"WebSite\",\"@id\":\"https:\/\/koningdrone.be\/#website\",\"url\":\"https:\/\/koningdrone.be\/\",\"name\":\"Koningdrone.be - Uw online specialist in drones, gimbals, camera's en power stations.\",\"description\":\"De webshop in drones en gimbals\",\"publisher\":{\"@id\":\"https:\/\/koningdrone.be\/#organization\"},\"potentialAction\":[{\"@type\":\"SearchAction\",\"target\":{\"@type\":\"EntryPoint\",\"urlTemplate\":\"https:\/\/koningdrone.be\/?s={search_term_string}\"},\"query-input\":{\"@type\":\"PropertyValueSpecification\",\"valueRequired\":true,\"valueName\":\"search_term_string\"}}],\"inLanguage\":\"fr-BE\"},{\"@type\":\"Organization\",\"@id\":\"https:\/\/koningdrone.be\/#organization\",\"name\":\"Koningdrone.be\",\"url\":\"https:\/\/koningdrone.be\/\",\"logo\":{\"@type\":\"ImageObject\",\"inLanguage\":\"fr-BE\",\"@id\":\"https:\/\/koningdrone.be\/#\/schema\/logo\/image\/\",\"url\":\"https:\/\/koningdrone.be\/wp-content\/uploads\/sites\/13\/2025\/04\/koningdrone-copyright-logo.svg\",\"contentUrl\":\"https:\/\/koningdrone.be\/wp-content\/uploads\/sites\/13\/2025\/04\/koningdrone-copyright-logo.svg\",\"width\":227,\"height\":38,\"caption\":\"Koningdrone.be\"},\"image\":{\"@id\":\"https:\/\/koningdrone.be\/#\/schema\/logo\/image\/\"}}]}<\/script>\n<!-- \/ Yoast SEO Premium plugin. -->","yoast_head_json":{"title":"DJI Osmo Multifunctional Bike Mount Kit (Voor Ge\u00efntegreerde Sturen) - koningdrone.be","robots":{"index":"index","follow":"follow","max-snippet":"max-snippet:-1","max-image-preview":"max-image-preview:large","max-video-preview":"max-video-preview:-1"},"canonical":"https:\/\/koningdrone.be\/fr\/produit\/dji-osmo-multifunctional-bike-mount-kit-voor-geintegreerde-sturen\/","og_locale":"fr_FR","og_type":"article","og_title":"DJI Osmo Multifunctional Bike Mount Kit (Voor Ge\u00efntegreerde Sturen)","og_description":"Speciaal ontworpen voor ge\u00efntegreerde sturen, voor een veilige en stabiele bevestiging tijdens het filmen van uw fietstochten.  Maakt gebruik van een 1\/4-inch schroefdraadverbinding om de meegeleverde 28 cm lange rechte koolstofvezelstang te bevestigen voor dynamische 360\u00b0-opnames.  Beschikt over een ingebouwde fietscomputerhouder, zodat u tijdens het filmen uw ritgegevens kunt bekijken.  De driepuntsbevestiging aan de onderkant ondersteunt actiecamera's of fietsverlichting voor veelzijdige opstellingen.  Lichtgewicht en duurzame constructie die goed presteert op verharde en gladde wegen.","og_url":"https:\/\/koningdrone.be\/fr\/produit\/dji-osmo-multifunctional-bike-mount-kit-voor-geintegreerde-sturen\/","og_site_name":"koningdrone.be","article_modified_time":"2026-04-29T01:50:36+00:00","og_image":[{"width":2048,"height":2048,"url":"https:\/\/koningdrone.be\/wp-content\/uploads\/sites\/13\/2026\/03\/Osmo-Multifunctional-Bike-Mount-Kit.webp","type":"image\/webp"}],"twitter_card":"summary_large_image","twitter_misc":{"Dur\u00e9e de lecture est.":"1 minute"},"schema":{"@context":"https:\/\/schema.org","@graph":[{"@type":"WebPage","@id":"https:\/\/koningdrone.be\/product\/dji-osmo-multifunctional-bike-mount-kit-voor-geintegreerde-sturen\/","url":"https:\/\/koningdrone.be\/product\/dji-osmo-multifunctional-bike-mount-kit-voor-geintegreerde-sturen\/","name":"DJI Osmo Multifunctional Bike Mount Kit (Voor Ge\u00efntegreerde Sturen) - koningdrone.be","isPartOf":{"@id":"https:\/\/koningdrone.be\/#website"},"primaryImageOfPage":{"@id":"https:\/\/koningdrone.be\/product\/dji-osmo-multifunctional-bike-mount-kit-voor-geintegreerde-sturen\/#primaryimage"},"image":{"@id":"https:\/\/koningdrone.be\/product\/dji-osmo-multifunctional-bike-mount-kit-voor-geintegreerde-sturen\/#primaryimage"},"thumbnailUrl":"https:\/\/koningdrone.be\/wp-content\/uploads\/sites\/13\/2026\/03\/Osmo-Multifunctional-Bike-Mount-Kit.webp","datePublished":"2026-03-05T15:41:01+00:00","dateModified":"2026-04-29T01:50:36+00:00","breadcrumb":{"@id":"https:\/\/koningdrone.be\/product\/dji-osmo-multifunctional-bike-mount-kit-voor-geintegreerde-sturen\/#breadcrumb"},"inLanguage":"fr-BE","potentialAction":[{"@type":"ReadAction","target":["https:\/\/koningdrone.be\/product\/dji-osmo-multifunctional-bike-mount-kit-voor-geintegreerde-sturen\/"]}]},{"@type":"ImageObject","inLanguage":"fr-BE","@id":"https:\/\/koningdrone.be\/product\/dji-osmo-multifunctional-bike-mount-kit-voor-geintegreerde-sturen\/#primaryimage","url":"https:\/\/koningdrone.be\/wp-content\/uploads\/sites\/13\/2026\/03\/Osmo-Multifunctional-Bike-Mount-Kit.webp","contentUrl":"https:\/\/koningdrone.be\/wp-content\/uploads\/sites\/13\/2026\/03\/Osmo-Multifunctional-Bike-Mount-Kit.webp","width":2048,"height":2048},{"@type":"BreadcrumbList","@id":"https:\/\/koningdrone.be\/product\/dji-osmo-multifunctional-bike-mount-kit-voor-geintegreerde-sturen\/#breadcrumb","itemListElement":[{"@type":"ListItem","position":1,"name":"Home","item":"https:\/\/koningdrone.be\/"},{"@type":"ListItem","position":2,"name":"AVSS Parachute Recovery System for DJI Matrice 300\/350","item":"https:\/\/koningdrone.be\/product\/avss-parachute-recovery-system-for-dji-matrice-300-350\/"},{"@type":"ListItem","position":3,"name":"DJI Osmo","item":"https:\/\/koningdrone.be\/categorie\/dji-osmo\/"},{"@type":"ListItem","position":4,"name":"DJI Osmo Multifunctional Bike Mount Kit (Voor Ge\u00efntegreerde Sturen)"}]},{"@type":"WebSite","@id":"https:\/\/koningdrone.be\/#website","url":"https:\/\/koningdrone.be\/","name":"Koningdrone.be - Votre sp\u00e9cialiste en ligne en mati\u00e8re de drones, de cardans, de cam\u00e9ras et de centrales \u00e9lectriques.","description":"La boutique en ligne de drones et de cardans","publisher":{"@id":"https:\/\/koningdrone.be\/#organization"},"potentialAction":[{"@type":"SearchAction","target":{"@type":"EntryPoint","urlTemplate":"https:\/\/koningdrone.be\/?s={search_term_string}"},"query-input":{"@type":"PropertyValueSpecification","valueRequired":true,"valueName":"search_term_string"}}],"inLanguage":"fr-BE"},{"@type":"Organization","@id":"https:\/\/koningdrone.be\/#organization","name":"Kingdrone.co.uk","url":"https:\/\/koningdrone.be\/","logo":{"@type":"ImageObject","inLanguage":"fr-BE","@id":"https:\/\/koningdrone.be\/#\/schema\/logo\/image\/","url":"https:\/\/koningdrone.be\/wp-content\/uploads\/sites\/13\/2025\/04\/koningdrone-copyright-logo.svg","contentUrl":"https:\/\/koningdrone.be\/wp-content\/uploads\/sites\/13\/2025\/04\/koningdrone-copyright-logo.svg","width":227,"height":38,"caption":"Koningdrone.be"},"image":{"@id":"https:\/\/koningdrone.be\/#\/schema\/logo\/image\/"}}]}},"df_price":46,"df_sale_price":"","df_regular_price":46,"df_image_link":"https:\/\/koningdrone.be\/wp-content\/uploads\/sites\/13\/2026\/03\/Osmo-Multifunctional-Bike-Mount-Kit-300x300.webp","_links":{"self":[{"href":"https:\/\/koningdrone.be\/fr\/wp-json\/wp\/v2\/product\/16665","targetHints":{"allow":["GET"]}}],"collection":[{"href":"https:\/\/koningdrone.be\/fr\/wp-json\/wp\/v2\/product"}],"about":[{"href":"https:\/\/koningdrone.be\/fr\/wp-json\/wp\/v2\/types\/product"}],"wp:featuredmedia":[{"embeddable":true,"href":"https:\/\/koningdrone.be\/fr\/wp-json\/wp\/v2\/media\/16658"}],"wp:attachment":[{"href":"https:\/\/koningdrone.be\/fr\/wp-json\/wp\/v2\/media?parent=16665"}],"wp:term":[{"taxonomy":"product_brand","embeddable":true,"href":"https:\/\/koningdrone.be\/fr\/wp-json\/wp\/v2\/product_brand?post=16665"},{"taxonomy":"product_cat","embeddable":true,"href":"https:\/\/koningdrone.be\/fr\/wp-json\/wp\/v2\/product_cat?post=16665"},{"taxonomy":"product_tag","embeddable":true,"href":"https:\/\/koningdrone.be\/fr\/wp-json\/wp\/v2\/product_tag?post=16665"}],"curies":[{"name":"wp","href":"https:\/\/api.w.org\/{rel}","templated":true}]}}