{"id":16660,"date":"2026-03-05T16:40:55","date_gmt":"2026-03-05T15:40:55","guid":{"rendered":"https:\/\/koningdrone.be\/?post_type=product&#038;p=16660"},"modified":"2026-04-29T03:50:35","modified_gmt":"2026-04-29T01:50:35","slug":"osmo-multifunctional-bike-mount-kit-for-independent-handlebars","status":"publish","type":"product","link":"https:\/\/koningdrone.be\/fr\/produit\/osmo-multifunctional-bike-mount-kit-for-independent-handlebars\/","title":{"rendered":"Kit de montage v\u00e9lo multifonctionnel Osmo (pour guidons ind\u00e9pendants)"},"content":{"rendered":"<h3>DJI Osmo Multifunctional Bike Mount Kit (pour guidon ind\u00e9pendant)<\/h3>\n<p>Le DJI Osmo Multifunctional Bike Mount Kit (For Independent Handlebars) est un support de v\u00e9lo sp\u00e9cialement con\u00e7u pour fixer de mani\u00e8re s\u00fbre et stable votre cam\u00e9ra DJI Osmo 360 sur un guidon de v\u00e9lo ind\u00e9pendant (non int\u00e9gr\u00e9). Il est con\u00e7u pour les cyclistes qui souhaitent capturer leurs randonn\u00e9es avec des images \u00e0 360\u00b0 sans compromettre le confort ou la s\u00e9curit\u00e9. Ce kit est parfait pour les v\u00e9los de route, les VTT ou les v\u00e9los de ville avec un guidon d\u00e9tach\u00e9.<a href=\"https:\/\/koningdrone.nl\/wp-content\/uploads\/2026\/03\/Osmo-Multifunctional-Bike-Mount-Kit-For-Independent-Handlebars.webp\"><img loading=\"lazy\" decoding=\"async\" class=\"size-medium wp-image-466287 aligncenter\" src=\"https:\/\/koningdrone.nl\/wp-content\/uploads\/2026\/03\/Osmo-Multifunctional-Bike-Mount-Kit-For-Independent-Handlebars-300x300.webp\" alt=\"Osmo Multifunctional Bike Mount Kit (For Independent Handlebars)\" width=\"300\" height=\"300\" \/><\/a><\/p>\n<h4>Performance et fonctionnalit\u00e9<\/h4>\n<p>Ce support de v\u00e9lo multifonctionnel vous permet de fixer votre Osmo 360 directement sur le guidon \u00e0 l'aide de la tige en fibre de carbone de 28 cm incluse, ce qui vous permet de capturer des s\u00e9quences vid\u00e9o immersives et dynamiques pendant votre trajet. Le kit comprend un support pour ordinateur de v\u00e9lo int\u00e9gr\u00e9 sur le dessus afin que vous puissiez lire vos donn\u00e9es pendant que vous filmez, et un support \u00e0 trois broches sur le dessous pour fixer une cam\u00e9ra d'action, une lumi\u00e8re ou d'autres accessoires.<\/p>\n<p>&nbsp;<\/p>\n<h4>Qualit\u00e9 de construction et conception<\/h4>\n<p>Ce support est fabriqu\u00e9 \u00e0 partir de mat\u00e9riaux durables adapt\u00e9s \u00e0 une utilisation en ext\u00e9rieur et \u00e0 une pratique r\u00e9guli\u00e8re du v\u00e9lo. Gr\u00e2ce \u00e0 sa conception l\u00e9g\u00e8re, votre v\u00e9lo reste facile \u00e0 diriger et le support n'est pas lourd. Les supports r\u00e9glables et les diff\u00e9rents anneaux vous permettent d'ajuster correctement le support au diam\u00e8tre de votre guidon.<\/p>\n<p><a href=\"https:\/\/koningdrone.nl\/wp-content\/uploads\/2026\/03\/DJI-Osmo-Multifunctional-Bike-Tube-Mount.webp\"><img loading=\"lazy\" decoding=\"async\" class=\"size-medium wp-image-466298 aligncenter\" src=\"https:\/\/koningdrone.nl\/wp-content\/uploads\/2026\/03\/DJI-Osmo-Multifunctional-Bike-Tube-Mount-300x300.webp\" alt=\"DJI Osmo Multifunctional Bike Tube Mount\" width=\"300\" height=\"300\" \/><\/a><\/p>\n<h4>Pourquoi vous en avez besoin<\/h4>\n<p>Si vous souhaitez capturer des images \u00e0 360\u00b0 de mani\u00e8re professionnelle et claire pendant que vous p\u00e9dalez, ce kit est un accessoire indispensable. Il offre une stabilit\u00e9, une flexibilit\u00e9 et des options de montage d'accessoires suppl\u00e9mentaires, afin que vous puissiez capturer chaque trajet en toute confiance et avec des images de haute qualit\u00e9.<\/p>","protected":false},"excerpt":{"rendered":"<ul>\n<li>Sp\u00e9cialement con\u00e7u pour la direction ind\u00e9pendante, il permet une installation rapide et s\u00fbre.<\/li>\n<li>Le trou filet\u00e9 1\/4\u2033 int\u00e9gr\u00e9 vous permet de fixer la tige droite en fibre de carbone fournie pour une visibilit\u00e9 optimale \u00e0 360\u00b0.<\/li>\n<li>Sur le dessus se trouve une attache pour un compteur de v\u00e9lo, de sorte que les donn\u00e9es de votre v\u00e9lo restent visibles pendant que vous filmez.<\/li>\n<li>L'interface inf\u00e9rieure \u00e0 trois points prend en charge les cam\u00e9ras d'action ou les phares de v\u00e9lo pour des installations cr\u00e9atives et pratiques.<\/li>\n<li>La construction l\u00e9g\u00e8re permet \u00e0 votre v\u00e9lo d'\u00eatre man\u0153uvrable et \u00e0 votre cam\u00e9ra Osmo 360 d'\u00eatre stable.<\/li>\n<\/ul>","protected":false},"featured_media":16658,"template":"","meta":{"_acf_changed":false},"product_brand":[],"product_cat":[297],"product_tag":[],"class_list":{"0":"post-16660","1":"product","2":"type-product","3":"status-publish","4":"has-post-thumbnail","6":"product_cat-dji-osmo","7":"product_shipping_class-acsystemsall","8":"pa_brand-dji","9":"pa_producttype-bevestiging","10":"pa_series-osmo","12":"first","13":"instock","14":"taxable","15":"shipping-taxable","16":"purchasable","17":"product-type-simple"},"acf":[],"yoast_head":"<!-- This site is optimized with the Yoast SEO Premium plugin v27.2 (Yoast SEO v27.2) - https:\/\/yoast.com\/product\/yoast-seo-premium-wordpress\/ -->\n<title>Osmo Multifunctional Bike Mount Kit (For Independent Handlebars) - koningdrone.be<\/title>\n<meta name=\"robots\" content=\"index, follow, max-snippet:-1, max-image-preview:large, max-video-preview:-1\" \/>\n<link rel=\"canonical\" href=\"https:\/\/koningdrone.be\/fr\/produit\/osmo-multifunctional-bike-mount-kit-for-independent-handlebars\/\" \/>\n<meta property=\"og:locale\" content=\"fr_FR\" \/>\n<meta property=\"og:type\" content=\"article\" \/>\n<meta property=\"og:title\" content=\"Osmo Multifunctional Bike Mount Kit (For Independent Handlebars)\" \/>\n<meta property=\"og:description\" content=\"Speciaal ontworpen voor onafhankelijke sturen, waardoor de installatie snel en veilig verloopt.  Dankzij het ingebouwde gat met schroefdraad van 1\/4\u2033 kunt u de meegeleverde rechte koolstofvezelstang bevestigen voor een optimaal 360\u00b0-zicht.  Aan de bovenkant bevindt zich een bevestiging voor een fietscomputer, zodat uw fietsgegevens zichtbaar blijven tijdens het filmen.  De driepuntsinterface aan de onderkant ondersteunt actiecamera&#039;s of fietsverlichting voor creatieve en handige opstellingen.  Dankzij de lichtgewicht constructie blijft uw fiets wendbaar en wordt uw Osmo 360-camera stabiel bevestigd.\" \/>\n<meta property=\"og:url\" content=\"https:\/\/koningdrone.be\/fr\/produit\/osmo-multifunctional-bike-mount-kit-for-independent-handlebars\/\" \/>\n<meta property=\"og:site_name\" content=\"koningdrone.be\" \/>\n<meta property=\"article:modified_time\" content=\"2026-04-29T01:50:35+00:00\" \/>\n<meta property=\"og:image\" content=\"https:\/\/koningdrone.be\/wp-content\/uploads\/sites\/13\/2026\/03\/Osmo-Multifunctional-Bike-Mount-Kit.webp\" \/>\n\t<meta property=\"og:image:width\" content=\"2048\" \/>\n\t<meta property=\"og:image:height\" content=\"2048\" \/>\n\t<meta property=\"og:image:type\" content=\"image\/webp\" \/>\n<meta name=\"twitter:card\" content=\"summary_large_image\" \/>\n<meta name=\"twitter:label1\" content=\"Dur\u00e9e de lecture est.\" \/>\n\t<meta name=\"twitter:data1\" content=\"1 minute\" \/>\n<script type=\"application\/ld+json\" class=\"yoast-schema-graph\">{\"@context\":\"https:\/\/schema.org\",\"@graph\":[{\"@type\":\"WebPage\",\"@id\":\"https:\/\/koningdrone.be\/product\/osmo-multifunctional-bike-mount-kit-for-independent-handlebars\/\",\"url\":\"https:\/\/koningdrone.be\/product\/osmo-multifunctional-bike-mount-kit-for-independent-handlebars\/\",\"name\":\"Osmo Multifunctional Bike Mount Kit (For Independent Handlebars) - koningdrone.be\",\"isPartOf\":{\"@id\":\"https:\/\/koningdrone.be\/#website\"},\"primaryImageOfPage\":{\"@id\":\"https:\/\/koningdrone.be\/product\/osmo-multifunctional-bike-mount-kit-for-independent-handlebars\/#primaryimage\"},\"image\":{\"@id\":\"https:\/\/koningdrone.be\/product\/osmo-multifunctional-bike-mount-kit-for-independent-handlebars\/#primaryimage\"},\"thumbnailUrl\":\"https:\/\/koningdrone.be\/wp-content\/uploads\/sites\/13\/2026\/03\/Osmo-Multifunctional-Bike-Mount-Kit.webp\",\"datePublished\":\"2026-03-05T15:40:55+00:00\",\"dateModified\":\"2026-04-29T01:50:35+00:00\",\"breadcrumb\":{\"@id\":\"https:\/\/koningdrone.be\/product\/osmo-multifunctional-bike-mount-kit-for-independent-handlebars\/#breadcrumb\"},\"inLanguage\":\"fr-BE\",\"potentialAction\":[{\"@type\":\"ReadAction\",\"target\":[\"https:\/\/koningdrone.be\/product\/osmo-multifunctional-bike-mount-kit-for-independent-handlebars\/\"]}]},{\"@type\":\"ImageObject\",\"inLanguage\":\"fr-BE\",\"@id\":\"https:\/\/koningdrone.be\/product\/osmo-multifunctional-bike-mount-kit-for-independent-handlebars\/#primaryimage\",\"url\":\"https:\/\/koningdrone.be\/wp-content\/uploads\/sites\/13\/2026\/03\/Osmo-Multifunctional-Bike-Mount-Kit.webp\",\"contentUrl\":\"https:\/\/koningdrone.be\/wp-content\/uploads\/sites\/13\/2026\/03\/Osmo-Multifunctional-Bike-Mount-Kit.webp\",\"width\":2048,\"height\":2048},{\"@type\":\"BreadcrumbList\",\"@id\":\"https:\/\/koningdrone.be\/product\/osmo-multifunctional-bike-mount-kit-for-independent-handlebars\/#breadcrumb\",\"itemListElement\":[{\"@type\":\"ListItem\",\"position\":1,\"name\":\"Home\",\"item\":\"https:\/\/koningdrone.be\/\"},{\"@type\":\"ListItem\",\"position\":2,\"name\":\"AVSS Parachute Recovery System for DJI Matrice 300\/350\",\"item\":\"https:\/\/koningdrone.be\/product\/avss-parachute-recovery-system-for-dji-matrice-300-350\/\"},{\"@type\":\"ListItem\",\"position\":3,\"name\":\"DJI Osmo\",\"item\":\"https:\/\/koningdrone.be\/categorie\/dji-osmo\/\"},{\"@type\":\"ListItem\",\"position\":4,\"name\":\"Osmo Multifunctional Bike Mount Kit (For Independent Handlebars)\"}]},{\"@type\":\"WebSite\",\"@id\":\"https:\/\/koningdrone.be\/#website\",\"url\":\"https:\/\/koningdrone.be\/\",\"name\":\"Koningdrone.be - Uw online specialist in drones, gimbals, camera's en power stations.\",\"description\":\"De webshop in drones en gimbals\",\"publisher\":{\"@id\":\"https:\/\/koningdrone.be\/#organization\"},\"potentialAction\":[{\"@type\":\"SearchAction\",\"target\":{\"@type\":\"EntryPoint\",\"urlTemplate\":\"https:\/\/koningdrone.be\/?s={search_term_string}\"},\"query-input\":{\"@type\":\"PropertyValueSpecification\",\"valueRequired\":true,\"valueName\":\"search_term_string\"}}],\"inLanguage\":\"fr-BE\"},{\"@type\":\"Organization\",\"@id\":\"https:\/\/koningdrone.be\/#organization\",\"name\":\"Koningdrone.be\",\"url\":\"https:\/\/koningdrone.be\/\",\"logo\":{\"@type\":\"ImageObject\",\"inLanguage\":\"fr-BE\",\"@id\":\"https:\/\/koningdrone.be\/#\/schema\/logo\/image\/\",\"url\":\"https:\/\/koningdrone.be\/wp-content\/uploads\/sites\/13\/2025\/04\/koningdrone-copyright-logo.svg\",\"contentUrl\":\"https:\/\/koningdrone.be\/wp-content\/uploads\/sites\/13\/2025\/04\/koningdrone-copyright-logo.svg\",\"width\":227,\"height\":38,\"caption\":\"Koningdrone.be\"},\"image\":{\"@id\":\"https:\/\/koningdrone.be\/#\/schema\/logo\/image\/\"}}]}<\/script>\n<!-- \/ Yoast SEO Premium plugin. -->","yoast_head_json":{"title":"Osmo Multifunctional Bike Mount Kit (For Independent Handlebars) - koningdrone.be","robots":{"index":"index","follow":"follow","max-snippet":"max-snippet:-1","max-image-preview":"max-image-preview:large","max-video-preview":"max-video-preview:-1"},"canonical":"https:\/\/koningdrone.be\/fr\/produit\/osmo-multifunctional-bike-mount-kit-for-independent-handlebars\/","og_locale":"fr_FR","og_type":"article","og_title":"Osmo Multifunctional Bike Mount Kit (For Independent Handlebars)","og_description":"Speciaal ontworpen voor onafhankelijke sturen, waardoor de installatie snel en veilig verloopt.  Dankzij het ingebouwde gat met schroefdraad van 1\/4\u2033 kunt u de meegeleverde rechte koolstofvezelstang bevestigen voor een optimaal 360\u00b0-zicht.  Aan de bovenkant bevindt zich een bevestiging voor een fietscomputer, zodat uw fietsgegevens zichtbaar blijven tijdens het filmen.  De driepuntsinterface aan de onderkant ondersteunt actiecamera's of fietsverlichting voor creatieve en handige opstellingen.  Dankzij de lichtgewicht constructie blijft uw fiets wendbaar en wordt uw Osmo 360-camera stabiel bevestigd.","og_url":"https:\/\/koningdrone.be\/fr\/produit\/osmo-multifunctional-bike-mount-kit-for-independent-handlebars\/","og_site_name":"koningdrone.be","article_modified_time":"2026-04-29T01:50:35+00:00","og_image":[{"width":2048,"height":2048,"url":"https:\/\/koningdrone.be\/wp-content\/uploads\/sites\/13\/2026\/03\/Osmo-Multifunctional-Bike-Mount-Kit.webp","type":"image\/webp"}],"twitter_card":"summary_large_image","twitter_misc":{"Dur\u00e9e de lecture est.":"1 minute"},"schema":{"@context":"https:\/\/schema.org","@graph":[{"@type":"WebPage","@id":"https:\/\/koningdrone.be\/product\/osmo-multifunctional-bike-mount-kit-for-independent-handlebars\/","url":"https:\/\/koningdrone.be\/product\/osmo-multifunctional-bike-mount-kit-for-independent-handlebars\/","name":"Osmo Multifunctional Bike Mount Kit (For Independent Handlebars) - koningdrone.be","isPartOf":{"@id":"https:\/\/koningdrone.be\/#website"},"primaryImageOfPage":{"@id":"https:\/\/koningdrone.be\/product\/osmo-multifunctional-bike-mount-kit-for-independent-handlebars\/#primaryimage"},"image":{"@id":"https:\/\/koningdrone.be\/product\/osmo-multifunctional-bike-mount-kit-for-independent-handlebars\/#primaryimage"},"thumbnailUrl":"https:\/\/koningdrone.be\/wp-content\/uploads\/sites\/13\/2026\/03\/Osmo-Multifunctional-Bike-Mount-Kit.webp","datePublished":"2026-03-05T15:40:55+00:00","dateModified":"2026-04-29T01:50:35+00:00","breadcrumb":{"@id":"https:\/\/koningdrone.be\/product\/osmo-multifunctional-bike-mount-kit-for-independent-handlebars\/#breadcrumb"},"inLanguage":"fr-BE","potentialAction":[{"@type":"ReadAction","target":["https:\/\/koningdrone.be\/product\/osmo-multifunctional-bike-mount-kit-for-independent-handlebars\/"]}]},{"@type":"ImageObject","inLanguage":"fr-BE","@id":"https:\/\/koningdrone.be\/product\/osmo-multifunctional-bike-mount-kit-for-independent-handlebars\/#primaryimage","url":"https:\/\/koningdrone.be\/wp-content\/uploads\/sites\/13\/2026\/03\/Osmo-Multifunctional-Bike-Mount-Kit.webp","contentUrl":"https:\/\/koningdrone.be\/wp-content\/uploads\/sites\/13\/2026\/03\/Osmo-Multifunctional-Bike-Mount-Kit.webp","width":2048,"height":2048},{"@type":"BreadcrumbList","@id":"https:\/\/koningdrone.be\/product\/osmo-multifunctional-bike-mount-kit-for-independent-handlebars\/#breadcrumb","itemListElement":[{"@type":"ListItem","position":1,"name":"Home","item":"https:\/\/koningdrone.be\/"},{"@type":"ListItem","position":2,"name":"AVSS Parachute Recovery System for DJI Matrice 300\/350","item":"https:\/\/koningdrone.be\/product\/avss-parachute-recovery-system-for-dji-matrice-300-350\/"},{"@type":"ListItem","position":3,"name":"DJI Osmo","item":"https:\/\/koningdrone.be\/categorie\/dji-osmo\/"},{"@type":"ListItem","position":4,"name":"Osmo Multifunctional Bike Mount Kit (For Independent Handlebars)"}]},{"@type":"WebSite","@id":"https:\/\/koningdrone.be\/#website","url":"https:\/\/koningdrone.be\/","name":"Koningdrone.be - Votre sp\u00e9cialiste en ligne en mati\u00e8re de drones, de cardans, de cam\u00e9ras et de centrales \u00e9lectriques.","description":"La boutique en ligne de drones et de cardans","publisher":{"@id":"https:\/\/koningdrone.be\/#organization"},"potentialAction":[{"@type":"SearchAction","target":{"@type":"EntryPoint","urlTemplate":"https:\/\/koningdrone.be\/?s={search_term_string}"},"query-input":{"@type":"PropertyValueSpecification","valueRequired":true,"valueName":"search_term_string"}}],"inLanguage":"fr-BE"},{"@type":"Organization","@id":"https:\/\/koningdrone.be\/#organization","name":"Kingdrone.co.uk","url":"https:\/\/koningdrone.be\/","logo":{"@type":"ImageObject","inLanguage":"fr-BE","@id":"https:\/\/koningdrone.be\/#\/schema\/logo\/image\/","url":"https:\/\/koningdrone.be\/wp-content\/uploads\/sites\/13\/2025\/04\/koningdrone-copyright-logo.svg","contentUrl":"https:\/\/koningdrone.be\/wp-content\/uploads\/sites\/13\/2025\/04\/koningdrone-copyright-logo.svg","width":227,"height":38,"caption":"Koningdrone.be"},"image":{"@id":"https:\/\/koningdrone.be\/#\/schema\/logo\/image\/"}}]}},"df_price":46,"df_sale_price":"","df_regular_price":46,"df_image_link":"https:\/\/koningdrone.be\/wp-content\/uploads\/sites\/13\/2026\/03\/Osmo-Multifunctional-Bike-Mount-Kit-300x300.webp","_links":{"self":[{"href":"https:\/\/koningdrone.be\/fr\/wp-json\/wp\/v2\/product\/16660","targetHints":{"allow":["GET"]}}],"collection":[{"href":"https:\/\/koningdrone.be\/fr\/wp-json\/wp\/v2\/product"}],"about":[{"href":"https:\/\/koningdrone.be\/fr\/wp-json\/wp\/v2\/types\/product"}],"wp:featuredmedia":[{"embeddable":true,"href":"https:\/\/koningdrone.be\/fr\/wp-json\/wp\/v2\/media\/16658"}],"wp:attachment":[{"href":"https:\/\/koningdrone.be\/fr\/wp-json\/wp\/v2\/media?parent=16660"}],"wp:term":[{"taxonomy":"product_brand","embeddable":true,"href":"https:\/\/koningdrone.be\/fr\/wp-json\/wp\/v2\/product_brand?post=16660"},{"taxonomy":"product_cat","embeddable":true,"href":"https:\/\/koningdrone.be\/fr\/wp-json\/wp\/v2\/product_cat?post=16660"},{"taxonomy":"product_tag","embeddable":true,"href":"https:\/\/koningdrone.be\/fr\/wp-json\/wp\/v2\/product_tag?post=16660"}],"curies":[{"name":"wp","href":"https:\/\/api.w.org\/{rel}","templated":true}]}}