{"id":16657,"date":"2026-03-05T08:40:53","date_gmt":"2026-03-05T07:40:53","guid":{"rendered":"https:\/\/koningdrone.be\/product\/dji-osmo-multifunctional-bike-tube-mount-kit\/"},"modified":"2026-04-29T03:50:33","modified_gmt":"2026-04-29T01:50:33","slug":"dji-osmo-multifunctional-bike-tube-mount-kit","status":"publish","type":"product","link":"https:\/\/koningdrone.be\/fr\/produit\/dji-osmo-multifunctional-bike-tube-mount-kit\/","title":{"rendered":"DJI Osmo Kit de montage multifonctionnel sur tube de v\u00e9lo"},"content":{"rendered":"<h3>DJI Osmo Kit de montage multifonctionnel sur tube de v\u00e9lo<\/h3>\n<p>Le kit de montage multifonctionnel pour tube de v\u00e9lo DJI Osmo est une solution de montage polyvalente qui vous permet de fixer en toute s\u00e9curit\u00e9 votre cam\u00e9ra DJI Osmo sur les cadres et les structures de tubes de v\u00e9lo. Con\u00e7u pour les cyclistes qui souhaitent capturer des s\u00e9quences dynamiques sous des angles uniques, ce support offre une plateforme stable et fiable pour les prises de vue d'action pendant le cyclisme, le VTT ou les balades en ville.<\/p>\n<h4>Performance et fonctionnalit\u00e9<\/h4>\n<p>Avec ce kit multifonctionnel, vous fixez votre cam\u00e9ra Osmo directement sur les structures des tubes de v\u00e9lo, ce qui vous permet de cr\u00e9er des s\u00e9quences immersives \u00e0 la premi\u00e8re personne et des angles de cam\u00e9ra cr\u00e9atifs.Le syst\u00e8me de serrage robuste r\u00e9duit les vibrations pendant la conduite et garantit des s\u00e9quences stables et fluides, m\u00eame sur un terrain accident\u00e9. Que vous filmiez des descentes rapides ou des itin\u00e9raires tranquilles, le support maintient fermement votre cam\u00e9ra en place.<\/p>\n<p><a href=\"https:\/\/koningdrone.nl\/wp-content\/uploads\/2026\/03\/DJI-Osmo-Multifunctional-Bike-Tube-Mount-Kit.webp\"><img loading=\"lazy\" decoding=\"async\" class=\"wp-image-466222 size-medium aligncenter\" src=\"https:\/\/koningdrone.nl\/wp-content\/uploads\/2026\/03\/DJI-Osmo-Multifunctional-Bike-Tube-Mount-Kit-300x300.webp\" alt=\"DJI Osmo Multifunctional Bike Tube Mount Kit\" width=\"300\" height=\"300\" \/><\/a><\/p>\n<h4>Qualit\u00e9 de construction et conception<\/h4>\n<p>Le support est fabriqu\u00e9 \u00e0 partir de mat\u00e9riaux durables qui peuvent r\u00e9sister aux conditions ext\u00e9rieures. La conception solide mais l\u00e9g\u00e8re n'affecte pas la maniabilit\u00e9 du v\u00e9lo. Gr\u00e2ce aux pi\u00e8ces r\u00e9glables, le support s'adapte \u00e0 diff\u00e9rents diam\u00e8tres de tubes et assure un montage s\u00fbr et serr\u00e9. La conception compacte garantit une installation facile et un aspect professionnel.<\/p>\n<h4>Pourquoi vous en avez besoin<\/h4>\n<p>Pour les cyclistes qui cherchent \u00e0 am\u00e9liorer leur contenu ou \u00e0 capturer leurs sorties en toute s\u00e9curit\u00e9, ce support est un accessoire essentiel. Il offre stabilit\u00e9, flexibilit\u00e9 et performances fiables, afin que vous puissiez vous concentrer pleinement sur votre parcours tout en capturant chaque instant.<\/p>","protected":false},"excerpt":{"rendered":"<ul>\n<li>Permet de capturer des s\u00e9quences immersives \u00e0 360\u00b0 avec votre Osmo 360 en le fixant devant votre guidon.<\/li>\n<li>Comprend une tige d'extension l\u00e9g\u00e8re en fibre de carbone de 28 cm pour une perspective plus \u00e9lev\u00e9e et une ligne de vis\u00e9e plus fluide.<\/li>\n<li>Comprend un insert filet\u00e9 de 1\/4\u2033 et une fixation \u00e0 trois points pour une fixation flexible des accessoires.<\/li>\n<li>Con\u00e7u pour une installation facile sur les tubes ronds des bicyclettes et les guidons, avec une prise ferme et des outils fournis.<\/li>\n<li>Gr\u00e2ce \u00e0 la fixation int\u00e9gr\u00e9e pour ordinateur de v\u00e9lo, vous pouvez consulter vos statistiques de cyclisme tout en enregistrant sans adaptateur suppl\u00e9mentaire.<\/li>\n<\/ul>","protected":false},"featured_media":16652,"template":"","meta":{"_acf_changed":false},"product_brand":[],"product_cat":[297],"product_tag":[],"class_list":{"0":"post-16657","1":"product","2":"type-product","3":"status-publish","4":"has-post-thumbnail","6":"product_cat-dji-osmo","7":"product_shipping_class-acsystemsall","8":"pa_brand-dji","9":"pa_producttype-bevestiging","10":"pa_series-osmo","12":"first","13":"instock","14":"taxable","15":"shipping-taxable","16":"purchasable","17":"product-type-simple"},"acf":[],"yoast_head":"<!-- This site is optimized with the Yoast SEO Premium plugin v27.2 (Yoast SEO v27.2) - https:\/\/yoast.com\/product\/yoast-seo-premium-wordpress\/ -->\n<title>DJI Osmo Multifunctional Bike Tube Mount Kit - koningdrone.be<\/title>\n<meta name=\"robots\" content=\"index, follow, max-snippet:-1, max-image-preview:large, max-video-preview:-1\" \/>\n<link rel=\"canonical\" href=\"https:\/\/koningdrone.be\/fr\/produit\/dji-osmo-multifunctional-bike-tube-mount-kit\/\" \/>\n<meta property=\"og:locale\" content=\"fr_FR\" \/>\n<meta property=\"og:type\" content=\"article\" \/>\n<meta property=\"og:title\" content=\"DJI Osmo Multifunctional Bike Tube Mount Kit\" \/>\n<meta property=\"og:description\" content=\"Hiermee kun je meeslepende 360\u00b0-fietsbeelden vastleggen met je Osmo 360 door deze voor je stuur te bevestigen.  Inclusief een lichtgewicht verlengstang van 28 cm van koolstofvezel voor een hoger perspectief en een vloeiender zichtlijn.  Voorzien van zowel een 1\/4\u2033 schroefdraadinsert als een driepuntsbevestiging voor flexibele bevestiging van accessoires.  Ontworpen voor eenvoudige installatie op ronde fietsbuizen en sturen, met stevige grip en meegeleverd gereedschap.  Dankzij de ingebouwde fietscomputerbevestiging kunt u tijdens het opnemen uw fietsstatistieken bekijken zonder extra adapters.\" \/>\n<meta property=\"og:url\" content=\"https:\/\/koningdrone.be\/fr\/produit\/dji-osmo-multifunctional-bike-tube-mount-kit\/\" \/>\n<meta property=\"og:site_name\" content=\"koningdrone.be\" \/>\n<meta property=\"article:modified_time\" content=\"2026-04-29T01:50:33+00:00\" \/>\n<meta property=\"og:image\" content=\"https:\/\/koningdrone.be\/wp-content\/uploads\/sites\/13\/2026\/03\/DJI-Osmo-Multifunctional-360-Bike-Tube-Mount-Kit.webp\" \/>\n\t<meta property=\"og:image:width\" content=\"2048\" \/>\n\t<meta property=\"og:image:height\" content=\"2048\" \/>\n\t<meta property=\"og:image:type\" content=\"image\/webp\" \/>\n<meta name=\"twitter:card\" content=\"summary_large_image\" \/>\n<meta name=\"twitter:label1\" content=\"Dur\u00e9e de lecture est.\" \/>\n\t<meta name=\"twitter:data1\" content=\"1 minute\" \/>\n<script type=\"application\/ld+json\" class=\"yoast-schema-graph\">{\"@context\":\"https:\/\/schema.org\",\"@graph\":[{\"@type\":\"WebPage\",\"@id\":\"https:\/\/koningdrone.be\/product\/dji-osmo-multifunctional-bike-tube-mount-kit\/\",\"url\":\"https:\/\/koningdrone.be\/product\/dji-osmo-multifunctional-bike-tube-mount-kit\/\",\"name\":\"DJI Osmo Multifunctional Bike Tube Mount Kit - koningdrone.be\",\"isPartOf\":{\"@id\":\"https:\/\/koningdrone.be\/#website\"},\"primaryImageOfPage\":{\"@id\":\"https:\/\/koningdrone.be\/product\/dji-osmo-multifunctional-bike-tube-mount-kit\/#primaryimage\"},\"image\":{\"@id\":\"https:\/\/koningdrone.be\/product\/dji-osmo-multifunctional-bike-tube-mount-kit\/#primaryimage\"},\"thumbnailUrl\":\"https:\/\/koningdrone.be\/wp-content\/uploads\/sites\/13\/2026\/03\/DJI-Osmo-Multifunctional-360-Bike-Tube-Mount-Kit.webp\",\"datePublished\":\"2026-03-05T07:40:53+00:00\",\"dateModified\":\"2026-04-29T01:50:33+00:00\",\"breadcrumb\":{\"@id\":\"https:\/\/koningdrone.be\/product\/dji-osmo-multifunctional-bike-tube-mount-kit\/#breadcrumb\"},\"inLanguage\":\"fr-BE\",\"potentialAction\":[{\"@type\":\"ReadAction\",\"target\":[\"https:\/\/koningdrone.be\/product\/dji-osmo-multifunctional-bike-tube-mount-kit\/\"]}]},{\"@type\":\"ImageObject\",\"inLanguage\":\"fr-BE\",\"@id\":\"https:\/\/koningdrone.be\/product\/dji-osmo-multifunctional-bike-tube-mount-kit\/#primaryimage\",\"url\":\"https:\/\/koningdrone.be\/wp-content\/uploads\/sites\/13\/2026\/03\/DJI-Osmo-Multifunctional-360-Bike-Tube-Mount-Kit.webp\",\"contentUrl\":\"https:\/\/koningdrone.be\/wp-content\/uploads\/sites\/13\/2026\/03\/DJI-Osmo-Multifunctional-360-Bike-Tube-Mount-Kit.webp\",\"width\":2048,\"height\":2048},{\"@type\":\"BreadcrumbList\",\"@id\":\"https:\/\/koningdrone.be\/product\/dji-osmo-multifunctional-bike-tube-mount-kit\/#breadcrumb\",\"itemListElement\":[{\"@type\":\"ListItem\",\"position\":1,\"name\":\"Home\",\"item\":\"https:\/\/koningdrone.be\/\"},{\"@type\":\"ListItem\",\"position\":2,\"name\":\"AVSS Parachute Recovery System for DJI Matrice 300\/350\",\"item\":\"https:\/\/koningdrone.be\/product\/avss-parachute-recovery-system-for-dji-matrice-300-350\/\"},{\"@type\":\"ListItem\",\"position\":3,\"name\":\"DJI Osmo\",\"item\":\"https:\/\/koningdrone.be\/categorie\/dji-osmo\/\"},{\"@type\":\"ListItem\",\"position\":4,\"name\":\"DJI Osmo Multifunctional Bike Tube Mount Kit\"}]},{\"@type\":\"WebSite\",\"@id\":\"https:\/\/koningdrone.be\/#website\",\"url\":\"https:\/\/koningdrone.be\/\",\"name\":\"Koningdrone.be - Uw online specialist in drones, gimbals, camera's en power stations.\",\"description\":\"De webshop in drones en gimbals\",\"publisher\":{\"@id\":\"https:\/\/koningdrone.be\/#organization\"},\"potentialAction\":[{\"@type\":\"SearchAction\",\"target\":{\"@type\":\"EntryPoint\",\"urlTemplate\":\"https:\/\/koningdrone.be\/?s={search_term_string}\"},\"query-input\":{\"@type\":\"PropertyValueSpecification\",\"valueRequired\":true,\"valueName\":\"search_term_string\"}}],\"inLanguage\":\"fr-BE\"},{\"@type\":\"Organization\",\"@id\":\"https:\/\/koningdrone.be\/#organization\",\"name\":\"Koningdrone.be\",\"url\":\"https:\/\/koningdrone.be\/\",\"logo\":{\"@type\":\"ImageObject\",\"inLanguage\":\"fr-BE\",\"@id\":\"https:\/\/koningdrone.be\/#\/schema\/logo\/image\/\",\"url\":\"https:\/\/koningdrone.be\/wp-content\/uploads\/sites\/13\/2025\/04\/koningdrone-copyright-logo.svg\",\"contentUrl\":\"https:\/\/koningdrone.be\/wp-content\/uploads\/sites\/13\/2025\/04\/koningdrone-copyright-logo.svg\",\"width\":227,\"height\":38,\"caption\":\"Koningdrone.be\"},\"image\":{\"@id\":\"https:\/\/koningdrone.be\/#\/schema\/logo\/image\/\"}}]}<\/script>\n<!-- \/ Yoast SEO Premium plugin. -->","yoast_head_json":{"title":"DJI Osmo Multifunctional Bike Tube Mount Kit - koningdrone.be","robots":{"index":"index","follow":"follow","max-snippet":"max-snippet:-1","max-image-preview":"max-image-preview:large","max-video-preview":"max-video-preview:-1"},"canonical":"https:\/\/koningdrone.be\/fr\/produit\/dji-osmo-multifunctional-bike-tube-mount-kit\/","og_locale":"fr_FR","og_type":"article","og_title":"DJI Osmo Multifunctional Bike Tube Mount Kit","og_description":"Hiermee kun je meeslepende 360\u00b0-fietsbeelden vastleggen met je Osmo 360 door deze voor je stuur te bevestigen.  Inclusief een lichtgewicht verlengstang van 28 cm van koolstofvezel voor een hoger perspectief en een vloeiender zichtlijn.  Voorzien van zowel een 1\/4\u2033 schroefdraadinsert als een driepuntsbevestiging voor flexibele bevestiging van accessoires.  Ontworpen voor eenvoudige installatie op ronde fietsbuizen en sturen, met stevige grip en meegeleverd gereedschap.  Dankzij de ingebouwde fietscomputerbevestiging kunt u tijdens het opnemen uw fietsstatistieken bekijken zonder extra adapters.","og_url":"https:\/\/koningdrone.be\/fr\/produit\/dji-osmo-multifunctional-bike-tube-mount-kit\/","og_site_name":"koningdrone.be","article_modified_time":"2026-04-29T01:50:33+00:00","og_image":[{"width":2048,"height":2048,"url":"https:\/\/koningdrone.be\/wp-content\/uploads\/sites\/13\/2026\/03\/DJI-Osmo-Multifunctional-360-Bike-Tube-Mount-Kit.webp","type":"image\/webp"}],"twitter_card":"summary_large_image","twitter_misc":{"Dur\u00e9e de lecture est.":"1 minute"},"schema":{"@context":"https:\/\/schema.org","@graph":[{"@type":"WebPage","@id":"https:\/\/koningdrone.be\/product\/dji-osmo-multifunctional-bike-tube-mount-kit\/","url":"https:\/\/koningdrone.be\/product\/dji-osmo-multifunctional-bike-tube-mount-kit\/","name":"DJI Osmo Multifunctional Bike Tube Mount Kit - koningdrone.be","isPartOf":{"@id":"https:\/\/koningdrone.be\/#website"},"primaryImageOfPage":{"@id":"https:\/\/koningdrone.be\/product\/dji-osmo-multifunctional-bike-tube-mount-kit\/#primaryimage"},"image":{"@id":"https:\/\/koningdrone.be\/product\/dji-osmo-multifunctional-bike-tube-mount-kit\/#primaryimage"},"thumbnailUrl":"https:\/\/koningdrone.be\/wp-content\/uploads\/sites\/13\/2026\/03\/DJI-Osmo-Multifunctional-360-Bike-Tube-Mount-Kit.webp","datePublished":"2026-03-05T07:40:53+00:00","dateModified":"2026-04-29T01:50:33+00:00","breadcrumb":{"@id":"https:\/\/koningdrone.be\/product\/dji-osmo-multifunctional-bike-tube-mount-kit\/#breadcrumb"},"inLanguage":"fr-BE","potentialAction":[{"@type":"ReadAction","target":["https:\/\/koningdrone.be\/product\/dji-osmo-multifunctional-bike-tube-mount-kit\/"]}]},{"@type":"ImageObject","inLanguage":"fr-BE","@id":"https:\/\/koningdrone.be\/product\/dji-osmo-multifunctional-bike-tube-mount-kit\/#primaryimage","url":"https:\/\/koningdrone.be\/wp-content\/uploads\/sites\/13\/2026\/03\/DJI-Osmo-Multifunctional-360-Bike-Tube-Mount-Kit.webp","contentUrl":"https:\/\/koningdrone.be\/wp-content\/uploads\/sites\/13\/2026\/03\/DJI-Osmo-Multifunctional-360-Bike-Tube-Mount-Kit.webp","width":2048,"height":2048},{"@type":"BreadcrumbList","@id":"https:\/\/koningdrone.be\/product\/dji-osmo-multifunctional-bike-tube-mount-kit\/#breadcrumb","itemListElement":[{"@type":"ListItem","position":1,"name":"Home","item":"https:\/\/koningdrone.be\/"},{"@type":"ListItem","position":2,"name":"AVSS Parachute Recovery System for DJI Matrice 300\/350","item":"https:\/\/koningdrone.be\/product\/avss-parachute-recovery-system-for-dji-matrice-300-350\/"},{"@type":"ListItem","position":3,"name":"DJI Osmo","item":"https:\/\/koningdrone.be\/categorie\/dji-osmo\/"},{"@type":"ListItem","position":4,"name":"DJI Osmo Multifunctional Bike Tube Mount Kit"}]},{"@type":"WebSite","@id":"https:\/\/koningdrone.be\/#website","url":"https:\/\/koningdrone.be\/","name":"Koningdrone.be - Votre sp\u00e9cialiste en ligne en mati\u00e8re de drones, de cardans, de cam\u00e9ras et de centrales \u00e9lectriques.","description":"La boutique en ligne de drones et de cardans","publisher":{"@id":"https:\/\/koningdrone.be\/#organization"},"potentialAction":[{"@type":"SearchAction","target":{"@type":"EntryPoint","urlTemplate":"https:\/\/koningdrone.be\/?s={search_term_string}"},"query-input":{"@type":"PropertyValueSpecification","valueRequired":true,"valueName":"search_term_string"}}],"inLanguage":"fr-BE"},{"@type":"Organization","@id":"https:\/\/koningdrone.be\/#organization","name":"Kingdrone.co.uk","url":"https:\/\/koningdrone.be\/","logo":{"@type":"ImageObject","inLanguage":"fr-BE","@id":"https:\/\/koningdrone.be\/#\/schema\/logo\/image\/","url":"https:\/\/koningdrone.be\/wp-content\/uploads\/sites\/13\/2025\/04\/koningdrone-copyright-logo.svg","contentUrl":"https:\/\/koningdrone.be\/wp-content\/uploads\/sites\/13\/2025\/04\/koningdrone-copyright-logo.svg","width":227,"height":38,"caption":"Koningdrone.be"},"image":{"@id":"https:\/\/koningdrone.be\/#\/schema\/logo\/image\/"}}]}},"df_price":46,"df_sale_price":"","df_regular_price":46,"df_image_link":"https:\/\/koningdrone.be\/wp-content\/uploads\/sites\/13\/2026\/03\/DJI-Osmo-Multifunctional-360-Bike-Tube-Mount-Kit-300x300.webp","_links":{"self":[{"href":"https:\/\/koningdrone.be\/fr\/wp-json\/wp\/v2\/product\/16657","targetHints":{"allow":["GET"]}}],"collection":[{"href":"https:\/\/koningdrone.be\/fr\/wp-json\/wp\/v2\/product"}],"about":[{"href":"https:\/\/koningdrone.be\/fr\/wp-json\/wp\/v2\/types\/product"}],"wp:featuredmedia":[{"embeddable":true,"href":"https:\/\/koningdrone.be\/fr\/wp-json\/wp\/v2\/media\/16652"}],"wp:attachment":[{"href":"https:\/\/koningdrone.be\/fr\/wp-json\/wp\/v2\/media?parent=16657"}],"wp:term":[{"taxonomy":"product_brand","embeddable":true,"href":"https:\/\/koningdrone.be\/fr\/wp-json\/wp\/v2\/product_brand?post=16657"},{"taxonomy":"product_cat","embeddable":true,"href":"https:\/\/koningdrone.be\/fr\/wp-json\/wp\/v2\/product_cat?post=16657"},{"taxonomy":"product_tag","embeddable":true,"href":"https:\/\/koningdrone.be\/fr\/wp-json\/wp\/v2\/product_tag?post=16657"}],"curies":[{"name":"wp","href":"https:\/\/api.w.org\/{rel}","templated":true}]}}