{"id":16302,"date":"2025-09-01T13:40:09","date_gmt":"2025-09-01T11:40:09","guid":{"rendered":"https:\/\/koningdrone.be\/product\/bluetti-pv100d-solar-panel\/"},"modified":"2026-04-29T06:41:14","modified_gmt":"2026-04-29T04:41:14","slug":"bluetti-pv100d-solar-panel","status":"publish","type":"product","link":"https:\/\/koningdrone.be\/fr\/produit\/bluetti-pv100d-solar-panel\/","title":{"rendered":"Panneau solaire Bluetti PV100D"},"content":{"rendered":"<h2>Panneau solaire Bluetti PV100D 100W<\/h2>\n<p><strong>Une \u00e9nergie solaire fiable \u00e0 tout moment et en tout lieu.<\/strong><\/p>\n<p>Alimentez vos aventures avec le <strong>Bluetti PV100D<\/strong>, a <strong>Panneau solaire pliable de 100W<\/strong> avec une grande efficacit\u00e9. Ce panneau est \u00e9quip\u00e9 de <strong>cellules solaires monocristallines<\/strong> qui a un rendement de conversion impressionnant de <strong>23,4%<\/strong> m\u00eame lorsque les conditions m\u00e9t\u00e9orologiques ne sont pas id\u00e9ales.<\/p>\n<p>Gr\u00e2ce \u00e0 la <strong>conception robuste et pliable<\/strong> le panneau solaire est facile \u00e0 transporter et \u00e0 installer, ce qui le rend id\u00e9al pour les campeurs, les amateurs de plein air et les utilisateurs hors r\u00e9seau. Le panneau solaire est facile \u00e0 transporter et \u00e0 installer. <strong>Connecteurs MC4<\/strong> le PV100D est compatible avec la plupart des g\u00e9n\u00e9rateurs solaires, y compris tous les <strong>Centrales \u00e9lectriques Bluetti<\/strong>.<\/p>\n<p>Que vous soyez en d\u00e9placement ou que vous viviez hors r\u00e9seau, ce panneau solaire vous offre une solution d'appoint. <strong>solution durable et portable<\/strong> pour une alimentation \u00e9lectrique fiable. En outre, il est livr\u00e9 avec <strong>Garantie de 24 mois<\/strong>, afin que vous puissiez utiliser votre source d'\u00e9nergie en toute tranquillit\u00e9.<\/p>","protected":false},"excerpt":{"rendered":"<ul>\n<li><strong>Cellules solaires monocristallines efficaces :<\/strong> pour une conversion \u00e9nerg\u00e9tique fiable et stable, m\u00eame dans des conditions d'ensoleillement r\u00e9duit<\/li>\n<li><strong>Conception pliable :<\/strong> facile \u00e0 transporter et compact \u00e0 ranger<\/li>\n<li><strong>Durable et r\u00e9sistant aux intemp\u00e9ries :<\/strong> convient pour une utilisation ext\u00e9rieure \u00e0 long terme dans diverses conditions<\/li>\n<li><strong>Largement compatible :<\/strong> fonctionne avec la plupart des g\u00e9n\u00e9rateurs solaires, y compris toutes les centrales \u00e9lectriques Bluetti<\/li>\n<li><strong>Polyvalent :<\/strong> id\u00e9al pour le camping, la randonn\u00e9e, le trekking ou d'autres situations hors r\u00e9seau<\/li>\n<li><strong>Convivialit\u00e9 :<\/strong> Mise en place rapide d'un acc\u00e8s direct aux \u00e9nergies renouvelables<\/li>\n<\/ul>","protected":false},"featured_media":16296,"template":"","meta":{"_acf_changed":false},"product_brand":[],"product_cat":[97,1701,829],"product_tag":[],"class_list":{"0":"post-16302","1":"product","2":"type-product","3":"status-publish","4":"has-post-thumbnail","6":"product_cat-alle-producten","7":"product_cat-anker-bluetti","8":"product_cat-bluetti","9":"product_shipping_class-outofstock","10":"pa_brand-bluetti","11":"pa_producttype-opvouwbaar-zonnepaneel","13":"first","14":"outofstock","15":"taxable","16":"shipping-taxable","17":"product-type-simple"},"acf":[],"yoast_head":"<!-- This site is optimized with the Yoast SEO Premium plugin v27.2 (Yoast SEO v27.2) - https:\/\/yoast.com\/product\/yoast-seo-premium-wordpress\/ -->\n<title>Bluetti PV100D Solar Panel - koningdrone.be<\/title>\n<meta name=\"robots\" content=\"index, follow, max-snippet:-1, max-image-preview:large, max-video-preview:-1\" \/>\n<link rel=\"canonical\" href=\"https:\/\/koningdrone.be\/fr\/produit\/bluetti-pv100d-solar-panel\/\" \/>\n<meta property=\"og:locale\" content=\"fr_FR\" \/>\n<meta property=\"og:type\" content=\"article\" \/>\n<meta property=\"og:title\" content=\"Bluetti PV100D Solar Panel\" \/>\n<meta property=\"og:description\" content=\"Effici\u00ebnte monokristallijne zonnecellen: voor betrouwbare en stabiele energieomzetting, zelfs bij minder zonlicht  Opvouwbaar ontwerp: eenvoudig mee te nemen en compact op te bergen  Duurzaam en weerbestendig: geschikt voor langdurig buitengebruik in uiteenlopende omstandigheden  Breed compatibel: werkt met de meeste zonnegeneratoren, inclusief alle Bluetti energiecentrales  Veelzijdig inzetbaar: ideaal voor kamperen, backpacken, trektochten of andere off-grid situaties  Gebruiksvriendelijk: snel op te zetten voor directe toegang tot duurzame energie\" \/>\n<meta property=\"og:url\" content=\"https:\/\/koningdrone.be\/fr\/produit\/bluetti-pv100d-solar-panel\/\" \/>\n<meta property=\"og:site_name\" content=\"koningdrone.be\" \/>\n<meta property=\"article:modified_time\" content=\"2026-04-29T04:41:14+00:00\" \/>\n<meta property=\"og:image\" content=\"https:\/\/koningdrone.be\/wp-content\/uploads\/sites\/13\/2026\/02\/PV120D-2024-10-29_2_1100x.png\" \/>\n\t<meta property=\"og:image:width\" content=\"1100\" \/>\n\t<meta property=\"og:image:height\" content=\"1100\" \/>\n\t<meta property=\"og:image:type\" content=\"image\/png\" \/>\n<meta name=\"twitter:card\" content=\"summary_large_image\" \/>\n<meta name=\"twitter:label1\" content=\"Dur\u00e9e de lecture est.\" \/>\n\t<meta name=\"twitter:data1\" content=\"1 minute\" \/>\n<script type=\"application\/ld+json\" class=\"yoast-schema-graph\">{\"@context\":\"https:\/\/schema.org\",\"@graph\":[{\"@type\":\"WebPage\",\"@id\":\"https:\/\/koningdrone.be\/product\/bluetti-pv100d-solar-panel\/\",\"url\":\"https:\/\/koningdrone.be\/product\/bluetti-pv100d-solar-panel\/\",\"name\":\"Bluetti PV100D Solar Panel - koningdrone.be\",\"isPartOf\":{\"@id\":\"https:\/\/koningdrone.be\/#website\"},\"primaryImageOfPage\":{\"@id\":\"https:\/\/koningdrone.be\/product\/bluetti-pv100d-solar-panel\/#primaryimage\"},\"image\":{\"@id\":\"https:\/\/koningdrone.be\/product\/bluetti-pv100d-solar-panel\/#primaryimage\"},\"thumbnailUrl\":\"https:\/\/koningdrone.be\/wp-content\/uploads\/sites\/13\/2026\/02\/PV120D-2024-10-29_2_1100x.png\",\"datePublished\":\"2025-09-01T11:40:09+00:00\",\"dateModified\":\"2026-04-29T04:41:14+00:00\",\"breadcrumb\":{\"@id\":\"https:\/\/koningdrone.be\/product\/bluetti-pv100d-solar-panel\/#breadcrumb\"},\"inLanguage\":\"fr-BE\",\"potentialAction\":[{\"@type\":\"ReadAction\",\"target\":[\"https:\/\/koningdrone.be\/product\/bluetti-pv100d-solar-panel\/\"]}]},{\"@type\":\"ImageObject\",\"inLanguage\":\"fr-BE\",\"@id\":\"https:\/\/koningdrone.be\/product\/bluetti-pv100d-solar-panel\/#primaryimage\",\"url\":\"https:\/\/koningdrone.be\/wp-content\/uploads\/sites\/13\/2026\/02\/PV120D-2024-10-29_2_1100x.png\",\"contentUrl\":\"https:\/\/koningdrone.be\/wp-content\/uploads\/sites\/13\/2026\/02\/PV120D-2024-10-29_2_1100x.png\",\"width\":1100,\"height\":1100},{\"@type\":\"BreadcrumbList\",\"@id\":\"https:\/\/koningdrone.be\/product\/bluetti-pv100d-solar-panel\/#breadcrumb\",\"itemListElement\":[{\"@type\":\"ListItem\",\"position\":1,\"name\":\"Home\",\"item\":\"https:\/\/koningdrone.be\/\"},{\"@type\":\"ListItem\",\"position\":2,\"name\":\"AVSS Parachute Recovery System for DJI Matrice 300\/350\",\"item\":\"https:\/\/koningdrone.be\/product\/avss-parachute-recovery-system-for-dji-matrice-300-350\/\"},{\"@type\":\"ListItem\",\"position\":3,\"name\":\"Alle producten\",\"item\":\"https:\/\/koningdrone.be\/categorie\/alle-producten\/\"},{\"@type\":\"ListItem\",\"position\":4,\"name\":\"Bluetti PV100D Solar Panel\"}]},{\"@type\":\"WebSite\",\"@id\":\"https:\/\/koningdrone.be\/#website\",\"url\":\"https:\/\/koningdrone.be\/\",\"name\":\"Koningdrone.be - Uw online specialist in drones, gimbals, camera's en power stations.\",\"description\":\"De webshop in drones en gimbals\",\"publisher\":{\"@id\":\"https:\/\/koningdrone.be\/#organization\"},\"potentialAction\":[{\"@type\":\"SearchAction\",\"target\":{\"@type\":\"EntryPoint\",\"urlTemplate\":\"https:\/\/koningdrone.be\/?s={search_term_string}\"},\"query-input\":{\"@type\":\"PropertyValueSpecification\",\"valueRequired\":true,\"valueName\":\"search_term_string\"}}],\"inLanguage\":\"fr-BE\"},{\"@type\":\"Organization\",\"@id\":\"https:\/\/koningdrone.be\/#organization\",\"name\":\"Koningdrone.be\",\"url\":\"https:\/\/koningdrone.be\/\",\"logo\":{\"@type\":\"ImageObject\",\"inLanguage\":\"fr-BE\",\"@id\":\"https:\/\/koningdrone.be\/#\/schema\/logo\/image\/\",\"url\":\"https:\/\/koningdrone.be\/wp-content\/uploads\/sites\/13\/2025\/04\/koningdrone-copyright-logo.svg\",\"contentUrl\":\"https:\/\/koningdrone.be\/wp-content\/uploads\/sites\/13\/2025\/04\/koningdrone-copyright-logo.svg\",\"width\":227,\"height\":38,\"caption\":\"Koningdrone.be\"},\"image\":{\"@id\":\"https:\/\/koningdrone.be\/#\/schema\/logo\/image\/\"}}]}<\/script>\n<!-- \/ Yoast SEO Premium plugin. -->","yoast_head_json":{"title":"Bluetti PV100D Solar Panel - koningdrone.be","robots":{"index":"index","follow":"follow","max-snippet":"max-snippet:-1","max-image-preview":"max-image-preview:large","max-video-preview":"max-video-preview:-1"},"canonical":"https:\/\/koningdrone.be\/fr\/produit\/bluetti-pv100d-solar-panel\/","og_locale":"fr_FR","og_type":"article","og_title":"Bluetti PV100D Solar Panel","og_description":"Effici\u00ebnte monokristallijne zonnecellen: voor betrouwbare en stabiele energieomzetting, zelfs bij minder zonlicht  Opvouwbaar ontwerp: eenvoudig mee te nemen en compact op te bergen  Duurzaam en weerbestendig: geschikt voor langdurig buitengebruik in uiteenlopende omstandigheden  Breed compatibel: werkt met de meeste zonnegeneratoren, inclusief alle Bluetti energiecentrales  Veelzijdig inzetbaar: ideaal voor kamperen, backpacken, trektochten of andere off-grid situaties  Gebruiksvriendelijk: snel op te zetten voor directe toegang tot duurzame energie","og_url":"https:\/\/koningdrone.be\/fr\/produit\/bluetti-pv100d-solar-panel\/","og_site_name":"koningdrone.be","article_modified_time":"2026-04-29T04:41:14+00:00","og_image":[{"width":1100,"height":1100,"url":"https:\/\/koningdrone.be\/wp-content\/uploads\/sites\/13\/2026\/02\/PV120D-2024-10-29_2_1100x.png","type":"image\/png"}],"twitter_card":"summary_large_image","twitter_misc":{"Dur\u00e9e de lecture est.":"1 minute"},"schema":{"@context":"https:\/\/schema.org","@graph":[{"@type":"WebPage","@id":"https:\/\/koningdrone.be\/product\/bluetti-pv100d-solar-panel\/","url":"https:\/\/koningdrone.be\/product\/bluetti-pv100d-solar-panel\/","name":"Bluetti PV100D Solar Panel - koningdrone.be","isPartOf":{"@id":"https:\/\/koningdrone.be\/#website"},"primaryImageOfPage":{"@id":"https:\/\/koningdrone.be\/product\/bluetti-pv100d-solar-panel\/#primaryimage"},"image":{"@id":"https:\/\/koningdrone.be\/product\/bluetti-pv100d-solar-panel\/#primaryimage"},"thumbnailUrl":"https:\/\/koningdrone.be\/wp-content\/uploads\/sites\/13\/2026\/02\/PV120D-2024-10-29_2_1100x.png","datePublished":"2025-09-01T11:40:09+00:00","dateModified":"2026-04-29T04:41:14+00:00","breadcrumb":{"@id":"https:\/\/koningdrone.be\/product\/bluetti-pv100d-solar-panel\/#breadcrumb"},"inLanguage":"fr-BE","potentialAction":[{"@type":"ReadAction","target":["https:\/\/koningdrone.be\/product\/bluetti-pv100d-solar-panel\/"]}]},{"@type":"ImageObject","inLanguage":"fr-BE","@id":"https:\/\/koningdrone.be\/product\/bluetti-pv100d-solar-panel\/#primaryimage","url":"https:\/\/koningdrone.be\/wp-content\/uploads\/sites\/13\/2026\/02\/PV120D-2024-10-29_2_1100x.png","contentUrl":"https:\/\/koningdrone.be\/wp-content\/uploads\/sites\/13\/2026\/02\/PV120D-2024-10-29_2_1100x.png","width":1100,"height":1100},{"@type":"BreadcrumbList","@id":"https:\/\/koningdrone.be\/product\/bluetti-pv100d-solar-panel\/#breadcrumb","itemListElement":[{"@type":"ListItem","position":1,"name":"Home","item":"https:\/\/koningdrone.be\/"},{"@type":"ListItem","position":2,"name":"AVSS Parachute Recovery System for DJI Matrice 300\/350","item":"https:\/\/koningdrone.be\/product\/avss-parachute-recovery-system-for-dji-matrice-300-350\/"},{"@type":"ListItem","position":3,"name":"Alle producten","item":"https:\/\/koningdrone.be\/categorie\/alle-producten\/"},{"@type":"ListItem","position":4,"name":"Bluetti PV100D Solar Panel"}]},{"@type":"WebSite","@id":"https:\/\/koningdrone.be\/#website","url":"https:\/\/koningdrone.be\/","name":"Koningdrone.be - Votre sp\u00e9cialiste en ligne en mati\u00e8re de drones, de cardans, de cam\u00e9ras et de centrales \u00e9lectriques.","description":"La boutique en ligne de drones et de cardans","publisher":{"@id":"https:\/\/koningdrone.be\/#organization"},"potentialAction":[{"@type":"SearchAction","target":{"@type":"EntryPoint","urlTemplate":"https:\/\/koningdrone.be\/?s={search_term_string}"},"query-input":{"@type":"PropertyValueSpecification","valueRequired":true,"valueName":"search_term_string"}}],"inLanguage":"fr-BE"},{"@type":"Organization","@id":"https:\/\/koningdrone.be\/#organization","name":"Kingdrone.co.uk","url":"https:\/\/koningdrone.be\/","logo":{"@type":"ImageObject","inLanguage":"fr-BE","@id":"https:\/\/koningdrone.be\/#\/schema\/logo\/image\/","url":"https:\/\/koningdrone.be\/wp-content\/uploads\/sites\/13\/2025\/04\/koningdrone-copyright-logo.svg","contentUrl":"https:\/\/koningdrone.be\/wp-content\/uploads\/sites\/13\/2025\/04\/koningdrone-copyright-logo.svg","width":227,"height":38,"caption":"Koningdrone.be"},"image":{"@id":"https:\/\/koningdrone.be\/#\/schema\/logo\/image\/"}}]}},"df_price":"","df_sale_price":"","df_regular_price":"","df_image_link":"https:\/\/koningdrone.be\/wp-content\/uploads\/sites\/13\/2026\/02\/PV120D-2024-10-29_2_1100x-300x300.png","_links":{"self":[{"href":"https:\/\/koningdrone.be\/fr\/wp-json\/wp\/v2\/product\/16302","targetHints":{"allow":["GET"]}}],"collection":[{"href":"https:\/\/koningdrone.be\/fr\/wp-json\/wp\/v2\/product"}],"about":[{"href":"https:\/\/koningdrone.be\/fr\/wp-json\/wp\/v2\/types\/product"}],"wp:featuredmedia":[{"embeddable":true,"href":"https:\/\/koningdrone.be\/fr\/wp-json\/wp\/v2\/media\/16296"}],"wp:attachment":[{"href":"https:\/\/koningdrone.be\/fr\/wp-json\/wp\/v2\/media?parent=16302"}],"wp:term":[{"taxonomy":"product_brand","embeddable":true,"href":"https:\/\/koningdrone.be\/fr\/wp-json\/wp\/v2\/product_brand?post=16302"},{"taxonomy":"product_cat","embeddable":true,"href":"https:\/\/koningdrone.be\/fr\/wp-json\/wp\/v2\/product_cat?post=16302"},{"taxonomy":"product_tag","embeddable":true,"href":"https:\/\/koningdrone.be\/fr\/wp-json\/wp\/v2\/product_tag?post=16302"}],"curies":[{"name":"wp","href":"https:\/\/api.w.org\/{rel}","templated":true}]}}