{"id":16295,"date":"2025-09-01T13:40:09","date_gmt":"2025-09-01T11:40:09","guid":{"rendered":"https:\/\/koningdrone.be\/product\/bluetti-handsfree-2\/"},"modified":"2026-04-29T06:41:13","modified_gmt":"2026-04-29T04:41:13","slug":"bluetti-handsfree-2","status":"publish","type":"product","link":"https:\/\/koningdrone.be\/fr\/produit\/bluetti-handsfree-2\/","title":{"rendered":"Mains libres Bluetti 2"},"content":{"rendered":"<h2>Bluetti Handsfree 2 Portable Backpack Power<\/h2>\n<p><strong>Toujours l'\u00e9nergie \u00e0 port\u00e9e de main - \u00e9l\u00e9gant, puissant et con\u00e7u pour les voyages.<\/strong><\/p>\n<p>Le <strong>Mains libres Bluetti 2<\/strong> est un sac \u00e0 dos portable avanc\u00e9 qui combine fonctionnalit\u00e9 et stockage d'\u00e9nergie dans un design \u00e9l\u00e9gant. Avec une capacit\u00e9 d'alimentation sup\u00e9rieure \u00e0 celle de son pr\u00e9d\u00e9cesseur et un design \u00e9l\u00e9gant et ergonomique, ce sac \u00e0 dos est id\u00e9al pour tous ceux qui veulent continuer \u00e0 charger en d\u00e9placement, sans faire de compromis sur le confort ou le style.<\/p>\n<ul>\n<li><strong>Solution tout-en-un :<\/strong> combine une centrale \u00e9lectrique portable avec un sac \u00e0 dos de voyage fonctionnel<\/li>\n<li><strong>Am\u00e9lioration de la capacit\u00e9 \u00e9nerg\u00e9tique :<\/strong> fournit suffisamment d'\u00e9nergie pour charger plusieurs appareils simultan\u00e9ment<\/li>\n<li><strong>Convient \u00e0 un usage quotidien :<\/strong> parfait pour les trajets quotidiens, les voyages d'affaires et les aventures en plein air<\/li>\n<li><strong>Conception \u00e9l\u00e9gante et intelligente :<\/strong> l\u00e9ger, respirant et dot\u00e9 d'un espace de rangement strat\u00e9gique<\/li>\n<li><strong>Des performances fiables :<\/strong> permet de recharger vos appareils sans d\u00e9pendre de prises de courant fixes<\/li>\n<\/ul>\n<p>Avec la <strong>Mains libres 2<\/strong> vous transportez non seulement vos affaires, mais aussi la libert\u00e9 de rester connect\u00e9 \u00e0 tout moment et en tout lieu.<\/p>","protected":false},"excerpt":{"rendered":"<ul>\n<li><strong>Conception tout-en-un :<\/strong> int\u00e9gration d'une station d'\u00e9nergie ultra-mince et d'un sac \u00e0 dos spacieux de 60 litres<\/li>\n<li><strong>La puissance en mouvement :<\/strong> rechargez plusieurs appareils en mains libres tout en transportant votre station d'alimentation avec vous<\/li>\n<li><strong>L'\u00e9nergie solaire accessible :<\/strong> La conception innovante des panneaux solaires fragment\u00e9s permet une recharge facile et efficace, quel que soit l'endroit o\u00f9 le soleil brille.<\/li>\n<li><strong>Con\u00e7u pour les photographes d'ext\u00e9rieur :<\/strong> Compartiments de stockage modulaires, acc\u00e8s rapide et capacit\u00e9 d'alimentation suffisante pour des prises de vue ininterrompues dans la nature.<\/li>\n<li><strong>Sac \u00e0 dos facile \u00e0 transporter :<\/strong> \u00e9quip\u00e9 d'un syst\u00e8me MOLLE et d'un design ergonomique et respirant - supporte une capacit\u00e9 de charge allant jusqu'\u00e0 30 kg<\/li>\n<li><strong>\u00c9tanch\u00e9it\u00e9 IPX4 :<\/strong> Prot\u00e8ge votre centrale et votre \u00e9quipement de la pluie et des \u00e9claboussures, afin que vous soyez pr\u00eat \u00e0 faire face \u00e0 toutes les conditions m\u00e9t\u00e9orologiques.<\/li>\n<\/ul>","protected":false},"featured_media":16285,"template":"","meta":{"_acf_changed":false},"product_brand":[],"product_cat":[97,1701,829],"product_tag":[],"class_list":{"0":"post-16295","1":"product","2":"type-product","3":"status-publish","4":"has-post-thumbnail","6":"product_cat-alle-producten","7":"product_cat-anker-bluetti","8":"product_cat-bluetti","9":"product_shipping_class-outofstock","10":"pa_brand-bluetti","11":"pa_producttype-backpack-energiecentrale","13":"first","14":"outofstock","15":"taxable","16":"shipping-taxable","17":"product-type-simple"},"acf":[],"yoast_head":"<!-- This site is optimized with the Yoast SEO Premium plugin v27.2 (Yoast SEO v27.2) - https:\/\/yoast.com\/product\/yoast-seo-premium-wordpress\/ -->\n<title>Bluetti Handsfree 2 - koningdrone.be<\/title>\n<meta name=\"robots\" content=\"index, follow, max-snippet:-1, max-image-preview:large, max-video-preview:-1\" \/>\n<link rel=\"canonical\" href=\"https:\/\/koningdrone.be\/fr\/produit\/bluetti-handsfree-2\/\" \/>\n<meta property=\"og:locale\" content=\"fr_FR\" \/>\n<meta property=\"og:type\" content=\"article\" \/>\n<meta property=\"og:title\" content=\"Bluetti Handsfree 2\" \/>\n<meta property=\"og:description\" content=\"Alles-in-\u00e9\u00e9n ontwerp: integratie van een ultraslank energiestation en een ruime rugzak van 60 liter  Stroom onderweg: laad meerdere apparaten handsfree op terwijl je je powerstation bij je draagt  Toegankelijke zonne-energie: innovatief gefragmenteerd zonnepaneelontwerp maakt opladen eenvoudig en effici\u00ebnt, waar de zon ook schijnt  Gemaakt voor buitenfotografen: voorzien van modulaire opslagvakken, snelle toegang en voldoende stroomcapaciteit voor ononderbroken fotografie in de natuur  Reisvriendelijke rugzak: uitgerust met MOLLE-systeem en ergonomisch, ademend ontwerp \u2013 ondersteunt een draagvermogen tot 30 kg  IPX4 waterdicht: beschermt je krachtcentrale en apparatuur tegen regen en spatwater, zodat je voorbereid bent op elk weertype\" \/>\n<meta property=\"og:url\" content=\"https:\/\/koningdrone.be\/fr\/produit\/bluetti-handsfree-2\/\" \/>\n<meta property=\"og:site_name\" content=\"koningdrone.be\" \/>\n<meta property=\"article:modified_time\" content=\"2026-04-29T04:41:13+00:00\" \/>\n<meta property=\"og:image\" content=\"https:\/\/koningdrone.be\/wp-content\/uploads\/sites\/13\/2026\/02\/HandsFree-2-2025-02-22_8_1100x.png\" \/>\n\t<meta property=\"og:image:width\" content=\"1100\" \/>\n\t<meta property=\"og:image:height\" content=\"1100\" \/>\n\t<meta property=\"og:image:type\" content=\"image\/png\" \/>\n<meta name=\"twitter:card\" content=\"summary_large_image\" \/>\n<meta name=\"twitter:label1\" content=\"Dur\u00e9e de lecture est.\" \/>\n\t<meta name=\"twitter:data1\" content=\"1 minute\" \/>\n<script type=\"application\/ld+json\" class=\"yoast-schema-graph\">{\"@context\":\"https:\/\/schema.org\",\"@graph\":[{\"@type\":\"WebPage\",\"@id\":\"https:\/\/koningdrone.be\/product\/bluetti-handsfree-2\/\",\"url\":\"https:\/\/koningdrone.be\/product\/bluetti-handsfree-2\/\",\"name\":\"Bluetti Handsfree 2 - koningdrone.be\",\"isPartOf\":{\"@id\":\"https:\/\/koningdrone.be\/#website\"},\"primaryImageOfPage\":{\"@id\":\"https:\/\/koningdrone.be\/product\/bluetti-handsfree-2\/#primaryimage\"},\"image\":{\"@id\":\"https:\/\/koningdrone.be\/product\/bluetti-handsfree-2\/#primaryimage\"},\"thumbnailUrl\":\"https:\/\/koningdrone.be\/wp-content\/uploads\/sites\/13\/2026\/02\/HandsFree-2-2025-02-22_8_1100x.png\",\"datePublished\":\"2025-09-01T11:40:09+00:00\",\"dateModified\":\"2026-04-29T04:41:13+00:00\",\"breadcrumb\":{\"@id\":\"https:\/\/koningdrone.be\/product\/bluetti-handsfree-2\/#breadcrumb\"},\"inLanguage\":\"fr-BE\",\"potentialAction\":[{\"@type\":\"ReadAction\",\"target\":[\"https:\/\/koningdrone.be\/product\/bluetti-handsfree-2\/\"]}]},{\"@type\":\"ImageObject\",\"inLanguage\":\"fr-BE\",\"@id\":\"https:\/\/koningdrone.be\/product\/bluetti-handsfree-2\/#primaryimage\",\"url\":\"https:\/\/koningdrone.be\/wp-content\/uploads\/sites\/13\/2026\/02\/HandsFree-2-2025-02-22_8_1100x.png\",\"contentUrl\":\"https:\/\/koningdrone.be\/wp-content\/uploads\/sites\/13\/2026\/02\/HandsFree-2-2025-02-22_8_1100x.png\",\"width\":1100,\"height\":1100},{\"@type\":\"BreadcrumbList\",\"@id\":\"https:\/\/koningdrone.be\/product\/bluetti-handsfree-2\/#breadcrumb\",\"itemListElement\":[{\"@type\":\"ListItem\",\"position\":1,\"name\":\"Home\",\"item\":\"https:\/\/koningdrone.be\/\"},{\"@type\":\"ListItem\",\"position\":2,\"name\":\"AVSS Parachute Recovery System for DJI Matrice 300\/350\",\"item\":\"https:\/\/koningdrone.be\/product\/avss-parachute-recovery-system-for-dji-matrice-300-350\/\"},{\"@type\":\"ListItem\",\"position\":3,\"name\":\"Alle producten\",\"item\":\"https:\/\/koningdrone.be\/categorie\/alle-producten\/\"},{\"@type\":\"ListItem\",\"position\":4,\"name\":\"Bluetti Handsfree 2\"}]},{\"@type\":\"WebSite\",\"@id\":\"https:\/\/koningdrone.be\/#website\",\"url\":\"https:\/\/koningdrone.be\/\",\"name\":\"Koningdrone.be - Uw online specialist in drones, gimbals, camera's en power stations.\",\"description\":\"De webshop in drones en gimbals\",\"publisher\":{\"@id\":\"https:\/\/koningdrone.be\/#organization\"},\"potentialAction\":[{\"@type\":\"SearchAction\",\"target\":{\"@type\":\"EntryPoint\",\"urlTemplate\":\"https:\/\/koningdrone.be\/?s={search_term_string}\"},\"query-input\":{\"@type\":\"PropertyValueSpecification\",\"valueRequired\":true,\"valueName\":\"search_term_string\"}}],\"inLanguage\":\"fr-BE\"},{\"@type\":\"Organization\",\"@id\":\"https:\/\/koningdrone.be\/#organization\",\"name\":\"Koningdrone.be\",\"url\":\"https:\/\/koningdrone.be\/\",\"logo\":{\"@type\":\"ImageObject\",\"inLanguage\":\"fr-BE\",\"@id\":\"https:\/\/koningdrone.be\/#\/schema\/logo\/image\/\",\"url\":\"https:\/\/koningdrone.be\/wp-content\/uploads\/sites\/13\/2025\/04\/koningdrone-copyright-logo.svg\",\"contentUrl\":\"https:\/\/koningdrone.be\/wp-content\/uploads\/sites\/13\/2025\/04\/koningdrone-copyright-logo.svg\",\"width\":227,\"height\":38,\"caption\":\"Koningdrone.be\"},\"image\":{\"@id\":\"https:\/\/koningdrone.be\/#\/schema\/logo\/image\/\"}}]}<\/script>\n<!-- \/ Yoast SEO Premium plugin. -->","yoast_head_json":{"title":"Bluetti Handsfree 2 - koningdrone.be","robots":{"index":"index","follow":"follow","max-snippet":"max-snippet:-1","max-image-preview":"max-image-preview:large","max-video-preview":"max-video-preview:-1"},"canonical":"https:\/\/koningdrone.be\/fr\/produit\/bluetti-handsfree-2\/","og_locale":"fr_FR","og_type":"article","og_title":"Bluetti Handsfree 2","og_description":"Alles-in-\u00e9\u00e9n ontwerp: integratie van een ultraslank energiestation en een ruime rugzak van 60 liter  Stroom onderweg: laad meerdere apparaten handsfree op terwijl je je powerstation bij je draagt  Toegankelijke zonne-energie: innovatief gefragmenteerd zonnepaneelontwerp maakt opladen eenvoudig en effici\u00ebnt, waar de zon ook schijnt  Gemaakt voor buitenfotografen: voorzien van modulaire opslagvakken, snelle toegang en voldoende stroomcapaciteit voor ononderbroken fotografie in de natuur  Reisvriendelijke rugzak: uitgerust met MOLLE-systeem en ergonomisch, ademend ontwerp \u2013 ondersteunt een draagvermogen tot 30 kg  IPX4 waterdicht: beschermt je krachtcentrale en apparatuur tegen regen en spatwater, zodat je voorbereid bent op elk weertype","og_url":"https:\/\/koningdrone.be\/fr\/produit\/bluetti-handsfree-2\/","og_site_name":"koningdrone.be","article_modified_time":"2026-04-29T04:41:13+00:00","og_image":[{"width":1100,"height":1100,"url":"https:\/\/koningdrone.be\/wp-content\/uploads\/sites\/13\/2026\/02\/HandsFree-2-2025-02-22_8_1100x.png","type":"image\/png"}],"twitter_card":"summary_large_image","twitter_misc":{"Dur\u00e9e de lecture est.":"1 minute"},"schema":{"@context":"https:\/\/schema.org","@graph":[{"@type":"WebPage","@id":"https:\/\/koningdrone.be\/product\/bluetti-handsfree-2\/","url":"https:\/\/koningdrone.be\/product\/bluetti-handsfree-2\/","name":"Bluetti Handsfree 2 - koningdrone.be","isPartOf":{"@id":"https:\/\/koningdrone.be\/#website"},"primaryImageOfPage":{"@id":"https:\/\/koningdrone.be\/product\/bluetti-handsfree-2\/#primaryimage"},"image":{"@id":"https:\/\/koningdrone.be\/product\/bluetti-handsfree-2\/#primaryimage"},"thumbnailUrl":"https:\/\/koningdrone.be\/wp-content\/uploads\/sites\/13\/2026\/02\/HandsFree-2-2025-02-22_8_1100x.png","datePublished":"2025-09-01T11:40:09+00:00","dateModified":"2026-04-29T04:41:13+00:00","breadcrumb":{"@id":"https:\/\/koningdrone.be\/product\/bluetti-handsfree-2\/#breadcrumb"},"inLanguage":"fr-BE","potentialAction":[{"@type":"ReadAction","target":["https:\/\/koningdrone.be\/product\/bluetti-handsfree-2\/"]}]},{"@type":"ImageObject","inLanguage":"fr-BE","@id":"https:\/\/koningdrone.be\/product\/bluetti-handsfree-2\/#primaryimage","url":"https:\/\/koningdrone.be\/wp-content\/uploads\/sites\/13\/2026\/02\/HandsFree-2-2025-02-22_8_1100x.png","contentUrl":"https:\/\/koningdrone.be\/wp-content\/uploads\/sites\/13\/2026\/02\/HandsFree-2-2025-02-22_8_1100x.png","width":1100,"height":1100},{"@type":"BreadcrumbList","@id":"https:\/\/koningdrone.be\/product\/bluetti-handsfree-2\/#breadcrumb","itemListElement":[{"@type":"ListItem","position":1,"name":"Home","item":"https:\/\/koningdrone.be\/"},{"@type":"ListItem","position":2,"name":"AVSS Parachute Recovery System for DJI Matrice 300\/350","item":"https:\/\/koningdrone.be\/product\/avss-parachute-recovery-system-for-dji-matrice-300-350\/"},{"@type":"ListItem","position":3,"name":"Alle producten","item":"https:\/\/koningdrone.be\/categorie\/alle-producten\/"},{"@type":"ListItem","position":4,"name":"Bluetti Handsfree 2"}]},{"@type":"WebSite","@id":"https:\/\/koningdrone.be\/#website","url":"https:\/\/koningdrone.be\/","name":"Koningdrone.be - Votre sp\u00e9cialiste en ligne en mati\u00e8re de drones, de cardans, de cam\u00e9ras et de centrales \u00e9lectriques.","description":"La boutique en ligne de drones et de cardans","publisher":{"@id":"https:\/\/koningdrone.be\/#organization"},"potentialAction":[{"@type":"SearchAction","target":{"@type":"EntryPoint","urlTemplate":"https:\/\/koningdrone.be\/?s={search_term_string}"},"query-input":{"@type":"PropertyValueSpecification","valueRequired":true,"valueName":"search_term_string"}}],"inLanguage":"fr-BE"},{"@type":"Organization","@id":"https:\/\/koningdrone.be\/#organization","name":"Kingdrone.co.uk","url":"https:\/\/koningdrone.be\/","logo":{"@type":"ImageObject","inLanguage":"fr-BE","@id":"https:\/\/koningdrone.be\/#\/schema\/logo\/image\/","url":"https:\/\/koningdrone.be\/wp-content\/uploads\/sites\/13\/2025\/04\/koningdrone-copyright-logo.svg","contentUrl":"https:\/\/koningdrone.be\/wp-content\/uploads\/sites\/13\/2025\/04\/koningdrone-copyright-logo.svg","width":227,"height":38,"caption":"Koningdrone.be"},"image":{"@id":"https:\/\/koningdrone.be\/#\/schema\/logo\/image\/"}}]}},"df_price":"","df_sale_price":"","df_regular_price":"","df_image_link":"https:\/\/koningdrone.be\/wp-content\/uploads\/sites\/13\/2026\/02\/HandsFree-2-2025-02-22_8_1100x-300x300.png","_links":{"self":[{"href":"https:\/\/koningdrone.be\/fr\/wp-json\/wp\/v2\/product\/16295","targetHints":{"allow":["GET"]}}],"collection":[{"href":"https:\/\/koningdrone.be\/fr\/wp-json\/wp\/v2\/product"}],"about":[{"href":"https:\/\/koningdrone.be\/fr\/wp-json\/wp\/v2\/types\/product"}],"wp:featuredmedia":[{"embeddable":true,"href":"https:\/\/koningdrone.be\/fr\/wp-json\/wp\/v2\/media\/16285"}],"wp:attachment":[{"href":"https:\/\/koningdrone.be\/fr\/wp-json\/wp\/v2\/media?parent=16295"}],"wp:term":[{"taxonomy":"product_brand","embeddable":true,"href":"https:\/\/koningdrone.be\/fr\/wp-json\/wp\/v2\/product_brand?post=16295"},{"taxonomy":"product_cat","embeddable":true,"href":"https:\/\/koningdrone.be\/fr\/wp-json\/wp\/v2\/product_cat?post=16295"},{"taxonomy":"product_tag","embeddable":true,"href":"https:\/\/koningdrone.be\/fr\/wp-json\/wp\/v2\/product_tag?post=16295"}],"curies":[{"name":"wp","href":"https:\/\/api.w.org\/{rel}","templated":true}]}}