{"id":16284,"date":"2025-09-01T13:40:09","date_gmt":"2025-09-01T11:40:09","guid":{"rendered":"https:\/\/koningdrone.be\/product\/bluetti-ac2p-power-station\/"},"modified":"2026-04-29T06:41:09","modified_gmt":"2026-04-29T04:41:09","slug":"bluetti-ac2p-power-station","status":"publish","type":"product","link":"https:\/\/koningdrone.be\/fr\/produit\/bluetti-ac2p-power-station\/","title":{"rendered":"Station d'alimentation Bluetti AC2P"},"content":{"rendered":"<h2>Centrale solaire Bluetti AC2P<\/h2>\n<p><strong>Compact, puissant et pr\u00eat pour toutes les aventures.<\/strong><\/p>\n<p>Le <strong>Centrale solaire Bluetti AC2P<\/strong> est une solution \u00e9nerg\u00e9tique avanc\u00e9e et l\u00e9g\u00e8re, d'une capacit\u00e9 de <strong>230,4Wh<\/strong> et une puissance de <strong>300W<\/strong>. Parfait pour le camping, les voyages ou comme source d'alimentation de secours fiable \u00e0 la maison.<\/p>\n<h2>Caract\u00e9ristiques principales<\/h2>\n<ul>\n<li><strong>Connectivit\u00e9 polyvalente :<\/strong> \u00c9quip\u00e9 de ports CA, USB-C, USB-A et d'une prise standard pour tous vos appareils.<\/li>\n<li><strong>Temps de charge rapide :<\/strong> charge jusqu'\u00e0 80% en seulement <strong>45 minutes<\/strong> par l'interm\u00e9diaire du r\u00e9seau \u00e9lectrique et enti\u00e8rement par l'interm\u00e9diaire de l'\u00e9nergie solaire dans un d\u00e9lai d'environ <strong>1,5 heure<\/strong>.<\/li>\n<li><strong>Batterie LiFePO\u2084 de haute qualit\u00e9 :<\/strong> offre plus de <strong>3 000 cycles de charge<\/strong> pour une fiabilit\u00e9 \u00e0 long terme.<\/li>\n<li><strong>Prend en charge le chargement par l'interm\u00e9diaire de l'appareil :<\/strong> charger vos appareils pendant que la centrale est elle-m\u00eame charg\u00e9e.<\/li>\n<li><strong>Contr\u00f4le \u00e0 distance de l'application :<\/strong> g\u00e9rer facilement toutes les fonctions par l'interm\u00e9diaire du <strong>Application Bluetti<\/strong>, Id\u00e9al pour les voyages.<\/li>\n<\/ul>\n<h2>Id\u00e9al pour :<\/h2>\n<ul>\n<li>Les campeurs qui ont besoin d'une alimentation fiable et sans souci<\/li>\n<li>Les voyageurs qui veulent faire des bagages l\u00e9gers et efficaces<\/li>\n<li>Les m\u00e9nages veulent se pr\u00e9parer aux pannes d'\u00e9lectricit\u00e9<\/li>\n<\/ul>\n<p>Avec son design intelligent, ses temps de charge rapides et sa technologie de batterie longue dur\u00e9e, le Bluetti AC2P est un partenaire d'alimentation indispensable dans toutes les situations.<\/p>","protected":false},"excerpt":{"rendered":"<ul>\n<li><strong>Conception ultra-portable :<\/strong> Il peut \u00eatre emport\u00e9 partout sans effort, du sommet de la montagne \u00e0 l'arri\u00e8re-cour.<\/li>\n<li><strong>Id\u00e9al pour toutes les situations :<\/strong> Parfait pour les aventures en plein air, les voyages en voiture et comme source d'\u00e9nergie fiable en cas d'urgence.<\/li>\n<li><strong>Chargement efficace :<\/strong> Se charge rapidement et peut alimenter plusieurs appareils simultan\u00e9ment.<\/li>\n<li><strong>Technologie de batterie durable :<\/strong> Profitez d'ann\u00e9es de performances fiables gr\u00e2ce \u00e0 la batterie LiFePO\u2084 de haute qualit\u00e9.<\/li>\n<li><strong>Utilisation conviviale de l'application :<\/strong> Surveillez et contr\u00f4lez facilement votre source d'alimentation \u00e0 distance via l'appli Bluetti.<\/li>\n<li><strong>Calme et respectueux de l'environnement :<\/strong> une alternative propre aux g\u00e9n\u00e9rateurs de gaz bruyants et polluants.<\/li>\n<\/ul>","protected":false},"featured_media":16278,"template":"","meta":{"_acf_changed":false},"product_brand":[],"product_cat":[97,1701,829],"product_tag":[],"class_list":{"0":"post-16284","1":"product","2":"type-product","3":"status-publish","4":"has-post-thumbnail","6":"product_cat-alle-producten","7":"product_cat-anker-bluetti","8":"product_cat-bluetti","9":"product_shipping_class-outofstock","10":"pa_brand-bluetti","11":"pa_producttype-draagbare-energiecentrale","13":"first","14":"outofstock","15":"taxable","16":"shipping-taxable","17":"product-type-simple"},"acf":[],"yoast_head":"<!-- This site is optimized with the Yoast SEO Premium plugin v27.2 (Yoast SEO v27.2) - https:\/\/yoast.com\/product\/yoast-seo-premium-wordpress\/ -->\n<title>Bluetti AC2P Power station - koningdrone.be<\/title>\n<meta name=\"robots\" content=\"index, follow, max-snippet:-1, max-image-preview:large, max-video-preview:-1\" \/>\n<link rel=\"canonical\" href=\"https:\/\/koningdrone.be\/fr\/produit\/bluetti-ac2p-power-station\/\" \/>\n<meta property=\"og:locale\" content=\"fr_FR\" \/>\n<meta property=\"og:type\" content=\"article\" \/>\n<meta property=\"og:title\" content=\"Bluetti AC2P Power station\" \/>\n<meta property=\"og:description\" content=\"Ultradraagbaar ontwerp: neem hem moeiteloos overal mee naartoe \u2013 van bergtop tot achtertuin.  Ideaal voor elke situatie: perfect voor outdooravonturen, roadtrips en als betrouwbare stroombron bij noodsituaties.  Effici\u00ebnt opladen: laadt snel op en kan meerdere apparaten tegelijk van stroom voorzien.  Duurzame batterijtechnologie: geniet van jarenlange betrouwbare prestaties dankzij de hoogwaardige LiFePO\u2084 batterij.  Gebruiksvriendelijke app-bediening: monitor en bestuur je energiebron gemakkelijk op afstand via de Bluetti app.  Stil en milieuvriendelijk: een schoon alternatief voor lawaaierige en vervuilende gasgeneratoren.\" \/>\n<meta property=\"og:url\" content=\"https:\/\/koningdrone.be\/fr\/produit\/bluetti-ac2p-power-station\/\" \/>\n<meta property=\"og:site_name\" content=\"koningdrone.be\" \/>\n<meta property=\"article:modified_time\" content=\"2026-04-29T04:41:09+00:00\" \/>\n<meta property=\"og:image\" content=\"https:\/\/koningdrone.be\/wp-content\/uploads\/sites\/13\/2026\/02\/AC2P-ZT1_1100x.png\" \/>\n\t<meta property=\"og:image:width\" content=\"1100\" \/>\n\t<meta property=\"og:image:height\" content=\"1100\" \/>\n\t<meta property=\"og:image:type\" content=\"image\/png\" \/>\n<meta name=\"twitter:card\" content=\"summary_large_image\" \/>\n<meta name=\"twitter:label1\" content=\"Dur\u00e9e de lecture est.\" \/>\n\t<meta name=\"twitter:data1\" content=\"1 minute\" \/>\n<script type=\"application\/ld+json\" class=\"yoast-schema-graph\">{\"@context\":\"https:\/\/schema.org\",\"@graph\":[{\"@type\":\"WebPage\",\"@id\":\"https:\/\/koningdrone.be\/product\/bluetti-ac2p-power-station\/\",\"url\":\"https:\/\/koningdrone.be\/product\/bluetti-ac2p-power-station\/\",\"name\":\"Bluetti AC2P Power station - koningdrone.be\",\"isPartOf\":{\"@id\":\"https:\/\/koningdrone.be\/#website\"},\"primaryImageOfPage\":{\"@id\":\"https:\/\/koningdrone.be\/product\/bluetti-ac2p-power-station\/#primaryimage\"},\"image\":{\"@id\":\"https:\/\/koningdrone.be\/product\/bluetti-ac2p-power-station\/#primaryimage\"},\"thumbnailUrl\":\"https:\/\/koningdrone.be\/wp-content\/uploads\/sites\/13\/2026\/02\/AC2P-ZT1_1100x.png\",\"datePublished\":\"2025-09-01T11:40:09+00:00\",\"dateModified\":\"2026-04-29T04:41:09+00:00\",\"breadcrumb\":{\"@id\":\"https:\/\/koningdrone.be\/product\/bluetti-ac2p-power-station\/#breadcrumb\"},\"inLanguage\":\"fr-BE\",\"potentialAction\":[{\"@type\":\"ReadAction\",\"target\":[\"https:\/\/koningdrone.be\/product\/bluetti-ac2p-power-station\/\"]}]},{\"@type\":\"ImageObject\",\"inLanguage\":\"fr-BE\",\"@id\":\"https:\/\/koningdrone.be\/product\/bluetti-ac2p-power-station\/#primaryimage\",\"url\":\"https:\/\/koningdrone.be\/wp-content\/uploads\/sites\/13\/2026\/02\/AC2P-ZT1_1100x.png\",\"contentUrl\":\"https:\/\/koningdrone.be\/wp-content\/uploads\/sites\/13\/2026\/02\/AC2P-ZT1_1100x.png\",\"width\":1100,\"height\":1100},{\"@type\":\"BreadcrumbList\",\"@id\":\"https:\/\/koningdrone.be\/product\/bluetti-ac2p-power-station\/#breadcrumb\",\"itemListElement\":[{\"@type\":\"ListItem\",\"position\":1,\"name\":\"Home\",\"item\":\"https:\/\/koningdrone.be\/\"},{\"@type\":\"ListItem\",\"position\":2,\"name\":\"AVSS Parachute Recovery System for DJI Matrice 300\/350\",\"item\":\"https:\/\/koningdrone.be\/product\/avss-parachute-recovery-system-for-dji-matrice-300-350\/\"},{\"@type\":\"ListItem\",\"position\":3,\"name\":\"Alle producten\",\"item\":\"https:\/\/koningdrone.be\/categorie\/alle-producten\/\"},{\"@type\":\"ListItem\",\"position\":4,\"name\":\"Bluetti AC2P Power station\"}]},{\"@type\":\"WebSite\",\"@id\":\"https:\/\/koningdrone.be\/#website\",\"url\":\"https:\/\/koningdrone.be\/\",\"name\":\"Koningdrone.be - Uw online specialist in drones, gimbals, camera's en power stations.\",\"description\":\"De webshop in drones en gimbals\",\"publisher\":{\"@id\":\"https:\/\/koningdrone.be\/#organization\"},\"potentialAction\":[{\"@type\":\"SearchAction\",\"target\":{\"@type\":\"EntryPoint\",\"urlTemplate\":\"https:\/\/koningdrone.be\/?s={search_term_string}\"},\"query-input\":{\"@type\":\"PropertyValueSpecification\",\"valueRequired\":true,\"valueName\":\"search_term_string\"}}],\"inLanguage\":\"fr-BE\"},{\"@type\":\"Organization\",\"@id\":\"https:\/\/koningdrone.be\/#organization\",\"name\":\"Koningdrone.be\",\"url\":\"https:\/\/koningdrone.be\/\",\"logo\":{\"@type\":\"ImageObject\",\"inLanguage\":\"fr-BE\",\"@id\":\"https:\/\/koningdrone.be\/#\/schema\/logo\/image\/\",\"url\":\"https:\/\/koningdrone.be\/wp-content\/uploads\/sites\/13\/2025\/04\/koningdrone-copyright-logo.svg\",\"contentUrl\":\"https:\/\/koningdrone.be\/wp-content\/uploads\/sites\/13\/2025\/04\/koningdrone-copyright-logo.svg\",\"width\":227,\"height\":38,\"caption\":\"Koningdrone.be\"},\"image\":{\"@id\":\"https:\/\/koningdrone.be\/#\/schema\/logo\/image\/\"}}]}<\/script>\n<!-- \/ Yoast SEO Premium plugin. -->","yoast_head_json":{"title":"Bluetti AC2P Power station - koningdrone.be","robots":{"index":"index","follow":"follow","max-snippet":"max-snippet:-1","max-image-preview":"max-image-preview:large","max-video-preview":"max-video-preview:-1"},"canonical":"https:\/\/koningdrone.be\/fr\/produit\/bluetti-ac2p-power-station\/","og_locale":"fr_FR","og_type":"article","og_title":"Bluetti AC2P Power station","og_description":"Ultradraagbaar ontwerp: neem hem moeiteloos overal mee naartoe \u2013 van bergtop tot achtertuin.  Ideaal voor elke situatie: perfect voor outdooravonturen, roadtrips en als betrouwbare stroombron bij noodsituaties.  Effici\u00ebnt opladen: laadt snel op en kan meerdere apparaten tegelijk van stroom voorzien.  Duurzame batterijtechnologie: geniet van jarenlange betrouwbare prestaties dankzij de hoogwaardige LiFePO\u2084 batterij.  Gebruiksvriendelijke app-bediening: monitor en bestuur je energiebron gemakkelijk op afstand via de Bluetti app.  Stil en milieuvriendelijk: een schoon alternatief voor lawaaierige en vervuilende gasgeneratoren.","og_url":"https:\/\/koningdrone.be\/fr\/produit\/bluetti-ac2p-power-station\/","og_site_name":"koningdrone.be","article_modified_time":"2026-04-29T04:41:09+00:00","og_image":[{"width":1100,"height":1100,"url":"https:\/\/koningdrone.be\/wp-content\/uploads\/sites\/13\/2026\/02\/AC2P-ZT1_1100x.png","type":"image\/png"}],"twitter_card":"summary_large_image","twitter_misc":{"Dur\u00e9e de lecture est.":"1 minute"},"schema":{"@context":"https:\/\/schema.org","@graph":[{"@type":"WebPage","@id":"https:\/\/koningdrone.be\/product\/bluetti-ac2p-power-station\/","url":"https:\/\/koningdrone.be\/product\/bluetti-ac2p-power-station\/","name":"Bluetti AC2P Power station - koningdrone.be","isPartOf":{"@id":"https:\/\/koningdrone.be\/#website"},"primaryImageOfPage":{"@id":"https:\/\/koningdrone.be\/product\/bluetti-ac2p-power-station\/#primaryimage"},"image":{"@id":"https:\/\/koningdrone.be\/product\/bluetti-ac2p-power-station\/#primaryimage"},"thumbnailUrl":"https:\/\/koningdrone.be\/wp-content\/uploads\/sites\/13\/2026\/02\/AC2P-ZT1_1100x.png","datePublished":"2025-09-01T11:40:09+00:00","dateModified":"2026-04-29T04:41:09+00:00","breadcrumb":{"@id":"https:\/\/koningdrone.be\/product\/bluetti-ac2p-power-station\/#breadcrumb"},"inLanguage":"fr-BE","potentialAction":[{"@type":"ReadAction","target":["https:\/\/koningdrone.be\/product\/bluetti-ac2p-power-station\/"]}]},{"@type":"ImageObject","inLanguage":"fr-BE","@id":"https:\/\/koningdrone.be\/product\/bluetti-ac2p-power-station\/#primaryimage","url":"https:\/\/koningdrone.be\/wp-content\/uploads\/sites\/13\/2026\/02\/AC2P-ZT1_1100x.png","contentUrl":"https:\/\/koningdrone.be\/wp-content\/uploads\/sites\/13\/2026\/02\/AC2P-ZT1_1100x.png","width":1100,"height":1100},{"@type":"BreadcrumbList","@id":"https:\/\/koningdrone.be\/product\/bluetti-ac2p-power-station\/#breadcrumb","itemListElement":[{"@type":"ListItem","position":1,"name":"Home","item":"https:\/\/koningdrone.be\/"},{"@type":"ListItem","position":2,"name":"AVSS Parachute Recovery System for DJI Matrice 300\/350","item":"https:\/\/koningdrone.be\/product\/avss-parachute-recovery-system-for-dji-matrice-300-350\/"},{"@type":"ListItem","position":3,"name":"Alle producten","item":"https:\/\/koningdrone.be\/categorie\/alle-producten\/"},{"@type":"ListItem","position":4,"name":"Bluetti AC2P Power station"}]},{"@type":"WebSite","@id":"https:\/\/koningdrone.be\/#website","url":"https:\/\/koningdrone.be\/","name":"Koningdrone.be - Votre sp\u00e9cialiste en ligne en mati\u00e8re de drones, de cardans, de cam\u00e9ras et de centrales \u00e9lectriques.","description":"La boutique en ligne de drones et de cardans","publisher":{"@id":"https:\/\/koningdrone.be\/#organization"},"potentialAction":[{"@type":"SearchAction","target":{"@type":"EntryPoint","urlTemplate":"https:\/\/koningdrone.be\/?s={search_term_string}"},"query-input":{"@type":"PropertyValueSpecification","valueRequired":true,"valueName":"search_term_string"}}],"inLanguage":"fr-BE"},{"@type":"Organization","@id":"https:\/\/koningdrone.be\/#organization","name":"Kingdrone.co.uk","url":"https:\/\/koningdrone.be\/","logo":{"@type":"ImageObject","inLanguage":"fr-BE","@id":"https:\/\/koningdrone.be\/#\/schema\/logo\/image\/","url":"https:\/\/koningdrone.be\/wp-content\/uploads\/sites\/13\/2025\/04\/koningdrone-copyright-logo.svg","contentUrl":"https:\/\/koningdrone.be\/wp-content\/uploads\/sites\/13\/2025\/04\/koningdrone-copyright-logo.svg","width":227,"height":38,"caption":"Koningdrone.be"},"image":{"@id":"https:\/\/koningdrone.be\/#\/schema\/logo\/image\/"}}]}},"df_price":"","df_sale_price":"","df_regular_price":"","df_image_link":"https:\/\/koningdrone.be\/wp-content\/uploads\/sites\/13\/2026\/02\/AC2P-ZT1_1100x-300x300.png","_links":{"self":[{"href":"https:\/\/koningdrone.be\/fr\/wp-json\/wp\/v2\/product\/16284","targetHints":{"allow":["GET"]}}],"collection":[{"href":"https:\/\/koningdrone.be\/fr\/wp-json\/wp\/v2\/product"}],"about":[{"href":"https:\/\/koningdrone.be\/fr\/wp-json\/wp\/v2\/types\/product"}],"wp:featuredmedia":[{"embeddable":true,"href":"https:\/\/koningdrone.be\/fr\/wp-json\/wp\/v2\/media\/16278"}],"wp:attachment":[{"href":"https:\/\/koningdrone.be\/fr\/wp-json\/wp\/v2\/media?parent=16284"}],"wp:term":[{"taxonomy":"product_brand","embeddable":true,"href":"https:\/\/koningdrone.be\/fr\/wp-json\/wp\/v2\/product_brand?post=16284"},{"taxonomy":"product_cat","embeddable":true,"href":"https:\/\/koningdrone.be\/fr\/wp-json\/wp\/v2\/product_cat?post=16284"},{"taxonomy":"product_tag","embeddable":true,"href":"https:\/\/koningdrone.be\/fr\/wp-json\/wp\/v2\/product_tag?post=16284"}],"curies":[{"name":"wp","href":"https:\/\/api.w.org\/{rel}","templated":true}]}}