{"id":1625,"date":"2024-12-04T12:15:51","date_gmt":"2024-12-04T11:15:51","guid":{"rendered":"https:\/\/koningdrone.nl\/kon\/?post_type=product&#038;p=1625"},"modified":"2026-04-29T15:50:53","modified_gmt":"2026-04-29T13:50:53","slug":"dji-care-enterprise-plus-renew-for-dji-zenmuse-l1","status":"publish","type":"product","link":"https:\/\/koningdrone.be\/fr\/produit\/dji-care-enterprise-plus-renew-for-dji-zenmuse-l1\/","title":{"rendered":"DJI Care Enterprise Plus Renew pour DJI Zenmuse L1"},"content":{"rendered":"<h3>DJI Care Enterprise Plus Renew pour DJI Zenmuse L1<\/h3>\n<p>DJI Care Enterprise Plus Renew pour le Zenmuse L1 est un service \u00e9tendu et une couverture de protection con\u00e7us sp\u00e9cifiquement pour l'\u00e9quipement DJI Enterprise. Ce plan \u00e9tend votre couverture DJI Care Enterprise Plus existante de 12 mois de protection suppl\u00e9mentaires, garantissant un support de haute qualit\u00e9 pour votre capteur LiDAR lors de projets de cartographie et d'\u00e9tude critiques. Ce service est id\u00e9al pour les entreprises et les professionnels qui comptent sur le Zenmuse L1 pour collecter des donn\u00e9es pr\u00e9cises.<\/p>\n<h4>Performance et fonctionnalit\u00e9<\/h4>\n<p>Avec DJI Care Enterprise Plus Renew, vous pouvez b\u00e9n\u00e9ficier d'un nombre illimit\u00e9 de r\u00e9parations et de remplacements gratuits (dans la limite de la couverture) pendant la p\u00e9riode d'extension, \u00e0 condition que la couverture totale soit suffisante pour couvrir un montant \u00e9gal au co\u00fbt de l'\u00e9valuation des dommages. Cela signifie qu'en cas de dommages accidentels tels que collisions, chutes, eau ou autres incidents, le service couvre la r\u00e9paration ou le remplacement sans frais suppl\u00e9mentaires. Le service reste valable pendant 12 mois \u00e0 compter de la date d'activation et offre les m\u00eames avantages que la couverture Plus d'origine, mais avec une nouvelle ann\u00e9e de service.<\/p>\n<p><a href=\"https:\/\/koningdrone.nl\/wp-content\/uploads\/2024\/12\/DJI-Care-Enterprise-Plus-Renew-For-DJI-Zenmuse-L1.jpg\"><img loading=\"lazy\" decoding=\"async\" class=\"size-medium wp-image-471923 aligncenter\" src=\"https:\/\/koningdrone.nl\/wp-content\/uploads\/2024\/12\/DJI-Care-Enterprise-Plus-Renew-For-DJI-Zenmuse-L1-300x200.jpg\" alt=\"DJI Care Enterprise Plus Renew For DJI Zenmuse L1\" width=\"300\" height=\"200\" \/><\/a><\/p>\n<h4>Qualit\u00e9 de construction et conception<\/h4>\n<p>DJI Care Enterprise Plus Renew est une licence num\u00e9rique li\u00e9e au num\u00e9ro de s\u00e9rie de votre Zenmuse L1 et doit \u00eatre activ\u00e9e via la plateforme de service DJI Enterprise. Con\u00e7u pour les utilisateurs professionnels, le service s'int\u00e8gre parfaitement aux flux de travail de gestion de flotte existants, permettant aux entreprises de g\u00e9rer de mani\u00e8re centralis\u00e9e la protection de leur mat\u00e9riel important.<\/p>\n<h4>Pourquoi vous en avez besoin<\/h4>\n<p>Pour les organisations qui d\u00e9pendent du capteur Zenmuse L1 LiDAR pour des applications de cartographie, d'inspection ou d'arpentage, les dommages impr\u00e9vus peuvent entra\u00eener des temps d'arr\u00eat co\u00fbteux. Avec DJI Care Enterprise Plus Renew, vous pouvez continuer \u00e0 b\u00e9n\u00e9ficier de votre protection actuelle pendant 12 mois suppl\u00e9mentaires, ce qui vous offre plus de s\u00e9curit\u00e9, des co\u00fbts de r\u00e9paration et de remplacement moins \u00e9lev\u00e9s et vous permet de poursuivre votre flux de travail en toute s\u00e9r\u00e9nit\u00e9.<\/p>","protected":false},"excerpt":{"rendered":"<ul>\n<li>Extension de la couverture DJI Care Enterprise Plus pour 12 mois de protection suppl\u00e9mentaires<\/li>\n<li>R\u00e9parations et remplacements gratuits illimit\u00e9s dans la limite du montant de la couverture<\/li>\n<li>Prot\u00e8ge contre les accidents tels que les collisions, les d\u00e9g\u00e2ts caus\u00e9s par l'eau ou les chutes.<\/li>\n<li>Activation par code num\u00e9rique via la plateforme de service DJI Enterprise<\/li>\n<li>Id\u00e9al pour les applications professionnelles de cartographie et d'arpentage avec Zenmuse L1<\/li>\n<\/ul>","protected":false},"featured_media":18474,"template":"","meta":{"_acf_changed":false},"product_brand":[],"product_cat":[175,742],"product_tag":[],"class_list":{"0":"post-1625","1":"product","2":"type-product","3":"status-publish","4":"has-post-thumbnail","6":"product_cat-alle-care-refresh","7":"product_cat-dji-zenmuse-l1","8":"product_shipping_class-outofstock","9":"pa_brand-dji","10":"pa_producttype-serviceplan","12":"first","13":"outofstock","14":"taxable","15":"shipping-taxable","16":"purchasable","17":"product-type-simple"},"acf":[],"yoast_head":"<!-- This site is optimized with the Yoast SEO Premium plugin v27.2 (Yoast SEO v27.2) - https:\/\/yoast.com\/product\/yoast-seo-premium-wordpress\/ -->\n<title>DJI Care Enterprise Plus Renew For DJI Zenmuse L1 - koningdrone.be<\/title>\n<meta name=\"robots\" content=\"index, follow, max-snippet:-1, max-image-preview:large, max-video-preview:-1\" \/>\n<link rel=\"canonical\" href=\"https:\/\/koningdrone.be\/fr\/produit\/dji-care-enterprise-plus-renew-for-dji-zenmuse-l1\/\" \/>\n<meta property=\"og:locale\" content=\"fr_FR\" \/>\n<meta property=\"og:type\" content=\"article\" \/>\n<meta property=\"og:title\" content=\"DJI Care Enterprise Plus Renew For DJI Zenmuse L1\" \/>\n<meta property=\"og:description\" content=\"Verlengde DJI Care Enterprise Plus\u2011dekking voor nog eens 12 maanden bescherming  Onbeperkt gratis reparaties en vervangingen binnen het dekkingsbedrag  Beschermt tegen ongelukken zoals botsingen, water\u2011 of val\u2011schade  Activatie met digitale code via DJI Enterprise service\u2011platform  Ideaal voor professionele mapping\u2011 en survey\u2011toepassingen met Zenmuse\u202fL1\" \/>\n<meta property=\"og:url\" content=\"https:\/\/koningdrone.be\/fr\/produit\/dji-care-enterprise-plus-renew-for-dji-zenmuse-l1\/\" \/>\n<meta property=\"og:site_name\" content=\"koningdrone.be\" \/>\n<meta property=\"article:modified_time\" content=\"2026-04-29T13:50:53+00:00\" \/>\n<meta property=\"og:image\" content=\"https:\/\/koningdrone.be\/wp-content\/uploads\/sites\/13\/2026\/04\/DJI-Care-Enterprise-Plus-Renew-For-DJI-Zenmuse-L1.jpg\" \/>\n\t<meta property=\"og:image:width\" content=\"1127\" \/>\n\t<meta property=\"og:image:height\" content=\"751\" \/>\n\t<meta property=\"og:image:type\" content=\"image\/jpeg\" \/>\n<meta name=\"twitter:card\" content=\"summary_large_image\" \/>\n<meta name=\"twitter:label1\" content=\"Dur\u00e9e de lecture est.\" \/>\n\t<meta name=\"twitter:data1\" content=\"1 minute\" \/>\n<script type=\"application\/ld+json\" class=\"yoast-schema-graph\">{\"@context\":\"https:\/\/schema.org\",\"@graph\":[{\"@type\":\"WebPage\",\"@id\":\"https:\/\/koningdrone.be\/product\/dji-care-enterprise-plus-renew-for-dji-zenmuse-l1\/\",\"url\":\"https:\/\/koningdrone.be\/product\/dji-care-enterprise-plus-renew-for-dji-zenmuse-l1\/\",\"name\":\"DJI Care Enterprise Plus Renew For DJI Zenmuse L1 - koningdrone.be\",\"isPartOf\":{\"@id\":\"https:\/\/koningdrone.be\/#website\"},\"primaryImageOfPage\":{\"@id\":\"https:\/\/koningdrone.be\/product\/dji-care-enterprise-plus-renew-for-dji-zenmuse-l1\/#primaryimage\"},\"image\":{\"@id\":\"https:\/\/koningdrone.be\/product\/dji-care-enterprise-plus-renew-for-dji-zenmuse-l1\/#primaryimage\"},\"thumbnailUrl\":\"https:\/\/koningdrone.be\/wp-content\/uploads\/sites\/13\/2026\/04\/DJI-Care-Enterprise-Plus-Renew-For-DJI-Zenmuse-L1.jpg\",\"datePublished\":\"2024-12-04T11:15:51+00:00\",\"dateModified\":\"2026-04-29T13:50:53+00:00\",\"breadcrumb\":{\"@id\":\"https:\/\/koningdrone.be\/product\/dji-care-enterprise-plus-renew-for-dji-zenmuse-l1\/#breadcrumb\"},\"inLanguage\":\"fr-BE\",\"potentialAction\":[{\"@type\":\"ReadAction\",\"target\":[\"https:\/\/koningdrone.be\/product\/dji-care-enterprise-plus-renew-for-dji-zenmuse-l1\/\"]}]},{\"@type\":\"ImageObject\",\"inLanguage\":\"fr-BE\",\"@id\":\"https:\/\/koningdrone.be\/product\/dji-care-enterprise-plus-renew-for-dji-zenmuse-l1\/#primaryimage\",\"url\":\"https:\/\/koningdrone.be\/wp-content\/uploads\/sites\/13\/2026\/04\/DJI-Care-Enterprise-Plus-Renew-For-DJI-Zenmuse-L1.jpg\",\"contentUrl\":\"https:\/\/koningdrone.be\/wp-content\/uploads\/sites\/13\/2026\/04\/DJI-Care-Enterprise-Plus-Renew-For-DJI-Zenmuse-L1.jpg\",\"width\":1127,\"height\":751},{\"@type\":\"BreadcrumbList\",\"@id\":\"https:\/\/koningdrone.be\/product\/dji-care-enterprise-plus-renew-for-dji-zenmuse-l1\/#breadcrumb\",\"itemListElement\":[{\"@type\":\"ListItem\",\"position\":1,\"name\":\"Home\",\"item\":\"https:\/\/koningdrone.be\/\"},{\"@type\":\"ListItem\",\"position\":2,\"name\":\"AVSS Parachute Recovery System for DJI Matrice 300\/350\",\"item\":\"https:\/\/koningdrone.be\/product\/avss-parachute-recovery-system-for-dji-matrice-300-350\/\"},{\"@type\":\"ListItem\",\"position\":3,\"name\":\"Alle care refresh\",\"item\":\"https:\/\/koningdrone.be\/categorie\/alle-care-refresh\/\"},{\"@type\":\"ListItem\",\"position\":4,\"name\":\"DJI Care Enterprise Plus Renew For DJI Zenmuse L1\"}]},{\"@type\":\"WebSite\",\"@id\":\"https:\/\/koningdrone.be\/#website\",\"url\":\"https:\/\/koningdrone.be\/\",\"name\":\"Koningdrone.be - Uw online specialist in drones, gimbals, camera's en power stations.\",\"description\":\"De webshop in drones en gimbals\",\"publisher\":{\"@id\":\"https:\/\/koningdrone.be\/#organization\"},\"potentialAction\":[{\"@type\":\"SearchAction\",\"target\":{\"@type\":\"EntryPoint\",\"urlTemplate\":\"https:\/\/koningdrone.be\/?s={search_term_string}\"},\"query-input\":{\"@type\":\"PropertyValueSpecification\",\"valueRequired\":true,\"valueName\":\"search_term_string\"}}],\"inLanguage\":\"fr-BE\"},{\"@type\":\"Organization\",\"@id\":\"https:\/\/koningdrone.be\/#organization\",\"name\":\"Koningdrone.be\",\"url\":\"https:\/\/koningdrone.be\/\",\"logo\":{\"@type\":\"ImageObject\",\"inLanguage\":\"fr-BE\",\"@id\":\"https:\/\/koningdrone.be\/#\/schema\/logo\/image\/\",\"url\":\"https:\/\/koningdrone.be\/wp-content\/uploads\/sites\/13\/2025\/04\/koningdrone-copyright-logo.svg\",\"contentUrl\":\"https:\/\/koningdrone.be\/wp-content\/uploads\/sites\/13\/2025\/04\/koningdrone-copyright-logo.svg\",\"width\":227,\"height\":38,\"caption\":\"Koningdrone.be\"},\"image\":{\"@id\":\"https:\/\/koningdrone.be\/#\/schema\/logo\/image\/\"}}]}<\/script>\n<!-- \/ Yoast SEO Premium plugin. -->","yoast_head_json":{"title":"DJI Care Enterprise Plus Renew For DJI Zenmuse L1 - koningdrone.be","robots":{"index":"index","follow":"follow","max-snippet":"max-snippet:-1","max-image-preview":"max-image-preview:large","max-video-preview":"max-video-preview:-1"},"canonical":"https:\/\/koningdrone.be\/fr\/produit\/dji-care-enterprise-plus-renew-for-dji-zenmuse-l1\/","og_locale":"fr_FR","og_type":"article","og_title":"DJI Care Enterprise Plus Renew For DJI Zenmuse L1","og_description":"Verlengde DJI Care Enterprise Plus\u2011dekking voor nog eens 12 maanden bescherming  Onbeperkt gratis reparaties en vervangingen binnen het dekkingsbedrag  Beschermt tegen ongelukken zoals botsingen, water\u2011 of val\u2011schade  Activatie met digitale code via DJI Enterprise service\u2011platform  Ideaal voor professionele mapping\u2011 en survey\u2011toepassingen met Zenmuse\u202fL1","og_url":"https:\/\/koningdrone.be\/fr\/produit\/dji-care-enterprise-plus-renew-for-dji-zenmuse-l1\/","og_site_name":"koningdrone.be","article_modified_time":"2026-04-29T13:50:53+00:00","og_image":[{"width":1127,"height":751,"url":"https:\/\/koningdrone.be\/wp-content\/uploads\/sites\/13\/2026\/04\/DJI-Care-Enterprise-Plus-Renew-For-DJI-Zenmuse-L1.jpg","type":"image\/jpeg"}],"twitter_card":"summary_large_image","twitter_misc":{"Dur\u00e9e de lecture est.":"1 minute"},"schema":{"@context":"https:\/\/schema.org","@graph":[{"@type":"WebPage","@id":"https:\/\/koningdrone.be\/product\/dji-care-enterprise-plus-renew-for-dji-zenmuse-l1\/","url":"https:\/\/koningdrone.be\/product\/dji-care-enterprise-plus-renew-for-dji-zenmuse-l1\/","name":"DJI Care Enterprise Plus Renew For DJI Zenmuse L1 - koningdrone.be","isPartOf":{"@id":"https:\/\/koningdrone.be\/#website"},"primaryImageOfPage":{"@id":"https:\/\/koningdrone.be\/product\/dji-care-enterprise-plus-renew-for-dji-zenmuse-l1\/#primaryimage"},"image":{"@id":"https:\/\/koningdrone.be\/product\/dji-care-enterprise-plus-renew-for-dji-zenmuse-l1\/#primaryimage"},"thumbnailUrl":"https:\/\/koningdrone.be\/wp-content\/uploads\/sites\/13\/2026\/04\/DJI-Care-Enterprise-Plus-Renew-For-DJI-Zenmuse-L1.jpg","datePublished":"2024-12-04T11:15:51+00:00","dateModified":"2026-04-29T13:50:53+00:00","breadcrumb":{"@id":"https:\/\/koningdrone.be\/product\/dji-care-enterprise-plus-renew-for-dji-zenmuse-l1\/#breadcrumb"},"inLanguage":"fr-BE","potentialAction":[{"@type":"ReadAction","target":["https:\/\/koningdrone.be\/product\/dji-care-enterprise-plus-renew-for-dji-zenmuse-l1\/"]}]},{"@type":"ImageObject","inLanguage":"fr-BE","@id":"https:\/\/koningdrone.be\/product\/dji-care-enterprise-plus-renew-for-dji-zenmuse-l1\/#primaryimage","url":"https:\/\/koningdrone.be\/wp-content\/uploads\/sites\/13\/2026\/04\/DJI-Care-Enterprise-Plus-Renew-For-DJI-Zenmuse-L1.jpg","contentUrl":"https:\/\/koningdrone.be\/wp-content\/uploads\/sites\/13\/2026\/04\/DJI-Care-Enterprise-Plus-Renew-For-DJI-Zenmuse-L1.jpg","width":1127,"height":751},{"@type":"BreadcrumbList","@id":"https:\/\/koningdrone.be\/product\/dji-care-enterprise-plus-renew-for-dji-zenmuse-l1\/#breadcrumb","itemListElement":[{"@type":"ListItem","position":1,"name":"Home","item":"https:\/\/koningdrone.be\/"},{"@type":"ListItem","position":2,"name":"AVSS Parachute Recovery System for DJI Matrice 300\/350","item":"https:\/\/koningdrone.be\/product\/avss-parachute-recovery-system-for-dji-matrice-300-350\/"},{"@type":"ListItem","position":3,"name":"Alle care refresh","item":"https:\/\/koningdrone.be\/categorie\/alle-care-refresh\/"},{"@type":"ListItem","position":4,"name":"DJI Care Enterprise Plus Renew For DJI Zenmuse L1"}]},{"@type":"WebSite","@id":"https:\/\/koningdrone.be\/#website","url":"https:\/\/koningdrone.be\/","name":"Koningdrone.be - Votre sp\u00e9cialiste en ligne en mati\u00e8re de drones, de cardans, de cam\u00e9ras et de centrales \u00e9lectriques.","description":"La boutique en ligne de drones et de cardans","publisher":{"@id":"https:\/\/koningdrone.be\/#organization"},"potentialAction":[{"@type":"SearchAction","target":{"@type":"EntryPoint","urlTemplate":"https:\/\/koningdrone.be\/?s={search_term_string}"},"query-input":{"@type":"PropertyValueSpecification","valueRequired":true,"valueName":"search_term_string"}}],"inLanguage":"fr-BE"},{"@type":"Organization","@id":"https:\/\/koningdrone.be\/#organization","name":"Kingdrone.co.uk","url":"https:\/\/koningdrone.be\/","logo":{"@type":"ImageObject","inLanguage":"fr-BE","@id":"https:\/\/koningdrone.be\/#\/schema\/logo\/image\/","url":"https:\/\/koningdrone.be\/wp-content\/uploads\/sites\/13\/2025\/04\/koningdrone-copyright-logo.svg","contentUrl":"https:\/\/koningdrone.be\/wp-content\/uploads\/sites\/13\/2025\/04\/koningdrone-copyright-logo.svg","width":227,"height":38,"caption":"Koningdrone.be"},"image":{"@id":"https:\/\/koningdrone.be\/#\/schema\/logo\/image\/"}}]}},"df_price":2515,"df_sale_price":"","df_regular_price":2515,"df_image_link":"https:\/\/koningdrone.be\/wp-content\/uploads\/sites\/13\/2026\/04\/DJI-Care-Enterprise-Plus-Renew-For-DJI-Zenmuse-L1-300x200.jpg","_links":{"self":[{"href":"https:\/\/koningdrone.be\/fr\/wp-json\/wp\/v2\/product\/1625","targetHints":{"allow":["GET"]}}],"collection":[{"href":"https:\/\/koningdrone.be\/fr\/wp-json\/wp\/v2\/product"}],"about":[{"href":"https:\/\/koningdrone.be\/fr\/wp-json\/wp\/v2\/types\/product"}],"wp:featuredmedia":[{"embeddable":true,"href":"https:\/\/koningdrone.be\/fr\/wp-json\/wp\/v2\/media\/18474"}],"wp:attachment":[{"href":"https:\/\/koningdrone.be\/fr\/wp-json\/wp\/v2\/media?parent=1625"}],"wp:term":[{"taxonomy":"product_brand","embeddable":true,"href":"https:\/\/koningdrone.be\/fr\/wp-json\/wp\/v2\/product_brand?post=1625"},{"taxonomy":"product_cat","embeddable":true,"href":"https:\/\/koningdrone.be\/fr\/wp-json\/wp\/v2\/product_cat?post=1625"},{"taxonomy":"product_tag","embeddable":true,"href":"https:\/\/koningdrone.be\/fr\/wp-json\/wp\/v2\/product_tag?post=1625"}],"curies":[{"name":"wp","href":"https:\/\/api.w.org\/{rel}","templated":true}]}}