{"id":16214,"date":"2025-09-01T13:40:09","date_gmt":"2025-09-01T11:40:09","guid":{"rendered":"https:\/\/koningdrone.be\/product\/bluetti-pv350d-solar-panel\/"},"modified":"2025-09-01T13:40:09","modified_gmt":"2025-09-01T11:40:09","slug":"bluetti-pv350d-solar-panel","status":"publish","type":"product","link":"https:\/\/koningdrone.be\/fr\/produit\/bluetti-pv350d-solar-panel\/","title":{"rendered":"Panneau solaire Bluetti PV350D"},"content":{"rendered":"<h2>Panneau solaire Bluetti 350W<\/h2>\n<p><strong>Une production solaire puissante pour une charge plus rapide et une flexibilit\u00e9 maximale, o\u00f9 que vous soyez.<\/strong><\/p>\n<p>Le <strong>Panneau solaire Bluetti 350W<\/strong> offre une puissance de charge impressionnante de 350 watts, soit 1,75 fois plus rapide que les panneaux de 200 watts et 4 fois plus efficace que les panneaux standard de 100 watts. Que vous soyez en voyage hors r\u00e9seau, en camping, en situation d'urgence ou lors d'un \u00e9v\u00e9nement en plein air, ce panneau solaire fournit une alimentation continue.<\/p>\n<h2>Caract\u00e9ristiques principales<\/h2>\n<ul>\n<li><strong>Charge utile \u00e9lev\u00e9e :<\/strong> Puissance de 350 W pour des temps de charge nettement plus rapides de votre centrale \u00e9lectrique<\/li>\n<li><strong>Compatibilit\u00e9 universelle :<\/strong> connecteur MC4 standard et tension en circuit ouvert de 33V - fonctionne avec Bluetti et d'autres marques<\/li>\n<li><strong>Chargement optimis\u00e9 :<\/strong> En combinaison avec les stations Bluetti, le syst\u00e8me MPPT est automatiquement appliqu\u00e9 pour une performance stable et efficace.<\/li>\n<li><strong>R\u00e9sistant aux intemp\u00e9ries et durable :<\/strong> Indice IP67, rev\u00eatement ETFE et fibre de verre renforc\u00e9e pour une utilisation \u00e0 long terme dans toutes les conditions m\u00e9t\u00e9orologiques<\/li>\n<li><strong>Installation facile :<\/strong> Les fiches MC4 et la b\u00e9quille r\u00e9glable garantissent une connexion rapide et une exposition solaire maximale.<\/li>\n<li><strong>Conception adapt\u00e9e aux d\u00e9placements :<\/strong> pliable et l\u00e9ger - plus besoin de trimballer de lourds panneaux de verre<\/li>\n<\/ul>\n<p>Que vous partiez \u00e0 l'aventure, que vous souhaitiez vous pr\u00e9parer aux pannes d'\u00e9lectricit\u00e9 ou que vous vouliez vivre de mani\u00e8re durable : le <strong>Panneau solaire Bluetti 350W<\/strong> offre un \u00e9quilibre parfait entre puissance, mobilit\u00e9 et fiabilit\u00e9.<\/p>","protected":false},"excerpt":{"rendered":"<ul>\n<li><strong>Puissance \u00e9lev\u00e9e :<\/strong> 350 W - 1,75 fois plus puissant que les panneaux de 200 W et 4 fois plus puissant que les panneaux de 100 W<\/li>\n<li><strong>Haute efficacit\u00e9 :<\/strong> Rendement des cellules jusqu'\u00e0 23,4% avec des cellules solaires monocristallines pour d'excellentes performances, m\u00eame dans des conditions d'ensoleillement plus faibles<\/li>\n<li><strong>Conception r\u00e9sistante aux intemp\u00e9ries :<\/strong> Le rev\u00eatement ETFE et la fibre de verre renforc\u00e9e assurent une protection IP67 contre la poussi\u00e8re et l'eau.<\/li>\n<li><strong>Installation facile :<\/strong> avec b\u00e9quille r\u00e9glable pour un angle optimal et une exposition maximale au soleil pendant la journ\u00e9e<\/li>\n<li><strong>Compatibilit\u00e9 universelle :<\/strong> Les connecteurs MC4 et la tension en circuit ouvert de 43,8 V permettent au panneau de s'adapter \u00e0 Bluetti ainsi qu'\u00e0 d'autres marques.<\/li>\n<li><strong>Convivialit\u00e9 et facilit\u00e9 de d\u00e9placement :<\/strong> Conception pliable et l\u00e9g\u00e8re - id\u00e9ale pour les aventures hors r\u00e9seau, les voyages en camping ou l'alimentation d'urgence.<\/li>\n<li><strong>Durable et silencieux :<\/strong> pas de pi\u00e8ces mobiles ni de combustible - une solution \u00e9nerg\u00e9tique respectueuse de l'environnement<\/li>\n<\/ul>","protected":false},"featured_media":16209,"template":"","meta":{"_acf_changed":false},"product_brand":[],"product_cat":[97,1701,829],"product_tag":[],"class_list":{"0":"post-16214","1":"product","2":"type-product","3":"status-publish","4":"has-post-thumbnail","6":"product_cat-alle-producten","7":"product_cat-anker-bluetti","8":"product_cat-bluetti","9":"pa_brand-bluetti","10":"pa_producttype-draagbaar-zonnepaneel","12":"first","13":"outofstock","14":"taxable","15":"shipping-taxable","16":"product-type-simple"},"acf":[],"yoast_head":"<!-- This site is optimized with the Yoast SEO Premium plugin v27.2 (Yoast SEO v27.2) - https:\/\/yoast.com\/product\/yoast-seo-premium-wordpress\/ -->\n<title>Bluetti PV350D Solar Panel - koningdrone.be<\/title>\n<meta name=\"robots\" content=\"index, follow, max-snippet:-1, max-image-preview:large, max-video-preview:-1\" \/>\n<link rel=\"canonical\" href=\"https:\/\/koningdrone.be\/fr\/produit\/bluetti-pv350d-solar-panel\/\" \/>\n<meta property=\"og:locale\" content=\"fr_FR\" \/>\n<meta property=\"og:type\" content=\"article\" \/>\n<meta property=\"og:title\" content=\"Bluetti PV350D Solar Panel\" \/>\n<meta property=\"og:description\" content=\"Hoog vermogen: 350W output \u2013 1,75\u00d7 krachtiger dan 200W panelen en 4\u00d7 dan 100W panelen  Hoge effici\u00ebntie: tot 23,4% celrendement met monokristallijne zonnecellen voor uitstekende prestaties, zelfs bij minder zonlicht  Weerbestendig ontwerp: ETFE-coating en versterkt glasvezel zorgen voor IP67-bescherming tegen stof en water  Eenvoudige installatie: met verstelbare kickstand voor optimale hoek en maximale zonne-inval gedurende de dag  Universele compatibiliteit: MC4-connectoren en 43,8V open-circuit spanning maken het paneel geschikt voor Bluetti \u00e9n andere merken  Reisvriendelijk: opvouwbaar en lichtgewicht ontwerp \u2013 ideaal voor off-grid avonturen, campertrips, of noodstroomvoorziening  Duurzaam en stil: geen bewegende delen of brandstof nodig \u2013 een milieuvriendelijke energieoplossing\" \/>\n<meta property=\"og:url\" content=\"https:\/\/koningdrone.be\/fr\/produit\/bluetti-pv350d-solar-panel\/\" \/>\n<meta property=\"og:site_name\" content=\"koningdrone.be\" \/>\n<meta property=\"og:image\" content=\"https:\/\/koningdrone.be\/wp-content\/uploads\/sites\/13\/2026\/01\/PV350D-2025-04-18_4_1100x.png\" \/>\n\t<meta property=\"og:image:width\" content=\"1100\" \/>\n\t<meta property=\"og:image:height\" content=\"1100\" \/>\n\t<meta property=\"og:image:type\" content=\"image\/png\" \/>\n<meta name=\"twitter:card\" content=\"summary_large_image\" \/>\n<meta name=\"twitter:label1\" content=\"Dur\u00e9e de lecture est.\" \/>\n\t<meta name=\"twitter:data1\" content=\"1 minute\" \/>\n<script type=\"application\/ld+json\" class=\"yoast-schema-graph\">{\"@context\":\"https:\/\/schema.org\",\"@graph\":[{\"@type\":\"WebPage\",\"@id\":\"https:\/\/koningdrone.be\/en\/product\/bluetti-pv350d-solar-panel\/\",\"url\":\"https:\/\/koningdrone.be\/en\/product\/bluetti-pv350d-solar-panel\/\",\"name\":\"Bluetti PV350D Solar Panel - koningdrone.be\",\"isPartOf\":{\"@id\":\"https:\/\/koningdrone.be\/#website\"},\"primaryImageOfPage\":{\"@id\":\"https:\/\/koningdrone.be\/en\/product\/bluetti-pv350d-solar-panel\/#primaryimage\"},\"image\":{\"@id\":\"https:\/\/koningdrone.be\/en\/product\/bluetti-pv350d-solar-panel\/#primaryimage\"},\"thumbnailUrl\":\"https:\/\/koningdrone.be\/wp-content\/uploads\/sites\/13\/2026\/01\/PV350D-2025-04-18_4_1100x.png\",\"datePublished\":\"2025-09-01T11:40:09+00:00\",\"breadcrumb\":{\"@id\":\"https:\/\/koningdrone.be\/en\/product\/bluetti-pv350d-solar-panel\/#breadcrumb\"},\"inLanguage\":\"fr-BE\",\"potentialAction\":[{\"@type\":\"ReadAction\",\"target\":[\"https:\/\/koningdrone.be\/en\/product\/bluetti-pv350d-solar-panel\/\"]}]},{\"@type\":\"ImageObject\",\"inLanguage\":\"fr-BE\",\"@id\":\"https:\/\/koningdrone.be\/en\/product\/bluetti-pv350d-solar-panel\/#primaryimage\",\"url\":\"https:\/\/koningdrone.be\/wp-content\/uploads\/sites\/13\/2026\/01\/PV350D-2025-04-18_4_1100x.png\",\"contentUrl\":\"https:\/\/koningdrone.be\/wp-content\/uploads\/sites\/13\/2026\/01\/PV350D-2025-04-18_4_1100x.png\",\"width\":1100,\"height\":1100},{\"@type\":\"BreadcrumbList\",\"@id\":\"https:\/\/koningdrone.be\/en\/product\/bluetti-pv350d-solar-panel\/#breadcrumb\",\"itemListElement\":[{\"@type\":\"ListItem\",\"position\":1,\"name\":\"Home\",\"item\":\"https:\/\/koningdrone.be\/\"},{\"@type\":\"ListItem\",\"position\":2,\"name\":\"AVSS Parachute Recovery System for DJI Matrice 300\/350\",\"item\":\"https:\/\/koningdrone.be\/product\/avss-parachute-recovery-system-for-dji-matrice-300-350\/\"},{\"@type\":\"ListItem\",\"position\":3,\"name\":\"Alle producten\",\"item\":\"https:\/\/koningdrone.be\/categorie\/alle-producten\/\"},{\"@type\":\"ListItem\",\"position\":4,\"name\":\"Bluetti PV350D Solar Panel\"}]},{\"@type\":\"WebSite\",\"@id\":\"https:\/\/koningdrone.be\/#website\",\"url\":\"https:\/\/koningdrone.be\/\",\"name\":\"Koningdrone.be - Uw online specialist in drones, gimbals, camera's en power stations.\",\"description\":\"De webshop in drones en gimbals\",\"publisher\":{\"@id\":\"https:\/\/koningdrone.be\/#organization\"},\"potentialAction\":[{\"@type\":\"SearchAction\",\"target\":{\"@type\":\"EntryPoint\",\"urlTemplate\":\"https:\/\/koningdrone.be\/?s={search_term_string}\"},\"query-input\":{\"@type\":\"PropertyValueSpecification\",\"valueRequired\":true,\"valueName\":\"search_term_string\"}}],\"inLanguage\":\"fr-BE\"},{\"@type\":\"Organization\",\"@id\":\"https:\/\/koningdrone.be\/#organization\",\"name\":\"Koningdrone.be\",\"url\":\"https:\/\/koningdrone.be\/\",\"logo\":{\"@type\":\"ImageObject\",\"inLanguage\":\"fr-BE\",\"@id\":\"https:\/\/koningdrone.be\/#\/schema\/logo\/image\/\",\"url\":\"https:\/\/koningdrone.be\/wp-content\/uploads\/sites\/13\/2025\/04\/koningdrone-copyright-logo.svg\",\"contentUrl\":\"https:\/\/koningdrone.be\/wp-content\/uploads\/sites\/13\/2025\/04\/koningdrone-copyright-logo.svg\",\"width\":227,\"height\":38,\"caption\":\"Koningdrone.be\"},\"image\":{\"@id\":\"https:\/\/koningdrone.be\/#\/schema\/logo\/image\/\"}}]}<\/script>\n<!-- \/ Yoast SEO Premium plugin. -->","yoast_head_json":{"title":"Bluetti PV350D Solar Panel - koningdrone.be","robots":{"index":"index","follow":"follow","max-snippet":"max-snippet:-1","max-image-preview":"max-image-preview:large","max-video-preview":"max-video-preview:-1"},"canonical":"https:\/\/koningdrone.be\/fr\/produit\/bluetti-pv350d-solar-panel\/","og_locale":"fr_FR","og_type":"article","og_title":"Bluetti PV350D Solar Panel","og_description":"Hoog vermogen: 350W output \u2013 1,75\u00d7 krachtiger dan 200W panelen en 4\u00d7 dan 100W panelen  Hoge effici\u00ebntie: tot 23,4% celrendement met monokristallijne zonnecellen voor uitstekende prestaties, zelfs bij minder zonlicht  Weerbestendig ontwerp: ETFE-coating en versterkt glasvezel zorgen voor IP67-bescherming tegen stof en water  Eenvoudige installatie: met verstelbare kickstand voor optimale hoek en maximale zonne-inval gedurende de dag  Universele compatibiliteit: MC4-connectoren en 43,8V open-circuit spanning maken het paneel geschikt voor Bluetti \u00e9n andere merken  Reisvriendelijk: opvouwbaar en lichtgewicht ontwerp \u2013 ideaal voor off-grid avonturen, campertrips, of noodstroomvoorziening  Duurzaam en stil: geen bewegende delen of brandstof nodig \u2013 een milieuvriendelijke energieoplossing","og_url":"https:\/\/koningdrone.be\/fr\/produit\/bluetti-pv350d-solar-panel\/","og_site_name":"koningdrone.be","og_image":[{"width":1100,"height":1100,"url":"https:\/\/koningdrone.be\/wp-content\/uploads\/sites\/13\/2026\/01\/PV350D-2025-04-18_4_1100x.png","type":"image\/png"}],"twitter_card":"summary_large_image","twitter_misc":{"Dur\u00e9e de lecture est.":"1 minute"},"schema":{"@context":"https:\/\/schema.org","@graph":[{"@type":"WebPage","@id":"https:\/\/koningdrone.be\/en\/product\/bluetti-pv350d-solar-panel\/","url":"https:\/\/koningdrone.be\/en\/product\/bluetti-pv350d-solar-panel\/","name":"Bluetti PV350D Solar Panel - koningdrone.be","isPartOf":{"@id":"https:\/\/koningdrone.be\/#website"},"primaryImageOfPage":{"@id":"https:\/\/koningdrone.be\/en\/product\/bluetti-pv350d-solar-panel\/#primaryimage"},"image":{"@id":"https:\/\/koningdrone.be\/en\/product\/bluetti-pv350d-solar-panel\/#primaryimage"},"thumbnailUrl":"https:\/\/koningdrone.be\/wp-content\/uploads\/sites\/13\/2026\/01\/PV350D-2025-04-18_4_1100x.png","datePublished":"2025-09-01T11:40:09+00:00","breadcrumb":{"@id":"https:\/\/koningdrone.be\/en\/product\/bluetti-pv350d-solar-panel\/#breadcrumb"},"inLanguage":"fr-BE","potentialAction":[{"@type":"ReadAction","target":["https:\/\/koningdrone.be\/en\/product\/bluetti-pv350d-solar-panel\/"]}]},{"@type":"ImageObject","inLanguage":"fr-BE","@id":"https:\/\/koningdrone.be\/en\/product\/bluetti-pv350d-solar-panel\/#primaryimage","url":"https:\/\/koningdrone.be\/wp-content\/uploads\/sites\/13\/2026\/01\/PV350D-2025-04-18_4_1100x.png","contentUrl":"https:\/\/koningdrone.be\/wp-content\/uploads\/sites\/13\/2026\/01\/PV350D-2025-04-18_4_1100x.png","width":1100,"height":1100},{"@type":"BreadcrumbList","@id":"https:\/\/koningdrone.be\/en\/product\/bluetti-pv350d-solar-panel\/#breadcrumb","itemListElement":[{"@type":"ListItem","position":1,"name":"Home","item":"https:\/\/koningdrone.be\/"},{"@type":"ListItem","position":2,"name":"AVSS Parachute Recovery System for DJI Matrice 300\/350","item":"https:\/\/koningdrone.be\/product\/avss-parachute-recovery-system-for-dji-matrice-300-350\/"},{"@type":"ListItem","position":3,"name":"Alle producten","item":"https:\/\/koningdrone.be\/categorie\/alle-producten\/"},{"@type":"ListItem","position":4,"name":"Bluetti PV350D Solar Panel"}]},{"@type":"WebSite","@id":"https:\/\/koningdrone.be\/#website","url":"https:\/\/koningdrone.be\/","name":"Koningdrone.be - Votre sp\u00e9cialiste en ligne en mati\u00e8re de drones, de cardans, de cam\u00e9ras et de centrales \u00e9lectriques.","description":"La boutique en ligne de drones et de cardans","publisher":{"@id":"https:\/\/koningdrone.be\/#organization"},"potentialAction":[{"@type":"SearchAction","target":{"@type":"EntryPoint","urlTemplate":"https:\/\/koningdrone.be\/?s={search_term_string}"},"query-input":{"@type":"PropertyValueSpecification","valueRequired":true,"valueName":"search_term_string"}}],"inLanguage":"fr-BE"},{"@type":"Organization","@id":"https:\/\/koningdrone.be\/#organization","name":"Kingdrone.co.uk","url":"https:\/\/koningdrone.be\/","logo":{"@type":"ImageObject","inLanguage":"fr-BE","@id":"https:\/\/koningdrone.be\/#\/schema\/logo\/image\/","url":"https:\/\/koningdrone.be\/wp-content\/uploads\/sites\/13\/2025\/04\/koningdrone-copyright-logo.svg","contentUrl":"https:\/\/koningdrone.be\/wp-content\/uploads\/sites\/13\/2025\/04\/koningdrone-copyright-logo.svg","width":227,"height":38,"caption":"Koningdrone.be"},"image":{"@id":"https:\/\/koningdrone.be\/#\/schema\/logo\/image\/"}}]}},"df_price":"","df_sale_price":"","df_regular_price":"","df_image_link":"https:\/\/koningdrone.be\/wp-content\/uploads\/sites\/13\/2026\/01\/PV350D-2025-04-18_4_1100x-300x300.png","_links":{"self":[{"href":"https:\/\/koningdrone.be\/fr\/wp-json\/wp\/v2\/product\/16214","targetHints":{"allow":["GET"]}}],"collection":[{"href":"https:\/\/koningdrone.be\/fr\/wp-json\/wp\/v2\/product"}],"about":[{"href":"https:\/\/koningdrone.be\/fr\/wp-json\/wp\/v2\/types\/product"}],"wp:featuredmedia":[{"embeddable":true,"href":"https:\/\/koningdrone.be\/fr\/wp-json\/wp\/v2\/media\/16209"}],"wp:attachment":[{"href":"https:\/\/koningdrone.be\/fr\/wp-json\/wp\/v2\/media?parent=16214"}],"wp:term":[{"taxonomy":"product_brand","embeddable":true,"href":"https:\/\/koningdrone.be\/fr\/wp-json\/wp\/v2\/product_brand?post=16214"},{"taxonomy":"product_cat","embeddable":true,"href":"https:\/\/koningdrone.be\/fr\/wp-json\/wp\/v2\/product_cat?post=16214"},{"taxonomy":"product_tag","embeddable":true,"href":"https:\/\/koningdrone.be\/fr\/wp-json\/wp\/v2\/product_tag?post=16214"}],"curies":[{"name":"wp","href":"https:\/\/api.w.org\/{rel}","templated":true}]}}