{"id":16208,"date":"2025-09-01T13:41:06","date_gmt":"2025-09-01T11:41:06","guid":{"rendered":"https:\/\/koningdrone.be\/product\/bluetti-handsfree-1\/"},"modified":"2026-04-29T06:41:11","modified_gmt":"2026-04-29T04:41:11","slug":"bluetti-handsfree-1","status":"publish","type":"product","link":"https:\/\/koningdrone.be\/fr\/produit\/bluetti-handsfree-1\/","title":{"rendered":"Mains libres Bluetti 1"},"content":{"rendered":"<h2>Bluetti Handsfree 1 Portable Backpack Power<\/h2>\n<p><strong>L'\u00e9nergie est toujours \u00e0 port\u00e9e de main, o\u00f9 que vous soyez.<\/strong><\/p>\n<p>Le <strong>Mains libres Bluetti 1<\/strong> n'est pas un sac \u00e0 dos ordinaire : c'est une solution r\u00e9volutionnaire pour tous ceux qui veulent rester connect\u00e9s en d\u00e9placement. Ce sac \u00e0 dos intelligent combine un <strong>conception \u00e9l\u00e9gante et l\u00e9g\u00e8re<\/strong> avec un <strong>syst\u00e8me d'alimentation portable int\u00e9gr\u00e9<\/strong>, Vous pouvez ainsi recharger vos appareils \u00e0 tout moment et en tout lieu, sans d\u00e9pendre des prises de courant.<\/p>\n<h2>Caract\u00e9ristiques principales<\/h2>\n<ul>\n<li><strong>Alimentation \u00e9lectrique int\u00e9gr\u00e9e :<\/strong> sp\u00e9cialement con\u00e7u pour recharger votre smartphone, votre tablette ou d'autres appareils USB en d\u00e9placement<\/li>\n<li><strong>Design \u00e9l\u00e9gant et moderne :<\/strong> combine la fonctionnalit\u00e9 avec un look professionnel et urbain<\/li>\n<li><strong>L\u00e9ger et durable :<\/strong> con\u00e7u pour un usage quotidien, les d\u00e9placements et les voyages<\/li>\n<li><strong>Confort et mobilit\u00e9 :<\/strong> conception ergonomique avec bretelles r\u00e9glables pour un meilleur confort de portage<\/li>\n<li><strong>Un rangement astucieux :<\/strong> suffisamment de compartiments pour l'ordinateur portable, les accessoires et les effets personnels<\/li>\n<li><strong>Id\u00e9al pour :<\/strong> Les navetteurs, les \u00e9tudiants, les nomades num\u00e9riques et les aventuriers qui ont toujours besoin d'\u00e9lectricit\u00e9<\/li>\n<\/ul>\n<p>Avec la <strong>Mains libres Bluetti 1<\/strong> vous restez toujours connect\u00e9, o\u00f9 que vous soyez - de la ville \u00e0 la nature.<\/p>","protected":false},"excerpt":{"rendered":"<ul>\n<li><strong>Conception tout-en-un :<\/strong> combinaison d'une centrale \u00e9lectrique portable ultra-mince et d'un sac \u00e0 dos spacieux de 42 litres<\/li>\n<li><strong>La puissance en mouvement :<\/strong> rechargez plusieurs appareils en mains libres tout en portant le sac \u00e0 dos - id\u00e9al pour une utilisation mobile<\/li>\n<li><strong>L'\u00e9nergie solaire est accessible :<\/strong> Panneau solaire fragment\u00e9 innovant pour une recharge instantan\u00e9e en plein soleil, o\u00f9 que vous soyez<\/li>\n<li><strong>Parfait pour la photographie en ext\u00e9rieur :<\/strong> des compartiments modulaires, un acc\u00e8s rapide au mat\u00e9riel et une alimentation \u00e9lectrique constante pour des prises de vue ininterrompues dans la nature<\/li>\n<li><strong>Convivialit\u00e9 et facilit\u00e9 de d\u00e9placement :<\/strong> conception ergonomique et respirante avec un grand confort de portage et une capacit\u00e9 de charge allant jusqu'\u00e0 30 kg<\/li>\n<li><strong>R\u00e9sistant aux intemp\u00e9ries :<\/strong> Le mat\u00e9riau r\u00e9sistant aux \u00e9claboussures et la housse de protection incluse gardent votre \u00e9quipement au sec, qu'il pleuve ou qu'il fasse soleil.<\/li>\n<\/ul>","protected":false},"featured_media":16197,"template":"","meta":{"_acf_changed":false},"product_brand":[],"product_cat":[97,1701,829],"product_tag":[],"class_list":{"0":"post-16208","1":"product","2":"type-product","3":"status-publish","4":"has-post-thumbnail","6":"product_cat-alle-producten","7":"product_cat-anker-bluetti","8":"product_cat-bluetti","9":"product_shipping_class-outofstock","10":"pa_brand-bluetti","11":"pa_producttype-backpack-energiecentrale","13":"first","14":"outofstock","15":"taxable","16":"shipping-taxable","17":"product-type-simple"},"acf":[],"yoast_head":"<!-- This site is optimized with the Yoast SEO Premium plugin v27.2 (Yoast SEO v27.2) - https:\/\/yoast.com\/product\/yoast-seo-premium-wordpress\/ -->\n<title>Bluetti Handsfree 1 - koningdrone.be<\/title>\n<meta name=\"robots\" content=\"index, follow, max-snippet:-1, max-image-preview:large, max-video-preview:-1\" \/>\n<link rel=\"canonical\" href=\"https:\/\/koningdrone.be\/fr\/produit\/bluetti-handsfree-1\/\" \/>\n<meta property=\"og:locale\" content=\"fr_FR\" \/>\n<meta property=\"og:type\" content=\"article\" \/>\n<meta property=\"og:title\" content=\"Bluetti Handsfree 1\" \/>\n<meta property=\"og:description\" content=\"Alles-in-\u00e9\u00e9n ontwerp: combinatie van een ultraslank draagbaar powerstation en een ruime 42L rugzak  Stroom onderweg: laad meerdere apparaten handsfree op terwijl je de rugzak draagt \u2013 ideaal voor mobiel gebruik  Zonne-energie toegankelijk: innovatief gefragmenteerd zonnepaneelontwerp voor direct opladen in het zonlicht, waar je ook bent  Perfect voor buitenfotografie: modulaire vakken, snelle toegang tot uitrusting en constante stroomvoorziening voor ononderbroken shoots in de natuur  Reisvriendelijk: ergonomisch, ademend ontwerp met hoog draagcomfort en een draagvermogen tot 30 kg  Weerbestendig: spatwaterdicht materiaal en meegeleverde regenhoes houden je apparatuur droog bij regen of zon\" \/>\n<meta property=\"og:url\" content=\"https:\/\/koningdrone.be\/fr\/produit\/bluetti-handsfree-1\/\" \/>\n<meta property=\"og:site_name\" content=\"koningdrone.be\" \/>\n<meta property=\"article:modified_time\" content=\"2026-04-29T04:41:11+00:00\" \/>\n<meta property=\"og:image\" content=\"https:\/\/koningdrone.be\/wp-content\/uploads\/sites\/13\/2026\/01\/HandsFree-1-2025-02-22_8_1100x.png\" \/>\n\t<meta property=\"og:image:width\" content=\"1100\" \/>\n\t<meta property=\"og:image:height\" content=\"1100\" \/>\n\t<meta property=\"og:image:type\" content=\"image\/png\" \/>\n<meta name=\"twitter:card\" content=\"summary_large_image\" \/>\n<meta name=\"twitter:label1\" content=\"Dur\u00e9e de lecture est.\" \/>\n\t<meta name=\"twitter:data1\" content=\"1 minute\" \/>\n<script type=\"application\/ld+json\" class=\"yoast-schema-graph\">{\"@context\":\"https:\/\/schema.org\",\"@graph\":[{\"@type\":\"WebPage\",\"@id\":\"https:\/\/koningdrone.be\/product\/bluetti-handsfree-1\/\",\"url\":\"https:\/\/koningdrone.be\/product\/bluetti-handsfree-1\/\",\"name\":\"Bluetti Handsfree 1 - koningdrone.be\",\"isPartOf\":{\"@id\":\"https:\/\/koningdrone.be\/#website\"},\"primaryImageOfPage\":{\"@id\":\"https:\/\/koningdrone.be\/product\/bluetti-handsfree-1\/#primaryimage\"},\"image\":{\"@id\":\"https:\/\/koningdrone.be\/product\/bluetti-handsfree-1\/#primaryimage\"},\"thumbnailUrl\":\"https:\/\/koningdrone.be\/wp-content\/uploads\/sites\/13\/2026\/01\/HandsFree-1-2025-02-22_8_1100x.png\",\"datePublished\":\"2025-09-01T11:41:06+00:00\",\"dateModified\":\"2026-04-29T04:41:11+00:00\",\"breadcrumb\":{\"@id\":\"https:\/\/koningdrone.be\/product\/bluetti-handsfree-1\/#breadcrumb\"},\"inLanguage\":\"fr-BE\",\"potentialAction\":[{\"@type\":\"ReadAction\",\"target\":[\"https:\/\/koningdrone.be\/product\/bluetti-handsfree-1\/\"]}]},{\"@type\":\"ImageObject\",\"inLanguage\":\"fr-BE\",\"@id\":\"https:\/\/koningdrone.be\/product\/bluetti-handsfree-1\/#primaryimage\",\"url\":\"https:\/\/koningdrone.be\/wp-content\/uploads\/sites\/13\/2026\/01\/HandsFree-1-2025-02-22_8_1100x.png\",\"contentUrl\":\"https:\/\/koningdrone.be\/wp-content\/uploads\/sites\/13\/2026\/01\/HandsFree-1-2025-02-22_8_1100x.png\",\"width\":1100,\"height\":1100},{\"@type\":\"BreadcrumbList\",\"@id\":\"https:\/\/koningdrone.be\/product\/bluetti-handsfree-1\/#breadcrumb\",\"itemListElement\":[{\"@type\":\"ListItem\",\"position\":1,\"name\":\"Home\",\"item\":\"https:\/\/koningdrone.be\/\"},{\"@type\":\"ListItem\",\"position\":2,\"name\":\"AVSS Parachute Recovery System for DJI Matrice 300\/350\",\"item\":\"https:\/\/koningdrone.be\/product\/avss-parachute-recovery-system-for-dji-matrice-300-350\/\"},{\"@type\":\"ListItem\",\"position\":3,\"name\":\"Alle producten\",\"item\":\"https:\/\/koningdrone.be\/categorie\/alle-producten\/\"},{\"@type\":\"ListItem\",\"position\":4,\"name\":\"Bluetti Handsfree 1\"}]},{\"@type\":\"WebSite\",\"@id\":\"https:\/\/koningdrone.be\/#website\",\"url\":\"https:\/\/koningdrone.be\/\",\"name\":\"Koningdrone.be - Uw online specialist in drones, gimbals, camera's en power stations.\",\"description\":\"De webshop in drones en gimbals\",\"publisher\":{\"@id\":\"https:\/\/koningdrone.be\/#organization\"},\"potentialAction\":[{\"@type\":\"SearchAction\",\"target\":{\"@type\":\"EntryPoint\",\"urlTemplate\":\"https:\/\/koningdrone.be\/?s={search_term_string}\"},\"query-input\":{\"@type\":\"PropertyValueSpecification\",\"valueRequired\":true,\"valueName\":\"search_term_string\"}}],\"inLanguage\":\"fr-BE\"},{\"@type\":\"Organization\",\"@id\":\"https:\/\/koningdrone.be\/#organization\",\"name\":\"Koningdrone.be\",\"url\":\"https:\/\/koningdrone.be\/\",\"logo\":{\"@type\":\"ImageObject\",\"inLanguage\":\"fr-BE\",\"@id\":\"https:\/\/koningdrone.be\/#\/schema\/logo\/image\/\",\"url\":\"https:\/\/koningdrone.be\/wp-content\/uploads\/sites\/13\/2025\/04\/koningdrone-copyright-logo.svg\",\"contentUrl\":\"https:\/\/koningdrone.be\/wp-content\/uploads\/sites\/13\/2025\/04\/koningdrone-copyright-logo.svg\",\"width\":227,\"height\":38,\"caption\":\"Koningdrone.be\"},\"image\":{\"@id\":\"https:\/\/koningdrone.be\/#\/schema\/logo\/image\/\"}}]}<\/script>\n<!-- \/ Yoast SEO Premium plugin. -->","yoast_head_json":{"title":"Bluetti Handsfree 1 - koningdrone.be","robots":{"index":"index","follow":"follow","max-snippet":"max-snippet:-1","max-image-preview":"max-image-preview:large","max-video-preview":"max-video-preview:-1"},"canonical":"https:\/\/koningdrone.be\/fr\/produit\/bluetti-handsfree-1\/","og_locale":"fr_FR","og_type":"article","og_title":"Bluetti Handsfree 1","og_description":"Alles-in-\u00e9\u00e9n ontwerp: combinatie van een ultraslank draagbaar powerstation en een ruime 42L rugzak  Stroom onderweg: laad meerdere apparaten handsfree op terwijl je de rugzak draagt \u2013 ideaal voor mobiel gebruik  Zonne-energie toegankelijk: innovatief gefragmenteerd zonnepaneelontwerp voor direct opladen in het zonlicht, waar je ook bent  Perfect voor buitenfotografie: modulaire vakken, snelle toegang tot uitrusting en constante stroomvoorziening voor ononderbroken shoots in de natuur  Reisvriendelijk: ergonomisch, ademend ontwerp met hoog draagcomfort en een draagvermogen tot 30 kg  Weerbestendig: spatwaterdicht materiaal en meegeleverde regenhoes houden je apparatuur droog bij regen of zon","og_url":"https:\/\/koningdrone.be\/fr\/produit\/bluetti-handsfree-1\/","og_site_name":"koningdrone.be","article_modified_time":"2026-04-29T04:41:11+00:00","og_image":[{"width":1100,"height":1100,"url":"https:\/\/koningdrone.be\/wp-content\/uploads\/sites\/13\/2026\/01\/HandsFree-1-2025-02-22_8_1100x.png","type":"image\/png"}],"twitter_card":"summary_large_image","twitter_misc":{"Dur\u00e9e de lecture est.":"1 minute"},"schema":{"@context":"https:\/\/schema.org","@graph":[{"@type":"WebPage","@id":"https:\/\/koningdrone.be\/product\/bluetti-handsfree-1\/","url":"https:\/\/koningdrone.be\/product\/bluetti-handsfree-1\/","name":"Bluetti Handsfree 1 - koningdrone.be","isPartOf":{"@id":"https:\/\/koningdrone.be\/#website"},"primaryImageOfPage":{"@id":"https:\/\/koningdrone.be\/product\/bluetti-handsfree-1\/#primaryimage"},"image":{"@id":"https:\/\/koningdrone.be\/product\/bluetti-handsfree-1\/#primaryimage"},"thumbnailUrl":"https:\/\/koningdrone.be\/wp-content\/uploads\/sites\/13\/2026\/01\/HandsFree-1-2025-02-22_8_1100x.png","datePublished":"2025-09-01T11:41:06+00:00","dateModified":"2026-04-29T04:41:11+00:00","breadcrumb":{"@id":"https:\/\/koningdrone.be\/product\/bluetti-handsfree-1\/#breadcrumb"},"inLanguage":"fr-BE","potentialAction":[{"@type":"ReadAction","target":["https:\/\/koningdrone.be\/product\/bluetti-handsfree-1\/"]}]},{"@type":"ImageObject","inLanguage":"fr-BE","@id":"https:\/\/koningdrone.be\/product\/bluetti-handsfree-1\/#primaryimage","url":"https:\/\/koningdrone.be\/wp-content\/uploads\/sites\/13\/2026\/01\/HandsFree-1-2025-02-22_8_1100x.png","contentUrl":"https:\/\/koningdrone.be\/wp-content\/uploads\/sites\/13\/2026\/01\/HandsFree-1-2025-02-22_8_1100x.png","width":1100,"height":1100},{"@type":"BreadcrumbList","@id":"https:\/\/koningdrone.be\/product\/bluetti-handsfree-1\/#breadcrumb","itemListElement":[{"@type":"ListItem","position":1,"name":"Home","item":"https:\/\/koningdrone.be\/"},{"@type":"ListItem","position":2,"name":"AVSS Parachute Recovery System for DJI Matrice 300\/350","item":"https:\/\/koningdrone.be\/product\/avss-parachute-recovery-system-for-dji-matrice-300-350\/"},{"@type":"ListItem","position":3,"name":"Alle producten","item":"https:\/\/koningdrone.be\/categorie\/alle-producten\/"},{"@type":"ListItem","position":4,"name":"Bluetti Handsfree 1"}]},{"@type":"WebSite","@id":"https:\/\/koningdrone.be\/#website","url":"https:\/\/koningdrone.be\/","name":"Koningdrone.be - Votre sp\u00e9cialiste en ligne en mati\u00e8re de drones, de cardans, de cam\u00e9ras et de centrales \u00e9lectriques.","description":"La boutique en ligne de drones et de cardans","publisher":{"@id":"https:\/\/koningdrone.be\/#organization"},"potentialAction":[{"@type":"SearchAction","target":{"@type":"EntryPoint","urlTemplate":"https:\/\/koningdrone.be\/?s={search_term_string}"},"query-input":{"@type":"PropertyValueSpecification","valueRequired":true,"valueName":"search_term_string"}}],"inLanguage":"fr-BE"},{"@type":"Organization","@id":"https:\/\/koningdrone.be\/#organization","name":"Kingdrone.co.uk","url":"https:\/\/koningdrone.be\/","logo":{"@type":"ImageObject","inLanguage":"fr-BE","@id":"https:\/\/koningdrone.be\/#\/schema\/logo\/image\/","url":"https:\/\/koningdrone.be\/wp-content\/uploads\/sites\/13\/2025\/04\/koningdrone-copyright-logo.svg","contentUrl":"https:\/\/koningdrone.be\/wp-content\/uploads\/sites\/13\/2025\/04\/koningdrone-copyright-logo.svg","width":227,"height":38,"caption":"Koningdrone.be"},"image":{"@id":"https:\/\/koningdrone.be\/#\/schema\/logo\/image\/"}}]}},"df_price":"","df_sale_price":"","df_regular_price":"","df_image_link":"https:\/\/koningdrone.be\/wp-content\/uploads\/sites\/13\/2026\/01\/HandsFree-1-2025-02-22_8_1100x-300x300.png","_links":{"self":[{"href":"https:\/\/koningdrone.be\/fr\/wp-json\/wp\/v2\/product\/16208","targetHints":{"allow":["GET"]}}],"collection":[{"href":"https:\/\/koningdrone.be\/fr\/wp-json\/wp\/v2\/product"}],"about":[{"href":"https:\/\/koningdrone.be\/fr\/wp-json\/wp\/v2\/types\/product"}],"wp:featuredmedia":[{"embeddable":true,"href":"https:\/\/koningdrone.be\/fr\/wp-json\/wp\/v2\/media\/16197"}],"wp:attachment":[{"href":"https:\/\/koningdrone.be\/fr\/wp-json\/wp\/v2\/media?parent=16208"}],"wp:term":[{"taxonomy":"product_brand","embeddable":true,"href":"https:\/\/koningdrone.be\/fr\/wp-json\/wp\/v2\/product_brand?post=16208"},{"taxonomy":"product_cat","embeddable":true,"href":"https:\/\/koningdrone.be\/fr\/wp-json\/wp\/v2\/product_cat?post=16208"},{"taxonomy":"product_tag","embeddable":true,"href":"https:\/\/koningdrone.be\/fr\/wp-json\/wp\/v2\/product_tag?post=16208"}],"curies":[{"name":"wp","href":"https:\/\/api.w.org\/{rel}","templated":true}]}}