{"id":16194,"date":"2025-09-01T13:35:09","date_gmt":"2025-09-01T11:35:09","guid":{"rendered":"https:\/\/koningdrone.be\/product\/bluetti-ac70p-power-station\/"},"modified":"2026-04-29T06:41:03","modified_gmt":"2026-04-29T04:41:03","slug":"bluetti-ac70p-power-station","status":"publish","type":"product","link":"https:\/\/koningdrone.be\/fr\/produit\/bluetti-ac70p-power-station\/","title":{"rendered":"Station d'alimentation Bluetti AC70P"},"content":{"rendered":"<h2>Centrale solaire Bluetti AC70P<\/h2>\n<p><strong>Une solution \u00e9nerg\u00e9tique puissante et intelligente pour toutes les situations.<\/strong><\/p>\n<p>Le <strong>Bluetti AC70P<\/strong> est une centrale \u00e9lectrique portable, compacte et polyvalente, con\u00e7ue pour <strong>aventures en plein air<\/strong>, <strong>voyages en voiture<\/strong> et <strong>applications de sauvegarde \u00e0 domicile<\/strong>. \u00c9quip\u00e9 d'un syst\u00e8me de <strong>Batterie LiFePO\u2084 864Wh<\/strong> il d\u00e9livre un d\u00e9bit continu de <strong>1.000W<\/strong> et un pic de <strong>2.000W<\/strong> en mode Power Lifting. Id\u00e9al pour alimenter tous les appareils, des ordinateurs portables aux mini-r\u00e9frig\u00e9rateurs en passant par les petits appareils m\u00e9nagers.<\/p>\n<h2>Caract\u00e9ristiques principales<\/h2>\n<ul>\n<li><strong>Puissance de sortie :<\/strong> Puissance continue de 1 000 W, puissance de cr\u00eate de 2 000 W avec mode Power Lifting - convient \u00e0 une grande vari\u00e9t\u00e9 d'appareils.<\/li>\n<li><strong>Batterie de grande capacit\u00e9 :<\/strong> 864Wh LiFePO\u2084 avec plus de 3 000 cycles de charge pour une fiabilit\u00e9 \u00e0 long terme.<\/li>\n<li><strong>Chargement rapide AC Turbo :<\/strong> charge jusqu'\u00e0 80% en seulement <strong>45 minutes<\/strong> par l'interm\u00e9diaire du r\u00e9seau \u00e9lectrique.<\/li>\n<li><strong>Options de chargement polyvalentes :<\/strong> Prise en charge du courant alternatif, du panneau solaire (jusqu'\u00e0 500 W), de la voiture et de l'option de charge du g\u00e9n\u00e9rateur.<\/li>\n<li><strong>Fonctionnalit\u00e9 de l'ASI :<\/strong> changement de format en toute transparence <strong>20ms<\/strong> pour prot\u00e9ger les \u00e9quipements sensibles en cas de coupure de courant.<\/li>\n<li><strong>Gestion intelligente :<\/strong> contr\u00f4le et surveillance complets par l'interm\u00e9diaire de l'interface utilisateur conviviale <strong>Application Bluetti<\/strong>.<\/li>\n<\/ul>\n<h2>Id\u00e9al pour :<\/h2>\n<ul>\n<li>Aventuriers et campeurs hors r\u00e9seau<\/li>\n<li>Les voyageurs qui ont besoin d'une \u00e9nergie fiable en d\u00e9placement<\/li>\n<li>Les m\u00e9nages veulent se pr\u00e9parer aux pannes d'\u00e9lectricit\u00e9<\/li>\n<li>Utilisation professionnelle dans des conditions de terrain ou en cas d'intervention d'urgence<\/li>\n<\/ul>\n<p>Avec ses performances robustes, ses capacit\u00e9s de charge rapide et ses fonctions intelligentes, le <strong>Bluetti AC70P<\/strong> Un compagnon fiable pour toutes les situations o\u00f9 vous avez besoin d'\u00e9lectricit\u00e9.<\/p>","protected":false},"excerpt":{"rendered":"<ul>\n<li><strong>Conception portable et l\u00e9g\u00e8re :<\/strong> Parfait pour les aventures en plein air ainsi que pour la sauvegarde de la maison en cas de panne de courant.<\/li>\n<li><strong>Mode de levage \u00e9lectrique :<\/strong> prend en charge les appareils jusqu'\u00e0 <strong>2.000W<\/strong>, Id\u00e9al pour les applications domestiques plus lourdes.<\/li>\n<li><strong>Plusieurs options de chargement :<\/strong> via le r\u00e9seau \u00e9lectrique, des panneaux solaires, une voiture et un groupe \u00e9lectrog\u00e8ne pour une flexibilit\u00e9 maximale.<\/li>\n<li><strong>Compatible avec les piles d'extension :<\/strong> comme <strong>B80P<\/strong>, <strong>B230<\/strong> et <strong>B300<\/strong> pour une plus grande capacit\u00e9 \u00e9nerg\u00e9tique.<\/li>\n<li><strong>Fonctionnement intuitif :<\/strong> en combinaison avec l'interface <strong>Application Bluetti<\/strong> pour faciliter la surveillance et la gestion.<\/li>\n<\/ul>","protected":false},"featured_media":16188,"template":"","meta":{"_acf_changed":false},"product_brand":[],"product_cat":[97,1701,829],"product_tag":[],"class_list":{"0":"post-16194","1":"product","2":"type-product","3":"status-publish","4":"has-post-thumbnail","6":"product_cat-alle-producten","7":"product_cat-anker-bluetti","8":"product_cat-bluetti","9":"product_shipping_class-outofstock","10":"pa_brand-bluetti","11":"pa_producttype-zonne-energiecentrale","13":"first","14":"outofstock","15":"taxable","16":"shipping-taxable","17":"product-type-simple"},"acf":[],"yoast_head":"<!-- This site is optimized with the Yoast SEO Premium plugin v27.2 (Yoast SEO v27.2) - https:\/\/yoast.com\/product\/yoast-seo-premium-wordpress\/ -->\n<title>Bluetti AC70P Power station - koningdrone.be<\/title>\n<meta name=\"robots\" content=\"index, follow, max-snippet:-1, max-image-preview:large, max-video-preview:-1\" \/>\n<link rel=\"canonical\" href=\"https:\/\/koningdrone.be\/fr\/produit\/bluetti-ac70p-power-station\/\" \/>\n<meta property=\"og:locale\" content=\"fr_FR\" \/>\n<meta property=\"og:type\" content=\"article\" \/>\n<meta property=\"og:title\" content=\"Bluetti AC70P Power station\" \/>\n<meta property=\"og:description\" content=\"Draagbaar en lichtgewicht ontwerp: perfect voor buitenavonturen \u00e9n als thuisback-up bij stroomuitval.  Power Lifting Mode: ondersteunt apparaten tot 2.000W, ideaal voor zwaardere huishoudelijke toepassingen.  Meerdere oplaadmogelijkheden: via netstroom, zonnepanelen, auto en generator voor maximale flexibiliteit.  Compatibel met uitbreidingsaccu&#039;s: zoals B80P, B230 en B300 voor een grotere energiecapaciteit.  Intu\u00eftieve bediening: slimme interface in combinatie met de Bluetti App voor eenvoudige monitoring en beheer.\" \/>\n<meta property=\"og:url\" content=\"https:\/\/koningdrone.be\/fr\/produit\/bluetti-ac70p-power-station\/\" \/>\n<meta property=\"og:site_name\" content=\"koningdrone.be\" \/>\n<meta property=\"article:modified_time\" content=\"2026-04-29T04:41:03+00:00\" \/>\n<meta property=\"og:image\" content=\"https:\/\/koningdrone.be\/wp-content\/uploads\/sites\/13\/2026\/01\/AC70P-ZT1_1100x.png\" \/>\n\t<meta property=\"og:image:width\" content=\"1100\" \/>\n\t<meta property=\"og:image:height\" content=\"1100\" \/>\n\t<meta property=\"og:image:type\" content=\"image\/png\" \/>\n<meta name=\"twitter:card\" content=\"summary_large_image\" \/>\n<meta name=\"twitter:label1\" content=\"Dur\u00e9e de lecture est.\" \/>\n\t<meta name=\"twitter:data1\" content=\"1 minute\" \/>\n<script type=\"application\/ld+json\" class=\"yoast-schema-graph\">{\"@context\":\"https:\/\/schema.org\",\"@graph\":[{\"@type\":\"WebPage\",\"@id\":\"https:\/\/koningdrone.be\/product\/bluetti-ac70p-power-station\/\",\"url\":\"https:\/\/koningdrone.be\/product\/bluetti-ac70p-power-station\/\",\"name\":\"Bluetti AC70P Power station - koningdrone.be\",\"isPartOf\":{\"@id\":\"https:\/\/koningdrone.be\/#website\"},\"primaryImageOfPage\":{\"@id\":\"https:\/\/koningdrone.be\/product\/bluetti-ac70p-power-station\/#primaryimage\"},\"image\":{\"@id\":\"https:\/\/koningdrone.be\/product\/bluetti-ac70p-power-station\/#primaryimage\"},\"thumbnailUrl\":\"https:\/\/koningdrone.be\/wp-content\/uploads\/sites\/13\/2026\/01\/AC70P-ZT1_1100x.png\",\"datePublished\":\"2025-09-01T11:35:09+00:00\",\"dateModified\":\"2026-04-29T04:41:03+00:00\",\"breadcrumb\":{\"@id\":\"https:\/\/koningdrone.be\/product\/bluetti-ac70p-power-station\/#breadcrumb\"},\"inLanguage\":\"fr-BE\",\"potentialAction\":[{\"@type\":\"ReadAction\",\"target\":[\"https:\/\/koningdrone.be\/product\/bluetti-ac70p-power-station\/\"]}]},{\"@type\":\"ImageObject\",\"inLanguage\":\"fr-BE\",\"@id\":\"https:\/\/koningdrone.be\/product\/bluetti-ac70p-power-station\/#primaryimage\",\"url\":\"https:\/\/koningdrone.be\/wp-content\/uploads\/sites\/13\/2026\/01\/AC70P-ZT1_1100x.png\",\"contentUrl\":\"https:\/\/koningdrone.be\/wp-content\/uploads\/sites\/13\/2026\/01\/AC70P-ZT1_1100x.png\",\"width\":1100,\"height\":1100},{\"@type\":\"BreadcrumbList\",\"@id\":\"https:\/\/koningdrone.be\/product\/bluetti-ac70p-power-station\/#breadcrumb\",\"itemListElement\":[{\"@type\":\"ListItem\",\"position\":1,\"name\":\"Home\",\"item\":\"https:\/\/koningdrone.be\/\"},{\"@type\":\"ListItem\",\"position\":2,\"name\":\"AVSS Parachute Recovery System for DJI Matrice 300\/350\",\"item\":\"https:\/\/koningdrone.be\/product\/avss-parachute-recovery-system-for-dji-matrice-300-350\/\"},{\"@type\":\"ListItem\",\"position\":3,\"name\":\"Alle producten\",\"item\":\"https:\/\/koningdrone.be\/categorie\/alle-producten\/\"},{\"@type\":\"ListItem\",\"position\":4,\"name\":\"Bluetti AC70P Power station\"}]},{\"@type\":\"WebSite\",\"@id\":\"https:\/\/koningdrone.be\/#website\",\"url\":\"https:\/\/koningdrone.be\/\",\"name\":\"Koningdrone.be - Uw online specialist in drones, gimbals, camera's en power stations.\",\"description\":\"De webshop in drones en gimbals\",\"publisher\":{\"@id\":\"https:\/\/koningdrone.be\/#organization\"},\"potentialAction\":[{\"@type\":\"SearchAction\",\"target\":{\"@type\":\"EntryPoint\",\"urlTemplate\":\"https:\/\/koningdrone.be\/?s={search_term_string}\"},\"query-input\":{\"@type\":\"PropertyValueSpecification\",\"valueRequired\":true,\"valueName\":\"search_term_string\"}}],\"inLanguage\":\"fr-BE\"},{\"@type\":\"Organization\",\"@id\":\"https:\/\/koningdrone.be\/#organization\",\"name\":\"Koningdrone.be\",\"url\":\"https:\/\/koningdrone.be\/\",\"logo\":{\"@type\":\"ImageObject\",\"inLanguage\":\"fr-BE\",\"@id\":\"https:\/\/koningdrone.be\/#\/schema\/logo\/image\/\",\"url\":\"https:\/\/koningdrone.be\/wp-content\/uploads\/sites\/13\/2025\/04\/koningdrone-copyright-logo.svg\",\"contentUrl\":\"https:\/\/koningdrone.be\/wp-content\/uploads\/sites\/13\/2025\/04\/koningdrone-copyright-logo.svg\",\"width\":227,\"height\":38,\"caption\":\"Koningdrone.be\"},\"image\":{\"@id\":\"https:\/\/koningdrone.be\/#\/schema\/logo\/image\/\"}}]}<\/script>\n<!-- \/ Yoast SEO Premium plugin. -->","yoast_head_json":{"title":"Bluetti AC70P Power station - koningdrone.be","robots":{"index":"index","follow":"follow","max-snippet":"max-snippet:-1","max-image-preview":"max-image-preview:large","max-video-preview":"max-video-preview:-1"},"canonical":"https:\/\/koningdrone.be\/fr\/produit\/bluetti-ac70p-power-station\/","og_locale":"fr_FR","og_type":"article","og_title":"Bluetti AC70P Power station","og_description":"Draagbaar en lichtgewicht ontwerp: perfect voor buitenavonturen \u00e9n als thuisback-up bij stroomuitval.  Power Lifting Mode: ondersteunt apparaten tot 2.000W, ideaal voor zwaardere huishoudelijke toepassingen.  Meerdere oplaadmogelijkheden: via netstroom, zonnepanelen, auto en generator voor maximale flexibiliteit.  Compatibel met uitbreidingsaccu's: zoals B80P, B230 en B300 voor een grotere energiecapaciteit.  Intu\u00eftieve bediening: slimme interface in combinatie met de Bluetti App voor eenvoudige monitoring en beheer.","og_url":"https:\/\/koningdrone.be\/fr\/produit\/bluetti-ac70p-power-station\/","og_site_name":"koningdrone.be","article_modified_time":"2026-04-29T04:41:03+00:00","og_image":[{"width":1100,"height":1100,"url":"https:\/\/koningdrone.be\/wp-content\/uploads\/sites\/13\/2026\/01\/AC70P-ZT1_1100x.png","type":"image\/png"}],"twitter_card":"summary_large_image","twitter_misc":{"Dur\u00e9e de lecture est.":"1 minute"},"schema":{"@context":"https:\/\/schema.org","@graph":[{"@type":"WebPage","@id":"https:\/\/koningdrone.be\/product\/bluetti-ac70p-power-station\/","url":"https:\/\/koningdrone.be\/product\/bluetti-ac70p-power-station\/","name":"Bluetti AC70P Power station - koningdrone.be","isPartOf":{"@id":"https:\/\/koningdrone.be\/#website"},"primaryImageOfPage":{"@id":"https:\/\/koningdrone.be\/product\/bluetti-ac70p-power-station\/#primaryimage"},"image":{"@id":"https:\/\/koningdrone.be\/product\/bluetti-ac70p-power-station\/#primaryimage"},"thumbnailUrl":"https:\/\/koningdrone.be\/wp-content\/uploads\/sites\/13\/2026\/01\/AC70P-ZT1_1100x.png","datePublished":"2025-09-01T11:35:09+00:00","dateModified":"2026-04-29T04:41:03+00:00","breadcrumb":{"@id":"https:\/\/koningdrone.be\/product\/bluetti-ac70p-power-station\/#breadcrumb"},"inLanguage":"fr-BE","potentialAction":[{"@type":"ReadAction","target":["https:\/\/koningdrone.be\/product\/bluetti-ac70p-power-station\/"]}]},{"@type":"ImageObject","inLanguage":"fr-BE","@id":"https:\/\/koningdrone.be\/product\/bluetti-ac70p-power-station\/#primaryimage","url":"https:\/\/koningdrone.be\/wp-content\/uploads\/sites\/13\/2026\/01\/AC70P-ZT1_1100x.png","contentUrl":"https:\/\/koningdrone.be\/wp-content\/uploads\/sites\/13\/2026\/01\/AC70P-ZT1_1100x.png","width":1100,"height":1100},{"@type":"BreadcrumbList","@id":"https:\/\/koningdrone.be\/product\/bluetti-ac70p-power-station\/#breadcrumb","itemListElement":[{"@type":"ListItem","position":1,"name":"Home","item":"https:\/\/koningdrone.be\/"},{"@type":"ListItem","position":2,"name":"AVSS Parachute Recovery System for DJI Matrice 300\/350","item":"https:\/\/koningdrone.be\/product\/avss-parachute-recovery-system-for-dji-matrice-300-350\/"},{"@type":"ListItem","position":3,"name":"Alle producten","item":"https:\/\/koningdrone.be\/categorie\/alle-producten\/"},{"@type":"ListItem","position":4,"name":"Bluetti AC70P Power station"}]},{"@type":"WebSite","@id":"https:\/\/koningdrone.be\/#website","url":"https:\/\/koningdrone.be\/","name":"Koningdrone.be - Votre sp\u00e9cialiste en ligne en mati\u00e8re de drones, de cardans, de cam\u00e9ras et de centrales \u00e9lectriques.","description":"La boutique en ligne de drones et de cardans","publisher":{"@id":"https:\/\/koningdrone.be\/#organization"},"potentialAction":[{"@type":"SearchAction","target":{"@type":"EntryPoint","urlTemplate":"https:\/\/koningdrone.be\/?s={search_term_string}"},"query-input":{"@type":"PropertyValueSpecification","valueRequired":true,"valueName":"search_term_string"}}],"inLanguage":"fr-BE"},{"@type":"Organization","@id":"https:\/\/koningdrone.be\/#organization","name":"Kingdrone.co.uk","url":"https:\/\/koningdrone.be\/","logo":{"@type":"ImageObject","inLanguage":"fr-BE","@id":"https:\/\/koningdrone.be\/#\/schema\/logo\/image\/","url":"https:\/\/koningdrone.be\/wp-content\/uploads\/sites\/13\/2025\/04\/koningdrone-copyright-logo.svg","contentUrl":"https:\/\/koningdrone.be\/wp-content\/uploads\/sites\/13\/2025\/04\/koningdrone-copyright-logo.svg","width":227,"height":38,"caption":"Koningdrone.be"},"image":{"@id":"https:\/\/koningdrone.be\/#\/schema\/logo\/image\/"}}]}},"df_price":"","df_sale_price":"","df_regular_price":"","df_image_link":"https:\/\/koningdrone.be\/wp-content\/uploads\/sites\/13\/2026\/01\/AC70P-ZT1_1100x-300x300.png","_links":{"self":[{"href":"https:\/\/koningdrone.be\/fr\/wp-json\/wp\/v2\/product\/16194","targetHints":{"allow":["GET"]}}],"collection":[{"href":"https:\/\/koningdrone.be\/fr\/wp-json\/wp\/v2\/product"}],"about":[{"href":"https:\/\/koningdrone.be\/fr\/wp-json\/wp\/v2\/types\/product"}],"wp:featuredmedia":[{"embeddable":true,"href":"https:\/\/koningdrone.be\/fr\/wp-json\/wp\/v2\/media\/16188"}],"wp:attachment":[{"href":"https:\/\/koningdrone.be\/fr\/wp-json\/wp\/v2\/media?parent=16194"}],"wp:term":[{"taxonomy":"product_brand","embeddable":true,"href":"https:\/\/koningdrone.be\/fr\/wp-json\/wp\/v2\/product_brand?post=16194"},{"taxonomy":"product_cat","embeddable":true,"href":"https:\/\/koningdrone.be\/fr\/wp-json\/wp\/v2\/product_cat?post=16194"},{"taxonomy":"product_tag","embeddable":true,"href":"https:\/\/koningdrone.be\/fr\/wp-json\/wp\/v2\/product_tag?post=16194"}],"curies":[{"name":"wp","href":"https:\/\/api.w.org\/{rel}","templated":true}]}}