{"id":16177,"date":"2025-09-01T13:35:09","date_gmt":"2025-09-01T11:35:09","guid":{"rendered":"https:\/\/koningdrone.be\/product\/bluetti-ac200pl-power-station\/"},"modified":"2026-04-29T06:40:59","modified_gmt":"2026-04-29T04:40:59","slug":"bluetti-ac200pl-power-station","status":"publish","type":"product","link":"https:\/\/koningdrone.be\/fr\/produit\/bluetti-ac200pl-power-station\/","title":{"rendered":"Station d'alimentation Bluetti AC200PL"},"content":{"rendered":"<h2>Centrale \u00e9lectrique portable Bluetti AC200PL<\/h2>\n<p><strong>Une \u00e9nergie puissante, disponible \u00e0 tout moment et en tout lieu.<\/strong><\/p>\n<p>Le <strong>Bluetti AC200PL<\/strong> est une centrale \u00e9lectrique portable de pointe dot\u00e9e d'une impressionnante <strong>capacit\u00e9 de 2 304Wh<\/strong>, con\u00e7u \u00e0 la fois pour les <strong>l'\u00e9lectricit\u00e9 de secours \u00e0 domicile<\/strong> comme <strong>aventures hors r\u00e9seau<\/strong>. Avec une production continue de <strong>2.400W<\/strong> et une puissance de pointe jusqu'\u00e0 <strong>3.600W<\/strong> cette centrale \u00e9lectrique est id\u00e9ale pour alimenter un large \u00e9ventail d'appareils - de l'\u00e9lectronique domestique \u00e0 l'\u00e9quipement lourd sur le terrain.<\/p>\n<h2>Caract\u00e9ristiques principales<\/h2>\n<ul>\n<li><strong>Batterie de grande capacit\u00e9 :<\/strong> LiFePO\u2084 longue dur\u00e9e de 2 304Wh avec plus de 3 000 cycles de charge.<\/li>\n<li><strong>Puissance de sortie :<\/strong> 2 400 W en continu, jusqu'\u00e0 3 600 W en cr\u00eate - convient \u00e0 presque tous les appareils \u00e0 la maison ou en d\u00e9placement.<\/li>\n<li><strong>Options de connexion polyvalentes :<\/strong> incluant des prises de courant alternatif, des sorties USB-A, USB-C et 12V DC pour une utilisation simultan\u00e9e.<\/li>\n<li><strong>Chargement rapide en courant alternatif :<\/strong> a atteint 80% en seulement <strong>45 minutes<\/strong> par le biais d'une puissante entr\u00e9e CA de 2 400 W.<\/li>\n<li><strong>Options de charge flexibles :<\/strong> Rechargeable sur secteur, \u00e0 l'\u00e9nergie solaire, dans une voiture ou sur un groupe \u00e9lectrog\u00e8ne - parfait pour tous les sc\u00e9narios.<\/li>\n<li><strong>Stockage extensible :<\/strong> compatible avec des batteries suppl\u00e9mentaires pour une capacit\u00e9 totale allant jusqu'\u00e0 <strong>8 448Wh<\/strong>.<\/li>\n<\/ul>\n<p>Que vous souhaitiez vous pr\u00e9parer aux pannes d'\u00e9lectricit\u00e9, rechercher des \u00e9nergies renouvelables pour vivre hors r\u00e9seau ou simplement disposer d'une alimentation \u00e9lectrique fiable lors de vos d\u00e9placements : la <strong>Bluetti AC200PL<\/strong> offre tout en un syst\u00e8me puissant et flexible.<\/p>","protected":false},"excerpt":{"rendered":"<ul>\n<li><strong>Batterie de grande capacit\u00e9 :<\/strong> \u00e9quip\u00e9 d'une batterie longue dur\u00e9e LiFePO\u2084 pour une alimentation fiable et durable.<\/li>\n<li><strong>Conception extensible :<\/strong> d'augmenter facilement la capacit\u00e9 de stockage jusqu'\u00e0 8 448 Wh pour r\u00e9pondre \u00e0 diff\u00e9rents besoins \u00e9nerg\u00e9tiques.<\/li>\n<li><strong>Plusieurs options de sortie :<\/strong> tels que AC, USB-A, USB-C et charge sans fil - pour alimenter plusieurs appareils simultan\u00e9ment.<\/li>\n<li><strong>Options de charge flexibles :<\/strong> Permet de recharger l'appareil sur secteur, \u00e0 l'\u00e9nergie solaire, dans une voiture ou sur un g\u00e9n\u00e9rateur pour une polyvalence maximale.<\/li>\n<li><strong>Interface conviviale :<\/strong> facile \u00e0 utiliser et \u00e0 surveiller gr\u00e2ce \u00e0 l'\u00e9cran int\u00e9gr\u00e9 et \u00e0 l'interface utilisateur. <strong>Application Bluetti<\/strong>.<\/li>\n<li><strong>Conception portable et robuste :<\/strong> convient aussi bien \u00e0 une utilisation domestique qu'\u00e0 des aventures hors r\u00e9seau en plein air.<\/li>\n<\/ul>","protected":false},"featured_media":16173,"template":"","meta":{"_acf_changed":false},"product_brand":[],"product_cat":[97,1701,829],"product_tag":[],"class_list":{"0":"post-16177","1":"product","2":"type-product","3":"status-publish","4":"has-post-thumbnail","6":"product_cat-alle-producten","7":"product_cat-anker-bluetti","8":"product_cat-bluetti","9":"product_shipping_class-outofstock","10":"pa_brand-bluetti","11":"pa_producttype-draagbare-energiecentrale","13":"first","14":"outofstock","15":"taxable","16":"shipping-taxable","17":"product-type-simple"},"acf":[],"yoast_head":"<!-- This site is optimized with the Yoast SEO Premium plugin v27.2 (Yoast SEO v27.2) - https:\/\/yoast.com\/product\/yoast-seo-premium-wordpress\/ -->\n<title>Bluetti AC200PL Power station - koningdrone.be<\/title>\n<meta name=\"robots\" content=\"index, follow, max-snippet:-1, max-image-preview:large, max-video-preview:-1\" \/>\n<link rel=\"canonical\" href=\"https:\/\/koningdrone.be\/fr\/produit\/bluetti-ac200pl-power-station\/\" \/>\n<meta property=\"og:locale\" content=\"fr_FR\" \/>\n<meta property=\"og:type\" content=\"article\" \/>\n<meta property=\"og:title\" content=\"Bluetti AC200PL Power station\" \/>\n<meta property=\"og:description\" content=\"Hoge capaciteit batterij: uitgerust met een duurzame LiFePO\u2084 batterij voor betrouwbare en langdurige energievoorziening.  Uitbreidbaar ontwerp: verhoog de opslagcapaciteit eenvoudig tot wel 8.448Wh om aan verschillende energiebehoeften te voldoen.  Meerdere uitgangsopties: zoals AC, USB-A, USB-C en draadloos opladen \u2013 voor het gelijktijdig voeden van diverse apparaten.  Flexibele oplaadmogelijkheden: ondersteunt opladen via netstroom, zonne-energie, auto of generator voor maximale veelzijdigheid.  Gebruiksvriendelijke interface: eenvoudig te bedienen en te monitoren via het ge\u00efntegreerde display en de Bluetti app.  Draagbaar en robuust ontwerp: geschikt voor zowel thuisgebruik als off-grid avonturen in de buitenlucht.\" \/>\n<meta property=\"og:url\" content=\"https:\/\/koningdrone.be\/fr\/produit\/bluetti-ac200pl-power-station\/\" \/>\n<meta property=\"og:site_name\" content=\"koningdrone.be\" \/>\n<meta property=\"article:modified_time\" content=\"2026-04-29T04:40:59+00:00\" \/>\n<meta property=\"og:image\" content=\"https:\/\/koningdrone.be\/wp-content\/uploads\/sites\/13\/2026\/01\/AC200PL-ZT1_1100x.png\" \/>\n\t<meta property=\"og:image:width\" content=\"1100\" \/>\n\t<meta property=\"og:image:height\" content=\"1100\" \/>\n\t<meta property=\"og:image:type\" content=\"image\/png\" \/>\n<meta name=\"twitter:card\" content=\"summary_large_image\" \/>\n<meta name=\"twitter:label1\" content=\"Dur\u00e9e de lecture est.\" \/>\n\t<meta name=\"twitter:data1\" content=\"1 minute\" \/>\n<script type=\"application\/ld+json\" class=\"yoast-schema-graph\">{\"@context\":\"https:\/\/schema.org\",\"@graph\":[{\"@type\":\"WebPage\",\"@id\":\"https:\/\/koningdrone.be\/product\/bluetti-ac200pl-power-station\/\",\"url\":\"https:\/\/koningdrone.be\/product\/bluetti-ac200pl-power-station\/\",\"name\":\"Bluetti AC200PL Power station - koningdrone.be\",\"isPartOf\":{\"@id\":\"https:\/\/koningdrone.be\/#website\"},\"primaryImageOfPage\":{\"@id\":\"https:\/\/koningdrone.be\/product\/bluetti-ac200pl-power-station\/#primaryimage\"},\"image\":{\"@id\":\"https:\/\/koningdrone.be\/product\/bluetti-ac200pl-power-station\/#primaryimage\"},\"thumbnailUrl\":\"https:\/\/koningdrone.be\/wp-content\/uploads\/sites\/13\/2026\/01\/AC200PL-ZT1_1100x.png\",\"datePublished\":\"2025-09-01T11:35:09+00:00\",\"dateModified\":\"2026-04-29T04:40:59+00:00\",\"breadcrumb\":{\"@id\":\"https:\/\/koningdrone.be\/product\/bluetti-ac200pl-power-station\/#breadcrumb\"},\"inLanguage\":\"fr-BE\",\"potentialAction\":[{\"@type\":\"ReadAction\",\"target\":[\"https:\/\/koningdrone.be\/product\/bluetti-ac200pl-power-station\/\"]}]},{\"@type\":\"ImageObject\",\"inLanguage\":\"fr-BE\",\"@id\":\"https:\/\/koningdrone.be\/product\/bluetti-ac200pl-power-station\/#primaryimage\",\"url\":\"https:\/\/koningdrone.be\/wp-content\/uploads\/sites\/13\/2026\/01\/AC200PL-ZT1_1100x.png\",\"contentUrl\":\"https:\/\/koningdrone.be\/wp-content\/uploads\/sites\/13\/2026\/01\/AC200PL-ZT1_1100x.png\",\"width\":1100,\"height\":1100},{\"@type\":\"BreadcrumbList\",\"@id\":\"https:\/\/koningdrone.be\/product\/bluetti-ac200pl-power-station\/#breadcrumb\",\"itemListElement\":[{\"@type\":\"ListItem\",\"position\":1,\"name\":\"Home\",\"item\":\"https:\/\/koningdrone.be\/\"},{\"@type\":\"ListItem\",\"position\":2,\"name\":\"AVSS Parachute Recovery System for DJI Matrice 300\/350\",\"item\":\"https:\/\/koningdrone.be\/product\/avss-parachute-recovery-system-for-dji-matrice-300-350\/\"},{\"@type\":\"ListItem\",\"position\":3,\"name\":\"Alle producten\",\"item\":\"https:\/\/koningdrone.be\/categorie\/alle-producten\/\"},{\"@type\":\"ListItem\",\"position\":4,\"name\":\"Bluetti AC200PL Power station\"}]},{\"@type\":\"WebSite\",\"@id\":\"https:\/\/koningdrone.be\/#website\",\"url\":\"https:\/\/koningdrone.be\/\",\"name\":\"Koningdrone.be - Uw online specialist in drones, gimbals, camera's en power stations.\",\"description\":\"De webshop in drones en gimbals\",\"publisher\":{\"@id\":\"https:\/\/koningdrone.be\/#organization\"},\"potentialAction\":[{\"@type\":\"SearchAction\",\"target\":{\"@type\":\"EntryPoint\",\"urlTemplate\":\"https:\/\/koningdrone.be\/?s={search_term_string}\"},\"query-input\":{\"@type\":\"PropertyValueSpecification\",\"valueRequired\":true,\"valueName\":\"search_term_string\"}}],\"inLanguage\":\"fr-BE\"},{\"@type\":\"Organization\",\"@id\":\"https:\/\/koningdrone.be\/#organization\",\"name\":\"Koningdrone.be\",\"url\":\"https:\/\/koningdrone.be\/\",\"logo\":{\"@type\":\"ImageObject\",\"inLanguage\":\"fr-BE\",\"@id\":\"https:\/\/koningdrone.be\/#\/schema\/logo\/image\/\",\"url\":\"https:\/\/koningdrone.be\/wp-content\/uploads\/sites\/13\/2025\/04\/koningdrone-copyright-logo.svg\",\"contentUrl\":\"https:\/\/koningdrone.be\/wp-content\/uploads\/sites\/13\/2025\/04\/koningdrone-copyright-logo.svg\",\"width\":227,\"height\":38,\"caption\":\"Koningdrone.be\"},\"image\":{\"@id\":\"https:\/\/koningdrone.be\/#\/schema\/logo\/image\/\"}}]}<\/script>\n<!-- \/ Yoast SEO Premium plugin. -->","yoast_head_json":{"title":"Bluetti AC200PL Power station - koningdrone.be","robots":{"index":"index","follow":"follow","max-snippet":"max-snippet:-1","max-image-preview":"max-image-preview:large","max-video-preview":"max-video-preview:-1"},"canonical":"https:\/\/koningdrone.be\/fr\/produit\/bluetti-ac200pl-power-station\/","og_locale":"fr_FR","og_type":"article","og_title":"Bluetti AC200PL Power station","og_description":"Hoge capaciteit batterij: uitgerust met een duurzame LiFePO\u2084 batterij voor betrouwbare en langdurige energievoorziening.  Uitbreidbaar ontwerp: verhoog de opslagcapaciteit eenvoudig tot wel 8.448Wh om aan verschillende energiebehoeften te voldoen.  Meerdere uitgangsopties: zoals AC, USB-A, USB-C en draadloos opladen \u2013 voor het gelijktijdig voeden van diverse apparaten.  Flexibele oplaadmogelijkheden: ondersteunt opladen via netstroom, zonne-energie, auto of generator voor maximale veelzijdigheid.  Gebruiksvriendelijke interface: eenvoudig te bedienen en te monitoren via het ge\u00efntegreerde display en de Bluetti app.  Draagbaar en robuust ontwerp: geschikt voor zowel thuisgebruik als off-grid avonturen in de buitenlucht.","og_url":"https:\/\/koningdrone.be\/fr\/produit\/bluetti-ac200pl-power-station\/","og_site_name":"koningdrone.be","article_modified_time":"2026-04-29T04:40:59+00:00","og_image":[{"width":1100,"height":1100,"url":"https:\/\/koningdrone.be\/wp-content\/uploads\/sites\/13\/2026\/01\/AC200PL-ZT1_1100x.png","type":"image\/png"}],"twitter_card":"summary_large_image","twitter_misc":{"Dur\u00e9e de lecture est.":"1 minute"},"schema":{"@context":"https:\/\/schema.org","@graph":[{"@type":"WebPage","@id":"https:\/\/koningdrone.be\/product\/bluetti-ac200pl-power-station\/","url":"https:\/\/koningdrone.be\/product\/bluetti-ac200pl-power-station\/","name":"Bluetti AC200PL Power station - koningdrone.be","isPartOf":{"@id":"https:\/\/koningdrone.be\/#website"},"primaryImageOfPage":{"@id":"https:\/\/koningdrone.be\/product\/bluetti-ac200pl-power-station\/#primaryimage"},"image":{"@id":"https:\/\/koningdrone.be\/product\/bluetti-ac200pl-power-station\/#primaryimage"},"thumbnailUrl":"https:\/\/koningdrone.be\/wp-content\/uploads\/sites\/13\/2026\/01\/AC200PL-ZT1_1100x.png","datePublished":"2025-09-01T11:35:09+00:00","dateModified":"2026-04-29T04:40:59+00:00","breadcrumb":{"@id":"https:\/\/koningdrone.be\/product\/bluetti-ac200pl-power-station\/#breadcrumb"},"inLanguage":"fr-BE","potentialAction":[{"@type":"ReadAction","target":["https:\/\/koningdrone.be\/product\/bluetti-ac200pl-power-station\/"]}]},{"@type":"ImageObject","inLanguage":"fr-BE","@id":"https:\/\/koningdrone.be\/product\/bluetti-ac200pl-power-station\/#primaryimage","url":"https:\/\/koningdrone.be\/wp-content\/uploads\/sites\/13\/2026\/01\/AC200PL-ZT1_1100x.png","contentUrl":"https:\/\/koningdrone.be\/wp-content\/uploads\/sites\/13\/2026\/01\/AC200PL-ZT1_1100x.png","width":1100,"height":1100},{"@type":"BreadcrumbList","@id":"https:\/\/koningdrone.be\/product\/bluetti-ac200pl-power-station\/#breadcrumb","itemListElement":[{"@type":"ListItem","position":1,"name":"Home","item":"https:\/\/koningdrone.be\/"},{"@type":"ListItem","position":2,"name":"AVSS Parachute Recovery System for DJI Matrice 300\/350","item":"https:\/\/koningdrone.be\/product\/avss-parachute-recovery-system-for-dji-matrice-300-350\/"},{"@type":"ListItem","position":3,"name":"Alle producten","item":"https:\/\/koningdrone.be\/categorie\/alle-producten\/"},{"@type":"ListItem","position":4,"name":"Bluetti AC200PL Power station"}]},{"@type":"WebSite","@id":"https:\/\/koningdrone.be\/#website","url":"https:\/\/koningdrone.be\/","name":"Koningdrone.be - Votre sp\u00e9cialiste en ligne en mati\u00e8re de drones, de cardans, de cam\u00e9ras et de centrales \u00e9lectriques.","description":"La boutique en ligne de drones et de cardans","publisher":{"@id":"https:\/\/koningdrone.be\/#organization"},"potentialAction":[{"@type":"SearchAction","target":{"@type":"EntryPoint","urlTemplate":"https:\/\/koningdrone.be\/?s={search_term_string}"},"query-input":{"@type":"PropertyValueSpecification","valueRequired":true,"valueName":"search_term_string"}}],"inLanguage":"fr-BE"},{"@type":"Organization","@id":"https:\/\/koningdrone.be\/#organization","name":"Kingdrone.co.uk","url":"https:\/\/koningdrone.be\/","logo":{"@type":"ImageObject","inLanguage":"fr-BE","@id":"https:\/\/koningdrone.be\/#\/schema\/logo\/image\/","url":"https:\/\/koningdrone.be\/wp-content\/uploads\/sites\/13\/2025\/04\/koningdrone-copyright-logo.svg","contentUrl":"https:\/\/koningdrone.be\/wp-content\/uploads\/sites\/13\/2025\/04\/koningdrone-copyright-logo.svg","width":227,"height":38,"caption":"Koningdrone.be"},"image":{"@id":"https:\/\/koningdrone.be\/#\/schema\/logo\/image\/"}}]}},"df_price":"","df_sale_price":"","df_regular_price":"","df_image_link":"https:\/\/koningdrone.be\/wp-content\/uploads\/sites\/13\/2026\/01\/AC200PL-ZT1_1100x-300x300.png","_links":{"self":[{"href":"https:\/\/koningdrone.be\/fr\/wp-json\/wp\/v2\/product\/16177","targetHints":{"allow":["GET"]}}],"collection":[{"href":"https:\/\/koningdrone.be\/fr\/wp-json\/wp\/v2\/product"}],"about":[{"href":"https:\/\/koningdrone.be\/fr\/wp-json\/wp\/v2\/types\/product"}],"wp:featuredmedia":[{"embeddable":true,"href":"https:\/\/koningdrone.be\/fr\/wp-json\/wp\/v2\/media\/16173"}],"wp:attachment":[{"href":"https:\/\/koningdrone.be\/fr\/wp-json\/wp\/v2\/media?parent=16177"}],"wp:term":[{"taxonomy":"product_brand","embeddable":true,"href":"https:\/\/koningdrone.be\/fr\/wp-json\/wp\/v2\/product_brand?post=16177"},{"taxonomy":"product_cat","embeddable":true,"href":"https:\/\/koningdrone.be\/fr\/wp-json\/wp\/v2\/product_cat?post=16177"},{"taxonomy":"product_tag","embeddable":true,"href":"https:\/\/koningdrone.be\/fr\/wp-json\/wp\/v2\/product_tag?post=16177"}],"curies":[{"name":"wp","href":"https:\/\/api.w.org\/{rel}","templated":true}]}}