{"id":16172,"date":"2025-09-01T13:35:09","date_gmt":"2025-09-01T11:35:09","guid":{"rendered":"https:\/\/koningdrone.be\/product\/bluetti-ac270p-power-station\/"},"modified":"2026-04-29T06:40:57","modified_gmt":"2026-04-29T04:40:57","slug":"bluetti-ac270p-power-station","status":"publish","type":"product","link":"https:\/\/koningdrone.be\/fr\/produit\/bluetti-ac270p-power-station\/","title":{"rendered":"Station d'alimentation Bluetti AC270P"},"content":{"rendered":"<h2>Centrale \u00e9lectrique portable Bluetti Premium 200 V2 (AC270P)<\/h2>\n<p><strong>Des performances puissantes pour la maison et en d\u00e9placement.<\/strong><\/p>\n<p>Le <strong>Bluetti Premium 200 V2 (AC270P)<\/strong> est une centrale \u00e9lectrique portable robuste et \u00e9volu\u00e9e, con\u00e7ue pour <strong>alimentation \u00e9lectrique d'urgence \u00e0 domicile<\/strong> et <strong>activit\u00e9s de plein air<\/strong>. Avec un nombre impressionnant de <strong>capacit\u00e9 de 2 073,6Wh<\/strong> et un puissant <strong>Onduleur de 2 700 W<\/strong> il fournit sans effort jusqu'\u00e0 <strong>sept appareils simultan\u00e9ment<\/strong> d'une \u00e9nergie fiable.<\/p>\n<h2>Caract\u00e9ristiques principales<\/h2>\n<ul>\n<li><strong>Grande capacit\u00e9 de la batterie :<\/strong> 2 073,6 Wh - convient aux applications \u00e0 plus forte puissance et aux applications lourdes.<\/li>\n<li><strong>Puissant onduleur de 2 700 W :<\/strong> id\u00e9al pour les \u00e9quipements domestiques et professionnels.<\/li>\n<li><strong>Technologie de charge rapide TurboBoost :<\/strong> rechargeable jusqu'\u00e0 80% en seulement <strong>1,1 heure<\/strong>.<\/li>\n<li><strong>Gestion avanc\u00e9e de la batterie :<\/strong> augmente la s\u00e9curit\u00e9 et prolonge la dur\u00e9e de vie du syst\u00e8me.<\/li>\n<li><strong>Batterie LiFePO\u2084 de qualit\u00e9 automobile :<\/strong> de plus de <strong>6 000 cycles de charge<\/strong> - durabilit\u00e9 garantie.<\/li>\n<li><strong>Syst\u00e8me de s\u00e9curit\u00e9 complet :<\/strong> Prot\u00e8ge contre la surcharge, les courts-circuits, la surchauffe, etc.<\/li>\n<li><strong>Garantie :<\/strong> 5 ans - une tranquillit\u00e9 d'esprit suppl\u00e9mentaire pour chaque application.<\/li>\n<\/ul>\n<p>Que vous ayez besoin d'\u00e9nergie pour votre lieu de travail, votre camping-car, votre mode de vie hors r\u00e9seau ou comme source d'\u00e9nergie de secours \u00e0 la maison : la <strong>Bluetti AC270P<\/strong> fournit une \u00e9nergie fiable, puissante et efficace dans une solution portable.<\/p>","protected":false},"excerpt":{"rendered":"<ul>\n<li><strong>Capacit\u00e9 et puissance \u00e9lev\u00e9es :<\/strong> \u00e9quip\u00e9 d'un puissant onduleur et d'une batterie pour une alimentation fiable de divers appareils.<\/li>\n<li><strong>Chargement rapide :<\/strong> syst\u00e8me avanc\u00e9 de gestion de la batterie et <strong>Technologie de charge TurboBoost<\/strong> garantissent des temps de charge rapides comme l'\u00e9clair.<\/li>\n<li><strong>Technologie de batterie de qualit\u00e9 automobile :<\/strong> utilis\u00e9 <strong>Batteries LiFePO\u2084<\/strong> avec une durabilit\u00e9 exceptionnelle et plus de 6 000 cycles de charge.<\/li>\n<li><strong>Syst\u00e8me de s\u00e9curit\u00e9 complet :<\/strong> Prot\u00e8ge contre la surchauffe, la surcharge et d'autres risques, notamment <strong>Garantie de 5 ans<\/strong> pour une tranquillit\u00e9 d'esprit maximale.<\/li>\n<\/ul>","protected":false},"featured_media":0,"template":"","meta":{"_acf_changed":false},"product_brand":[],"product_cat":[97,1701,829],"product_tag":[],"class_list":{"0":"post-16172","1":"product","2":"type-product","3":"status-publish","5":"product_cat-alle-producten","6":"product_cat-anker-bluetti","7":"product_cat-bluetti","8":"product_shipping_class-outofstock","9":"pa_brand-bluetti","10":"pa_producttype-draagbare-energiecentrale","12":"first","13":"outofstock","14":"taxable","15":"shipping-taxable","16":"product-type-simple"},"acf":[],"yoast_head":"<!-- This site is optimized with the Yoast SEO Premium plugin v27.2 (Yoast SEO v27.2) - https:\/\/yoast.com\/product\/yoast-seo-premium-wordpress\/ -->\n<title>Bluetti AC270P Power station - koningdrone.be<\/title>\n<meta name=\"robots\" content=\"index, follow, max-snippet:-1, max-image-preview:large, max-video-preview:-1\" \/>\n<link rel=\"canonical\" href=\"https:\/\/koningdrone.be\/fr\/produit\/bluetti-ac270p-power-station\/\" \/>\n<meta property=\"og:locale\" content=\"fr_FR\" \/>\n<meta property=\"og:type\" content=\"article\" \/>\n<meta property=\"og:title\" content=\"Bluetti AC270P Power station\" \/>\n<meta property=\"og:description\" content=\"Hoge capaciteit en kracht: uitgerust met een krachtige omvormer en batterij voor betrouwbare energievoorziening van diverse apparaten.  Snel opladen: geavanceerd batterijbeheersysteem en TurboBoost-laadtechnologie zorgen voor razendsnelle oplaadtijden.  Automobielkwaliteit batterijtechnologie: gebruikt LiFePO\u2084-batterijen met uitzonderlijke duurzaamheid en meer dan 6.000 laadcycli.  Uitgebreid veiligheidssysteem: beschermt tegen oververhitting, overlading en andere risico\u2019s \u2013 inclusief 5 jaar garantie voor maximale gemoedsrust.\" \/>\n<meta property=\"og:url\" content=\"https:\/\/koningdrone.be\/fr\/produit\/bluetti-ac270p-power-station\/\" \/>\n<meta property=\"og:site_name\" content=\"koningdrone.be\" \/>\n<meta property=\"article:modified_time\" content=\"2026-04-29T04:40:57+00:00\" \/>\n<meta name=\"twitter:card\" content=\"summary_large_image\" \/>\n<meta name=\"twitter:label1\" content=\"Dur\u00e9e de lecture est.\" \/>\n\t<meta name=\"twitter:data1\" content=\"1 minute\" \/>\n<script type=\"application\/ld+json\" class=\"yoast-schema-graph\">{\"@context\":\"https:\/\/schema.org\",\"@graph\":[{\"@type\":\"WebPage\",\"@id\":\"https:\/\/koningdrone.be\/product\/bluetti-ac270p-power-station\/\",\"url\":\"https:\/\/koningdrone.be\/product\/bluetti-ac270p-power-station\/\",\"name\":\"Bluetti AC270P Power station - koningdrone.be\",\"isPartOf\":{\"@id\":\"https:\/\/koningdrone.be\/#website\"},\"datePublished\":\"2025-09-01T11:35:09+00:00\",\"dateModified\":\"2026-04-29T04:40:57+00:00\",\"breadcrumb\":{\"@id\":\"https:\/\/koningdrone.be\/product\/bluetti-ac270p-power-station\/#breadcrumb\"},\"inLanguage\":\"fr-BE\",\"potentialAction\":[{\"@type\":\"ReadAction\",\"target\":[\"https:\/\/koningdrone.be\/product\/bluetti-ac270p-power-station\/\"]}]},{\"@type\":\"BreadcrumbList\",\"@id\":\"https:\/\/koningdrone.be\/product\/bluetti-ac270p-power-station\/#breadcrumb\",\"itemListElement\":[{\"@type\":\"ListItem\",\"position\":1,\"name\":\"Home\",\"item\":\"https:\/\/koningdrone.be\/\"},{\"@type\":\"ListItem\",\"position\":2,\"name\":\"AVSS Parachute Recovery System for DJI Matrice 300\/350\",\"item\":\"https:\/\/koningdrone.be\/product\/avss-parachute-recovery-system-for-dji-matrice-300-350\/\"},{\"@type\":\"ListItem\",\"position\":3,\"name\":\"Alle producten\",\"item\":\"https:\/\/koningdrone.be\/categorie\/alle-producten\/\"},{\"@type\":\"ListItem\",\"position\":4,\"name\":\"Bluetti AC270P Power station\"}]},{\"@type\":\"WebSite\",\"@id\":\"https:\/\/koningdrone.be\/#website\",\"url\":\"https:\/\/koningdrone.be\/\",\"name\":\"Koningdrone.be - Uw online specialist in drones, gimbals, camera's en power stations.\",\"description\":\"De webshop in drones en gimbals\",\"publisher\":{\"@id\":\"https:\/\/koningdrone.be\/#organization\"},\"potentialAction\":[{\"@type\":\"SearchAction\",\"target\":{\"@type\":\"EntryPoint\",\"urlTemplate\":\"https:\/\/koningdrone.be\/?s={search_term_string}\"},\"query-input\":{\"@type\":\"PropertyValueSpecification\",\"valueRequired\":true,\"valueName\":\"search_term_string\"}}],\"inLanguage\":\"fr-BE\"},{\"@type\":\"Organization\",\"@id\":\"https:\/\/koningdrone.be\/#organization\",\"name\":\"Koningdrone.be\",\"url\":\"https:\/\/koningdrone.be\/\",\"logo\":{\"@type\":\"ImageObject\",\"inLanguage\":\"fr-BE\",\"@id\":\"https:\/\/koningdrone.be\/#\/schema\/logo\/image\/\",\"url\":\"https:\/\/koningdrone.be\/wp-content\/uploads\/sites\/13\/2025\/04\/koningdrone-copyright-logo.svg\",\"contentUrl\":\"https:\/\/koningdrone.be\/wp-content\/uploads\/sites\/13\/2025\/04\/koningdrone-copyright-logo.svg\",\"width\":227,\"height\":38,\"caption\":\"Koningdrone.be\"},\"image\":{\"@id\":\"https:\/\/koningdrone.be\/#\/schema\/logo\/image\/\"}}]}<\/script>\n<!-- \/ Yoast SEO Premium plugin. -->","yoast_head_json":{"title":"Bluetti AC270P Power station - koningdrone.be","robots":{"index":"index","follow":"follow","max-snippet":"max-snippet:-1","max-image-preview":"max-image-preview:large","max-video-preview":"max-video-preview:-1"},"canonical":"https:\/\/koningdrone.be\/fr\/produit\/bluetti-ac270p-power-station\/","og_locale":"fr_FR","og_type":"article","og_title":"Bluetti AC270P Power station","og_description":"Hoge capaciteit en kracht: uitgerust met een krachtige omvormer en batterij voor betrouwbare energievoorziening van diverse apparaten.  Snel opladen: geavanceerd batterijbeheersysteem en TurboBoost-laadtechnologie zorgen voor razendsnelle oplaadtijden.  Automobielkwaliteit batterijtechnologie: gebruikt LiFePO\u2084-batterijen met uitzonderlijke duurzaamheid en meer dan 6.000 laadcycli.  Uitgebreid veiligheidssysteem: beschermt tegen oververhitting, overlading en andere risico\u2019s \u2013 inclusief 5 jaar garantie voor maximale gemoedsrust.","og_url":"https:\/\/koningdrone.be\/fr\/produit\/bluetti-ac270p-power-station\/","og_site_name":"koningdrone.be","article_modified_time":"2026-04-29T04:40:57+00:00","twitter_card":"summary_large_image","twitter_misc":{"Dur\u00e9e de lecture est.":"1 minute"},"schema":{"@context":"https:\/\/schema.org","@graph":[{"@type":"WebPage","@id":"https:\/\/koningdrone.be\/product\/bluetti-ac270p-power-station\/","url":"https:\/\/koningdrone.be\/product\/bluetti-ac270p-power-station\/","name":"Bluetti AC270P Power station - koningdrone.be","isPartOf":{"@id":"https:\/\/koningdrone.be\/#website"},"datePublished":"2025-09-01T11:35:09+00:00","dateModified":"2026-04-29T04:40:57+00:00","breadcrumb":{"@id":"https:\/\/koningdrone.be\/product\/bluetti-ac270p-power-station\/#breadcrumb"},"inLanguage":"fr-BE","potentialAction":[{"@type":"ReadAction","target":["https:\/\/koningdrone.be\/product\/bluetti-ac270p-power-station\/"]}]},{"@type":"BreadcrumbList","@id":"https:\/\/koningdrone.be\/product\/bluetti-ac270p-power-station\/#breadcrumb","itemListElement":[{"@type":"ListItem","position":1,"name":"Home","item":"https:\/\/koningdrone.be\/"},{"@type":"ListItem","position":2,"name":"AVSS Parachute Recovery System for DJI Matrice 300\/350","item":"https:\/\/koningdrone.be\/product\/avss-parachute-recovery-system-for-dji-matrice-300-350\/"},{"@type":"ListItem","position":3,"name":"Alle producten","item":"https:\/\/koningdrone.be\/categorie\/alle-producten\/"},{"@type":"ListItem","position":4,"name":"Bluetti AC270P Power station"}]},{"@type":"WebSite","@id":"https:\/\/koningdrone.be\/#website","url":"https:\/\/koningdrone.be\/","name":"Koningdrone.be - Votre sp\u00e9cialiste en ligne en mati\u00e8re de drones, de cardans, de cam\u00e9ras et de centrales \u00e9lectriques.","description":"La boutique en ligne de drones et de cardans","publisher":{"@id":"https:\/\/koningdrone.be\/#organization"},"potentialAction":[{"@type":"SearchAction","target":{"@type":"EntryPoint","urlTemplate":"https:\/\/koningdrone.be\/?s={search_term_string}"},"query-input":{"@type":"PropertyValueSpecification","valueRequired":true,"valueName":"search_term_string"}}],"inLanguage":"fr-BE"},{"@type":"Organization","@id":"https:\/\/koningdrone.be\/#organization","name":"Kingdrone.co.uk","url":"https:\/\/koningdrone.be\/","logo":{"@type":"ImageObject","inLanguage":"fr-BE","@id":"https:\/\/koningdrone.be\/#\/schema\/logo\/image\/","url":"https:\/\/koningdrone.be\/wp-content\/uploads\/sites\/13\/2025\/04\/koningdrone-copyright-logo.svg","contentUrl":"https:\/\/koningdrone.be\/wp-content\/uploads\/sites\/13\/2025\/04\/koningdrone-copyright-logo.svg","width":227,"height":38,"caption":"Koningdrone.be"},"image":{"@id":"https:\/\/koningdrone.be\/#\/schema\/logo\/image\/"}}]}},"df_price":"","df_sale_price":"","df_regular_price":"","df_image_link":"https:\/\/koningdrone.be\/wp-content\/uploads\/sites\/13\/woocommerce-placeholder-300x300.png","_links":{"self":[{"href":"https:\/\/koningdrone.be\/fr\/wp-json\/wp\/v2\/product\/16172","targetHints":{"allow":["GET"]}}],"collection":[{"href":"https:\/\/koningdrone.be\/fr\/wp-json\/wp\/v2\/product"}],"about":[{"href":"https:\/\/koningdrone.be\/fr\/wp-json\/wp\/v2\/types\/product"}],"wp:attachment":[{"href":"https:\/\/koningdrone.be\/fr\/wp-json\/wp\/v2\/media?parent=16172"}],"wp:term":[{"taxonomy":"product_brand","embeddable":true,"href":"https:\/\/koningdrone.be\/fr\/wp-json\/wp\/v2\/product_brand?post=16172"},{"taxonomy":"product_cat","embeddable":true,"href":"https:\/\/koningdrone.be\/fr\/wp-json\/wp\/v2\/product_cat?post=16172"},{"taxonomy":"product_tag","embeddable":true,"href":"https:\/\/koningdrone.be\/fr\/wp-json\/wp\/v2\/product_tag?post=16172"}],"curies":[{"name":"wp","href":"https:\/\/api.w.org\/{rel}","templated":true}]}}