{"id":16171,"date":"2025-09-01T13:35:09","date_gmt":"2025-09-01T11:35:09","guid":{"rendered":"https:\/\/koningdrone.be\/product\/bluetti-ac240p-power-station\/"},"modified":"2026-04-29T06:40:55","modified_gmt":"2026-04-29T04:40:55","slug":"bluetti-ac240p-power-station","status":"publish","type":"product","link":"https:\/\/koningdrone.be\/fr\/produit\/bluetti-ac240p-power-station\/","title":{"rendered":"Station d'alimentation Bluetti AC240P"},"content":{"rendered":"<h2>Centrale solaire Bluetti AC240P<\/h2>\n<p><strong>Puissant, robuste et con\u00e7u pour toutes les aventures.<\/strong><\/p>\n<p>Le <strong>Bluetti AC240P<\/strong> est une centrale \u00e9lectrique portable, polyvalente et r\u00e9sistante aux intemp\u00e9ries, id\u00e9ale pour <strong>utilisation en ext\u00e9rieur<\/strong>, <strong>alimentation \u00e9lectrique d'urgence<\/strong> et <strong>vie hors r\u00e9seau<\/strong>. Gr\u00e2ce \u00e0 la <strong>Conception certifi\u00e9e IP65<\/strong> l'appareil est totalement r\u00e9sistant \u00e0 l'eau et \u00e0 la poussi\u00e8re, ce qui lui permet de fonctionner de mani\u00e8re fiable m\u00eame dans des conditions difficiles.<\/p>\n<h2>Caract\u00e9ristiques principales<\/h2>\n<ul>\n<li><strong>Puissance de sortie en courant alternatif de 2 400 W :<\/strong> avec une puissance de pointe allant jusqu'\u00e0 <strong>3.600W<\/strong> (Power Lifting) pour l'alimentation des \u00e9quipements lourds.<\/li>\n<li><strong>R\u00e9sistant \u00e0 l'eau et \u00e0 la poussi\u00e8re :<\/strong> L'indice de protection IP65 permet de l'utiliser sous la pluie, dans la poussi\u00e8re et dans d'autres environnements difficiles.<\/li>\n<li><strong>Capacit\u00e9 extensible :<\/strong> modulable jusqu'\u00e0 <strong>10 443Wh<\/strong> avec connexion \u00e0 quatre batteries d'extension B210P.<\/li>\n<li><strong>Soutien solaire :<\/strong> \u00e0 <strong>1 200 W d'\u00e9nergie solaire<\/strong> pour une recharge efficace hors r\u00e9seau.<\/li>\n<li><strong>Connectivit\u00e9 avanc\u00e9e :<\/strong> de tout g\u00e9rer et de tout contr\u00f4ler facilement via l'application <strong>Application Bluetti<\/strong> avec les fonctionnalit\u00e9s Bluetooth et Wi-Fi.<\/li>\n<\/ul>\n<p>Que vous fassiez du camping, que vous ayez besoin d'\u00e9lectricit\u00e9 en cas d'urgence ou que vous viviez compl\u00e8tement hors r\u00e9seau, le <strong>Bluetti AC240P<\/strong> offre une \u00e9nergie fiable dans un ensemble robuste et intelligent.<\/p>","protected":false},"excerpt":{"rendered":"<ul>\n<li><strong>Alimentation \u00e9lectrique fiable :<\/strong> Id\u00e9al pour les situations d'urgence, les aventures en plein air et les situations hors r\u00e9seau.<\/li>\n<li><strong>Conception r\u00e9sistante aux intemp\u00e9ries :<\/strong> Enti\u00e8rement \u00e9tanche \u00e0 la poussi\u00e8re et \u00e0 l'eau (IP65) pour une utilisation dans des environnements exigeants.<\/li>\n<li><strong>Fiabilit\u00e9 in\u00e9gal\u00e9e :<\/strong> gr\u00e2ce \u00e0 la fonction UPS int\u00e9gr\u00e9e qui assure une alimentation continue en cas de panne de courant.<\/li>\n<li><strong>Capacit\u00e9 extensible :<\/strong> Facilement extensible avec les batteries d'extension B210P pour les voyages plus longs ou les besoins en \u00e9nergie plus importants.<\/li>\n<li><strong>Fonctionnement silencieux :<\/strong> id\u00e9al pour une utilisation au camping, dans le camping-car ou pendant le sommeil.<\/li>\n<li><strong>Gestion intelligente :<\/strong> surveiller et contr\u00f4ler l'installation sans effort gr\u00e2ce \u00e0 l'application mobile conviviale de Bluetti.<\/li>\n<li><strong>Durable et efficace :<\/strong> Parfait pour les personnes vivant hors r\u00e9seau et les utilisateurs d'\u00e9nergie soucieux de l'environnement.<\/li>\n<\/ul>","protected":false},"featured_media":0,"template":"","meta":{"_acf_changed":false},"product_brand":[],"product_cat":[97,1701,829],"product_tag":[],"class_list":{"0":"post-16171","1":"product","2":"type-product","3":"status-publish","5":"product_cat-alle-producten","6":"product_cat-anker-bluetti","7":"product_cat-bluetti","8":"product_shipping_class-outofstock","9":"pa_brand-bluetti","10":"pa_producttype-draagbare-energiecentrale","12":"first","13":"outofstock","14":"taxable","15":"shipping-taxable","16":"product-type-simple"},"acf":[],"yoast_head":"<!-- This site is optimized with the Yoast SEO Premium plugin v27.2 (Yoast SEO v27.2) - https:\/\/yoast.com\/product\/yoast-seo-premium-wordpress\/ -->\n<title>Bluetti AC240P Power station - koningdrone.be<\/title>\n<meta name=\"robots\" content=\"index, follow, max-snippet:-1, max-image-preview:large, max-video-preview:-1\" \/>\n<link rel=\"canonical\" href=\"https:\/\/koningdrone.be\/fr\/produit\/bluetti-ac240p-power-station\/\" \/>\n<meta property=\"og:locale\" content=\"fr_FR\" \/>\n<meta property=\"og:type\" content=\"article\" \/>\n<meta property=\"og:title\" content=\"Bluetti AC240P Power station\" \/>\n<meta property=\"og:description\" content=\"Betrouwbare stroomvoorziening: ideaal voor noodgevallen, buitenavonturen en off-grid situaties.  Weerbestendig ontwerp: volledig stof- en waterdicht (IP65) voor gebruik in veeleisende omgevingen.  Onovertroffen betrouwbaarheid: dankzij ingebouwde UPS-functie voor continue stroom bij stroomuitval.  Uitbreidbare capaciteit: eenvoudig schaalbaar met B210P-uitbreidingsbatterijen voor langere reizen of grotere energiebehoeften.  Stille werking: ideaal voor gebruik op de camping, in de camper of tijdens nachtrust.  Slim beheer: controleer en bedien de centrale moeiteloos via de gebruiksvriendelijke Bluetti mobiele app.  Duurzaam en effici\u00ebnt: perfect voor off-grid leven en milieubewuste energiegebruikers.\" \/>\n<meta property=\"og:url\" content=\"https:\/\/koningdrone.be\/fr\/produit\/bluetti-ac240p-power-station\/\" \/>\n<meta property=\"og:site_name\" content=\"koningdrone.be\" \/>\n<meta property=\"article:modified_time\" content=\"2026-04-29T04:40:55+00:00\" \/>\n<meta name=\"twitter:card\" content=\"summary_large_image\" \/>\n<meta name=\"twitter:label1\" content=\"Dur\u00e9e de lecture est.\" \/>\n\t<meta name=\"twitter:data1\" content=\"1 minute\" \/>\n<script type=\"application\/ld+json\" class=\"yoast-schema-graph\">{\"@context\":\"https:\/\/schema.org\",\"@graph\":[{\"@type\":\"WebPage\",\"@id\":\"https:\/\/koningdrone.be\/product\/bluetti-ac240p-power-station\/\",\"url\":\"https:\/\/koningdrone.be\/product\/bluetti-ac240p-power-station\/\",\"name\":\"Bluetti AC240P Power station - koningdrone.be\",\"isPartOf\":{\"@id\":\"https:\/\/koningdrone.be\/#website\"},\"datePublished\":\"2025-09-01T11:35:09+00:00\",\"dateModified\":\"2026-04-29T04:40:55+00:00\",\"breadcrumb\":{\"@id\":\"https:\/\/koningdrone.be\/product\/bluetti-ac240p-power-station\/#breadcrumb\"},\"inLanguage\":\"fr-BE\",\"potentialAction\":[{\"@type\":\"ReadAction\",\"target\":[\"https:\/\/koningdrone.be\/product\/bluetti-ac240p-power-station\/\"]}]},{\"@type\":\"BreadcrumbList\",\"@id\":\"https:\/\/koningdrone.be\/product\/bluetti-ac240p-power-station\/#breadcrumb\",\"itemListElement\":[{\"@type\":\"ListItem\",\"position\":1,\"name\":\"Home\",\"item\":\"https:\/\/koningdrone.be\/\"},{\"@type\":\"ListItem\",\"position\":2,\"name\":\"AVSS Parachute Recovery System for DJI Matrice 300\/350\",\"item\":\"https:\/\/koningdrone.be\/product\/avss-parachute-recovery-system-for-dji-matrice-300-350\/\"},{\"@type\":\"ListItem\",\"position\":3,\"name\":\"Alle producten\",\"item\":\"https:\/\/koningdrone.be\/categorie\/alle-producten\/\"},{\"@type\":\"ListItem\",\"position\":4,\"name\":\"Bluetti AC240P Power station\"}]},{\"@type\":\"WebSite\",\"@id\":\"https:\/\/koningdrone.be\/#website\",\"url\":\"https:\/\/koningdrone.be\/\",\"name\":\"Koningdrone.be - Uw online specialist in drones, gimbals, camera's en power stations.\",\"description\":\"De webshop in drones en gimbals\",\"publisher\":{\"@id\":\"https:\/\/koningdrone.be\/#organization\"},\"potentialAction\":[{\"@type\":\"SearchAction\",\"target\":{\"@type\":\"EntryPoint\",\"urlTemplate\":\"https:\/\/koningdrone.be\/?s={search_term_string}\"},\"query-input\":{\"@type\":\"PropertyValueSpecification\",\"valueRequired\":true,\"valueName\":\"search_term_string\"}}],\"inLanguage\":\"fr-BE\"},{\"@type\":\"Organization\",\"@id\":\"https:\/\/koningdrone.be\/#organization\",\"name\":\"Koningdrone.be\",\"url\":\"https:\/\/koningdrone.be\/\",\"logo\":{\"@type\":\"ImageObject\",\"inLanguage\":\"fr-BE\",\"@id\":\"https:\/\/koningdrone.be\/#\/schema\/logo\/image\/\",\"url\":\"https:\/\/koningdrone.be\/wp-content\/uploads\/sites\/13\/2025\/04\/koningdrone-copyright-logo.svg\",\"contentUrl\":\"https:\/\/koningdrone.be\/wp-content\/uploads\/sites\/13\/2025\/04\/koningdrone-copyright-logo.svg\",\"width\":227,\"height\":38,\"caption\":\"Koningdrone.be\"},\"image\":{\"@id\":\"https:\/\/koningdrone.be\/#\/schema\/logo\/image\/\"}}]}<\/script>\n<!-- \/ Yoast SEO Premium plugin. -->","yoast_head_json":{"title":"Bluetti AC240P Power station - koningdrone.be","robots":{"index":"index","follow":"follow","max-snippet":"max-snippet:-1","max-image-preview":"max-image-preview:large","max-video-preview":"max-video-preview:-1"},"canonical":"https:\/\/koningdrone.be\/fr\/produit\/bluetti-ac240p-power-station\/","og_locale":"fr_FR","og_type":"article","og_title":"Bluetti AC240P Power station","og_description":"Betrouwbare stroomvoorziening: ideaal voor noodgevallen, buitenavonturen en off-grid situaties.  Weerbestendig ontwerp: volledig stof- en waterdicht (IP65) voor gebruik in veeleisende omgevingen.  Onovertroffen betrouwbaarheid: dankzij ingebouwde UPS-functie voor continue stroom bij stroomuitval.  Uitbreidbare capaciteit: eenvoudig schaalbaar met B210P-uitbreidingsbatterijen voor langere reizen of grotere energiebehoeften.  Stille werking: ideaal voor gebruik op de camping, in de camper of tijdens nachtrust.  Slim beheer: controleer en bedien de centrale moeiteloos via de gebruiksvriendelijke Bluetti mobiele app.  Duurzaam en effici\u00ebnt: perfect voor off-grid leven en milieubewuste energiegebruikers.","og_url":"https:\/\/koningdrone.be\/fr\/produit\/bluetti-ac240p-power-station\/","og_site_name":"koningdrone.be","article_modified_time":"2026-04-29T04:40:55+00:00","twitter_card":"summary_large_image","twitter_misc":{"Dur\u00e9e de lecture est.":"1 minute"},"schema":{"@context":"https:\/\/schema.org","@graph":[{"@type":"WebPage","@id":"https:\/\/koningdrone.be\/product\/bluetti-ac240p-power-station\/","url":"https:\/\/koningdrone.be\/product\/bluetti-ac240p-power-station\/","name":"Bluetti AC240P Power station - koningdrone.be","isPartOf":{"@id":"https:\/\/koningdrone.be\/#website"},"datePublished":"2025-09-01T11:35:09+00:00","dateModified":"2026-04-29T04:40:55+00:00","breadcrumb":{"@id":"https:\/\/koningdrone.be\/product\/bluetti-ac240p-power-station\/#breadcrumb"},"inLanguage":"fr-BE","potentialAction":[{"@type":"ReadAction","target":["https:\/\/koningdrone.be\/product\/bluetti-ac240p-power-station\/"]}]},{"@type":"BreadcrumbList","@id":"https:\/\/koningdrone.be\/product\/bluetti-ac240p-power-station\/#breadcrumb","itemListElement":[{"@type":"ListItem","position":1,"name":"Home","item":"https:\/\/koningdrone.be\/"},{"@type":"ListItem","position":2,"name":"AVSS Parachute Recovery System for DJI Matrice 300\/350","item":"https:\/\/koningdrone.be\/product\/avss-parachute-recovery-system-for-dji-matrice-300-350\/"},{"@type":"ListItem","position":3,"name":"Alle producten","item":"https:\/\/koningdrone.be\/categorie\/alle-producten\/"},{"@type":"ListItem","position":4,"name":"Bluetti AC240P Power station"}]},{"@type":"WebSite","@id":"https:\/\/koningdrone.be\/#website","url":"https:\/\/koningdrone.be\/","name":"Koningdrone.be - Votre sp\u00e9cialiste en ligne en mati\u00e8re de drones, de cardans, de cam\u00e9ras et de centrales \u00e9lectriques.","description":"La boutique en ligne de drones et de cardans","publisher":{"@id":"https:\/\/koningdrone.be\/#organization"},"potentialAction":[{"@type":"SearchAction","target":{"@type":"EntryPoint","urlTemplate":"https:\/\/koningdrone.be\/?s={search_term_string}"},"query-input":{"@type":"PropertyValueSpecification","valueRequired":true,"valueName":"search_term_string"}}],"inLanguage":"fr-BE"},{"@type":"Organization","@id":"https:\/\/koningdrone.be\/#organization","name":"Kingdrone.co.uk","url":"https:\/\/koningdrone.be\/","logo":{"@type":"ImageObject","inLanguage":"fr-BE","@id":"https:\/\/koningdrone.be\/#\/schema\/logo\/image\/","url":"https:\/\/koningdrone.be\/wp-content\/uploads\/sites\/13\/2025\/04\/koningdrone-copyright-logo.svg","contentUrl":"https:\/\/koningdrone.be\/wp-content\/uploads\/sites\/13\/2025\/04\/koningdrone-copyright-logo.svg","width":227,"height":38,"caption":"Koningdrone.be"},"image":{"@id":"https:\/\/koningdrone.be\/#\/schema\/logo\/image\/"}}]}},"df_price":"","df_sale_price":"","df_regular_price":"","df_image_link":"https:\/\/koningdrone.be\/wp-content\/uploads\/sites\/13\/woocommerce-placeholder-300x300.png","_links":{"self":[{"href":"https:\/\/koningdrone.be\/fr\/wp-json\/wp\/v2\/product\/16171","targetHints":{"allow":["GET"]}}],"collection":[{"href":"https:\/\/koningdrone.be\/fr\/wp-json\/wp\/v2\/product"}],"about":[{"href":"https:\/\/koningdrone.be\/fr\/wp-json\/wp\/v2\/types\/product"}],"wp:attachment":[{"href":"https:\/\/koningdrone.be\/fr\/wp-json\/wp\/v2\/media?parent=16171"}],"wp:term":[{"taxonomy":"product_brand","embeddable":true,"href":"https:\/\/koningdrone.be\/fr\/wp-json\/wp\/v2\/product_brand?post=16171"},{"taxonomy":"product_cat","embeddable":true,"href":"https:\/\/koningdrone.be\/fr\/wp-json\/wp\/v2\/product_cat?post=16171"},{"taxonomy":"product_tag","embeddable":true,"href":"https:\/\/koningdrone.be\/fr\/wp-json\/wp\/v2\/product_tag?post=16171"}],"curies":[{"name":"wp","href":"https:\/\/api.w.org\/{rel}","templated":true}]}}