{"id":1616,"date":"2024-12-04T12:15:51","date_gmt":"2024-12-04T11:15:51","guid":{"rendered":"https:\/\/koningdrone.nl\/kon\/?post_type=product&#038;p=1616"},"modified":"2026-04-29T15:50:58","modified_gmt":"2026-04-29T13:50:58","slug":"dji-care-enterprise-plus-upgrade-for-dji-m30","status":"publish","type":"product","link":"https:\/\/koningdrone.be\/fr\/produit\/dji-care-enterprise-plus-upgrade-for-dji-m30\/","title":{"rendered":"Mise \u00e0 jour DJI Care Enterprise Plus pour DJI M30"},"content":{"rendered":"<p>La mise \u00e0 jour DJI Care Enterprise Plus pour DJI M30 fournit une protection compl\u00e8te pour votre drone DJI M30, offrant une couverture pour les dommages accidentels tels que les d\u00e9g\u00e2ts des eaux, les collisions et les chutes. Cette mise \u00e0 niveau garantit un fonctionnement sans faille avec des r\u00e9parations prioritaires et des co\u00fbts pr\u00e9visibles, adapt\u00e9s pour r\u00e9pondre aux exigences strictes des applications professionnelles des entreprises.<\/p>","protected":false},"excerpt":{"rendered":"<ul>\n<li>Offre une couverture premium avec un nombre illimit\u00e9 de services de r\u00e9paration gratuits dans la limite de la couverture.<\/li>\n<li>Il garantit un service prioritaire et des d\u00e9lais d'ex\u00e9cution plus courts afin de minimiser les retards op\u00e9rationnels.<\/li>\n<li>Fournit un budget pr\u00e9visible pour l'entretien et les r\u00e9parations sans frais suppl\u00e9mentaires.<\/li>\n<li>Il prend en charge les op\u00e9rations lourdes et critiques avec une protection sans faille.<\/li>\n<\/ul>","protected":false},"featured_media":1615,"template":"","meta":{"_acf_changed":false},"product_brand":[],"product_cat":[58],"product_tag":[],"class_list":{"0":"post-1616","1":"product","2":"type-product","3":"status-publish","4":"has-post-thumbnail","6":"product_cat-uncategorized","7":"product_shipping_class-outofstock","8":"pa_brand-dji","9":"pa_producttype-service-plan","10":"pa_series-matrice-30","12":"first","13":"outofstock","14":"taxable","15":"shipping-taxable","16":"purchasable","17":"product-type-simple"},"acf":[],"yoast_head":"<!-- This site is optimized with the Yoast SEO Premium plugin v27.2 (Yoast SEO v27.2) - https:\/\/yoast.com\/product\/yoast-seo-premium-wordpress\/ -->\n<title>DJI Care Enterprise Plus Upgrade For DJI M30 - koningdrone.be<\/title>\n<meta name=\"robots\" content=\"index, follow, max-snippet:-1, max-image-preview:large, max-video-preview:-1\" \/>\n<link rel=\"canonical\" href=\"https:\/\/koningdrone.be\/fr\/produit\/dji-care-enterprise-plus-upgrade-for-dji-m30\/\" \/>\n<meta property=\"og:locale\" content=\"fr_FR\" \/>\n<meta property=\"og:type\" content=\"article\" \/>\n<meta property=\"og:title\" content=\"DJI Care Enterprise Plus Upgrade For DJI M30\" \/>\n<meta property=\"og:description\" content=\"Biedt eersteklas dekking met onbeperkte gratis reparatieservices binnen de dekkingslimiet.Zorgt voor prioriteitsservice en snellere doorlooptijden om operationele vertragingen te minimaliseren.Biedt een voorspelbaar budget voor onderhoud en reparaties zonder extra kosten.Ondersteunt zware en bedrijfskritische activiteiten met zorgeloze bescherming.\" \/>\n<meta property=\"og:url\" content=\"https:\/\/koningdrone.be\/fr\/produit\/dji-care-enterprise-plus-upgrade-for-dji-m30\/\" \/>\n<meta property=\"og:site_name\" content=\"koningdrone.be\" \/>\n<meta property=\"article:modified_time\" content=\"2026-04-29T13:50:58+00:00\" \/>\n<meta property=\"og:image\" content=\"https:\/\/koningdrone.be\/wp-content\/uploads\/sites\/13\/2025\/04\/m30_plus_drone.png\" \/>\n\t<meta property=\"og:image:width\" content=\"540\" \/>\n\t<meta property=\"og:image:height\" content=\"540\" \/>\n\t<meta property=\"og:image:type\" content=\"image\/png\" \/>\n<meta name=\"twitter:card\" content=\"summary_large_image\" \/>\n<script type=\"application\/ld+json\" class=\"yoast-schema-graph\">{\"@context\":\"https:\/\/schema.org\",\"@graph\":[{\"@type\":\"WebPage\",\"@id\":\"https:\/\/koningdrone.be\/product\/dji-care-enterprise-plus-upgrade-for-dji-m30\/\",\"url\":\"https:\/\/koningdrone.be\/product\/dji-care-enterprise-plus-upgrade-for-dji-m30\/\",\"name\":\"DJI Care Enterprise Plus Upgrade For DJI M30 - koningdrone.be\",\"isPartOf\":{\"@id\":\"https:\/\/koningdrone.be\/#website\"},\"primaryImageOfPage\":{\"@id\":\"https:\/\/koningdrone.be\/product\/dji-care-enterprise-plus-upgrade-for-dji-m30\/#primaryimage\"},\"image\":{\"@id\":\"https:\/\/koningdrone.be\/product\/dji-care-enterprise-plus-upgrade-for-dji-m30\/#primaryimage\"},\"thumbnailUrl\":\"https:\/\/koningdrone.be\/wp-content\/uploads\/sites\/13\/2025\/04\/m30_plus_drone.png\",\"datePublished\":\"2024-12-04T11:15:51+00:00\",\"dateModified\":\"2026-04-29T13:50:58+00:00\",\"breadcrumb\":{\"@id\":\"https:\/\/koningdrone.be\/product\/dji-care-enterprise-plus-upgrade-for-dji-m30\/#breadcrumb\"},\"inLanguage\":\"fr-BE\",\"potentialAction\":[{\"@type\":\"ReadAction\",\"target\":[\"https:\/\/koningdrone.be\/product\/dji-care-enterprise-plus-upgrade-for-dji-m30\/\"]}]},{\"@type\":\"ImageObject\",\"inLanguage\":\"fr-BE\",\"@id\":\"https:\/\/koningdrone.be\/product\/dji-care-enterprise-plus-upgrade-for-dji-m30\/#primaryimage\",\"url\":\"https:\/\/koningdrone.be\/wp-content\/uploads\/sites\/13\/2025\/04\/m30_plus_drone.png\",\"contentUrl\":\"https:\/\/koningdrone.be\/wp-content\/uploads\/sites\/13\/2025\/04\/m30_plus_drone.png\",\"width\":540,\"height\":540},{\"@type\":\"BreadcrumbList\",\"@id\":\"https:\/\/koningdrone.be\/product\/dji-care-enterprise-plus-upgrade-for-dji-m30\/#breadcrumb\",\"itemListElement\":[{\"@type\":\"ListItem\",\"position\":1,\"name\":\"Home\",\"item\":\"https:\/\/koningdrone.be\/\"},{\"@type\":\"ListItem\",\"position\":2,\"name\":\"AVSS Parachute Recovery System for DJI Matrice 300\/350\",\"item\":\"https:\/\/koningdrone.be\/product\/avss-parachute-recovery-system-for-dji-matrice-300-350\/\"},{\"@type\":\"ListItem\",\"position\":3,\"name\":\"Uncategorized\",\"item\":\"https:\/\/koningdrone.be\/categorie\/uncategorized\/\"},{\"@type\":\"ListItem\",\"position\":4,\"name\":\"DJI Care Enterprise Plus Upgrade For DJI M30\"}]},{\"@type\":\"WebSite\",\"@id\":\"https:\/\/koningdrone.be\/#website\",\"url\":\"https:\/\/koningdrone.be\/\",\"name\":\"Koningdrone.be - Uw online specialist in drones, gimbals, camera's en power stations.\",\"description\":\"De webshop in drones en gimbals\",\"publisher\":{\"@id\":\"https:\/\/koningdrone.be\/#organization\"},\"potentialAction\":[{\"@type\":\"SearchAction\",\"target\":{\"@type\":\"EntryPoint\",\"urlTemplate\":\"https:\/\/koningdrone.be\/?s={search_term_string}\"},\"query-input\":{\"@type\":\"PropertyValueSpecification\",\"valueRequired\":true,\"valueName\":\"search_term_string\"}}],\"inLanguage\":\"fr-BE\"},{\"@type\":\"Organization\",\"@id\":\"https:\/\/koningdrone.be\/#organization\",\"name\":\"Koningdrone.be\",\"url\":\"https:\/\/koningdrone.be\/\",\"logo\":{\"@type\":\"ImageObject\",\"inLanguage\":\"fr-BE\",\"@id\":\"https:\/\/koningdrone.be\/#\/schema\/logo\/image\/\",\"url\":\"https:\/\/koningdrone.be\/wp-content\/uploads\/sites\/13\/2025\/04\/koningdrone-copyright-logo.svg\",\"contentUrl\":\"https:\/\/koningdrone.be\/wp-content\/uploads\/sites\/13\/2025\/04\/koningdrone-copyright-logo.svg\",\"width\":227,\"height\":38,\"caption\":\"Koningdrone.be\"},\"image\":{\"@id\":\"https:\/\/koningdrone.be\/#\/schema\/logo\/image\/\"}}]}<\/script>\n<!-- \/ Yoast SEO Premium plugin. -->","yoast_head_json":{"title":"DJI Care Enterprise Plus Upgrade For DJI M30 - koningdrone.be","robots":{"index":"index","follow":"follow","max-snippet":"max-snippet:-1","max-image-preview":"max-image-preview:large","max-video-preview":"max-video-preview:-1"},"canonical":"https:\/\/koningdrone.be\/fr\/produit\/dji-care-enterprise-plus-upgrade-for-dji-m30\/","og_locale":"fr_FR","og_type":"article","og_title":"DJI Care Enterprise Plus Upgrade For DJI M30","og_description":"Biedt eersteklas dekking met onbeperkte gratis reparatieservices binnen de dekkingslimiet.Zorgt voor prioriteitsservice en snellere doorlooptijden om operationele vertragingen te minimaliseren.Biedt een voorspelbaar budget voor onderhoud en reparaties zonder extra kosten.Ondersteunt zware en bedrijfskritische activiteiten met zorgeloze bescherming.","og_url":"https:\/\/koningdrone.be\/fr\/produit\/dji-care-enterprise-plus-upgrade-for-dji-m30\/","og_site_name":"koningdrone.be","article_modified_time":"2026-04-29T13:50:58+00:00","og_image":[{"width":540,"height":540,"url":"https:\/\/koningdrone.be\/wp-content\/uploads\/sites\/13\/2025\/04\/m30_plus_drone.png","type":"image\/png"}],"twitter_card":"summary_large_image","schema":{"@context":"https:\/\/schema.org","@graph":[{"@type":"WebPage","@id":"https:\/\/koningdrone.be\/product\/dji-care-enterprise-plus-upgrade-for-dji-m30\/","url":"https:\/\/koningdrone.be\/product\/dji-care-enterprise-plus-upgrade-for-dji-m30\/","name":"DJI Care Enterprise Plus Upgrade For DJI M30 - koningdrone.be","isPartOf":{"@id":"https:\/\/koningdrone.be\/#website"},"primaryImageOfPage":{"@id":"https:\/\/koningdrone.be\/product\/dji-care-enterprise-plus-upgrade-for-dji-m30\/#primaryimage"},"image":{"@id":"https:\/\/koningdrone.be\/product\/dji-care-enterprise-plus-upgrade-for-dji-m30\/#primaryimage"},"thumbnailUrl":"https:\/\/koningdrone.be\/wp-content\/uploads\/sites\/13\/2025\/04\/m30_plus_drone.png","datePublished":"2024-12-04T11:15:51+00:00","dateModified":"2026-04-29T13:50:58+00:00","breadcrumb":{"@id":"https:\/\/koningdrone.be\/product\/dji-care-enterprise-plus-upgrade-for-dji-m30\/#breadcrumb"},"inLanguage":"fr-BE","potentialAction":[{"@type":"ReadAction","target":["https:\/\/koningdrone.be\/product\/dji-care-enterprise-plus-upgrade-for-dji-m30\/"]}]},{"@type":"ImageObject","inLanguage":"fr-BE","@id":"https:\/\/koningdrone.be\/product\/dji-care-enterprise-plus-upgrade-for-dji-m30\/#primaryimage","url":"https:\/\/koningdrone.be\/wp-content\/uploads\/sites\/13\/2025\/04\/m30_plus_drone.png","contentUrl":"https:\/\/koningdrone.be\/wp-content\/uploads\/sites\/13\/2025\/04\/m30_plus_drone.png","width":540,"height":540},{"@type":"BreadcrumbList","@id":"https:\/\/koningdrone.be\/product\/dji-care-enterprise-plus-upgrade-for-dji-m30\/#breadcrumb","itemListElement":[{"@type":"ListItem","position":1,"name":"Home","item":"https:\/\/koningdrone.be\/"},{"@type":"ListItem","position":2,"name":"AVSS Parachute Recovery System for DJI Matrice 300\/350","item":"https:\/\/koningdrone.be\/product\/avss-parachute-recovery-system-for-dji-matrice-300-350\/"},{"@type":"ListItem","position":3,"name":"Uncategorized","item":"https:\/\/koningdrone.be\/categorie\/uncategorized\/"},{"@type":"ListItem","position":4,"name":"DJI Care Enterprise Plus Upgrade For DJI M30"}]},{"@type":"WebSite","@id":"https:\/\/koningdrone.be\/#website","url":"https:\/\/koningdrone.be\/","name":"Koningdrone.be - Votre sp\u00e9cialiste en ligne en mati\u00e8re de drones, de cardans, de cam\u00e9ras et de centrales \u00e9lectriques.","description":"La boutique en ligne de drones et de cardans","publisher":{"@id":"https:\/\/koningdrone.be\/#organization"},"potentialAction":[{"@type":"SearchAction","target":{"@type":"EntryPoint","urlTemplate":"https:\/\/koningdrone.be\/?s={search_term_string}"},"query-input":{"@type":"PropertyValueSpecification","valueRequired":true,"valueName":"search_term_string"}}],"inLanguage":"fr-BE"},{"@type":"Organization","@id":"https:\/\/koningdrone.be\/#organization","name":"Kingdrone.co.uk","url":"https:\/\/koningdrone.be\/","logo":{"@type":"ImageObject","inLanguage":"fr-BE","@id":"https:\/\/koningdrone.be\/#\/schema\/logo\/image\/","url":"https:\/\/koningdrone.be\/wp-content\/uploads\/sites\/13\/2025\/04\/koningdrone-copyright-logo.svg","contentUrl":"https:\/\/koningdrone.be\/wp-content\/uploads\/sites\/13\/2025\/04\/koningdrone-copyright-logo.svg","width":227,"height":38,"caption":"Koningdrone.be"},"image":{"@id":"https:\/\/koningdrone.be\/#\/schema\/logo\/image\/"}}]}},"df_price":386,"df_sale_price":"","df_regular_price":386,"df_image_link":"https:\/\/koningdrone.be\/wp-content\/uploads\/sites\/13\/2025\/04\/m30_plus_drone-300x300.png","_links":{"self":[{"href":"https:\/\/koningdrone.be\/fr\/wp-json\/wp\/v2\/product\/1616","targetHints":{"allow":["GET"]}}],"collection":[{"href":"https:\/\/koningdrone.be\/fr\/wp-json\/wp\/v2\/product"}],"about":[{"href":"https:\/\/koningdrone.be\/fr\/wp-json\/wp\/v2\/types\/product"}],"wp:featuredmedia":[{"embeddable":true,"href":"https:\/\/koningdrone.be\/fr\/wp-json\/wp\/v2\/media\/1615"}],"wp:attachment":[{"href":"https:\/\/koningdrone.be\/fr\/wp-json\/wp\/v2\/media?parent=1616"}],"wp:term":[{"taxonomy":"product_brand","embeddable":true,"href":"https:\/\/koningdrone.be\/fr\/wp-json\/wp\/v2\/product_brand?post=1616"},{"taxonomy":"product_cat","embeddable":true,"href":"https:\/\/koningdrone.be\/fr\/wp-json\/wp\/v2\/product_cat?post=1616"},{"taxonomy":"product_tag","embeddable":true,"href":"https:\/\/koningdrone.be\/fr\/wp-json\/wp\/v2\/product_tag?post=1616"}],"curies":[{"name":"wp","href":"https:\/\/api.w.org\/{rel}","templated":true}]}}