{"id":16128,"date":"2025-09-01T15:52:49","date_gmt":"2025-09-01T13:52:49","guid":{"rendered":"https:\/\/koningdrone.be\/product\/anker-solix-f3800\/"},"modified":"2025-09-01T15:52:49","modified_gmt":"2025-09-01T13:52:49","slug":"anker-solix-f3800","status":"publish","type":"product","link":"https:\/\/koningdrone.be\/fr\/produit\/anker-solix-f3800\/","title":{"rendered":"Ancre SOLIX F3800"},"content":{"rendered":"<h2>Ancre SOLIX F3800 Centrale \u00e9lectrique<\/h2>\n<p><strong>Une puissance extr\u00eame pour la maison, l'ext\u00e9rieur et les situations d'urgence.<\/strong><\/p>\n<p>Le <strong>Ancre SOLIX F3800<\/strong> est une centrale \u00e9lectrique puissante et portable, con\u00e7ue comme un outil de travail. <strong>solution de sauvegarde \u00e0 domicile<\/strong> et pour <strong>applications ext\u00e9rieures<\/strong>. Avec un \u00e9norme <strong>capacit\u00e9 de 3,84 kWh<\/strong> (extensible jusqu'\u00e0 26,9 kWh) et d'une <strong>Puissance de sortie en courant alternatif de 6 000 W<\/strong> cette unit\u00e9 est capable d'alimenter sans effort m\u00eame les appareils lourds et les articles m\u00e9nagers essentiels pendant les pannes de courant ou les situations hors r\u00e9seau.<\/p>\n<p>Merci \u00e0 <strong>soutien solaire<\/strong>, un syst\u00e8me int\u00e9gr\u00e9 de <strong>Fonction ASI<\/strong> et la compatibilit\u00e9 avec les camping-cars et les installations domestiques, le F3800 offre un maximum d'avantages. <strong>flexibilit\u00e9, fiabilit\u00e9 et s\u00e9curit\u00e9<\/strong>. Que vous souhaitiez vous pr\u00e9parer \u00e0 une situation d'urgence, vivre hors r\u00e9seau ou faire fonctionner votre camping-car ind\u00e9pendamment du r\u00e9seau, cette solution vous offre <strong>tranquillit\u00e9 d'esprit et performance<\/strong> dans le design distinctif de l'Ancre.<\/p>","protected":false},"excerpt":{"rendered":"<ul>\n<li><strong>Alimentation de secours fiable :<\/strong> permet \u00e0 votre maison de fonctionner pendant les coupures de courant<\/li>\n<li><strong>Souplesse d'utilisation :<\/strong> convient pour une utilisation \u00e0 l'int\u00e9rieur et \u00e0 l'ext\u00e9rieur<\/li>\n<li><strong>Int\u00e9gration solaire :<\/strong> compatible avec les panneaux solaires pour un approvisionnement en \u00e9nergie durable<\/li>\n<li><strong>Conception portable :<\/strong> facile \u00e0 d\u00e9placer malgr\u00e9 une grande capacit\u00e9 \u00e9nerg\u00e9tique<\/li>\n<li><strong>Puissance pour les \u00e9quipements lourds :<\/strong> Alimente facilement les appareils essentiels et puissants<\/li>\n<li><strong>Gestion intelligente :<\/strong> Appui \u00e0 l'application pour la surveillance et le contr\u00f4le \u00e0 distance<\/li>\n<li><strong>Construction durable :<\/strong> des mat\u00e9riaux de haute qualit\u00e9 garantissent des performances \u00e0 long terme<\/li>\n<\/ul>","protected":false},"featured_media":16118,"template":"","meta":{"_acf_changed":false},"product_brand":[],"product_cat":[97,197,1701],"product_tag":[],"class_list":{"0":"post-16128","1":"product","2":"type-product","3":"status-publish","4":"has-post-thumbnail","6":"product_cat-alle-producten","7":"product_cat-anker","8":"product_cat-anker-bluetti","9":"pa_brand-anker","10":"pa_producttype-draagbare-energiecentrale","12":"first","13":"outofstock","14":"taxable","15":"shipping-taxable","16":"product-type-simple"},"acf":[],"yoast_head":"<!-- This site is optimized with the Yoast SEO Premium plugin v27.2 (Yoast SEO v27.2) - https:\/\/yoast.com\/product\/yoast-seo-premium-wordpress\/ -->\n<title>Anker SOLIX F3800 - koningdrone.be<\/title>\n<meta name=\"robots\" content=\"index, follow, max-snippet:-1, max-image-preview:large, max-video-preview:-1\" \/>\n<link rel=\"canonical\" href=\"https:\/\/koningdrone.be\/fr\/produit\/anker-solix-f3800\/\" \/>\n<meta property=\"og:locale\" content=\"fr_FR\" \/>\n<meta property=\"og:type\" content=\"article\" \/>\n<meta property=\"og:title\" content=\"Anker SOLIX F3800\" \/>\n<meta property=\"og:description\" content=\"Betrouwbare back-upstroom: houdt je huis draaiende tijdens stroomuitval  Flexibel in gebruik: geschikt voor zowel binnen- als buitengebruik  Zonne-integratie: compatibel met zonnepanelen voor duurzame energievoorziening  Draagbaar ontwerp: eenvoudig te verplaatsen ondanks de grote energiecapaciteit  Vermogen voor zware apparatuur: voorziet moeiteloos essenti\u00eble en krachtige apparaten van stroom  Slim beheer: app-ondersteuning voor monitoring en bediening op afstand  Duurzaam gebouwd: hoogwaardige materialen garanderen langdurige prestaties\" \/>\n<meta property=\"og:url\" content=\"https:\/\/koningdrone.be\/fr\/produit\/anker-solix-f3800\/\" \/>\n<meta property=\"og:site_name\" content=\"koningdrone.be\" \/>\n<meta property=\"og:image\" content=\"https:\/\/koningdrone.be\/wp-content\/uploads\/sites\/13\/2026\/01\/anker-solix-F3800-portable-power-station-03-20240105.jpg\" \/>\n\t<meta property=\"og:image:width\" content=\"800\" \/>\n\t<meta property=\"og:image:height\" content=\"800\" \/>\n\t<meta property=\"og:image:type\" content=\"image\/jpeg\" \/>\n<meta name=\"twitter:card\" content=\"summary_large_image\" \/>\n<meta name=\"twitter:label1\" content=\"Dur\u00e9e de lecture est.\" \/>\n\t<meta name=\"twitter:data1\" content=\"1 minute\" \/>\n<script type=\"application\/ld+json\" class=\"yoast-schema-graph\">{\"@context\":\"https:\/\/schema.org\",\"@graph\":[{\"@type\":\"WebPage\",\"@id\":\"https:\/\/koningdrone.be\/en\/product\/anker-solix-f3800\/\",\"url\":\"https:\/\/koningdrone.be\/en\/product\/anker-solix-f3800\/\",\"name\":\"Anker SOLIX F3800 - koningdrone.be\",\"isPartOf\":{\"@id\":\"https:\/\/koningdrone.be\/#website\"},\"primaryImageOfPage\":{\"@id\":\"https:\/\/koningdrone.be\/en\/product\/anker-solix-f3800\/#primaryimage\"},\"image\":{\"@id\":\"https:\/\/koningdrone.be\/en\/product\/anker-solix-f3800\/#primaryimage\"},\"thumbnailUrl\":\"https:\/\/koningdrone.be\/wp-content\/uploads\/sites\/13\/2026\/01\/anker-solix-F3800-portable-power-station-03-20240105.jpg\",\"datePublished\":\"2025-09-01T13:52:49+00:00\",\"breadcrumb\":{\"@id\":\"https:\/\/koningdrone.be\/en\/product\/anker-solix-f3800\/#breadcrumb\"},\"inLanguage\":\"fr-BE\",\"potentialAction\":[{\"@type\":\"ReadAction\",\"target\":[\"https:\/\/koningdrone.be\/en\/product\/anker-solix-f3800\/\"]}]},{\"@type\":\"ImageObject\",\"inLanguage\":\"fr-BE\",\"@id\":\"https:\/\/koningdrone.be\/en\/product\/anker-solix-f3800\/#primaryimage\",\"url\":\"https:\/\/koningdrone.be\/wp-content\/uploads\/sites\/13\/2026\/01\/anker-solix-F3800-portable-power-station-03-20240105.jpg\",\"contentUrl\":\"https:\/\/koningdrone.be\/wp-content\/uploads\/sites\/13\/2026\/01\/anker-solix-F3800-portable-power-station-03-20240105.jpg\",\"width\":800,\"height\":800},{\"@type\":\"BreadcrumbList\",\"@id\":\"https:\/\/koningdrone.be\/en\/product\/anker-solix-f3800\/#breadcrumb\",\"itemListElement\":[{\"@type\":\"ListItem\",\"position\":1,\"name\":\"Home\",\"item\":\"https:\/\/koningdrone.be\/\"},{\"@type\":\"ListItem\",\"position\":2,\"name\":\"AVSS Parachute Recovery System for DJI Matrice 300\/350\",\"item\":\"https:\/\/koningdrone.be\/product\/avss-parachute-recovery-system-for-dji-matrice-300-350\/\"},{\"@type\":\"ListItem\",\"position\":3,\"name\":\"Alle producten\",\"item\":\"https:\/\/koningdrone.be\/categorie\/alle-producten\/\"},{\"@type\":\"ListItem\",\"position\":4,\"name\":\"Anker SOLIX F3800\"}]},{\"@type\":\"WebSite\",\"@id\":\"https:\/\/koningdrone.be\/#website\",\"url\":\"https:\/\/koningdrone.be\/\",\"name\":\"Koningdrone.be - Uw online specialist in drones, gimbals, camera's en power stations.\",\"description\":\"De webshop in drones en gimbals\",\"publisher\":{\"@id\":\"https:\/\/koningdrone.be\/#organization\"},\"potentialAction\":[{\"@type\":\"SearchAction\",\"target\":{\"@type\":\"EntryPoint\",\"urlTemplate\":\"https:\/\/koningdrone.be\/?s={search_term_string}\"},\"query-input\":{\"@type\":\"PropertyValueSpecification\",\"valueRequired\":true,\"valueName\":\"search_term_string\"}}],\"inLanguage\":\"fr-BE\"},{\"@type\":\"Organization\",\"@id\":\"https:\/\/koningdrone.be\/#organization\",\"name\":\"Koningdrone.be\",\"url\":\"https:\/\/koningdrone.be\/\",\"logo\":{\"@type\":\"ImageObject\",\"inLanguage\":\"fr-BE\",\"@id\":\"https:\/\/koningdrone.be\/#\/schema\/logo\/image\/\",\"url\":\"https:\/\/koningdrone.be\/wp-content\/uploads\/sites\/13\/2025\/04\/koningdrone-copyright-logo.svg\",\"contentUrl\":\"https:\/\/koningdrone.be\/wp-content\/uploads\/sites\/13\/2025\/04\/koningdrone-copyright-logo.svg\",\"width\":227,\"height\":38,\"caption\":\"Koningdrone.be\"},\"image\":{\"@id\":\"https:\/\/koningdrone.be\/#\/schema\/logo\/image\/\"}}]}<\/script>\n<!-- \/ Yoast SEO Premium plugin. -->","yoast_head_json":{"title":"Anker SOLIX F3800 - koningdrone.be","robots":{"index":"index","follow":"follow","max-snippet":"max-snippet:-1","max-image-preview":"max-image-preview:large","max-video-preview":"max-video-preview:-1"},"canonical":"https:\/\/koningdrone.be\/fr\/produit\/anker-solix-f3800\/","og_locale":"fr_FR","og_type":"article","og_title":"Anker SOLIX F3800","og_description":"Betrouwbare back-upstroom: houdt je huis draaiende tijdens stroomuitval  Flexibel in gebruik: geschikt voor zowel binnen- als buitengebruik  Zonne-integratie: compatibel met zonnepanelen voor duurzame energievoorziening  Draagbaar ontwerp: eenvoudig te verplaatsen ondanks de grote energiecapaciteit  Vermogen voor zware apparatuur: voorziet moeiteloos essenti\u00eble en krachtige apparaten van stroom  Slim beheer: app-ondersteuning voor monitoring en bediening op afstand  Duurzaam gebouwd: hoogwaardige materialen garanderen langdurige prestaties","og_url":"https:\/\/koningdrone.be\/fr\/produit\/anker-solix-f3800\/","og_site_name":"koningdrone.be","og_image":[{"width":800,"height":800,"url":"https:\/\/koningdrone.be\/wp-content\/uploads\/sites\/13\/2026\/01\/anker-solix-F3800-portable-power-station-03-20240105.jpg","type":"image\/jpeg"}],"twitter_card":"summary_large_image","twitter_misc":{"Dur\u00e9e de lecture est.":"1 minute"},"schema":{"@context":"https:\/\/schema.org","@graph":[{"@type":"WebPage","@id":"https:\/\/koningdrone.be\/en\/product\/anker-solix-f3800\/","url":"https:\/\/koningdrone.be\/en\/product\/anker-solix-f3800\/","name":"Anker SOLIX F3800 - koningdrone.be","isPartOf":{"@id":"https:\/\/koningdrone.be\/#website"},"primaryImageOfPage":{"@id":"https:\/\/koningdrone.be\/en\/product\/anker-solix-f3800\/#primaryimage"},"image":{"@id":"https:\/\/koningdrone.be\/en\/product\/anker-solix-f3800\/#primaryimage"},"thumbnailUrl":"https:\/\/koningdrone.be\/wp-content\/uploads\/sites\/13\/2026\/01\/anker-solix-F3800-portable-power-station-03-20240105.jpg","datePublished":"2025-09-01T13:52:49+00:00","breadcrumb":{"@id":"https:\/\/koningdrone.be\/en\/product\/anker-solix-f3800\/#breadcrumb"},"inLanguage":"fr-BE","potentialAction":[{"@type":"ReadAction","target":["https:\/\/koningdrone.be\/en\/product\/anker-solix-f3800\/"]}]},{"@type":"ImageObject","inLanguage":"fr-BE","@id":"https:\/\/koningdrone.be\/en\/product\/anker-solix-f3800\/#primaryimage","url":"https:\/\/koningdrone.be\/wp-content\/uploads\/sites\/13\/2026\/01\/anker-solix-F3800-portable-power-station-03-20240105.jpg","contentUrl":"https:\/\/koningdrone.be\/wp-content\/uploads\/sites\/13\/2026\/01\/anker-solix-F3800-portable-power-station-03-20240105.jpg","width":800,"height":800},{"@type":"BreadcrumbList","@id":"https:\/\/koningdrone.be\/en\/product\/anker-solix-f3800\/#breadcrumb","itemListElement":[{"@type":"ListItem","position":1,"name":"Home","item":"https:\/\/koningdrone.be\/"},{"@type":"ListItem","position":2,"name":"AVSS Parachute Recovery System for DJI Matrice 300\/350","item":"https:\/\/koningdrone.be\/product\/avss-parachute-recovery-system-for-dji-matrice-300-350\/"},{"@type":"ListItem","position":3,"name":"Alle producten","item":"https:\/\/koningdrone.be\/categorie\/alle-producten\/"},{"@type":"ListItem","position":4,"name":"Anker SOLIX F3800"}]},{"@type":"WebSite","@id":"https:\/\/koningdrone.be\/#website","url":"https:\/\/koningdrone.be\/","name":"Koningdrone.be - Votre sp\u00e9cialiste en ligne en mati\u00e8re de drones, de cardans, de cam\u00e9ras et de centrales \u00e9lectriques.","description":"La boutique en ligne de drones et de cardans","publisher":{"@id":"https:\/\/koningdrone.be\/#organization"},"potentialAction":[{"@type":"SearchAction","target":{"@type":"EntryPoint","urlTemplate":"https:\/\/koningdrone.be\/?s={search_term_string}"},"query-input":{"@type":"PropertyValueSpecification","valueRequired":true,"valueName":"search_term_string"}}],"inLanguage":"fr-BE"},{"@type":"Organization","@id":"https:\/\/koningdrone.be\/#organization","name":"Kingdrone.co.uk","url":"https:\/\/koningdrone.be\/","logo":{"@type":"ImageObject","inLanguage":"fr-BE","@id":"https:\/\/koningdrone.be\/#\/schema\/logo\/image\/","url":"https:\/\/koningdrone.be\/wp-content\/uploads\/sites\/13\/2025\/04\/koningdrone-copyright-logo.svg","contentUrl":"https:\/\/koningdrone.be\/wp-content\/uploads\/sites\/13\/2025\/04\/koningdrone-copyright-logo.svg","width":227,"height":38,"caption":"Koningdrone.be"},"image":{"@id":"https:\/\/koningdrone.be\/#\/schema\/logo\/image\/"}}]}},"df_price":"","df_sale_price":"","df_regular_price":"","df_image_link":"https:\/\/koningdrone.be\/wp-content\/uploads\/sites\/13\/2026\/01\/anker-solix-F3800-portable-power-station-03-20240105-300x300.jpg","_links":{"self":[{"href":"https:\/\/koningdrone.be\/fr\/wp-json\/wp\/v2\/product\/16128","targetHints":{"allow":["GET"]}}],"collection":[{"href":"https:\/\/koningdrone.be\/fr\/wp-json\/wp\/v2\/product"}],"about":[{"href":"https:\/\/koningdrone.be\/fr\/wp-json\/wp\/v2\/types\/product"}],"wp:featuredmedia":[{"embeddable":true,"href":"https:\/\/koningdrone.be\/fr\/wp-json\/wp\/v2\/media\/16118"}],"wp:attachment":[{"href":"https:\/\/koningdrone.be\/fr\/wp-json\/wp\/v2\/media?parent=16128"}],"wp:term":[{"taxonomy":"product_brand","embeddable":true,"href":"https:\/\/koningdrone.be\/fr\/wp-json\/wp\/v2\/product_brand?post=16128"},{"taxonomy":"product_cat","embeddable":true,"href":"https:\/\/koningdrone.be\/fr\/wp-json\/wp\/v2\/product_cat?post=16128"},{"taxonomy":"product_tag","embeddable":true,"href":"https:\/\/koningdrone.be\/fr\/wp-json\/wp\/v2\/product_tag?post=16128"}],"curies":[{"name":"wp","href":"https:\/\/api.w.org\/{rel}","templated":true}]}}