{"id":16117,"date":"2025-09-01T15:54:28","date_gmt":"2025-09-01T13:54:28","guid":{"rendered":"https:\/\/koningdrone.be\/product\/anker-solix-f2000\/"},"modified":"2025-09-01T15:54:28","modified_gmt":"2025-09-01T13:54:28","slug":"anker-solix-f2000","status":"publish","type":"product","link":"https:\/\/koningdrone.be\/fr\/produit\/anker-solix-f2000\/","title":{"rendered":"Ancre SOLIX F2000"},"content":{"rendered":"<h2>Centrale \u00e9lectrique portable Anchor SOLIX F2000<\/h2>\n<p><strong>Une \u00e9nergie puissante o\u00f9 que vous soyez.<\/strong><\/p>\n<p>Le <strong>Ancre SOLIX F2000<\/strong> est un <strong>centrale \u00e9lectrique portable polyvalente et fiable<\/strong> ce qui est parfait pour <strong>utilisation domestique comme sauvegarde<\/strong>, pour <strong>utilisation en ext\u00e9rieur lors d'aventures<\/strong>, ou pour ceux qui vivent compl\u00e8tement hors r\u00e9seau. Avec un <strong>Batterie LiFePO\u2084 \u00e0 haute capacit\u00e9<\/strong> et des options de sortie robustes, cette centrale est capable d'alimenter de mani\u00e8re fiable des appareils essentiels tels que les r\u00e9frig\u00e9rateurs, les \u00e9quipements m\u00e9dicaux et les ordinateurs portables.<\/p>\n<p>Le F2000 prend en charge <strong>charge solaire<\/strong> et a <strong>contr\u00f4le intelligent via une application mobile<\/strong>, qui vous permet de surveiller et de g\u00e9rer la consommation d'\u00e9nergie en temps r\u00e9el. Sa conception robuste garantit sa durabilit\u00e9 dans n'importe quel environnement, qu'il s'agisse du confort de votre maison ou de la nature sauvage.<\/p>\n<p>Avec le SOLIX F2000, vous restez toujours connect\u00e9, o\u00f9 que vous soyez.<\/p>","protected":false},"excerpt":{"rendered":"<ul>\n<li><strong>Alimentation de secours fiable :<\/strong> convient pour une utilisation domestique et ext\u00e9rieure<\/li>\n<li><strong>Soutien solaire :<\/strong> charges via des panneaux solaires pour une source d'\u00e9nergie durable<\/li>\n<li><strong>Alimentation \u00e9lectrique pour les appareils essentiels :<\/strong> alimente les petits appareils m\u00e9nagers et de survie<\/li>\n<li><strong>Batterie durable :<\/strong> construit avec la technologie LiFePO\u2084 pour la s\u00e9curit\u00e9 et une longue dur\u00e9e de vie<\/li>\n<li><strong>Contr\u00f4le par application intelligente :<\/strong> surveillance et contr\u00f4le en temps r\u00e9el via Bluetooth ou WiFi<\/li>\n<li><strong>Compact et portable :<\/strong> facile \u00e0 transporter pour une utilisation mobile<\/li>\n<\/ul>","protected":false},"featured_media":16100,"template":"","meta":{"_acf_changed":false},"product_brand":[],"product_cat":[97,197,1701],"product_tag":[],"class_list":{"0":"post-16117","1":"product","2":"type-product","3":"status-publish","4":"has-post-thumbnail","6":"product_cat-alle-producten","7":"product_cat-anker","8":"product_cat-anker-bluetti","9":"pa_brand-anker","10":"pa_producttype-draagbare-energiecentrale","12":"first","13":"outofstock","14":"taxable","15":"shipping-taxable","16":"product-type-simple"},"acf":[],"yoast_head":"<!-- This site is optimized with the Yoast SEO Premium plugin v27.2 (Yoast SEO v27.2) - https:\/\/yoast.com\/product\/yoast-seo-premium-wordpress\/ -->\n<title>Anker SOLIX F2000 - koningdrone.be<\/title>\n<meta name=\"robots\" content=\"index, follow, max-snippet:-1, max-image-preview:large, max-video-preview:-1\" \/>\n<link rel=\"canonical\" href=\"https:\/\/koningdrone.be\/fr\/produit\/anker-solix-f2000\/\" \/>\n<meta property=\"og:locale\" content=\"fr_FR\" \/>\n<meta property=\"og:type\" content=\"article\" \/>\n<meta property=\"og:title\" content=\"Anker SOLIX F2000\" \/>\n<meta property=\"og:description\" content=\"Betrouwbare back-upstroom: geschikt voor thuisgebruik \u00e9n buitentoepassingen  Zonne-energie ondersteuning: laadt op via zonnepanelen voor een duurzame energiebron  Stroomvoorziening voor essenti\u00eble apparaten: voedt kleine huishoudelijke en levensondersteunende apparaten  Duurzame batterij: gebouwd met LiFePO\u2084-technologie voor veiligheid en een lange levensduur  Smart app-bediening: real-time bewaking en controle via Bluetooth of WiFi  Compact en draagbaar: gemakkelijk mee te nemen voor mobiel gebruik\" \/>\n<meta property=\"og:url\" content=\"https:\/\/koningdrone.be\/fr\/produit\/anker-solix-f2000\/\" \/>\n<meta property=\"og:site_name\" content=\"koningdrone.be\" \/>\n<meta property=\"og:image\" content=\"https:\/\/koningdrone.be\/wp-content\/uploads\/sites\/13\/2026\/01\/powerhouse-767_eu_de_1_1_50993efb-c206-4b28-b93e-139fd2054a20_3840x-scaled-1.png\" \/>\n\t<meta property=\"og:image:width\" content=\"2048\" \/>\n\t<meta property=\"og:image:height\" content=\"2048\" \/>\n\t<meta property=\"og:image:type\" content=\"image\/png\" \/>\n<meta name=\"twitter:card\" content=\"summary_large_image\" \/>\n<meta name=\"twitter:label1\" content=\"Dur\u00e9e de lecture est.\" \/>\n\t<meta name=\"twitter:data1\" content=\"1 minute\" \/>\n<script type=\"application\/ld+json\" class=\"yoast-schema-graph\">{\"@context\":\"https:\/\/schema.org\",\"@graph\":[{\"@type\":\"WebPage\",\"@id\":\"https:\/\/koningdrone.be\/en\/product\/anker-solix-f2000\/\",\"url\":\"https:\/\/koningdrone.be\/en\/product\/anker-solix-f2000\/\",\"name\":\"Anker SOLIX F2000 - koningdrone.be\",\"isPartOf\":{\"@id\":\"https:\/\/koningdrone.be\/#website\"},\"primaryImageOfPage\":{\"@id\":\"https:\/\/koningdrone.be\/en\/product\/anker-solix-f2000\/#primaryimage\"},\"image\":{\"@id\":\"https:\/\/koningdrone.be\/en\/product\/anker-solix-f2000\/#primaryimage\"},\"thumbnailUrl\":\"https:\/\/koningdrone.be\/wp-content\/uploads\/sites\/13\/2026\/01\/powerhouse-767_eu_de_1_1_50993efb-c206-4b28-b93e-139fd2054a20_3840x-scaled-1.png\",\"datePublished\":\"2025-09-01T13:54:28+00:00\",\"breadcrumb\":{\"@id\":\"https:\/\/koningdrone.be\/en\/product\/anker-solix-f2000\/#breadcrumb\"},\"inLanguage\":\"fr-BE\",\"potentialAction\":[{\"@type\":\"ReadAction\",\"target\":[\"https:\/\/koningdrone.be\/en\/product\/anker-solix-f2000\/\"]}]},{\"@type\":\"ImageObject\",\"inLanguage\":\"fr-BE\",\"@id\":\"https:\/\/koningdrone.be\/en\/product\/anker-solix-f2000\/#primaryimage\",\"url\":\"https:\/\/koningdrone.be\/wp-content\/uploads\/sites\/13\/2026\/01\/powerhouse-767_eu_de_1_1_50993efb-c206-4b28-b93e-139fd2054a20_3840x-scaled-1.png\",\"contentUrl\":\"https:\/\/koningdrone.be\/wp-content\/uploads\/sites\/13\/2026\/01\/powerhouse-767_eu_de_1_1_50993efb-c206-4b28-b93e-139fd2054a20_3840x-scaled-1.png\",\"width\":2048,\"height\":2048},{\"@type\":\"BreadcrumbList\",\"@id\":\"https:\/\/koningdrone.be\/en\/product\/anker-solix-f2000\/#breadcrumb\",\"itemListElement\":[{\"@type\":\"ListItem\",\"position\":1,\"name\":\"Home\",\"item\":\"https:\/\/koningdrone.be\/\"},{\"@type\":\"ListItem\",\"position\":2,\"name\":\"AVSS Parachute Recovery System for DJI Matrice 300\/350\",\"item\":\"https:\/\/koningdrone.be\/product\/avss-parachute-recovery-system-for-dji-matrice-300-350\/\"},{\"@type\":\"ListItem\",\"position\":3,\"name\":\"Alle producten\",\"item\":\"https:\/\/koningdrone.be\/categorie\/alle-producten\/\"},{\"@type\":\"ListItem\",\"position\":4,\"name\":\"Anker SOLIX F2000\"}]},{\"@type\":\"WebSite\",\"@id\":\"https:\/\/koningdrone.be\/#website\",\"url\":\"https:\/\/koningdrone.be\/\",\"name\":\"Koningdrone.be - Uw online specialist in drones, gimbals, camera's en power stations.\",\"description\":\"De webshop in drones en gimbals\",\"publisher\":{\"@id\":\"https:\/\/koningdrone.be\/#organization\"},\"potentialAction\":[{\"@type\":\"SearchAction\",\"target\":{\"@type\":\"EntryPoint\",\"urlTemplate\":\"https:\/\/koningdrone.be\/?s={search_term_string}\"},\"query-input\":{\"@type\":\"PropertyValueSpecification\",\"valueRequired\":true,\"valueName\":\"search_term_string\"}}],\"inLanguage\":\"fr-BE\"},{\"@type\":\"Organization\",\"@id\":\"https:\/\/koningdrone.be\/#organization\",\"name\":\"Koningdrone.be\",\"url\":\"https:\/\/koningdrone.be\/\",\"logo\":{\"@type\":\"ImageObject\",\"inLanguage\":\"fr-BE\",\"@id\":\"https:\/\/koningdrone.be\/#\/schema\/logo\/image\/\",\"url\":\"https:\/\/koningdrone.be\/wp-content\/uploads\/sites\/13\/2025\/04\/koningdrone-copyright-logo.svg\",\"contentUrl\":\"https:\/\/koningdrone.be\/wp-content\/uploads\/sites\/13\/2025\/04\/koningdrone-copyright-logo.svg\",\"width\":227,\"height\":38,\"caption\":\"Koningdrone.be\"},\"image\":{\"@id\":\"https:\/\/koningdrone.be\/#\/schema\/logo\/image\/\"}}]}<\/script>\n<!-- \/ Yoast SEO Premium plugin. -->","yoast_head_json":{"title":"Anker SOLIX F2000 - koningdrone.be","robots":{"index":"index","follow":"follow","max-snippet":"max-snippet:-1","max-image-preview":"max-image-preview:large","max-video-preview":"max-video-preview:-1"},"canonical":"https:\/\/koningdrone.be\/fr\/produit\/anker-solix-f2000\/","og_locale":"fr_FR","og_type":"article","og_title":"Anker SOLIX F2000","og_description":"Betrouwbare back-upstroom: geschikt voor thuisgebruik \u00e9n buitentoepassingen  Zonne-energie ondersteuning: laadt op via zonnepanelen voor een duurzame energiebron  Stroomvoorziening voor essenti\u00eble apparaten: voedt kleine huishoudelijke en levensondersteunende apparaten  Duurzame batterij: gebouwd met LiFePO\u2084-technologie voor veiligheid en een lange levensduur  Smart app-bediening: real-time bewaking en controle via Bluetooth of WiFi  Compact en draagbaar: gemakkelijk mee te nemen voor mobiel gebruik","og_url":"https:\/\/koningdrone.be\/fr\/produit\/anker-solix-f2000\/","og_site_name":"koningdrone.be","og_image":[{"width":2048,"height":2048,"url":"https:\/\/koningdrone.be\/wp-content\/uploads\/sites\/13\/2026\/01\/powerhouse-767_eu_de_1_1_50993efb-c206-4b28-b93e-139fd2054a20_3840x-scaled-1.png","type":"image\/png"}],"twitter_card":"summary_large_image","twitter_misc":{"Dur\u00e9e de lecture est.":"1 minute"},"schema":{"@context":"https:\/\/schema.org","@graph":[{"@type":"WebPage","@id":"https:\/\/koningdrone.be\/en\/product\/anker-solix-f2000\/","url":"https:\/\/koningdrone.be\/en\/product\/anker-solix-f2000\/","name":"Anker SOLIX F2000 - koningdrone.be","isPartOf":{"@id":"https:\/\/koningdrone.be\/#website"},"primaryImageOfPage":{"@id":"https:\/\/koningdrone.be\/en\/product\/anker-solix-f2000\/#primaryimage"},"image":{"@id":"https:\/\/koningdrone.be\/en\/product\/anker-solix-f2000\/#primaryimage"},"thumbnailUrl":"https:\/\/koningdrone.be\/wp-content\/uploads\/sites\/13\/2026\/01\/powerhouse-767_eu_de_1_1_50993efb-c206-4b28-b93e-139fd2054a20_3840x-scaled-1.png","datePublished":"2025-09-01T13:54:28+00:00","breadcrumb":{"@id":"https:\/\/koningdrone.be\/en\/product\/anker-solix-f2000\/#breadcrumb"},"inLanguage":"fr-BE","potentialAction":[{"@type":"ReadAction","target":["https:\/\/koningdrone.be\/en\/product\/anker-solix-f2000\/"]}]},{"@type":"ImageObject","inLanguage":"fr-BE","@id":"https:\/\/koningdrone.be\/en\/product\/anker-solix-f2000\/#primaryimage","url":"https:\/\/koningdrone.be\/wp-content\/uploads\/sites\/13\/2026\/01\/powerhouse-767_eu_de_1_1_50993efb-c206-4b28-b93e-139fd2054a20_3840x-scaled-1.png","contentUrl":"https:\/\/koningdrone.be\/wp-content\/uploads\/sites\/13\/2026\/01\/powerhouse-767_eu_de_1_1_50993efb-c206-4b28-b93e-139fd2054a20_3840x-scaled-1.png","width":2048,"height":2048},{"@type":"BreadcrumbList","@id":"https:\/\/koningdrone.be\/en\/product\/anker-solix-f2000\/#breadcrumb","itemListElement":[{"@type":"ListItem","position":1,"name":"Home","item":"https:\/\/koningdrone.be\/"},{"@type":"ListItem","position":2,"name":"AVSS Parachute Recovery System for DJI Matrice 300\/350","item":"https:\/\/koningdrone.be\/product\/avss-parachute-recovery-system-for-dji-matrice-300-350\/"},{"@type":"ListItem","position":3,"name":"Alle producten","item":"https:\/\/koningdrone.be\/categorie\/alle-producten\/"},{"@type":"ListItem","position":4,"name":"Anker SOLIX F2000"}]},{"@type":"WebSite","@id":"https:\/\/koningdrone.be\/#website","url":"https:\/\/koningdrone.be\/","name":"Koningdrone.be - Votre sp\u00e9cialiste en ligne en mati\u00e8re de drones, de cardans, de cam\u00e9ras et de centrales \u00e9lectriques.","description":"La boutique en ligne de drones et de cardans","publisher":{"@id":"https:\/\/koningdrone.be\/#organization"},"potentialAction":[{"@type":"SearchAction","target":{"@type":"EntryPoint","urlTemplate":"https:\/\/koningdrone.be\/?s={search_term_string}"},"query-input":{"@type":"PropertyValueSpecification","valueRequired":true,"valueName":"search_term_string"}}],"inLanguage":"fr-BE"},{"@type":"Organization","@id":"https:\/\/koningdrone.be\/#organization","name":"Kingdrone.co.uk","url":"https:\/\/koningdrone.be\/","logo":{"@type":"ImageObject","inLanguage":"fr-BE","@id":"https:\/\/koningdrone.be\/#\/schema\/logo\/image\/","url":"https:\/\/koningdrone.be\/wp-content\/uploads\/sites\/13\/2025\/04\/koningdrone-copyright-logo.svg","contentUrl":"https:\/\/koningdrone.be\/wp-content\/uploads\/sites\/13\/2025\/04\/koningdrone-copyright-logo.svg","width":227,"height":38,"caption":"Koningdrone.be"},"image":{"@id":"https:\/\/koningdrone.be\/#\/schema\/logo\/image\/"}}]}},"df_price":"","df_sale_price":"","df_regular_price":"","df_image_link":"https:\/\/koningdrone.be\/wp-content\/uploads\/sites\/13\/2026\/01\/powerhouse-767_eu_de_1_1_50993efb-c206-4b28-b93e-139fd2054a20_3840x-scaled-1-300x300.png","_links":{"self":[{"href":"https:\/\/koningdrone.be\/fr\/wp-json\/wp\/v2\/product\/16117","targetHints":{"allow":["GET"]}}],"collection":[{"href":"https:\/\/koningdrone.be\/fr\/wp-json\/wp\/v2\/product"}],"about":[{"href":"https:\/\/koningdrone.be\/fr\/wp-json\/wp\/v2\/types\/product"}],"wp:featuredmedia":[{"embeddable":true,"href":"https:\/\/koningdrone.be\/fr\/wp-json\/wp\/v2\/media\/16100"}],"wp:attachment":[{"href":"https:\/\/koningdrone.be\/fr\/wp-json\/wp\/v2\/media?parent=16117"}],"wp:term":[{"taxonomy":"product_brand","embeddable":true,"href":"https:\/\/koningdrone.be\/fr\/wp-json\/wp\/v2\/product_brand?post=16117"},{"taxonomy":"product_cat","embeddable":true,"href":"https:\/\/koningdrone.be\/fr\/wp-json\/wp\/v2\/product_cat?post=16117"},{"taxonomy":"product_tag","embeddable":true,"href":"https:\/\/koningdrone.be\/fr\/wp-json\/wp\/v2\/product_tag?post=16117"}],"curies":[{"name":"wp","href":"https:\/\/api.w.org\/{rel}","templated":true}]}}