{"id":16106,"date":"2025-09-03T10:24:11","date_gmt":"2025-09-03T08:24:11","guid":{"rendered":"https:\/\/koningdrone.be\/product\/anker-solix-f1500-1536wh-1800w\/"},"modified":"2026-04-29T06:50:25","modified_gmt":"2026-04-29T04:50:25","slug":"anker-solix-f1500-1536wh-1800w","status":"publish","type":"product","link":"https:\/\/koningdrone.be\/fr\/produit\/anker-solix-f1500-1536wh-1800w\/","title":{"rendered":"Anker SOLIX F1500 - 1536Wh | 1800W"},"content":{"rendered":"<h2>La Anker SOLIX F1500 est une puissante centrale \u00e9lectrique portable dot\u00e9e d'une batterie LiFePO\u2084 de 1536Wh et d'une puissance de 1800W, id\u00e9ale pour les sauvegardes \u00e0 domicile, les aventures en plein air ou les chantiers.<\/h2>\n<p>Il est dot\u00e9 d'un syst\u00e8me de charge rapide sur secteur (80% en 1 heure), d'une prise en charge de l'\u00e9nergie solaire et de 13 ports polyvalents pour alimenter tous les appareils, qu'il s'agisse d'un t\u00e9l\u00e9phone ou d'un p\u00e9riph\u00e9rique.<\/p>\n<p>Construit pour durer avec plus de 3 000 cycles de charge, il offre \u00e9galement des commandes d'applications intelligentes et un design robuste, pr\u00eat \u00e0 voyager.<\/p>\n<p>Avec ses performances fiables et sa batterie longue dur\u00e9e, la SOLIX F1500 est une solution d'alimentation fiable pour toutes les situations, de l'urgence \u00e0 l'utilisation quotidienne....<\/p>","protected":false},"excerpt":{"rendered":"<ul>\n<li>Con\u00e7ue pour tout g\u00e9rer avec facilit\u00e9, des pannes de courant domestiques aux aventures en plein air.<\/li>\n<li><\/li>\n<li>Con\u00e7u pour une fiabilit\u00e9 \u00e0 long terme gr\u00e2ce \u00e0 une conception durable et robuste.<\/li>\n<li><\/li>\n<li>Le chargement est incroyablement rapide, ce qui vous permet d'\u00eatre pr\u00eat \u00e0 partir en un rien de temps.<\/li>\n<li><\/li>\n<li>Favorise l'utilisation de l'\u00e9nergie verte en \u00e9tant compatible avec la recharge solaire.<\/li>\n<li><\/li>\n<li>Vous pouvez alimenter plusieurs appareils \u00e0 la fois sans probl\u00e8me.<\/li>\n<li><\/li>\n<li>Facile \u00e0 surveiller et \u00e0 contr\u00f4ler \u00e0 distance via l'appli Anker.<\/li>\n<li><\/li>\n<li>Sa puissance silencieuse et propre le rend parfait pour une utilisation \u00e0 l'int\u00e9rieur.<\/li>\n<li><\/li>\n<\/ul>","protected":false},"featured_media":16076,"template":"","meta":{"_acf_changed":false},"product_brand":[],"product_cat":[97,197,1701],"product_tag":[],"class_list":{"0":"post-16106","1":"product","2":"type-product","3":"status-publish","4":"has-post-thumbnail","6":"product_cat-alle-producten","7":"product_cat-anker","8":"product_cat-anker-bluetti","9":"product_shipping_class-outofstock","10":"pa_brand-anker","11":"pa_producttype-power-station","13":"first","14":"outofstock","15":"taxable","16":"shipping-taxable","17":"product-type-simple"},"acf":[],"yoast_head":"<!-- This site is optimized with the Yoast SEO Premium plugin v27.2 (Yoast SEO v27.2) - https:\/\/yoast.com\/product\/yoast-seo-premium-wordpress\/ -->\n<title>Anker SOLIX F1500 - 1536Wh | 1800W - koningdrone.be<\/title>\n<meta name=\"robots\" content=\"index, follow, max-snippet:-1, max-image-preview:large, max-video-preview:-1\" \/>\n<link rel=\"canonical\" href=\"https:\/\/koningdrone.be\/fr\/produit\/anker-solix-f1500-1536wh-1800w\/\" \/>\n<meta property=\"og:locale\" content=\"fr_FR\" \/>\n<meta property=\"og:type\" content=\"article\" \/>\n<meta property=\"og:title\" content=\"Anker SOLIX F1500 - 1536Wh | 1800W\" \/>\n<meta property=\"og:description\" content=\"Gebouwd om alles met gemak aan te kunnen, van stroomstoringen thuis tot avonturen buitenshuis.    Ontworpen voor langdurige betrouwbaarheid met een duurzaam, robuust ontwerp.    Laadt ongelooflijk snel op, dus je bent in een mum van tijd klaar om te gaan.    Ondersteunt het gebruik van groene energie met compatibiliteit met opladen op zonne-energie.    Je kunt meerdere apparaten tegelijk van stroom voorzien zonder gedoe.    Eenvoudig op afstand te controleren en te bedienen via de Anker app.    Stille en schone stroom maakt hem ook perfect voor gebruik binnenshuis.\" \/>\n<meta property=\"og:url\" content=\"https:\/\/koningdrone.be\/fr\/produit\/anker-solix-f1500-1536wh-1800w\/\" \/>\n<meta property=\"og:site_name\" content=\"koningdrone.be\" \/>\n<meta property=\"article:modified_time\" content=\"2026-04-29T04:50:25+00:00\" \/>\n<meta property=\"og:image\" content=\"https:\/\/koningdrone.be\/wp-content\/uploads\/sites\/13\/2026\/01\/anker-solix-f1500-portable-power-station-01-20240612.jpg\" \/>\n\t<meta property=\"og:image:width\" content=\"800\" \/>\n\t<meta property=\"og:image:height\" content=\"800\" \/>\n\t<meta property=\"og:image:type\" content=\"image\/jpeg\" \/>\n<meta name=\"twitter:card\" content=\"summary_large_image\" \/>\n<script type=\"application\/ld+json\" class=\"yoast-schema-graph\">{\"@context\":\"https:\/\/schema.org\",\"@graph\":[{\"@type\":\"WebPage\",\"@id\":\"https:\/\/koningdrone.be\/product\/anker-solix-f1500-1536wh-1800w\/\",\"url\":\"https:\/\/koningdrone.be\/product\/anker-solix-f1500-1536wh-1800w\/\",\"name\":\"Anker SOLIX F1500 - 1536Wh | 1800W - koningdrone.be\",\"isPartOf\":{\"@id\":\"https:\/\/koningdrone.be\/#website\"},\"primaryImageOfPage\":{\"@id\":\"https:\/\/koningdrone.be\/product\/anker-solix-f1500-1536wh-1800w\/#primaryimage\"},\"image\":{\"@id\":\"https:\/\/koningdrone.be\/product\/anker-solix-f1500-1536wh-1800w\/#primaryimage\"},\"thumbnailUrl\":\"https:\/\/koningdrone.be\/wp-content\/uploads\/sites\/13\/2026\/01\/anker-solix-f1500-portable-power-station-01-20240612.jpg\",\"datePublished\":\"2025-09-03T08:24:11+00:00\",\"dateModified\":\"2026-04-29T04:50:25+00:00\",\"breadcrumb\":{\"@id\":\"https:\/\/koningdrone.be\/product\/anker-solix-f1500-1536wh-1800w\/#breadcrumb\"},\"inLanguage\":\"fr-BE\",\"potentialAction\":[{\"@type\":\"ReadAction\",\"target\":[\"https:\/\/koningdrone.be\/product\/anker-solix-f1500-1536wh-1800w\/\"]}]},{\"@type\":\"ImageObject\",\"inLanguage\":\"fr-BE\",\"@id\":\"https:\/\/koningdrone.be\/product\/anker-solix-f1500-1536wh-1800w\/#primaryimage\",\"url\":\"https:\/\/koningdrone.be\/wp-content\/uploads\/sites\/13\/2026\/01\/anker-solix-f1500-portable-power-station-01-20240612.jpg\",\"contentUrl\":\"https:\/\/koningdrone.be\/wp-content\/uploads\/sites\/13\/2026\/01\/anker-solix-f1500-portable-power-station-01-20240612.jpg\",\"width\":800,\"height\":800},{\"@type\":\"BreadcrumbList\",\"@id\":\"https:\/\/koningdrone.be\/product\/anker-solix-f1500-1536wh-1800w\/#breadcrumb\",\"itemListElement\":[{\"@type\":\"ListItem\",\"position\":1,\"name\":\"Home\",\"item\":\"https:\/\/koningdrone.be\/\"},{\"@type\":\"ListItem\",\"position\":2,\"name\":\"AVSS Parachute Recovery System for DJI Matrice 300\/350\",\"item\":\"https:\/\/koningdrone.be\/product\/avss-parachute-recovery-system-for-dji-matrice-300-350\/\"},{\"@type\":\"ListItem\",\"position\":3,\"name\":\"Alle producten\",\"item\":\"https:\/\/koningdrone.be\/categorie\/alle-producten\/\"},{\"@type\":\"ListItem\",\"position\":4,\"name\":\"Anker SOLIX F1500 &#8211; 1536Wh | 1800W\"}]},{\"@type\":\"WebSite\",\"@id\":\"https:\/\/koningdrone.be\/#website\",\"url\":\"https:\/\/koningdrone.be\/\",\"name\":\"Koningdrone.be - Uw online specialist in drones, gimbals, camera's en power stations.\",\"description\":\"De webshop in drones en gimbals\",\"publisher\":{\"@id\":\"https:\/\/koningdrone.be\/#organization\"},\"potentialAction\":[{\"@type\":\"SearchAction\",\"target\":{\"@type\":\"EntryPoint\",\"urlTemplate\":\"https:\/\/koningdrone.be\/?s={search_term_string}\"},\"query-input\":{\"@type\":\"PropertyValueSpecification\",\"valueRequired\":true,\"valueName\":\"search_term_string\"}}],\"inLanguage\":\"fr-BE\"},{\"@type\":\"Organization\",\"@id\":\"https:\/\/koningdrone.be\/#organization\",\"name\":\"Koningdrone.be\",\"url\":\"https:\/\/koningdrone.be\/\",\"logo\":{\"@type\":\"ImageObject\",\"inLanguage\":\"fr-BE\",\"@id\":\"https:\/\/koningdrone.be\/#\/schema\/logo\/image\/\",\"url\":\"https:\/\/koningdrone.be\/wp-content\/uploads\/sites\/13\/2025\/04\/koningdrone-copyright-logo.svg\",\"contentUrl\":\"https:\/\/koningdrone.be\/wp-content\/uploads\/sites\/13\/2025\/04\/koningdrone-copyright-logo.svg\",\"width\":227,\"height\":38,\"caption\":\"Koningdrone.be\"},\"image\":{\"@id\":\"https:\/\/koningdrone.be\/#\/schema\/logo\/image\/\"}}]}<\/script>\n<!-- \/ Yoast SEO Premium plugin. -->","yoast_head_json":{"title":"Anker SOLIX F1500 - 1536Wh | 1800W - koningdrone.be","robots":{"index":"index","follow":"follow","max-snippet":"max-snippet:-1","max-image-preview":"max-image-preview:large","max-video-preview":"max-video-preview:-1"},"canonical":"https:\/\/koningdrone.be\/fr\/produit\/anker-solix-f1500-1536wh-1800w\/","og_locale":"fr_FR","og_type":"article","og_title":"Anker SOLIX F1500 - 1536Wh | 1800W","og_description":"Gebouwd om alles met gemak aan te kunnen, van stroomstoringen thuis tot avonturen buitenshuis.    Ontworpen voor langdurige betrouwbaarheid met een duurzaam, robuust ontwerp.    Laadt ongelooflijk snel op, dus je bent in een mum van tijd klaar om te gaan.    Ondersteunt het gebruik van groene energie met compatibiliteit met opladen op zonne-energie.    Je kunt meerdere apparaten tegelijk van stroom voorzien zonder gedoe.    Eenvoudig op afstand te controleren en te bedienen via de Anker app.    Stille en schone stroom maakt hem ook perfect voor gebruik binnenshuis.","og_url":"https:\/\/koningdrone.be\/fr\/produit\/anker-solix-f1500-1536wh-1800w\/","og_site_name":"koningdrone.be","article_modified_time":"2026-04-29T04:50:25+00:00","og_image":[{"width":800,"height":800,"url":"https:\/\/koningdrone.be\/wp-content\/uploads\/sites\/13\/2026\/01\/anker-solix-f1500-portable-power-station-01-20240612.jpg","type":"image\/jpeg"}],"twitter_card":"summary_large_image","schema":{"@context":"https:\/\/schema.org","@graph":[{"@type":"WebPage","@id":"https:\/\/koningdrone.be\/product\/anker-solix-f1500-1536wh-1800w\/","url":"https:\/\/koningdrone.be\/product\/anker-solix-f1500-1536wh-1800w\/","name":"Anker SOLIX F1500 - 1536Wh | 1800W - koningdrone.be","isPartOf":{"@id":"https:\/\/koningdrone.be\/#website"},"primaryImageOfPage":{"@id":"https:\/\/koningdrone.be\/product\/anker-solix-f1500-1536wh-1800w\/#primaryimage"},"image":{"@id":"https:\/\/koningdrone.be\/product\/anker-solix-f1500-1536wh-1800w\/#primaryimage"},"thumbnailUrl":"https:\/\/koningdrone.be\/wp-content\/uploads\/sites\/13\/2026\/01\/anker-solix-f1500-portable-power-station-01-20240612.jpg","datePublished":"2025-09-03T08:24:11+00:00","dateModified":"2026-04-29T04:50:25+00:00","breadcrumb":{"@id":"https:\/\/koningdrone.be\/product\/anker-solix-f1500-1536wh-1800w\/#breadcrumb"},"inLanguage":"fr-BE","potentialAction":[{"@type":"ReadAction","target":["https:\/\/koningdrone.be\/product\/anker-solix-f1500-1536wh-1800w\/"]}]},{"@type":"ImageObject","inLanguage":"fr-BE","@id":"https:\/\/koningdrone.be\/product\/anker-solix-f1500-1536wh-1800w\/#primaryimage","url":"https:\/\/koningdrone.be\/wp-content\/uploads\/sites\/13\/2026\/01\/anker-solix-f1500-portable-power-station-01-20240612.jpg","contentUrl":"https:\/\/koningdrone.be\/wp-content\/uploads\/sites\/13\/2026\/01\/anker-solix-f1500-portable-power-station-01-20240612.jpg","width":800,"height":800},{"@type":"BreadcrumbList","@id":"https:\/\/koningdrone.be\/product\/anker-solix-f1500-1536wh-1800w\/#breadcrumb","itemListElement":[{"@type":"ListItem","position":1,"name":"Home","item":"https:\/\/koningdrone.be\/"},{"@type":"ListItem","position":2,"name":"AVSS Parachute Recovery System for DJI Matrice 300\/350","item":"https:\/\/koningdrone.be\/product\/avss-parachute-recovery-system-for-dji-matrice-300-350\/"},{"@type":"ListItem","position":3,"name":"Alle producten","item":"https:\/\/koningdrone.be\/categorie\/alle-producten\/"},{"@type":"ListItem","position":4,"name":"Anker SOLIX F1500 &#8211; 1536Wh | 1800W"}]},{"@type":"WebSite","@id":"https:\/\/koningdrone.be\/#website","url":"https:\/\/koningdrone.be\/","name":"Koningdrone.be - Votre sp\u00e9cialiste en ligne en mati\u00e8re de drones, de cardans, de cam\u00e9ras et de centrales \u00e9lectriques.","description":"La boutique en ligne de drones et de cardans","publisher":{"@id":"https:\/\/koningdrone.be\/#organization"},"potentialAction":[{"@type":"SearchAction","target":{"@type":"EntryPoint","urlTemplate":"https:\/\/koningdrone.be\/?s={search_term_string}"},"query-input":{"@type":"PropertyValueSpecification","valueRequired":true,"valueName":"search_term_string"}}],"inLanguage":"fr-BE"},{"@type":"Organization","@id":"https:\/\/koningdrone.be\/#organization","name":"Kingdrone.co.uk","url":"https:\/\/koningdrone.be\/","logo":{"@type":"ImageObject","inLanguage":"fr-BE","@id":"https:\/\/koningdrone.be\/#\/schema\/logo\/image\/","url":"https:\/\/koningdrone.be\/wp-content\/uploads\/sites\/13\/2025\/04\/koningdrone-copyright-logo.svg","contentUrl":"https:\/\/koningdrone.be\/wp-content\/uploads\/sites\/13\/2025\/04\/koningdrone-copyright-logo.svg","width":227,"height":38,"caption":"Koningdrone.be"},"image":{"@id":"https:\/\/koningdrone.be\/#\/schema\/logo\/image\/"}}]}},"df_price":"","df_sale_price":"","df_regular_price":"","df_image_link":"https:\/\/koningdrone.be\/wp-content\/uploads\/sites\/13\/2026\/01\/anker-solix-f1500-portable-power-station-01-20240612-300x300.jpg","_links":{"self":[{"href":"https:\/\/koningdrone.be\/fr\/wp-json\/wp\/v2\/product\/16106","targetHints":{"allow":["GET"]}}],"collection":[{"href":"https:\/\/koningdrone.be\/fr\/wp-json\/wp\/v2\/product"}],"about":[{"href":"https:\/\/koningdrone.be\/fr\/wp-json\/wp\/v2\/types\/product"}],"wp:featuredmedia":[{"embeddable":true,"href":"https:\/\/koningdrone.be\/fr\/wp-json\/wp\/v2\/media\/16076"}],"wp:attachment":[{"href":"https:\/\/koningdrone.be\/fr\/wp-json\/wp\/v2\/media?parent=16106"}],"wp:term":[{"taxonomy":"product_brand","embeddable":true,"href":"https:\/\/koningdrone.be\/fr\/wp-json\/wp\/v2\/product_brand?post=16106"},{"taxonomy":"product_cat","embeddable":true,"href":"https:\/\/koningdrone.be\/fr\/wp-json\/wp\/v2\/product_cat?post=16106"},{"taxonomy":"product_tag","embeddable":true,"href":"https:\/\/koningdrone.be\/fr\/wp-json\/wp\/v2\/product_tag?post=16106"}],"curies":[{"name":"wp","href":"https:\/\/api.w.org\/{rel}","templated":true}]}}