{"id":16087,"date":"2025-09-01T15:54:28","date_gmt":"2025-09-01T13:54:28","guid":{"rendered":"https:\/\/koningdrone.be\/product\/anker-solix-f1500\/"},"modified":"2025-09-01T15:54:28","modified_gmt":"2025-09-01T13:54:28","slug":"anker-solix-f1500","status":"publish","type":"product","link":"https:\/\/koningdrone.be\/fr\/produit\/anker-solix-f1500\/","title":{"rendered":"Ancre SOLIX F1500"},"content":{"rendered":"<h2>Centrale \u00e9lectrique portable Anchor SOLIX F1500<\/h2>\n<p><strong>Toujours la puissance. O\u00f9 que vous soyez.<\/strong><\/p>\n<p>Le <strong>Ancre SOLIX F1500<\/strong> est un outil puissant et fiable <strong>centrale \u00e9lectrique portable<\/strong> Con\u00e7ue pour assurer le fonctionnement de vos appareils, que vous soyez \u00e0 la maison, \u00e0 l'aventure ou sur votre lieu de travail. Avec un <strong>Batterie LiFePO\u2084 de 1 536Wh<\/strong> et un <strong>Puissance de sortie en courant alternatif de 1 800 W<\/strong> cette centrale \u00e9lectrique offre suffisamment d'\u00e9nergie pour les appareils et outils essentiels.<\/p>\n<p>Gr\u00e2ce au soutien de <strong>charge rapide<\/strong>, <strong>compatibilit\u00e9 solaire<\/strong> et de multiples ports - y compris <strong>CA, USB-C et port pour voiture<\/strong> - fournit la SOLIX F1500 <strong>une \u00e9nergie propre, silencieuse et efficace<\/strong> o\u00f9 et quand vous en avez besoin.<\/p>\n<p>Construit avec <strong>La philosophie d'Anker en mati\u00e8re de conception durable<\/strong> et \u00e9quip\u00e9 de <strong>gestion intelligente de l'\u00e9nergie<\/strong>, C'est la solution id\u00e9ale pour une vari\u00e9t\u00e9 d'applications : de l'alimentation d'urgence au travail hors r\u00e9seau et aux aventures en plein air.<\/p>","protected":false},"excerpt":{"rendered":"<ul>\n<li><strong>Alimentation de secours fiable :<\/strong> alimente les appareils m\u00e9nagers essentiels pendant les coupures de courant<\/li>\n<li><strong>Toujours pr\u00eat :<\/strong> permet \u00e0 vos appareils de fonctionner pendant les sorties, les urgences ou les d\u00e9placements<\/li>\n<li><strong>Chargement rapide :<\/strong> vous permet de vous recharger compl\u00e8tement en peu de temps<\/li>\n<li><strong>Compatibilit\u00e9 solaire :<\/strong> prend en charge la recharge hors r\u00e9seau par l'interm\u00e9diaire de panneaux solaires<\/li>\n<li><strong>Robuste et s\u00fbr :<\/strong> construit avec des mat\u00e9riaux durables et une protection avanc\u00e9e de la batterie<\/li>\n<li><strong>Fonctionnement silencieux :<\/strong> fournit une \u00e9nergie propre sans bruit ni \u00e9missions comme les g\u00e9n\u00e9rateurs de gaz<\/li>\n<li><strong>Conception portable :<\/strong> avec des roulettes \u00e0 roulement doux et des dimensions compactes pour un transport facile<\/li>\n<\/ul>","protected":false},"featured_media":16076,"template":"","meta":{"_acf_changed":false},"product_brand":[],"product_cat":[97,197,1701],"product_tag":[],"class_list":{"0":"post-16087","1":"product","2":"type-product","3":"status-publish","4":"has-post-thumbnail","6":"product_cat-alle-producten","7":"product_cat-anker","8":"product_cat-anker-bluetti","9":"pa_brand-anker","10":"pa_producttype-draagbare-energiecentrale","12":"first","13":"outofstock","14":"taxable","15":"shipping-taxable","16":"product-type-simple"},"acf":[],"yoast_head":"<!-- This site is optimized with the Yoast SEO Premium plugin v27.2 (Yoast SEO v27.2) - https:\/\/yoast.com\/product\/yoast-seo-premium-wordpress\/ -->\n<title>Anker SOLIX F1500 - koningdrone.be<\/title>\n<meta name=\"robots\" content=\"index, follow, max-snippet:-1, max-image-preview:large, max-video-preview:-1\" \/>\n<link rel=\"canonical\" href=\"https:\/\/koningdrone.be\/fr\/produit\/anker-solix-f1500\/\" \/>\n<meta property=\"og:locale\" content=\"fr_FR\" \/>\n<meta property=\"og:type\" content=\"article\" \/>\n<meta property=\"og:title\" content=\"Anker SOLIX F1500\" \/>\n<meta property=\"og:description\" content=\"Betrouwbare back-upstroom: voorziet essenti\u00eble huishoudelijke apparaten van stroom tijdens stroomuitval  Altijd paraat: houdt je apparaten draaiende tijdens uitstapjes, noodsituaties of onderweg  Snel oplaadbaar: zorgt dat je binnen korte tijd weer volledig bent opgeladen  Zonne-energie compatibiliteit: ondersteunt off-grid opladen via zonnepanelen  Robuust en veilig: gebouwd met duurzame materialen en geavanceerde batterijbeveiliging  Stille werking: levert schone energie zonder lawaai of uitstoot zoals bij gasgeneratoren  Draagbaar ontwerp: voorzien van soepel rollende wielen en compact formaat voor eenvoudig transport\" \/>\n<meta property=\"og:url\" content=\"https:\/\/koningdrone.be\/fr\/produit\/anker-solix-f1500\/\" \/>\n<meta property=\"og:site_name\" content=\"koningdrone.be\" \/>\n<meta property=\"og:image\" content=\"https:\/\/koningdrone.be\/wp-content\/uploads\/sites\/13\/2026\/01\/anker-solix-f1500-portable-power-station-01-20240612.jpg\" \/>\n\t<meta property=\"og:image:width\" content=\"800\" \/>\n\t<meta property=\"og:image:height\" content=\"800\" \/>\n\t<meta property=\"og:image:type\" content=\"image\/jpeg\" \/>\n<meta name=\"twitter:card\" content=\"summary_large_image\" \/>\n<meta name=\"twitter:label1\" content=\"Dur\u00e9e de lecture est.\" \/>\n\t<meta name=\"twitter:data1\" content=\"1 minute\" \/>\n<script type=\"application\/ld+json\" class=\"yoast-schema-graph\">{\"@context\":\"https:\/\/schema.org\",\"@graph\":[{\"@type\":\"WebPage\",\"@id\":\"https:\/\/koningdrone.be\/en\/product\/anker-solix-f1500\/\",\"url\":\"https:\/\/koningdrone.be\/en\/product\/anker-solix-f1500\/\",\"name\":\"Anker SOLIX F1500 - koningdrone.be\",\"isPartOf\":{\"@id\":\"https:\/\/koningdrone.be\/#website\"},\"primaryImageOfPage\":{\"@id\":\"https:\/\/koningdrone.be\/en\/product\/anker-solix-f1500\/#primaryimage\"},\"image\":{\"@id\":\"https:\/\/koningdrone.be\/en\/product\/anker-solix-f1500\/#primaryimage\"},\"thumbnailUrl\":\"https:\/\/koningdrone.be\/wp-content\/uploads\/sites\/13\/2026\/01\/anker-solix-f1500-portable-power-station-01-20240612.jpg\",\"datePublished\":\"2025-09-01T13:54:28+00:00\",\"breadcrumb\":{\"@id\":\"https:\/\/koningdrone.be\/en\/product\/anker-solix-f1500\/#breadcrumb\"},\"inLanguage\":\"fr-BE\",\"potentialAction\":[{\"@type\":\"ReadAction\",\"target\":[\"https:\/\/koningdrone.be\/en\/product\/anker-solix-f1500\/\"]}]},{\"@type\":\"ImageObject\",\"inLanguage\":\"fr-BE\",\"@id\":\"https:\/\/koningdrone.be\/en\/product\/anker-solix-f1500\/#primaryimage\",\"url\":\"https:\/\/koningdrone.be\/wp-content\/uploads\/sites\/13\/2026\/01\/anker-solix-f1500-portable-power-station-01-20240612.jpg\",\"contentUrl\":\"https:\/\/koningdrone.be\/wp-content\/uploads\/sites\/13\/2026\/01\/anker-solix-f1500-portable-power-station-01-20240612.jpg\",\"width\":800,\"height\":800},{\"@type\":\"BreadcrumbList\",\"@id\":\"https:\/\/koningdrone.be\/en\/product\/anker-solix-f1500\/#breadcrumb\",\"itemListElement\":[{\"@type\":\"ListItem\",\"position\":1,\"name\":\"Home\",\"item\":\"https:\/\/koningdrone.be\/\"},{\"@type\":\"ListItem\",\"position\":2,\"name\":\"AVSS Parachute Recovery System for DJI Matrice 300\/350\",\"item\":\"https:\/\/koningdrone.be\/product\/avss-parachute-recovery-system-for-dji-matrice-300-350\/\"},{\"@type\":\"ListItem\",\"position\":3,\"name\":\"Alle producten\",\"item\":\"https:\/\/koningdrone.be\/categorie\/alle-producten\/\"},{\"@type\":\"ListItem\",\"position\":4,\"name\":\"Anker SOLIX F1500\"}]},{\"@type\":\"WebSite\",\"@id\":\"https:\/\/koningdrone.be\/#website\",\"url\":\"https:\/\/koningdrone.be\/\",\"name\":\"Koningdrone.be - Uw online specialist in drones, gimbals, camera's en power stations.\",\"description\":\"De webshop in drones en gimbals\",\"publisher\":{\"@id\":\"https:\/\/koningdrone.be\/#organization\"},\"potentialAction\":[{\"@type\":\"SearchAction\",\"target\":{\"@type\":\"EntryPoint\",\"urlTemplate\":\"https:\/\/koningdrone.be\/?s={search_term_string}\"},\"query-input\":{\"@type\":\"PropertyValueSpecification\",\"valueRequired\":true,\"valueName\":\"search_term_string\"}}],\"inLanguage\":\"fr-BE\"},{\"@type\":\"Organization\",\"@id\":\"https:\/\/koningdrone.be\/#organization\",\"name\":\"Koningdrone.be\",\"url\":\"https:\/\/koningdrone.be\/\",\"logo\":{\"@type\":\"ImageObject\",\"inLanguage\":\"fr-BE\",\"@id\":\"https:\/\/koningdrone.be\/#\/schema\/logo\/image\/\",\"url\":\"https:\/\/koningdrone.be\/wp-content\/uploads\/sites\/13\/2025\/04\/koningdrone-copyright-logo.svg\",\"contentUrl\":\"https:\/\/koningdrone.be\/wp-content\/uploads\/sites\/13\/2025\/04\/koningdrone-copyright-logo.svg\",\"width\":227,\"height\":38,\"caption\":\"Koningdrone.be\"},\"image\":{\"@id\":\"https:\/\/koningdrone.be\/#\/schema\/logo\/image\/\"}}]}<\/script>\n<!-- \/ Yoast SEO Premium plugin. -->","yoast_head_json":{"title":"Anker SOLIX F1500 - koningdrone.be","robots":{"index":"index","follow":"follow","max-snippet":"max-snippet:-1","max-image-preview":"max-image-preview:large","max-video-preview":"max-video-preview:-1"},"canonical":"https:\/\/koningdrone.be\/fr\/produit\/anker-solix-f1500\/","og_locale":"fr_FR","og_type":"article","og_title":"Anker SOLIX F1500","og_description":"Betrouwbare back-upstroom: voorziet essenti\u00eble huishoudelijke apparaten van stroom tijdens stroomuitval  Altijd paraat: houdt je apparaten draaiende tijdens uitstapjes, noodsituaties of onderweg  Snel oplaadbaar: zorgt dat je binnen korte tijd weer volledig bent opgeladen  Zonne-energie compatibiliteit: ondersteunt off-grid opladen via zonnepanelen  Robuust en veilig: gebouwd met duurzame materialen en geavanceerde batterijbeveiliging  Stille werking: levert schone energie zonder lawaai of uitstoot zoals bij gasgeneratoren  Draagbaar ontwerp: voorzien van soepel rollende wielen en compact formaat voor eenvoudig transport","og_url":"https:\/\/koningdrone.be\/fr\/produit\/anker-solix-f1500\/","og_site_name":"koningdrone.be","og_image":[{"width":800,"height":800,"url":"https:\/\/koningdrone.be\/wp-content\/uploads\/sites\/13\/2026\/01\/anker-solix-f1500-portable-power-station-01-20240612.jpg","type":"image\/jpeg"}],"twitter_card":"summary_large_image","twitter_misc":{"Dur\u00e9e de lecture est.":"1 minute"},"schema":{"@context":"https:\/\/schema.org","@graph":[{"@type":"WebPage","@id":"https:\/\/koningdrone.be\/en\/product\/anker-solix-f1500\/","url":"https:\/\/koningdrone.be\/en\/product\/anker-solix-f1500\/","name":"Anker SOLIX F1500 - koningdrone.be","isPartOf":{"@id":"https:\/\/koningdrone.be\/#website"},"primaryImageOfPage":{"@id":"https:\/\/koningdrone.be\/en\/product\/anker-solix-f1500\/#primaryimage"},"image":{"@id":"https:\/\/koningdrone.be\/en\/product\/anker-solix-f1500\/#primaryimage"},"thumbnailUrl":"https:\/\/koningdrone.be\/wp-content\/uploads\/sites\/13\/2026\/01\/anker-solix-f1500-portable-power-station-01-20240612.jpg","datePublished":"2025-09-01T13:54:28+00:00","breadcrumb":{"@id":"https:\/\/koningdrone.be\/en\/product\/anker-solix-f1500\/#breadcrumb"},"inLanguage":"fr-BE","potentialAction":[{"@type":"ReadAction","target":["https:\/\/koningdrone.be\/en\/product\/anker-solix-f1500\/"]}]},{"@type":"ImageObject","inLanguage":"fr-BE","@id":"https:\/\/koningdrone.be\/en\/product\/anker-solix-f1500\/#primaryimage","url":"https:\/\/koningdrone.be\/wp-content\/uploads\/sites\/13\/2026\/01\/anker-solix-f1500-portable-power-station-01-20240612.jpg","contentUrl":"https:\/\/koningdrone.be\/wp-content\/uploads\/sites\/13\/2026\/01\/anker-solix-f1500-portable-power-station-01-20240612.jpg","width":800,"height":800},{"@type":"BreadcrumbList","@id":"https:\/\/koningdrone.be\/en\/product\/anker-solix-f1500\/#breadcrumb","itemListElement":[{"@type":"ListItem","position":1,"name":"Home","item":"https:\/\/koningdrone.be\/"},{"@type":"ListItem","position":2,"name":"AVSS Parachute Recovery System for DJI Matrice 300\/350","item":"https:\/\/koningdrone.be\/product\/avss-parachute-recovery-system-for-dji-matrice-300-350\/"},{"@type":"ListItem","position":3,"name":"Alle producten","item":"https:\/\/koningdrone.be\/categorie\/alle-producten\/"},{"@type":"ListItem","position":4,"name":"Anker SOLIX F1500"}]},{"@type":"WebSite","@id":"https:\/\/koningdrone.be\/#website","url":"https:\/\/koningdrone.be\/","name":"Koningdrone.be - Votre sp\u00e9cialiste en ligne en mati\u00e8re de drones, de cardans, de cam\u00e9ras et de centrales \u00e9lectriques.","description":"La boutique en ligne de drones et de cardans","publisher":{"@id":"https:\/\/koningdrone.be\/#organization"},"potentialAction":[{"@type":"SearchAction","target":{"@type":"EntryPoint","urlTemplate":"https:\/\/koningdrone.be\/?s={search_term_string}"},"query-input":{"@type":"PropertyValueSpecification","valueRequired":true,"valueName":"search_term_string"}}],"inLanguage":"fr-BE"},{"@type":"Organization","@id":"https:\/\/koningdrone.be\/#organization","name":"Kingdrone.co.uk","url":"https:\/\/koningdrone.be\/","logo":{"@type":"ImageObject","inLanguage":"fr-BE","@id":"https:\/\/koningdrone.be\/#\/schema\/logo\/image\/","url":"https:\/\/koningdrone.be\/wp-content\/uploads\/sites\/13\/2025\/04\/koningdrone-copyright-logo.svg","contentUrl":"https:\/\/koningdrone.be\/wp-content\/uploads\/sites\/13\/2025\/04\/koningdrone-copyright-logo.svg","width":227,"height":38,"caption":"Koningdrone.be"},"image":{"@id":"https:\/\/koningdrone.be\/#\/schema\/logo\/image\/"}}]}},"df_price":"","df_sale_price":"","df_regular_price":"","df_image_link":"https:\/\/koningdrone.be\/wp-content\/uploads\/sites\/13\/2026\/01\/anker-solix-f1500-portable-power-station-01-20240612-300x300.jpg","_links":{"self":[{"href":"https:\/\/koningdrone.be\/fr\/wp-json\/wp\/v2\/product\/16087","targetHints":{"allow":["GET"]}}],"collection":[{"href":"https:\/\/koningdrone.be\/fr\/wp-json\/wp\/v2\/product"}],"about":[{"href":"https:\/\/koningdrone.be\/fr\/wp-json\/wp\/v2\/types\/product"}],"wp:featuredmedia":[{"embeddable":true,"href":"https:\/\/koningdrone.be\/fr\/wp-json\/wp\/v2\/media\/16076"}],"wp:attachment":[{"href":"https:\/\/koningdrone.be\/fr\/wp-json\/wp\/v2\/media?parent=16087"}],"wp:term":[{"taxonomy":"product_brand","embeddable":true,"href":"https:\/\/koningdrone.be\/fr\/wp-json\/wp\/v2\/product_brand?post=16087"},{"taxonomy":"product_cat","embeddable":true,"href":"https:\/\/koningdrone.be\/fr\/wp-json\/wp\/v2\/product_cat?post=16087"},{"taxonomy":"product_tag","embeddable":true,"href":"https:\/\/koningdrone.be\/fr\/wp-json\/wp\/v2\/product_tag?post=16087"}],"curies":[{"name":"wp","href":"https:\/\/api.w.org\/{rel}","templated":true}]}}