{"id":16056,"date":"2025-09-01T15:54:28","date_gmt":"2025-09-01T13:54:28","guid":{"rendered":"https:\/\/koningdrone.be\/product\/anker-solix-c1000x-2\/"},"modified":"2025-09-01T15:54:28","modified_gmt":"2025-09-01T13:54:28","slug":"anker-solix-c1000x-2","status":"publish","type":"product","link":"https:\/\/koningdrone.be\/fr\/produit\/anker-solix-c1000x-2\/","title":{"rendered":"Ancre SOLIX C1000X"},"content":{"rendered":"<h2>Station d'alimentation portable Anker SOLIX C1000X<\/h2>\n<p><strong>Compact, puissant et pr\u00eat pour toutes les aventures.<\/strong><\/p>\n<p>Le <strong>Ancre SOLIX C1000X<\/strong> est un <strong>centrale \u00e9lectrique portable compacte et puissante<\/strong> qui est con\u00e7u pour vous donner <strong>dispositifs essentiels<\/strong> le maintenir en \u00e9tat de marche - \u00e0 la maison, sur la route ou \u00e0 l'ext\u00e9rieur. \u00c9quip\u00e9 d'un <strong>Batterie LiFePO\u2084 de 1 056 Wh<\/strong> et une puissance de pointe jusqu'\u00e0 <strong>2.400W<\/strong>, Il est capable de tout g\u00e9rer sans effort, des smartphones aux ordinateurs portables, en passant par les outils \u00e9lectriques et les appareils \u00e9lectrom\u00e9nagers.<\/p>\n<p>Merci \u00e0 <strong>charge rapide<\/strong>, <strong>compatibilit\u00e9 solaire<\/strong> et <strong>contr\u00f4le de l'application intelligente<\/strong> via WiFi et Bluetooth, la C1000X n'est pas seulement puissante, elle est aussi intelligente et efficace. Que vous fassiez du camping, que vous viviez hors r\u00e9seau ou que vous ayez besoin d'une alimentation de secours, cette centrale \u00e9lectrique est votre solution fiable et \u00e9cologique.<\/p>","protected":false},"excerpt":{"rendered":"<ul>\n<li><strong>Alimentation de secours fiable :<\/strong> convient pour une utilisation domestique et ext\u00e9rieure<\/li>\n<li><strong>Conception compacte :<\/strong> facile \u00e0 emporter avec soi pour \u00eatre aliment\u00e9 en \u00e9lectricit\u00e9 o\u00f9 que l'on soit<\/li>\n<li><strong>Chargement rapide :<\/strong> toujours pr\u00eat pour une utilisation quotidienne ou en cas d'urgence<\/li>\n<li><strong>Soutien solaire :<\/strong> compatible avec les panneaux solaires pour un approvisionnement en \u00e9nergie respectueux de l'environnement<\/li>\n<li><strong>Construction durable :<\/strong> avec une protection avanc\u00e9e de la batterie et une conception robuste<\/li>\n<li><strong>Fonctionnement silencieux :<\/strong> fournit de l'\u00e9nergie propre sans bruit, sans \u00e9missions et sans carburant<\/li>\n<li><strong>Fonctionnement de l'application :<\/strong> facile \u00e0 surveiller et \u00e0 contr\u00f4ler via l'application Anker (WiFi et Bluetooth)<\/li>\n<\/ul>","protected":false},"featured_media":16040,"template":"","meta":{"_acf_changed":false},"product_brand":[],"product_cat":[97,197,1701],"product_tag":[],"class_list":{"0":"post-16056","1":"product","2":"type-product","3":"status-publish","4":"has-post-thumbnail","6":"product_cat-alle-producten","7":"product_cat-anker","8":"product_cat-anker-bluetti","9":"pa_brand-anker","10":"pa_producttype-draagbare-energiecentrale","12":"first","13":"outofstock","14":"taxable","15":"shipping-taxable","16":"product-type-simple"},"acf":[],"yoast_head":"<!-- This site is optimized with the Yoast SEO Premium plugin v27.2 (Yoast SEO v27.2) - https:\/\/yoast.com\/product\/yoast-seo-premium-wordpress\/ -->\n<title>Anker SOLIX C1000X - koningdrone.be<\/title>\n<meta name=\"robots\" content=\"index, follow, max-snippet:-1, max-image-preview:large, max-video-preview:-1\" \/>\n<link rel=\"canonical\" href=\"https:\/\/koningdrone.be\/fr\/producto\/anker-solix-c1000x-2\/\" \/>\n<meta property=\"og:locale\" content=\"fr_FR\" \/>\n<meta property=\"og:type\" content=\"article\" \/>\n<meta property=\"og:title\" content=\"Anker SOLIX C1000X\" \/>\n<meta property=\"og:description\" content=\"Betrouwbare back-upstroom: geschikt voor thuisgebruik en buitentoepassingen  Compact ontwerp: eenvoudig mee te nemen voor stroom, waar je ook bent  Snel oplaadbaar: altijd klaar voor gebruik in noodgevallen of dagelijks gebruik  Zonne-energie ondersteuning: compatibel met zonnepanelen voor milieuvriendelijke energievoorziening  Duurzame constructie: voorzien van geavanceerde batterijbescherming en robuust ontwerp  Stille werking: levert schone energie zonder lawaai, uitstoot of brandstof  App-bediening: eenvoudig te monitoren en bedienen via de Anker-app (WiFi &amp; Bluetooth)\" \/>\n<meta property=\"og:url\" content=\"https:\/\/koningdrone.be\/fr\/producto\/anker-solix-c1000x-2\/\" \/>\n<meta property=\"og:site_name\" content=\"koningdrone.be\" \/>\n<meta property=\"og:image\" content=\"https:\/\/koningdrone.be\/wp-content\/uploads\/sites\/13\/2026\/01\/anker-solix-c1000-portable-power-station-01-20240722.jpg\" \/>\n\t<meta property=\"og:image:width\" content=\"800\" \/>\n\t<meta property=\"og:image:height\" content=\"800\" \/>\n\t<meta property=\"og:image:type\" content=\"image\/jpeg\" \/>\n<meta name=\"twitter:card\" content=\"summary_large_image\" \/>\n<meta name=\"twitter:label1\" content=\"Dur\u00e9e de lecture est.\" \/>\n\t<meta name=\"twitter:data1\" content=\"1 minute\" \/>\n<script type=\"application\/ld+json\" class=\"yoast-schema-graph\">{\"@context\":\"https:\/\/schema.org\",\"@graph\":[{\"@type\":\"WebPage\",\"@id\":\"https:\/\/koningdrone.be\/es\/producto\/anker-solix-c1000x-2\/\",\"url\":\"https:\/\/koningdrone.be\/es\/producto\/anker-solix-c1000x-2\/\",\"name\":\"Anker SOLIX C1000X - koningdrone.be\",\"isPartOf\":{\"@id\":\"https:\/\/koningdrone.be\/#website\"},\"primaryImageOfPage\":{\"@id\":\"https:\/\/koningdrone.be\/es\/producto\/anker-solix-c1000x-2\/#primaryimage\"},\"image\":{\"@id\":\"https:\/\/koningdrone.be\/es\/producto\/anker-solix-c1000x-2\/#primaryimage\"},\"thumbnailUrl\":\"https:\/\/koningdrone.be\/wp-content\/uploads\/sites\/13\/2026\/01\/anker-solix-c1000-portable-power-station-01-20240722.jpg\",\"datePublished\":\"2025-09-01T13:54:28+00:00\",\"breadcrumb\":{\"@id\":\"https:\/\/koningdrone.be\/es\/producto\/anker-solix-c1000x-2\/#breadcrumb\"},\"inLanguage\":\"fr-BE\",\"potentialAction\":[{\"@type\":\"ReadAction\",\"target\":[\"https:\/\/koningdrone.be\/es\/producto\/anker-solix-c1000x-2\/\"]}]},{\"@type\":\"ImageObject\",\"inLanguage\":\"fr-BE\",\"@id\":\"https:\/\/koningdrone.be\/es\/producto\/anker-solix-c1000x-2\/#primaryimage\",\"url\":\"https:\/\/koningdrone.be\/wp-content\/uploads\/sites\/13\/2026\/01\/anker-solix-c1000-portable-power-station-01-20240722.jpg\",\"contentUrl\":\"https:\/\/koningdrone.be\/wp-content\/uploads\/sites\/13\/2026\/01\/anker-solix-c1000-portable-power-station-01-20240722.jpg\",\"width\":800,\"height\":800},{\"@type\":\"BreadcrumbList\",\"@id\":\"https:\/\/koningdrone.be\/es\/producto\/anker-solix-c1000x-2\/#breadcrumb\",\"itemListElement\":[{\"@type\":\"ListItem\",\"position\":1,\"name\":\"Home\",\"item\":\"https:\/\/koningdrone.be\/\"},{\"@type\":\"ListItem\",\"position\":2,\"name\":\"AVSS Parachute Recovery System for DJI Matrice 300\/350\",\"item\":\"https:\/\/koningdrone.be\/product\/avss-parachute-recovery-system-for-dji-matrice-300-350\/\"},{\"@type\":\"ListItem\",\"position\":3,\"name\":\"Alle producten\",\"item\":\"https:\/\/koningdrone.be\/categorie\/alle-producten\/\"},{\"@type\":\"ListItem\",\"position\":4,\"name\":\"Anker SOLIX C1000X\"}]},{\"@type\":\"WebSite\",\"@id\":\"https:\/\/koningdrone.be\/#website\",\"url\":\"https:\/\/koningdrone.be\/\",\"name\":\"Koningdrone.be - Uw online specialist in drones, gimbals, camera's en power stations.\",\"description\":\"De webshop in drones en gimbals\",\"publisher\":{\"@id\":\"https:\/\/koningdrone.be\/#organization\"},\"potentialAction\":[{\"@type\":\"SearchAction\",\"target\":{\"@type\":\"EntryPoint\",\"urlTemplate\":\"https:\/\/koningdrone.be\/?s={search_term_string}\"},\"query-input\":{\"@type\":\"PropertyValueSpecification\",\"valueRequired\":true,\"valueName\":\"search_term_string\"}}],\"inLanguage\":\"fr-BE\"},{\"@type\":\"Organization\",\"@id\":\"https:\/\/koningdrone.be\/#organization\",\"name\":\"Koningdrone.be\",\"url\":\"https:\/\/koningdrone.be\/\",\"logo\":{\"@type\":\"ImageObject\",\"inLanguage\":\"fr-BE\",\"@id\":\"https:\/\/koningdrone.be\/#\/schema\/logo\/image\/\",\"url\":\"https:\/\/koningdrone.be\/wp-content\/uploads\/sites\/13\/2025\/04\/koningdrone-copyright-logo.svg\",\"contentUrl\":\"https:\/\/koningdrone.be\/wp-content\/uploads\/sites\/13\/2025\/04\/koningdrone-copyright-logo.svg\",\"width\":227,\"height\":38,\"caption\":\"Koningdrone.be\"},\"image\":{\"@id\":\"https:\/\/koningdrone.be\/#\/schema\/logo\/image\/\"}}]}<\/script>\n<!-- \/ Yoast SEO Premium plugin. -->","yoast_head_json":{"title":"Anker SOLIX C1000X - koningdrone.be","robots":{"index":"index","follow":"follow","max-snippet":"max-snippet:-1","max-image-preview":"max-image-preview:large","max-video-preview":"max-video-preview:-1"},"canonical":"https:\/\/koningdrone.be\/fr\/producto\/anker-solix-c1000x-2\/","og_locale":"fr_FR","og_type":"article","og_title":"Anker SOLIX C1000X","og_description":"Betrouwbare back-upstroom: geschikt voor thuisgebruik en buitentoepassingen  Compact ontwerp: eenvoudig mee te nemen voor stroom, waar je ook bent  Snel oplaadbaar: altijd klaar voor gebruik in noodgevallen of dagelijks gebruik  Zonne-energie ondersteuning: compatibel met zonnepanelen voor milieuvriendelijke energievoorziening  Duurzame constructie: voorzien van geavanceerde batterijbescherming en robuust ontwerp  Stille werking: levert schone energie zonder lawaai, uitstoot of brandstof  App-bediening: eenvoudig te monitoren en bedienen via de Anker-app (WiFi &amp; Bluetooth)","og_url":"https:\/\/koningdrone.be\/fr\/producto\/anker-solix-c1000x-2\/","og_site_name":"koningdrone.be","og_image":[{"width":800,"height":800,"url":"https:\/\/koningdrone.be\/wp-content\/uploads\/sites\/13\/2026\/01\/anker-solix-c1000-portable-power-station-01-20240722.jpg","type":"image\/jpeg"}],"twitter_card":"summary_large_image","twitter_misc":{"Dur\u00e9e de lecture est.":"1 minute"},"schema":{"@context":"https:\/\/schema.org","@graph":[{"@type":"WebPage","@id":"https:\/\/koningdrone.be\/es\/producto\/anker-solix-c1000x-2\/","url":"https:\/\/koningdrone.be\/es\/producto\/anker-solix-c1000x-2\/","name":"Anker SOLIX C1000X - koningdrone.be","isPartOf":{"@id":"https:\/\/koningdrone.be\/#website"},"primaryImageOfPage":{"@id":"https:\/\/koningdrone.be\/es\/producto\/anker-solix-c1000x-2\/#primaryimage"},"image":{"@id":"https:\/\/koningdrone.be\/es\/producto\/anker-solix-c1000x-2\/#primaryimage"},"thumbnailUrl":"https:\/\/koningdrone.be\/wp-content\/uploads\/sites\/13\/2026\/01\/anker-solix-c1000-portable-power-station-01-20240722.jpg","datePublished":"2025-09-01T13:54:28+00:00","breadcrumb":{"@id":"https:\/\/koningdrone.be\/es\/producto\/anker-solix-c1000x-2\/#breadcrumb"},"inLanguage":"fr-BE","potentialAction":[{"@type":"ReadAction","target":["https:\/\/koningdrone.be\/es\/producto\/anker-solix-c1000x-2\/"]}]},{"@type":"ImageObject","inLanguage":"fr-BE","@id":"https:\/\/koningdrone.be\/es\/producto\/anker-solix-c1000x-2\/#primaryimage","url":"https:\/\/koningdrone.be\/wp-content\/uploads\/sites\/13\/2026\/01\/anker-solix-c1000-portable-power-station-01-20240722.jpg","contentUrl":"https:\/\/koningdrone.be\/wp-content\/uploads\/sites\/13\/2026\/01\/anker-solix-c1000-portable-power-station-01-20240722.jpg","width":800,"height":800},{"@type":"BreadcrumbList","@id":"https:\/\/koningdrone.be\/es\/producto\/anker-solix-c1000x-2\/#breadcrumb","itemListElement":[{"@type":"ListItem","position":1,"name":"Home","item":"https:\/\/koningdrone.be\/"},{"@type":"ListItem","position":2,"name":"AVSS Parachute Recovery System for DJI Matrice 300\/350","item":"https:\/\/koningdrone.be\/product\/avss-parachute-recovery-system-for-dji-matrice-300-350\/"},{"@type":"ListItem","position":3,"name":"Alle producten","item":"https:\/\/koningdrone.be\/categorie\/alle-producten\/"},{"@type":"ListItem","position":4,"name":"Anker SOLIX C1000X"}]},{"@type":"WebSite","@id":"https:\/\/koningdrone.be\/#website","url":"https:\/\/koningdrone.be\/","name":"Koningdrone.be - Votre sp\u00e9cialiste en ligne en mati\u00e8re de drones, de cardans, de cam\u00e9ras et de centrales \u00e9lectriques.","description":"La boutique en ligne de drones et de cardans","publisher":{"@id":"https:\/\/koningdrone.be\/#organization"},"potentialAction":[{"@type":"SearchAction","target":{"@type":"EntryPoint","urlTemplate":"https:\/\/koningdrone.be\/?s={search_term_string}"},"query-input":{"@type":"PropertyValueSpecification","valueRequired":true,"valueName":"search_term_string"}}],"inLanguage":"fr-BE"},{"@type":"Organization","@id":"https:\/\/koningdrone.be\/#organization","name":"Kingdrone.co.uk","url":"https:\/\/koningdrone.be\/","logo":{"@type":"ImageObject","inLanguage":"fr-BE","@id":"https:\/\/koningdrone.be\/#\/schema\/logo\/image\/","url":"https:\/\/koningdrone.be\/wp-content\/uploads\/sites\/13\/2025\/04\/koningdrone-copyright-logo.svg","contentUrl":"https:\/\/koningdrone.be\/wp-content\/uploads\/sites\/13\/2025\/04\/koningdrone-copyright-logo.svg","width":227,"height":38,"caption":"Koningdrone.be"},"image":{"@id":"https:\/\/koningdrone.be\/#\/schema\/logo\/image\/"}}]}},"df_price":"","df_sale_price":"","df_regular_price":"","df_image_link":"https:\/\/koningdrone.be\/wp-content\/uploads\/sites\/13\/2026\/01\/anker-solix-c1000-portable-power-station-01-20240722-300x300.jpg","_links":{"self":[{"href":"https:\/\/koningdrone.be\/fr\/wp-json\/wp\/v2\/product\/16056","targetHints":{"allow":["GET"]}}],"collection":[{"href":"https:\/\/koningdrone.be\/fr\/wp-json\/wp\/v2\/product"}],"about":[{"href":"https:\/\/koningdrone.be\/fr\/wp-json\/wp\/v2\/types\/product"}],"wp:featuredmedia":[{"embeddable":true,"href":"https:\/\/koningdrone.be\/fr\/wp-json\/wp\/v2\/media\/16040"}],"wp:attachment":[{"href":"https:\/\/koningdrone.be\/fr\/wp-json\/wp\/v2\/media?parent=16056"}],"wp:term":[{"taxonomy":"product_brand","embeddable":true,"href":"https:\/\/koningdrone.be\/fr\/wp-json\/wp\/v2\/product_brand?post=16056"},{"taxonomy":"product_cat","embeddable":true,"href":"https:\/\/koningdrone.be\/fr\/wp-json\/wp\/v2\/product_cat?post=16056"},{"taxonomy":"product_tag","embeddable":true,"href":"https:\/\/koningdrone.be\/fr\/wp-json\/wp\/v2\/product_tag?post=16056"}],"curies":[{"name":"wp","href":"https:\/\/api.w.org\/{rel}","templated":true}]}}