{"id":16018,"date":"2025-09-01T15:54:28","date_gmt":"2025-09-01T13:54:28","guid":{"rendered":"https:\/\/koningdrone.be\/product\/anker-solix-bp1000-2\/"},"modified":"2025-09-01T15:54:28","modified_gmt":"2025-09-01T13:54:28","slug":"anker-solix-bp1000-2","status":"publish","type":"product","link":"https:\/\/koningdrone.be\/fr\/produit\/anker-solix-bp1000-2\/","title":{"rendered":"Ancre SOLIX BP1000"},"content":{"rendered":"<h2>Batterie d'extension Anker SOLIX BP1000<\/h2>\n<p><strong>Double puissance, double s\u00e9curit\u00e9 - extension pour votre C1000\/C1000X.<\/strong><\/p>\n<p>Le <strong>Ancre SOLIX BP1000<\/strong> est une batterie d'extension de grande capacit\u00e9 sp\u00e9cialement con\u00e7ue pour fonctionner de mani\u00e8re transparente avec le syst\u00e8me <strong>Centrales \u00e9lectriques portables SOLIX C1000 et C1000X d'Anchor<\/strong>. Avec un <strong>Batterie LiFePO\u2084 de 1 056Wh<\/strong> et une dur\u00e9e de vie allant jusqu'\u00e0 <strong>10 ans<\/strong> ou <strong>3 000 cycles de charge<\/strong>, Cette batterie double de mani\u00e8re fiable votre capacit\u00e9 d'alimentation.<\/p>\n<p>Gr\u00e2ce \u00e0 la <strong>conception compacte et durable<\/strong> la BP1000 est adapt\u00e9e aux applications domestiques et ext\u00e9rieures. De plus, la batterie offre <strong>Int\u00e9gration compl\u00e8te avec l'application Anchor<\/strong>, vous permettant de surveiller et de g\u00e9rer votre consommation d'\u00e9nergie en temps r\u00e9el.<\/p>\n<p>Que vous ayez besoin d'une alimentation de secours ou que vous souhaitiez rester hors r\u00e9seau plus longtemps, le BP1000 vous permet d'avoir toujours de l'\u00e9nergie suppl\u00e9mentaire \u00e0 port\u00e9e de main.<\/p>","protected":false},"excerpt":{"rendered":"<ul>\n<li><strong>Augmente la capacit\u00e9 de puissance :<\/strong> Double la capacit\u00e9 de votre Anker SOLIX C1000 ou C1000X pour une plus longue dur\u00e9e d'utilisation<\/li>\n<li><strong>Longue dur\u00e9e de vie :<\/strong> plus de 3 000 cycles de charge pour des ann\u00e9es d'utilisation fiable<\/li>\n<li><strong>Compatibilit\u00e9 flexible :<\/strong> Peut \u00eatre combin\u00e9e avec d'autres centrales \u00e9lectriques Anker pour des solutions d'alimentation modulaires<\/li>\n<li><strong>Conception robuste et compacte :<\/strong> convient pour une utilisation \u00e0 l'int\u00e9rieur et \u00e0 l'ext\u00e9rieur<\/li>\n<li><strong>Int\u00e9gration intelligente :<\/strong> contr\u00f4le et surveillance complets via l'application Anker<\/li>\n<\/ul>","protected":false},"featured_media":16011,"template":"","meta":{"_acf_changed":false},"product_brand":[],"product_cat":[97,197,1701],"product_tag":[],"class_list":{"0":"post-16018","1":"product","2":"type-product","3":"status-publish","4":"has-post-thumbnail","6":"product_cat-alle-producten","7":"product_cat-anker","8":"product_cat-anker-bluetti","9":"pa_brand-anker","10":"pa_producttype-uitbreidingsbatterij","12":"first","13":"outofstock","14":"taxable","15":"shipping-taxable","16":"product-type-simple"},"acf":[],"yoast_head":"<!-- This site is optimized with the Yoast SEO Premium plugin v27.2 (Yoast SEO v27.2) - https:\/\/yoast.com\/product\/yoast-seo-premium-wordpress\/ -->\n<title>Anker SOLIX BP1000 - koningdrone.be<\/title>\n<meta name=\"robots\" content=\"index, follow, max-snippet:-1, max-image-preview:large, max-video-preview:-1\" \/>\n<link rel=\"canonical\" href=\"https:\/\/koningdrone.be\/fr\/produit\/anker-solix-bp1000-2\/\" \/>\n<meta property=\"og:locale\" content=\"fr_FR\" \/>\n<meta property=\"og:type\" content=\"article\" \/>\n<meta property=\"og:title\" content=\"Anker SOLIX BP1000\" \/>\n<meta property=\"og:description\" content=\"Vergroot stroomcapaciteit: verdubbelt de capaciteit van je Anker SOLIX C1000 of C1000X voor langere gebruiksduur  Lange levensduur: meer dan 3.000 laadcycli voor jarenlang betrouwbaar gebruik  Flexibele compatibiliteit: te combineren met andere Anker power stations voor modulaire stroomoplossingen  Robuust en compact ontwerp: geschikt voor zowel binnen als buiten  Smart integratie: volledige controle en monitoring via de Anker app\" \/>\n<meta property=\"og:url\" content=\"https:\/\/koningdrone.be\/fr\/produit\/anker-solix-bp1000-2\/\" \/>\n<meta property=\"og:site_name\" content=\"koningdrone.be\" \/>\n<meta property=\"og:image\" content=\"https:\/\/koningdrone.be\/wp-content\/uploads\/sites\/13\/2026\/01\/EU_A17613A1-85_TD1_V1-removebg-preview.png\" \/>\n\t<meta property=\"og:image:width\" content=\"447\" \/>\n\t<meta property=\"og:image:height\" content=\"559\" \/>\n\t<meta property=\"og:image:type\" content=\"image\/png\" \/>\n<meta name=\"twitter:card\" content=\"summary_large_image\" \/>\n<meta name=\"twitter:label1\" content=\"Dur\u00e9e de lecture est.\" \/>\n\t<meta name=\"twitter:data1\" content=\"1 minute\" \/>\n<script type=\"application\/ld+json\" class=\"yoast-schema-graph\">{\"@context\":\"https:\/\/schema.org\",\"@graph\":[{\"@type\":\"WebPage\",\"@id\":\"https:\/\/koningdrone.be\/en\/product\/anker-solix-bp1000-2\/\",\"url\":\"https:\/\/koningdrone.be\/en\/product\/anker-solix-bp1000-2\/\",\"name\":\"Anker SOLIX BP1000 - koningdrone.be\",\"isPartOf\":{\"@id\":\"https:\/\/koningdrone.be\/#website\"},\"primaryImageOfPage\":{\"@id\":\"https:\/\/koningdrone.be\/en\/product\/anker-solix-bp1000-2\/#primaryimage\"},\"image\":{\"@id\":\"https:\/\/koningdrone.be\/en\/product\/anker-solix-bp1000-2\/#primaryimage\"},\"thumbnailUrl\":\"https:\/\/koningdrone.be\/wp-content\/uploads\/sites\/13\/2026\/01\/EU_A17613A1-85_TD1_V1-removebg-preview.png\",\"datePublished\":\"2025-09-01T13:54:28+00:00\",\"breadcrumb\":{\"@id\":\"https:\/\/koningdrone.be\/en\/product\/anker-solix-bp1000-2\/#breadcrumb\"},\"inLanguage\":\"fr-BE\",\"potentialAction\":[{\"@type\":\"ReadAction\",\"target\":[\"https:\/\/koningdrone.be\/en\/product\/anker-solix-bp1000-2\/\"]}]},{\"@type\":\"ImageObject\",\"inLanguage\":\"fr-BE\",\"@id\":\"https:\/\/koningdrone.be\/en\/product\/anker-solix-bp1000-2\/#primaryimage\",\"url\":\"https:\/\/koningdrone.be\/wp-content\/uploads\/sites\/13\/2026\/01\/EU_A17613A1-85_TD1_V1-removebg-preview.png\",\"contentUrl\":\"https:\/\/koningdrone.be\/wp-content\/uploads\/sites\/13\/2026\/01\/EU_A17613A1-85_TD1_V1-removebg-preview.png\",\"width\":447,\"height\":559},{\"@type\":\"BreadcrumbList\",\"@id\":\"https:\/\/koningdrone.be\/en\/product\/anker-solix-bp1000-2\/#breadcrumb\",\"itemListElement\":[{\"@type\":\"ListItem\",\"position\":1,\"name\":\"Home\",\"item\":\"https:\/\/koningdrone.be\/\"},{\"@type\":\"ListItem\",\"position\":2,\"name\":\"AVSS Parachute Recovery System for DJI Matrice 300\/350\",\"item\":\"https:\/\/koningdrone.be\/product\/avss-parachute-recovery-system-for-dji-matrice-300-350\/\"},{\"@type\":\"ListItem\",\"position\":3,\"name\":\"Alle producten\",\"item\":\"https:\/\/koningdrone.be\/categorie\/alle-producten\/\"},{\"@type\":\"ListItem\",\"position\":4,\"name\":\"Anker SOLIX BP1000\"}]},{\"@type\":\"WebSite\",\"@id\":\"https:\/\/koningdrone.be\/#website\",\"url\":\"https:\/\/koningdrone.be\/\",\"name\":\"Koningdrone.be - Uw online specialist in drones, gimbals, camera's en power stations.\",\"description\":\"De webshop in drones en gimbals\",\"publisher\":{\"@id\":\"https:\/\/koningdrone.be\/#organization\"},\"potentialAction\":[{\"@type\":\"SearchAction\",\"target\":{\"@type\":\"EntryPoint\",\"urlTemplate\":\"https:\/\/koningdrone.be\/?s={search_term_string}\"},\"query-input\":{\"@type\":\"PropertyValueSpecification\",\"valueRequired\":true,\"valueName\":\"search_term_string\"}}],\"inLanguage\":\"fr-BE\"},{\"@type\":\"Organization\",\"@id\":\"https:\/\/koningdrone.be\/#organization\",\"name\":\"Koningdrone.be\",\"url\":\"https:\/\/koningdrone.be\/\",\"logo\":{\"@type\":\"ImageObject\",\"inLanguage\":\"fr-BE\",\"@id\":\"https:\/\/koningdrone.be\/#\/schema\/logo\/image\/\",\"url\":\"https:\/\/koningdrone.be\/wp-content\/uploads\/sites\/13\/2025\/04\/koningdrone-copyright-logo.svg\",\"contentUrl\":\"https:\/\/koningdrone.be\/wp-content\/uploads\/sites\/13\/2025\/04\/koningdrone-copyright-logo.svg\",\"width\":227,\"height\":38,\"caption\":\"Koningdrone.be\"},\"image\":{\"@id\":\"https:\/\/koningdrone.be\/#\/schema\/logo\/image\/\"}}]}<\/script>\n<!-- \/ Yoast SEO Premium plugin. -->","yoast_head_json":{"title":"Anker SOLIX BP1000 - koningdrone.be","robots":{"index":"index","follow":"follow","max-snippet":"max-snippet:-1","max-image-preview":"max-image-preview:large","max-video-preview":"max-video-preview:-1"},"canonical":"https:\/\/koningdrone.be\/fr\/produit\/anker-solix-bp1000-2\/","og_locale":"fr_FR","og_type":"article","og_title":"Anker SOLIX BP1000","og_description":"Vergroot stroomcapaciteit: verdubbelt de capaciteit van je Anker SOLIX C1000 of C1000X voor langere gebruiksduur  Lange levensduur: meer dan 3.000 laadcycli voor jarenlang betrouwbaar gebruik  Flexibele compatibiliteit: te combineren met andere Anker power stations voor modulaire stroomoplossingen  Robuust en compact ontwerp: geschikt voor zowel binnen als buiten  Smart integratie: volledige controle en monitoring via de Anker app","og_url":"https:\/\/koningdrone.be\/fr\/produit\/anker-solix-bp1000-2\/","og_site_name":"koningdrone.be","og_image":[{"width":447,"height":559,"url":"https:\/\/koningdrone.be\/wp-content\/uploads\/sites\/13\/2026\/01\/EU_A17613A1-85_TD1_V1-removebg-preview.png","type":"image\/png"}],"twitter_card":"summary_large_image","twitter_misc":{"Dur\u00e9e de lecture est.":"1 minute"},"schema":{"@context":"https:\/\/schema.org","@graph":[{"@type":"WebPage","@id":"https:\/\/koningdrone.be\/en\/product\/anker-solix-bp1000-2\/","url":"https:\/\/koningdrone.be\/en\/product\/anker-solix-bp1000-2\/","name":"Anker SOLIX BP1000 - koningdrone.be","isPartOf":{"@id":"https:\/\/koningdrone.be\/#website"},"primaryImageOfPage":{"@id":"https:\/\/koningdrone.be\/en\/product\/anker-solix-bp1000-2\/#primaryimage"},"image":{"@id":"https:\/\/koningdrone.be\/en\/product\/anker-solix-bp1000-2\/#primaryimage"},"thumbnailUrl":"https:\/\/koningdrone.be\/wp-content\/uploads\/sites\/13\/2026\/01\/EU_A17613A1-85_TD1_V1-removebg-preview.png","datePublished":"2025-09-01T13:54:28+00:00","breadcrumb":{"@id":"https:\/\/koningdrone.be\/en\/product\/anker-solix-bp1000-2\/#breadcrumb"},"inLanguage":"fr-BE","potentialAction":[{"@type":"ReadAction","target":["https:\/\/koningdrone.be\/en\/product\/anker-solix-bp1000-2\/"]}]},{"@type":"ImageObject","inLanguage":"fr-BE","@id":"https:\/\/koningdrone.be\/en\/product\/anker-solix-bp1000-2\/#primaryimage","url":"https:\/\/koningdrone.be\/wp-content\/uploads\/sites\/13\/2026\/01\/EU_A17613A1-85_TD1_V1-removebg-preview.png","contentUrl":"https:\/\/koningdrone.be\/wp-content\/uploads\/sites\/13\/2026\/01\/EU_A17613A1-85_TD1_V1-removebg-preview.png","width":447,"height":559},{"@type":"BreadcrumbList","@id":"https:\/\/koningdrone.be\/en\/product\/anker-solix-bp1000-2\/#breadcrumb","itemListElement":[{"@type":"ListItem","position":1,"name":"Home","item":"https:\/\/koningdrone.be\/"},{"@type":"ListItem","position":2,"name":"AVSS Parachute Recovery System for DJI Matrice 300\/350","item":"https:\/\/koningdrone.be\/product\/avss-parachute-recovery-system-for-dji-matrice-300-350\/"},{"@type":"ListItem","position":3,"name":"Alle producten","item":"https:\/\/koningdrone.be\/categorie\/alle-producten\/"},{"@type":"ListItem","position":4,"name":"Anker SOLIX BP1000"}]},{"@type":"WebSite","@id":"https:\/\/koningdrone.be\/#website","url":"https:\/\/koningdrone.be\/","name":"Koningdrone.be - Votre sp\u00e9cialiste en ligne en mati\u00e8re de drones, de cardans, de cam\u00e9ras et de centrales \u00e9lectriques.","description":"La boutique en ligne de drones et de cardans","publisher":{"@id":"https:\/\/koningdrone.be\/#organization"},"potentialAction":[{"@type":"SearchAction","target":{"@type":"EntryPoint","urlTemplate":"https:\/\/koningdrone.be\/?s={search_term_string}"},"query-input":{"@type":"PropertyValueSpecification","valueRequired":true,"valueName":"search_term_string"}}],"inLanguage":"fr-BE"},{"@type":"Organization","@id":"https:\/\/koningdrone.be\/#organization","name":"Kingdrone.co.uk","url":"https:\/\/koningdrone.be\/","logo":{"@type":"ImageObject","inLanguage":"fr-BE","@id":"https:\/\/koningdrone.be\/#\/schema\/logo\/image\/","url":"https:\/\/koningdrone.be\/wp-content\/uploads\/sites\/13\/2025\/04\/koningdrone-copyright-logo.svg","contentUrl":"https:\/\/koningdrone.be\/wp-content\/uploads\/sites\/13\/2025\/04\/koningdrone-copyright-logo.svg","width":227,"height":38,"caption":"Koningdrone.be"},"image":{"@id":"https:\/\/koningdrone.be\/#\/schema\/logo\/image\/"}}]}},"df_price":"","df_sale_price":"","df_regular_price":"","df_image_link":"https:\/\/koningdrone.be\/wp-content\/uploads\/sites\/13\/2026\/01\/EU_A17613A1-85_TD1_V1-removebg-preview-240x300.png","_links":{"self":[{"href":"https:\/\/koningdrone.be\/fr\/wp-json\/wp\/v2\/product\/16018","targetHints":{"allow":["GET"]}}],"collection":[{"href":"https:\/\/koningdrone.be\/fr\/wp-json\/wp\/v2\/product"}],"about":[{"href":"https:\/\/koningdrone.be\/fr\/wp-json\/wp\/v2\/types\/product"}],"wp:featuredmedia":[{"embeddable":true,"href":"https:\/\/koningdrone.be\/fr\/wp-json\/wp\/v2\/media\/16011"}],"wp:attachment":[{"href":"https:\/\/koningdrone.be\/fr\/wp-json\/wp\/v2\/media?parent=16018"}],"wp:term":[{"taxonomy":"product_brand","embeddable":true,"href":"https:\/\/koningdrone.be\/fr\/wp-json\/wp\/v2\/product_brand?post=16018"},{"taxonomy":"product_cat","embeddable":true,"href":"https:\/\/koningdrone.be\/fr\/wp-json\/wp\/v2\/product_cat?post=16018"},{"taxonomy":"product_tag","embeddable":true,"href":"https:\/\/koningdrone.be\/fr\/wp-json\/wp\/v2\/product_tag?post=16018"}],"curies":[{"name":"wp","href":"https:\/\/api.w.org\/{rel}","templated":true}]}}