{"id":16010,"date":"2025-09-01T16:55:22","date_gmt":"2025-09-01T14:55:22","guid":{"rendered":"https:\/\/koningdrone.be\/product\/anker-everfrost-2-electric-cooler-58l\/"},"modified":"2025-09-01T16:55:22","modified_gmt":"2025-09-01T14:55:22","slug":"anker-everfrost-2-electric-cooler-58l","status":"publish","type":"product","link":"https:\/\/koningdrone.be\/fr\/produit\/anker-everfrost-2-electric-cooler-58l\/","title":{"rendered":"Anker Everfrost 2 Glaci\u00e8re \u00e9lectrique 58L"},"content":{"rendered":"<h2>La glaci\u00e8re \u00e9lectrique Anker EverFrost 2 58L est une puissante glaci\u00e8re \u00e0 batterie con\u00e7ue pour les amateurs d'activit\u00e9s de plein air et les voyageurs.<\/h2>\n<p>Avec une capacit\u00e9 de 58 litres, il offre beaucoup d'espace pour les aliments et les boissons, avec une conception \u00e0 deux zones pour des compartiments r\u00e9frig\u00e9rateur et cong\u00e9lateur s\u00e9par\u00e9s.<\/p>\n<p>La glaci\u00e8re utilise une technologie avanc\u00e9e de refroidissement par air pour maintenir efficacement la temp\u00e9rature sans glace.<\/p>\n<p>Il peut \u00eatre recharg\u00e9 \u00e0 partir de plusieurs sources, notamment des panneaux solaires, des prises de voiture et des prises murales, ce qui le rend polyvalent dans diff\u00e9rents environnements.<\/p>\n<p>La conception robuste est dot\u00e9e de roues durables et d'une poign\u00e9e r\u00e9tractable pour faciliter le transport, ce qui en fait un outil id\u00e9al pour le camping, les voyages en voiture et d'autres activit\u00e9s de plein air....<\/p>","protected":false},"excerpt":{"rendered":"<ul>\n<li>La conception \u00e0 deux zones permet de refroidir et de congeler s\u00e9par\u00e9ment.<\/li>\n<li><\/li>\n<li>Refroidit de 77\u00b0F \u00e0 32\u00b0F en seulement 15 minutes.<\/li>\n<li><\/li>\n<li>Fonctionne sans glace, ce qui permet d'optimiser l'espace de stockage.<\/li>\n<li><\/li>\n<li>Fournit jusqu'\u00e0 4,3 jours de refroidissement avec deux batteries compl\u00e8tement charg\u00e9es.<\/li>\n<li><\/li>\n<li>Plusieurs options de chargement : solaire, voiture, prise murale et USB-C.<\/li>\n<li><\/li>\n<li>\u00c9quip\u00e9 de roues durables et d'une poign\u00e9e extensible pour un transport facile.<\/li>\n<li><\/li>\n<li>Peut \u00eatre contr\u00f4l\u00e9 \u00e0 distance via l'appli Anker.<\/li>\n<li><\/li>\n<li>Comprend une batterie amovible de 288 Wh qui fait office de banque d'\u00e9nergie.<\/li>\n<\/ul>","protected":false},"featured_media":16004,"template":"","meta":{"_acf_changed":false},"product_brand":[],"product_cat":[97,197,1701],"product_tag":[],"class_list":{"0":"post-16010","1":"product","2":"type-product","3":"status-publish","4":"has-post-thumbnail","6":"product_cat-alle-producten","7":"product_cat-anker","8":"product_cat-anker-bluetti","9":"pa_brand-anker","10":"pa_producttype-elektrische-koeler","12":"first","13":"outofstock","14":"taxable","15":"shipping-taxable","16":"product-type-simple"},"acf":[],"yoast_head":"<!-- This site is optimized with the Yoast SEO Premium plugin v27.2 (Yoast SEO v27.2) - https:\/\/yoast.com\/product\/yoast-seo-premium-wordpress\/ -->\n<title>Anker Everfrost 2 Electric Cooler 58L - koningdrone.be<\/title>\n<meta name=\"robots\" content=\"index, follow, max-snippet:-1, max-image-preview:large, max-video-preview:-1\" \/>\n<link rel=\"canonical\" href=\"https:\/\/koningdrone.be\/fr\/producto\/anker-everfrost-2-electric-cooler-58l\/\" \/>\n<meta property=\"og:locale\" content=\"fr_FR\" \/>\n<meta property=\"og:type\" content=\"article\" \/>\n<meta property=\"og:title\" content=\"Anker Everfrost 2 Electric Cooler 58L\" \/>\n<meta property=\"og:description\" content=\"Ontwerp met twee zones maakt gescheiden koelen en vriezen mogelijk.    Koelt van 77\u00b0F naar 32\u00b0F in slechts 15 minuten.    Werkt zonder ijs, dus maximale opslagruimte.    Biedt tot 4,3 dagen koeling met twee volledig opgeladen batterijen.    Meerdere oplaadmogelijkheden: zonne-energie, auto, stopcontact en USB-C.    Uitgerust met duurzame wielen en een uitschuifbaar handvat voor eenvoudige draagbaarheid.    Kan op afstand worden bediend via de Anker app.    Inclusief een 288Wh verwijderbare batterij die dienst doet als powerbank.\" \/>\n<meta property=\"og:url\" content=\"https:\/\/koningdrone.be\/fr\/producto\/anker-everfrost-2-electric-cooler-58l\/\" \/>\n<meta property=\"og:site_name\" content=\"koningdrone.be\" \/>\n<meta property=\"og:image\" content=\"https:\/\/koningdrone.be\/wp-content\/uploads\/sites\/13\/2026\/01\/Group_2121235123-Photoroom_3840x.png\" \/>\n\t<meta property=\"og:image:width\" content=\"1280\" \/>\n\t<meta property=\"og:image:height\" content=\"1072\" \/>\n\t<meta property=\"og:image:type\" content=\"image\/png\" \/>\n<meta name=\"twitter:card\" content=\"summary_large_image\" \/>\n<meta name=\"twitter:label1\" content=\"Dur\u00e9e de lecture est.\" \/>\n\t<meta name=\"twitter:data1\" content=\"1 minute\" \/>\n<script type=\"application\/ld+json\" class=\"yoast-schema-graph\">{\"@context\":\"https:\/\/schema.org\",\"@graph\":[{\"@type\":\"WebPage\",\"@id\":\"https:\/\/koningdrone.be\/es\/producto\/anker-everfrost-2-electric-cooler-58l\/\",\"url\":\"https:\/\/koningdrone.be\/es\/producto\/anker-everfrost-2-electric-cooler-58l\/\",\"name\":\"Anker Everfrost 2 Electric Cooler 58L - koningdrone.be\",\"isPartOf\":{\"@id\":\"https:\/\/koningdrone.be\/#website\"},\"primaryImageOfPage\":{\"@id\":\"https:\/\/koningdrone.be\/es\/producto\/anker-everfrost-2-electric-cooler-58l\/#primaryimage\"},\"image\":{\"@id\":\"https:\/\/koningdrone.be\/es\/producto\/anker-everfrost-2-electric-cooler-58l\/#primaryimage\"},\"thumbnailUrl\":\"https:\/\/koningdrone.be\/wp-content\/uploads\/sites\/13\/2026\/01\/Group_2121235123-Photoroom_3840x.png\",\"datePublished\":\"2025-09-01T14:55:22+00:00\",\"breadcrumb\":{\"@id\":\"https:\/\/koningdrone.be\/es\/producto\/anker-everfrost-2-electric-cooler-58l\/#breadcrumb\"},\"inLanguage\":\"fr-BE\",\"potentialAction\":[{\"@type\":\"ReadAction\",\"target\":[\"https:\/\/koningdrone.be\/es\/producto\/anker-everfrost-2-electric-cooler-58l\/\"]}]},{\"@type\":\"ImageObject\",\"inLanguage\":\"fr-BE\",\"@id\":\"https:\/\/koningdrone.be\/es\/producto\/anker-everfrost-2-electric-cooler-58l\/#primaryimage\",\"url\":\"https:\/\/koningdrone.be\/wp-content\/uploads\/sites\/13\/2026\/01\/Group_2121235123-Photoroom_3840x.png\",\"contentUrl\":\"https:\/\/koningdrone.be\/wp-content\/uploads\/sites\/13\/2026\/01\/Group_2121235123-Photoroom_3840x.png\",\"width\":1280,\"height\":1072},{\"@type\":\"BreadcrumbList\",\"@id\":\"https:\/\/koningdrone.be\/es\/producto\/anker-everfrost-2-electric-cooler-58l\/#breadcrumb\",\"itemListElement\":[{\"@type\":\"ListItem\",\"position\":1,\"name\":\"Home\",\"item\":\"https:\/\/koningdrone.be\/\"},{\"@type\":\"ListItem\",\"position\":2,\"name\":\"AVSS Parachute Recovery System for DJI Matrice 300\/350\",\"item\":\"https:\/\/koningdrone.be\/product\/avss-parachute-recovery-system-for-dji-matrice-300-350\/\"},{\"@type\":\"ListItem\",\"position\":3,\"name\":\"Alle producten\",\"item\":\"https:\/\/koningdrone.be\/categorie\/alle-producten\/\"},{\"@type\":\"ListItem\",\"position\":4,\"name\":\"Anker Everfrost 2 Electric Cooler 58L\"}]},{\"@type\":\"WebSite\",\"@id\":\"https:\/\/koningdrone.be\/#website\",\"url\":\"https:\/\/koningdrone.be\/\",\"name\":\"Koningdrone.be - Uw online specialist in drones, gimbals, camera's en power stations.\",\"description\":\"De webshop in drones en gimbals\",\"publisher\":{\"@id\":\"https:\/\/koningdrone.be\/#organization\"},\"potentialAction\":[{\"@type\":\"SearchAction\",\"target\":{\"@type\":\"EntryPoint\",\"urlTemplate\":\"https:\/\/koningdrone.be\/?s={search_term_string}\"},\"query-input\":{\"@type\":\"PropertyValueSpecification\",\"valueRequired\":true,\"valueName\":\"search_term_string\"}}],\"inLanguage\":\"fr-BE\"},{\"@type\":\"Organization\",\"@id\":\"https:\/\/koningdrone.be\/#organization\",\"name\":\"Koningdrone.be\",\"url\":\"https:\/\/koningdrone.be\/\",\"logo\":{\"@type\":\"ImageObject\",\"inLanguage\":\"fr-BE\",\"@id\":\"https:\/\/koningdrone.be\/#\/schema\/logo\/image\/\",\"url\":\"https:\/\/koningdrone.be\/wp-content\/uploads\/sites\/13\/2025\/04\/koningdrone-copyright-logo.svg\",\"contentUrl\":\"https:\/\/koningdrone.be\/wp-content\/uploads\/sites\/13\/2025\/04\/koningdrone-copyright-logo.svg\",\"width\":227,\"height\":38,\"caption\":\"Koningdrone.be\"},\"image\":{\"@id\":\"https:\/\/koningdrone.be\/#\/schema\/logo\/image\/\"}}]}<\/script>\n<!-- \/ Yoast SEO Premium plugin. -->","yoast_head_json":{"title":"Anker Everfrost 2 Electric Cooler 58L - koningdrone.be","robots":{"index":"index","follow":"follow","max-snippet":"max-snippet:-1","max-image-preview":"max-image-preview:large","max-video-preview":"max-video-preview:-1"},"canonical":"https:\/\/koningdrone.be\/fr\/producto\/anker-everfrost-2-electric-cooler-58l\/","og_locale":"fr_FR","og_type":"article","og_title":"Anker Everfrost 2 Electric Cooler 58L","og_description":"Ontwerp met twee zones maakt gescheiden koelen en vriezen mogelijk.    Koelt van 77\u00b0F naar 32\u00b0F in slechts 15 minuten.    Werkt zonder ijs, dus maximale opslagruimte.    Biedt tot 4,3 dagen koeling met twee volledig opgeladen batterijen.    Meerdere oplaadmogelijkheden: zonne-energie, auto, stopcontact en USB-C.    Uitgerust met duurzame wielen en een uitschuifbaar handvat voor eenvoudige draagbaarheid.    Kan op afstand worden bediend via de Anker app.    Inclusief een 288Wh verwijderbare batterij die dienst doet als powerbank.","og_url":"https:\/\/koningdrone.be\/fr\/producto\/anker-everfrost-2-electric-cooler-58l\/","og_site_name":"koningdrone.be","og_image":[{"width":1280,"height":1072,"url":"https:\/\/koningdrone.be\/wp-content\/uploads\/sites\/13\/2026\/01\/Group_2121235123-Photoroom_3840x.png","type":"image\/png"}],"twitter_card":"summary_large_image","twitter_misc":{"Dur\u00e9e de lecture est.":"1 minute"},"schema":{"@context":"https:\/\/schema.org","@graph":[{"@type":"WebPage","@id":"https:\/\/koningdrone.be\/es\/producto\/anker-everfrost-2-electric-cooler-58l\/","url":"https:\/\/koningdrone.be\/es\/producto\/anker-everfrost-2-electric-cooler-58l\/","name":"Anker Everfrost 2 Electric Cooler 58L - koningdrone.be","isPartOf":{"@id":"https:\/\/koningdrone.be\/#website"},"primaryImageOfPage":{"@id":"https:\/\/koningdrone.be\/es\/producto\/anker-everfrost-2-electric-cooler-58l\/#primaryimage"},"image":{"@id":"https:\/\/koningdrone.be\/es\/producto\/anker-everfrost-2-electric-cooler-58l\/#primaryimage"},"thumbnailUrl":"https:\/\/koningdrone.be\/wp-content\/uploads\/sites\/13\/2026\/01\/Group_2121235123-Photoroom_3840x.png","datePublished":"2025-09-01T14:55:22+00:00","breadcrumb":{"@id":"https:\/\/koningdrone.be\/es\/producto\/anker-everfrost-2-electric-cooler-58l\/#breadcrumb"},"inLanguage":"fr-BE","potentialAction":[{"@type":"ReadAction","target":["https:\/\/koningdrone.be\/es\/producto\/anker-everfrost-2-electric-cooler-58l\/"]}]},{"@type":"ImageObject","inLanguage":"fr-BE","@id":"https:\/\/koningdrone.be\/es\/producto\/anker-everfrost-2-electric-cooler-58l\/#primaryimage","url":"https:\/\/koningdrone.be\/wp-content\/uploads\/sites\/13\/2026\/01\/Group_2121235123-Photoroom_3840x.png","contentUrl":"https:\/\/koningdrone.be\/wp-content\/uploads\/sites\/13\/2026\/01\/Group_2121235123-Photoroom_3840x.png","width":1280,"height":1072},{"@type":"BreadcrumbList","@id":"https:\/\/koningdrone.be\/es\/producto\/anker-everfrost-2-electric-cooler-58l\/#breadcrumb","itemListElement":[{"@type":"ListItem","position":1,"name":"Home","item":"https:\/\/koningdrone.be\/"},{"@type":"ListItem","position":2,"name":"AVSS Parachute Recovery System for DJI Matrice 300\/350","item":"https:\/\/koningdrone.be\/product\/avss-parachute-recovery-system-for-dji-matrice-300-350\/"},{"@type":"ListItem","position":3,"name":"Alle producten","item":"https:\/\/koningdrone.be\/categorie\/alle-producten\/"},{"@type":"ListItem","position":4,"name":"Anker Everfrost 2 Electric Cooler 58L"}]},{"@type":"WebSite","@id":"https:\/\/koningdrone.be\/#website","url":"https:\/\/koningdrone.be\/","name":"Koningdrone.be - Votre sp\u00e9cialiste en ligne en mati\u00e8re de drones, de cardans, de cam\u00e9ras et de centrales \u00e9lectriques.","description":"La boutique en ligne de drones et de cardans","publisher":{"@id":"https:\/\/koningdrone.be\/#organization"},"potentialAction":[{"@type":"SearchAction","target":{"@type":"EntryPoint","urlTemplate":"https:\/\/koningdrone.be\/?s={search_term_string}"},"query-input":{"@type":"PropertyValueSpecification","valueRequired":true,"valueName":"search_term_string"}}],"inLanguage":"fr-BE"},{"@type":"Organization","@id":"https:\/\/koningdrone.be\/#organization","name":"Kingdrone.co.uk","url":"https:\/\/koningdrone.be\/","logo":{"@type":"ImageObject","inLanguage":"fr-BE","@id":"https:\/\/koningdrone.be\/#\/schema\/logo\/image\/","url":"https:\/\/koningdrone.be\/wp-content\/uploads\/sites\/13\/2025\/04\/koningdrone-copyright-logo.svg","contentUrl":"https:\/\/koningdrone.be\/wp-content\/uploads\/sites\/13\/2025\/04\/koningdrone-copyright-logo.svg","width":227,"height":38,"caption":"Koningdrone.be"},"image":{"@id":"https:\/\/koningdrone.be\/#\/schema\/logo\/image\/"}}]}},"df_price":"","df_sale_price":"","df_regular_price":"","df_image_link":"https:\/\/koningdrone.be\/wp-content\/uploads\/sites\/13\/2026\/01\/Group_2121235123-Photoroom_3840x-300x251.png","_links":{"self":[{"href":"https:\/\/koningdrone.be\/fr\/wp-json\/wp\/v2\/product\/16010","targetHints":{"allow":["GET"]}}],"collection":[{"href":"https:\/\/koningdrone.be\/fr\/wp-json\/wp\/v2\/product"}],"about":[{"href":"https:\/\/koningdrone.be\/fr\/wp-json\/wp\/v2\/types\/product"}],"wp:featuredmedia":[{"embeddable":true,"href":"https:\/\/koningdrone.be\/fr\/wp-json\/wp\/v2\/media\/16004"}],"wp:attachment":[{"href":"https:\/\/koningdrone.be\/fr\/wp-json\/wp\/v2\/media?parent=16010"}],"wp:term":[{"taxonomy":"product_brand","embeddable":true,"href":"https:\/\/koningdrone.be\/fr\/wp-json\/wp\/v2\/product_brand?post=16010"},{"taxonomy":"product_cat","embeddable":true,"href":"https:\/\/koningdrone.be\/fr\/wp-json\/wp\/v2\/product_cat?post=16010"},{"taxonomy":"product_tag","embeddable":true,"href":"https:\/\/koningdrone.be\/fr\/wp-json\/wp\/v2\/product_tag?post=16010"}],"curies":[{"name":"wp","href":"https:\/\/api.w.org\/{rel}","templated":true}]}}