{"id":16003,"date":"2025-09-01T16:21:28","date_gmt":"2025-09-01T14:21:28","guid":{"rendered":"https:\/\/koningdrone.be\/product\/anker-everfrost-2-electric-cooler-40l\/"},"modified":"2025-09-01T16:21:28","modified_gmt":"2025-09-01T14:21:28","slug":"anker-everfrost-2-electric-cooler-40l","status":"publish","type":"product","link":"https:\/\/koningdrone.be\/fr\/produit\/anker-everfrost-2-electric-cooler-40l\/","title":{"rendered":"Anker EverFrost 2 Glaci\u00e8re \u00e9lectrique 40L"},"content":{"rendered":"<h2>Anker EverFrost 2 Glaci\u00e8re \u00e9lectrique 40L<\/h2>\n<p><strong>Un rafra\u00eechissement toujours frais, o\u00f9 que vous alliez.<\/strong><\/p>\n<p>Le <strong>Anker EverFrost 2 Glaci\u00e8re \u00e9lectrique 40L<\/strong> est un puissant <strong>refroidisseur aliment\u00e9 par batterie<\/strong>, Id\u00e9al pour les s\u00e9jours en camping, les voyages en voiture et les aventures en plein air. Avec un g\u00e9n\u00e9reux <strong>capacit\u00e9 de 40 litres<\/strong> et une fonction de refroidissement rapide qui fait passer la temp\u00e9rature de 25\u00b0C \u00e0 0\u00b0C en un temps record. <strong>15 minutes<\/strong>, Les aliments et les boissons doivent toujours \u00eatre parfaitement r\u00e9frig\u00e9r\u00e9s.<\/p>\n<p>Le refroidisseur fonctionne jusqu'\u00e0 <strong>52 heures avec une seule batterie de 288Wh<\/strong> et prend en charge diff\u00e9rentes m\u00e9thodes de chargement, notamment <strong>solaire<\/strong>, <strong>Chargement des voitures<\/strong> et <strong>USB-C<\/strong>. Gr\u00e2ce \u00e0 la <strong>plage de temp\u00e9rature de -20\u00b0C \u00e0 20\u00b0C<\/strong> vous pouvez facilement adapter la glaci\u00e8re \u00e0 vos besoins.<\/p>\n<p>Avec son <strong>roues durables<\/strong> et <strong>poign\u00e9e r\u00e9tractable<\/strong> l'EverFrost 2 est facilement transportable - parfait pour toute aventure, o\u00f9 que vous soyez.<\/p>","protected":false},"excerpt":{"rendered":"<ul>\n<li><strong>Refroidissement rapide :<\/strong> refroidit de 25\u00b0C \u00e0 0\u00b0C en seulement 15 minutes<\/li>\n<li><strong>Longue dur\u00e9e de vie :<\/strong> jusqu'\u00e0 52 heures de fonctionnement avec une batterie de 288Wh<\/li>\n<li><strong>Plusieurs options de chargement :<\/strong> Compatible avec la recharge solaire, la recharge en voiture et l'USB-C<\/li>\n<li><strong>Pas besoin de glace :<\/strong> plus d'espace pour la nourriture et les boissons, pas d'inondation<\/li>\n<li><strong>Conception portable :<\/strong> roues durables et poign\u00e9e r\u00e9tractable pour un transport facile<\/li>\n<li><strong>Parfait pour l'ext\u00e9rieur :<\/strong> Id\u00e9al pour le camping, les voyages en voiture et les \u00e9v\u00e9nements de type \"tailgating\".<\/li>\n<\/ul>","protected":false},"featured_media":15997,"template":"","meta":{"_acf_changed":false},"product_brand":[],"product_cat":[97,197,1701],"product_tag":[],"class_list":{"0":"post-16003","1":"product","2":"type-product","3":"status-publish","4":"has-post-thumbnail","6":"product_cat-alle-producten","7":"product_cat-anker","8":"product_cat-anker-bluetti","9":"pa_brand-anker","10":"pa_producttype-elektrische-koeler","12":"first","13":"outofstock","14":"taxable","15":"shipping-taxable","16":"product-type-simple"},"acf":[],"yoast_head":"<!-- This site is optimized with the Yoast SEO Premium plugin v27.2 (Yoast SEO v27.2) - https:\/\/yoast.com\/product\/yoast-seo-premium-wordpress\/ -->\n<title>Anker EverFrost 2 Electric Cooler 40L - koningdrone.be<\/title>\n<meta name=\"robots\" content=\"index, follow, max-snippet:-1, max-image-preview:large, max-video-preview:-1\" \/>\n<link rel=\"canonical\" href=\"https:\/\/koningdrone.be\/fr\/produit\/anker-everfrost-2-electric-cooler-40l\/\" \/>\n<meta property=\"og:locale\" content=\"fr_FR\" \/>\n<meta property=\"og:type\" content=\"article\" \/>\n<meta property=\"og:title\" content=\"Anker EverFrost 2 Electric Cooler 40L\" \/>\n<meta property=\"og:description\" content=\"Snelle koeling: koelt van 25\u00b0C naar 0\u00b0C in slechts 15 minuten  Lange gebruiksduur: tot 52 uur werking op \u00e9\u00e9n 288Wh batterij  Meerdere oplaadopties: compatibel met zonne-energie, auto-opladen en USB-C  Geen ijs nodig: meer ruimte voor voedsel en drank, geen wateroverlast  Draagbaar ontwerp: duurzame wielen en intrekbare handgreep voor gemakkelijk vervoer  Perfect voor outdoor: ideaal voor kamperen, roadtrips en tailgating-evenementen\" \/>\n<meta property=\"og:url\" content=\"https:\/\/koningdrone.be\/fr\/produit\/anker-everfrost-2-electric-cooler-40l\/\" \/>\n<meta property=\"og:site_name\" content=\"koningdrone.be\" \/>\n<meta property=\"og:image\" content=\"https:\/\/koningdrone.be\/wp-content\/uploads\/sites\/13\/2026\/01\/Group_2121235121-Photoroom_2_3840x.png\" \/>\n\t<meta property=\"og:image:width\" content=\"1280\" \/>\n\t<meta property=\"og:image:height\" content=\"1072\" \/>\n\t<meta property=\"og:image:type\" content=\"image\/png\" \/>\n<meta name=\"twitter:card\" content=\"summary_large_image\" \/>\n<meta name=\"twitter:label1\" content=\"Dur\u00e9e de lecture est.\" \/>\n\t<meta name=\"twitter:data1\" content=\"1 minute\" \/>\n<script type=\"application\/ld+json\" class=\"yoast-schema-graph\">{\"@context\":\"https:\/\/schema.org\",\"@graph\":[{\"@type\":\"WebPage\",\"@id\":\"https:\/\/koningdrone.be\/product\/anker-everfrost-2-electric-cooler-40l\/\",\"url\":\"https:\/\/koningdrone.be\/product\/anker-everfrost-2-electric-cooler-40l\/\",\"name\":\"Anker EverFrost 2 Electric Cooler 40L - koningdrone.be\",\"isPartOf\":{\"@id\":\"https:\/\/koningdrone.be\/#website\"},\"primaryImageOfPage\":{\"@id\":\"https:\/\/koningdrone.be\/product\/anker-everfrost-2-electric-cooler-40l\/#primaryimage\"},\"image\":{\"@id\":\"https:\/\/koningdrone.be\/product\/anker-everfrost-2-electric-cooler-40l\/#primaryimage\"},\"thumbnailUrl\":\"https:\/\/koningdrone.be\/wp-content\/uploads\/sites\/13\/2026\/01\/Group_2121235121-Photoroom_2_3840x.png\",\"datePublished\":\"2025-09-01T14:21:28+00:00\",\"breadcrumb\":{\"@id\":\"https:\/\/koningdrone.be\/product\/anker-everfrost-2-electric-cooler-40l\/#breadcrumb\"},\"inLanguage\":\"fr-BE\",\"potentialAction\":[{\"@type\":\"ReadAction\",\"target\":[\"https:\/\/koningdrone.be\/product\/anker-everfrost-2-electric-cooler-40l\/\"]}]},{\"@type\":\"ImageObject\",\"inLanguage\":\"fr-BE\",\"@id\":\"https:\/\/koningdrone.be\/product\/anker-everfrost-2-electric-cooler-40l\/#primaryimage\",\"url\":\"https:\/\/koningdrone.be\/wp-content\/uploads\/sites\/13\/2026\/01\/Group_2121235121-Photoroom_2_3840x.png\",\"contentUrl\":\"https:\/\/koningdrone.be\/wp-content\/uploads\/sites\/13\/2026\/01\/Group_2121235121-Photoroom_2_3840x.png\",\"width\":1280,\"height\":1072},{\"@type\":\"BreadcrumbList\",\"@id\":\"https:\/\/koningdrone.be\/product\/anker-everfrost-2-electric-cooler-40l\/#breadcrumb\",\"itemListElement\":[{\"@type\":\"ListItem\",\"position\":1,\"name\":\"Home\",\"item\":\"https:\/\/koningdrone.be\/\"},{\"@type\":\"ListItem\",\"position\":2,\"name\":\"AVSS Parachute Recovery System for DJI Matrice 300\/350\",\"item\":\"https:\/\/koningdrone.be\/product\/avss-parachute-recovery-system-for-dji-matrice-300-350\/\"},{\"@type\":\"ListItem\",\"position\":3,\"name\":\"Alle producten\",\"item\":\"https:\/\/koningdrone.be\/categorie\/alle-producten\/\"},{\"@type\":\"ListItem\",\"position\":4,\"name\":\"Anker EverFrost 2 Electric Cooler 40L\"}]},{\"@type\":\"WebSite\",\"@id\":\"https:\/\/koningdrone.be\/#website\",\"url\":\"https:\/\/koningdrone.be\/\",\"name\":\"Koningdrone.be - Uw online specialist in drones, gimbals, camera's en power stations.\",\"description\":\"De webshop in drones en gimbals\",\"publisher\":{\"@id\":\"https:\/\/koningdrone.be\/#organization\"},\"potentialAction\":[{\"@type\":\"SearchAction\",\"target\":{\"@type\":\"EntryPoint\",\"urlTemplate\":\"https:\/\/koningdrone.be\/?s={search_term_string}\"},\"query-input\":{\"@type\":\"PropertyValueSpecification\",\"valueRequired\":true,\"valueName\":\"search_term_string\"}}],\"inLanguage\":\"fr-BE\"},{\"@type\":\"Organization\",\"@id\":\"https:\/\/koningdrone.be\/#organization\",\"name\":\"Koningdrone.be\",\"url\":\"https:\/\/koningdrone.be\/\",\"logo\":{\"@type\":\"ImageObject\",\"inLanguage\":\"fr-BE\",\"@id\":\"https:\/\/koningdrone.be\/#\/schema\/logo\/image\/\",\"url\":\"https:\/\/koningdrone.be\/wp-content\/uploads\/sites\/13\/2025\/04\/koningdrone-copyright-logo.svg\",\"contentUrl\":\"https:\/\/koningdrone.be\/wp-content\/uploads\/sites\/13\/2025\/04\/koningdrone-copyright-logo.svg\",\"width\":227,\"height\":38,\"caption\":\"Koningdrone.be\"},\"image\":{\"@id\":\"https:\/\/koningdrone.be\/#\/schema\/logo\/image\/\"}}]}<\/script>\n<!-- \/ Yoast SEO Premium plugin. -->","yoast_head_json":{"title":"Anker EverFrost 2 Electric Cooler 40L - koningdrone.be","robots":{"index":"index","follow":"follow","max-snippet":"max-snippet:-1","max-image-preview":"max-image-preview:large","max-video-preview":"max-video-preview:-1"},"canonical":"https:\/\/koningdrone.be\/fr\/produit\/anker-everfrost-2-electric-cooler-40l\/","og_locale":"fr_FR","og_type":"article","og_title":"Anker EverFrost 2 Electric Cooler 40L","og_description":"Snelle koeling: koelt van 25\u00b0C naar 0\u00b0C in slechts 15 minuten  Lange gebruiksduur: tot 52 uur werking op \u00e9\u00e9n 288Wh batterij  Meerdere oplaadopties: compatibel met zonne-energie, auto-opladen en USB-C  Geen ijs nodig: meer ruimte voor voedsel en drank, geen wateroverlast  Draagbaar ontwerp: duurzame wielen en intrekbare handgreep voor gemakkelijk vervoer  Perfect voor outdoor: ideaal voor kamperen, roadtrips en tailgating-evenementen","og_url":"https:\/\/koningdrone.be\/fr\/produit\/anker-everfrost-2-electric-cooler-40l\/","og_site_name":"koningdrone.be","og_image":[{"width":1280,"height":1072,"url":"https:\/\/koningdrone.be\/wp-content\/uploads\/sites\/13\/2026\/01\/Group_2121235121-Photoroom_2_3840x.png","type":"image\/png"}],"twitter_card":"summary_large_image","twitter_misc":{"Dur\u00e9e de lecture est.":"1 minute"},"schema":{"@context":"https:\/\/schema.org","@graph":[{"@type":"WebPage","@id":"https:\/\/koningdrone.be\/product\/anker-everfrost-2-electric-cooler-40l\/","url":"https:\/\/koningdrone.be\/product\/anker-everfrost-2-electric-cooler-40l\/","name":"Anker EverFrost 2 Electric Cooler 40L - koningdrone.be","isPartOf":{"@id":"https:\/\/koningdrone.be\/#website"},"primaryImageOfPage":{"@id":"https:\/\/koningdrone.be\/product\/anker-everfrost-2-electric-cooler-40l\/#primaryimage"},"image":{"@id":"https:\/\/koningdrone.be\/product\/anker-everfrost-2-electric-cooler-40l\/#primaryimage"},"thumbnailUrl":"https:\/\/koningdrone.be\/wp-content\/uploads\/sites\/13\/2026\/01\/Group_2121235121-Photoroom_2_3840x.png","datePublished":"2025-09-01T14:21:28+00:00","breadcrumb":{"@id":"https:\/\/koningdrone.be\/product\/anker-everfrost-2-electric-cooler-40l\/#breadcrumb"},"inLanguage":"fr-BE","potentialAction":[{"@type":"ReadAction","target":["https:\/\/koningdrone.be\/product\/anker-everfrost-2-electric-cooler-40l\/"]}]},{"@type":"ImageObject","inLanguage":"fr-BE","@id":"https:\/\/koningdrone.be\/product\/anker-everfrost-2-electric-cooler-40l\/#primaryimage","url":"https:\/\/koningdrone.be\/wp-content\/uploads\/sites\/13\/2026\/01\/Group_2121235121-Photoroom_2_3840x.png","contentUrl":"https:\/\/koningdrone.be\/wp-content\/uploads\/sites\/13\/2026\/01\/Group_2121235121-Photoroom_2_3840x.png","width":1280,"height":1072},{"@type":"BreadcrumbList","@id":"https:\/\/koningdrone.be\/product\/anker-everfrost-2-electric-cooler-40l\/#breadcrumb","itemListElement":[{"@type":"ListItem","position":1,"name":"Home","item":"https:\/\/koningdrone.be\/"},{"@type":"ListItem","position":2,"name":"AVSS Parachute Recovery System for DJI Matrice 300\/350","item":"https:\/\/koningdrone.be\/product\/avss-parachute-recovery-system-for-dji-matrice-300-350\/"},{"@type":"ListItem","position":3,"name":"Alle producten","item":"https:\/\/koningdrone.be\/categorie\/alle-producten\/"},{"@type":"ListItem","position":4,"name":"Anker EverFrost 2 Electric Cooler 40L"}]},{"@type":"WebSite","@id":"https:\/\/koningdrone.be\/#website","url":"https:\/\/koningdrone.be\/","name":"Koningdrone.be - Votre sp\u00e9cialiste en ligne en mati\u00e8re de drones, de cardans, de cam\u00e9ras et de centrales \u00e9lectriques.","description":"La boutique en ligne de drones et de cardans","publisher":{"@id":"https:\/\/koningdrone.be\/#organization"},"potentialAction":[{"@type":"SearchAction","target":{"@type":"EntryPoint","urlTemplate":"https:\/\/koningdrone.be\/?s={search_term_string}"},"query-input":{"@type":"PropertyValueSpecification","valueRequired":true,"valueName":"search_term_string"}}],"inLanguage":"fr-BE"},{"@type":"Organization","@id":"https:\/\/koningdrone.be\/#organization","name":"Kingdrone.co.uk","url":"https:\/\/koningdrone.be\/","logo":{"@type":"ImageObject","inLanguage":"fr-BE","@id":"https:\/\/koningdrone.be\/#\/schema\/logo\/image\/","url":"https:\/\/koningdrone.be\/wp-content\/uploads\/sites\/13\/2025\/04\/koningdrone-copyright-logo.svg","contentUrl":"https:\/\/koningdrone.be\/wp-content\/uploads\/sites\/13\/2025\/04\/koningdrone-copyright-logo.svg","width":227,"height":38,"caption":"Koningdrone.be"},"image":{"@id":"https:\/\/koningdrone.be\/#\/schema\/logo\/image\/"}}]}},"df_price":"","df_sale_price":"","df_regular_price":"","df_image_link":"https:\/\/koningdrone.be\/wp-content\/uploads\/sites\/13\/2026\/01\/Group_2121235121-Photoroom_2_3840x-300x251.png","_links":{"self":[{"href":"https:\/\/koningdrone.be\/fr\/wp-json\/wp\/v2\/product\/16003","targetHints":{"allow":["GET"]}}],"collection":[{"href":"https:\/\/koningdrone.be\/fr\/wp-json\/wp\/v2\/product"}],"about":[{"href":"https:\/\/koningdrone.be\/fr\/wp-json\/wp\/v2\/types\/product"}],"wp:featuredmedia":[{"embeddable":true,"href":"https:\/\/koningdrone.be\/fr\/wp-json\/wp\/v2\/media\/15997"}],"wp:attachment":[{"href":"https:\/\/koningdrone.be\/fr\/wp-json\/wp\/v2\/media?parent=16003"}],"wp:term":[{"taxonomy":"product_brand","embeddable":true,"href":"https:\/\/koningdrone.be\/fr\/wp-json\/wp\/v2\/product_brand?post=16003"},{"taxonomy":"product_cat","embeddable":true,"href":"https:\/\/koningdrone.be\/fr\/wp-json\/wp\/v2\/product_cat?post=16003"},{"taxonomy":"product_tag","embeddable":true,"href":"https:\/\/koningdrone.be\/fr\/wp-json\/wp\/v2\/product_tag?post=16003"}],"curies":[{"name":"wp","href":"https:\/\/api.w.org\/{rel}","templated":true}]}}