{"id":15967,"date":"2025-10-06T10:22:56","date_gmt":"2025-10-06T08:22:56","guid":{"rendered":"https:\/\/koningdrone.be\/product\/dji-mini-5-pro-fly-more-combo-dji-rc-2\/"},"modified":"2026-04-29T04:10:40","modified_gmt":"2026-04-29T02:10:40","slug":"dji-mini-5-pro-fly-more-combo-dji-rc-2","status":"publish","type":"product","link":"https:\/\/koningdrone.be\/fr\/produit\/dji-mini-5-pro-fly-more-combo-dji-rc-2\/","title":{"rendered":"DJI Mini 5 Pro Fly More Combo (DJI RC 2)"},"content":{"rendered":"<h3>DJI Mini 5 Pro Fly More Combo : La puissance professionnelle dans un format de poche<\/h3>\n<p><iframe loading=\"lazy\" title=\"DJI MINI 5 PRO UNBOXING - FLY MORE COMBO RC 2\" width=\"800\" height=\"450\" src=\"https:\/\/www.youtube.com\/embed\/SxCxQwLpNfc?feature=oembed&#038;enablejsapi=1&#038;origin=https:\/\/koningdrone.be\" frameborder=\"0\" allow=\"accelerometer; autoplay; clipboard-write; encrypted-media; gyroscope; picture-in-picture; web-share\" referrerpolicy=\"strict-origin-when-cross-origin\" allowfullscreen><\/iframe><\/p>\n<p style=\"margin: 20px 0\">Le <strong>DJI Mini 5 Pro avec DJI RC 2<\/strong> est l'expression ultime de la sophistication technologique. Ce drone prouve qu'il n'est pas n\u00e9cessaire de disposer d'un \u00e9quipement lourd pour obtenir des r\u00e9sultats cin\u00e9matographiques. Pesant moins de <strong>249 grammes<\/strong> la Mini 5 Pro contourne la plupart des r\u00e9glementations complexes, tout en offrant des performances jusqu'alors impensables dans cette cat\u00e9gorie de poids. Le Combo Fly More porte cette exp\u00e9rience \u00e0 un niveau sup\u00e9rieur en vous donnant l'endurance n\u00e9cessaire pour une journ\u00e9e enti\u00e8re de cr\u00e9ation de contenu. Que vous voyagiez \u00e0 travers le monde ou que vous capturiez des joyaux locaux, le Mini 5 Pro est votre \u00e9quipe de tournage invisible, toujours pr\u00eate \u00e0 partir.<\/p>\n<p><a href=\"https:\/\/koningdrone.nl\/wp-content\/uploads\/2025\/10\/DJI-Mini-5-Pro-Fly-More-Combo-DJI-RC-2.jpg\"><img loading=\"lazy\" decoding=\"async\" class=\"size-medium wp-image-472520 aligncenter\" src=\"https:\/\/koningdrone.nl\/wp-content\/uploads\/2025\/10\/DJI-Mini-5-Pro-Fly-More-Combo-DJI-RC-2-300x300.jpg\" alt=\"DJI Mini 5 Pro Fly More Combo (DJI RC 2)\" width=\"300\" height=\"300\" \/><\/a><\/p>\n<h4>Imagerie sup\u00e9rieure et autonomie intelligente<\/h4>\n<p>Malgr\u00e9 sa taille modeste, le Mini 5 Pro est dot\u00e9 d'un appareil photo exceptionnel :<\/p>\n<ul>\n<li><strong>Vid\u00e9o HDR 4K\/60fps et prise de vue verticale r\u00e9elle :<\/strong> Capturez des s\u00e9quences fluides avec une gamme dynamique \u00e9tonnante. La construction unique du cardan permet \u00e0 la cam\u00e9ra de pivoter de 90\u00b0 pour des prises de vue verticales sans perte, ce qui est parfait pour les contenus de m\u00e9dias sociaux haut de gamme tels que les bobines et les TikToks.<\/li>\n<li><strong>ActiveTrack 360\u00b0 et QuickShots :<\/strong> Gr\u00e2ce au suivi am\u00e9lior\u00e9 de l'IA, le drone saisit votre sujet sous tous les angles tout en calculant de mani\u00e8re autonome des trajectoires de vol complexes. D'une simple pression sur un bouton, le drone effectue des man\u0153uvres professionnelles telles que \u2018Dronie\u2019, \u2018Circle\u2019 et \u2018Helix\u2019.<\/li>\n<li><strong>D\u00e9tection omnidirectionnelle d'obstacles :<\/strong> Pour la premi\u00e8re fois dans la s\u00e9rie Mini, vous b\u00e9n\u00e9ficiez d'une s\u00e9curit\u00e9 totale \u00e0 360 degr\u00e9s. Des capteurs plac\u00e9s sur tous les c\u00f4t\u00e9s permettent au drone d'\u00e9viter de mani\u00e8re proactive les arbres, les murs et autres obstacles, pour une tranquillit\u00e9 d'esprit sans pr\u00e9c\u00e9dent pendant le vol.<\/li>\n<\/ul>\n<h4>L'exp\u00e9rience DJI RC 2 et voler avec plus d'endurance<\/h4>\n<p>Le mat\u00e9riel est optimis\u00e9 pour la vitesse, la port\u00e9e et l'utilisation \u00e0 long terme :<\/p>\n<ul>\n<li><strong>Contr\u00f4leur DJI RC 2 Smart :<\/strong> Oubliez les c\u00e2bles et les notifications de votre smartphone. Le RC 2 est dot\u00e9 d'un \u00e9cran HD de 5,5 pouces d'une grande clart\u00e9 et de puissantes antennes pour une transmission vid\u00e9o stable. Vous \u00eates op\u00e9rationnel quelques secondes apr\u00e8s avoir d\u00e9pli\u00e9 le drone.<\/li>\n<li><strong>Avantages du Combo Fly More :<\/strong> Cette offre comprend trois batteries de vol intelligentes, ce qui vous permet d'atteindre jusqu'\u00e0 <strong>Temps de vol total de plus de 100 minutes<\/strong> Le concentrateur de charge bidirectionnel inclus charge non seulement vos batteries, mais peut \u00e9galement servir de banque d'alimentation pour votre t\u00e9l\u00e9phone ou votre manette.<\/li>\n<li><strong>Transmission am\u00e9lior\u00e9e :<\/strong> Gr\u00e2ce au dernier syst\u00e8me O4, vous b\u00e9n\u00e9ficiez d'un livestream HD extr\u00eamement stable, m\u00eame dans des environnements \u00e0 fortes interf\u00e9rences, ce qui vous permet de repousser les limites de votre cr\u00e9ativit\u00e9 en toute confiance.<\/li>\n<\/ul>\n<p><a href=\"https:\/\/koningdrone.nl\/wp-content\/uploads\/2025\/10\/DJI-Mini-5-Pro-Product-Fly-More-Combo-DJI-RC-2.jpg\"><img loading=\"lazy\" decoding=\"async\" class=\"size-medium wp-image-472517 aligncenter\" src=\"https:\/\/koningdrone.nl\/wp-content\/uploads\/2025\/10\/DJI-Mini-5-Pro-Product-Fly-More-Combo-DJI-RC-2-300x300.jpg\" alt=\"DJI Mini 5 Pro Product Fly More Combo (DJI RC 2)\" width=\"300\" height=\"300\" \/><\/a><\/p>\n<h4>Pourquoi le combo DJI Mini 5 Pro Fly More est indispensable<\/h4>\n<p>Pour le cr\u00e9ateur moderne, le Mini 5 Pro est l'investissement le plus judicieux de son arsenal. C'est le seul drone qui offre une qualit\u00e9 4K professionnelle et une s\u00e9curit\u00e9 omnidirectionnelle dans un format qui tient dans la poche. Le Combo Fly More \u00e9limine l'angoisse de la batterie et vous permet de ne jamais manquer la lumi\u00e8re parfaite parce que vous devez la recharger. Avec le Mini 5 Pro, vous disposez de la puissance d'un studio professionnel partout o\u00f9 votre aventure vous m\u00e8ne.<\/p>","protected":false},"excerpt":{"rendered":"<ul>\n<li>Capteur CMOS de 1 pouce pour une meilleure qualit\u00e9 d'image et des performances en basse lumi\u00e8re<\/li>\n<li>D\u00e9tection omnidirectionnelle des obstacles et ActiveTrack 360\u00b0 am\u00e9lior\u00e9 pour un suivi en toute s\u00e9curit\u00e9<\/li>\n<li>Prise de vue verticale r\u00e9elle et rotation de 225\u00b0 du cardan pour des angles verticaux et uniques cr\u00e9atifs<\/li>\n<li>Fly More Combo avec des batteries suppl\u00e9mentaires et un concentrateur de charge pour des journ\u00e9es d'enregistrement plus longues<\/li>\n<\/ul>","protected":false},"featured_media":18815,"template":"","meta":{"_acf_changed":false},"product_brand":[],"product_cat":[1698],"product_tag":[108],"class_list":{"0":"post-15967","1":"product","2":"type-product","3":"status-publish","4":"has-post-thumbnail","6":"product_cat-dji-mini-5-pro","7":"product_tag-acsystemsall","8":"product_shipping_class-acsystemsall","9":"pa_brand-dji","10":"pa_producttype-drone","11":"pa_series-mini","13":"first","14":"instock","15":"taxable","16":"shipping-taxable","17":"purchasable","18":"product-type-simple"},"acf":[],"yoast_head":"<!-- This site is optimized with the Yoast SEO Premium plugin v27.2 (Yoast SEO v27.2) - https:\/\/yoast.com\/product\/yoast-seo-premium-wordpress\/ -->\n<title>DJI Mini 5 Pro Fly More Combo (DJI RC 2) - koningdrone.be<\/title>\n<meta name=\"robots\" content=\"index, follow, max-snippet:-1, max-image-preview:large, max-video-preview:-1\" \/>\n<link rel=\"canonical\" href=\"https:\/\/koningdrone.be\/fr\/produit\/dji-mini-5-pro-fly-more-combo-dji-rc-2\/\" \/>\n<meta property=\"og:locale\" content=\"fr_FR\" \/>\n<meta property=\"og:type\" content=\"article\" \/>\n<meta property=\"og:title\" content=\"DJI Mini 5 Pro Fly More Combo (DJI RC 2)\" \/>\n<meta property=\"og:description\" content=\"1-inch CMOS-sensor voor betere beeldkwaliteit en prestaties bij weinig licht  Omnidirectionele obstakeldetectie en verbeterde ActiveTrack 360\u00b0 voor veilig volgen  True Vertical Shooting en 225\u00b0 gimbalrotatie voor creatieve verticale en unieke hoeken  Fly More Combo met extra batterijen en oplaadhub voor langere opnamedagen\" \/>\n<meta property=\"og:url\" content=\"https:\/\/koningdrone.be\/fr\/produit\/dji-mini-5-pro-fly-more-combo-dji-rc-2\/\" \/>\n<meta property=\"og:site_name\" content=\"koningdrone.be\" \/>\n<meta property=\"article:modified_time\" content=\"2026-04-29T02:10:40+00:00\" \/>\n<meta property=\"og:image\" content=\"https:\/\/koningdrone.be\/wp-content\/uploads\/sites\/13\/2026\/04\/DJI-Mini-5-Pro-Fly-More-Combo-DJI-RC-2.jpg\" \/>\n\t<meta property=\"og:image:width\" content=\"2560\" \/>\n\t<meta property=\"og:image:height\" content=\"2560\" \/>\n\t<meta property=\"og:image:type\" content=\"image\/jpeg\" \/>\n<meta name=\"twitter:card\" content=\"summary_large_image\" \/>\n<meta name=\"twitter:label1\" content=\"Dur\u00e9e de lecture est.\" \/>\n\t<meta name=\"twitter:data1\" content=\"2 minutes\" \/>\n<script type=\"application\/ld+json\" class=\"yoast-schema-graph\">{\"@context\":\"https:\/\/schema.org\",\"@graph\":[{\"@type\":\"WebPage\",\"@id\":\"https:\/\/koningdrone.be\/product\/dji-mini-5-pro-fly-more-combo-dji-rc-2\/\",\"url\":\"https:\/\/koningdrone.be\/product\/dji-mini-5-pro-fly-more-combo-dji-rc-2\/\",\"name\":\"DJI Mini 5 Pro Fly More Combo (DJI RC 2) - koningdrone.be\",\"isPartOf\":{\"@id\":\"https:\/\/koningdrone.be\/#website\"},\"primaryImageOfPage\":{\"@id\":\"https:\/\/koningdrone.be\/product\/dji-mini-5-pro-fly-more-combo-dji-rc-2\/#primaryimage\"},\"image\":{\"@id\":\"https:\/\/koningdrone.be\/product\/dji-mini-5-pro-fly-more-combo-dji-rc-2\/#primaryimage\"},\"thumbnailUrl\":\"https:\/\/koningdrone.be\/wp-content\/uploads\/sites\/13\/2026\/04\/DJI-Mini-5-Pro-Fly-More-Combo-DJI-RC-2.jpg\",\"datePublished\":\"2025-10-06T08:22:56+00:00\",\"dateModified\":\"2026-04-29T02:10:40+00:00\",\"breadcrumb\":{\"@id\":\"https:\/\/koningdrone.be\/product\/dji-mini-5-pro-fly-more-combo-dji-rc-2\/#breadcrumb\"},\"inLanguage\":\"fr-BE\",\"potentialAction\":[{\"@type\":\"ReadAction\",\"target\":[\"https:\/\/koningdrone.be\/product\/dji-mini-5-pro-fly-more-combo-dji-rc-2\/\"]}]},{\"@type\":\"ImageObject\",\"inLanguage\":\"fr-BE\",\"@id\":\"https:\/\/koningdrone.be\/product\/dji-mini-5-pro-fly-more-combo-dji-rc-2\/#primaryimage\",\"url\":\"https:\/\/koningdrone.be\/wp-content\/uploads\/sites\/13\/2026\/04\/DJI-Mini-5-Pro-Fly-More-Combo-DJI-RC-2.jpg\",\"contentUrl\":\"https:\/\/koningdrone.be\/wp-content\/uploads\/sites\/13\/2026\/04\/DJI-Mini-5-Pro-Fly-More-Combo-DJI-RC-2.jpg\",\"width\":2560,\"height\":2560},{\"@type\":\"BreadcrumbList\",\"@id\":\"https:\/\/koningdrone.be\/product\/dji-mini-5-pro-fly-more-combo-dji-rc-2\/#breadcrumb\",\"itemListElement\":[{\"@type\":\"ListItem\",\"position\":1,\"name\":\"Home\",\"item\":\"https:\/\/koningdrone.be\/\"},{\"@type\":\"ListItem\",\"position\":2,\"name\":\"AVSS Parachute Recovery System for DJI Matrice 300\/350\",\"item\":\"https:\/\/koningdrone.be\/product\/avss-parachute-recovery-system-for-dji-matrice-300-350\/\"},{\"@type\":\"ListItem\",\"position\":3,\"name\":\"DJI Mini 5 Pro\",\"item\":\"https:\/\/koningdrone.be\/categorie\/dji-mini-5-pro\/\"},{\"@type\":\"ListItem\",\"position\":4,\"name\":\"DJI Mini 5 Pro Fly More Combo (DJI RC 2)\"}]},{\"@type\":\"WebSite\",\"@id\":\"https:\/\/koningdrone.be\/#website\",\"url\":\"https:\/\/koningdrone.be\/\",\"name\":\"Koningdrone.be - Uw online specialist in drones, gimbals, camera's en power stations.\",\"description\":\"De webshop in drones en gimbals\",\"publisher\":{\"@id\":\"https:\/\/koningdrone.be\/#organization\"},\"potentialAction\":[{\"@type\":\"SearchAction\",\"target\":{\"@type\":\"EntryPoint\",\"urlTemplate\":\"https:\/\/koningdrone.be\/?s={search_term_string}\"},\"query-input\":{\"@type\":\"PropertyValueSpecification\",\"valueRequired\":true,\"valueName\":\"search_term_string\"}}],\"inLanguage\":\"fr-BE\"},{\"@type\":\"Organization\",\"@id\":\"https:\/\/koningdrone.be\/#organization\",\"name\":\"Koningdrone.be\",\"url\":\"https:\/\/koningdrone.be\/\",\"logo\":{\"@type\":\"ImageObject\",\"inLanguage\":\"fr-BE\",\"@id\":\"https:\/\/koningdrone.be\/#\/schema\/logo\/image\/\",\"url\":\"https:\/\/koningdrone.be\/wp-content\/uploads\/sites\/13\/2025\/04\/koningdrone-copyright-logo.svg\",\"contentUrl\":\"https:\/\/koningdrone.be\/wp-content\/uploads\/sites\/13\/2025\/04\/koningdrone-copyright-logo.svg\",\"width\":227,\"height\":38,\"caption\":\"Koningdrone.be\"},\"image\":{\"@id\":\"https:\/\/koningdrone.be\/#\/schema\/logo\/image\/\"}}]}<\/script>\n<!-- \/ Yoast SEO Premium plugin. -->","yoast_head_json":{"title":"DJI Mini 5 Pro Fly More Combo (DJI RC 2) - koningdrone.be","robots":{"index":"index","follow":"follow","max-snippet":"max-snippet:-1","max-image-preview":"max-image-preview:large","max-video-preview":"max-video-preview:-1"},"canonical":"https:\/\/koningdrone.be\/fr\/produit\/dji-mini-5-pro-fly-more-combo-dji-rc-2\/","og_locale":"fr_FR","og_type":"article","og_title":"DJI Mini 5 Pro Fly More Combo (DJI RC 2)","og_description":"1-inch CMOS-sensor voor betere beeldkwaliteit en prestaties bij weinig licht  Omnidirectionele obstakeldetectie en verbeterde ActiveTrack 360\u00b0 voor veilig volgen  True Vertical Shooting en 225\u00b0 gimbalrotatie voor creatieve verticale en unieke hoeken  Fly More Combo met extra batterijen en oplaadhub voor langere opnamedagen","og_url":"https:\/\/koningdrone.be\/fr\/produit\/dji-mini-5-pro-fly-more-combo-dji-rc-2\/","og_site_name":"koningdrone.be","article_modified_time":"2026-04-29T02:10:40+00:00","og_image":[{"width":2560,"height":2560,"url":"https:\/\/koningdrone.be\/wp-content\/uploads\/sites\/13\/2026\/04\/DJI-Mini-5-Pro-Fly-More-Combo-DJI-RC-2.jpg","type":"image\/jpeg"}],"twitter_card":"summary_large_image","twitter_misc":{"Dur\u00e9e de lecture est.":"2 minutes"},"schema":{"@context":"https:\/\/schema.org","@graph":[{"@type":"WebPage","@id":"https:\/\/koningdrone.be\/product\/dji-mini-5-pro-fly-more-combo-dji-rc-2\/","url":"https:\/\/koningdrone.be\/product\/dji-mini-5-pro-fly-more-combo-dji-rc-2\/","name":"DJI Mini 5 Pro Fly More Combo (DJI RC 2) - koningdrone.be","isPartOf":{"@id":"https:\/\/koningdrone.be\/#website"},"primaryImageOfPage":{"@id":"https:\/\/koningdrone.be\/product\/dji-mini-5-pro-fly-more-combo-dji-rc-2\/#primaryimage"},"image":{"@id":"https:\/\/koningdrone.be\/product\/dji-mini-5-pro-fly-more-combo-dji-rc-2\/#primaryimage"},"thumbnailUrl":"https:\/\/koningdrone.be\/wp-content\/uploads\/sites\/13\/2026\/04\/DJI-Mini-5-Pro-Fly-More-Combo-DJI-RC-2.jpg","datePublished":"2025-10-06T08:22:56+00:00","dateModified":"2026-04-29T02:10:40+00:00","breadcrumb":{"@id":"https:\/\/koningdrone.be\/product\/dji-mini-5-pro-fly-more-combo-dji-rc-2\/#breadcrumb"},"inLanguage":"fr-BE","potentialAction":[{"@type":"ReadAction","target":["https:\/\/koningdrone.be\/product\/dji-mini-5-pro-fly-more-combo-dji-rc-2\/"]}]},{"@type":"ImageObject","inLanguage":"fr-BE","@id":"https:\/\/koningdrone.be\/product\/dji-mini-5-pro-fly-more-combo-dji-rc-2\/#primaryimage","url":"https:\/\/koningdrone.be\/wp-content\/uploads\/sites\/13\/2026\/04\/DJI-Mini-5-Pro-Fly-More-Combo-DJI-RC-2.jpg","contentUrl":"https:\/\/koningdrone.be\/wp-content\/uploads\/sites\/13\/2026\/04\/DJI-Mini-5-Pro-Fly-More-Combo-DJI-RC-2.jpg","width":2560,"height":2560},{"@type":"BreadcrumbList","@id":"https:\/\/koningdrone.be\/product\/dji-mini-5-pro-fly-more-combo-dji-rc-2\/#breadcrumb","itemListElement":[{"@type":"ListItem","position":1,"name":"Home","item":"https:\/\/koningdrone.be\/"},{"@type":"ListItem","position":2,"name":"AVSS Parachute Recovery System for DJI Matrice 300\/350","item":"https:\/\/koningdrone.be\/product\/avss-parachute-recovery-system-for-dji-matrice-300-350\/"},{"@type":"ListItem","position":3,"name":"DJI Mini 5 Pro","item":"https:\/\/koningdrone.be\/categorie\/dji-mini-5-pro\/"},{"@type":"ListItem","position":4,"name":"DJI Mini 5 Pro Fly More Combo (DJI RC 2)"}]},{"@type":"WebSite","@id":"https:\/\/koningdrone.be\/#website","url":"https:\/\/koningdrone.be\/","name":"Koningdrone.be - Votre sp\u00e9cialiste en ligne en mati\u00e8re de drones, de cardans, de cam\u00e9ras et de centrales \u00e9lectriques.","description":"La boutique en ligne de drones et de cardans","publisher":{"@id":"https:\/\/koningdrone.be\/#organization"},"potentialAction":[{"@type":"SearchAction","target":{"@type":"EntryPoint","urlTemplate":"https:\/\/koningdrone.be\/?s={search_term_string}"},"query-input":{"@type":"PropertyValueSpecification","valueRequired":true,"valueName":"search_term_string"}}],"inLanguage":"fr-BE"},{"@type":"Organization","@id":"https:\/\/koningdrone.be\/#organization","name":"Kingdrone.co.uk","url":"https:\/\/koningdrone.be\/","logo":{"@type":"ImageObject","inLanguage":"fr-BE","@id":"https:\/\/koningdrone.be\/#\/schema\/logo\/image\/","url":"https:\/\/koningdrone.be\/wp-content\/uploads\/sites\/13\/2025\/04\/koningdrone-copyright-logo.svg","contentUrl":"https:\/\/koningdrone.be\/wp-content\/uploads\/sites\/13\/2025\/04\/koningdrone-copyright-logo.svg","width":227,"height":38,"caption":"Koningdrone.be"},"image":{"@id":"https:\/\/koningdrone.be\/#\/schema\/logo\/image\/"}}]}},"df_price":1059,"df_sale_price":"","df_regular_price":1059,"df_image_link":"https:\/\/koningdrone.be\/wp-content\/uploads\/sites\/13\/2026\/04\/DJI-Mini-5-Pro-Fly-More-Combo-DJI-RC-2-300x300.jpg","_links":{"self":[{"href":"https:\/\/koningdrone.be\/fr\/wp-json\/wp\/v2\/product\/15967","targetHints":{"allow":["GET"]}}],"collection":[{"href":"https:\/\/koningdrone.be\/fr\/wp-json\/wp\/v2\/product"}],"about":[{"href":"https:\/\/koningdrone.be\/fr\/wp-json\/wp\/v2\/types\/product"}],"wp:featuredmedia":[{"embeddable":true,"href":"https:\/\/koningdrone.be\/fr\/wp-json\/wp\/v2\/media\/18815"}],"wp:attachment":[{"href":"https:\/\/koningdrone.be\/fr\/wp-json\/wp\/v2\/media?parent=15967"}],"wp:term":[{"taxonomy":"product_brand","embeddable":true,"href":"https:\/\/koningdrone.be\/fr\/wp-json\/wp\/v2\/product_brand?post=15967"},{"taxonomy":"product_cat","embeddable":true,"href":"https:\/\/koningdrone.be\/fr\/wp-json\/wp\/v2\/product_cat?post=15967"},{"taxonomy":"product_tag","embeddable":true,"href":"https:\/\/koningdrone.be\/fr\/wp-json\/wp\/v2\/product_tag?post=15967"}],"curies":[{"name":"wp","href":"https:\/\/api.w.org\/{rel}","templated":true}]}}