{"id":15957,"date":"2025-10-06T10:21:45","date_gmt":"2025-10-06T08:21:45","guid":{"rendered":"https:\/\/koningdrone.be\/product\/dji-mini-5-pro-2\/"},"modified":"2026-04-29T04:30:39","modified_gmt":"2026-04-29T02:30:39","slug":"dji-mini-5-pro-2","status":"publish","type":"product","link":"https:\/\/koningdrone.be\/fr\/produit\/dji-mini-5-pro-2\/","title":{"rendered":"DJI Mini 5 Pro (DJI RC-N3)"},"content":{"rendered":"<h3>DJI Mini 5 Pro : une qualit\u00e9 d'image in\u00e9gal\u00e9e dans une veste ultral\u00e9g\u00e8re<\/h3>\n<p><iframe loading=\"lazy\" title=\"D\u00e9couvrez le DJI Mini 5 Pro - Mini drone cam\u00e9ra tout-en-un de 1 pouce \u00e0 grand CMOS\" width=\"800\" height=\"450\" src=\"https:\/\/www.youtube.com\/embed\/jRzpagPx6uY?feature=oembed&#038;enablejsapi=1&#038;origin=https:\/\/koningdrone.be\" frameborder=\"0\" allow=\"accelerometer; autoplay; clipboard-write; encrypted-media; gyroscope; picture-in-picture; web-share\" referrerpolicy=\"strict-origin-when-cross-origin\" allowfullscreen><\/iframe><\/p>\n<p style=\"margin: 20px 0\">Le <strong>DJI Mini 5 Pro avec DJI RC-N3<\/strong> red\u00e9finit ce qui est possible dans la cat\u00e9gorie des appareils de moins de 250 g. Alors que les limites de poids \u00e9taient jusqu'\u00e0 pr\u00e9sent souvent associ\u00e9es \u00e0 des capteurs plus petits, le Mini 5 Pro franchit cette barri\u00e8re avec un capteur spectaculaire. <strong>Capteur CMOS de 1 pouce<\/strong>. Cela signifie que vous capturez des images 4K professionnelles avec un niveau de d\u00e9tail et de sensibilit\u00e9 \u00e0 la lumi\u00e8re jusqu'\u00e0 pr\u00e9sent r\u00e9serv\u00e9 \u00e0 des drones beaucoup plus grands. Gr\u00e2ce \u00e0 sa conception ultra-l\u00e9g\u00e8re, le drone appartient \u00e0 la classe C0, ce qui vous permet de voler avec un minimum d'\u00e9quipes et un maximum de libert\u00e9. C'est la cam\u00e9ra id\u00e9ale pour les cin\u00e9astes itin\u00e9rants qui ne veulent pas faire de compromis sur la qualit\u00e9 de l'image.<\/p>\n<p><a href=\"https:\/\/koningdrone.nl\/wp-content\/uploads\/2025\/10\/DJI-Mini-5-Pro-DJI-RC-N3.jpg\"><img loading=\"lazy\" decoding=\"async\" class=\"size-medium wp-image-472527 aligncenter\" src=\"https:\/\/koningdrone.nl\/wp-content\/uploads\/2025\/10\/DJI-Mini-5-Pro-DJI-RC-N3-300x300.jpg\" alt=\"DJI Mini 5 Pro (DJI RC-N3)\" width=\"300\" height=\"300\" \/><\/a><\/p>\n<h4>Capteur r\u00e9volutionnaire de 1 pouce et dynamique de vol AI<\/h4>\n<p>Le Mini 5 Pro est un chef-d'\u0153uvre technique qui allie intelligence et puissance optique brute :<\/p>\n<ul>\n<li><strong>CMOS de 1 pouce et 4K HDR\/60fps :<\/strong> Le grand capteur permet d'obtenir des pixels plus grands, ce qui se traduit par des performances sup\u00e9rieures en basse lumi\u00e8re et une plage dynamique impressionnante. Qu'il s'agisse d'un coucher de soleil ou d'un paysage urbain tr\u00e8s contrast\u00e9, le <strong>Photos de 50 m\u00e9gapixels<\/strong> et les vid\u00e9os 4K restent nettes et color\u00e9es.<\/li>\n<li><strong>D\u00e9tection omnidirectionnelle d'obstacles :<\/strong> Malgr\u00e9 sa taille compacte, le Mini 5 Pro est \u00e9quip\u00e9 de capteurs qui voient dans toutes les directions. Le drone reconna\u00eet et \u00e9vite les obstacles de mani\u00e8re proactive, ce qui vous permet de vous concentrer pleinement sur la composition de votre prise de vue.<\/li>\n<li><strong>ActiveTrack 360\u00b0 :<\/strong> Gr\u00e2ce \u00e0 cette technologie de suivi avanc\u00e9e, votre sujet reste toujours net. Le drone effectue des mouvements fluides et cin\u00e9matiques autour de la cible, en anticipant intelligemment son environnement.<\/li>\n<\/ul>\n<h4>L'exp\u00e9rience DJI RC-N3 et la mobilit\u00e9 sup\u00e9rieure<\/h4>\n<p>Con\u00e7u pour la rapidit\u00e9, la stabilit\u00e9 et la facilit\u00e9 d'utilisation sur le terrain :<\/p>\n<ul>\n<li><strong>Contr\u00f4leur DJI RC-N3 Smart :<\/strong> Le contr\u00f4leur RC-N3 inclus est dot\u00e9 d'un <strong>affichage int\u00e9gr\u00e9 clair<\/strong>. Cela signifie que vous n'avez plus besoin de connecter un smartphone ou de vous soucier des appels entrants pendant le vol. L'interface est intuitive et la connexion est extr\u00eamement stable gr\u00e2ce \u00e0 une technologie de transmission am\u00e9lior\u00e9e.<\/li>\n<li><strong>Sub-249 Gram Design :<\/strong> Le Mini 5 Pro est con\u00e7u pour rester en dessous de la limite magique de 249 g, batterie et h\u00e9lices comprises. Cela le rend non seulement extr\u00eamement portable - il tient litt\u00e9ralement dans la poche d'une veste - mais permet \u00e9galement de commencer \u00e0 voler dans la plupart des r\u00e9gions sans avoir besoin d'un permis de vol approfondi.<\/li>\n<li><strong>V\u00e9ritable tir vertical :<\/strong> Comme ses pr\u00e9d\u00e9cesseurs, la Mini 5 Pro prend en charge un cardan rotatif physique pour les prises de vue verticales. Cela permet de s'assurer que le contenu destin\u00e9 aux m\u00e9dias sociaux utilise la pleine r\u00e9solution du capteur, sans perte de qualit\u00e9 due au recadrage.<\/li>\n<\/ul>\n<p><a href=\"https:\/\/koningdrone.nl\/wp-content\/uploads\/2025\/10\/DJI-Mini-5-Pro-DJI-RC-N3-Product.jpg\"><img loading=\"lazy\" decoding=\"async\" class=\"size-medium wp-image-472524 aligncenter\" src=\"https:\/\/koningdrone.nl\/wp-content\/uploads\/2025\/10\/DJI-Mini-5-Pro-DJI-RC-N3-Product-300x300.jpg\" alt=\"DJI Mini 5 Pro (DJI RC-N3) Product\" width=\"300\" height=\"300\" \/><\/a><\/p>\n<h4>Pourquoi le DJI Mini 5 Pro est indispensable<\/h4>\n<p>Le DJI Mini 5 Pro est le choix le plus intelligent pour le cr\u00e9ateur de contenu moderne. C'est la premi\u00e8re plateforme \u00e0 combiner un capteur de 1 pouce avec la portabilit\u00e9 ultime de la s\u00e9rie Mini. Que vous soyez un photographe professionnel \u00e0 la recherche d'un drone de secours capable d'aller partout, ou un voyageur passionn\u00e9 souhaitant immortaliser ses aventures en qualit\u00e9 cin\u00e9ma, le Mini 5 Pro offre l'\u00e9quilibre parfait entre l\u00e9gislation, mobilit\u00e9 et puissance visuelle in\u00e9gal\u00e9e.<\/p>","protected":false},"excerpt":{"rendered":"<ul>\n<li>Drone compact et l\u00e9ger de moins de 250 g<\/li>\n<li>Capteur CMOS de 1 pouce et photos de 50 MP<\/li>\n<li>Vid\u00e9o 4K HDR jusqu'\u00e0 60 fps<\/li>\n<li>D\u00e9tection des obstacles omnidirectionnels<\/li>\n<li>Contr\u00f4leur DJI RC-N3 avec \u00e9cran lumineux<\/li>\n<li>Modes de vol avanc\u00e9s tels que ActiveTrack 360\u00b0<\/li>\n<li>Id\u00e9al pour les voyages, le vlogging et le contenu cr\u00e9atif<\/li>\n<\/ul>","protected":false},"featured_media":18823,"template":"","meta":{"_acf_changed":false},"product_brand":[],"product_cat":[1698,1699],"product_tag":[],"class_list":{"0":"post-15957","1":"product","2":"type-product","3":"status-publish","4":"has-post-thumbnail","6":"product_cat-dji-mini-5-pro","7":"product_cat-oukitel-zonnepanelen","8":"product_shipping_class-dronelandall","9":"pa_brand-dji","10":"pa_producttype-drone","11":"pa_series-mini","13":"first","14":"instock","15":"taxable","16":"shipping-taxable","17":"purchasable","18":"product-type-simple"},"acf":[],"yoast_head":"<!-- This site is optimized with the Yoast SEO Premium plugin v27.2 (Yoast SEO v27.2) - https:\/\/yoast.com\/product\/yoast-seo-premium-wordpress\/ -->\n<title>DJI Mini 5 Pro (DJI RC-N3) - koningdrone.be<\/title>\n<meta name=\"robots\" content=\"index, follow, max-snippet:-1, max-image-preview:large, max-video-preview:-1\" \/>\n<link rel=\"canonical\" href=\"https:\/\/koningdrone.be\/fr\/produit\/dji-mini-5-pro-2\/\" \/>\n<meta property=\"og:locale\" content=\"fr_FR\" \/>\n<meta property=\"og:type\" content=\"article\" \/>\n<meta property=\"og:title\" content=\"DJI Mini 5 Pro (DJI RC-N3)\" \/>\n<meta property=\"og:description\" content=\"Compacte en lichte drone onder 250\u202fg  1\u2011inch CMOS\u2011sensor en 50\u202fMP foto\u2019s  4K HDR video tot 60\u202ffps  Omnidirectionele obstakeldetectie  DJI RC\u2011N3 controller met helder scherm  Geavanceerde vliegmodi zoals ActiveTrack 360\u00b0  Ideaal voor reizen, vloggen en creatieve content\" \/>\n<meta property=\"og:url\" content=\"https:\/\/koningdrone.be\/fr\/produit\/dji-mini-5-pro-2\/\" \/>\n<meta property=\"og:site_name\" content=\"koningdrone.be\" \/>\n<meta property=\"article:modified_time\" content=\"2026-04-29T02:30:39+00:00\" \/>\n<meta property=\"og:image\" content=\"https:\/\/koningdrone.be\/wp-content\/uploads\/sites\/13\/2026\/04\/DJI-Mini-5-Pro-DJI-RC-N3.jpg\" \/>\n\t<meta property=\"og:image:width\" content=\"2000\" \/>\n\t<meta property=\"og:image:height\" content=\"2000\" \/>\n\t<meta property=\"og:image:type\" content=\"image\/jpeg\" \/>\n<meta name=\"twitter:card\" content=\"summary_large_image\" \/>\n<meta name=\"twitter:label1\" content=\"Dur\u00e9e de lecture est.\" \/>\n\t<meta name=\"twitter:data1\" content=\"2 minutes\" \/>\n<script type=\"application\/ld+json\" class=\"yoast-schema-graph\">{\"@context\":\"https:\/\/schema.org\",\"@graph\":[{\"@type\":\"WebPage\",\"@id\":\"https:\/\/koningdrone.be\/product\/dji-mini-5-pro-2\/\",\"url\":\"https:\/\/koningdrone.be\/product\/dji-mini-5-pro-2\/\",\"name\":\"DJI Mini 5 Pro (DJI RC-N3) - koningdrone.be\",\"isPartOf\":{\"@id\":\"https:\/\/koningdrone.be\/#website\"},\"primaryImageOfPage\":{\"@id\":\"https:\/\/koningdrone.be\/product\/dji-mini-5-pro-2\/#primaryimage\"},\"image\":{\"@id\":\"https:\/\/koningdrone.be\/product\/dji-mini-5-pro-2\/#primaryimage\"},\"thumbnailUrl\":\"https:\/\/koningdrone.be\/wp-content\/uploads\/sites\/13\/2026\/04\/DJI-Mini-5-Pro-DJI-RC-N3.jpg\",\"datePublished\":\"2025-10-06T08:21:45+00:00\",\"dateModified\":\"2026-04-29T02:30:39+00:00\",\"breadcrumb\":{\"@id\":\"https:\/\/koningdrone.be\/product\/dji-mini-5-pro-2\/#breadcrumb\"},\"inLanguage\":\"fr-BE\",\"potentialAction\":[{\"@type\":\"ReadAction\",\"target\":[\"https:\/\/koningdrone.be\/product\/dji-mini-5-pro-2\/\"]}]},{\"@type\":\"ImageObject\",\"inLanguage\":\"fr-BE\",\"@id\":\"https:\/\/koningdrone.be\/product\/dji-mini-5-pro-2\/#primaryimage\",\"url\":\"https:\/\/koningdrone.be\/wp-content\/uploads\/sites\/13\/2026\/04\/DJI-Mini-5-Pro-DJI-RC-N3.jpg\",\"contentUrl\":\"https:\/\/koningdrone.be\/wp-content\/uploads\/sites\/13\/2026\/04\/DJI-Mini-5-Pro-DJI-RC-N3.jpg\",\"width\":2000,\"height\":2000},{\"@type\":\"BreadcrumbList\",\"@id\":\"https:\/\/koningdrone.be\/product\/dji-mini-5-pro-2\/#breadcrumb\",\"itemListElement\":[{\"@type\":\"ListItem\",\"position\":1,\"name\":\"Home\",\"item\":\"https:\/\/koningdrone.be\/\"},{\"@type\":\"ListItem\",\"position\":2,\"name\":\"AVSS Parachute Recovery System for DJI Matrice 300\/350\",\"item\":\"https:\/\/koningdrone.be\/product\/avss-parachute-recovery-system-for-dji-matrice-300-350\/\"},{\"@type\":\"ListItem\",\"position\":3,\"name\":\"DJI Mini 5 Pro\",\"item\":\"https:\/\/koningdrone.be\/categorie\/dji-mini-5-pro\/\"},{\"@type\":\"ListItem\",\"position\":4,\"name\":\"DJI Mini 5 Pro (DJI RC-N3)\"}]},{\"@type\":\"WebSite\",\"@id\":\"https:\/\/koningdrone.be\/#website\",\"url\":\"https:\/\/koningdrone.be\/\",\"name\":\"Koningdrone.be - Uw online specialist in drones, gimbals, camera's en power stations.\",\"description\":\"De webshop in drones en gimbals\",\"publisher\":{\"@id\":\"https:\/\/koningdrone.be\/#organization\"},\"potentialAction\":[{\"@type\":\"SearchAction\",\"target\":{\"@type\":\"EntryPoint\",\"urlTemplate\":\"https:\/\/koningdrone.be\/?s={search_term_string}\"},\"query-input\":{\"@type\":\"PropertyValueSpecification\",\"valueRequired\":true,\"valueName\":\"search_term_string\"}}],\"inLanguage\":\"fr-BE\"},{\"@type\":\"Organization\",\"@id\":\"https:\/\/koningdrone.be\/#organization\",\"name\":\"Koningdrone.be\",\"url\":\"https:\/\/koningdrone.be\/\",\"logo\":{\"@type\":\"ImageObject\",\"inLanguage\":\"fr-BE\",\"@id\":\"https:\/\/koningdrone.be\/#\/schema\/logo\/image\/\",\"url\":\"https:\/\/koningdrone.be\/wp-content\/uploads\/sites\/13\/2025\/04\/koningdrone-copyright-logo.svg\",\"contentUrl\":\"https:\/\/koningdrone.be\/wp-content\/uploads\/sites\/13\/2025\/04\/koningdrone-copyright-logo.svg\",\"width\":227,\"height\":38,\"caption\":\"Koningdrone.be\"},\"image\":{\"@id\":\"https:\/\/koningdrone.be\/#\/schema\/logo\/image\/\"}}]}<\/script>\n<!-- \/ Yoast SEO Premium plugin. -->","yoast_head_json":{"title":"DJI Mini 5 Pro (DJI RC-N3) - koningdrone.be","robots":{"index":"index","follow":"follow","max-snippet":"max-snippet:-1","max-image-preview":"max-image-preview:large","max-video-preview":"max-video-preview:-1"},"canonical":"https:\/\/koningdrone.be\/fr\/produit\/dji-mini-5-pro-2\/","og_locale":"fr_FR","og_type":"article","og_title":"DJI Mini 5 Pro (DJI RC-N3)","og_description":"Compacte en lichte drone onder 250\u202fg  1\u2011inch CMOS\u2011sensor en 50\u202fMP foto\u2019s  4K HDR video tot 60\u202ffps  Omnidirectionele obstakeldetectie  DJI RC\u2011N3 controller met helder scherm  Geavanceerde vliegmodi zoals ActiveTrack 360\u00b0  Ideaal voor reizen, vloggen en creatieve content","og_url":"https:\/\/koningdrone.be\/fr\/produit\/dji-mini-5-pro-2\/","og_site_name":"koningdrone.be","article_modified_time":"2026-04-29T02:30:39+00:00","og_image":[{"width":2000,"height":2000,"url":"https:\/\/koningdrone.be\/wp-content\/uploads\/sites\/13\/2026\/04\/DJI-Mini-5-Pro-DJI-RC-N3.jpg","type":"image\/jpeg"}],"twitter_card":"summary_large_image","twitter_misc":{"Dur\u00e9e de lecture est.":"2 minutes"},"schema":{"@context":"https:\/\/schema.org","@graph":[{"@type":"WebPage","@id":"https:\/\/koningdrone.be\/product\/dji-mini-5-pro-2\/","url":"https:\/\/koningdrone.be\/product\/dji-mini-5-pro-2\/","name":"DJI Mini 5 Pro (DJI RC-N3) - koningdrone.be","isPartOf":{"@id":"https:\/\/koningdrone.be\/#website"},"primaryImageOfPage":{"@id":"https:\/\/koningdrone.be\/product\/dji-mini-5-pro-2\/#primaryimage"},"image":{"@id":"https:\/\/koningdrone.be\/product\/dji-mini-5-pro-2\/#primaryimage"},"thumbnailUrl":"https:\/\/koningdrone.be\/wp-content\/uploads\/sites\/13\/2026\/04\/DJI-Mini-5-Pro-DJI-RC-N3.jpg","datePublished":"2025-10-06T08:21:45+00:00","dateModified":"2026-04-29T02:30:39+00:00","breadcrumb":{"@id":"https:\/\/koningdrone.be\/product\/dji-mini-5-pro-2\/#breadcrumb"},"inLanguage":"fr-BE","potentialAction":[{"@type":"ReadAction","target":["https:\/\/koningdrone.be\/product\/dji-mini-5-pro-2\/"]}]},{"@type":"ImageObject","inLanguage":"fr-BE","@id":"https:\/\/koningdrone.be\/product\/dji-mini-5-pro-2\/#primaryimage","url":"https:\/\/koningdrone.be\/wp-content\/uploads\/sites\/13\/2026\/04\/DJI-Mini-5-Pro-DJI-RC-N3.jpg","contentUrl":"https:\/\/koningdrone.be\/wp-content\/uploads\/sites\/13\/2026\/04\/DJI-Mini-5-Pro-DJI-RC-N3.jpg","width":2000,"height":2000},{"@type":"BreadcrumbList","@id":"https:\/\/koningdrone.be\/product\/dji-mini-5-pro-2\/#breadcrumb","itemListElement":[{"@type":"ListItem","position":1,"name":"Home","item":"https:\/\/koningdrone.be\/"},{"@type":"ListItem","position":2,"name":"AVSS Parachute Recovery System for DJI Matrice 300\/350","item":"https:\/\/koningdrone.be\/product\/avss-parachute-recovery-system-for-dji-matrice-300-350\/"},{"@type":"ListItem","position":3,"name":"DJI Mini 5 Pro","item":"https:\/\/koningdrone.be\/categorie\/dji-mini-5-pro\/"},{"@type":"ListItem","position":4,"name":"DJI Mini 5 Pro (DJI RC-N3)"}]},{"@type":"WebSite","@id":"https:\/\/koningdrone.be\/#website","url":"https:\/\/koningdrone.be\/","name":"Koningdrone.be - Votre sp\u00e9cialiste en ligne en mati\u00e8re de drones, de cardans, de cam\u00e9ras et de centrales \u00e9lectriques.","description":"La boutique en ligne de drones et de cardans","publisher":{"@id":"https:\/\/koningdrone.be\/#organization"},"potentialAction":[{"@type":"SearchAction","target":{"@type":"EntryPoint","urlTemplate":"https:\/\/koningdrone.be\/?s={search_term_string}"},"query-input":{"@type":"PropertyValueSpecification","valueRequired":true,"valueName":"search_term_string"}}],"inLanguage":"fr-BE"},{"@type":"Organization","@id":"https:\/\/koningdrone.be\/#organization","name":"Kingdrone.co.uk","url":"https:\/\/koningdrone.be\/","logo":{"@type":"ImageObject","inLanguage":"fr-BE","@id":"https:\/\/koningdrone.be\/#\/schema\/logo\/image\/","url":"https:\/\/koningdrone.be\/wp-content\/uploads\/sites\/13\/2025\/04\/koningdrone-copyright-logo.svg","contentUrl":"https:\/\/koningdrone.be\/wp-content\/uploads\/sites\/13\/2025\/04\/koningdrone-copyright-logo.svg","width":227,"height":38,"caption":"Koningdrone.be"},"image":{"@id":"https:\/\/koningdrone.be\/#\/schema\/logo\/image\/"}}]}},"df_price":793,"df_sale_price":"","df_regular_price":793,"df_image_link":"https:\/\/koningdrone.be\/wp-content\/uploads\/sites\/13\/2026\/04\/DJI-Mini-5-Pro-DJI-RC-N3-300x300.jpg","_links":{"self":[{"href":"https:\/\/koningdrone.be\/fr\/wp-json\/wp\/v2\/product\/15957","targetHints":{"allow":["GET"]}}],"collection":[{"href":"https:\/\/koningdrone.be\/fr\/wp-json\/wp\/v2\/product"}],"about":[{"href":"https:\/\/koningdrone.be\/fr\/wp-json\/wp\/v2\/types\/product"}],"wp:featuredmedia":[{"embeddable":true,"href":"https:\/\/koningdrone.be\/fr\/wp-json\/wp\/v2\/media\/18823"}],"wp:attachment":[{"href":"https:\/\/koningdrone.be\/fr\/wp-json\/wp\/v2\/media?parent=15957"}],"wp:term":[{"taxonomy":"product_brand","embeddable":true,"href":"https:\/\/koningdrone.be\/fr\/wp-json\/wp\/v2\/product_brand?post=15957"},{"taxonomy":"product_cat","embeddable":true,"href":"https:\/\/koningdrone.be\/fr\/wp-json\/wp\/v2\/product_cat?post=15957"},{"taxonomy":"product_tag","embeddable":true,"href":"https:\/\/koningdrone.be\/fr\/wp-json\/wp\/v2\/product_tag?post=15957"}],"curies":[{"name":"wp","href":"https:\/\/api.w.org\/{rel}","templated":true}]}}