{"id":1591,"date":"2024-12-04T12:16:51","date_gmt":"2024-12-04T11:16:51","guid":{"rendered":"https:\/\/koningdrone.nl\/kon\/?post_type=product&#038;p=1591"},"modified":"2026-04-29T15:00:12","modified_gmt":"2026-04-29T13:00:12","slug":"dji-care-enterprise-plus%ef%bc%88mavic-3t%ef%bc%89","status":"publish","type":"product","link":"https:\/\/koningdrone.be\/fr\/produit\/dji-care-enterprise-plus%ef%bc%88mavic-3t%ef%bc%89\/","title":{"rendered":"DJI Care Enterprise Plus\uff08Mavic 3T\uff09"},"content":{"rendered":"<p>DJI Care Enterprise Plus pour le Mavic 3T est un plan de service avanc\u00e9 qui offre une protection compl\u00e8te aux op\u00e9rateurs de drones professionnels. Il couvre un large \u00e9ventail de dommages accidentels, notamment les collisions et les d\u00e9g\u00e2ts des eaux, et comprend jusqu'\u00e0 deux remplacements complets. Avec une assistance prioritaire et des d\u00e9lais de r\u00e9paration rapides, ce plan minimise les temps d'arr\u00eat et permet \u00e0 votre Mavic 3T de rester op\u00e9rationnel pour les t\u00e2ches critiques. Id\u00e9al pour les utilisateurs commerciaux, DJI Care Enterprise Plus garantit un service fiable et une tranquillit\u00e9 d'esprit tout au long du cycle de vie de votre drone.<\/p>","protected":false},"excerpt":{"rendered":"<ul>\n<li>DJI Care Enterprise Plus offre une protection compl\u00e8te avec une couverture \u00e9tendue pour une large gamme de dommages.<\/li>\n<li>Le plan offre un niveau de service \u00e9lev\u00e9 avec jusqu'\u00e0 deux remplacements complets en cas de dommages graves.<\/li>\n<li>Gr\u00e2ce \u00e0 l'assistance prioritaire, DJI garantit un temps d'immobilisation minimal en g\u00e9rant rapidement les r\u00e9parations ou les remplacements.<\/li>\n<li>Il comprend des services de r\u00e9paration avanc\u00e9s pour le drone et ses accessoires.<\/li>\n<li>Con\u00e7u pour les utilisateurs professionnels, ce plan garantit la fiabilit\u00e9 et le fonctionnement continus du Mavic 3T.<\/li>\n<\/ul>","protected":false},"featured_media":1590,"template":"","meta":{"_acf_changed":false},"product_brand":[],"product_cat":[58],"product_tag":[],"class_list":{"0":"post-1591","1":"product","2":"type-product","3":"status-publish","4":"has-post-thumbnail","6":"product_cat-uncategorized","7":"product_shipping_class-outofstock","8":"pa_brand-dji","9":"pa_producttype-service-plan","10":"pa_series-mavic-3t","12":"first","13":"outofstock","14":"taxable","15":"shipping-taxable","16":"purchasable","17":"product-type-simple"},"acf":[],"yoast_head":"<!-- This site is optimized with the Yoast SEO Premium plugin v27.2 (Yoast SEO v27.2) - https:\/\/yoast.com\/product\/yoast-seo-premium-wordpress\/ -->\n<title>DJI Care Enterprise Plus\uff08Mavic 3T\uff09 - koningdrone.be<\/title>\n<meta name=\"robots\" content=\"index, follow, max-snippet:-1, max-image-preview:large, max-video-preview:-1\" \/>\n<link rel=\"canonical\" href=\"https:\/\/koningdrone.be\/fr\/produit\/dji-care-enterprise-plus\uff08mavic-3t\uff09\/\" \/>\n<meta property=\"og:locale\" content=\"fr_FR\" \/>\n<meta property=\"og:type\" content=\"article\" \/>\n<meta property=\"og:title\" content=\"DJI Care Enterprise Plus\uff08Mavic 3T\uff09\" \/>\n<meta property=\"og:description\" content=\"DJI Care Enterprise Plus biedt uitgebreide bescherming met uitgebreide dekking voor een breed scala aan schade.Het plan biedt een hoog serviceniveau met tot twee volledige vervangingen in geval van ernstige schade.Met prioriteitsondersteuning zorgt DJI voor minimale downtime door reparaties of vervangingen snel af te handelen.Het omvat geavanceerde reparatieservices voor zowel de drone als de accessoires.Dit plan is ontworpen voor professionele gebruikers en garandeert een blijvende betrouwbaarheid en werking van de Mavic 3T.\" \/>\n<meta property=\"og:url\" content=\"https:\/\/koningdrone.be\/fr\/produit\/dji-care-enterprise-plus\uff08mavic-3t\uff09\/\" \/>\n<meta property=\"og:site_name\" content=\"koningdrone.be\" \/>\n<meta property=\"article:modified_time\" content=\"2026-04-29T13:00:12+00:00\" \/>\n<meta property=\"og:image\" content=\"https:\/\/koningdrone.be\/wp-content\/uploads\/sites\/13\/2025\/04\/9263cd3b18fd4fef95b4b6f5c6b0f26e@origin-scaled-1.jpg\" \/>\n\t<meta property=\"og:image:width\" content=\"2560\" \/>\n\t<meta property=\"og:image:height\" content=\"1707\" \/>\n\t<meta property=\"og:image:type\" content=\"image\/jpeg\" \/>\n<meta name=\"twitter:card\" content=\"summary_large_image\" \/>\n<script type=\"application\/ld+json\" class=\"yoast-schema-graph\">{\"@context\":\"https:\/\/schema.org\",\"@graph\":[{\"@type\":\"WebPage\",\"@id\":\"https:\/\/koningdrone.be\/product\/dji-care-enterprise-plus%ef%bc%88mavic-3t%ef%bc%89\/\",\"url\":\"https:\/\/koningdrone.be\/product\/dji-care-enterprise-plus%ef%bc%88mavic-3t%ef%bc%89\/\",\"name\":\"DJI Care Enterprise Plus\uff08Mavic 3T\uff09 - koningdrone.be\",\"isPartOf\":{\"@id\":\"https:\/\/koningdrone.be\/#website\"},\"primaryImageOfPage\":{\"@id\":\"https:\/\/koningdrone.be\/product\/dji-care-enterprise-plus%ef%bc%88mavic-3t%ef%bc%89\/#primaryimage\"},\"image\":{\"@id\":\"https:\/\/koningdrone.be\/product\/dji-care-enterprise-plus%ef%bc%88mavic-3t%ef%bc%89\/#primaryimage\"},\"thumbnailUrl\":\"https:\/\/koningdrone.be\/wp-content\/uploads\/sites\/13\/2025\/04\/9263cd3b18fd4fef95b4b6f5c6b0f26e@origin-scaled-1.jpg\",\"datePublished\":\"2024-12-04T11:16:51+00:00\",\"dateModified\":\"2026-04-29T13:00:12+00:00\",\"breadcrumb\":{\"@id\":\"https:\/\/koningdrone.be\/product\/dji-care-enterprise-plus%ef%bc%88mavic-3t%ef%bc%89\/#breadcrumb\"},\"inLanguage\":\"fr-BE\",\"potentialAction\":[{\"@type\":\"ReadAction\",\"target\":[\"https:\/\/koningdrone.be\/product\/dji-care-enterprise-plus%ef%bc%88mavic-3t%ef%bc%89\/\"]}]},{\"@type\":\"ImageObject\",\"inLanguage\":\"fr-BE\",\"@id\":\"https:\/\/koningdrone.be\/product\/dji-care-enterprise-plus%ef%bc%88mavic-3t%ef%bc%89\/#primaryimage\",\"url\":\"https:\/\/koningdrone.be\/wp-content\/uploads\/sites\/13\/2025\/04\/9263cd3b18fd4fef95b4b6f5c6b0f26e@origin-scaled-1.jpg\",\"contentUrl\":\"https:\/\/koningdrone.be\/wp-content\/uploads\/sites\/13\/2025\/04\/9263cd3b18fd4fef95b4b6f5c6b0f26e@origin-scaled-1.jpg\",\"width\":2560,\"height\":1707},{\"@type\":\"BreadcrumbList\",\"@id\":\"https:\/\/koningdrone.be\/product\/dji-care-enterprise-plus%ef%bc%88mavic-3t%ef%bc%89\/#breadcrumb\",\"itemListElement\":[{\"@type\":\"ListItem\",\"position\":1,\"name\":\"Home\",\"item\":\"https:\/\/koningdrone.be\/\"},{\"@type\":\"ListItem\",\"position\":2,\"name\":\"AVSS Parachute Recovery System for DJI Matrice 300\/350\",\"item\":\"https:\/\/koningdrone.be\/product\/avss-parachute-recovery-system-for-dji-matrice-300-350\/\"},{\"@type\":\"ListItem\",\"position\":3,\"name\":\"Uncategorized\",\"item\":\"https:\/\/koningdrone.be\/categorie\/uncategorized\/\"},{\"@type\":\"ListItem\",\"position\":4,\"name\":\"DJI Care Enterprise Plus\uff08Mavic 3T\uff09\"}]},{\"@type\":\"WebSite\",\"@id\":\"https:\/\/koningdrone.be\/#website\",\"url\":\"https:\/\/koningdrone.be\/\",\"name\":\"Koningdrone.be - Uw online specialist in drones, gimbals, camera's en power stations.\",\"description\":\"De webshop in drones en gimbals\",\"publisher\":{\"@id\":\"https:\/\/koningdrone.be\/#organization\"},\"potentialAction\":[{\"@type\":\"SearchAction\",\"target\":{\"@type\":\"EntryPoint\",\"urlTemplate\":\"https:\/\/koningdrone.be\/?s={search_term_string}\"},\"query-input\":{\"@type\":\"PropertyValueSpecification\",\"valueRequired\":true,\"valueName\":\"search_term_string\"}}],\"inLanguage\":\"fr-BE\"},{\"@type\":\"Organization\",\"@id\":\"https:\/\/koningdrone.be\/#organization\",\"name\":\"Koningdrone.be\",\"url\":\"https:\/\/koningdrone.be\/\",\"logo\":{\"@type\":\"ImageObject\",\"inLanguage\":\"fr-BE\",\"@id\":\"https:\/\/koningdrone.be\/#\/schema\/logo\/image\/\",\"url\":\"https:\/\/koningdrone.be\/wp-content\/uploads\/sites\/13\/2025\/04\/koningdrone-copyright-logo.svg\",\"contentUrl\":\"https:\/\/koningdrone.be\/wp-content\/uploads\/sites\/13\/2025\/04\/koningdrone-copyright-logo.svg\",\"width\":227,\"height\":38,\"caption\":\"Koningdrone.be\"},\"image\":{\"@id\":\"https:\/\/koningdrone.be\/#\/schema\/logo\/image\/\"}}]}<\/script>\n<!-- \/ Yoast SEO Premium plugin. -->","yoast_head_json":{"title":"DJI Care Enterprise Plus\uff08Mavic 3T\uff09 - koningdrone.be","robots":{"index":"index","follow":"follow","max-snippet":"max-snippet:-1","max-image-preview":"max-image-preview:large","max-video-preview":"max-video-preview:-1"},"canonical":"https:\/\/koningdrone.be\/fr\/produit\/dji-care-enterprise-plus\uff08mavic-3t\uff09\/","og_locale":"fr_FR","og_type":"article","og_title":"DJI Care Enterprise Plus\uff08Mavic 3T\uff09","og_description":"DJI Care Enterprise Plus biedt uitgebreide bescherming met uitgebreide dekking voor een breed scala aan schade.Het plan biedt een hoog serviceniveau met tot twee volledige vervangingen in geval van ernstige schade.Met prioriteitsondersteuning zorgt DJI voor minimale downtime door reparaties of vervangingen snel af te handelen.Het omvat geavanceerde reparatieservices voor zowel de drone als de accessoires.Dit plan is ontworpen voor professionele gebruikers en garandeert een blijvende betrouwbaarheid en werking van de Mavic 3T.","og_url":"https:\/\/koningdrone.be\/fr\/produit\/dji-care-enterprise-plus\uff08mavic-3t\uff09\/","og_site_name":"koningdrone.be","article_modified_time":"2026-04-29T13:00:12+00:00","og_image":[{"width":2560,"height":1707,"url":"https:\/\/koningdrone.be\/wp-content\/uploads\/sites\/13\/2025\/04\/9263cd3b18fd4fef95b4b6f5c6b0f26e@origin-scaled-1.jpg","type":"image\/jpeg"}],"twitter_card":"summary_large_image","schema":{"@context":"https:\/\/schema.org","@graph":[{"@type":"WebPage","@id":"https:\/\/koningdrone.be\/product\/dji-care-enterprise-plus%ef%bc%88mavic-3t%ef%bc%89\/","url":"https:\/\/koningdrone.be\/product\/dji-care-enterprise-plus%ef%bc%88mavic-3t%ef%bc%89\/","name":"DJI Care Enterprise Plus\uff08Mavic 3T\uff09 - koningdrone.be","isPartOf":{"@id":"https:\/\/koningdrone.be\/#website"},"primaryImageOfPage":{"@id":"https:\/\/koningdrone.be\/product\/dji-care-enterprise-plus%ef%bc%88mavic-3t%ef%bc%89\/#primaryimage"},"image":{"@id":"https:\/\/koningdrone.be\/product\/dji-care-enterprise-plus%ef%bc%88mavic-3t%ef%bc%89\/#primaryimage"},"thumbnailUrl":"https:\/\/koningdrone.be\/wp-content\/uploads\/sites\/13\/2025\/04\/9263cd3b18fd4fef95b4b6f5c6b0f26e@origin-scaled-1.jpg","datePublished":"2024-12-04T11:16:51+00:00","dateModified":"2026-04-29T13:00:12+00:00","breadcrumb":{"@id":"https:\/\/koningdrone.be\/product\/dji-care-enterprise-plus%ef%bc%88mavic-3t%ef%bc%89\/#breadcrumb"},"inLanguage":"fr-BE","potentialAction":[{"@type":"ReadAction","target":["https:\/\/koningdrone.be\/product\/dji-care-enterprise-plus%ef%bc%88mavic-3t%ef%bc%89\/"]}]},{"@type":"ImageObject","inLanguage":"fr-BE","@id":"https:\/\/koningdrone.be\/product\/dji-care-enterprise-plus%ef%bc%88mavic-3t%ef%bc%89\/#primaryimage","url":"https:\/\/koningdrone.be\/wp-content\/uploads\/sites\/13\/2025\/04\/9263cd3b18fd4fef95b4b6f5c6b0f26e@origin-scaled-1.jpg","contentUrl":"https:\/\/koningdrone.be\/wp-content\/uploads\/sites\/13\/2025\/04\/9263cd3b18fd4fef95b4b6f5c6b0f26e@origin-scaled-1.jpg","width":2560,"height":1707},{"@type":"BreadcrumbList","@id":"https:\/\/koningdrone.be\/product\/dji-care-enterprise-plus%ef%bc%88mavic-3t%ef%bc%89\/#breadcrumb","itemListElement":[{"@type":"ListItem","position":1,"name":"Home","item":"https:\/\/koningdrone.be\/"},{"@type":"ListItem","position":2,"name":"AVSS Parachute Recovery System for DJI Matrice 300\/350","item":"https:\/\/koningdrone.be\/product\/avss-parachute-recovery-system-for-dji-matrice-300-350\/"},{"@type":"ListItem","position":3,"name":"Uncategorized","item":"https:\/\/koningdrone.be\/categorie\/uncategorized\/"},{"@type":"ListItem","position":4,"name":"DJI Care Enterprise Plus\uff08Mavic 3T\uff09"}]},{"@type":"WebSite","@id":"https:\/\/koningdrone.be\/#website","url":"https:\/\/koningdrone.be\/","name":"Koningdrone.be - Votre sp\u00e9cialiste en ligne en mati\u00e8re de drones, de cardans, de cam\u00e9ras et de centrales \u00e9lectriques.","description":"La boutique en ligne de drones et de cardans","publisher":{"@id":"https:\/\/koningdrone.be\/#organization"},"potentialAction":[{"@type":"SearchAction","target":{"@type":"EntryPoint","urlTemplate":"https:\/\/koningdrone.be\/?s={search_term_string}"},"query-input":{"@type":"PropertyValueSpecification","valueRequired":true,"valueName":"search_term_string"}}],"inLanguage":"fr-BE"},{"@type":"Organization","@id":"https:\/\/koningdrone.be\/#organization","name":"Kingdrone.co.uk","url":"https:\/\/koningdrone.be\/","logo":{"@type":"ImageObject","inLanguage":"fr-BE","@id":"https:\/\/koningdrone.be\/#\/schema\/logo\/image\/","url":"https:\/\/koningdrone.be\/wp-content\/uploads\/sites\/13\/2025\/04\/koningdrone-copyright-logo.svg","contentUrl":"https:\/\/koningdrone.be\/wp-content\/uploads\/sites\/13\/2025\/04\/koningdrone-copyright-logo.svg","width":227,"height":38,"caption":"Koningdrone.be"},"image":{"@id":"https:\/\/koningdrone.be\/#\/schema\/logo\/image\/"}}]}},"df_price":999,"df_sale_price":"","df_regular_price":999,"df_image_link":"https:\/\/koningdrone.be\/wp-content\/uploads\/sites\/13\/2025\/04\/9263cd3b18fd4fef95b4b6f5c6b0f26e@origin-scaled-1-300x200.jpg","_links":{"self":[{"href":"https:\/\/koningdrone.be\/fr\/wp-json\/wp\/v2\/product\/1591","targetHints":{"allow":["GET"]}}],"collection":[{"href":"https:\/\/koningdrone.be\/fr\/wp-json\/wp\/v2\/product"}],"about":[{"href":"https:\/\/koningdrone.be\/fr\/wp-json\/wp\/v2\/types\/product"}],"wp:featuredmedia":[{"embeddable":true,"href":"https:\/\/koningdrone.be\/fr\/wp-json\/wp\/v2\/media\/1590"}],"wp:attachment":[{"href":"https:\/\/koningdrone.be\/fr\/wp-json\/wp\/v2\/media?parent=1591"}],"wp:term":[{"taxonomy":"product_brand","embeddable":true,"href":"https:\/\/koningdrone.be\/fr\/wp-json\/wp\/v2\/product_brand?post=1591"},{"taxonomy":"product_cat","embeddable":true,"href":"https:\/\/koningdrone.be\/fr\/wp-json\/wp\/v2\/product_cat?post=1591"},{"taxonomy":"product_tag","embeddable":true,"href":"https:\/\/koningdrone.be\/fr\/wp-json\/wp\/v2\/product_tag?post=1591"}],"curies":[{"name":"wp","href":"https:\/\/api.w.org\/{rel}","templated":true}]}}