{"id":15836,"date":"2026-01-23T02:57:35","date_gmt":"2026-01-23T01:57:35","guid":{"rendered":"https:\/\/koningdrone.be\/product\/dji-power-1-8kw-solar-car-super-fast-charger\/"},"modified":"2026-04-29T15:00:31","modified_gmt":"2026-04-29T13:00:31","slug":"dji-power-1-8kw-solar-car-super-fast-charger","status":"publish","type":"product","link":"https:\/\/koningdrone.be\/fr\/produit\/dji-power-1-8kw-solar-car-super-fast-charger\/","title":{"rendered":"Chargeur solaire\/voiture super rapide DJI Power 1.8kW"},"content":{"rendered":"<p data-path-to-node=\"9\">Le <b data-path-to-node=\"9\" data-index-in-node=\"3\">Chargeur solaire\/voiture super rapide DJI Power 1.8kW<\/b> est la solution ultime pour les professionnels et les voyageurs qui ont besoin d'une ind\u00e9pendance \u00e9nerg\u00e9tique totale. Ce chargeur innovant vous permet de charger votre DJI Power 1000 ou 2000 \u00e0 la vitesse de l'\u00e9clair en utilisant simultan\u00e9ment l'\u00e9nergie solaire et l'alternateur de votre v\u00e9hicule. Avec une capacit\u00e9 de charge combin\u00e9e allant jusqu'\u00e0 1800 W, vous avez toujours la garantie d'une puissance suffisante, m\u00eame lors d'op\u00e9rations intensives de plusieurs jours ou de voyages dans des zones recul\u00e9es.<\/p>\n<p data-path-to-node=\"10\">En plus de recharger votre station d'alimentation, cette unit\u00e9 offre une fonction intelligente de charge bidirectionnelle qui maintient la stabilit\u00e9 de la batterie de votre v\u00e9hicule. Con\u00e7u pour \u00eatre utilis\u00e9 avec les syst\u00e8mes \u00e9lectriques 12V et 24V, il est compatible avec une large gamme de produits DJI, y compris le nouveau Power 1000 V2. Que vous construisiez un syst\u00e8me de secours \u00e0 domicile ou que vous installiez un centre de commande mobile dans un v\u00e9hicule r\u00e9cr\u00e9atif, ce chargeur est le centre puissant de votre syst\u00e8me d'alimentation.<\/p>","protected":false},"excerpt":{"rendered":"<ul>\n<li>\n<ul>\n<li>\n<p data-path-to-node=\"6,0,0\"><b data-path-to-node=\"6,0,0\" data-index-in-node=\"0\">Capacit\u00e9 de charge combin\u00e9e puissante de 1800 W :<\/b> Permet d'obtenir une puissance maximale en combinant l'\u00e9nergie fournie par les panneaux solaires (1200 W) et l'alternateur de votre v\u00e9hicule (600 W).<\/p>\n<\/li>\n<li>\n<p data-path-to-node=\"6,1,0\"><b data-path-to-node=\"6,1,0\" data-index-in-node=\"0\">Chargement plus rapide en d\u00e9placement :<\/b> Charge jusqu'\u00e0 1024 Wh d'\u00e9nergie en seulement 40 minutes de conduite, ou 2048 Wh en 75 minutes.<\/p>\n<\/li>\n<li>\n<p data-path-to-node=\"6,2,0\"><b data-path-to-node=\"6,2,0\" data-index-in-node=\"0\">Chargement bidirectionnel intelligent :<\/b> La DJI Power Station permet de recharger la batterie de votre camping-car ou de votre v\u00e9hicule de loisir afin d'\u00e9viter que la batterie de d\u00e9marrage ne se vide.<\/p>\n<\/li>\n<li>\n<p data-path-to-node=\"6,3,0\"><b data-path-to-node=\"6,3,0\" data-index-in-node=\"0\">Des connexions solaires flexibles :<\/b> \u00c9quip\u00e9 de ports MC4 et XT90 pour faciliter l'installation de divers syst\u00e8mes de panneaux solaires.<\/p>\n<\/li>\n<li>\n<p data-path-to-node=\"6,4,0\"><b data-path-to-node=\"6,4,0\" data-index-in-node=\"0\">Conception compacte et l\u00e9g\u00e8re :<\/b> Ne pesant qu'environ 1,2 kg, ses dimensions modestes lui permettent de s'int\u00e9grer facilement dans n'importe quel v\u00e9hicule.<\/p>\n<\/li>\n<li>\n<p data-path-to-node=\"6,5,0\"><b data-path-to-node=\"6,5,0\" data-index-in-node=\"0\">Sauvegarde de la maison durable :<\/b> Permet de stocker jusqu'\u00e0 1800 W d'\u00e9nergie solaire pour une alimentation de secours respectueuse de l'environnement, en combinaison avec des batteries d'extension.<\/p>\n<\/li>\n<\/ul>\n<\/li>\n<\/ul>","protected":false},"featured_media":15831,"template":"","meta":{"_acf_changed":false},"product_brand":[],"product_cat":[111,327,627,1145],"product_tag":[],"class_list":{"0":"post-15836","1":"product","2":"type-product","3":"status-publish","4":"has-post-thumbnail","6":"product_cat-alle-opladers","7":"product_cat-dji-energy","8":"product_cat-dji-powerstations","9":"product_cat-opladers","10":"product_shipping_class-outofstock","11":"pa_brand-dji","12":"pa_producttype-oplader","13":"pa_series-matrice-4","15":"first","16":"onbackorder","17":"taxable","18":"shipping-taxable","19":"purchasable","20":"product-type-simple"},"acf":[],"yoast_head":"<!-- This site is optimized with the Yoast SEO Premium plugin v27.2 (Yoast SEO v27.2) - https:\/\/yoast.com\/product\/yoast-seo-premium-wordpress\/ -->\n<title>DJI Power 1.8kW Solar\/Car Super Fast Charger - koningdrone.be<\/title>\n<meta name=\"robots\" content=\"index, follow, max-snippet:-1, max-image-preview:large, max-video-preview:-1\" \/>\n<link rel=\"canonical\" href=\"https:\/\/koningdrone.be\/fr\/produit\/dji-power-1-8kw-solar-car-super-fast-charger\/\" \/>\n<meta property=\"og:locale\" content=\"fr_FR\" \/>\n<meta property=\"og:type\" content=\"article\" \/>\n<meta property=\"og:title\" content=\"DJI Power 1.8kW Solar\/Car Super Fast Charger\" \/>\n<meta property=\"og:description\" content=\"Krachtig gecombineerd laadvermogen van 1800 W: Bereikt een maximaal vermogen door energie-invoer van zowel zonnepanelen (1200 W) als de dynamo van uw voertuig (600 W) te combineren.    Sneller opladen onderweg: Laadt tot 1024 Wh aan energie in slechts 40 minuten rijden, of 2048 Wh in 75 minuten.    Slimme bidirectionele oplading: Kan de accu van uw camper of recreatievoertuig bijladen met stroom uit de DJI Power-station om te voorkomen dat de startaccu leegloopt.    Flexibele zonne-energie aansluitingen: Uitgerust met zowel MC4- als XT90-poorten voor eenvoudige installatie van diverse zonnepaneelsystemen.    Compact en lichtgewicht ontwerp: Weegt slechts ongeveer 1,2 kg en is dankzij de bescheiden afmetingen gemakkelijk te plaatsen in elk voertuig.    Duurzame Thuis-backup: Maakt tot 1800 W zonne-energieopslag mogelijk voor een milieuvriendelijke noodstroomvoorziening in combinatie met uitbreidingsbatterijen.\" \/>\n<meta property=\"og:url\" content=\"https:\/\/koningdrone.be\/fr\/produit\/dji-power-1-8kw-solar-car-super-fast-charger\/\" \/>\n<meta property=\"og:site_name\" content=\"koningdrone.be\" \/>\n<meta property=\"article:modified_time\" content=\"2026-04-29T13:00:31+00:00\" \/>\n<meta property=\"og:image\" content=\"https:\/\/koningdrone.be\/wp-content\/uploads\/sites\/13\/2026\/01\/DJI-Power-1.8kW-SolarCar-Super-Fast-Charger-5-scaled-1.webp\" \/>\n\t<meta property=\"og:image:width\" content=\"1920\" \/>\n\t<meta property=\"og:image:height\" content=\"1280\" \/>\n\t<meta property=\"og:image:type\" content=\"image\/jpeg\" \/>\n<meta name=\"twitter:card\" content=\"summary_large_image\" \/>\n<meta name=\"twitter:label1\" content=\"Dur\u00e9e de lecture est.\" \/>\n\t<meta name=\"twitter:data1\" content=\"1 minute\" \/>\n<script type=\"application\/ld+json\" class=\"yoast-schema-graph\">{\"@context\":\"https:\/\/schema.org\",\"@graph\":[{\"@type\":\"WebPage\",\"@id\":\"https:\/\/koningdrone.be\/product\/dji-power-1-8kw-solar-car-super-fast-charger\/\",\"url\":\"https:\/\/koningdrone.be\/product\/dji-power-1-8kw-solar-car-super-fast-charger\/\",\"name\":\"DJI Power 1.8kW Solar\/Car Super Fast Charger - koningdrone.be\",\"isPartOf\":{\"@id\":\"https:\/\/koningdrone.be\/#website\"},\"primaryImageOfPage\":{\"@id\":\"https:\/\/koningdrone.be\/product\/dji-power-1-8kw-solar-car-super-fast-charger\/#primaryimage\"},\"image\":{\"@id\":\"https:\/\/koningdrone.be\/product\/dji-power-1-8kw-solar-car-super-fast-charger\/#primaryimage\"},\"thumbnailUrl\":\"https:\/\/koningdrone.be\/wp-content\/uploads\/sites\/13\/2026\/01\/DJI-Power-1.8kW-SolarCar-Super-Fast-Charger-5-scaled-1.webp\",\"datePublished\":\"2026-01-23T01:57:35+00:00\",\"dateModified\":\"2026-04-29T13:00:31+00:00\",\"breadcrumb\":{\"@id\":\"https:\/\/koningdrone.be\/product\/dji-power-1-8kw-solar-car-super-fast-charger\/#breadcrumb\"},\"inLanguage\":\"fr-BE\",\"potentialAction\":[{\"@type\":\"ReadAction\",\"target\":[\"https:\/\/koningdrone.be\/product\/dji-power-1-8kw-solar-car-super-fast-charger\/\"]}]},{\"@type\":\"ImageObject\",\"inLanguage\":\"fr-BE\",\"@id\":\"https:\/\/koningdrone.be\/product\/dji-power-1-8kw-solar-car-super-fast-charger\/#primaryimage\",\"url\":\"https:\/\/koningdrone.be\/wp-content\/uploads\/sites\/13\/2026\/01\/DJI-Power-1.8kW-SolarCar-Super-Fast-Charger-5-scaled-1.webp\",\"contentUrl\":\"https:\/\/koningdrone.be\/wp-content\/uploads\/sites\/13\/2026\/01\/DJI-Power-1.8kW-SolarCar-Super-Fast-Charger-5-scaled-1.webp\",\"width\":1920,\"height\":1280},{\"@type\":\"BreadcrumbList\",\"@id\":\"https:\/\/koningdrone.be\/product\/dji-power-1-8kw-solar-car-super-fast-charger\/#breadcrumb\",\"itemListElement\":[{\"@type\":\"ListItem\",\"position\":1,\"name\":\"Home\",\"item\":\"https:\/\/koningdrone.be\/\"},{\"@type\":\"ListItem\",\"position\":2,\"name\":\"AVSS Parachute Recovery System for DJI Matrice 300\/350\",\"item\":\"https:\/\/koningdrone.be\/product\/avss-parachute-recovery-system-for-dji-matrice-300-350\/\"},{\"@type\":\"ListItem\",\"position\":3,\"name\":\"Alle opladers\",\"item\":\"https:\/\/koningdrone.be\/categorie\/alle-opladers\/\"},{\"@type\":\"ListItem\",\"position\":4,\"name\":\"DJI Power 1.8kW Solar\/Car Super Fast Charger\"}]},{\"@type\":\"WebSite\",\"@id\":\"https:\/\/koningdrone.be\/#website\",\"url\":\"https:\/\/koningdrone.be\/\",\"name\":\"Koningdrone.be - Uw online specialist in drones, gimbals, camera's en power stations.\",\"description\":\"De webshop in drones en gimbals\",\"publisher\":{\"@id\":\"https:\/\/koningdrone.be\/#organization\"},\"potentialAction\":[{\"@type\":\"SearchAction\",\"target\":{\"@type\":\"EntryPoint\",\"urlTemplate\":\"https:\/\/koningdrone.be\/?s={search_term_string}\"},\"query-input\":{\"@type\":\"PropertyValueSpecification\",\"valueRequired\":true,\"valueName\":\"search_term_string\"}}],\"inLanguage\":\"fr-BE\"},{\"@type\":\"Organization\",\"@id\":\"https:\/\/koningdrone.be\/#organization\",\"name\":\"Koningdrone.be\",\"url\":\"https:\/\/koningdrone.be\/\",\"logo\":{\"@type\":\"ImageObject\",\"inLanguage\":\"fr-BE\",\"@id\":\"https:\/\/koningdrone.be\/#\/schema\/logo\/image\/\",\"url\":\"https:\/\/koningdrone.be\/wp-content\/uploads\/sites\/13\/2025\/04\/koningdrone-copyright-logo.svg\",\"contentUrl\":\"https:\/\/koningdrone.be\/wp-content\/uploads\/sites\/13\/2025\/04\/koningdrone-copyright-logo.svg\",\"width\":227,\"height\":38,\"caption\":\"Koningdrone.be\"},\"image\":{\"@id\":\"https:\/\/koningdrone.be\/#\/schema\/logo\/image\/\"}}]}<\/script>\n<!-- \/ Yoast SEO Premium plugin. -->","yoast_head_json":{"title":"DJI Power 1.8kW Solar\/Car Super Fast Charger - koningdrone.be","robots":{"index":"index","follow":"follow","max-snippet":"max-snippet:-1","max-image-preview":"max-image-preview:large","max-video-preview":"max-video-preview:-1"},"canonical":"https:\/\/koningdrone.be\/fr\/produit\/dji-power-1-8kw-solar-car-super-fast-charger\/","og_locale":"fr_FR","og_type":"article","og_title":"DJI Power 1.8kW Solar\/Car Super Fast Charger","og_description":"Krachtig gecombineerd laadvermogen van 1800 W: Bereikt een maximaal vermogen door energie-invoer van zowel zonnepanelen (1200 W) als de dynamo van uw voertuig (600 W) te combineren.    Sneller opladen onderweg: Laadt tot 1024 Wh aan energie in slechts 40 minuten rijden, of 2048 Wh in 75 minuten.    Slimme bidirectionele oplading: Kan de accu van uw camper of recreatievoertuig bijladen met stroom uit de DJI Power-station om te voorkomen dat de startaccu leegloopt.    Flexibele zonne-energie aansluitingen: Uitgerust met zowel MC4- als XT90-poorten voor eenvoudige installatie van diverse zonnepaneelsystemen.    Compact en lichtgewicht ontwerp: Weegt slechts ongeveer 1,2 kg en is dankzij de bescheiden afmetingen gemakkelijk te plaatsen in elk voertuig.    Duurzame Thuis-backup: Maakt tot 1800 W zonne-energieopslag mogelijk voor een milieuvriendelijke noodstroomvoorziening in combinatie met uitbreidingsbatterijen.","og_url":"https:\/\/koningdrone.be\/fr\/produit\/dji-power-1-8kw-solar-car-super-fast-charger\/","og_site_name":"koningdrone.be","article_modified_time":"2026-04-29T13:00:31+00:00","og_image":[{"width":1920,"height":1280,"url":"https:\/\/koningdrone.be\/wp-content\/uploads\/sites\/13\/2026\/01\/DJI-Power-1.8kW-SolarCar-Super-Fast-Charger-5-scaled-1.webp","type":"image\/jpeg"}],"twitter_card":"summary_large_image","twitter_misc":{"Dur\u00e9e de lecture est.":"1 minute"},"schema":{"@context":"https:\/\/schema.org","@graph":[{"@type":"WebPage","@id":"https:\/\/koningdrone.be\/product\/dji-power-1-8kw-solar-car-super-fast-charger\/","url":"https:\/\/koningdrone.be\/product\/dji-power-1-8kw-solar-car-super-fast-charger\/","name":"DJI Power 1.8kW Solar\/Car Super Fast Charger - koningdrone.be","isPartOf":{"@id":"https:\/\/koningdrone.be\/#website"},"primaryImageOfPage":{"@id":"https:\/\/koningdrone.be\/product\/dji-power-1-8kw-solar-car-super-fast-charger\/#primaryimage"},"image":{"@id":"https:\/\/koningdrone.be\/product\/dji-power-1-8kw-solar-car-super-fast-charger\/#primaryimage"},"thumbnailUrl":"https:\/\/koningdrone.be\/wp-content\/uploads\/sites\/13\/2026\/01\/DJI-Power-1.8kW-SolarCar-Super-Fast-Charger-5-scaled-1.webp","datePublished":"2026-01-23T01:57:35+00:00","dateModified":"2026-04-29T13:00:31+00:00","breadcrumb":{"@id":"https:\/\/koningdrone.be\/product\/dji-power-1-8kw-solar-car-super-fast-charger\/#breadcrumb"},"inLanguage":"fr-BE","potentialAction":[{"@type":"ReadAction","target":["https:\/\/koningdrone.be\/product\/dji-power-1-8kw-solar-car-super-fast-charger\/"]}]},{"@type":"ImageObject","inLanguage":"fr-BE","@id":"https:\/\/koningdrone.be\/product\/dji-power-1-8kw-solar-car-super-fast-charger\/#primaryimage","url":"https:\/\/koningdrone.be\/wp-content\/uploads\/sites\/13\/2026\/01\/DJI-Power-1.8kW-SolarCar-Super-Fast-Charger-5-scaled-1.webp","contentUrl":"https:\/\/koningdrone.be\/wp-content\/uploads\/sites\/13\/2026\/01\/DJI-Power-1.8kW-SolarCar-Super-Fast-Charger-5-scaled-1.webp","width":1920,"height":1280},{"@type":"BreadcrumbList","@id":"https:\/\/koningdrone.be\/product\/dji-power-1-8kw-solar-car-super-fast-charger\/#breadcrumb","itemListElement":[{"@type":"ListItem","position":1,"name":"Home","item":"https:\/\/koningdrone.be\/"},{"@type":"ListItem","position":2,"name":"AVSS Parachute Recovery System for DJI Matrice 300\/350","item":"https:\/\/koningdrone.be\/product\/avss-parachute-recovery-system-for-dji-matrice-300-350\/"},{"@type":"ListItem","position":3,"name":"Alle opladers","item":"https:\/\/koningdrone.be\/categorie\/alle-opladers\/"},{"@type":"ListItem","position":4,"name":"DJI Power 1.8kW Solar\/Car Super Fast Charger"}]},{"@type":"WebSite","@id":"https:\/\/koningdrone.be\/#website","url":"https:\/\/koningdrone.be\/","name":"Koningdrone.be - Votre sp\u00e9cialiste en ligne en mati\u00e8re de drones, de cardans, de cam\u00e9ras et de centrales \u00e9lectriques.","description":"La boutique en ligne de drones et de cardans","publisher":{"@id":"https:\/\/koningdrone.be\/#organization"},"potentialAction":[{"@type":"SearchAction","target":{"@type":"EntryPoint","urlTemplate":"https:\/\/koningdrone.be\/?s={search_term_string}"},"query-input":{"@type":"PropertyValueSpecification","valueRequired":true,"valueName":"search_term_string"}}],"inLanguage":"fr-BE"},{"@type":"Organization","@id":"https:\/\/koningdrone.be\/#organization","name":"Kingdrone.co.uk","url":"https:\/\/koningdrone.be\/","logo":{"@type":"ImageObject","inLanguage":"fr-BE","@id":"https:\/\/koningdrone.be\/#\/schema\/logo\/image\/","url":"https:\/\/koningdrone.be\/wp-content\/uploads\/sites\/13\/2025\/04\/koningdrone-copyright-logo.svg","contentUrl":"https:\/\/koningdrone.be\/wp-content\/uploads\/sites\/13\/2025\/04\/koningdrone-copyright-logo.svg","width":227,"height":38,"caption":"Koningdrone.be"},"image":{"@id":"https:\/\/koningdrone.be\/#\/schema\/logo\/image\/"}}]}},"df_price":299,"df_sale_price":"","df_regular_price":299,"df_image_link":"https:\/\/koningdrone.be\/wp-content\/uploads\/sites\/13\/2026\/01\/DJI-Power-1.8kW-SolarCar-Super-Fast-Charger-5-scaled-1-300x200.webp","_links":{"self":[{"href":"https:\/\/koningdrone.be\/fr\/wp-json\/wp\/v2\/product\/15836","targetHints":{"allow":["GET"]}}],"collection":[{"href":"https:\/\/koningdrone.be\/fr\/wp-json\/wp\/v2\/product"}],"about":[{"href":"https:\/\/koningdrone.be\/fr\/wp-json\/wp\/v2\/types\/product"}],"wp:featuredmedia":[{"embeddable":true,"href":"https:\/\/koningdrone.be\/fr\/wp-json\/wp\/v2\/media\/15831"}],"wp:attachment":[{"href":"https:\/\/koningdrone.be\/fr\/wp-json\/wp\/v2\/media?parent=15836"}],"wp:term":[{"taxonomy":"product_brand","embeddable":true,"href":"https:\/\/koningdrone.be\/fr\/wp-json\/wp\/v2\/product_brand?post=15836"},{"taxonomy":"product_cat","embeddable":true,"href":"https:\/\/koningdrone.be\/fr\/wp-json\/wp\/v2\/product_cat?post=15836"},{"taxonomy":"product_tag","embeddable":true,"href":"https:\/\/koningdrone.be\/fr\/wp-json\/wp\/v2\/product_tag?post=15836"}],"curies":[{"name":"wp","href":"https:\/\/api.w.org\/{rel}","templated":true}]}}