{"id":15830,"date":"2026-01-23T02:27:02","date_gmt":"2026-01-23T01:27:02","guid":{"rendered":"https:\/\/koningdrone.be\/product\/dji-power-1kw-super-fast-car-charger\/"},"modified":"2026-04-29T15:00:30","modified_gmt":"2026-04-29T13:00:30","slug":"dji-power-1kw-super-fast-car-charger","status":"publish","type":"product","link":"https:\/\/koningdrone.be\/fr\/produit\/dji-power-1kw-super-fast-car-charger\/","title":{"rendered":"Chargeur de voiture super rapide DJI Power 1kW"},"content":{"rendered":"<p data-path-to-node=\"8\"><span class=\"citation-22\">Le <\/span><b data-path-to-node=\"8\" data-index-in-node=\"3\"><span class=\"citation-22\">Chargeur de voiture super rapide DJI Power 1kW<\/span><\/b><span class=\"citation-22 citation-end-22\"> est la solution id\u00e9ale pour les professionnels en d\u00e9placement.<\/span> <span class=\"citation-21 citation-end-21\">Ce chargeur utilise l'\u00e9nergie exc\u00e9dentaire de l'alternateur de votre voiture pour charger votre DJI Power 1000 ou 2000 en un temps record.<\/span> <span class=\"citation-20\">Au cours d'un trajet d'environ <\/span><b data-path-to-node=\"8\" data-index-in-node=\"271\"><span class=\"citation-20\">78 minutes<\/span><\/b><span class=\"citation-20 citation-end-20\"> une DJI Power 1000 peut d\u00e9j\u00e0 \u00eatre compl\u00e8tement charg\u00e9e (1024 Wh).<\/span><\/p>\n<p data-path-to-node=\"9\">Gr\u00e2ce \u00e0 sa conception intelligente, le chargeur prend en charge trois modes : <b data-path-to-node=\"9\" data-index-in-node=\"65\">Recharge<\/b> (chargement de la centrale \u00e9lectrique), <b data-path-to-node=\"9\" data-index-in-node=\"105\">Charge<\/b> (entretien des batteries de voiture) et <b data-path-to-node=\"9\" data-index-in-node=\"143\">Voiture<\/b>. Le syst\u00e8me est con\u00e7u pour une installation permanente et s\u00fbre dans le v\u00e9hicule et offre la flexibilit\u00e9 n\u00e9cessaire pour des op\u00e9rations de longue dur\u00e9e sur le terrain, telles que la gestion des for\u00eats ou les op\u00e9rations de sauvetage.<\/p>","protected":false},"excerpt":{"rendered":"<ul>\n<li>\n<p data-path-to-node=\"5,0,0\"><b data-path-to-node=\"5,0,0\" data-index-in-node=\"0\">Chargement ultra-rapide avec 1000W :<\/b><span class=\"citation-26 citation-end-26\"> Utilisez la puissance de l'alternateur de votre v\u00e9hicule pour charger la DJI Power 1000\/2000 \u00e0 la vitesse de l'\u00e9clair avec jusqu'\u00e0 1000W.<\/span><\/p>\n<\/li>\n<li>\n<p data-path-to-node=\"5,1,0\"><b data-path-to-node=\"5,1,0\" data-index-in-node=\"0\"><span class=\"citation-25\">Chargement intelligent dans les deux sens :<\/span><\/b><span class=\"citation-25 citation-end-25\"> Peut non seulement charger la centrale \u00e9lectrique, mais aussi maintenir la batterie de votre v\u00e9hicule pour \u00e9viter qu'elle ne se d\u00e9charge (charge invers\u00e9e).<\/span><\/p>\n<\/li>\n<li>\n<p data-path-to-node=\"5,2,0\"><b data-path-to-node=\"5,2,0\" data-index-in-node=\"0\">Int\u00e9gration compl\u00e8te des applications :<\/b><span class=\"citation-24\"> Surveillez l'\u00e9tat de charge, r\u00e9glez la puissance et passez d'un mode \u00e0 l'autre gr\u00e2ce \u00e0 l'interface utilisateur. <\/span><b data-path-to-node=\"5,2,0\" data-index-in-node=\"98\"><span class=\"citation-24\">Application DJI Home<\/span><\/b><span class=\"citation-24 citation-end-24\">.<\/span><\/p>\n<\/li>\n<li>\n<p data-path-to-node=\"5,3,0\"><b data-path-to-node=\"5,3,0\" data-index-in-node=\"0\">Compatibilit\u00e9 universelle :<\/b><span class=\"citation-23\"> Convient \u00e0 la plupart des v\u00e9hicules dot\u00e9s d'un <\/span><b data-path-to-node=\"5,3,0\" data-index-in-node=\"71\"><span class=\"citation-23\">12V ou 24V<\/span><\/b><span class=\"citation-23 citation-end-23\"> syst\u00e8me \u00e9lectrique.<\/span><\/p>\n<\/li>\n<li>\n<p data-path-to-node=\"5,4,0\"><b data-path-to-node=\"5,4,0\" data-index-in-node=\"0\">La s\u00e9curit\u00e9 avant tout :<\/b> Comprend un kit d'installation robuste avec un <b data-path-to-node=\"5,4,0\" data-index-in-node=\"65\">Fusible 100A<\/b> et protection contre les courts-circuits et les surtensions.<\/p>\n<\/li>\n<\/ul>","protected":false},"featured_media":15824,"template":"","meta":{"_acf_changed":false},"product_brand":[],"product_cat":[111,327,627,1145],"product_tag":[],"class_list":{"0":"post-15830","1":"product","2":"type-product","3":"status-publish","4":"has-post-thumbnail","6":"product_cat-alle-opladers","7":"product_cat-dji-energy","8":"product_cat-dji-powerstations","9":"product_cat-opladers","10":"product_shipping_class-outofstock","11":"pa_brand-dji","12":"pa_producttype-oplader","13":"pa_series-matrice-4","15":"first","16":"onbackorder","17":"taxable","18":"shipping-taxable","19":"purchasable","20":"product-type-simple"},"acf":[],"yoast_head":"<!-- This site is optimized with the Yoast SEO Premium plugin v27.2 (Yoast SEO v27.2) - https:\/\/yoast.com\/product\/yoast-seo-premium-wordpress\/ -->\n<title>DJI Power 1kW Super Fast Car Charger - koningdrone.be<\/title>\n<meta name=\"robots\" content=\"index, follow, max-snippet:-1, max-image-preview:large, max-video-preview:-1\" \/>\n<link rel=\"canonical\" href=\"https:\/\/koningdrone.be\/fr\/produit\/dji-power-1kw-super-fast-car-charger\/\" \/>\n<meta property=\"og:locale\" content=\"fr_FR\" \/>\n<meta property=\"og:type\" content=\"article\" \/>\n<meta property=\"og:title\" content=\"DJI Power 1kW Super Fast Car Charger\" \/>\n<meta property=\"og:description\" content=\"Ultrasnel Opladen met 1000W: Gebruik de kracht van de dynamo van uw voertuig om de DJI Power 1000\/2000 razendsnel op te laden met maximaal 1000 W.    Intelligent Tweerichtingsladen: Kan niet alleen de powerstation opladen, maar ook de accu van uw voertuig onderhouden om ontlading te voorkomen (Reverse Charging).    Volledige App-integratie: Bewaak de laadstatus, pas het vermogen aan en wissel tussen modi via de DJI Home-app.    Universele Compatibiliteit: Geschikt voor de meeste voertuigen met een 12V of 24V elektrisch systeem.    Veiligheid Voorop: Inclusief een robuuste installatiekit met een 100A zekering en bescherming tegen kortsluiting en overspanning.\" \/>\n<meta property=\"og:url\" content=\"https:\/\/koningdrone.be\/fr\/produit\/dji-power-1kw-super-fast-car-charger\/\" \/>\n<meta property=\"og:site_name\" content=\"koningdrone.be\" \/>\n<meta property=\"article:modified_time\" content=\"2026-04-29T13:00:30+00:00\" \/>\n<meta property=\"og:image\" content=\"https:\/\/koningdrone.be\/wp-content\/uploads\/sites\/13\/2026\/01\/DJI-Power-1kW-Super-Fast-Car-Charger-1-scaled-1.webp\" \/>\n\t<meta property=\"og:image:width\" content=\"1920\" \/>\n\t<meta property=\"og:image:height\" content=\"1280\" \/>\n\t<meta property=\"og:image:type\" content=\"image\/webp\" \/>\n<meta name=\"twitter:card\" content=\"summary_large_image\" \/>\n<meta name=\"twitter:label1\" content=\"Dur\u00e9e de lecture est.\" \/>\n\t<meta name=\"twitter:data1\" content=\"3 minutes\" \/>\n<script type=\"application\/ld+json\" class=\"yoast-schema-graph\">{\"@context\":\"https:\/\/schema.org\",\"@graph\":[{\"@type\":\"WebPage\",\"@id\":\"https:\/\/koningdrone.be\/product\/dji-power-1kw-super-fast-car-charger\/\",\"url\":\"https:\/\/koningdrone.be\/product\/dji-power-1kw-super-fast-car-charger\/\",\"name\":\"DJI Power 1kW Super Fast Car Charger - koningdrone.be\",\"isPartOf\":{\"@id\":\"https:\/\/koningdrone.be\/#website\"},\"primaryImageOfPage\":{\"@id\":\"https:\/\/koningdrone.be\/product\/dji-power-1kw-super-fast-car-charger\/#primaryimage\"},\"image\":{\"@id\":\"https:\/\/koningdrone.be\/product\/dji-power-1kw-super-fast-car-charger\/#primaryimage\"},\"thumbnailUrl\":\"https:\/\/koningdrone.be\/wp-content\/uploads\/sites\/13\/2026\/01\/DJI-Power-1kW-Super-Fast-Car-Charger-1-scaled-1.webp\",\"datePublished\":\"2026-01-23T01:27:02+00:00\",\"dateModified\":\"2026-04-29T13:00:30+00:00\",\"breadcrumb\":{\"@id\":\"https:\/\/koningdrone.be\/product\/dji-power-1kw-super-fast-car-charger\/#breadcrumb\"},\"inLanguage\":\"fr-BE\",\"potentialAction\":[{\"@type\":\"ReadAction\",\"target\":[\"https:\/\/koningdrone.be\/product\/dji-power-1kw-super-fast-car-charger\/\"]}]},{\"@type\":\"ImageObject\",\"inLanguage\":\"fr-BE\",\"@id\":\"https:\/\/koningdrone.be\/product\/dji-power-1kw-super-fast-car-charger\/#primaryimage\",\"url\":\"https:\/\/koningdrone.be\/wp-content\/uploads\/sites\/13\/2026\/01\/DJI-Power-1kW-Super-Fast-Car-Charger-1-scaled-1.webp\",\"contentUrl\":\"https:\/\/koningdrone.be\/wp-content\/uploads\/sites\/13\/2026\/01\/DJI-Power-1kW-Super-Fast-Car-Charger-1-scaled-1.webp\",\"width\":1920,\"height\":1280},{\"@type\":\"BreadcrumbList\",\"@id\":\"https:\/\/koningdrone.be\/product\/dji-power-1kw-super-fast-car-charger\/#breadcrumb\",\"itemListElement\":[{\"@type\":\"ListItem\",\"position\":1,\"name\":\"Home\",\"item\":\"https:\/\/koningdrone.be\/\"},{\"@type\":\"ListItem\",\"position\":2,\"name\":\"AVSS Parachute Recovery System for DJI Matrice 300\/350\",\"item\":\"https:\/\/koningdrone.be\/product\/avss-parachute-recovery-system-for-dji-matrice-300-350\/\"},{\"@type\":\"ListItem\",\"position\":3,\"name\":\"Alle opladers\",\"item\":\"https:\/\/koningdrone.be\/categorie\/alle-opladers\/\"},{\"@type\":\"ListItem\",\"position\":4,\"name\":\"DJI Power 1kW Super Fast Car Charger\"}]},{\"@type\":\"WebSite\",\"@id\":\"https:\/\/koningdrone.be\/#website\",\"url\":\"https:\/\/koningdrone.be\/\",\"name\":\"Koningdrone.be - Uw online specialist in drones, gimbals, camera's en power stations.\",\"description\":\"De webshop in drones en gimbals\",\"publisher\":{\"@id\":\"https:\/\/koningdrone.be\/#organization\"},\"potentialAction\":[{\"@type\":\"SearchAction\",\"target\":{\"@type\":\"EntryPoint\",\"urlTemplate\":\"https:\/\/koningdrone.be\/?s={search_term_string}\"},\"query-input\":{\"@type\":\"PropertyValueSpecification\",\"valueRequired\":true,\"valueName\":\"search_term_string\"}}],\"inLanguage\":\"fr-BE\"},{\"@type\":\"Organization\",\"@id\":\"https:\/\/koningdrone.be\/#organization\",\"name\":\"Koningdrone.be\",\"url\":\"https:\/\/koningdrone.be\/\",\"logo\":{\"@type\":\"ImageObject\",\"inLanguage\":\"fr-BE\",\"@id\":\"https:\/\/koningdrone.be\/#\/schema\/logo\/image\/\",\"url\":\"https:\/\/koningdrone.be\/wp-content\/uploads\/sites\/13\/2025\/04\/koningdrone-copyright-logo.svg\",\"contentUrl\":\"https:\/\/koningdrone.be\/wp-content\/uploads\/sites\/13\/2025\/04\/koningdrone-copyright-logo.svg\",\"width\":227,\"height\":38,\"caption\":\"Koningdrone.be\"},\"image\":{\"@id\":\"https:\/\/koningdrone.be\/#\/schema\/logo\/image\/\"}}]}<\/script>\n<!-- \/ Yoast SEO Premium plugin. -->","yoast_head_json":{"title":"DJI Power 1kW Super Fast Car Charger - koningdrone.be","robots":{"index":"index","follow":"follow","max-snippet":"max-snippet:-1","max-image-preview":"max-image-preview:large","max-video-preview":"max-video-preview:-1"},"canonical":"https:\/\/koningdrone.be\/fr\/produit\/dji-power-1kw-super-fast-car-charger\/","og_locale":"fr_FR","og_type":"article","og_title":"DJI Power 1kW Super Fast Car Charger","og_description":"Ultrasnel Opladen met 1000W: Gebruik de kracht van de dynamo van uw voertuig om de DJI Power 1000\/2000 razendsnel op te laden met maximaal 1000 W.    Intelligent Tweerichtingsladen: Kan niet alleen de powerstation opladen, maar ook de accu van uw voertuig onderhouden om ontlading te voorkomen (Reverse Charging).    Volledige App-integratie: Bewaak de laadstatus, pas het vermogen aan en wissel tussen modi via de DJI Home-app.    Universele Compatibiliteit: Geschikt voor de meeste voertuigen met een 12V of 24V elektrisch systeem.    Veiligheid Voorop: Inclusief een robuuste installatiekit met een 100A zekering en bescherming tegen kortsluiting en overspanning.","og_url":"https:\/\/koningdrone.be\/fr\/produit\/dji-power-1kw-super-fast-car-charger\/","og_site_name":"koningdrone.be","article_modified_time":"2026-04-29T13:00:30+00:00","og_image":[{"width":1920,"height":1280,"url":"https:\/\/koningdrone.be\/wp-content\/uploads\/sites\/13\/2026\/01\/DJI-Power-1kW-Super-Fast-Car-Charger-1-scaled-1.webp","type":"image\/webp"}],"twitter_card":"summary_large_image","twitter_misc":{"Dur\u00e9e de lecture est.":"3 minutes"},"schema":{"@context":"https:\/\/schema.org","@graph":[{"@type":"WebPage","@id":"https:\/\/koningdrone.be\/product\/dji-power-1kw-super-fast-car-charger\/","url":"https:\/\/koningdrone.be\/product\/dji-power-1kw-super-fast-car-charger\/","name":"DJI Power 1kW Super Fast Car Charger - koningdrone.be","isPartOf":{"@id":"https:\/\/koningdrone.be\/#website"},"primaryImageOfPage":{"@id":"https:\/\/koningdrone.be\/product\/dji-power-1kw-super-fast-car-charger\/#primaryimage"},"image":{"@id":"https:\/\/koningdrone.be\/product\/dji-power-1kw-super-fast-car-charger\/#primaryimage"},"thumbnailUrl":"https:\/\/koningdrone.be\/wp-content\/uploads\/sites\/13\/2026\/01\/DJI-Power-1kW-Super-Fast-Car-Charger-1-scaled-1.webp","datePublished":"2026-01-23T01:27:02+00:00","dateModified":"2026-04-29T13:00:30+00:00","breadcrumb":{"@id":"https:\/\/koningdrone.be\/product\/dji-power-1kw-super-fast-car-charger\/#breadcrumb"},"inLanguage":"fr-BE","potentialAction":[{"@type":"ReadAction","target":["https:\/\/koningdrone.be\/product\/dji-power-1kw-super-fast-car-charger\/"]}]},{"@type":"ImageObject","inLanguage":"fr-BE","@id":"https:\/\/koningdrone.be\/product\/dji-power-1kw-super-fast-car-charger\/#primaryimage","url":"https:\/\/koningdrone.be\/wp-content\/uploads\/sites\/13\/2026\/01\/DJI-Power-1kW-Super-Fast-Car-Charger-1-scaled-1.webp","contentUrl":"https:\/\/koningdrone.be\/wp-content\/uploads\/sites\/13\/2026\/01\/DJI-Power-1kW-Super-Fast-Car-Charger-1-scaled-1.webp","width":1920,"height":1280},{"@type":"BreadcrumbList","@id":"https:\/\/koningdrone.be\/product\/dji-power-1kw-super-fast-car-charger\/#breadcrumb","itemListElement":[{"@type":"ListItem","position":1,"name":"Home","item":"https:\/\/koningdrone.be\/"},{"@type":"ListItem","position":2,"name":"AVSS Parachute Recovery System for DJI Matrice 300\/350","item":"https:\/\/koningdrone.be\/product\/avss-parachute-recovery-system-for-dji-matrice-300-350\/"},{"@type":"ListItem","position":3,"name":"Alle opladers","item":"https:\/\/koningdrone.be\/categorie\/alle-opladers\/"},{"@type":"ListItem","position":4,"name":"DJI Power 1kW Super Fast Car Charger"}]},{"@type":"WebSite","@id":"https:\/\/koningdrone.be\/#website","url":"https:\/\/koningdrone.be\/","name":"Koningdrone.be - Votre sp\u00e9cialiste en ligne en mati\u00e8re de drones, de cardans, de cam\u00e9ras et de centrales \u00e9lectriques.","description":"La boutique en ligne de drones et de cardans","publisher":{"@id":"https:\/\/koningdrone.be\/#organization"},"potentialAction":[{"@type":"SearchAction","target":{"@type":"EntryPoint","urlTemplate":"https:\/\/koningdrone.be\/?s={search_term_string}"},"query-input":{"@type":"PropertyValueSpecification","valueRequired":true,"valueName":"search_term_string"}}],"inLanguage":"fr-BE"},{"@type":"Organization","@id":"https:\/\/koningdrone.be\/#organization","name":"Kingdrone.co.uk","url":"https:\/\/koningdrone.be\/","logo":{"@type":"ImageObject","inLanguage":"fr-BE","@id":"https:\/\/koningdrone.be\/#\/schema\/logo\/image\/","url":"https:\/\/koningdrone.be\/wp-content\/uploads\/sites\/13\/2025\/04\/koningdrone-copyright-logo.svg","contentUrl":"https:\/\/koningdrone.be\/wp-content\/uploads\/sites\/13\/2025\/04\/koningdrone-copyright-logo.svg","width":227,"height":38,"caption":"Koningdrone.be"},"image":{"@id":"https:\/\/koningdrone.be\/#\/schema\/logo\/image\/"}}]}},"df_price":269,"df_sale_price":"","df_regular_price":269,"df_image_link":"https:\/\/koningdrone.be\/wp-content\/uploads\/sites\/13\/2026\/01\/DJI-Power-1kW-Super-Fast-Car-Charger-1-scaled-1-300x200.webp","_links":{"self":[{"href":"https:\/\/koningdrone.be\/fr\/wp-json\/wp\/v2\/product\/15830","targetHints":{"allow":["GET"]}}],"collection":[{"href":"https:\/\/koningdrone.be\/fr\/wp-json\/wp\/v2\/product"}],"about":[{"href":"https:\/\/koningdrone.be\/fr\/wp-json\/wp\/v2\/types\/product"}],"wp:featuredmedia":[{"embeddable":true,"href":"https:\/\/koningdrone.be\/fr\/wp-json\/wp\/v2\/media\/15824"}],"wp:attachment":[{"href":"https:\/\/koningdrone.be\/fr\/wp-json\/wp\/v2\/media?parent=15830"}],"wp:term":[{"taxonomy":"product_brand","embeddable":true,"href":"https:\/\/koningdrone.be\/fr\/wp-json\/wp\/v2\/product_brand?post=15830"},{"taxonomy":"product_cat","embeddable":true,"href":"https:\/\/koningdrone.be\/fr\/wp-json\/wp\/v2\/product_cat?post=15830"},{"taxonomy":"product_tag","embeddable":true,"href":"https:\/\/koningdrone.be\/fr\/wp-json\/wp\/v2\/product_tag?post=15830"}],"curies":[{"name":"wp","href":"https:\/\/api.w.org\/{rel}","templated":true}]}}