{"id":1560,"date":"2024-12-04T12:16:51","date_gmt":"2024-12-04T11:16:51","guid":{"rendered":"https:\/\/koningdrone.nl\/kon\/?post_type=product&#038;p=1560"},"modified":"2026-04-21T13:32:12","modified_gmt":"2026-04-21T11:32:12","slug":"dji-care-pro-2-year-plan-for-dji-inspire-3","status":"publish","type":"product","link":"https:\/\/koningdrone.be\/fr\/produit\/dji-care-pro-2-year-plan-for-dji-inspire-3\/","title":{"rendered":"Plan DJI Care Pro de 2 ans pour DJI Inspire 3"},"content":{"rendered":"<h3>Plan DJI Care Pro de 2 ans pour DJI Inspire 3<\/h3>\n<p>Le plan DJI Care Pro 2 ans pour le DJI Inspire 3 est un plan de service et de protection complet con\u00e7u pour couvrir votre drone Inspire 3 contre les dommages impr\u00e9vus pendant deux ans. Con\u00e7u pour les pilotes de drones professionnels et les entreprises qui comptent sur leur Inspire 3 pour la production de photos et de vid\u00e9os de haute qualit\u00e9, ce service offre une tranquillit\u00e9 d'esprit totale avec une couverture qui va au-del\u00e0 de la garantie standard du fabricant.<\/p>\n<h4>Performance et fonctionnalit\u00e9<\/h4>\n<p>Pendant la p\u00e9riode de service de deux ans, DJI Care Pro offre un nombre illimit\u00e9 de r\u00e9parations gratuites dans la limite de la couverture pour les dommages caus\u00e9s par les collisions, l'eau, les chutes et autres accidents pouvant survenir dans le cadre d'une utilisation normale. En outre, plusieurs remplacements de batterie gratuits sont inclus pendant la p\u00e9riode de service, garantissant que votre Inspire 3 reste op\u00e9rationnel m\u00eame si les batteries sont endommag\u00e9es. L'offre comprend \u00e9galement des services de maintenance annuelle en usine et une couverture \"flyaway\", qui vous permet d'obtenir un appareil de remplacement \u00e0 un co\u00fbt r\u00e9duit en cas de perte d'un drone.<\/p>\n<p><a href=\"https:\/\/koningdrone.nl\/wp-content\/uploads\/2024\/12\/DJI-Care-Pro-2-Year-Plan-For-DJI-Inspire-3-scaled.jpg\"><img loading=\"lazy\" decoding=\"async\" class=\"size-medium wp-image-471927 aligncenter\" src=\"https:\/\/koningdrone.nl\/wp-content\/uploads\/2024\/12\/DJI-Care-Pro-2-Year-Plan-For-DJI-Inspire-3-300x200.jpg\" alt=\"DJI Care Pro 2-Year Plan For DJI Inspire 3\" width=\"300\" height=\"200\" \/><\/a><\/p>\n<h4>Qualit\u00e9 de construction et conception<\/h4>\n<p>DJI Care Pro est une licence de service num\u00e9rique li\u00e9e au num\u00e9ro de s\u00e9rie de votre Inspire 3 et qui doit \u00eatre activ\u00e9e dans les 48 heures suivant la mise en service du drone. Une fois activ\u00e9e, les r\u00e9parations et les services peuvent \u00eatre effectu\u00e9s par des techniciens DJI utilisant des pi\u00e8ces officielles. Les services de maintenance comprennent l'inspection, la mise \u00e0 jour des microprogrammes, l'\u00e9talonnage et le remplacement des pi\u00e8ces us\u00e9es afin de maintenir le drone en parfait \u00e9tat.<\/p>\n<h4>Pourquoi vous en avez besoin<\/h4>\n<p>Pour les professionnels et les entreprises qui d\u00e9pendent de leur drone Inspire 3, DJI Care Pro est un investissement qui en vaut la peine. Il offre une protection importante contre les accidents et les risques op\u00e9rationnels, r\u00e9duit les co\u00fbts de r\u00e9paration et aide \u00e0 pr\u00e9venir les temps d'arr\u00eat. Ce service complet permet \u00e0 votre drone de rester op\u00e9rationnel pendant que vous vous concentrez sur votre travail, sans vous soucier des co\u00fbts de r\u00e9paration impr\u00e9vus.<\/p>","protected":false},"excerpt":{"rendered":"<ul>\n<li>2 ans de protection compl\u00e8te pour votre drone DJI Inspire 3<\/li>\n<li>R\u00e9parations gratuites illimit\u00e9es dans la limite de la couverture en cas de dommage<\/li>\n<li>Remplacement gratuit des piles pendant toute la dur\u00e9e du contrat<\/li>\n<li>Entretien annuel en usine inclus<\/li>\n<li>Couverture des vols avec r\u00e9duction du co\u00fbt de remplacement en cas de perte<\/li>\n<\/ul>","protected":false},"featured_media":18475,"template":"","meta":{"_acf_changed":false},"product_brand":[],"product_cat":[175,433],"product_tag":[],"class_list":{"0":"post-1560","1":"product","2":"type-product","3":"status-publish","4":"has-post-thumbnail","6":"product_cat-alle-care-refresh","7":"product_cat-dji-inspire-3","8":"pa_brand-dji","9":"pa_producttype-serviceplan","11":"first","12":"outofstock","13":"taxable","14":"shipping-taxable","15":"product-type-simple"},"acf":[],"yoast_head":"<!-- This site is optimized with the Yoast SEO Premium plugin v27.2 (Yoast SEO v27.2) - https:\/\/yoast.com\/product\/yoast-seo-premium-wordpress\/ -->\n<title>DJI Care Pro 2-Year Plan For DJI Inspire 3 - koningdrone.be<\/title>\n<meta name=\"robots\" content=\"index, follow, max-snippet:-1, max-image-preview:large, max-video-preview:-1\" \/>\n<link rel=\"canonical\" href=\"https:\/\/koningdrone.be\/fr\/produit\/dji-care-pro-2-year-plan-for-dji-inspire-3\/\" \/>\n<meta property=\"og:locale\" content=\"fr_FR\" \/>\n<meta property=\"og:type\" content=\"article\" \/>\n<meta property=\"og:title\" content=\"DJI Care Pro 2-Year Plan For DJI Inspire 3\" \/>\n<meta property=\"og:description\" content=\"2 jaar uitgebreide bescherming voor je DJI Inspire\u202f3 drone  Onbeperkt aantal gratis reparaties binnen het dekkingslimiet bij schade  Gratis batterij\u2011vervangingen verspreid over de looptijd  Jaarlijkse fabrieksonderhoudsbeurten inbegrepen  Flyaway\u2011dekking met gereduceerde vervangingskosten bij verlies\" \/>\n<meta property=\"og:url\" content=\"https:\/\/koningdrone.be\/fr\/produit\/dji-care-pro-2-year-plan-for-dji-inspire-3\/\" \/>\n<meta property=\"og:site_name\" content=\"koningdrone.be\" \/>\n<meta property=\"article:modified_time\" content=\"2026-04-21T11:32:12+00:00\" \/>\n<meta property=\"og:image\" content=\"https:\/\/koningdrone.be\/wp-content\/uploads\/sites\/13\/2026\/04\/DJI-Care-Pro-2-Year-Plan-For-DJI-Inspire-3-scaled-1.jpg\" \/>\n\t<meta property=\"og:image:width\" content=\"2560\" \/>\n\t<meta property=\"og:image:height\" content=\"1707\" \/>\n\t<meta property=\"og:image:type\" content=\"image\/jpeg\" \/>\n<meta name=\"twitter:card\" content=\"summary_large_image\" \/>\n<meta name=\"twitter:label1\" content=\"Dur\u00e9e de lecture est.\" \/>\n\t<meta name=\"twitter:data1\" content=\"1 minute\" \/>\n<script type=\"application\/ld+json\" class=\"yoast-schema-graph\">{\"@context\":\"https:\/\/schema.org\",\"@graph\":[{\"@type\":\"WebPage\",\"@id\":\"https:\/\/koningdrone.be\/product\/dji-care-pro-2-year-plan-for-dji-inspire-3\/\",\"url\":\"https:\/\/koningdrone.be\/product\/dji-care-pro-2-year-plan-for-dji-inspire-3\/\",\"name\":\"DJI Care Pro 2-Year Plan For DJI Inspire 3 - koningdrone.be\",\"isPartOf\":{\"@id\":\"https:\/\/koningdrone.be\/#website\"},\"primaryImageOfPage\":{\"@id\":\"https:\/\/koningdrone.be\/product\/dji-care-pro-2-year-plan-for-dji-inspire-3\/#primaryimage\"},\"image\":{\"@id\":\"https:\/\/koningdrone.be\/product\/dji-care-pro-2-year-plan-for-dji-inspire-3\/#primaryimage\"},\"thumbnailUrl\":\"https:\/\/koningdrone.be\/wp-content\/uploads\/sites\/13\/2026\/04\/DJI-Care-Pro-2-Year-Plan-For-DJI-Inspire-3-scaled-1.jpg\",\"datePublished\":\"2024-12-04T11:16:51+00:00\",\"dateModified\":\"2026-04-21T11:32:12+00:00\",\"breadcrumb\":{\"@id\":\"https:\/\/koningdrone.be\/product\/dji-care-pro-2-year-plan-for-dji-inspire-3\/#breadcrumb\"},\"inLanguage\":\"fr-BE\",\"potentialAction\":[{\"@type\":\"ReadAction\",\"target\":[\"https:\/\/koningdrone.be\/product\/dji-care-pro-2-year-plan-for-dji-inspire-3\/\"]}]},{\"@type\":\"ImageObject\",\"inLanguage\":\"fr-BE\",\"@id\":\"https:\/\/koningdrone.be\/product\/dji-care-pro-2-year-plan-for-dji-inspire-3\/#primaryimage\",\"url\":\"https:\/\/koningdrone.be\/wp-content\/uploads\/sites\/13\/2026\/04\/DJI-Care-Pro-2-Year-Plan-For-DJI-Inspire-3-scaled-1.jpg\",\"contentUrl\":\"https:\/\/koningdrone.be\/wp-content\/uploads\/sites\/13\/2026\/04\/DJI-Care-Pro-2-Year-Plan-For-DJI-Inspire-3-scaled-1.jpg\",\"width\":2560,\"height\":1707},{\"@type\":\"BreadcrumbList\",\"@id\":\"https:\/\/koningdrone.be\/product\/dji-care-pro-2-year-plan-for-dji-inspire-3\/#breadcrumb\",\"itemListElement\":[{\"@type\":\"ListItem\",\"position\":1,\"name\":\"Home\",\"item\":\"https:\/\/koningdrone.be\/\"},{\"@type\":\"ListItem\",\"position\":2,\"name\":\"AVSS Parachute Recovery System for DJI Matrice 300\/350\",\"item\":\"https:\/\/koningdrone.be\/product\/avss-parachute-recovery-system-for-dji-matrice-300-350\/\"},{\"@type\":\"ListItem\",\"position\":3,\"name\":\"DJI Inspire 3\",\"item\":\"https:\/\/koningdrone.be\/categorie\/dji-inspire-3\/\"},{\"@type\":\"ListItem\",\"position\":4,\"name\":\"DJI Care Pro 2-Year Plan For DJI Inspire 3\"}]},{\"@type\":\"WebSite\",\"@id\":\"https:\/\/koningdrone.be\/#website\",\"url\":\"https:\/\/koningdrone.be\/\",\"name\":\"Koningdrone.be - Uw online specialist in drones, gimbals, camera's en power stations.\",\"description\":\"De webshop in drones en gimbals\",\"publisher\":{\"@id\":\"https:\/\/koningdrone.be\/#organization\"},\"potentialAction\":[{\"@type\":\"SearchAction\",\"target\":{\"@type\":\"EntryPoint\",\"urlTemplate\":\"https:\/\/koningdrone.be\/?s={search_term_string}\"},\"query-input\":{\"@type\":\"PropertyValueSpecification\",\"valueRequired\":true,\"valueName\":\"search_term_string\"}}],\"inLanguage\":\"fr-BE\"},{\"@type\":\"Organization\",\"@id\":\"https:\/\/koningdrone.be\/#organization\",\"name\":\"Koningdrone.be\",\"url\":\"https:\/\/koningdrone.be\/\",\"logo\":{\"@type\":\"ImageObject\",\"inLanguage\":\"fr-BE\",\"@id\":\"https:\/\/koningdrone.be\/#\/schema\/logo\/image\/\",\"url\":\"https:\/\/koningdrone.be\/wp-content\/uploads\/sites\/13\/2025\/04\/koningdrone-copyright-logo.svg\",\"contentUrl\":\"https:\/\/koningdrone.be\/wp-content\/uploads\/sites\/13\/2025\/04\/koningdrone-copyright-logo.svg\",\"width\":227,\"height\":38,\"caption\":\"Koningdrone.be\"},\"image\":{\"@id\":\"https:\/\/koningdrone.be\/#\/schema\/logo\/image\/\"}}]}<\/script>\n<!-- \/ Yoast SEO Premium plugin. -->","yoast_head_json":{"title":"DJI Care Pro 2-Year Plan For DJI Inspire 3 - koningdrone.be","robots":{"index":"index","follow":"follow","max-snippet":"max-snippet:-1","max-image-preview":"max-image-preview:large","max-video-preview":"max-video-preview:-1"},"canonical":"https:\/\/koningdrone.be\/fr\/produit\/dji-care-pro-2-year-plan-for-dji-inspire-3\/","og_locale":"fr_FR","og_type":"article","og_title":"DJI Care Pro 2-Year Plan For DJI Inspire 3","og_description":"2 jaar uitgebreide bescherming voor je DJI Inspire\u202f3 drone  Onbeperkt aantal gratis reparaties binnen het dekkingslimiet bij schade  Gratis batterij\u2011vervangingen verspreid over de looptijd  Jaarlijkse fabrieksonderhoudsbeurten inbegrepen  Flyaway\u2011dekking met gereduceerde vervangingskosten bij verlies","og_url":"https:\/\/koningdrone.be\/fr\/produit\/dji-care-pro-2-year-plan-for-dji-inspire-3\/","og_site_name":"koningdrone.be","article_modified_time":"2026-04-21T11:32:12+00:00","og_image":[{"width":2560,"height":1707,"url":"https:\/\/koningdrone.be\/wp-content\/uploads\/sites\/13\/2026\/04\/DJI-Care-Pro-2-Year-Plan-For-DJI-Inspire-3-scaled-1.jpg","type":"image\/jpeg"}],"twitter_card":"summary_large_image","twitter_misc":{"Dur\u00e9e de lecture est.":"1 minute"},"schema":{"@context":"https:\/\/schema.org","@graph":[{"@type":"WebPage","@id":"https:\/\/koningdrone.be\/product\/dji-care-pro-2-year-plan-for-dji-inspire-3\/","url":"https:\/\/koningdrone.be\/product\/dji-care-pro-2-year-plan-for-dji-inspire-3\/","name":"DJI Care Pro 2-Year Plan For DJI Inspire 3 - koningdrone.be","isPartOf":{"@id":"https:\/\/koningdrone.be\/#website"},"primaryImageOfPage":{"@id":"https:\/\/koningdrone.be\/product\/dji-care-pro-2-year-plan-for-dji-inspire-3\/#primaryimage"},"image":{"@id":"https:\/\/koningdrone.be\/product\/dji-care-pro-2-year-plan-for-dji-inspire-3\/#primaryimage"},"thumbnailUrl":"https:\/\/koningdrone.be\/wp-content\/uploads\/sites\/13\/2026\/04\/DJI-Care-Pro-2-Year-Plan-For-DJI-Inspire-3-scaled-1.jpg","datePublished":"2024-12-04T11:16:51+00:00","dateModified":"2026-04-21T11:32:12+00:00","breadcrumb":{"@id":"https:\/\/koningdrone.be\/product\/dji-care-pro-2-year-plan-for-dji-inspire-3\/#breadcrumb"},"inLanguage":"fr-BE","potentialAction":[{"@type":"ReadAction","target":["https:\/\/koningdrone.be\/product\/dji-care-pro-2-year-plan-for-dji-inspire-3\/"]}]},{"@type":"ImageObject","inLanguage":"fr-BE","@id":"https:\/\/koningdrone.be\/product\/dji-care-pro-2-year-plan-for-dji-inspire-3\/#primaryimage","url":"https:\/\/koningdrone.be\/wp-content\/uploads\/sites\/13\/2026\/04\/DJI-Care-Pro-2-Year-Plan-For-DJI-Inspire-3-scaled-1.jpg","contentUrl":"https:\/\/koningdrone.be\/wp-content\/uploads\/sites\/13\/2026\/04\/DJI-Care-Pro-2-Year-Plan-For-DJI-Inspire-3-scaled-1.jpg","width":2560,"height":1707},{"@type":"BreadcrumbList","@id":"https:\/\/koningdrone.be\/product\/dji-care-pro-2-year-plan-for-dji-inspire-3\/#breadcrumb","itemListElement":[{"@type":"ListItem","position":1,"name":"Home","item":"https:\/\/koningdrone.be\/"},{"@type":"ListItem","position":2,"name":"AVSS Parachute Recovery System for DJI Matrice 300\/350","item":"https:\/\/koningdrone.be\/product\/avss-parachute-recovery-system-for-dji-matrice-300-350\/"},{"@type":"ListItem","position":3,"name":"DJI Inspire 3","item":"https:\/\/koningdrone.be\/categorie\/dji-inspire-3\/"},{"@type":"ListItem","position":4,"name":"DJI Care Pro 2-Year Plan For DJI Inspire 3"}]},{"@type":"WebSite","@id":"https:\/\/koningdrone.be\/#website","url":"https:\/\/koningdrone.be\/","name":"Koningdrone.be - Votre sp\u00e9cialiste en ligne en mati\u00e8re de drones, de cardans, de cam\u00e9ras et de centrales \u00e9lectriques.","description":"La boutique en ligne de drones et de cardans","publisher":{"@id":"https:\/\/koningdrone.be\/#organization"},"potentialAction":[{"@type":"SearchAction","target":{"@type":"EntryPoint","urlTemplate":"https:\/\/koningdrone.be\/?s={search_term_string}"},"query-input":{"@type":"PropertyValueSpecification","valueRequired":true,"valueName":"search_term_string"}}],"inLanguage":"fr-BE"},{"@type":"Organization","@id":"https:\/\/koningdrone.be\/#organization","name":"Kingdrone.co.uk","url":"https:\/\/koningdrone.be\/","logo":{"@type":"ImageObject","inLanguage":"fr-BE","@id":"https:\/\/koningdrone.be\/#\/schema\/logo\/image\/","url":"https:\/\/koningdrone.be\/wp-content\/uploads\/sites\/13\/2025\/04\/koningdrone-copyright-logo.svg","contentUrl":"https:\/\/koningdrone.be\/wp-content\/uploads\/sites\/13\/2025\/04\/koningdrone-copyright-logo.svg","width":227,"height":38,"caption":"Koningdrone.be"},"image":{"@id":"https:\/\/koningdrone.be\/#\/schema\/logo\/image\/"}}]}},"df_price":"","df_sale_price":"","df_regular_price":"","df_image_link":"https:\/\/koningdrone.be\/wp-content\/uploads\/sites\/13\/2026\/04\/DJI-Care-Pro-2-Year-Plan-For-DJI-Inspire-3-scaled-1-300x200.jpg","_links":{"self":[{"href":"https:\/\/koningdrone.be\/fr\/wp-json\/wp\/v2\/product\/1560","targetHints":{"allow":["GET"]}}],"collection":[{"href":"https:\/\/koningdrone.be\/fr\/wp-json\/wp\/v2\/product"}],"about":[{"href":"https:\/\/koningdrone.be\/fr\/wp-json\/wp\/v2\/types\/product"}],"wp:featuredmedia":[{"embeddable":true,"href":"https:\/\/koningdrone.be\/fr\/wp-json\/wp\/v2\/media\/18475"}],"wp:attachment":[{"href":"https:\/\/koningdrone.be\/fr\/wp-json\/wp\/v2\/media?parent=1560"}],"wp:term":[{"taxonomy":"product_brand","embeddable":true,"href":"https:\/\/koningdrone.be\/fr\/wp-json\/wp\/v2\/product_brand?post=1560"},{"taxonomy":"product_cat","embeddable":true,"href":"https:\/\/koningdrone.be\/fr\/wp-json\/wp\/v2\/product_cat?post=1560"},{"taxonomy":"product_tag","embeddable":true,"href":"https:\/\/koningdrone.be\/fr\/wp-json\/wp\/v2\/product_tag?post=1560"}],"curies":[{"name":"wp","href":"https:\/\/api.w.org\/{rel}","templated":true}]}}