{"id":1556,"date":"2024-12-04T12:16:51","date_gmt":"2024-12-04T11:16:51","guid":{"rendered":"https:\/\/koningdrone.nl\/kon\/?post_type=product&#038;p=1556"},"modified":"2026-04-29T16:00:22","modified_gmt":"2026-04-29T14:00:22","slug":"dji-care-refresh-2-year-plan-dji-avata-eu","status":"publish","type":"product","link":"https:\/\/koningdrone.be\/fr\/produit\/dji-care-refresh-2-year-plan-dji-avata-eu\/","title":{"rendered":"DJI Care Refresh 2-Year Plan (DJI Avata) UE"},"content":{"rendered":"<h3>DJI Care Refresh 2-Year Plan (DJI Avata) UE<\/h3>\n<p>DJI Care Refresh 2-Year Plan for the DJI Avata EU est un service de protection officiel de DJI con\u00e7u pour prot\u00e9ger votre drone contre les dommages accidentels en dehors de la garantie standard du fabricant pendant 24 mois. Gr\u00e2ce \u00e0 ce service, vous pouvez voler en toute s\u00e9r\u00e9nit\u00e9 car les accidents inattendus tels que les collisions ou les d\u00e9g\u00e2ts des eaux sont couverts.<\/p>\n<h4>Performance et fonctionnalit\u00e9<\/h4>\n<p>Au cours de la p\u00e9riode de deux ans, vous pouvez recevoir jusqu'\u00e0 quatre drones de remplacement \u00e0 un faible co\u00fbt de remplacement suppl\u00e9mentaire si des dommages surviennent dans le cadre d'une utilisation normale. Les appareils de remplacement sont neufs ou \u00e9quivalents \u00e0 des appareils neufs en termes de performances et de fiabilit\u00e9. DJI Care Refresh couvre les accidents dus aux chutes, aux collisions et au contact avec l'eau, entre autres. Vous recevrez le code d'activation sous forme num\u00e9rique apr\u00e8s l'achat et il doit \u00eatre enregistr\u00e9 dans les 48 heures suivant la premi\u00e8re activation du drone.<\/p>\n<p><a href=\"https:\/\/koningdrone.nl\/wp-content\/uploads\/2024\/12\/DJI-Care-Refresh-2-Year-Plan-DJI-Avata-EU.jpg\"><img loading=\"lazy\" decoding=\"async\" class=\"size-medium wp-image-471931 aligncenter\" src=\"https:\/\/koningdrone.nl\/wp-content\/uploads\/2024\/12\/DJI-Care-Refresh-2-Year-Plan-DJI-Avata-EU-300x300.jpg\" alt=\"DJI Care Refresh 2-Year Plan (DJI Avata) EU\" width=\"300\" height=\"300\" \/><\/a><\/p>\n<h4>Qualit\u00e9 de construction et conception<\/h4>\n<p>Il s'agit d'un code d'activation num\u00e9rique et non d'une pi\u00e8ce physique. Le service est li\u00e9 au num\u00e9ro de s\u00e9rie de votre DJI Avata et reste valable dans la r\u00e9gion de l'UE pendant toute la dur\u00e9e de la couverture. Vous n'avez pas besoin d'avoir des \u00e9l\u00e9ments physiques dans la bo\u00eete ; l'assistance DJI g\u00e8re tous les remplacements et les demandes de service.<\/p>\n<h4>Pourquoi vous en avez besoin<\/h4>\n<p>Pour le FPV et l'utilisation r\u00e9cr\u00e9ative\/professionnelle, un crash ou un accident peut rapidement entra\u00eener des r\u00e9parations ou un remplacement co\u00fbteux. Avec DJI Care Refresh, vous pouvez \u00e9tendre votre DJI Avata avec une protection suppl\u00e9mentaire et une tranquillit\u00e9 d'esprit pendant le vol, vous permettant de voler \u00e0 nouveau plus rapidement apr\u00e8s un accident sans co\u00fbts \u00e9lev\u00e9s.<\/p>","protected":false},"excerpt":{"rendered":"<ul>\n<li>24 mois de protection pour votre DJI Avata contre les dommages accidentels (chutes, collisions, eau)<\/li>\n<li>Jusqu'\u00e0 4 drones de remplacement disponibles pendant la p\u00e9riode de validit\u00e9 de l'accord<\/li>\n<li>Les unit\u00e9s de remplacement sont neuves ou \u00e9quivalentes \u00e0 des unit\u00e9s neuves<\/li>\n<li>Code d'activation num\u00e9rique \u00e0 enregistrer dans les 48 heures suivant l'activation du drone<\/li>\n<li>Couverture valable dans la r\u00e9gion de l'UE<\/li>\n<\/ul>","protected":false},"featured_media":18476,"template":"","meta":{"_acf_changed":false},"product_brand":[],"product_cat":[175,261],"product_tag":[],"class_list":{"0":"post-1556","1":"product","2":"type-product","3":"status-publish","4":"has-post-thumbnail","6":"product_cat-alle-care-refresh","7":"product_cat-dji-avata","8":"product_shipping_class-outofstock","9":"pa_brand-dji","10":"pa_producttype-serviceplan","12":"first","13":"outofstock","14":"taxable","15":"shipping-taxable","16":"purchasable","17":"product-type-simple"},"acf":[],"yoast_head":"<!-- This site is optimized with the Yoast SEO Premium plugin v27.2 (Yoast SEO v27.2) - https:\/\/yoast.com\/product\/yoast-seo-premium-wordpress\/ -->\n<title>DJI Care Refresh 2-Year Plan (DJI Avata) EU - koningdrone.be<\/title>\n<meta name=\"robots\" content=\"index, follow, max-snippet:-1, max-image-preview:large, max-video-preview:-1\" \/>\n<link rel=\"canonical\" href=\"https:\/\/koningdrone.be\/fr\/produit\/dji-care-refresh-2-year-plan-dji-avata-eu\/\" \/>\n<meta property=\"og:locale\" content=\"fr_FR\" \/>\n<meta property=\"og:type\" content=\"article\" \/>\n<meta property=\"og:title\" content=\"DJI Care Refresh 2-Year Plan (DJI Avata) EU\" \/>\n<meta property=\"og:description\" content=\"24 maanden bescherming voor je DJI Avata tegen ongeluksschade (crashes, botsingen, water)  Tot 4 vervangende drones beschikbaar tijdens de looptijd  Vervangingsunits zijn nieuw of gelijkwaardig aan nieuw  Digitale activatiecode die je binnen 48 uur na drone\u2011activatie moet registreren  Dekking geldig in de EU\u2011regio\" \/>\n<meta property=\"og:url\" content=\"https:\/\/koningdrone.be\/fr\/produit\/dji-care-refresh-2-year-plan-dji-avata-eu\/\" \/>\n<meta property=\"og:site_name\" content=\"koningdrone.be\" \/>\n<meta property=\"article:modified_time\" content=\"2026-04-29T14:00:22+00:00\" \/>\n<meta property=\"og:image\" content=\"https:\/\/koningdrone.be\/wp-content\/uploads\/sites\/13\/2026\/04\/DJI-Care-Refresh-2-Year-Plan-DJI-Avata-EU.jpg\" \/>\n\t<meta property=\"og:image:width\" content=\"1000\" \/>\n\t<meta property=\"og:image:height\" content=\"1000\" \/>\n\t<meta property=\"og:image:type\" content=\"image\/jpeg\" \/>\n<meta name=\"twitter:card\" content=\"summary_large_image\" \/>\n<meta name=\"twitter:label1\" content=\"Dur\u00e9e de lecture est.\" \/>\n\t<meta name=\"twitter:data1\" content=\"1 minute\" \/>\n<script type=\"application\/ld+json\" class=\"yoast-schema-graph\">{\"@context\":\"https:\/\/schema.org\",\"@graph\":[{\"@type\":\"WebPage\",\"@id\":\"https:\/\/koningdrone.be\/product\/dji-care-refresh-2-year-plan-dji-avata-eu\/\",\"url\":\"https:\/\/koningdrone.be\/product\/dji-care-refresh-2-year-plan-dji-avata-eu\/\",\"name\":\"DJI Care Refresh 2-Year Plan (DJI Avata) EU - koningdrone.be\",\"isPartOf\":{\"@id\":\"https:\/\/koningdrone.be\/#website\"},\"primaryImageOfPage\":{\"@id\":\"https:\/\/koningdrone.be\/product\/dji-care-refresh-2-year-plan-dji-avata-eu\/#primaryimage\"},\"image\":{\"@id\":\"https:\/\/koningdrone.be\/product\/dji-care-refresh-2-year-plan-dji-avata-eu\/#primaryimage\"},\"thumbnailUrl\":\"https:\/\/koningdrone.be\/wp-content\/uploads\/sites\/13\/2026\/04\/DJI-Care-Refresh-2-Year-Plan-DJI-Avata-EU.jpg\",\"datePublished\":\"2024-12-04T11:16:51+00:00\",\"dateModified\":\"2026-04-29T14:00:22+00:00\",\"breadcrumb\":{\"@id\":\"https:\/\/koningdrone.be\/product\/dji-care-refresh-2-year-plan-dji-avata-eu\/#breadcrumb\"},\"inLanguage\":\"fr-BE\",\"potentialAction\":[{\"@type\":\"ReadAction\",\"target\":[\"https:\/\/koningdrone.be\/product\/dji-care-refresh-2-year-plan-dji-avata-eu\/\"]}]},{\"@type\":\"ImageObject\",\"inLanguage\":\"fr-BE\",\"@id\":\"https:\/\/koningdrone.be\/product\/dji-care-refresh-2-year-plan-dji-avata-eu\/#primaryimage\",\"url\":\"https:\/\/koningdrone.be\/wp-content\/uploads\/sites\/13\/2026\/04\/DJI-Care-Refresh-2-Year-Plan-DJI-Avata-EU.jpg\",\"contentUrl\":\"https:\/\/koningdrone.be\/wp-content\/uploads\/sites\/13\/2026\/04\/DJI-Care-Refresh-2-Year-Plan-DJI-Avata-EU.jpg\",\"width\":1000,\"height\":1000},{\"@type\":\"BreadcrumbList\",\"@id\":\"https:\/\/koningdrone.be\/product\/dji-care-refresh-2-year-plan-dji-avata-eu\/#breadcrumb\",\"itemListElement\":[{\"@type\":\"ListItem\",\"position\":1,\"name\":\"Home\",\"item\":\"https:\/\/koningdrone.be\/\"},{\"@type\":\"ListItem\",\"position\":2,\"name\":\"AVSS Parachute Recovery System for DJI Matrice 300\/350\",\"item\":\"https:\/\/koningdrone.be\/product\/avss-parachute-recovery-system-for-dji-matrice-300-350\/\"},{\"@type\":\"ListItem\",\"position\":3,\"name\":\"Alle care refresh\",\"item\":\"https:\/\/koningdrone.be\/categorie\/alle-care-refresh\/\"},{\"@type\":\"ListItem\",\"position\":4,\"name\":\"DJI Care Refresh 2-Year Plan (DJI Avata) EU\"}]},{\"@type\":\"WebSite\",\"@id\":\"https:\/\/koningdrone.be\/#website\",\"url\":\"https:\/\/koningdrone.be\/\",\"name\":\"Koningdrone.be - Uw online specialist in drones, gimbals, camera's en power stations.\",\"description\":\"De webshop in drones en gimbals\",\"publisher\":{\"@id\":\"https:\/\/koningdrone.be\/#organization\"},\"potentialAction\":[{\"@type\":\"SearchAction\",\"target\":{\"@type\":\"EntryPoint\",\"urlTemplate\":\"https:\/\/koningdrone.be\/?s={search_term_string}\"},\"query-input\":{\"@type\":\"PropertyValueSpecification\",\"valueRequired\":true,\"valueName\":\"search_term_string\"}}],\"inLanguage\":\"fr-BE\"},{\"@type\":\"Organization\",\"@id\":\"https:\/\/koningdrone.be\/#organization\",\"name\":\"Koningdrone.be\",\"url\":\"https:\/\/koningdrone.be\/\",\"logo\":{\"@type\":\"ImageObject\",\"inLanguage\":\"fr-BE\",\"@id\":\"https:\/\/koningdrone.be\/#\/schema\/logo\/image\/\",\"url\":\"https:\/\/koningdrone.be\/wp-content\/uploads\/sites\/13\/2025\/04\/koningdrone-copyright-logo.svg\",\"contentUrl\":\"https:\/\/koningdrone.be\/wp-content\/uploads\/sites\/13\/2025\/04\/koningdrone-copyright-logo.svg\",\"width\":227,\"height\":38,\"caption\":\"Koningdrone.be\"},\"image\":{\"@id\":\"https:\/\/koningdrone.be\/#\/schema\/logo\/image\/\"}}]}<\/script>\n<!-- \/ Yoast SEO Premium plugin. -->","yoast_head_json":{"title":"DJI Care Refresh 2-Year Plan (DJI Avata) EU - koningdrone.be","robots":{"index":"index","follow":"follow","max-snippet":"max-snippet:-1","max-image-preview":"max-image-preview:large","max-video-preview":"max-video-preview:-1"},"canonical":"https:\/\/koningdrone.be\/fr\/produit\/dji-care-refresh-2-year-plan-dji-avata-eu\/","og_locale":"fr_FR","og_type":"article","og_title":"DJI Care Refresh 2-Year Plan (DJI Avata) EU","og_description":"24 maanden bescherming voor je DJI Avata tegen ongeluksschade (crashes, botsingen, water)  Tot 4 vervangende drones beschikbaar tijdens de looptijd  Vervangingsunits zijn nieuw of gelijkwaardig aan nieuw  Digitale activatiecode die je binnen 48 uur na drone\u2011activatie moet registreren  Dekking geldig in de EU\u2011regio","og_url":"https:\/\/koningdrone.be\/fr\/produit\/dji-care-refresh-2-year-plan-dji-avata-eu\/","og_site_name":"koningdrone.be","article_modified_time":"2026-04-29T14:00:22+00:00","og_image":[{"width":1000,"height":1000,"url":"https:\/\/koningdrone.be\/wp-content\/uploads\/sites\/13\/2026\/04\/DJI-Care-Refresh-2-Year-Plan-DJI-Avata-EU.jpg","type":"image\/jpeg"}],"twitter_card":"summary_large_image","twitter_misc":{"Dur\u00e9e de lecture est.":"1 minute"},"schema":{"@context":"https:\/\/schema.org","@graph":[{"@type":"WebPage","@id":"https:\/\/koningdrone.be\/product\/dji-care-refresh-2-year-plan-dji-avata-eu\/","url":"https:\/\/koningdrone.be\/product\/dji-care-refresh-2-year-plan-dji-avata-eu\/","name":"DJI Care Refresh 2-Year Plan (DJI Avata) EU - koningdrone.be","isPartOf":{"@id":"https:\/\/koningdrone.be\/#website"},"primaryImageOfPage":{"@id":"https:\/\/koningdrone.be\/product\/dji-care-refresh-2-year-plan-dji-avata-eu\/#primaryimage"},"image":{"@id":"https:\/\/koningdrone.be\/product\/dji-care-refresh-2-year-plan-dji-avata-eu\/#primaryimage"},"thumbnailUrl":"https:\/\/koningdrone.be\/wp-content\/uploads\/sites\/13\/2026\/04\/DJI-Care-Refresh-2-Year-Plan-DJI-Avata-EU.jpg","datePublished":"2024-12-04T11:16:51+00:00","dateModified":"2026-04-29T14:00:22+00:00","breadcrumb":{"@id":"https:\/\/koningdrone.be\/product\/dji-care-refresh-2-year-plan-dji-avata-eu\/#breadcrumb"},"inLanguage":"fr-BE","potentialAction":[{"@type":"ReadAction","target":["https:\/\/koningdrone.be\/product\/dji-care-refresh-2-year-plan-dji-avata-eu\/"]}]},{"@type":"ImageObject","inLanguage":"fr-BE","@id":"https:\/\/koningdrone.be\/product\/dji-care-refresh-2-year-plan-dji-avata-eu\/#primaryimage","url":"https:\/\/koningdrone.be\/wp-content\/uploads\/sites\/13\/2026\/04\/DJI-Care-Refresh-2-Year-Plan-DJI-Avata-EU.jpg","contentUrl":"https:\/\/koningdrone.be\/wp-content\/uploads\/sites\/13\/2026\/04\/DJI-Care-Refresh-2-Year-Plan-DJI-Avata-EU.jpg","width":1000,"height":1000},{"@type":"BreadcrumbList","@id":"https:\/\/koningdrone.be\/product\/dji-care-refresh-2-year-plan-dji-avata-eu\/#breadcrumb","itemListElement":[{"@type":"ListItem","position":1,"name":"Home","item":"https:\/\/koningdrone.be\/"},{"@type":"ListItem","position":2,"name":"AVSS Parachute Recovery System for DJI Matrice 300\/350","item":"https:\/\/koningdrone.be\/product\/avss-parachute-recovery-system-for-dji-matrice-300-350\/"},{"@type":"ListItem","position":3,"name":"Alle care refresh","item":"https:\/\/koningdrone.be\/categorie\/alle-care-refresh\/"},{"@type":"ListItem","position":4,"name":"DJI Care Refresh 2-Year Plan (DJI Avata) EU"}]},{"@type":"WebSite","@id":"https:\/\/koningdrone.be\/#website","url":"https:\/\/koningdrone.be\/","name":"Koningdrone.be - Votre sp\u00e9cialiste en ligne en mati\u00e8re de drones, de cardans, de cam\u00e9ras et de centrales \u00e9lectriques.","description":"La boutique en ligne de drones et de cardans","publisher":{"@id":"https:\/\/koningdrone.be\/#organization"},"potentialAction":[{"@type":"SearchAction","target":{"@type":"EntryPoint","urlTemplate":"https:\/\/koningdrone.be\/?s={search_term_string}"},"query-input":{"@type":"PropertyValueSpecification","valueRequired":true,"valueName":"search_term_string"}}],"inLanguage":"fr-BE"},{"@type":"Organization","@id":"https:\/\/koningdrone.be\/#organization","name":"Kingdrone.co.uk","url":"https:\/\/koningdrone.be\/","logo":{"@type":"ImageObject","inLanguage":"fr-BE","@id":"https:\/\/koningdrone.be\/#\/schema\/logo\/image\/","url":"https:\/\/koningdrone.be\/wp-content\/uploads\/sites\/13\/2025\/04\/koningdrone-copyright-logo.svg","contentUrl":"https:\/\/koningdrone.be\/wp-content\/uploads\/sites\/13\/2025\/04\/koningdrone-copyright-logo.svg","width":227,"height":38,"caption":"Koningdrone.be"},"image":{"@id":"https:\/\/koningdrone.be\/#\/schema\/logo\/image\/"}}]}},"df_price":104.91,"df_sale_price":"","df_regular_price":104.91,"df_image_link":"https:\/\/koningdrone.be\/wp-content\/uploads\/sites\/13\/2026\/04\/DJI-Care-Refresh-2-Year-Plan-DJI-Avata-EU-300x300.jpg","_links":{"self":[{"href":"https:\/\/koningdrone.be\/fr\/wp-json\/wp\/v2\/product\/1556","targetHints":{"allow":["GET"]}}],"collection":[{"href":"https:\/\/koningdrone.be\/fr\/wp-json\/wp\/v2\/product"}],"about":[{"href":"https:\/\/koningdrone.be\/fr\/wp-json\/wp\/v2\/types\/product"}],"wp:featuredmedia":[{"embeddable":true,"href":"https:\/\/koningdrone.be\/fr\/wp-json\/wp\/v2\/media\/18476"}],"wp:attachment":[{"href":"https:\/\/koningdrone.be\/fr\/wp-json\/wp\/v2\/media?parent=1556"}],"wp:term":[{"taxonomy":"product_brand","embeddable":true,"href":"https:\/\/koningdrone.be\/fr\/wp-json\/wp\/v2\/product_brand?post=1556"},{"taxonomy":"product_cat","embeddable":true,"href":"https:\/\/koningdrone.be\/fr\/wp-json\/wp\/v2\/product_cat?post=1556"},{"taxonomy":"product_tag","embeddable":true,"href":"https:\/\/koningdrone.be\/fr\/wp-json\/wp\/v2\/product_tag?post=1556"}],"curies":[{"name":"wp","href":"https:\/\/api.w.org\/{rel}","templated":true}]}}