{"id":1550,"date":"2024-12-04T12:17:54","date_gmt":"2024-12-04T11:17:54","guid":{"rendered":"https:\/\/koningdrone.nl\/kon\/product\/hollyland-solidcom-c1-pro-roaming-hub-20s\/"},"modified":"2026-04-30T16:20:07","modified_gmt":"2026-04-30T14:20:07","slug":"hollyland-solidcom-c1-pro-roaming-hub-20s","status":"publish","type":"product","link":"https:\/\/koningdrone.be\/fr\/produit\/hollyland-solidcom-c1-pro-roaming-hub-20s\/","title":{"rendered":"Hollyland Solidcom C1 Pro - Roaming Hub 20S"},"content":{"rendered":"<p>Con\u00e7u pour les \u00e9quipes de production mobiles et \u00e9quip\u00e9 d'un syst\u00e8me d'annulation du bruit environnemental (ENC) \u00e0 double microphone pour une utilisation dans des environnements bruyants, le Hollyland Solidcom C1 Pro Roaming Hub 20S est un syst\u00e8me d'intercom DECT sans fil full-duplex avec concentrateur con\u00e7u pour fournir un son clair et un confort de port tout au long de la journ\u00e9e dans un design v\u00e9ritablement sans fil et sans bodypack. Cette configuration comprend 20 casques mono-oreilles, 40 batteries rechargeables, trois stations de chargement \u00e0 8 baies et des accessoires.<\/p>","protected":false},"excerpt":{"rendered":"<ul>\n<li>Communications pour l'\u00e9quipe de production mobile.<\/li>\n<li>Suppression du bruit ambiant avec deux microphones.<\/li>\n<li>Technologie DECT 6.0 fiable \u00e0 1,9 GHz.<\/li>\n<li>Hub avec attachement en V pour une itin\u00e9rance transparente.<\/li>\n<li>20 Casques pour une oreille.<\/li>\n<li>Large gamme de fr\u00e9quences pour un son clair.<\/li>\n<li>1600\u2032 Port\u00e9e de travail dans les deux sens, contr\u00f4le de l'application.<\/li>\n<li>Tournez le bouton Mute\/PTT ou Boom pour couper le son.<\/li>\n<li>Piles et chargeurs inclus.<\/li>\n<li>R\u00e9trocompatible avec le Solidcom C1.<\/li>\n<\/ul>","protected":false},"featured_media":1541,"template":"","meta":{"_acf_changed":false},"product_brand":[],"product_cat":[97,206,207],"product_tag":[],"class_list":{"0":"post-1550","1":"product","2":"type-product","3":"status-publish","4":"has-post-thumbnail","6":"product_cat-alle-producten","7":"product_cat-communicatie","8":"product_cat-hollyland","9":"product_shipping_class-outofstock","10":"pa_brand-hollyland","11":"pa_producttype-hub-voor-roaming","12":"pa_series-c1","14":"first","15":"outofstock","16":"taxable","17":"shipping-taxable","18":"purchasable","19":"product-type-simple"},"acf":[],"yoast_head":"<!-- This site is optimized with the Yoast SEO Premium plugin v27.2 (Yoast SEO v27.2) - https:\/\/yoast.com\/product\/yoast-seo-premium-wordpress\/ -->\n<title>Hollyland Solidcom C1 Pro - Roaming Hub 20S - koningdrone.be<\/title>\n<meta name=\"robots\" content=\"index, follow, max-snippet:-1, max-image-preview:large, max-video-preview:-1\" \/>\n<link rel=\"canonical\" href=\"https:\/\/koningdrone.be\/fr\/produit\/hollyland-solidcom-c1-pro-roaming-hub-20s\/\" \/>\n<meta property=\"og:locale\" content=\"fr_FR\" \/>\n<meta property=\"og:type\" content=\"article\" \/>\n<meta property=\"og:title\" content=\"Hollyland Solidcom C1 Pro - Roaming Hub 20S\" \/>\n<meta property=\"og:description\" content=\"Communicatie voor mobiel productieteam.Omgevingsgeluid onderdrukking met twee microfoons.Betrouwbare 1,9 GHz DECT 6.0-technologie.Hub met V-bevestiging voor naadloze roaming.20 Headsets voor \u00e9\u00e9n oor.Breed frequentiebereik voor heldere audio.1600&#039; 2-weg werkbereik, App-bediening.Knop Mute\/PTT of Boom draaien om te dempen.Inclusief batterijen en opladers.Achterwaarts compatibel met Solidcom C1.\" \/>\n<meta property=\"og:url\" content=\"https:\/\/koningdrone.be\/fr\/produit\/hollyland-solidcom-c1-pro-roaming-hub-20s\/\" \/>\n<meta property=\"og:site_name\" content=\"koningdrone.be\" \/>\n<meta property=\"article:modified_time\" content=\"2026-04-30T14:20:07+00:00\" \/>\n<meta property=\"og:image\" content=\"https:\/\/koningdrone.be\/wp-content\/uploads\/sites\/13\/2025\/04\/1725958006_1849656.jpg\" \/>\n\t<meta property=\"og:image:width\" content=\"500\" \/>\n\t<meta property=\"og:image:height\" content=\"500\" \/>\n\t<meta property=\"og:image:type\" content=\"image\/jpeg\" \/>\n<meta name=\"twitter:card\" content=\"summary_large_image\" \/>\n<script type=\"application\/ld+json\" class=\"yoast-schema-graph\">{\"@context\":\"https:\/\/schema.org\",\"@graph\":[{\"@type\":\"WebPage\",\"@id\":\"https:\/\/koningdrone.be\/product\/hollyland-solidcom-c1-pro-roaming-hub-20s\/\",\"url\":\"https:\/\/koningdrone.be\/product\/hollyland-solidcom-c1-pro-roaming-hub-20s\/\",\"name\":\"Hollyland Solidcom C1 Pro - Roaming Hub 20S - koningdrone.be\",\"isPartOf\":{\"@id\":\"https:\/\/koningdrone.be\/#website\"},\"primaryImageOfPage\":{\"@id\":\"https:\/\/koningdrone.be\/product\/hollyland-solidcom-c1-pro-roaming-hub-20s\/#primaryimage\"},\"image\":{\"@id\":\"https:\/\/koningdrone.be\/product\/hollyland-solidcom-c1-pro-roaming-hub-20s\/#primaryimage\"},\"thumbnailUrl\":\"https:\/\/koningdrone.be\/wp-content\/uploads\/sites\/13\/2025\/04\/1725958006_1849656.jpg\",\"datePublished\":\"2024-12-04T11:17:54+00:00\",\"dateModified\":\"2026-04-30T14:20:07+00:00\",\"breadcrumb\":{\"@id\":\"https:\/\/koningdrone.be\/product\/hollyland-solidcom-c1-pro-roaming-hub-20s\/#breadcrumb\"},\"inLanguage\":\"fr-BE\",\"potentialAction\":[{\"@type\":\"ReadAction\",\"target\":[\"https:\/\/koningdrone.be\/product\/hollyland-solidcom-c1-pro-roaming-hub-20s\/\"]}]},{\"@type\":\"ImageObject\",\"inLanguage\":\"fr-BE\",\"@id\":\"https:\/\/koningdrone.be\/product\/hollyland-solidcom-c1-pro-roaming-hub-20s\/#primaryimage\",\"url\":\"https:\/\/koningdrone.be\/wp-content\/uploads\/sites\/13\/2025\/04\/1725958006_1849656.jpg\",\"contentUrl\":\"https:\/\/koningdrone.be\/wp-content\/uploads\/sites\/13\/2025\/04\/1725958006_1849656.jpg\",\"width\":500,\"height\":500},{\"@type\":\"BreadcrumbList\",\"@id\":\"https:\/\/koningdrone.be\/product\/hollyland-solidcom-c1-pro-roaming-hub-20s\/#breadcrumb\",\"itemListElement\":[{\"@type\":\"ListItem\",\"position\":1,\"name\":\"Home\",\"item\":\"https:\/\/koningdrone.be\/\"},{\"@type\":\"ListItem\",\"position\":2,\"name\":\"AVSS Parachute Recovery System for DJI Matrice 300\/350\",\"item\":\"https:\/\/koningdrone.be\/product\/avss-parachute-recovery-system-for-dji-matrice-300-350\/\"},{\"@type\":\"ListItem\",\"position\":3,\"name\":\"Alle producten\",\"item\":\"https:\/\/koningdrone.be\/categorie\/alle-producten\/\"},{\"@type\":\"ListItem\",\"position\":4,\"name\":\"Hollyland Solidcom C1 Pro &#8211; Roaming Hub 20S\"}]},{\"@type\":\"WebSite\",\"@id\":\"https:\/\/koningdrone.be\/#website\",\"url\":\"https:\/\/koningdrone.be\/\",\"name\":\"Koningdrone.be - Uw online specialist in drones, gimbals, camera's en power stations.\",\"description\":\"De webshop in drones en gimbals\",\"publisher\":{\"@id\":\"https:\/\/koningdrone.be\/#organization\"},\"potentialAction\":[{\"@type\":\"SearchAction\",\"target\":{\"@type\":\"EntryPoint\",\"urlTemplate\":\"https:\/\/koningdrone.be\/?s={search_term_string}\"},\"query-input\":{\"@type\":\"PropertyValueSpecification\",\"valueRequired\":true,\"valueName\":\"search_term_string\"}}],\"inLanguage\":\"fr-BE\"},{\"@type\":\"Organization\",\"@id\":\"https:\/\/koningdrone.be\/#organization\",\"name\":\"Koningdrone.be\",\"url\":\"https:\/\/koningdrone.be\/\",\"logo\":{\"@type\":\"ImageObject\",\"inLanguage\":\"fr-BE\",\"@id\":\"https:\/\/koningdrone.be\/#\/schema\/logo\/image\/\",\"url\":\"https:\/\/koningdrone.be\/wp-content\/uploads\/sites\/13\/2025\/04\/koningdrone-copyright-logo.svg\",\"contentUrl\":\"https:\/\/koningdrone.be\/wp-content\/uploads\/sites\/13\/2025\/04\/koningdrone-copyright-logo.svg\",\"width\":227,\"height\":38,\"caption\":\"Koningdrone.be\"},\"image\":{\"@id\":\"https:\/\/koningdrone.be\/#\/schema\/logo\/image\/\"}}]}<\/script>\n<!-- \/ Yoast SEO Premium plugin. -->","yoast_head_json":{"title":"Hollyland Solidcom C1 Pro - Roaming Hub 20S - koningdrone.be","robots":{"index":"index","follow":"follow","max-snippet":"max-snippet:-1","max-image-preview":"max-image-preview:large","max-video-preview":"max-video-preview:-1"},"canonical":"https:\/\/koningdrone.be\/fr\/produit\/hollyland-solidcom-c1-pro-roaming-hub-20s\/","og_locale":"fr_FR","og_type":"article","og_title":"Hollyland Solidcom C1 Pro - Roaming Hub 20S","og_description":"Communicatie voor mobiel productieteam.Omgevingsgeluid onderdrukking met twee microfoons.Betrouwbare 1,9 GHz DECT 6.0-technologie.Hub met V-bevestiging voor naadloze roaming.20 Headsets voor \u00e9\u00e9n oor.Breed frequentiebereik voor heldere audio.1600' 2-weg werkbereik, App-bediening.Knop Mute\/PTT of Boom draaien om te dempen.Inclusief batterijen en opladers.Achterwaarts compatibel met Solidcom C1.","og_url":"https:\/\/koningdrone.be\/fr\/produit\/hollyland-solidcom-c1-pro-roaming-hub-20s\/","og_site_name":"koningdrone.be","article_modified_time":"2026-04-30T14:20:07+00:00","og_image":[{"width":500,"height":500,"url":"https:\/\/koningdrone.be\/wp-content\/uploads\/sites\/13\/2025\/04\/1725958006_1849656.jpg","type":"image\/jpeg"}],"twitter_card":"summary_large_image","schema":{"@context":"https:\/\/schema.org","@graph":[{"@type":"WebPage","@id":"https:\/\/koningdrone.be\/product\/hollyland-solidcom-c1-pro-roaming-hub-20s\/","url":"https:\/\/koningdrone.be\/product\/hollyland-solidcom-c1-pro-roaming-hub-20s\/","name":"Hollyland Solidcom C1 Pro - Roaming Hub 20S - koningdrone.be","isPartOf":{"@id":"https:\/\/koningdrone.be\/#website"},"primaryImageOfPage":{"@id":"https:\/\/koningdrone.be\/product\/hollyland-solidcom-c1-pro-roaming-hub-20s\/#primaryimage"},"image":{"@id":"https:\/\/koningdrone.be\/product\/hollyland-solidcom-c1-pro-roaming-hub-20s\/#primaryimage"},"thumbnailUrl":"https:\/\/koningdrone.be\/wp-content\/uploads\/sites\/13\/2025\/04\/1725958006_1849656.jpg","datePublished":"2024-12-04T11:17:54+00:00","dateModified":"2026-04-30T14:20:07+00:00","breadcrumb":{"@id":"https:\/\/koningdrone.be\/product\/hollyland-solidcom-c1-pro-roaming-hub-20s\/#breadcrumb"},"inLanguage":"fr-BE","potentialAction":[{"@type":"ReadAction","target":["https:\/\/koningdrone.be\/product\/hollyland-solidcom-c1-pro-roaming-hub-20s\/"]}]},{"@type":"ImageObject","inLanguage":"fr-BE","@id":"https:\/\/koningdrone.be\/product\/hollyland-solidcom-c1-pro-roaming-hub-20s\/#primaryimage","url":"https:\/\/koningdrone.be\/wp-content\/uploads\/sites\/13\/2025\/04\/1725958006_1849656.jpg","contentUrl":"https:\/\/koningdrone.be\/wp-content\/uploads\/sites\/13\/2025\/04\/1725958006_1849656.jpg","width":500,"height":500},{"@type":"BreadcrumbList","@id":"https:\/\/koningdrone.be\/product\/hollyland-solidcom-c1-pro-roaming-hub-20s\/#breadcrumb","itemListElement":[{"@type":"ListItem","position":1,"name":"Home","item":"https:\/\/koningdrone.be\/"},{"@type":"ListItem","position":2,"name":"AVSS Parachute Recovery System for DJI Matrice 300\/350","item":"https:\/\/koningdrone.be\/product\/avss-parachute-recovery-system-for-dji-matrice-300-350\/"},{"@type":"ListItem","position":3,"name":"Alle producten","item":"https:\/\/koningdrone.be\/categorie\/alle-producten\/"},{"@type":"ListItem","position":4,"name":"Hollyland Solidcom C1 Pro &#8211; Roaming Hub 20S"}]},{"@type":"WebSite","@id":"https:\/\/koningdrone.be\/#website","url":"https:\/\/koningdrone.be\/","name":"Koningdrone.be - Votre sp\u00e9cialiste en ligne en mati\u00e8re de drones, de cardans, de cam\u00e9ras et de centrales \u00e9lectriques.","description":"La boutique en ligne de drones et de cardans","publisher":{"@id":"https:\/\/koningdrone.be\/#organization"},"potentialAction":[{"@type":"SearchAction","target":{"@type":"EntryPoint","urlTemplate":"https:\/\/koningdrone.be\/?s={search_term_string}"},"query-input":{"@type":"PropertyValueSpecification","valueRequired":true,"valueName":"search_term_string"}}],"inLanguage":"fr-BE"},{"@type":"Organization","@id":"https:\/\/koningdrone.be\/#organization","name":"Kingdrone.co.uk","url":"https:\/\/koningdrone.be\/","logo":{"@type":"ImageObject","inLanguage":"fr-BE","@id":"https:\/\/koningdrone.be\/#\/schema\/logo\/image\/","url":"https:\/\/koningdrone.be\/wp-content\/uploads\/sites\/13\/2025\/04\/koningdrone-copyright-logo.svg","contentUrl":"https:\/\/koningdrone.be\/wp-content\/uploads\/sites\/13\/2025\/04\/koningdrone-copyright-logo.svg","width":227,"height":38,"caption":"Koningdrone.be"},"image":{"@id":"https:\/\/koningdrone.be\/#\/schema\/logo\/image\/"}}]}},"df_price":13683.89,"df_sale_price":"","df_regular_price":13683.89,"df_image_link":"https:\/\/koningdrone.be\/wp-content\/uploads\/sites\/13\/2025\/04\/1725958006_1849656-300x300.jpg","_links":{"self":[{"href":"https:\/\/koningdrone.be\/fr\/wp-json\/wp\/v2\/product\/1550","targetHints":{"allow":["GET"]}}],"collection":[{"href":"https:\/\/koningdrone.be\/fr\/wp-json\/wp\/v2\/product"}],"about":[{"href":"https:\/\/koningdrone.be\/fr\/wp-json\/wp\/v2\/types\/product"}],"wp:featuredmedia":[{"embeddable":true,"href":"https:\/\/koningdrone.be\/fr\/wp-json\/wp\/v2\/media\/1541"}],"wp:attachment":[{"href":"https:\/\/koningdrone.be\/fr\/wp-json\/wp\/v2\/media?parent=1550"}],"wp:term":[{"taxonomy":"product_brand","embeddable":true,"href":"https:\/\/koningdrone.be\/fr\/wp-json\/wp\/v2\/product_brand?post=1550"},{"taxonomy":"product_cat","embeddable":true,"href":"https:\/\/koningdrone.be\/fr\/wp-json\/wp\/v2\/product_cat?post=1550"},{"taxonomy":"product_tag","embeddable":true,"href":"https:\/\/koningdrone.be\/fr\/wp-json\/wp\/v2\/product_tag?post=1550"}],"curies":[{"name":"wp","href":"https:\/\/api.w.org\/{rel}","templated":true}]}}