{"id":15482,"date":"2025-06-10T14:22:41","date_gmt":"2025-06-10T12:22:41","guid":{"rendered":"https:\/\/koningdrone.be\/product\/anker-solix-powerhouse-522-6\/"},"modified":"2025-06-10T14:22:41","modified_gmt":"2025-06-10T12:22:41","slug":"anker-solix-powerhouse-522-6","status":"publish","type":"product","link":"https:\/\/koningdrone.be\/fr\/produit\/anker-solix-powerhouse-522-6\/","title":{"rendered":"Ancre SOLIX PowerHouse 522"},"content":{"rendered":"<p>La station d'alimentation portable Anker 522 est dot\u00e9e de la technologie avanc\u00e9e InfiniPower\u2122, qui utilise des batteries LiFePO4 et des composants \u00e9lectroniques robustes con\u00e7us pour une longue dur\u00e9e de vie. Fiable depuis plus d'une d\u00e9cennie, cette station offre des options de charge polyvalentes et une capacit\u00e9 de puissance \u00e9lev\u00e9e, id\u00e9ales pour un usage quotidien comme pour les occasions sp\u00e9ciales.<\/p>\n<p>&nbsp;<\/p>\n<p><strong>Durabilit\u00e9 et performance \u00e0 long terme<\/strong><\/p>\n<p>Dot\u00e9 d'une technologie qui surveille de tr\u00e8s pr\u00e8s les temp\u00e9ratures internes et r\u00e9siste aux chocs physiques, ce disque est con\u00e7u pour durer dans une grande vari\u00e9t\u00e9 d'environnements.<\/p>\n<p>&nbsp;<\/p>\n<p><strong>Options de chargement multiples<\/strong><\/p>\n<p>Avec deux ports USB-C int\u00e9gr\u00e9s, plusieurs appareils peuvent \u00eatre charg\u00e9s simultan\u00e9ment, ce qui offre commodit\u00e9 et flexibilit\u00e9.<\/p>\n<p>&nbsp;<\/p>\n<p><strong>Capacit\u00e9 \u00e9nerg\u00e9tique \u00e9lev\u00e9e<\/strong><\/p>\n<p>Avec une capacit\u00e9 de 299Wh et un SurgePad de 600W, l'Anchor 522 peut faire face \u00e0 de brusques augmentations de la demande d'\u00e9nergie, ce qui convient aux applications \u00e0 forte consommation d'\u00e9nergie.<\/p>\n<p>&nbsp;<\/p>\n<p><strong>Stockage robuste de l'\u00e9nergie<\/strong><\/p>\n<p>Id\u00e9ale pour les sorties du week-end, cette centrale \u00e9lectrique portable fournit suffisamment d'\u00e9nergie pour faire fonctionner tous vos appareils.<\/p>\n<p>&nbsp;<\/p>\n<p><strong>Diff\u00e9rentes r\u00e9solutions de charge<\/strong><\/p>\n<p>Dot\u00e9 de six ports diff\u00e9rents permettant de charger jusqu'\u00e0 six appareils simultan\u00e9ment, il est extr\u00eamement polyvalent.<\/p>\n<p>&nbsp;<\/p>\n<p><strong>Inclus dans votre achat<\/strong><\/p>\n<p>Lors de l'achat de l'Anker 522, vous recevez \u00e9galement un adaptateur DC, un c\u00e2ble de recharge pour voiture, un guide de bienvenue et un service d'assistance \u00e0 la client\u00e8le.<\/p>\n<p>&nbsp;<\/p>","protected":false},"excerpt":{"rendered":"<ul>\n<li>Des performances durables : Gr\u00e2ce \u00e0 la technologie InfiniPower\u2122 et aux batteries LiFePO4, cette station est con\u00e7ue pour durer plus d'une d\u00e9cennie.<\/li>\n<li>S\u00e9curit\u00e9 et durabilit\u00e9 : le lecteur r\u00e9siste aux chocs physiques et surveille avec pr\u00e9cision les temp\u00e9ratures internes, ce qui garantit sa fiabilit\u00e9 dans diff\u00e9rents environnements.<\/li>\n<li>Options de chargement : Deux ports USB-C int\u00e9gr\u00e9s permettent de charger plusieurs appareils simultan\u00e9ment pour plus de flexibilit\u00e9 et de commodit\u00e9.<\/li>\n<li>Grande capacit\u00e9 d'alimentation : avec une capacit\u00e9 de 299Wh et un SurgePad de 600W pour les applications gourmandes en \u00e9nergie.<\/li>\n<li>Utilisation polyvalente : id\u00e9al pour les sorties du week-end et capable de charger jusqu'\u00e0 six appareils simultan\u00e9ment gr\u00e2ce aux multiples ports.<\/li>\n<li>Accessoires inclus : Lors de l'achat, vous recevez un adaptateur CC, un c\u00e2ble de chargement pour voiture, un guide de bienvenue et un service d'assistance \u00e0 la client\u00e8le.<\/li>\n<\/ul>","protected":false},"featured_media":15459,"template":"","meta":{"_acf_changed":false},"product_brand":[],"product_cat":[58],"product_tag":[],"class_list":{"0":"post-15482","1":"product","2":"type-product","3":"status-publish","4":"has-post-thumbnail","6":"product_cat-uncategorized","7":"pa_brand-anker","9":"first","10":"instock","11":"product-type-simple"},"acf":[],"yoast_head":"<!-- This site is optimized with the Yoast SEO Premium plugin v27.2 (Yoast SEO v27.2) - https:\/\/yoast.com\/product\/yoast-seo-premium-wordpress\/ -->\n<title>Anker SOLIX PowerHouse 522 - koningdrone.be<\/title>\n<meta name=\"robots\" content=\"index, follow, max-snippet:-1, max-image-preview:large, max-video-preview:-1\" \/>\n<link rel=\"canonical\" href=\"https:\/\/koningdrone.be\/fr\/produit\/anker-solix-powerhouse-522-6\/\" \/>\n<meta property=\"og:locale\" content=\"fr_FR\" \/>\n<meta property=\"og:type\" content=\"article\" \/>\n<meta property=\"og:title\" content=\"Anker SOLIX PowerHouse 522\" \/>\n<meta property=\"og:description\" content=\"Langdurige prestaties: Dankzij InfiniPower\u2122 technologie en LiFePO4 accu&#039;s is dit station gebouwd voor een lange levensduur van meer dan een decennium.  Veiligheid en duurzaamheid: Het station is bestand tegen fysieke impact en monitort nauwkeurig de interne temperaturen voor betrouwbaarheid in verschillende omgevingen.  Oplaadopties: Twee ingebouwde USB-C poorten maken het mogelijk om meerdere apparaten tegelijk op te laden voor flexibiliteit en gemak.  Hoge energiecapaciteit: Met een capaciteit van 299Wh en een 600W SurgePad voor krachtintensieve toepassingen.  Veelzijdig gebruik: Ideaal voor weekenduitjes en geschikt voor het laden van tot zes apparaten tegelijk via de verschillende poorten.  Inclusief accessoires: Bij de aankoop ontvangt u een DC-adapter, autolaadkabel, welkomstgids en klantenserviceondersteuning.\" \/>\n<meta property=\"og:url\" content=\"https:\/\/koningdrone.be\/fr\/produit\/anker-solix-powerhouse-522-6\/\" \/>\n<meta property=\"og:site_name\" content=\"koningdrone.be\" \/>\n<meta property=\"og:image\" content=\"https:\/\/koningdrone.be\/wp-content\/uploads\/sites\/13\/2025\/08\/A1720311-Anker_521_PowerHouse_-_256Wh___200W_2_3840x.webp\" \/>\n\t<meta property=\"og:image:width\" content=\"1200\" \/>\n\t<meta property=\"og:image:height\" content=\"1200\" \/>\n\t<meta property=\"og:image:type\" content=\"image\/webp\" \/>\n<meta name=\"twitter:card\" content=\"summary_large_image\" \/>\n<meta name=\"twitter:label1\" content=\"Dur\u00e9e de lecture est.\" \/>\n\t<meta name=\"twitter:data1\" content=\"1 minute\" \/>\n<script type=\"application\/ld+json\" class=\"yoast-schema-graph\">{\"@context\":\"https:\/\/schema.org\",\"@graph\":[{\"@type\":\"WebPage\",\"@id\":\"https:\/\/koningdrone.be\/product\/anker-solix-powerhouse-522-6\/\",\"url\":\"https:\/\/koningdrone.be\/product\/anker-solix-powerhouse-522-6\/\",\"name\":\"Anker SOLIX PowerHouse 522 - koningdrone.be\",\"isPartOf\":{\"@id\":\"https:\/\/koningdrone.be\/#website\"},\"primaryImageOfPage\":{\"@id\":\"https:\/\/koningdrone.be\/product\/anker-solix-powerhouse-522-6\/#primaryimage\"},\"image\":{\"@id\":\"https:\/\/koningdrone.be\/product\/anker-solix-powerhouse-522-6\/#primaryimage\"},\"thumbnailUrl\":\"https:\/\/koningdrone.be\/wp-content\/uploads\/sites\/13\/2025\/08\/A1720311-Anker_521_PowerHouse_-_256Wh___200W_2_3840x.webp\",\"datePublished\":\"2025-06-10T12:22:41+00:00\",\"breadcrumb\":{\"@id\":\"https:\/\/koningdrone.be\/product\/anker-solix-powerhouse-522-6\/#breadcrumb\"},\"inLanguage\":\"fr-BE\",\"potentialAction\":[{\"@type\":\"ReadAction\",\"target\":[\"https:\/\/koningdrone.be\/product\/anker-solix-powerhouse-522-6\/\"]}]},{\"@type\":\"ImageObject\",\"inLanguage\":\"fr-BE\",\"@id\":\"https:\/\/koningdrone.be\/product\/anker-solix-powerhouse-522-6\/#primaryimage\",\"url\":\"https:\/\/koningdrone.be\/wp-content\/uploads\/sites\/13\/2025\/08\/A1720311-Anker_521_PowerHouse_-_256Wh___200W_2_3840x.webp\",\"contentUrl\":\"https:\/\/koningdrone.be\/wp-content\/uploads\/sites\/13\/2025\/08\/A1720311-Anker_521_PowerHouse_-_256Wh___200W_2_3840x.webp\",\"width\":1200,\"height\":1200},{\"@type\":\"BreadcrumbList\",\"@id\":\"https:\/\/koningdrone.be\/product\/anker-solix-powerhouse-522-6\/#breadcrumb\",\"itemListElement\":[{\"@type\":\"ListItem\",\"position\":1,\"name\":\"Home\",\"item\":\"https:\/\/koningdrone.be\/\"},{\"@type\":\"ListItem\",\"position\":2,\"name\":\"AVSS Parachute Recovery System for DJI Matrice 300\/350\",\"item\":\"https:\/\/koningdrone.be\/product\/avss-parachute-recovery-system-for-dji-matrice-300-350\/\"},{\"@type\":\"ListItem\",\"position\":3,\"name\":\"Uncategorized\",\"item\":\"https:\/\/koningdrone.be\/categorie\/uncategorized\/\"},{\"@type\":\"ListItem\",\"position\":4,\"name\":\"Anker SOLIX PowerHouse 522\"}]},{\"@type\":\"WebSite\",\"@id\":\"https:\/\/koningdrone.be\/#website\",\"url\":\"https:\/\/koningdrone.be\/\",\"name\":\"Koningdrone.be - Uw online specialist in drones, gimbals, camera's en power stations.\",\"description\":\"De webshop in drones en gimbals\",\"publisher\":{\"@id\":\"https:\/\/koningdrone.be\/#organization\"},\"potentialAction\":[{\"@type\":\"SearchAction\",\"target\":{\"@type\":\"EntryPoint\",\"urlTemplate\":\"https:\/\/koningdrone.be\/?s={search_term_string}\"},\"query-input\":{\"@type\":\"PropertyValueSpecification\",\"valueRequired\":true,\"valueName\":\"search_term_string\"}}],\"inLanguage\":\"fr-BE\"},{\"@type\":\"Organization\",\"@id\":\"https:\/\/koningdrone.be\/#organization\",\"name\":\"Koningdrone.be\",\"url\":\"https:\/\/koningdrone.be\/\",\"logo\":{\"@type\":\"ImageObject\",\"inLanguage\":\"fr-BE\",\"@id\":\"https:\/\/koningdrone.be\/#\/schema\/logo\/image\/\",\"url\":\"https:\/\/koningdrone.be\/wp-content\/uploads\/sites\/13\/2025\/04\/koningdrone-copyright-logo.svg\",\"contentUrl\":\"https:\/\/koningdrone.be\/wp-content\/uploads\/sites\/13\/2025\/04\/koningdrone-copyright-logo.svg\",\"width\":227,\"height\":38,\"caption\":\"Koningdrone.be\"},\"image\":{\"@id\":\"https:\/\/koningdrone.be\/#\/schema\/logo\/image\/\"}}]}<\/script>\n<!-- \/ Yoast SEO Premium plugin. -->","yoast_head_json":{"title":"Anker SOLIX PowerHouse 522 - koningdrone.be","robots":{"index":"index","follow":"follow","max-snippet":"max-snippet:-1","max-image-preview":"max-image-preview:large","max-video-preview":"max-video-preview:-1"},"canonical":"https:\/\/koningdrone.be\/fr\/produit\/anker-solix-powerhouse-522-6\/","og_locale":"fr_FR","og_type":"article","og_title":"Anker SOLIX PowerHouse 522","og_description":"Langdurige prestaties: Dankzij InfiniPower\u2122 technologie en LiFePO4 accu's is dit station gebouwd voor een lange levensduur van meer dan een decennium.  Veiligheid en duurzaamheid: Het station is bestand tegen fysieke impact en monitort nauwkeurig de interne temperaturen voor betrouwbaarheid in verschillende omgevingen.  Oplaadopties: Twee ingebouwde USB-C poorten maken het mogelijk om meerdere apparaten tegelijk op te laden voor flexibiliteit en gemak.  Hoge energiecapaciteit: Met een capaciteit van 299Wh en een 600W SurgePad voor krachtintensieve toepassingen.  Veelzijdig gebruik: Ideaal voor weekenduitjes en geschikt voor het laden van tot zes apparaten tegelijk via de verschillende poorten.  Inclusief accessoires: Bij de aankoop ontvangt u een DC-adapter, autolaadkabel, welkomstgids en klantenserviceondersteuning.","og_url":"https:\/\/koningdrone.be\/fr\/produit\/anker-solix-powerhouse-522-6\/","og_site_name":"koningdrone.be","og_image":[{"width":1200,"height":1200,"url":"https:\/\/koningdrone.be\/wp-content\/uploads\/sites\/13\/2025\/08\/A1720311-Anker_521_PowerHouse_-_256Wh___200W_2_3840x.webp","type":"image\/webp"}],"twitter_card":"summary_large_image","twitter_misc":{"Dur\u00e9e de lecture est.":"1 minute"},"schema":{"@context":"https:\/\/schema.org","@graph":[{"@type":"WebPage","@id":"https:\/\/koningdrone.be\/product\/anker-solix-powerhouse-522-6\/","url":"https:\/\/koningdrone.be\/product\/anker-solix-powerhouse-522-6\/","name":"Anker SOLIX PowerHouse 522 - koningdrone.be","isPartOf":{"@id":"https:\/\/koningdrone.be\/#website"},"primaryImageOfPage":{"@id":"https:\/\/koningdrone.be\/product\/anker-solix-powerhouse-522-6\/#primaryimage"},"image":{"@id":"https:\/\/koningdrone.be\/product\/anker-solix-powerhouse-522-6\/#primaryimage"},"thumbnailUrl":"https:\/\/koningdrone.be\/wp-content\/uploads\/sites\/13\/2025\/08\/A1720311-Anker_521_PowerHouse_-_256Wh___200W_2_3840x.webp","datePublished":"2025-06-10T12:22:41+00:00","breadcrumb":{"@id":"https:\/\/koningdrone.be\/product\/anker-solix-powerhouse-522-6\/#breadcrumb"},"inLanguage":"fr-BE","potentialAction":[{"@type":"ReadAction","target":["https:\/\/koningdrone.be\/product\/anker-solix-powerhouse-522-6\/"]}]},{"@type":"ImageObject","inLanguage":"fr-BE","@id":"https:\/\/koningdrone.be\/product\/anker-solix-powerhouse-522-6\/#primaryimage","url":"https:\/\/koningdrone.be\/wp-content\/uploads\/sites\/13\/2025\/08\/A1720311-Anker_521_PowerHouse_-_256Wh___200W_2_3840x.webp","contentUrl":"https:\/\/koningdrone.be\/wp-content\/uploads\/sites\/13\/2025\/08\/A1720311-Anker_521_PowerHouse_-_256Wh___200W_2_3840x.webp","width":1200,"height":1200},{"@type":"BreadcrumbList","@id":"https:\/\/koningdrone.be\/product\/anker-solix-powerhouse-522-6\/#breadcrumb","itemListElement":[{"@type":"ListItem","position":1,"name":"Home","item":"https:\/\/koningdrone.be\/"},{"@type":"ListItem","position":2,"name":"AVSS Parachute Recovery System for DJI Matrice 300\/350","item":"https:\/\/koningdrone.be\/product\/avss-parachute-recovery-system-for-dji-matrice-300-350\/"},{"@type":"ListItem","position":3,"name":"Uncategorized","item":"https:\/\/koningdrone.be\/categorie\/uncategorized\/"},{"@type":"ListItem","position":4,"name":"Anker SOLIX PowerHouse 522"}]},{"@type":"WebSite","@id":"https:\/\/koningdrone.be\/#website","url":"https:\/\/koningdrone.be\/","name":"Koningdrone.be - Votre sp\u00e9cialiste en ligne en mati\u00e8re de drones, de cardans, de cam\u00e9ras et de centrales \u00e9lectriques.","description":"La boutique en ligne de drones et de cardans","publisher":{"@id":"https:\/\/koningdrone.be\/#organization"},"potentialAction":[{"@type":"SearchAction","target":{"@type":"EntryPoint","urlTemplate":"https:\/\/koningdrone.be\/?s={search_term_string}"},"query-input":{"@type":"PropertyValueSpecification","valueRequired":true,"valueName":"search_term_string"}}],"inLanguage":"fr-BE"},{"@type":"Organization","@id":"https:\/\/koningdrone.be\/#organization","name":"Kingdrone.co.uk","url":"https:\/\/koningdrone.be\/","logo":{"@type":"ImageObject","inLanguage":"fr-BE","@id":"https:\/\/koningdrone.be\/#\/schema\/logo\/image\/","url":"https:\/\/koningdrone.be\/wp-content\/uploads\/sites\/13\/2025\/04\/koningdrone-copyright-logo.svg","contentUrl":"https:\/\/koningdrone.be\/wp-content\/uploads\/sites\/13\/2025\/04\/koningdrone-copyright-logo.svg","width":227,"height":38,"caption":"Koningdrone.be"},"image":{"@id":"https:\/\/koningdrone.be\/#\/schema\/logo\/image\/"}}]}},"df_price":"","df_sale_price":"","df_regular_price":"","df_image_link":"https:\/\/koningdrone.be\/wp-content\/uploads\/sites\/13\/2025\/08\/A1720311-Anker_521_PowerHouse_-_256Wh___200W_2_3840x-300x300.webp","_links":{"self":[{"href":"https:\/\/koningdrone.be\/fr\/wp-json\/wp\/v2\/product\/15482","targetHints":{"allow":["GET"]}}],"collection":[{"href":"https:\/\/koningdrone.be\/fr\/wp-json\/wp\/v2\/product"}],"about":[{"href":"https:\/\/koningdrone.be\/fr\/wp-json\/wp\/v2\/types\/product"}],"wp:featuredmedia":[{"embeddable":true,"href":"https:\/\/koningdrone.be\/fr\/wp-json\/wp\/v2\/media\/15459"}],"wp:attachment":[{"href":"https:\/\/koningdrone.be\/fr\/wp-json\/wp\/v2\/media?parent=15482"}],"wp:term":[{"taxonomy":"product_brand","embeddable":true,"href":"https:\/\/koningdrone.be\/fr\/wp-json\/wp\/v2\/product_brand?post=15482"},{"taxonomy":"product_cat","embeddable":true,"href":"https:\/\/koningdrone.be\/fr\/wp-json\/wp\/v2\/product_cat?post=15482"},{"taxonomy":"product_tag","embeddable":true,"href":"https:\/\/koningdrone.be\/fr\/wp-json\/wp\/v2\/product_tag?post=15482"}],"curies":[{"name":"wp","href":"https:\/\/api.w.org\/{rel}","templated":true}]}}