{"id":15458,"date":"2025-06-10T14:22:50","date_gmt":"2025-06-10T12:22:50","guid":{"rendered":"https:\/\/koningdrone.be\/product\/anker-solix-ps200-solar-panel-200w-only-for-anker-767\/"},"modified":"2026-04-30T06:50:49","modified_gmt":"2026-04-30T04:50:49","slug":"anker-solix-ps200-solar-panel-200w-only-for-anker-767","status":"publish","type":"product","link":"https:\/\/koningdrone.be\/fr\/produit\/anker-solix-ps200-solar-panel-200w-only-for-anker-767\/","title":{"rendered":"Anker SOLIX PS200 Panneau solaire 200W (uniquement pour Anker 767)"},"content":{"rendered":"<p><strong>Le panneau solaire Anker 200W PS200 est le compagnon id\u00e9al des aventuriers et de tous ceux qui accordent de l'importance \u00e0 l'\u00e9nergie renouvelable.<\/strong> Con\u00e7u pour s'int\u00e9grer parfaitement aux stations d'alimentation Anker, ce panneau solaire pliable est dot\u00e9 d'une prise MC4 pour une connexion facile. Gr\u00e2ce \u00e0 son \u00e9tanch\u00e9it\u00e9 robuste IP67, ce panneau d\u00e9fie sans effort les conditions m\u00e9t\u00e9orologiques les plus difficiles, ce qui en fait un outil indispensable \u00e0 votre mode de vie aventureux.<\/p>\n<p>Le panneau solaire Anchor 200W se compose de 4 panneaux interconnect\u00e9s et a une surface totale de 61 \u00d7 208 cm. Repli\u00e9, le panneau ne mesure que 56 \u00d7 60 cm et p\u00e8se 7,9 kg, ce qui le rend facile \u00e0 transporter et \u00e0 ranger. Dans des conditions m\u00e9t\u00e9orologiques favorables, ce panneau de 200 W d'Anker peut g\u00e9n\u00e9rer une moyenne de 900 \u00e0 950 wattheures d'\u00e9nergie par jour.<\/p>\n<p>\u00c9quip\u00e9 de cellules solaires monocristallines d'une efficacit\u00e9 de 23,4%, le panneau solaire Anchor 200W offre des performances optimales. Le support r\u00e9glable vous permet de positionner pr\u00e9cis\u00e9ment le panneau dans le meilleur angle - 30\u00b0, 40\u00b0, 50\u00b0 ou 80\u00b0 - pour une production d'\u00e9nergie maximale, m\u00eame lorsque le soleil se d\u00e9place. La technologie avanc\u00e9e Suncast d'Anker maximise l'absorption de la lumi\u00e8re du soleil, ce qui am\u00e9liore encore les performances du panneau.<\/p>\n<p>Le panneau solaire 200 W d'Anker n'est pas seulement une source d'\u00e9nergie puissante, c'est aussi un compagnon polyvalent pour toutes les aventures en plein air. Que vous fassiez du camping, de la randonn\u00e9e ou de l'exploration hors r\u00e9seau, ce panneau solaire fournit une alimentation fiable o\u00f9 que vous alliez.<\/p>\n<ul>\n<li>Con\u00e7u pour une int\u00e9gration transparente avec les stations d'alimentation Anker<\/li>\n<li>Sortie MC4 pour une connexion facile<\/li>\n<li>Indice d'\u00e9tanch\u00e9it\u00e9 IP67 robuste<\/li>\n<li>Surface totale de 61 \u00d7 208 cm, pli\u00e9e en 56 \u00d7 60 cm<\/li>\n<li>Poids : 7,9 kg<\/li>\n<li>Moyenne de 900 \u00e0 950 wattheures d'\u00e9nergie par jour<\/li>\n<li>Rendement de 23,4% gr\u00e2ce \u00e0 des cellules solaires monocristallines<\/li>\n<li>Support r\u00e9glable pour un positionnement optimal<\/li>\n<li>Technologie Suncast avanc\u00e9e d'Anker<\/li>\n<\/ul>","protected":false},"excerpt":{"rendered":"<ul>\n<li>Con\u00e7u pour une int\u00e9gration transparente avec les stations d'alimentation Anker<\/li>\n<li>Sortie MC4 pour une connexion facile<\/li>\n<li>Indice d'\u00e9tanch\u00e9it\u00e9 IP67 robuste<\/li>\n<li>Surface totale de 61 \u00d7 208 cm, pli\u00e9e en 56 \u00d7 60 cm<\/li>\n<li>Poids : 7,9 kg<\/li>\n<li>Moyenne de 900 \u00e0 950 wattheures d'\u00e9nergie par jour<\/li>\n<li>Rendement de 23,4% gr\u00e2ce \u00e0 des cellules solaires monocristallines<\/li>\n<li>Support r\u00e9glable pour un positionnement optimal<\/li>\n<li>Technologie Suncast avanc\u00e9e d'Anker<\/li>\n<\/ul>","protected":false},"featured_media":15456,"template":"","meta":{"_acf_changed":false},"product_brand":[],"product_cat":[58],"product_tag":[],"class_list":{"0":"post-15458","1":"product","2":"type-product","3":"status-publish","4":"has-post-thumbnail","6":"product_cat-uncategorized","7":"product_shipping_class-outofstock","9":"first","10":"outofstock","11":"taxable","12":"shipping-taxable","13":"product-type-simple"},"acf":[],"yoast_head":"<!-- This site is optimized with the Yoast SEO Premium plugin v27.2 (Yoast SEO v27.2) - https:\/\/yoast.com\/product\/yoast-seo-premium-wordpress\/ -->\n<title>Anker SOLIX PS200 Solar Panel 200W (only for Anker 767) - koningdrone.be<\/title>\n<meta name=\"robots\" content=\"index, follow, max-snippet:-1, max-image-preview:large, max-video-preview:-1\" \/>\n<link rel=\"canonical\" href=\"https:\/\/koningdrone.be\/fr\/produit\/anker-solix-ps200-solar-panel-200w-only-for-anker-767\/\" \/>\n<meta property=\"og:locale\" content=\"fr_FR\" \/>\n<meta property=\"og:type\" content=\"article\" \/>\n<meta property=\"og:title\" content=\"Anker SOLIX PS200 Solar Panel 200W (only for Anker 767)\" \/>\n<meta property=\"og:description\" content=\"Ontworpen voor naadloze integratie met Anker Power Stations  MC4-uitgang voor gemakkelijke aansluiting  Robuuste IP67-waterdichtheidsklasse  Totale oppervlakte van 61 \u00d7 208 cm, opgevouwen 56 \u00d7 60 cm  Weegt 7,9 kg  Gemiddeld 900-950 wattuur energie per dag  Effici\u00ebntie van 23,4% dankzij monokristallijne zonnecellen  Verstelbare standaard voor optimale positionering  Anker&#039;s geavanceerde Suncast-technologie\" \/>\n<meta property=\"og:url\" content=\"https:\/\/koningdrone.be\/fr\/produit\/anker-solix-ps200-solar-panel-200w-only-for-anker-767\/\" \/>\n<meta property=\"og:site_name\" content=\"koningdrone.be\" \/>\n<meta property=\"article:modified_time\" content=\"2026-04-30T04:50:49+00:00\" \/>\n<meta property=\"og:image\" content=\"https:\/\/koningdrone.be\/wp-content\/uploads\/sites\/13\/2025\/08\/anker-200w-solar-panel-ps200-01-20240603.jpg\" \/>\n\t<meta property=\"og:image:width\" content=\"800\" \/>\n\t<meta property=\"og:image:height\" content=\"800\" \/>\n\t<meta property=\"og:image:type\" content=\"image\/jpeg\" \/>\n<meta name=\"twitter:card\" content=\"summary_large_image\" \/>\n<meta name=\"twitter:label1\" content=\"Dur\u00e9e de lecture est.\" \/>\n\t<meta name=\"twitter:data1\" content=\"1 minute\" \/>\n<script type=\"application\/ld+json\" class=\"yoast-schema-graph\">{\"@context\":\"https:\/\/schema.org\",\"@graph\":[{\"@type\":\"WebPage\",\"@id\":\"https:\/\/koningdrone.be\/product\/anker-solix-ps200-solar-panel-200w-only-for-anker-767\/\",\"url\":\"https:\/\/koningdrone.be\/product\/anker-solix-ps200-solar-panel-200w-only-for-anker-767\/\",\"name\":\"Anker SOLIX PS200 Solar Panel 200W (only for Anker 767) - koningdrone.be\",\"isPartOf\":{\"@id\":\"https:\/\/koningdrone.be\/#website\"},\"primaryImageOfPage\":{\"@id\":\"https:\/\/koningdrone.be\/product\/anker-solix-ps200-solar-panel-200w-only-for-anker-767\/#primaryimage\"},\"image\":{\"@id\":\"https:\/\/koningdrone.be\/product\/anker-solix-ps200-solar-panel-200w-only-for-anker-767\/#primaryimage\"},\"thumbnailUrl\":\"https:\/\/koningdrone.be\/wp-content\/uploads\/sites\/13\/2025\/08\/anker-200w-solar-panel-ps200-01-20240603.jpg\",\"datePublished\":\"2025-06-10T12:22:50+00:00\",\"dateModified\":\"2026-04-30T04:50:49+00:00\",\"breadcrumb\":{\"@id\":\"https:\/\/koningdrone.be\/product\/anker-solix-ps200-solar-panel-200w-only-for-anker-767\/#breadcrumb\"},\"inLanguage\":\"fr-BE\",\"potentialAction\":[{\"@type\":\"ReadAction\",\"target\":[\"https:\/\/koningdrone.be\/product\/anker-solix-ps200-solar-panel-200w-only-for-anker-767\/\"]}]},{\"@type\":\"ImageObject\",\"inLanguage\":\"fr-BE\",\"@id\":\"https:\/\/koningdrone.be\/product\/anker-solix-ps200-solar-panel-200w-only-for-anker-767\/#primaryimage\",\"url\":\"https:\/\/koningdrone.be\/wp-content\/uploads\/sites\/13\/2025\/08\/anker-200w-solar-panel-ps200-01-20240603.jpg\",\"contentUrl\":\"https:\/\/koningdrone.be\/wp-content\/uploads\/sites\/13\/2025\/08\/anker-200w-solar-panel-ps200-01-20240603.jpg\",\"width\":800,\"height\":800},{\"@type\":\"BreadcrumbList\",\"@id\":\"https:\/\/koningdrone.be\/product\/anker-solix-ps200-solar-panel-200w-only-for-anker-767\/#breadcrumb\",\"itemListElement\":[{\"@type\":\"ListItem\",\"position\":1,\"name\":\"Home\",\"item\":\"https:\/\/koningdrone.be\/\"},{\"@type\":\"ListItem\",\"position\":2,\"name\":\"AVSS Parachute Recovery System for DJI Matrice 300\/350\",\"item\":\"https:\/\/koningdrone.be\/product\/avss-parachute-recovery-system-for-dji-matrice-300-350\/\"},{\"@type\":\"ListItem\",\"position\":3,\"name\":\"Uncategorized\",\"item\":\"https:\/\/koningdrone.be\/categorie\/uncategorized\/\"},{\"@type\":\"ListItem\",\"position\":4,\"name\":\"Anker SOLIX PS200 Solar Panel 200W (only for Anker 767)\"}]},{\"@type\":\"WebSite\",\"@id\":\"https:\/\/koningdrone.be\/#website\",\"url\":\"https:\/\/koningdrone.be\/\",\"name\":\"Koningdrone.be - Uw online specialist in drones, gimbals, camera's en power stations.\",\"description\":\"De webshop in drones en gimbals\",\"publisher\":{\"@id\":\"https:\/\/koningdrone.be\/#organization\"},\"potentialAction\":[{\"@type\":\"SearchAction\",\"target\":{\"@type\":\"EntryPoint\",\"urlTemplate\":\"https:\/\/koningdrone.be\/?s={search_term_string}\"},\"query-input\":{\"@type\":\"PropertyValueSpecification\",\"valueRequired\":true,\"valueName\":\"search_term_string\"}}],\"inLanguage\":\"fr-BE\"},{\"@type\":\"Organization\",\"@id\":\"https:\/\/koningdrone.be\/#organization\",\"name\":\"Koningdrone.be\",\"url\":\"https:\/\/koningdrone.be\/\",\"logo\":{\"@type\":\"ImageObject\",\"inLanguage\":\"fr-BE\",\"@id\":\"https:\/\/koningdrone.be\/#\/schema\/logo\/image\/\",\"url\":\"https:\/\/koningdrone.be\/wp-content\/uploads\/sites\/13\/2025\/04\/koningdrone-copyright-logo.svg\",\"contentUrl\":\"https:\/\/koningdrone.be\/wp-content\/uploads\/sites\/13\/2025\/04\/koningdrone-copyright-logo.svg\",\"width\":227,\"height\":38,\"caption\":\"Koningdrone.be\"},\"image\":{\"@id\":\"https:\/\/koningdrone.be\/#\/schema\/logo\/image\/\"}}]}<\/script>\n<!-- \/ Yoast SEO Premium plugin. -->","yoast_head_json":{"title":"Anker SOLIX PS200 Solar Panel 200W (only for Anker 767) - koningdrone.be","robots":{"index":"index","follow":"follow","max-snippet":"max-snippet:-1","max-image-preview":"max-image-preview:large","max-video-preview":"max-video-preview:-1"},"canonical":"https:\/\/koningdrone.be\/fr\/produit\/anker-solix-ps200-solar-panel-200w-only-for-anker-767\/","og_locale":"fr_FR","og_type":"article","og_title":"Anker SOLIX PS200 Solar Panel 200W (only for Anker 767)","og_description":"Ontworpen voor naadloze integratie met Anker Power Stations  MC4-uitgang voor gemakkelijke aansluiting  Robuuste IP67-waterdichtheidsklasse  Totale oppervlakte van 61 \u00d7 208 cm, opgevouwen 56 \u00d7 60 cm  Weegt 7,9 kg  Gemiddeld 900-950 wattuur energie per dag  Effici\u00ebntie van 23,4% dankzij monokristallijne zonnecellen  Verstelbare standaard voor optimale positionering  Anker's geavanceerde Suncast-technologie","og_url":"https:\/\/koningdrone.be\/fr\/produit\/anker-solix-ps200-solar-panel-200w-only-for-anker-767\/","og_site_name":"koningdrone.be","article_modified_time":"2026-04-30T04:50:49+00:00","og_image":[{"width":800,"height":800,"url":"https:\/\/koningdrone.be\/wp-content\/uploads\/sites\/13\/2025\/08\/anker-200w-solar-panel-ps200-01-20240603.jpg","type":"image\/jpeg"}],"twitter_card":"summary_large_image","twitter_misc":{"Dur\u00e9e de lecture est.":"1 minute"},"schema":{"@context":"https:\/\/schema.org","@graph":[{"@type":"WebPage","@id":"https:\/\/koningdrone.be\/product\/anker-solix-ps200-solar-panel-200w-only-for-anker-767\/","url":"https:\/\/koningdrone.be\/product\/anker-solix-ps200-solar-panel-200w-only-for-anker-767\/","name":"Anker SOLIX PS200 Solar Panel 200W (only for Anker 767) - koningdrone.be","isPartOf":{"@id":"https:\/\/koningdrone.be\/#website"},"primaryImageOfPage":{"@id":"https:\/\/koningdrone.be\/product\/anker-solix-ps200-solar-panel-200w-only-for-anker-767\/#primaryimage"},"image":{"@id":"https:\/\/koningdrone.be\/product\/anker-solix-ps200-solar-panel-200w-only-for-anker-767\/#primaryimage"},"thumbnailUrl":"https:\/\/koningdrone.be\/wp-content\/uploads\/sites\/13\/2025\/08\/anker-200w-solar-panel-ps200-01-20240603.jpg","datePublished":"2025-06-10T12:22:50+00:00","dateModified":"2026-04-30T04:50:49+00:00","breadcrumb":{"@id":"https:\/\/koningdrone.be\/product\/anker-solix-ps200-solar-panel-200w-only-for-anker-767\/#breadcrumb"},"inLanguage":"fr-BE","potentialAction":[{"@type":"ReadAction","target":["https:\/\/koningdrone.be\/product\/anker-solix-ps200-solar-panel-200w-only-for-anker-767\/"]}]},{"@type":"ImageObject","inLanguage":"fr-BE","@id":"https:\/\/koningdrone.be\/product\/anker-solix-ps200-solar-panel-200w-only-for-anker-767\/#primaryimage","url":"https:\/\/koningdrone.be\/wp-content\/uploads\/sites\/13\/2025\/08\/anker-200w-solar-panel-ps200-01-20240603.jpg","contentUrl":"https:\/\/koningdrone.be\/wp-content\/uploads\/sites\/13\/2025\/08\/anker-200w-solar-panel-ps200-01-20240603.jpg","width":800,"height":800},{"@type":"BreadcrumbList","@id":"https:\/\/koningdrone.be\/product\/anker-solix-ps200-solar-panel-200w-only-for-anker-767\/#breadcrumb","itemListElement":[{"@type":"ListItem","position":1,"name":"Home","item":"https:\/\/koningdrone.be\/"},{"@type":"ListItem","position":2,"name":"AVSS Parachute Recovery System for DJI Matrice 300\/350","item":"https:\/\/koningdrone.be\/product\/avss-parachute-recovery-system-for-dji-matrice-300-350\/"},{"@type":"ListItem","position":3,"name":"Uncategorized","item":"https:\/\/koningdrone.be\/categorie\/uncategorized\/"},{"@type":"ListItem","position":4,"name":"Anker SOLIX PS200 Solar Panel 200W (only for Anker 767)"}]},{"@type":"WebSite","@id":"https:\/\/koningdrone.be\/#website","url":"https:\/\/koningdrone.be\/","name":"Koningdrone.be - Votre sp\u00e9cialiste en ligne en mati\u00e8re de drones, de cardans, de cam\u00e9ras et de centrales \u00e9lectriques.","description":"La boutique en ligne de drones et de cardans","publisher":{"@id":"https:\/\/koningdrone.be\/#organization"},"potentialAction":[{"@type":"SearchAction","target":{"@type":"EntryPoint","urlTemplate":"https:\/\/koningdrone.be\/?s={search_term_string}"},"query-input":{"@type":"PropertyValueSpecification","valueRequired":true,"valueName":"search_term_string"}}],"inLanguage":"fr-BE"},{"@type":"Organization","@id":"https:\/\/koningdrone.be\/#organization","name":"Kingdrone.co.uk","url":"https:\/\/koningdrone.be\/","logo":{"@type":"ImageObject","inLanguage":"fr-BE","@id":"https:\/\/koningdrone.be\/#\/schema\/logo\/image\/","url":"https:\/\/koningdrone.be\/wp-content\/uploads\/sites\/13\/2025\/04\/koningdrone-copyright-logo.svg","contentUrl":"https:\/\/koningdrone.be\/wp-content\/uploads\/sites\/13\/2025\/04\/koningdrone-copyright-logo.svg","width":227,"height":38,"caption":"Koningdrone.be"},"image":{"@id":"https:\/\/koningdrone.be\/#\/schema\/logo\/image\/"}}]}},"df_price":"","df_sale_price":"","df_regular_price":"","df_image_link":"https:\/\/koningdrone.be\/wp-content\/uploads\/sites\/13\/2025\/08\/anker-200w-solar-panel-ps200-01-20240603-300x300.jpg","_links":{"self":[{"href":"https:\/\/koningdrone.be\/fr\/wp-json\/wp\/v2\/product\/15458","targetHints":{"allow":["GET"]}}],"collection":[{"href":"https:\/\/koningdrone.be\/fr\/wp-json\/wp\/v2\/product"}],"about":[{"href":"https:\/\/koningdrone.be\/fr\/wp-json\/wp\/v2\/types\/product"}],"wp:featuredmedia":[{"embeddable":true,"href":"https:\/\/koningdrone.be\/fr\/wp-json\/wp\/v2\/media\/15456"}],"wp:attachment":[{"href":"https:\/\/koningdrone.be\/fr\/wp-json\/wp\/v2\/media?parent=15458"}],"wp:term":[{"taxonomy":"product_brand","embeddable":true,"href":"https:\/\/koningdrone.be\/fr\/wp-json\/wp\/v2\/product_brand?post=15458"},{"taxonomy":"product_cat","embeddable":true,"href":"https:\/\/koningdrone.be\/fr\/wp-json\/wp\/v2\/product_cat?post=15458"},{"taxonomy":"product_tag","embeddable":true,"href":"https:\/\/koningdrone.be\/fr\/wp-json\/wp\/v2\/product_tag?post=15458"}],"curies":[{"name":"wp","href":"https:\/\/api.w.org\/{rel}","templated":true}]}}