{"id":15455,"date":"2025-06-10T14:22:50","date_gmt":"2025-06-10T12:22:50","guid":{"rendered":"https:\/\/koningdrone.be\/product\/anker-solix-rs40b-rigid-solar-panel-410w-1-panel\/"},"modified":"2026-04-29T08:00:29","modified_gmt":"2026-04-29T06:00:29","slug":"anker-solix-rs40b-rigid-solar-panel-410w-1-panel","status":"publish","type":"product","link":"https:\/\/koningdrone.be\/fr\/produit\/anker-solix-rs40b-rigid-solar-panel-410w-1-panel\/","title":{"rendered":"Anker SOLIX RS40B Panneau solaire rigide (410W) - 1 panneau"},"content":{"rendered":"<p>R\u00e9duisez votre facture d'\u00e9nergie gr\u00e2ce \u00e0 notre produit solaire, d'une capacit\u00e9 de 166 kWh ! Profitez d'un rendement \u00e9lev\u00e9 de 23% et d'une longue dur\u00e9e de vie de 25 ans avec une garantie de performance de 84,4%. Le design enti\u00e8rement noir conf\u00e8re un aspect moderne \u00e0 votre maison.<\/p>\n<p>&nbsp;<\/p>","protected":false},"excerpt":{"rendered":"<ul>\n<li>R\u00e9duisez votre facture d'\u00e9nergie : jusqu'\u00e0 166 kWh de rendement, ce qui r\u00e9duit consid\u00e9rablement vos co\u00fbts \u00e9nerg\u00e9tiques.<\/li>\n<li>Rendement \u00e9lev\u00e9 : avec un rendement de 23% pour une production d'\u00e9nergie maximale.<\/li>\n<li>Longue dur\u00e9e de vie : 25 ans avec une garantie de performance de 84,4% pour une fiabilit\u00e9 \u00e0 long terme.<\/li>\n<li>Design moderne : le design enti\u00e8rement noir conf\u00e8re un aspect \u00e9l\u00e9gant \u00e0 votre int\u00e9rieur.<\/li>\n<\/ul>","protected":false},"featured_media":15454,"template":"","meta":{"_acf_changed":false},"product_brand":[],"product_cat":[58],"product_tag":[],"class_list":{"0":"post-15455","1":"product","2":"type-product","3":"status-publish","4":"has-post-thumbnail","6":"product_cat-uncategorized","7":"product_shipping_class-outofstock","9":"first","10":"outofstock","11":"taxable","12":"shipping-taxable","13":"product-type-simple"},"acf":[],"yoast_head":"<!-- This site is optimized with the Yoast SEO Premium plugin v27.2 (Yoast SEO v27.2) - https:\/\/yoast.com\/product\/yoast-seo-premium-wordpress\/ -->\n<title>Anker SOLIX RS40B Rigid Solar Panel (410W) - 1 panel - koningdrone.be<\/title>\n<meta name=\"robots\" content=\"index, follow, max-snippet:-1, max-image-preview:large, max-video-preview:-1\" \/>\n<link rel=\"canonical\" href=\"https:\/\/koningdrone.be\/fr\/produit\/anker-solix-rs40b-rigid-solar-panel-410w-1-panel\/\" \/>\n<meta property=\"og:locale\" content=\"fr_FR\" \/>\n<meta property=\"og:type\" content=\"article\" \/>\n<meta property=\"og:title\" content=\"Anker SOLIX RS40B Rigid Solar Panel (410W) - 1 panel\" \/>\n<meta property=\"og:description\" content=\"Verlaag je energierekening: Tot 166kWh opbrengst, waardoor je energiekosten aanzienlijk verminderen.  Hoog rendement: Met een effici\u00ebntie van 23% voor maximale energieproductie.  Lange levensduur: 25 jaar met een performance garantie van 84.4% voor langdurige betrouwbaarheid.  Modern ontwerp: Het volledig zwarte ontwerp zorgt voor een stijlvolle uitstraling voor je huis.\" \/>\n<meta property=\"og:url\" content=\"https:\/\/koningdrone.be\/fr\/produit\/anker-solix-rs40b-rigid-solar-panel-410w-1-panel\/\" \/>\n<meta property=\"og:site_name\" content=\"koningdrone.be\" \/>\n<meta property=\"article:modified_time\" content=\"2026-04-29T06:00:29+00:00\" \/>\n<meta property=\"og:image\" content=\"https:\/\/koningdrone.be\/wp-content\/uploads\/sites\/13\/2025\/08\/155520-ANKER-SOLIX-RS40B-Rigid-Solar-Panel-410W1-pane-1-1.jpg\" \/>\n\t<meta property=\"og:image:width\" content=\"1280\" \/>\n\t<meta property=\"og:image:height\" content=\"800\" \/>\n\t<meta property=\"og:image:type\" content=\"image\/jpeg\" \/>\n<meta name=\"twitter:card\" content=\"summary_large_image\" \/>\n<script type=\"application\/ld+json\" class=\"yoast-schema-graph\">{\"@context\":\"https:\/\/schema.org\",\"@graph\":[{\"@type\":\"WebPage\",\"@id\":\"https:\/\/koningdrone.be\/product\/anker-solix-rs40b-rigid-solar-panel-410w-1-panel\/\",\"url\":\"https:\/\/koningdrone.be\/product\/anker-solix-rs40b-rigid-solar-panel-410w-1-panel\/\",\"name\":\"Anker SOLIX RS40B Rigid Solar Panel (410W) - 1 panel - koningdrone.be\",\"isPartOf\":{\"@id\":\"https:\/\/koningdrone.be\/#website\"},\"primaryImageOfPage\":{\"@id\":\"https:\/\/koningdrone.be\/product\/anker-solix-rs40b-rigid-solar-panel-410w-1-panel\/#primaryimage\"},\"image\":{\"@id\":\"https:\/\/koningdrone.be\/product\/anker-solix-rs40b-rigid-solar-panel-410w-1-panel\/#primaryimage\"},\"thumbnailUrl\":\"https:\/\/koningdrone.be\/wp-content\/uploads\/sites\/13\/2025\/08\/155520-ANKER-SOLIX-RS40B-Rigid-Solar-Panel-410W1-pane-1-1.jpg\",\"datePublished\":\"2025-06-10T12:22:50+00:00\",\"dateModified\":\"2026-04-29T06:00:29+00:00\",\"breadcrumb\":{\"@id\":\"https:\/\/koningdrone.be\/product\/anker-solix-rs40b-rigid-solar-panel-410w-1-panel\/#breadcrumb\"},\"inLanguage\":\"fr-BE\",\"potentialAction\":[{\"@type\":\"ReadAction\",\"target\":[\"https:\/\/koningdrone.be\/product\/anker-solix-rs40b-rigid-solar-panel-410w-1-panel\/\"]}]},{\"@type\":\"ImageObject\",\"inLanguage\":\"fr-BE\",\"@id\":\"https:\/\/koningdrone.be\/product\/anker-solix-rs40b-rigid-solar-panel-410w-1-panel\/#primaryimage\",\"url\":\"https:\/\/koningdrone.be\/wp-content\/uploads\/sites\/13\/2025\/08\/155520-ANKER-SOLIX-RS40B-Rigid-Solar-Panel-410W1-pane-1-1.jpg\",\"contentUrl\":\"https:\/\/koningdrone.be\/wp-content\/uploads\/sites\/13\/2025\/08\/155520-ANKER-SOLIX-RS40B-Rigid-Solar-Panel-410W1-pane-1-1.jpg\",\"width\":1280,\"height\":800},{\"@type\":\"BreadcrumbList\",\"@id\":\"https:\/\/koningdrone.be\/product\/anker-solix-rs40b-rigid-solar-panel-410w-1-panel\/#breadcrumb\",\"itemListElement\":[{\"@type\":\"ListItem\",\"position\":1,\"name\":\"Home\",\"item\":\"https:\/\/koningdrone.be\/\"},{\"@type\":\"ListItem\",\"position\":2,\"name\":\"AVSS Parachute Recovery System for DJI Matrice 300\/350\",\"item\":\"https:\/\/koningdrone.be\/product\/avss-parachute-recovery-system-for-dji-matrice-300-350\/\"},{\"@type\":\"ListItem\",\"position\":3,\"name\":\"Uncategorized\",\"item\":\"https:\/\/koningdrone.be\/categorie\/uncategorized\/\"},{\"@type\":\"ListItem\",\"position\":4,\"name\":\"Anker SOLIX RS40B Rigid Solar Panel (410W) &#8211; 1 panel\"}]},{\"@type\":\"WebSite\",\"@id\":\"https:\/\/koningdrone.be\/#website\",\"url\":\"https:\/\/koningdrone.be\/\",\"name\":\"Koningdrone.be - Uw online specialist in drones, gimbals, camera's en power stations.\",\"description\":\"De webshop in drones en gimbals\",\"publisher\":{\"@id\":\"https:\/\/koningdrone.be\/#organization\"},\"potentialAction\":[{\"@type\":\"SearchAction\",\"target\":{\"@type\":\"EntryPoint\",\"urlTemplate\":\"https:\/\/koningdrone.be\/?s={search_term_string}\"},\"query-input\":{\"@type\":\"PropertyValueSpecification\",\"valueRequired\":true,\"valueName\":\"search_term_string\"}}],\"inLanguage\":\"fr-BE\"},{\"@type\":\"Organization\",\"@id\":\"https:\/\/koningdrone.be\/#organization\",\"name\":\"Koningdrone.be\",\"url\":\"https:\/\/koningdrone.be\/\",\"logo\":{\"@type\":\"ImageObject\",\"inLanguage\":\"fr-BE\",\"@id\":\"https:\/\/koningdrone.be\/#\/schema\/logo\/image\/\",\"url\":\"https:\/\/koningdrone.be\/wp-content\/uploads\/sites\/13\/2025\/04\/koningdrone-copyright-logo.svg\",\"contentUrl\":\"https:\/\/koningdrone.be\/wp-content\/uploads\/sites\/13\/2025\/04\/koningdrone-copyright-logo.svg\",\"width\":227,\"height\":38,\"caption\":\"Koningdrone.be\"},\"image\":{\"@id\":\"https:\/\/koningdrone.be\/#\/schema\/logo\/image\/\"}}]}<\/script>\n<!-- \/ Yoast SEO Premium plugin. -->","yoast_head_json":{"title":"Anker SOLIX RS40B Rigid Solar Panel (410W) - 1 panel - koningdrone.be","robots":{"index":"index","follow":"follow","max-snippet":"max-snippet:-1","max-image-preview":"max-image-preview:large","max-video-preview":"max-video-preview:-1"},"canonical":"https:\/\/koningdrone.be\/fr\/produit\/anker-solix-rs40b-rigid-solar-panel-410w-1-panel\/","og_locale":"fr_FR","og_type":"article","og_title":"Anker SOLIX RS40B Rigid Solar Panel (410W) - 1 panel","og_description":"Verlaag je energierekening: Tot 166kWh opbrengst, waardoor je energiekosten aanzienlijk verminderen.  Hoog rendement: Met een effici\u00ebntie van 23% voor maximale energieproductie.  Lange levensduur: 25 jaar met een performance garantie van 84.4% voor langdurige betrouwbaarheid.  Modern ontwerp: Het volledig zwarte ontwerp zorgt voor een stijlvolle uitstraling voor je huis.","og_url":"https:\/\/koningdrone.be\/fr\/produit\/anker-solix-rs40b-rigid-solar-panel-410w-1-panel\/","og_site_name":"koningdrone.be","article_modified_time":"2026-04-29T06:00:29+00:00","og_image":[{"width":1280,"height":800,"url":"https:\/\/koningdrone.be\/wp-content\/uploads\/sites\/13\/2025\/08\/155520-ANKER-SOLIX-RS40B-Rigid-Solar-Panel-410W1-pane-1-1.jpg","type":"image\/jpeg"}],"twitter_card":"summary_large_image","schema":{"@context":"https:\/\/schema.org","@graph":[{"@type":"WebPage","@id":"https:\/\/koningdrone.be\/product\/anker-solix-rs40b-rigid-solar-panel-410w-1-panel\/","url":"https:\/\/koningdrone.be\/product\/anker-solix-rs40b-rigid-solar-panel-410w-1-panel\/","name":"Anker SOLIX RS40B Rigid Solar Panel (410W) - 1 panel - koningdrone.be","isPartOf":{"@id":"https:\/\/koningdrone.be\/#website"},"primaryImageOfPage":{"@id":"https:\/\/koningdrone.be\/product\/anker-solix-rs40b-rigid-solar-panel-410w-1-panel\/#primaryimage"},"image":{"@id":"https:\/\/koningdrone.be\/product\/anker-solix-rs40b-rigid-solar-panel-410w-1-panel\/#primaryimage"},"thumbnailUrl":"https:\/\/koningdrone.be\/wp-content\/uploads\/sites\/13\/2025\/08\/155520-ANKER-SOLIX-RS40B-Rigid-Solar-Panel-410W1-pane-1-1.jpg","datePublished":"2025-06-10T12:22:50+00:00","dateModified":"2026-04-29T06:00:29+00:00","breadcrumb":{"@id":"https:\/\/koningdrone.be\/product\/anker-solix-rs40b-rigid-solar-panel-410w-1-panel\/#breadcrumb"},"inLanguage":"fr-BE","potentialAction":[{"@type":"ReadAction","target":["https:\/\/koningdrone.be\/product\/anker-solix-rs40b-rigid-solar-panel-410w-1-panel\/"]}]},{"@type":"ImageObject","inLanguage":"fr-BE","@id":"https:\/\/koningdrone.be\/product\/anker-solix-rs40b-rigid-solar-panel-410w-1-panel\/#primaryimage","url":"https:\/\/koningdrone.be\/wp-content\/uploads\/sites\/13\/2025\/08\/155520-ANKER-SOLIX-RS40B-Rigid-Solar-Panel-410W1-pane-1-1.jpg","contentUrl":"https:\/\/koningdrone.be\/wp-content\/uploads\/sites\/13\/2025\/08\/155520-ANKER-SOLIX-RS40B-Rigid-Solar-Panel-410W1-pane-1-1.jpg","width":1280,"height":800},{"@type":"BreadcrumbList","@id":"https:\/\/koningdrone.be\/product\/anker-solix-rs40b-rigid-solar-panel-410w-1-panel\/#breadcrumb","itemListElement":[{"@type":"ListItem","position":1,"name":"Home","item":"https:\/\/koningdrone.be\/"},{"@type":"ListItem","position":2,"name":"AVSS Parachute Recovery System for DJI Matrice 300\/350","item":"https:\/\/koningdrone.be\/product\/avss-parachute-recovery-system-for-dji-matrice-300-350\/"},{"@type":"ListItem","position":3,"name":"Uncategorized","item":"https:\/\/koningdrone.be\/categorie\/uncategorized\/"},{"@type":"ListItem","position":4,"name":"Anker SOLIX RS40B Rigid Solar Panel (410W) &#8211; 1 panel"}]},{"@type":"WebSite","@id":"https:\/\/koningdrone.be\/#website","url":"https:\/\/koningdrone.be\/","name":"Koningdrone.be - Votre sp\u00e9cialiste en ligne en mati\u00e8re de drones, de cardans, de cam\u00e9ras et de centrales \u00e9lectriques.","description":"La boutique en ligne de drones et de cardans","publisher":{"@id":"https:\/\/koningdrone.be\/#organization"},"potentialAction":[{"@type":"SearchAction","target":{"@type":"EntryPoint","urlTemplate":"https:\/\/koningdrone.be\/?s={search_term_string}"},"query-input":{"@type":"PropertyValueSpecification","valueRequired":true,"valueName":"search_term_string"}}],"inLanguage":"fr-BE"},{"@type":"Organization","@id":"https:\/\/koningdrone.be\/#organization","name":"Kingdrone.co.uk","url":"https:\/\/koningdrone.be\/","logo":{"@type":"ImageObject","inLanguage":"fr-BE","@id":"https:\/\/koningdrone.be\/#\/schema\/logo\/image\/","url":"https:\/\/koningdrone.be\/wp-content\/uploads\/sites\/13\/2025\/04\/koningdrone-copyright-logo.svg","contentUrl":"https:\/\/koningdrone.be\/wp-content\/uploads\/sites\/13\/2025\/04\/koningdrone-copyright-logo.svg","width":227,"height":38,"caption":"Koningdrone.be"},"image":{"@id":"https:\/\/koningdrone.be\/#\/schema\/logo\/image\/"}}]}},"df_price":"","df_sale_price":"","df_regular_price":"","df_image_link":"https:\/\/koningdrone.be\/wp-content\/uploads\/sites\/13\/2025\/08\/155520-ANKER-SOLIX-RS40B-Rigid-Solar-Panel-410W1-pane-1-1-300x188.jpg","_links":{"self":[{"href":"https:\/\/koningdrone.be\/fr\/wp-json\/wp\/v2\/product\/15455","targetHints":{"allow":["GET"]}}],"collection":[{"href":"https:\/\/koningdrone.be\/fr\/wp-json\/wp\/v2\/product"}],"about":[{"href":"https:\/\/koningdrone.be\/fr\/wp-json\/wp\/v2\/types\/product"}],"wp:featuredmedia":[{"embeddable":true,"href":"https:\/\/koningdrone.be\/fr\/wp-json\/wp\/v2\/media\/15454"}],"wp:attachment":[{"href":"https:\/\/koningdrone.be\/fr\/wp-json\/wp\/v2\/media?parent=15455"}],"wp:term":[{"taxonomy":"product_brand","embeddable":true,"href":"https:\/\/koningdrone.be\/fr\/wp-json\/wp\/v2\/product_brand?post=15455"},{"taxonomy":"product_cat","embeddable":true,"href":"https:\/\/koningdrone.be\/fr\/wp-json\/wp\/v2\/product_cat?post=15455"},{"taxonomy":"product_tag","embeddable":true,"href":"https:\/\/koningdrone.be\/fr\/wp-json\/wp\/v2\/product_tag?post=15455"}],"curies":[{"name":"wp","href":"https:\/\/api.w.org\/{rel}","templated":true}]}}