{"id":15451,"date":"2025-06-10T14:22:50","date_gmt":"2025-06-10T12:22:50","guid":{"rendered":"https:\/\/koningdrone.be\/product\/anker-solix-solarbank-smart-meter\/"},"modified":"2026-04-30T06:50:57","modified_gmt":"2026-04-30T04:50:57","slug":"anker-solix-solarbank-smart-meter","status":"publish","type":"product","link":"https:\/\/koningdrone.be\/fr\/produit\/anker-solix-solarbank-smart-meter\/","title":{"rendered":"Anker SOLIX Solarbank Smart Meter"},"content":{"rendered":"<p>Le compteur intelligent Anker A17X7 est con\u00e7u pour \u00eatre utilis\u00e9 avec le Anker Solarbank 2 Pro ou le Anker Solarbank 2 Plus. Il prend en charge la communication via RS-485, WLAN (Wi-Fi) ou Bluetooth. Cela offre de nombreuses options de connectivit\u00e9 en fonction de vos pr\u00e9f\u00e9rences et de la configuration de votre syst\u00e8me.<\/p>\n<p>&nbsp;<\/p>\n<p>Avantages du compteur intelligent Anchor A17X7 :<\/p>\n<ul>\n<li><strong>Echtzeit\u00fcberwachung :<\/strong> Permet de contr\u00f4ler en temps r\u00e9el la consommation d'\u00e9nergie.<\/li>\n<li><strong>Installation facile :<\/strong> L'installation est rapide et facile gr\u00e2ce \u00e0 la technologie Plug&amp;Play.<\/li>\n<li><strong>Une gestion intelligente de l'\u00e9nergie :<\/strong> Contr\u00f4le intelligemment la gestion de l'\u00e9nergie via une application pour smartphone.<\/li>\n<li><strong>Options de communication flexibles :<\/strong> Choix de RS-485, WLAN ou Bluetooth pour divers environnements techniques.<\/li>\n<\/ul>\n<p>&nbsp;<\/p>","protected":false},"excerpt":{"rendered":"<ul>\n<li>Permet de contr\u00f4ler en temps r\u00e9el la consommation d'\u00e9nergie.<\/li>\n<li>Installation facile : L'installation est rapide et facile gr\u00e2ce \u00e0 la technologie Plug&amp;Play.<\/li>\n<li>Intelligente Energiesteuerung : gestion intelligente de l'\u00e9nergie via une application pour smartphone.<\/li>\n<li>Options de communication flexibles : Choix entre RS-485, WLAN ou Bluetooth pour divers environnements techniques.<\/li>\n<\/ul>","protected":false},"featured_media":15450,"template":"","meta":{"_acf_changed":false},"product_brand":[],"product_cat":[58],"product_tag":[],"class_list":{"0":"post-15451","1":"product","2":"type-product","3":"status-publish","4":"has-post-thumbnail","6":"product_cat-uncategorized","7":"product_shipping_class-outofstock","9":"first","10":"outofstock","11":"taxable","12":"shipping-taxable","13":"product-type-simple"},"acf":[],"yoast_head":"<!-- This site is optimized with the Yoast SEO Premium plugin v27.2 (Yoast SEO v27.2) - https:\/\/yoast.com\/product\/yoast-seo-premium-wordpress\/ -->\n<title>Anker SOLIX Solarbank Smart Meter - koningdrone.be<\/title>\n<meta name=\"robots\" content=\"index, follow, max-snippet:-1, max-image-preview:large, max-video-preview:-1\" \/>\n<link rel=\"canonical\" href=\"https:\/\/koningdrone.be\/fr\/produit\/anker-solix-solarbank-smart-meter\/\" \/>\n<meta property=\"og:locale\" content=\"fr_FR\" \/>\n<meta property=\"og:type\" content=\"article\" \/>\n<meta property=\"og:title\" content=\"Anker SOLIX Solarbank Smart Meter\" \/>\n<meta property=\"og:description\" content=\"Biedt real-time monitoring van energieverbruik.  Eenvoudige Installatie: Installatie verloopt snel en gemakkelijk met gebruik van Plug&amp;Play technologie.  Intelligente Energiesteuerung: Regelt slim het energiebeheer via een smartphone-app.  Flexibele Communicatieopties: Keuze uit RS-485, WLAN of Bluetooth voor diverse technische omgevingen.\" \/>\n<meta property=\"og:url\" content=\"https:\/\/koningdrone.be\/fr\/produit\/anker-solix-solarbank-smart-meter\/\" \/>\n<meta property=\"og:site_name\" content=\"koningdrone.be\" \/>\n<meta property=\"article:modified_time\" content=\"2026-04-30T04:50:57+00:00\" \/>\n<meta property=\"og:image\" content=\"https:\/\/koningdrone.be\/wp-content\/uploads\/sites\/13\/2025\/08\/a17x7311-01-v1-4c97e8249032415ea2638d8c29857ae6_1920x1920.png\" \/>\n\t<meta property=\"og:image:width\" content=\"1920\" \/>\n\t<meta property=\"og:image:height\" content=\"1920\" \/>\n\t<meta property=\"og:image:type\" content=\"image\/png\" \/>\n<meta name=\"twitter:card\" content=\"summary_large_image\" \/>\n<script type=\"application\/ld+json\" class=\"yoast-schema-graph\">{\"@context\":\"https:\/\/schema.org\",\"@graph\":[{\"@type\":\"WebPage\",\"@id\":\"https:\/\/koningdrone.be\/product\/anker-solix-solarbank-smart-meter\/\",\"url\":\"https:\/\/koningdrone.be\/product\/anker-solix-solarbank-smart-meter\/\",\"name\":\"Anker SOLIX Solarbank Smart Meter - koningdrone.be\",\"isPartOf\":{\"@id\":\"https:\/\/koningdrone.be\/#website\"},\"primaryImageOfPage\":{\"@id\":\"https:\/\/koningdrone.be\/product\/anker-solix-solarbank-smart-meter\/#primaryimage\"},\"image\":{\"@id\":\"https:\/\/koningdrone.be\/product\/anker-solix-solarbank-smart-meter\/#primaryimage\"},\"thumbnailUrl\":\"https:\/\/koningdrone.be\/wp-content\/uploads\/sites\/13\/2025\/08\/a17x7311-01-v1-4c97e8249032415ea2638d8c29857ae6_1920x1920.png\",\"datePublished\":\"2025-06-10T12:22:50+00:00\",\"dateModified\":\"2026-04-30T04:50:57+00:00\",\"breadcrumb\":{\"@id\":\"https:\/\/koningdrone.be\/product\/anker-solix-solarbank-smart-meter\/#breadcrumb\"},\"inLanguage\":\"fr-BE\",\"potentialAction\":[{\"@type\":\"ReadAction\",\"target\":[\"https:\/\/koningdrone.be\/product\/anker-solix-solarbank-smart-meter\/\"]}]},{\"@type\":\"ImageObject\",\"inLanguage\":\"fr-BE\",\"@id\":\"https:\/\/koningdrone.be\/product\/anker-solix-solarbank-smart-meter\/#primaryimage\",\"url\":\"https:\/\/koningdrone.be\/wp-content\/uploads\/sites\/13\/2025\/08\/a17x7311-01-v1-4c97e8249032415ea2638d8c29857ae6_1920x1920.png\",\"contentUrl\":\"https:\/\/koningdrone.be\/wp-content\/uploads\/sites\/13\/2025\/08\/a17x7311-01-v1-4c97e8249032415ea2638d8c29857ae6_1920x1920.png\",\"width\":1920,\"height\":1920},{\"@type\":\"BreadcrumbList\",\"@id\":\"https:\/\/koningdrone.be\/product\/anker-solix-solarbank-smart-meter\/#breadcrumb\",\"itemListElement\":[{\"@type\":\"ListItem\",\"position\":1,\"name\":\"Home\",\"item\":\"https:\/\/koningdrone.be\/\"},{\"@type\":\"ListItem\",\"position\":2,\"name\":\"AVSS Parachute Recovery System for DJI Matrice 300\/350\",\"item\":\"https:\/\/koningdrone.be\/product\/avss-parachute-recovery-system-for-dji-matrice-300-350\/\"},{\"@type\":\"ListItem\",\"position\":3,\"name\":\"Uncategorized\",\"item\":\"https:\/\/koningdrone.be\/categorie\/uncategorized\/\"},{\"@type\":\"ListItem\",\"position\":4,\"name\":\"Anker SOLIX Solarbank Smart Meter\"}]},{\"@type\":\"WebSite\",\"@id\":\"https:\/\/koningdrone.be\/#website\",\"url\":\"https:\/\/koningdrone.be\/\",\"name\":\"Koningdrone.be - Uw online specialist in drones, gimbals, camera's en power stations.\",\"description\":\"De webshop in drones en gimbals\",\"publisher\":{\"@id\":\"https:\/\/koningdrone.be\/#organization\"},\"potentialAction\":[{\"@type\":\"SearchAction\",\"target\":{\"@type\":\"EntryPoint\",\"urlTemplate\":\"https:\/\/koningdrone.be\/?s={search_term_string}\"},\"query-input\":{\"@type\":\"PropertyValueSpecification\",\"valueRequired\":true,\"valueName\":\"search_term_string\"}}],\"inLanguage\":\"fr-BE\"},{\"@type\":\"Organization\",\"@id\":\"https:\/\/koningdrone.be\/#organization\",\"name\":\"Koningdrone.be\",\"url\":\"https:\/\/koningdrone.be\/\",\"logo\":{\"@type\":\"ImageObject\",\"inLanguage\":\"fr-BE\",\"@id\":\"https:\/\/koningdrone.be\/#\/schema\/logo\/image\/\",\"url\":\"https:\/\/koningdrone.be\/wp-content\/uploads\/sites\/13\/2025\/04\/koningdrone-copyright-logo.svg\",\"contentUrl\":\"https:\/\/koningdrone.be\/wp-content\/uploads\/sites\/13\/2025\/04\/koningdrone-copyright-logo.svg\",\"width\":227,\"height\":38,\"caption\":\"Koningdrone.be\"},\"image\":{\"@id\":\"https:\/\/koningdrone.be\/#\/schema\/logo\/image\/\"}}]}<\/script>\n<!-- \/ Yoast SEO Premium plugin. -->","yoast_head_json":{"title":"Anker SOLIX Solarbank Smart Meter - koningdrone.be","robots":{"index":"index","follow":"follow","max-snippet":"max-snippet:-1","max-image-preview":"max-image-preview:large","max-video-preview":"max-video-preview:-1"},"canonical":"https:\/\/koningdrone.be\/fr\/produit\/anker-solix-solarbank-smart-meter\/","og_locale":"fr_FR","og_type":"article","og_title":"Anker SOLIX Solarbank Smart Meter","og_description":"Biedt real-time monitoring van energieverbruik.  Eenvoudige Installatie: Installatie verloopt snel en gemakkelijk met gebruik van Plug&amp;Play technologie.  Intelligente Energiesteuerung: Regelt slim het energiebeheer via een smartphone-app.  Flexibele Communicatieopties: Keuze uit RS-485, WLAN of Bluetooth voor diverse technische omgevingen.","og_url":"https:\/\/koningdrone.be\/fr\/produit\/anker-solix-solarbank-smart-meter\/","og_site_name":"koningdrone.be","article_modified_time":"2026-04-30T04:50:57+00:00","og_image":[{"width":1920,"height":1920,"url":"https:\/\/koningdrone.be\/wp-content\/uploads\/sites\/13\/2025\/08\/a17x7311-01-v1-4c97e8249032415ea2638d8c29857ae6_1920x1920.png","type":"image\/png"}],"twitter_card":"summary_large_image","schema":{"@context":"https:\/\/schema.org","@graph":[{"@type":"WebPage","@id":"https:\/\/koningdrone.be\/product\/anker-solix-solarbank-smart-meter\/","url":"https:\/\/koningdrone.be\/product\/anker-solix-solarbank-smart-meter\/","name":"Anker SOLIX Solarbank Smart Meter - koningdrone.be","isPartOf":{"@id":"https:\/\/koningdrone.be\/#website"},"primaryImageOfPage":{"@id":"https:\/\/koningdrone.be\/product\/anker-solix-solarbank-smart-meter\/#primaryimage"},"image":{"@id":"https:\/\/koningdrone.be\/product\/anker-solix-solarbank-smart-meter\/#primaryimage"},"thumbnailUrl":"https:\/\/koningdrone.be\/wp-content\/uploads\/sites\/13\/2025\/08\/a17x7311-01-v1-4c97e8249032415ea2638d8c29857ae6_1920x1920.png","datePublished":"2025-06-10T12:22:50+00:00","dateModified":"2026-04-30T04:50:57+00:00","breadcrumb":{"@id":"https:\/\/koningdrone.be\/product\/anker-solix-solarbank-smart-meter\/#breadcrumb"},"inLanguage":"fr-BE","potentialAction":[{"@type":"ReadAction","target":["https:\/\/koningdrone.be\/product\/anker-solix-solarbank-smart-meter\/"]}]},{"@type":"ImageObject","inLanguage":"fr-BE","@id":"https:\/\/koningdrone.be\/product\/anker-solix-solarbank-smart-meter\/#primaryimage","url":"https:\/\/koningdrone.be\/wp-content\/uploads\/sites\/13\/2025\/08\/a17x7311-01-v1-4c97e8249032415ea2638d8c29857ae6_1920x1920.png","contentUrl":"https:\/\/koningdrone.be\/wp-content\/uploads\/sites\/13\/2025\/08\/a17x7311-01-v1-4c97e8249032415ea2638d8c29857ae6_1920x1920.png","width":1920,"height":1920},{"@type":"BreadcrumbList","@id":"https:\/\/koningdrone.be\/product\/anker-solix-solarbank-smart-meter\/#breadcrumb","itemListElement":[{"@type":"ListItem","position":1,"name":"Home","item":"https:\/\/koningdrone.be\/"},{"@type":"ListItem","position":2,"name":"AVSS Parachute Recovery System for DJI Matrice 300\/350","item":"https:\/\/koningdrone.be\/product\/avss-parachute-recovery-system-for-dji-matrice-300-350\/"},{"@type":"ListItem","position":3,"name":"Uncategorized","item":"https:\/\/koningdrone.be\/categorie\/uncategorized\/"},{"@type":"ListItem","position":4,"name":"Anker SOLIX Solarbank Smart Meter"}]},{"@type":"WebSite","@id":"https:\/\/koningdrone.be\/#website","url":"https:\/\/koningdrone.be\/","name":"Koningdrone.be - Votre sp\u00e9cialiste en ligne en mati\u00e8re de drones, de cardans, de cam\u00e9ras et de centrales \u00e9lectriques.","description":"La boutique en ligne de drones et de cardans","publisher":{"@id":"https:\/\/koningdrone.be\/#organization"},"potentialAction":[{"@type":"SearchAction","target":{"@type":"EntryPoint","urlTemplate":"https:\/\/koningdrone.be\/?s={search_term_string}"},"query-input":{"@type":"PropertyValueSpecification","valueRequired":true,"valueName":"search_term_string"}}],"inLanguage":"fr-BE"},{"@type":"Organization","@id":"https:\/\/koningdrone.be\/#organization","name":"Kingdrone.co.uk","url":"https:\/\/koningdrone.be\/","logo":{"@type":"ImageObject","inLanguage":"fr-BE","@id":"https:\/\/koningdrone.be\/#\/schema\/logo\/image\/","url":"https:\/\/koningdrone.be\/wp-content\/uploads\/sites\/13\/2025\/04\/koningdrone-copyright-logo.svg","contentUrl":"https:\/\/koningdrone.be\/wp-content\/uploads\/sites\/13\/2025\/04\/koningdrone-copyright-logo.svg","width":227,"height":38,"caption":"Koningdrone.be"},"image":{"@id":"https:\/\/koningdrone.be\/#\/schema\/logo\/image\/"}}]}},"df_price":"","df_sale_price":"","df_regular_price":"","df_image_link":"https:\/\/koningdrone.be\/wp-content\/uploads\/sites\/13\/2025\/08\/a17x7311-01-v1-4c97e8249032415ea2638d8c29857ae6_1920x1920-300x300.png","_links":{"self":[{"href":"https:\/\/koningdrone.be\/fr\/wp-json\/wp\/v2\/product\/15451","targetHints":{"allow":["GET"]}}],"collection":[{"href":"https:\/\/koningdrone.be\/fr\/wp-json\/wp\/v2\/product"}],"about":[{"href":"https:\/\/koningdrone.be\/fr\/wp-json\/wp\/v2\/types\/product"}],"wp:featuredmedia":[{"embeddable":true,"href":"https:\/\/koningdrone.be\/fr\/wp-json\/wp\/v2\/media\/15450"}],"wp:attachment":[{"href":"https:\/\/koningdrone.be\/fr\/wp-json\/wp\/v2\/media?parent=15451"}],"wp:term":[{"taxonomy":"product_brand","embeddable":true,"href":"https:\/\/koningdrone.be\/fr\/wp-json\/wp\/v2\/product_brand?post=15451"},{"taxonomy":"product_cat","embeddable":true,"href":"https:\/\/koningdrone.be\/fr\/wp-json\/wp\/v2\/product_cat?post=15451"},{"taxonomy":"product_tag","embeddable":true,"href":"https:\/\/koningdrone.be\/fr\/wp-json\/wp\/v2\/product_tag?post=15451"}],"curies":[{"name":"wp","href":"https:\/\/api.w.org\/{rel}","templated":true}]}}