{"id":15372,"date":"2025-07-03T09:31:46","date_gmt":"2025-07-03T07:31:46","guid":{"rendered":"https:\/\/koningdrone.be\/product\/dji-om-magnetic-phone-clamp-4\/"},"modified":"2026-04-30T04:00:41","modified_gmt":"2026-04-30T02:00:41","slug":"dji-om-magnetic-phone-clamp-4","status":"publish","type":"product","link":"https:\/\/koningdrone.be\/fr\/produit\/dji-om-magnetic-phone-clamp-4\/","title":{"rendered":"DJI OM Pince magn\u00e9tique pour t\u00e9l\u00e9phone 4"},"content":{"rendered":"<p>La DJI OM Magnetic Phone Clamp 4 est un accessoire l\u00e9ger et magn\u00e9tique qui vous permet de fixer en toute s\u00e9curit\u00e9 votre smartphone aux cardans Osmo Mobile de DJI. Le design fin permet un montage rapide et facile, afin que vous puissiez commencer \u00e0 filmer imm\u00e9diatement sans obstruer les boutons ou l'\u00e9cran de votre t\u00e9l\u00e9phone. Id\u00e9ale pour les cr\u00e9ateurs de contenu qui se d\u00e9placent souvent, cette pince offre une exp\u00e9rience de tournage transparente et efficace.<\/p>","protected":false},"excerpt":{"rendered":"<ul>\n<li>Connectez-vous imm\u00e9diatement gr\u00e2ce \u00e0 une forte connexion magn\u00e9tique.<\/li>\n<li>Mince et l\u00e9ger, il est facile \u00e0 transporter.<\/li>\n<li>Permet des transitions rapides entre l'enregistrement et l'\u00e9dition.<\/li>\n<li>Ne g\u00eane pas les boutons ou l'\u00e9cran du t\u00e9l\u00e9phone.<\/li>\n<li>Con\u00e7u pour une exp\u00e9rience cin\u00e9matographique fluide et sans probl\u00e8me.<\/li>\n<\/ul>","protected":false},"featured_media":15368,"template":"","meta":{"_acf_changed":false},"product_brand":[],"product_cat":[58],"product_tag":[],"class_list":{"0":"post-15372","1":"product","2":"type-product","3":"status-publish","4":"has-post-thumbnail","6":"product_cat-uncategorized","7":"product_shipping_class-acsystemsall","8":"pa_brand-dji","9":"pa_producttype-telefoonklem","10":"pa_series-osmo-mobile","12":"first","13":"instock","14":"taxable","15":"shipping-taxable","16":"purchasable","17":"product-type-simple"},"acf":[],"yoast_head":"<!-- This site is optimized with the Yoast SEO Premium plugin v27.2 (Yoast SEO v27.2) - https:\/\/yoast.com\/product\/yoast-seo-premium-wordpress\/ -->\n<title>DJI OM Magnetic Phone Clamp 4 - koningdrone.be<\/title>\n<meta name=\"robots\" content=\"index, follow, max-snippet:-1, max-image-preview:large, max-video-preview:-1\" \/>\n<link rel=\"canonical\" href=\"https:\/\/koningdrone.be\/fr\/produit\/dji-om-magnetic-phone-clamp-4\/\" \/>\n<meta property=\"og:locale\" content=\"fr_FR\" \/>\n<meta property=\"og:type\" content=\"article\" \/>\n<meta property=\"og:title\" content=\"DJI OM Magnetic Phone Clamp 4\" \/>\n<meta property=\"og:description\" content=\"Meteen aan te sluiten met een sterke magnetische verbinding. Slank en lichtgewicht voor eenvoudige draagbaarheid. Maakt snelle overgangen tussen opname en bewerking mogelijk. Zit niet in de weg van telefoonknoppen of scherm. Ontworpen voor een soepele, probleemloze filmervaring.\" \/>\n<meta property=\"og:url\" content=\"https:\/\/koningdrone.be\/fr\/produit\/dji-om-magnetic-phone-clamp-4\/\" \/>\n<meta property=\"og:site_name\" content=\"koningdrone.be\" \/>\n<meta property=\"article:modified_time\" content=\"2026-04-30T02:00:41+00:00\" \/>\n<meta property=\"og:image\" content=\"https:\/\/koningdrone.be\/wp-content\/uploads\/sites\/13\/2025\/08\/ec770e036e5113727c820d02c439d948@origin-scaled-1.jpg\" \/>\n\t<meta property=\"og:image:width\" content=\"2560\" \/>\n\t<meta property=\"og:image:height\" content=\"1707\" \/>\n\t<meta property=\"og:image:type\" content=\"image\/jpeg\" \/>\n<meta name=\"twitter:card\" content=\"summary_large_image\" \/>\n<script type=\"application\/ld+json\" class=\"yoast-schema-graph\">{\"@context\":\"https:\/\/schema.org\",\"@graph\":[{\"@type\":\"WebPage\",\"@id\":\"https:\/\/koningdrone.be\/product\/dji-om-magnetic-phone-clamp-4\/\",\"url\":\"https:\/\/koningdrone.be\/product\/dji-om-magnetic-phone-clamp-4\/\",\"name\":\"DJI OM Magnetic Phone Clamp 4 - koningdrone.be\",\"isPartOf\":{\"@id\":\"https:\/\/koningdrone.be\/#website\"},\"primaryImageOfPage\":{\"@id\":\"https:\/\/koningdrone.be\/product\/dji-om-magnetic-phone-clamp-4\/#primaryimage\"},\"image\":{\"@id\":\"https:\/\/koningdrone.be\/product\/dji-om-magnetic-phone-clamp-4\/#primaryimage\"},\"thumbnailUrl\":\"https:\/\/koningdrone.be\/wp-content\/uploads\/sites\/13\/2025\/08\/ec770e036e5113727c820d02c439d948@origin-scaled-1.jpg\",\"datePublished\":\"2025-07-03T07:31:46+00:00\",\"dateModified\":\"2026-04-30T02:00:41+00:00\",\"breadcrumb\":{\"@id\":\"https:\/\/koningdrone.be\/product\/dji-om-magnetic-phone-clamp-4\/#breadcrumb\"},\"inLanguage\":\"fr-BE\",\"potentialAction\":[{\"@type\":\"ReadAction\",\"target\":[\"https:\/\/koningdrone.be\/product\/dji-om-magnetic-phone-clamp-4\/\"]}]},{\"@type\":\"ImageObject\",\"inLanguage\":\"fr-BE\",\"@id\":\"https:\/\/koningdrone.be\/product\/dji-om-magnetic-phone-clamp-4\/#primaryimage\",\"url\":\"https:\/\/koningdrone.be\/wp-content\/uploads\/sites\/13\/2025\/08\/ec770e036e5113727c820d02c439d948@origin-scaled-1.jpg\",\"contentUrl\":\"https:\/\/koningdrone.be\/wp-content\/uploads\/sites\/13\/2025\/08\/ec770e036e5113727c820d02c439d948@origin-scaled-1.jpg\",\"width\":2560,\"height\":1707},{\"@type\":\"BreadcrumbList\",\"@id\":\"https:\/\/koningdrone.be\/product\/dji-om-magnetic-phone-clamp-4\/#breadcrumb\",\"itemListElement\":[{\"@type\":\"ListItem\",\"position\":1,\"name\":\"Home\",\"item\":\"https:\/\/koningdrone.be\/\"},{\"@type\":\"ListItem\",\"position\":2,\"name\":\"AVSS Parachute Recovery System for DJI Matrice 300\/350\",\"item\":\"https:\/\/koningdrone.be\/product\/avss-parachute-recovery-system-for-dji-matrice-300-350\/\"},{\"@type\":\"ListItem\",\"position\":3,\"name\":\"Uncategorized\",\"item\":\"https:\/\/koningdrone.be\/categorie\/uncategorized\/\"},{\"@type\":\"ListItem\",\"position\":4,\"name\":\"DJI OM Magnetic Phone Clamp 4\"}]},{\"@type\":\"WebSite\",\"@id\":\"https:\/\/koningdrone.be\/#website\",\"url\":\"https:\/\/koningdrone.be\/\",\"name\":\"Koningdrone.be - Uw online specialist in drones, gimbals, camera's en power stations.\",\"description\":\"De webshop in drones en gimbals\",\"publisher\":{\"@id\":\"https:\/\/koningdrone.be\/#organization\"},\"potentialAction\":[{\"@type\":\"SearchAction\",\"target\":{\"@type\":\"EntryPoint\",\"urlTemplate\":\"https:\/\/koningdrone.be\/?s={search_term_string}\"},\"query-input\":{\"@type\":\"PropertyValueSpecification\",\"valueRequired\":true,\"valueName\":\"search_term_string\"}}],\"inLanguage\":\"fr-BE\"},{\"@type\":\"Organization\",\"@id\":\"https:\/\/koningdrone.be\/#organization\",\"name\":\"Koningdrone.be\",\"url\":\"https:\/\/koningdrone.be\/\",\"logo\":{\"@type\":\"ImageObject\",\"inLanguage\":\"fr-BE\",\"@id\":\"https:\/\/koningdrone.be\/#\/schema\/logo\/image\/\",\"url\":\"https:\/\/koningdrone.be\/wp-content\/uploads\/sites\/13\/2025\/04\/koningdrone-copyright-logo.svg\",\"contentUrl\":\"https:\/\/koningdrone.be\/wp-content\/uploads\/sites\/13\/2025\/04\/koningdrone-copyright-logo.svg\",\"width\":227,\"height\":38,\"caption\":\"Koningdrone.be\"},\"image\":{\"@id\":\"https:\/\/koningdrone.be\/#\/schema\/logo\/image\/\"}}]}<\/script>\n<!-- \/ Yoast SEO Premium plugin. -->","yoast_head_json":{"title":"DJI OM Magnetic Phone Clamp 4 - koningdrone.be","robots":{"index":"index","follow":"follow","max-snippet":"max-snippet:-1","max-image-preview":"max-image-preview:large","max-video-preview":"max-video-preview:-1"},"canonical":"https:\/\/koningdrone.be\/fr\/produit\/dji-om-magnetic-phone-clamp-4\/","og_locale":"fr_FR","og_type":"article","og_title":"DJI OM Magnetic Phone Clamp 4","og_description":"Meteen aan te sluiten met een sterke magnetische verbinding. Slank en lichtgewicht voor eenvoudige draagbaarheid. Maakt snelle overgangen tussen opname en bewerking mogelijk. Zit niet in de weg van telefoonknoppen of scherm. Ontworpen voor een soepele, probleemloze filmervaring.","og_url":"https:\/\/koningdrone.be\/fr\/produit\/dji-om-magnetic-phone-clamp-4\/","og_site_name":"koningdrone.be","article_modified_time":"2026-04-30T02:00:41+00:00","og_image":[{"width":2560,"height":1707,"url":"https:\/\/koningdrone.be\/wp-content\/uploads\/sites\/13\/2025\/08\/ec770e036e5113727c820d02c439d948@origin-scaled-1.jpg","type":"image\/jpeg"}],"twitter_card":"summary_large_image","schema":{"@context":"https:\/\/schema.org","@graph":[{"@type":"WebPage","@id":"https:\/\/koningdrone.be\/product\/dji-om-magnetic-phone-clamp-4\/","url":"https:\/\/koningdrone.be\/product\/dji-om-magnetic-phone-clamp-4\/","name":"DJI OM Magnetic Phone Clamp 4 - koningdrone.be","isPartOf":{"@id":"https:\/\/koningdrone.be\/#website"},"primaryImageOfPage":{"@id":"https:\/\/koningdrone.be\/product\/dji-om-magnetic-phone-clamp-4\/#primaryimage"},"image":{"@id":"https:\/\/koningdrone.be\/product\/dji-om-magnetic-phone-clamp-4\/#primaryimage"},"thumbnailUrl":"https:\/\/koningdrone.be\/wp-content\/uploads\/sites\/13\/2025\/08\/ec770e036e5113727c820d02c439d948@origin-scaled-1.jpg","datePublished":"2025-07-03T07:31:46+00:00","dateModified":"2026-04-30T02:00:41+00:00","breadcrumb":{"@id":"https:\/\/koningdrone.be\/product\/dji-om-magnetic-phone-clamp-4\/#breadcrumb"},"inLanguage":"fr-BE","potentialAction":[{"@type":"ReadAction","target":["https:\/\/koningdrone.be\/product\/dji-om-magnetic-phone-clamp-4\/"]}]},{"@type":"ImageObject","inLanguage":"fr-BE","@id":"https:\/\/koningdrone.be\/product\/dji-om-magnetic-phone-clamp-4\/#primaryimage","url":"https:\/\/koningdrone.be\/wp-content\/uploads\/sites\/13\/2025\/08\/ec770e036e5113727c820d02c439d948@origin-scaled-1.jpg","contentUrl":"https:\/\/koningdrone.be\/wp-content\/uploads\/sites\/13\/2025\/08\/ec770e036e5113727c820d02c439d948@origin-scaled-1.jpg","width":2560,"height":1707},{"@type":"BreadcrumbList","@id":"https:\/\/koningdrone.be\/product\/dji-om-magnetic-phone-clamp-4\/#breadcrumb","itemListElement":[{"@type":"ListItem","position":1,"name":"Home","item":"https:\/\/koningdrone.be\/"},{"@type":"ListItem","position":2,"name":"AVSS Parachute Recovery System for DJI Matrice 300\/350","item":"https:\/\/koningdrone.be\/product\/avss-parachute-recovery-system-for-dji-matrice-300-350\/"},{"@type":"ListItem","position":3,"name":"Uncategorized","item":"https:\/\/koningdrone.be\/categorie\/uncategorized\/"},{"@type":"ListItem","position":4,"name":"DJI OM Magnetic Phone Clamp 4"}]},{"@type":"WebSite","@id":"https:\/\/koningdrone.be\/#website","url":"https:\/\/koningdrone.be\/","name":"Koningdrone.be - Votre sp\u00e9cialiste en ligne en mati\u00e8re de drones, de cardans, de cam\u00e9ras et de centrales \u00e9lectriques.","description":"La boutique en ligne de drones et de cardans","publisher":{"@id":"https:\/\/koningdrone.be\/#organization"},"potentialAction":[{"@type":"SearchAction","target":{"@type":"EntryPoint","urlTemplate":"https:\/\/koningdrone.be\/?s={search_term_string}"},"query-input":{"@type":"PropertyValueSpecification","valueRequired":true,"valueName":"search_term_string"}}],"inLanguage":"fr-BE"},{"@type":"Organization","@id":"https:\/\/koningdrone.be\/#organization","name":"Kingdrone.co.uk","url":"https:\/\/koningdrone.be\/","logo":{"@type":"ImageObject","inLanguage":"fr-BE","@id":"https:\/\/koningdrone.be\/#\/schema\/logo\/image\/","url":"https:\/\/koningdrone.be\/wp-content\/uploads\/sites\/13\/2025\/04\/koningdrone-copyright-logo.svg","contentUrl":"https:\/\/koningdrone.be\/wp-content\/uploads\/sites\/13\/2025\/04\/koningdrone-copyright-logo.svg","width":227,"height":38,"caption":"Koningdrone.be"},"image":{"@id":"https:\/\/koningdrone.be\/#\/schema\/logo\/image\/"}}]}},"df_price":26,"df_sale_price":"","df_regular_price":26,"df_image_link":"https:\/\/koningdrone.be\/wp-content\/uploads\/sites\/13\/2025\/08\/ec770e036e5113727c820d02c439d948@origin-scaled-1-300x200.jpg","_links":{"self":[{"href":"https:\/\/koningdrone.be\/fr\/wp-json\/wp\/v2\/product\/15372","targetHints":{"allow":["GET"]}}],"collection":[{"href":"https:\/\/koningdrone.be\/fr\/wp-json\/wp\/v2\/product"}],"about":[{"href":"https:\/\/koningdrone.be\/fr\/wp-json\/wp\/v2\/types\/product"}],"wp:featuredmedia":[{"embeddable":true,"href":"https:\/\/koningdrone.be\/fr\/wp-json\/wp\/v2\/media\/15368"}],"wp:attachment":[{"href":"https:\/\/koningdrone.be\/fr\/wp-json\/wp\/v2\/media?parent=15372"}],"wp:term":[{"taxonomy":"product_brand","embeddable":true,"href":"https:\/\/koningdrone.be\/fr\/wp-json\/wp\/v2\/product_brand?post=15372"},{"taxonomy":"product_cat","embeddable":true,"href":"https:\/\/koningdrone.be\/fr\/wp-json\/wp\/v2\/product_cat?post=15372"},{"taxonomy":"product_tag","embeddable":true,"href":"https:\/\/koningdrone.be\/fr\/wp-json\/wp\/v2\/product_tag?post=15372"}],"curies":[{"name":"wp","href":"https:\/\/api.w.org\/{rel}","templated":true}]}}