{"id":15281,"date":"2025-07-03T09:32:52","date_gmt":"2025-07-03T07:32:52","guid":{"rendered":"https:\/\/koningdrone.be\/product\/ecoflow-stream-ultra-800w\/"},"modified":"2025-07-03T09:32:52","modified_gmt":"2025-07-03T07:32:52","slug":"ecoflow-stream-ultra-800w","status":"publish","type":"product","link":"https:\/\/koningdrone.be\/fr\/produit\/ecoflow-stream-ultra-800w\/","title":{"rendered":"EcoFlow STREAM Ultra 800W"},"content":{"rendered":"<p>L'EcoFlow STREAM Ultra 800W est un syst\u00e8me solaire domestique tout-en-un, pr\u00eat \u00e0 l'emploi, con\u00e7u pour rendre l'\u00e9nergie propre accessible et facile \u00e0 utiliser. Il combine un onduleur hybride et une batterie LFP de 1,92 kWh dans une unit\u00e9 compacte qui se branche directement sur des prises murales standard, vous offrant ainsi une \u00e9nergie solaire domestique sans n\u00e9cessiter d'installation compliqu\u00e9e. Pouvant prendre en charge jusqu'\u00e0 2 000 W d'\u00e9nergie solaire et un stockage \u00e9volutif jusqu'\u00e0 11,52 kWh, il offre la flexibilit\u00e9 n\u00e9cessaire pour r\u00e9pondre \u00e0 diff\u00e9rents besoins \u00e9nerg\u00e9tiques. \u00c9quip\u00e9 d'un micro-onduleur int\u00e9gr\u00e9 reli\u00e9 au r\u00e9seau, le syst\u00e8me est dot\u00e9 d'une conception 4-MPPT pour maximiser la capture de l'\u00e9nergie solaire. Il est \u00e9galement con\u00e7u dans un souci de durabilit\u00e9, avec un indice de protection IP65 pour la r\u00e9sistance \u00e0 l'eau et la capacit\u00e9 de fonctionner \u00e0 des temp\u00e9ratures allant jusqu'\u00e0 -20\u00b0C.<\/p>","protected":false},"excerpt":{"rendered":"<ul>\n<li>Aucune installation n'est n\u00e9cessaire. Il suffit de le brancher et de le faire fonctionner.<\/li>\n<li>Stockage \u00e9volutif pour r\u00e9pondre \u00e0 vos besoins \u00e9nerg\u00e9tiques.<\/li>\n<li>Supporte un apport solaire \u00e9lev\u00e9 pour une meilleure performance.<\/li>\n<li>Contient un micro-onduleur int\u00e9gr\u00e9 connect\u00e9 au r\u00e9seau.<\/li>\n<li>R\u00e9siste aux intemp\u00e9ries et fonctionne par temps froid.<\/li>\n<li>Contribue \u00e0 r\u00e9duire votre facture d'\u00e9lectricit\u00e9.<\/li>\n<li>Peut \u00eatre connect\u00e9 \u00e0 la plateforme \u00e9nerg\u00e9tique intelligente d'EcoFlow.<\/li>\n<\/ul>","protected":false},"featured_media":15276,"template":"","meta":{"_acf_changed":false},"product_brand":[],"product_cat":[58],"product_tag":[],"class_list":{"0":"post-15281","1":"product","2":"type-product","3":"status-publish","4":"has-post-thumbnail","6":"product_cat-uncategorized","7":"pa_brand-ecoflow","8":"pa_producttype-batterij-op-zonne-energie","9":"pa_series-stream","11":"first","12":"outofstock","13":"taxable","14":"shipping-taxable","15":"product-type-simple"},"acf":[],"yoast_head":"<!-- This site is optimized with the Yoast SEO Premium plugin v27.2 (Yoast SEO v27.2) - https:\/\/yoast.com\/product\/yoast-seo-premium-wordpress\/ -->\n<title>EcoFlow STREAM Ultra 800W - koningdrone.be<\/title>\n<meta name=\"robots\" content=\"index, follow, max-snippet:-1, max-image-preview:large, max-video-preview:-1\" \/>\n<link rel=\"canonical\" href=\"https:\/\/koningdrone.be\/fr\/produkt\/ecoflow-stream-ultra-800w\/\" \/>\n<meta property=\"og:locale\" content=\"fr_FR\" \/>\n<meta property=\"og:type\" content=\"article\" \/>\n<meta property=\"og:title\" content=\"EcoFlow STREAM Ultra 800W\" \/>\n<meta property=\"og:description\" content=\"Geen installatie nodig. Gewoon aansluiten en spelen. Schaalbare opslag om aan je energiebehoeften te voldoen. Ondersteunt hoge zonne-input voor betere prestaties. Bevat een ingebouwde netgekoppelde micro-omvormer. Weerbestendig en werkt in koude temperaturen. Helpt uw elektriciteitsrekening te verlagen. Kan worden aangesloten op het slimme energieplatform van EcoFlow.\" \/>\n<meta property=\"og:url\" content=\"https:\/\/koningdrone.be\/fr\/produkt\/ecoflow-stream-ultra-800w\/\" \/>\n<meta property=\"og:site_name\" content=\"koningdrone.be\" \/>\n<meta property=\"og:image\" content=\"https:\/\/koningdrone.be\/wp-content\/uploads\/sites\/13\/2025\/08\/EcoFlow-STREAM-Ultra.jpg\" \/>\n\t<meta property=\"og:image:width\" content=\"1000\" \/>\n\t<meta property=\"og:image:height\" content=\"1000\" \/>\n\t<meta property=\"og:image:type\" content=\"image\/jpeg\" \/>\n<meta name=\"twitter:card\" content=\"summary_large_image\" \/>\n<meta name=\"twitter:label1\" content=\"Dur\u00e9e de lecture est.\" \/>\n\t<meta name=\"twitter:data1\" content=\"1 minute\" \/>\n<script type=\"application\/ld+json\" class=\"yoast-schema-graph\">{\"@context\":\"https:\/\/schema.org\",\"@graph\":[{\"@type\":\"WebPage\",\"@id\":\"https:\/\/koningdrone.be\/de\/produkt\/ecoflow-stream-ultra-800w\/\",\"url\":\"https:\/\/koningdrone.be\/de\/produkt\/ecoflow-stream-ultra-800w\/\",\"name\":\"EcoFlow STREAM Ultra 800W - koningdrone.be\",\"isPartOf\":{\"@id\":\"https:\/\/koningdrone.be\/#website\"},\"primaryImageOfPage\":{\"@id\":\"https:\/\/koningdrone.be\/de\/produkt\/ecoflow-stream-ultra-800w\/#primaryimage\"},\"image\":{\"@id\":\"https:\/\/koningdrone.be\/de\/produkt\/ecoflow-stream-ultra-800w\/#primaryimage\"},\"thumbnailUrl\":\"https:\/\/koningdrone.be\/wp-content\/uploads\/sites\/13\/2025\/08\/EcoFlow-STREAM-Ultra.jpg\",\"datePublished\":\"2025-07-03T07:32:52+00:00\",\"breadcrumb\":{\"@id\":\"https:\/\/koningdrone.be\/de\/produkt\/ecoflow-stream-ultra-800w\/#breadcrumb\"},\"inLanguage\":\"fr-BE\",\"potentialAction\":[{\"@type\":\"ReadAction\",\"target\":[\"https:\/\/koningdrone.be\/de\/produkt\/ecoflow-stream-ultra-800w\/\"]}]},{\"@type\":\"ImageObject\",\"inLanguage\":\"fr-BE\",\"@id\":\"https:\/\/koningdrone.be\/de\/produkt\/ecoflow-stream-ultra-800w\/#primaryimage\",\"url\":\"https:\/\/koningdrone.be\/wp-content\/uploads\/sites\/13\/2025\/08\/EcoFlow-STREAM-Ultra.jpg\",\"contentUrl\":\"https:\/\/koningdrone.be\/wp-content\/uploads\/sites\/13\/2025\/08\/EcoFlow-STREAM-Ultra.jpg\",\"width\":1000,\"height\":1000},{\"@type\":\"BreadcrumbList\",\"@id\":\"https:\/\/koningdrone.be\/de\/produkt\/ecoflow-stream-ultra-800w\/#breadcrumb\",\"itemListElement\":[{\"@type\":\"ListItem\",\"position\":1,\"name\":\"Home\",\"item\":\"https:\/\/koningdrone.be\/\"},{\"@type\":\"ListItem\",\"position\":2,\"name\":\"AVSS Parachute Recovery System for DJI Matrice 300\/350\",\"item\":\"https:\/\/koningdrone.be\/product\/avss-parachute-recovery-system-for-dji-matrice-300-350\/\"},{\"@type\":\"ListItem\",\"position\":3,\"name\":\"Uncategorized\",\"item\":\"https:\/\/koningdrone.be\/categorie\/uncategorized\/\"},{\"@type\":\"ListItem\",\"position\":4,\"name\":\"EcoFlow STREAM Ultra 800W\"}]},{\"@type\":\"WebSite\",\"@id\":\"https:\/\/koningdrone.be\/#website\",\"url\":\"https:\/\/koningdrone.be\/\",\"name\":\"Koningdrone.be - Uw online specialist in drones, gimbals, camera's en power stations.\",\"description\":\"De webshop in drones en gimbals\",\"publisher\":{\"@id\":\"https:\/\/koningdrone.be\/#organization\"},\"potentialAction\":[{\"@type\":\"SearchAction\",\"target\":{\"@type\":\"EntryPoint\",\"urlTemplate\":\"https:\/\/koningdrone.be\/?s={search_term_string}\"},\"query-input\":{\"@type\":\"PropertyValueSpecification\",\"valueRequired\":true,\"valueName\":\"search_term_string\"}}],\"inLanguage\":\"fr-BE\"},{\"@type\":\"Organization\",\"@id\":\"https:\/\/koningdrone.be\/#organization\",\"name\":\"Koningdrone.be\",\"url\":\"https:\/\/koningdrone.be\/\",\"logo\":{\"@type\":\"ImageObject\",\"inLanguage\":\"fr-BE\",\"@id\":\"https:\/\/koningdrone.be\/#\/schema\/logo\/image\/\",\"url\":\"https:\/\/koningdrone.be\/wp-content\/uploads\/sites\/13\/2025\/04\/koningdrone-copyright-logo.svg\",\"contentUrl\":\"https:\/\/koningdrone.be\/wp-content\/uploads\/sites\/13\/2025\/04\/koningdrone-copyright-logo.svg\",\"width\":227,\"height\":38,\"caption\":\"Koningdrone.be\"},\"image\":{\"@id\":\"https:\/\/koningdrone.be\/#\/schema\/logo\/image\/\"}}]}<\/script>\n<!-- \/ Yoast SEO Premium plugin. -->","yoast_head_json":{"title":"EcoFlow STREAM Ultra 800W - koningdrone.be","robots":{"index":"index","follow":"follow","max-snippet":"max-snippet:-1","max-image-preview":"max-image-preview:large","max-video-preview":"max-video-preview:-1"},"canonical":"https:\/\/koningdrone.be\/fr\/produkt\/ecoflow-stream-ultra-800w\/","og_locale":"fr_FR","og_type":"article","og_title":"EcoFlow STREAM Ultra 800W","og_description":"Geen installatie nodig. Gewoon aansluiten en spelen. Schaalbare opslag om aan je energiebehoeften te voldoen. Ondersteunt hoge zonne-input voor betere prestaties. Bevat een ingebouwde netgekoppelde micro-omvormer. Weerbestendig en werkt in koude temperaturen. Helpt uw elektriciteitsrekening te verlagen. Kan worden aangesloten op het slimme energieplatform van EcoFlow.","og_url":"https:\/\/koningdrone.be\/fr\/produkt\/ecoflow-stream-ultra-800w\/","og_site_name":"koningdrone.be","og_image":[{"width":1000,"height":1000,"url":"https:\/\/koningdrone.be\/wp-content\/uploads\/sites\/13\/2025\/08\/EcoFlow-STREAM-Ultra.jpg","type":"image\/jpeg"}],"twitter_card":"summary_large_image","twitter_misc":{"Dur\u00e9e de lecture est.":"1 minute"},"schema":{"@context":"https:\/\/schema.org","@graph":[{"@type":"WebPage","@id":"https:\/\/koningdrone.be\/de\/produkt\/ecoflow-stream-ultra-800w\/","url":"https:\/\/koningdrone.be\/de\/produkt\/ecoflow-stream-ultra-800w\/","name":"EcoFlow STREAM Ultra 800W - koningdrone.be","isPartOf":{"@id":"https:\/\/koningdrone.be\/#website"},"primaryImageOfPage":{"@id":"https:\/\/koningdrone.be\/de\/produkt\/ecoflow-stream-ultra-800w\/#primaryimage"},"image":{"@id":"https:\/\/koningdrone.be\/de\/produkt\/ecoflow-stream-ultra-800w\/#primaryimage"},"thumbnailUrl":"https:\/\/koningdrone.be\/wp-content\/uploads\/sites\/13\/2025\/08\/EcoFlow-STREAM-Ultra.jpg","datePublished":"2025-07-03T07:32:52+00:00","breadcrumb":{"@id":"https:\/\/koningdrone.be\/de\/produkt\/ecoflow-stream-ultra-800w\/#breadcrumb"},"inLanguage":"fr-BE","potentialAction":[{"@type":"ReadAction","target":["https:\/\/koningdrone.be\/de\/produkt\/ecoflow-stream-ultra-800w\/"]}]},{"@type":"ImageObject","inLanguage":"fr-BE","@id":"https:\/\/koningdrone.be\/de\/produkt\/ecoflow-stream-ultra-800w\/#primaryimage","url":"https:\/\/koningdrone.be\/wp-content\/uploads\/sites\/13\/2025\/08\/EcoFlow-STREAM-Ultra.jpg","contentUrl":"https:\/\/koningdrone.be\/wp-content\/uploads\/sites\/13\/2025\/08\/EcoFlow-STREAM-Ultra.jpg","width":1000,"height":1000},{"@type":"BreadcrumbList","@id":"https:\/\/koningdrone.be\/de\/produkt\/ecoflow-stream-ultra-800w\/#breadcrumb","itemListElement":[{"@type":"ListItem","position":1,"name":"Home","item":"https:\/\/koningdrone.be\/"},{"@type":"ListItem","position":2,"name":"AVSS Parachute Recovery System for DJI Matrice 300\/350","item":"https:\/\/koningdrone.be\/product\/avss-parachute-recovery-system-for-dji-matrice-300-350\/"},{"@type":"ListItem","position":3,"name":"Uncategorized","item":"https:\/\/koningdrone.be\/categorie\/uncategorized\/"},{"@type":"ListItem","position":4,"name":"EcoFlow STREAM Ultra 800W"}]},{"@type":"WebSite","@id":"https:\/\/koningdrone.be\/#website","url":"https:\/\/koningdrone.be\/","name":"Koningdrone.be - Votre sp\u00e9cialiste en ligne en mati\u00e8re de drones, de cardans, de cam\u00e9ras et de centrales \u00e9lectriques.","description":"La boutique en ligne de drones et de cardans","publisher":{"@id":"https:\/\/koningdrone.be\/#organization"},"potentialAction":[{"@type":"SearchAction","target":{"@type":"EntryPoint","urlTemplate":"https:\/\/koningdrone.be\/?s={search_term_string}"},"query-input":{"@type":"PropertyValueSpecification","valueRequired":true,"valueName":"search_term_string"}}],"inLanguage":"fr-BE"},{"@type":"Organization","@id":"https:\/\/koningdrone.be\/#organization","name":"Kingdrone.co.uk","url":"https:\/\/koningdrone.be\/","logo":{"@type":"ImageObject","inLanguage":"fr-BE","@id":"https:\/\/koningdrone.be\/#\/schema\/logo\/image\/","url":"https:\/\/koningdrone.be\/wp-content\/uploads\/sites\/13\/2025\/04\/koningdrone-copyright-logo.svg","contentUrl":"https:\/\/koningdrone.be\/wp-content\/uploads\/sites\/13\/2025\/04\/koningdrone-copyright-logo.svg","width":227,"height":38,"caption":"Koningdrone.be"},"image":{"@id":"https:\/\/koningdrone.be\/#\/schema\/logo\/image\/"}}]}},"df_price":"","df_sale_price":"","df_regular_price":"","df_image_link":"https:\/\/koningdrone.be\/wp-content\/uploads\/sites\/13\/2025\/08\/EcoFlow-STREAM-Ultra-300x300.jpg","_links":{"self":[{"href":"https:\/\/koningdrone.be\/fr\/wp-json\/wp\/v2\/product\/15281","targetHints":{"allow":["GET"]}}],"collection":[{"href":"https:\/\/koningdrone.be\/fr\/wp-json\/wp\/v2\/product"}],"about":[{"href":"https:\/\/koningdrone.be\/fr\/wp-json\/wp\/v2\/types\/product"}],"wp:featuredmedia":[{"embeddable":true,"href":"https:\/\/koningdrone.be\/fr\/wp-json\/wp\/v2\/media\/15276"}],"wp:attachment":[{"href":"https:\/\/koningdrone.be\/fr\/wp-json\/wp\/v2\/media?parent=15281"}],"wp:term":[{"taxonomy":"product_brand","embeddable":true,"href":"https:\/\/koningdrone.be\/fr\/wp-json\/wp\/v2\/product_brand?post=15281"},{"taxonomy":"product_cat","embeddable":true,"href":"https:\/\/koningdrone.be\/fr\/wp-json\/wp\/v2\/product_cat?post=15281"},{"taxonomy":"product_tag","embeddable":true,"href":"https:\/\/koningdrone.be\/fr\/wp-json\/wp\/v2\/product_tag?post=15281"}],"curies":[{"name":"wp","href":"https:\/\/api.w.org\/{rel}","templated":true}]}}