{"id":15252,"date":"2025-07-03T09:32:52","date_gmt":"2025-07-03T07:32:52","guid":{"rendered":"https:\/\/koningdrone.be\/product\/ecoflow-river-3-ups-45w-typec-solarp\/"},"modified":"2026-04-29T16:50:24","modified_gmt":"2026-04-29T14:50:24","slug":"ecoflow-river-3-ups-45w-typec-solarp","status":"publish","type":"product","link":"https:\/\/koningdrone.be\/fr\/produit\/ecoflow-river-3-ups-45w-typec-solarp\/","title":{"rendered":"EcoFlow River 3 UPS + 45W TypeC Solarp."},"content":{"rendered":"<p>L'onduleur EcoFlow RIVER 3 + panneau solaire 45W Type-C est une centrale \u00e9lectrique compacte et fiable dot\u00e9e d'une batterie LiFePO\u2084 de 245Wh et d'une puissance allant jusqu'\u00e0 300W (600W en cr\u00eate). Elle est dot\u00e9e d'un temps de charge CA ultra-rapide d'une heure, d'une charge solaire en seulement 2,6 heures et d'un onduleur int\u00e9gr\u00e9 avec un temps de basculement de &lt;10 ms. Silencieux, durable et r\u00e9sistant \u00e0 l&#039;eau, il est id\u00e9al pour l&#039;alimentation de secours et l&#039;utilisation hors r\u00e9seau. Le panneau solaire de 45 W inclus vous permet de recharger de mani\u00e8re pratique et durable n&#039;importe o\u00f9.<\/p>","protected":false},"excerpt":{"rendered":"<ul>\n<li>Chargement CA ultra-rapide : 0-100% en 1 heure.<\/li>\n<li>Chargement \u00e0 l'\u00e9nergie solaire gr\u00e2ce au panneau Type-C de 45 W inclus.<\/li>\n<li>&lt;20 ms Commutation UPS pour une alimentation \u00e9lectrique ininterrompue.<\/li>\n<li>Fonctionnement silencieux avec moins de 30 dB.<\/li>\n<li>Compact et l\u00e9ger, il est facile \u00e0 transporter.<\/li>\n<li>R\u00e9sistance \u00e0 l'eau et \u00e0 la poussi\u00e8re conform\u00e9ment \u00e0 la norme IP54.<\/li>\n<li>Batterie LiFePO\u2084 longue dur\u00e9e avec plus de 3000 cycles.<\/li>\n<\/ul>","protected":false},"featured_media":15242,"template":"","meta":{"_acf_changed":false},"product_brand":[],"product_cat":[58],"product_tag":[],"class_list":{"0":"post-15252","1":"product","2":"type-product","3":"status-publish","4":"has-post-thumbnail","6":"product_cat-uncategorized","7":"product_shipping_class-outofstock","8":"pa_brand-ecoflow","9":"pa_producttype-power-station","10":"pa_series-river-3","12":"first","13":"outofstock","14":"taxable","15":"shipping-taxable","16":"purchasable","17":"product-type-simple"},"acf":[],"yoast_head":"<!-- This site is optimized with the Yoast SEO Premium plugin v27.2 (Yoast SEO v27.2) - https:\/\/yoast.com\/product\/yoast-seo-premium-wordpress\/ -->\n<title>EcoFlow River 3 UPS + 45W TypeC Solarp. - koningdrone.be<\/title>\n<meta name=\"robots\" content=\"index, follow, max-snippet:-1, max-image-preview:large, max-video-preview:-1\" \/>\n<link rel=\"canonical\" href=\"https:\/\/koningdrone.be\/fr\/produit\/ecoflow-river-3-ups-45w-typec-solarp\/\" \/>\n<meta property=\"og:locale\" content=\"fr_FR\" \/>\n<meta property=\"og:type\" content=\"article\" \/>\n<meta property=\"og:title\" content=\"EcoFlow River 3 UPS + 45W TypeC Solarp.\" \/>\n<meta property=\"og:description\" content=\"Ultrasnel AC opladen: 0-100% in 1 uur. Opladen op zonne-energie met meegeleverd 45W Type-C paneel. &lt;20 ms UPS-omschakeling voor ononderbroken voeding. Stille werking met minder dan 30 dB. Compact en lichtgewicht voor eenvoudige draagbaarheid. Water- en stofbestendigheid volgens IP54. LiFePO\u2084 batterij met lange levensduur en 3000+ cycli.\" \/>\n<meta property=\"og:url\" content=\"https:\/\/koningdrone.be\/fr\/produit\/ecoflow-river-3-ups-45w-typec-solarp\/\" \/>\n<meta property=\"og:site_name\" content=\"koningdrone.be\" \/>\n<meta property=\"article:modified_time\" content=\"2026-04-29T14:50:24+00:00\" \/>\n<meta property=\"og:image\" content=\"https:\/\/koningdrone.be\/wp-content\/uploads\/sites\/13\/2025\/08\/ecoflow-river-3-power-station-02-20241111.jpg\" \/>\n\t<meta property=\"og:image:width\" content=\"800\" \/>\n\t<meta property=\"og:image:height\" content=\"800\" \/>\n\t<meta property=\"og:image:type\" content=\"image\/jpeg\" \/>\n<meta name=\"twitter:card\" content=\"summary_large_image\" \/>\n<script type=\"application\/ld+json\" class=\"yoast-schema-graph\">{\"@context\":\"https:\/\/schema.org\",\"@graph\":[{\"@type\":\"WebPage\",\"@id\":\"https:\/\/koningdrone.be\/product\/ecoflow-river-3-ups-45w-typec-solarp\/\",\"url\":\"https:\/\/koningdrone.be\/product\/ecoflow-river-3-ups-45w-typec-solarp\/\",\"name\":\"EcoFlow River 3 UPS + 45W TypeC Solarp. - koningdrone.be\",\"isPartOf\":{\"@id\":\"https:\/\/koningdrone.be\/#website\"},\"primaryImageOfPage\":{\"@id\":\"https:\/\/koningdrone.be\/product\/ecoflow-river-3-ups-45w-typec-solarp\/#primaryimage\"},\"image\":{\"@id\":\"https:\/\/koningdrone.be\/product\/ecoflow-river-3-ups-45w-typec-solarp\/#primaryimage\"},\"thumbnailUrl\":\"https:\/\/koningdrone.be\/wp-content\/uploads\/sites\/13\/2025\/08\/ecoflow-river-3-power-station-02-20241111.jpg\",\"datePublished\":\"2025-07-03T07:32:52+00:00\",\"dateModified\":\"2026-04-29T14:50:24+00:00\",\"breadcrumb\":{\"@id\":\"https:\/\/koningdrone.be\/product\/ecoflow-river-3-ups-45w-typec-solarp\/#breadcrumb\"},\"inLanguage\":\"fr-BE\",\"potentialAction\":[{\"@type\":\"ReadAction\",\"target\":[\"https:\/\/koningdrone.be\/product\/ecoflow-river-3-ups-45w-typec-solarp\/\"]}]},{\"@type\":\"ImageObject\",\"inLanguage\":\"fr-BE\",\"@id\":\"https:\/\/koningdrone.be\/product\/ecoflow-river-3-ups-45w-typec-solarp\/#primaryimage\",\"url\":\"https:\/\/koningdrone.be\/wp-content\/uploads\/sites\/13\/2025\/08\/ecoflow-river-3-power-station-02-20241111.jpg\",\"contentUrl\":\"https:\/\/koningdrone.be\/wp-content\/uploads\/sites\/13\/2025\/08\/ecoflow-river-3-power-station-02-20241111.jpg\",\"width\":800,\"height\":800},{\"@type\":\"BreadcrumbList\",\"@id\":\"https:\/\/koningdrone.be\/product\/ecoflow-river-3-ups-45w-typec-solarp\/#breadcrumb\",\"itemListElement\":[{\"@type\":\"ListItem\",\"position\":1,\"name\":\"Home\",\"item\":\"https:\/\/koningdrone.be\/\"},{\"@type\":\"ListItem\",\"position\":2,\"name\":\"AVSS Parachute Recovery System for DJI Matrice 300\/350\",\"item\":\"https:\/\/koningdrone.be\/product\/avss-parachute-recovery-system-for-dji-matrice-300-350\/\"},{\"@type\":\"ListItem\",\"position\":3,\"name\":\"Uncategorized\",\"item\":\"https:\/\/koningdrone.be\/categorie\/uncategorized\/\"},{\"@type\":\"ListItem\",\"position\":4,\"name\":\"EcoFlow River 3 UPS + 45W TypeC Solarp.\"}]},{\"@type\":\"WebSite\",\"@id\":\"https:\/\/koningdrone.be\/#website\",\"url\":\"https:\/\/koningdrone.be\/\",\"name\":\"Koningdrone.be - Uw online specialist in drones, gimbals, camera's en power stations.\",\"description\":\"De webshop in drones en gimbals\",\"publisher\":{\"@id\":\"https:\/\/koningdrone.be\/#organization\"},\"potentialAction\":[{\"@type\":\"SearchAction\",\"target\":{\"@type\":\"EntryPoint\",\"urlTemplate\":\"https:\/\/koningdrone.be\/?s={search_term_string}\"},\"query-input\":{\"@type\":\"PropertyValueSpecification\",\"valueRequired\":true,\"valueName\":\"search_term_string\"}}],\"inLanguage\":\"fr-BE\"},{\"@type\":\"Organization\",\"@id\":\"https:\/\/koningdrone.be\/#organization\",\"name\":\"Koningdrone.be\",\"url\":\"https:\/\/koningdrone.be\/\",\"logo\":{\"@type\":\"ImageObject\",\"inLanguage\":\"fr-BE\",\"@id\":\"https:\/\/koningdrone.be\/#\/schema\/logo\/image\/\",\"url\":\"https:\/\/koningdrone.be\/wp-content\/uploads\/sites\/13\/2025\/04\/koningdrone-copyright-logo.svg\",\"contentUrl\":\"https:\/\/koningdrone.be\/wp-content\/uploads\/sites\/13\/2025\/04\/koningdrone-copyright-logo.svg\",\"width\":227,\"height\":38,\"caption\":\"Koningdrone.be\"},\"image\":{\"@id\":\"https:\/\/koningdrone.be\/#\/schema\/logo\/image\/\"}}]}<\/script>\n<!-- \/ Yoast SEO Premium plugin. -->","yoast_head_json":{"title":"EcoFlow River 3 UPS + 45W TypeC Solarp. - koningdrone.be","robots":{"index":"index","follow":"follow","max-snippet":"max-snippet:-1","max-image-preview":"max-image-preview:large","max-video-preview":"max-video-preview:-1"},"canonical":"https:\/\/koningdrone.be\/fr\/produit\/ecoflow-river-3-ups-45w-typec-solarp\/","og_locale":"fr_FR","og_type":"article","og_title":"EcoFlow River 3 UPS + 45W TypeC Solarp.","og_description":"Ultrasnel AC opladen: 0-100% in 1 uur. Opladen op zonne-energie met meegeleverd 45W Type-C paneel. &lt;20 ms UPS-omschakeling voor ononderbroken voeding. Stille werking met minder dan 30 dB. Compact en lichtgewicht voor eenvoudige draagbaarheid. Water- en stofbestendigheid volgens IP54. LiFePO\u2084 batterij met lange levensduur en 3000+ cycli.","og_url":"https:\/\/koningdrone.be\/fr\/produit\/ecoflow-river-3-ups-45w-typec-solarp\/","og_site_name":"koningdrone.be","article_modified_time":"2026-04-29T14:50:24+00:00","og_image":[{"width":800,"height":800,"url":"https:\/\/koningdrone.be\/wp-content\/uploads\/sites\/13\/2025\/08\/ecoflow-river-3-power-station-02-20241111.jpg","type":"image\/jpeg"}],"twitter_card":"summary_large_image","schema":{"@context":"https:\/\/schema.org","@graph":[{"@type":"WebPage","@id":"https:\/\/koningdrone.be\/product\/ecoflow-river-3-ups-45w-typec-solarp\/","url":"https:\/\/koningdrone.be\/product\/ecoflow-river-3-ups-45w-typec-solarp\/","name":"EcoFlow River 3 UPS + 45W TypeC Solarp. - koningdrone.be","isPartOf":{"@id":"https:\/\/koningdrone.be\/#website"},"primaryImageOfPage":{"@id":"https:\/\/koningdrone.be\/product\/ecoflow-river-3-ups-45w-typec-solarp\/#primaryimage"},"image":{"@id":"https:\/\/koningdrone.be\/product\/ecoflow-river-3-ups-45w-typec-solarp\/#primaryimage"},"thumbnailUrl":"https:\/\/koningdrone.be\/wp-content\/uploads\/sites\/13\/2025\/08\/ecoflow-river-3-power-station-02-20241111.jpg","datePublished":"2025-07-03T07:32:52+00:00","dateModified":"2026-04-29T14:50:24+00:00","breadcrumb":{"@id":"https:\/\/koningdrone.be\/product\/ecoflow-river-3-ups-45w-typec-solarp\/#breadcrumb"},"inLanguage":"fr-BE","potentialAction":[{"@type":"ReadAction","target":["https:\/\/koningdrone.be\/product\/ecoflow-river-3-ups-45w-typec-solarp\/"]}]},{"@type":"ImageObject","inLanguage":"fr-BE","@id":"https:\/\/koningdrone.be\/product\/ecoflow-river-3-ups-45w-typec-solarp\/#primaryimage","url":"https:\/\/koningdrone.be\/wp-content\/uploads\/sites\/13\/2025\/08\/ecoflow-river-3-power-station-02-20241111.jpg","contentUrl":"https:\/\/koningdrone.be\/wp-content\/uploads\/sites\/13\/2025\/08\/ecoflow-river-3-power-station-02-20241111.jpg","width":800,"height":800},{"@type":"BreadcrumbList","@id":"https:\/\/koningdrone.be\/product\/ecoflow-river-3-ups-45w-typec-solarp\/#breadcrumb","itemListElement":[{"@type":"ListItem","position":1,"name":"Home","item":"https:\/\/koningdrone.be\/"},{"@type":"ListItem","position":2,"name":"AVSS Parachute Recovery System for DJI Matrice 300\/350","item":"https:\/\/koningdrone.be\/product\/avss-parachute-recovery-system-for-dji-matrice-300-350\/"},{"@type":"ListItem","position":3,"name":"Uncategorized","item":"https:\/\/koningdrone.be\/categorie\/uncategorized\/"},{"@type":"ListItem","position":4,"name":"EcoFlow River 3 UPS + 45W TypeC Solarp."}]},{"@type":"WebSite","@id":"https:\/\/koningdrone.be\/#website","url":"https:\/\/koningdrone.be\/","name":"Koningdrone.be - Votre sp\u00e9cialiste en ligne en mati\u00e8re de drones, de cardans, de cam\u00e9ras et de centrales \u00e9lectriques.","description":"La boutique en ligne de drones et de cardans","publisher":{"@id":"https:\/\/koningdrone.be\/#organization"},"potentialAction":[{"@type":"SearchAction","target":{"@type":"EntryPoint","urlTemplate":"https:\/\/koningdrone.be\/?s={search_term_string}"},"query-input":{"@type":"PropertyValueSpecification","valueRequired":true,"valueName":"search_term_string"}}],"inLanguage":"fr-BE"},{"@type":"Organization","@id":"https:\/\/koningdrone.be\/#organization","name":"Kingdrone.co.uk","url":"https:\/\/koningdrone.be\/","logo":{"@type":"ImageObject","inLanguage":"fr-BE","@id":"https:\/\/koningdrone.be\/#\/schema\/logo\/image\/","url":"https:\/\/koningdrone.be\/wp-content\/uploads\/sites\/13\/2025\/04\/koningdrone-copyright-logo.svg","contentUrl":"https:\/\/koningdrone.be\/wp-content\/uploads\/sites\/13\/2025\/04\/koningdrone-copyright-logo.svg","width":227,"height":38,"caption":"Koningdrone.be"},"image":{"@id":"https:\/\/koningdrone.be\/#\/schema\/logo\/image\/"}}]}},"df_price":289,"df_sale_price":"","df_regular_price":289,"df_image_link":"https:\/\/koningdrone.be\/wp-content\/uploads\/sites\/13\/2025\/08\/ecoflow-river-3-power-station-02-20241111-300x300.jpg","_links":{"self":[{"href":"https:\/\/koningdrone.be\/fr\/wp-json\/wp\/v2\/product\/15252","targetHints":{"allow":["GET"]}}],"collection":[{"href":"https:\/\/koningdrone.be\/fr\/wp-json\/wp\/v2\/product"}],"about":[{"href":"https:\/\/koningdrone.be\/fr\/wp-json\/wp\/v2\/types\/product"}],"wp:featuredmedia":[{"embeddable":true,"href":"https:\/\/koningdrone.be\/fr\/wp-json\/wp\/v2\/media\/15242"}],"wp:attachment":[{"href":"https:\/\/koningdrone.be\/fr\/wp-json\/wp\/v2\/media?parent=15252"}],"wp:term":[{"taxonomy":"product_brand","embeddable":true,"href":"https:\/\/koningdrone.be\/fr\/wp-json\/wp\/v2\/product_brand?post=15252"},{"taxonomy":"product_cat","embeddable":true,"href":"https:\/\/koningdrone.be\/fr\/wp-json\/wp\/v2\/product_cat?post=15252"},{"taxonomy":"product_tag","embeddable":true,"href":"https:\/\/koningdrone.be\/fr\/wp-json\/wp\/v2\/product_tag?post=15252"}],"curies":[{"name":"wp","href":"https:\/\/api.w.org\/{rel}","templated":true}]}}