{"id":15210,"date":"2025-07-03T09:32:52","date_gmt":"2025-07-03T07:32:52","guid":{"rendered":"https:\/\/koningdrone.be\/product\/dji-rs-4-mini\/"},"modified":"2026-04-29T15:20:42","modified_gmt":"2026-04-29T13:20:42","slug":"dji-rs-4-mini","status":"publish","type":"product","link":"https:\/\/koningdrone.be\/fr\/produit\/dji-rs-4-mini\/","title":{"rendered":"DJI RS 4 Mini"},"content":{"rendered":"<p>Le DJI RS 4 Mini est un stabilisateur \u00e0 cardan compact et l\u00e9ger, id\u00e9al pour les concepteurs qui ont besoin d'images fluides et professionnelles en d\u00e9placement. Il ne p\u00e8se que 890 g et supporte jusqu'\u00e0 2 kg, ce qui le rend parfait pour la plupart des appareils photo sans miroir. Avec l'algorithme de stabilisation de 4\u00e8me g\u00e9n\u00e9ration de DJI, la commutation verticale\/horizontale rapide et une autonomie de batterie de 13 heures, cette rotule est con\u00e7ue pour des prises de vue rapides et fiables tout au long de la journ\u00e9e.<\/p>","protected":false},"excerpt":{"rendered":"<ul>\n<li>Con\u00e7u pour filmer sans effort en d\u00e9placement, avec un design compact et portable.<\/li>\n<li>Offre une stabilisation de niveau professionnel pour des images fluides et cin\u00e9matiques.<\/li>\n<li>Id\u00e9al pour les r\u00e9alisateurs en solo, les vloggers et les cin\u00e9astes qui ont besoin de rapidit\u00e9 et de flexibilit\u00e9.<\/li>\n<li>Avec des commandes intuitives pour une installation rapide et un enregistrement sans faille.<\/li>\n<li>Prise en charge de la prise de vue verticale pour faciliter la cr\u00e9ation de contenu pour les m\u00e9dias sociaux.<\/li>\n<li>Am\u00e9liore la productivit\u00e9 gr\u00e2ce \u00e0 la longue dur\u00e9e de vie de la batterie et \u00e0 la charge rapide.<\/li>\n<li>Compatible avec le suivi intelligent de DJI pour un suivi dynamique des sujets.<\/li>\n<li>Traduit avec DeepL.com (version gratuite)<\/li>\n<\/ul>","protected":false},"featured_media":15202,"template":"","meta":{"_acf_changed":false},"product_brand":[],"product_cat":[613],"product_tag":[],"class_list":{"0":"post-15210","1":"product","2":"type-product","3":"status-publish","4":"has-post-thumbnail","6":"product_cat-dji-rs4","7":"product_shipping_class-outofstock","8":"pa_brand-dji","9":"pa_producttype-gimbal","10":"pa_series-rs-4","12":"first","13":"outofstock","14":"taxable","15":"shipping-taxable","16":"purchasable","17":"product-type-simple"},"acf":[],"yoast_head":"<!-- This site is optimized with the Yoast SEO Premium plugin v27.2 (Yoast SEO v27.2) - https:\/\/yoast.com\/product\/yoast-seo-premium-wordpress\/ -->\n<title>DJI RS 4 Mini - koningdrone.be<\/title>\n<meta name=\"robots\" content=\"index, follow, max-snippet:-1, max-image-preview:large, max-video-preview:-1\" \/>\n<link rel=\"canonical\" href=\"https:\/\/koningdrone.be\/fr\/produit\/dji-rs-4-mini\/\" \/>\n<meta property=\"og:locale\" content=\"fr_FR\" \/>\n<meta property=\"og:type\" content=\"article\" \/>\n<meta property=\"og:title\" content=\"DJI RS 4 Mini\" \/>\n<meta property=\"og:description\" content=\"Ontworpen voor moeiteloos filmen onderweg met een compact en draagbaar ontwerp. Biedt stabilisatie op professioneel niveau voor vloeiende, filmische beelden. Ideaal voor solomakers, vloggers en filmmakers die snelheid en flexibiliteit nodig hebben. Met intu\u00eftieve bediening voor snelle installatie en naadloze opnamen. Ondersteunt verticale opnamen voor het eenvoudig maken van content voor sociale media. Verbetert de productiviteit met een lange batterijlevensduur en snel opladen. Compatibel met DJI&#039;s intelligente tracking voor dynamisch volgen van onderwerpen. Vertaald met DeepL.com (gratis versie)\" \/>\n<meta property=\"og:url\" content=\"https:\/\/koningdrone.be\/fr\/produit\/dji-rs-4-mini\/\" \/>\n<meta property=\"og:site_name\" content=\"koningdrone.be\" \/>\n<meta property=\"article:modified_time\" content=\"2026-04-29T13:20:42+00:00\" \/>\n<meta property=\"og:image\" content=\"https:\/\/koningdrone.be\/wp-content\/uploads\/sites\/13\/2025\/08\/d24e03627508fa24ea30aaa51d1cb2f3@origin.jpg\" \/>\n\t<meta property=\"og:image:width\" content=\"2560\" \/>\n\t<meta property=\"og:image:height\" content=\"2560\" \/>\n\t<meta property=\"og:image:type\" content=\"image\/jpeg\" \/>\n<meta name=\"twitter:card\" content=\"summary_large_image\" \/>\n<script type=\"application\/ld+json\" class=\"yoast-schema-graph\">{\"@context\":\"https:\/\/schema.org\",\"@graph\":[{\"@type\":\"WebPage\",\"@id\":\"https:\/\/koningdrone.be\/product\/dji-rs-4-mini\/\",\"url\":\"https:\/\/koningdrone.be\/product\/dji-rs-4-mini\/\",\"name\":\"DJI RS 4 Mini - koningdrone.be\",\"isPartOf\":{\"@id\":\"https:\/\/koningdrone.be\/#website\"},\"primaryImageOfPage\":{\"@id\":\"https:\/\/koningdrone.be\/product\/dji-rs-4-mini\/#primaryimage\"},\"image\":{\"@id\":\"https:\/\/koningdrone.be\/product\/dji-rs-4-mini\/#primaryimage\"},\"thumbnailUrl\":\"https:\/\/koningdrone.be\/wp-content\/uploads\/sites\/13\/2025\/08\/d24e03627508fa24ea30aaa51d1cb2f3@origin.jpg\",\"datePublished\":\"2025-07-03T07:32:52+00:00\",\"dateModified\":\"2026-04-29T13:20:42+00:00\",\"breadcrumb\":{\"@id\":\"https:\/\/koningdrone.be\/product\/dji-rs-4-mini\/#breadcrumb\"},\"inLanguage\":\"fr-BE\",\"potentialAction\":[{\"@type\":\"ReadAction\",\"target\":[\"https:\/\/koningdrone.be\/product\/dji-rs-4-mini\/\"]}]},{\"@type\":\"ImageObject\",\"inLanguage\":\"fr-BE\",\"@id\":\"https:\/\/koningdrone.be\/product\/dji-rs-4-mini\/#primaryimage\",\"url\":\"https:\/\/koningdrone.be\/wp-content\/uploads\/sites\/13\/2025\/08\/d24e03627508fa24ea30aaa51d1cb2f3@origin.jpg\",\"contentUrl\":\"https:\/\/koningdrone.be\/wp-content\/uploads\/sites\/13\/2025\/08\/d24e03627508fa24ea30aaa51d1cb2f3@origin.jpg\",\"width\":2560,\"height\":2560},{\"@type\":\"BreadcrumbList\",\"@id\":\"https:\/\/koningdrone.be\/product\/dji-rs-4-mini\/#breadcrumb\",\"itemListElement\":[{\"@type\":\"ListItem\",\"position\":1,\"name\":\"Home\",\"item\":\"https:\/\/koningdrone.be\/\"},{\"@type\":\"ListItem\",\"position\":2,\"name\":\"AVSS Parachute Recovery System for DJI Matrice 300\/350\",\"item\":\"https:\/\/koningdrone.be\/product\/avss-parachute-recovery-system-for-dji-matrice-300-350\/\"},{\"@type\":\"ListItem\",\"position\":3,\"name\":\"DJI RS4\",\"item\":\"https:\/\/koningdrone.be\/categorie\/dji-rs4\/\"},{\"@type\":\"ListItem\",\"position\":4,\"name\":\"DJI RS 4 Mini\"}]},{\"@type\":\"WebSite\",\"@id\":\"https:\/\/koningdrone.be\/#website\",\"url\":\"https:\/\/koningdrone.be\/\",\"name\":\"Koningdrone.be - Uw online specialist in drones, gimbals, camera's en power stations.\",\"description\":\"De webshop in drones en gimbals\",\"publisher\":{\"@id\":\"https:\/\/koningdrone.be\/#organization\"},\"potentialAction\":[{\"@type\":\"SearchAction\",\"target\":{\"@type\":\"EntryPoint\",\"urlTemplate\":\"https:\/\/koningdrone.be\/?s={search_term_string}\"},\"query-input\":{\"@type\":\"PropertyValueSpecification\",\"valueRequired\":true,\"valueName\":\"search_term_string\"}}],\"inLanguage\":\"fr-BE\"},{\"@type\":\"Organization\",\"@id\":\"https:\/\/koningdrone.be\/#organization\",\"name\":\"Koningdrone.be\",\"url\":\"https:\/\/koningdrone.be\/\",\"logo\":{\"@type\":\"ImageObject\",\"inLanguage\":\"fr-BE\",\"@id\":\"https:\/\/koningdrone.be\/#\/schema\/logo\/image\/\",\"url\":\"https:\/\/koningdrone.be\/wp-content\/uploads\/sites\/13\/2025\/04\/koningdrone-copyright-logo.svg\",\"contentUrl\":\"https:\/\/koningdrone.be\/wp-content\/uploads\/sites\/13\/2025\/04\/koningdrone-copyright-logo.svg\",\"width\":227,\"height\":38,\"caption\":\"Koningdrone.be\"},\"image\":{\"@id\":\"https:\/\/koningdrone.be\/#\/schema\/logo\/image\/\"}}]}<\/script>\n<!-- \/ Yoast SEO Premium plugin. -->","yoast_head_json":{"title":"DJI RS 4 Mini - koningdrone.be","robots":{"index":"index","follow":"follow","max-snippet":"max-snippet:-1","max-image-preview":"max-image-preview:large","max-video-preview":"max-video-preview:-1"},"canonical":"https:\/\/koningdrone.be\/fr\/produit\/dji-rs-4-mini\/","og_locale":"fr_FR","og_type":"article","og_title":"DJI RS 4 Mini","og_description":"Ontworpen voor moeiteloos filmen onderweg met een compact en draagbaar ontwerp. Biedt stabilisatie op professioneel niveau voor vloeiende, filmische beelden. Ideaal voor solomakers, vloggers en filmmakers die snelheid en flexibiliteit nodig hebben. Met intu\u00eftieve bediening voor snelle installatie en naadloze opnamen. Ondersteunt verticale opnamen voor het eenvoudig maken van content voor sociale media. Verbetert de productiviteit met een lange batterijlevensduur en snel opladen. Compatibel met DJI's intelligente tracking voor dynamisch volgen van onderwerpen. Vertaald met DeepL.com (gratis versie)","og_url":"https:\/\/koningdrone.be\/fr\/produit\/dji-rs-4-mini\/","og_site_name":"koningdrone.be","article_modified_time":"2026-04-29T13:20:42+00:00","og_image":[{"width":2560,"height":2560,"url":"https:\/\/koningdrone.be\/wp-content\/uploads\/sites\/13\/2025\/08\/d24e03627508fa24ea30aaa51d1cb2f3@origin.jpg","type":"image\/jpeg"}],"twitter_card":"summary_large_image","schema":{"@context":"https:\/\/schema.org","@graph":[{"@type":"WebPage","@id":"https:\/\/koningdrone.be\/product\/dji-rs-4-mini\/","url":"https:\/\/koningdrone.be\/product\/dji-rs-4-mini\/","name":"DJI RS 4 Mini - koningdrone.be","isPartOf":{"@id":"https:\/\/koningdrone.be\/#website"},"primaryImageOfPage":{"@id":"https:\/\/koningdrone.be\/product\/dji-rs-4-mini\/#primaryimage"},"image":{"@id":"https:\/\/koningdrone.be\/product\/dji-rs-4-mini\/#primaryimage"},"thumbnailUrl":"https:\/\/koningdrone.be\/wp-content\/uploads\/sites\/13\/2025\/08\/d24e03627508fa24ea30aaa51d1cb2f3@origin.jpg","datePublished":"2025-07-03T07:32:52+00:00","dateModified":"2026-04-29T13:20:42+00:00","breadcrumb":{"@id":"https:\/\/koningdrone.be\/product\/dji-rs-4-mini\/#breadcrumb"},"inLanguage":"fr-BE","potentialAction":[{"@type":"ReadAction","target":["https:\/\/koningdrone.be\/product\/dji-rs-4-mini\/"]}]},{"@type":"ImageObject","inLanguage":"fr-BE","@id":"https:\/\/koningdrone.be\/product\/dji-rs-4-mini\/#primaryimage","url":"https:\/\/koningdrone.be\/wp-content\/uploads\/sites\/13\/2025\/08\/d24e03627508fa24ea30aaa51d1cb2f3@origin.jpg","contentUrl":"https:\/\/koningdrone.be\/wp-content\/uploads\/sites\/13\/2025\/08\/d24e03627508fa24ea30aaa51d1cb2f3@origin.jpg","width":2560,"height":2560},{"@type":"BreadcrumbList","@id":"https:\/\/koningdrone.be\/product\/dji-rs-4-mini\/#breadcrumb","itemListElement":[{"@type":"ListItem","position":1,"name":"Home","item":"https:\/\/koningdrone.be\/"},{"@type":"ListItem","position":2,"name":"AVSS Parachute Recovery System for DJI Matrice 300\/350","item":"https:\/\/koningdrone.be\/product\/avss-parachute-recovery-system-for-dji-matrice-300-350\/"},{"@type":"ListItem","position":3,"name":"DJI RS4","item":"https:\/\/koningdrone.be\/categorie\/dji-rs4\/"},{"@type":"ListItem","position":4,"name":"DJI RS 4 Mini"}]},{"@type":"WebSite","@id":"https:\/\/koningdrone.be\/#website","url":"https:\/\/koningdrone.be\/","name":"Koningdrone.be - Votre sp\u00e9cialiste en ligne en mati\u00e8re de drones, de cardans, de cam\u00e9ras et de centrales \u00e9lectriques.","description":"La boutique en ligne de drones et de cardans","publisher":{"@id":"https:\/\/koningdrone.be\/#organization"},"potentialAction":[{"@type":"SearchAction","target":{"@type":"EntryPoint","urlTemplate":"https:\/\/koningdrone.be\/?s={search_term_string}"},"query-input":{"@type":"PropertyValueSpecification","valueRequired":true,"valueName":"search_term_string"}}],"inLanguage":"fr-BE"},{"@type":"Organization","@id":"https:\/\/koningdrone.be\/#organization","name":"Kingdrone.co.uk","url":"https:\/\/koningdrone.be\/","logo":{"@type":"ImageObject","inLanguage":"fr-BE","@id":"https:\/\/koningdrone.be\/#\/schema\/logo\/image\/","url":"https:\/\/koningdrone.be\/wp-content\/uploads\/sites\/13\/2025\/04\/koningdrone-copyright-logo.svg","contentUrl":"https:\/\/koningdrone.be\/wp-content\/uploads\/sites\/13\/2025\/04\/koningdrone-copyright-logo.svg","width":227,"height":38,"caption":"Koningdrone.be"},"image":{"@id":"https:\/\/koningdrone.be\/#\/schema\/logo\/image\/"}}]}},"df_price":389,"df_sale_price":"","df_regular_price":389,"df_image_link":"https:\/\/koningdrone.be\/wp-content\/uploads\/sites\/13\/2025\/08\/d24e03627508fa24ea30aaa51d1cb2f3@origin-300x300.jpg","_links":{"self":[{"href":"https:\/\/koningdrone.be\/fr\/wp-json\/wp\/v2\/product\/15210","targetHints":{"allow":["GET"]}}],"collection":[{"href":"https:\/\/koningdrone.be\/fr\/wp-json\/wp\/v2\/product"}],"about":[{"href":"https:\/\/koningdrone.be\/fr\/wp-json\/wp\/v2\/types\/product"}],"wp:featuredmedia":[{"embeddable":true,"href":"https:\/\/koningdrone.be\/fr\/wp-json\/wp\/v2\/media\/15202"}],"wp:attachment":[{"href":"https:\/\/koningdrone.be\/fr\/wp-json\/wp\/v2\/media?parent=15210"}],"wp:term":[{"taxonomy":"product_brand","embeddable":true,"href":"https:\/\/koningdrone.be\/fr\/wp-json\/wp\/v2\/product_brand?post=15210"},{"taxonomy":"product_cat","embeddable":true,"href":"https:\/\/koningdrone.be\/fr\/wp-json\/wp\/v2\/product_cat?post=15210"},{"taxonomy":"product_tag","embeddable":true,"href":"https:\/\/koningdrone.be\/fr\/wp-json\/wp\/v2\/product_tag?post=15210"}],"curies":[{"name":"wp","href":"https:\/\/api.w.org\/{rel}","templated":true}]}}