{"id":15181,"date":"2025-07-03T09:33:33","date_gmt":"2025-07-03T07:33:33","guid":{"rendered":"https:\/\/koningdrone.be\/product\/ecoflow-stream-ac-pro-800w\/"},"modified":"2025-07-03T09:33:33","modified_gmt":"2025-07-03T07:33:33","slug":"ecoflow-stream-ac-pro-800w","status":"publish","type":"product","link":"https:\/\/koningdrone.be\/fr\/produit\/ecoflow-stream-ac-pro-800w\/","title":{"rendered":"EcoFlow STREAM AC Pro 800W"},"content":{"rendered":"<p>L'EcoFlow STREAM AC Pro 800W est une solution \u00e9nerg\u00e9tique domestique tout-en-un qui int\u00e8gre de mani\u00e8re transparente le stockage de l'\u00e9nergie solaire, la gestion intelligente de l'\u00e9nergie et la prise en charge directe des appareils \u00e9lectrom\u00e9nagers. Con\u00e7u pour une installation facile, il peut \u00eatre connect\u00e9 directement \u00e0 votre micro-onduleur existant ou \u00e0 une prise de courant pour stocker efficacement l'\u00e9nergie solaire et fournir une alimentation ininterrompue dans toute la maison. Avec une batterie robuste d'une capacit\u00e9 de 1,92 kWh, extensible \u00e0 11,52 kWh, et deux sorties CA, il garantit que vos appareils essentiels restent aliment\u00e9s pendant les coupures de courant. Les fonctions d'\u00e9quilibrage de la charge et d'optimisation de l'heure d'utilisation du syst\u00e8me, pilot\u00e9es par l'IA, permettent de maximiser les \u00e9conomies d'\u00e9nergie en g\u00e9rant intelligemment la distribution d'\u00e9nergie en fonction de la consommation en temps r\u00e9el et des prix de l'\u00e9lectricit\u00e9. Sa conception durable et r\u00e9sistante aux intemp\u00e9ries (IP65) lui permet de s'adapter \u00e0 divers environnements et de garantir des performances fiables tout au long de l'ann\u00e9e. Que vous souhaitiez r\u00e9duire vos factures d'\u00e9nergie ou am\u00e9liorer la r\u00e9silience \u00e9nerg\u00e9tique de votre maison, le STREAM AC Pro 800W offre une solution polyvalente et \u00e9volutive.<\/p>","protected":false},"excerpt":{"rendered":"<ul>\n<li>Syst\u00e8me tout-en-un pour le stockage et la gestion de l'\u00e9nergie solaire.<\/li>\n<li>Deux sorties CA avec jusqu'\u00e0 2 300 W pour alimenter plusieurs appareils.<\/li>\n<li>Capacit\u00e9 de batterie extensible de 1,92 kWh \u00e0 11,52 kWh.<\/li>\n<li>\u00c9quilibrage de la charge et optimisation de la dur\u00e9e d'utilisation pilot\u00e9s par l'IA pour r\u00e9aliser des \u00e9conomies d'\u00e9nergie.<\/li>\n<li>Compatible avec le panneau solaire 99% et les micro-onduleurs existants.<\/li>\n<li>Conception durable et r\u00e9sistante aux intemp\u00e9ries avec un indice de protection IP65.<\/li>\n<li>Installation facile, plug-and-play, sans installation professionnelle.<\/li>\n<li>Surveillance et contr\u00f4le en temps r\u00e9el via l'application EcoFlow.<\/li>\n<li>Id\u00e9al pour r\u00e9duire les factures d'\u00e9nergie et fournir une alimentation de secours en cas de panne de courant.<\/li>\n<li>Favorise l'int\u00e9gration transparente dans les syst\u00e8mes \u00e9nerg\u00e9tiques domestiques existants.<\/li>\n<\/ul>","protected":false},"featured_media":15173,"template":"","meta":{"_acf_changed":false},"product_brand":[],"product_cat":[58],"product_tag":[],"class_list":{"0":"post-15181","1":"product","2":"type-product","3":"status-publish","4":"has-post-thumbnail","6":"product_cat-uncategorized","7":"pa_brand-ecoflow","8":"pa_producttype-smart-home-zonnebatterij","9":"pa_series-stream","11":"first","12":"outofstock","13":"taxable","14":"shipping-taxable","15":"product-type-simple"},"acf":[],"yoast_head":"<!-- This site is optimized with the Yoast SEO Premium plugin v27.2 (Yoast SEO v27.2) - https:\/\/yoast.com\/product\/yoast-seo-premium-wordpress\/ -->\n<title>EcoFlow STREAM AC Pro 800W - koningdrone.be<\/title>\n<meta name=\"robots\" content=\"index, follow, max-snippet:-1, max-image-preview:large, max-video-preview:-1\" \/>\n<link rel=\"canonical\" href=\"https:\/\/koningdrone.be\/fr\/produit\/ecoflow-stream-ac-pro-800w\/\" \/>\n<meta property=\"og:locale\" content=\"fr_FR\" \/>\n<meta property=\"og:type\" content=\"article\" \/>\n<meta property=\"og:title\" content=\"EcoFlow STREAM AC Pro 800W\" \/>\n<meta property=\"og:description\" content=\"Alles-in-\u00e9\u00e9n systeem voor opslag en beheer van zonne-energie. Dubbele AC-uitgangen met een vermogen tot 2.300W om meerdere apparaten van stroom te voorzien. Uitbreidbare batterijcapaciteit van 1,92kWh tot 11,52kWh. AI-gestuurde load balancing en time-of-use optimalisatie voor energiebesparing. Compatibel met 99% van de zonnepanelen en bestaande micro-omvormers. Duurzaam, weerbestendig ontwerp met IP65-classificatie. Eenvoudige plug-and-play-installatie zonder professionele installatie. Real-time bewaking en bediening via de EcoFlow app. Ideaal voor het verlagen van energierekeningen en het leveren van back-up stroom tijdens stroomuitval. Ondersteunt naadloze integratie in bestaande energiesystemen thuis.\" \/>\n<meta property=\"og:url\" content=\"https:\/\/koningdrone.be\/fr\/produit\/ecoflow-stream-ac-pro-800w\/\" \/>\n<meta property=\"og:site_name\" content=\"koningdrone.be\" \/>\n<meta property=\"og:image\" content=\"https:\/\/koningdrone.be\/wp-content\/uploads\/sites\/13\/2025\/08\/EcoFlow-STREAM-AC-Pro-thuisbatterij-.jpg\" \/>\n\t<meta property=\"og:image:width\" content=\"1000\" \/>\n\t<meta property=\"og:image:height\" content=\"1000\" \/>\n\t<meta property=\"og:image:type\" content=\"image\/jpeg\" \/>\n<meta name=\"twitter:card\" content=\"summary_large_image\" \/>\n<meta name=\"twitter:label1\" content=\"Dur\u00e9e de lecture est.\" \/>\n\t<meta name=\"twitter:data1\" content=\"1 minute\" \/>\n<script type=\"application\/ld+json\" class=\"yoast-schema-graph\">{\"@context\":\"https:\/\/schema.org\",\"@graph\":[{\"@type\":\"WebPage\",\"@id\":\"https:\/\/koningdrone.be\/product\/ecoflow-stream-ac-pro-800w\/\",\"url\":\"https:\/\/koningdrone.be\/product\/ecoflow-stream-ac-pro-800w\/\",\"name\":\"EcoFlow STREAM AC Pro 800W - koningdrone.be\",\"isPartOf\":{\"@id\":\"https:\/\/koningdrone.be\/#website\"},\"primaryImageOfPage\":{\"@id\":\"https:\/\/koningdrone.be\/product\/ecoflow-stream-ac-pro-800w\/#primaryimage\"},\"image\":{\"@id\":\"https:\/\/koningdrone.be\/product\/ecoflow-stream-ac-pro-800w\/#primaryimage\"},\"thumbnailUrl\":\"https:\/\/koningdrone.be\/wp-content\/uploads\/sites\/13\/2025\/08\/EcoFlow-STREAM-AC-Pro-thuisbatterij-.jpg\",\"datePublished\":\"2025-07-03T07:33:33+00:00\",\"breadcrumb\":{\"@id\":\"https:\/\/koningdrone.be\/product\/ecoflow-stream-ac-pro-800w\/#breadcrumb\"},\"inLanguage\":\"fr-BE\",\"potentialAction\":[{\"@type\":\"ReadAction\",\"target\":[\"https:\/\/koningdrone.be\/product\/ecoflow-stream-ac-pro-800w\/\"]}]},{\"@type\":\"ImageObject\",\"inLanguage\":\"fr-BE\",\"@id\":\"https:\/\/koningdrone.be\/product\/ecoflow-stream-ac-pro-800w\/#primaryimage\",\"url\":\"https:\/\/koningdrone.be\/wp-content\/uploads\/sites\/13\/2025\/08\/EcoFlow-STREAM-AC-Pro-thuisbatterij-.jpg\",\"contentUrl\":\"https:\/\/koningdrone.be\/wp-content\/uploads\/sites\/13\/2025\/08\/EcoFlow-STREAM-AC-Pro-thuisbatterij-.jpg\",\"width\":1000,\"height\":1000},{\"@type\":\"BreadcrumbList\",\"@id\":\"https:\/\/koningdrone.be\/product\/ecoflow-stream-ac-pro-800w\/#breadcrumb\",\"itemListElement\":[{\"@type\":\"ListItem\",\"position\":1,\"name\":\"Home\",\"item\":\"https:\/\/koningdrone.be\/\"},{\"@type\":\"ListItem\",\"position\":2,\"name\":\"AVSS Parachute Recovery System for DJI Matrice 300\/350\",\"item\":\"https:\/\/koningdrone.be\/product\/avss-parachute-recovery-system-for-dji-matrice-300-350\/\"},{\"@type\":\"ListItem\",\"position\":3,\"name\":\"Uncategorized\",\"item\":\"https:\/\/koningdrone.be\/categorie\/uncategorized\/\"},{\"@type\":\"ListItem\",\"position\":4,\"name\":\"EcoFlow STREAM AC Pro 800W\"}]},{\"@type\":\"WebSite\",\"@id\":\"https:\/\/koningdrone.be\/#website\",\"url\":\"https:\/\/koningdrone.be\/\",\"name\":\"Koningdrone.be - Uw online specialist in drones, gimbals, camera's en power stations.\",\"description\":\"De webshop in drones en gimbals\",\"publisher\":{\"@id\":\"https:\/\/koningdrone.be\/#organization\"},\"potentialAction\":[{\"@type\":\"SearchAction\",\"target\":{\"@type\":\"EntryPoint\",\"urlTemplate\":\"https:\/\/koningdrone.be\/?s={search_term_string}\"},\"query-input\":{\"@type\":\"PropertyValueSpecification\",\"valueRequired\":true,\"valueName\":\"search_term_string\"}}],\"inLanguage\":\"fr-BE\"},{\"@type\":\"Organization\",\"@id\":\"https:\/\/koningdrone.be\/#organization\",\"name\":\"Koningdrone.be\",\"url\":\"https:\/\/koningdrone.be\/\",\"logo\":{\"@type\":\"ImageObject\",\"inLanguage\":\"fr-BE\",\"@id\":\"https:\/\/koningdrone.be\/#\/schema\/logo\/image\/\",\"url\":\"https:\/\/koningdrone.be\/wp-content\/uploads\/sites\/13\/2025\/04\/koningdrone-copyright-logo.svg\",\"contentUrl\":\"https:\/\/koningdrone.be\/wp-content\/uploads\/sites\/13\/2025\/04\/koningdrone-copyright-logo.svg\",\"width\":227,\"height\":38,\"caption\":\"Koningdrone.be\"},\"image\":{\"@id\":\"https:\/\/koningdrone.be\/#\/schema\/logo\/image\/\"}}]}<\/script>\n<!-- \/ Yoast SEO Premium plugin. -->","yoast_head_json":{"title":"EcoFlow STREAM AC Pro 800W - koningdrone.be","robots":{"index":"index","follow":"follow","max-snippet":"max-snippet:-1","max-image-preview":"max-image-preview:large","max-video-preview":"max-video-preview:-1"},"canonical":"https:\/\/koningdrone.be\/fr\/produit\/ecoflow-stream-ac-pro-800w\/","og_locale":"fr_FR","og_type":"article","og_title":"EcoFlow STREAM AC Pro 800W","og_description":"Alles-in-\u00e9\u00e9n systeem voor opslag en beheer van zonne-energie. Dubbele AC-uitgangen met een vermogen tot 2.300W om meerdere apparaten van stroom te voorzien. Uitbreidbare batterijcapaciteit van 1,92kWh tot 11,52kWh. AI-gestuurde load balancing en time-of-use optimalisatie voor energiebesparing. Compatibel met 99% van de zonnepanelen en bestaande micro-omvormers. Duurzaam, weerbestendig ontwerp met IP65-classificatie. Eenvoudige plug-and-play-installatie zonder professionele installatie. Real-time bewaking en bediening via de EcoFlow app. Ideaal voor het verlagen van energierekeningen en het leveren van back-up stroom tijdens stroomuitval. Ondersteunt naadloze integratie in bestaande energiesystemen thuis.","og_url":"https:\/\/koningdrone.be\/fr\/produit\/ecoflow-stream-ac-pro-800w\/","og_site_name":"koningdrone.be","og_image":[{"width":1000,"height":1000,"url":"https:\/\/koningdrone.be\/wp-content\/uploads\/sites\/13\/2025\/08\/EcoFlow-STREAM-AC-Pro-thuisbatterij-.jpg","type":"image\/jpeg"}],"twitter_card":"summary_large_image","twitter_misc":{"Dur\u00e9e de lecture est.":"1 minute"},"schema":{"@context":"https:\/\/schema.org","@graph":[{"@type":"WebPage","@id":"https:\/\/koningdrone.be\/product\/ecoflow-stream-ac-pro-800w\/","url":"https:\/\/koningdrone.be\/product\/ecoflow-stream-ac-pro-800w\/","name":"EcoFlow STREAM AC Pro 800W - koningdrone.be","isPartOf":{"@id":"https:\/\/koningdrone.be\/#website"},"primaryImageOfPage":{"@id":"https:\/\/koningdrone.be\/product\/ecoflow-stream-ac-pro-800w\/#primaryimage"},"image":{"@id":"https:\/\/koningdrone.be\/product\/ecoflow-stream-ac-pro-800w\/#primaryimage"},"thumbnailUrl":"https:\/\/koningdrone.be\/wp-content\/uploads\/sites\/13\/2025\/08\/EcoFlow-STREAM-AC-Pro-thuisbatterij-.jpg","datePublished":"2025-07-03T07:33:33+00:00","breadcrumb":{"@id":"https:\/\/koningdrone.be\/product\/ecoflow-stream-ac-pro-800w\/#breadcrumb"},"inLanguage":"fr-BE","potentialAction":[{"@type":"ReadAction","target":["https:\/\/koningdrone.be\/product\/ecoflow-stream-ac-pro-800w\/"]}]},{"@type":"ImageObject","inLanguage":"fr-BE","@id":"https:\/\/koningdrone.be\/product\/ecoflow-stream-ac-pro-800w\/#primaryimage","url":"https:\/\/koningdrone.be\/wp-content\/uploads\/sites\/13\/2025\/08\/EcoFlow-STREAM-AC-Pro-thuisbatterij-.jpg","contentUrl":"https:\/\/koningdrone.be\/wp-content\/uploads\/sites\/13\/2025\/08\/EcoFlow-STREAM-AC-Pro-thuisbatterij-.jpg","width":1000,"height":1000},{"@type":"BreadcrumbList","@id":"https:\/\/koningdrone.be\/product\/ecoflow-stream-ac-pro-800w\/#breadcrumb","itemListElement":[{"@type":"ListItem","position":1,"name":"Home","item":"https:\/\/koningdrone.be\/"},{"@type":"ListItem","position":2,"name":"AVSS Parachute Recovery System for DJI Matrice 300\/350","item":"https:\/\/koningdrone.be\/product\/avss-parachute-recovery-system-for-dji-matrice-300-350\/"},{"@type":"ListItem","position":3,"name":"Uncategorized","item":"https:\/\/koningdrone.be\/categorie\/uncategorized\/"},{"@type":"ListItem","position":4,"name":"EcoFlow STREAM AC Pro 800W"}]},{"@type":"WebSite","@id":"https:\/\/koningdrone.be\/#website","url":"https:\/\/koningdrone.be\/","name":"Koningdrone.be - Votre sp\u00e9cialiste en ligne en mati\u00e8re de drones, de cardans, de cam\u00e9ras et de centrales \u00e9lectriques.","description":"La boutique en ligne de drones et de cardans","publisher":{"@id":"https:\/\/koningdrone.be\/#organization"},"potentialAction":[{"@type":"SearchAction","target":{"@type":"EntryPoint","urlTemplate":"https:\/\/koningdrone.be\/?s={search_term_string}"},"query-input":{"@type":"PropertyValueSpecification","valueRequired":true,"valueName":"search_term_string"}}],"inLanguage":"fr-BE"},{"@type":"Organization","@id":"https:\/\/koningdrone.be\/#organization","name":"Kingdrone.co.uk","url":"https:\/\/koningdrone.be\/","logo":{"@type":"ImageObject","inLanguage":"fr-BE","@id":"https:\/\/koningdrone.be\/#\/schema\/logo\/image\/","url":"https:\/\/koningdrone.be\/wp-content\/uploads\/sites\/13\/2025\/04\/koningdrone-copyright-logo.svg","contentUrl":"https:\/\/koningdrone.be\/wp-content\/uploads\/sites\/13\/2025\/04\/koningdrone-copyright-logo.svg","width":227,"height":38,"caption":"Koningdrone.be"},"image":{"@id":"https:\/\/koningdrone.be\/#\/schema\/logo\/image\/"}}]}},"df_price":"","df_sale_price":"","df_regular_price":"","df_image_link":"https:\/\/koningdrone.be\/wp-content\/uploads\/sites\/13\/2025\/08\/EcoFlow-STREAM-AC-Pro-thuisbatterij--300x300.jpg","_links":{"self":[{"href":"https:\/\/koningdrone.be\/fr\/wp-json\/wp\/v2\/product\/15181","targetHints":{"allow":["GET"]}}],"collection":[{"href":"https:\/\/koningdrone.be\/fr\/wp-json\/wp\/v2\/product"}],"about":[{"href":"https:\/\/koningdrone.be\/fr\/wp-json\/wp\/v2\/types\/product"}],"wp:featuredmedia":[{"embeddable":true,"href":"https:\/\/koningdrone.be\/fr\/wp-json\/wp\/v2\/media\/15173"}],"wp:attachment":[{"href":"https:\/\/koningdrone.be\/fr\/wp-json\/wp\/v2\/media?parent=15181"}],"wp:term":[{"taxonomy":"product_brand","embeddable":true,"href":"https:\/\/koningdrone.be\/fr\/wp-json\/wp\/v2\/product_brand?post=15181"},{"taxonomy":"product_cat","embeddable":true,"href":"https:\/\/koningdrone.be\/fr\/wp-json\/wp\/v2\/product_cat?post=15181"},{"taxonomy":"product_tag","embeddable":true,"href":"https:\/\/koningdrone.be\/fr\/wp-json\/wp\/v2\/product_tag?post=15181"}],"curies":[{"name":"wp","href":"https:\/\/api.w.org\/{rel}","templated":true}]}}