{"id":15096,"date":"2025-07-03T09:33:59","date_gmt":"2025-07-03T07:33:59","guid":{"rendered":"https:\/\/koningdrone.be\/product\/dji-terra-pro-overseas-upgrade%ef%bc%88pro_online_version-1-device-upgrade-to-offline_version_1_device\/"},"modified":"2026-04-29T12:30:47","modified_gmt":"2026-04-29T10:30:47","slug":"dji-terra-pro-overseas-upgrade%ef%bc%88pro_online_version-1-device-upgrade-to-offline_version_1_device","status":"publish","type":"product","link":"https:\/\/koningdrone.be\/fr\/produit\/dji-terra-pro-overseas-upgrade%ef%bc%88pro_online_version-1-device-upgrade-to-offline_version_1_device\/","title":{"rendered":"DJI Terra PRO Overseas Upgrade\uff08Pro_Online_Version 1 device upgrade to offline_Version_1_device)"},"content":{"rendered":"<p>La mise \u00e0 jour DJI Terra PRO Overseas permet aux utilisateurs de convertir leur version en ligne existante de DJI Terra Pro en version hors ligne, tout en conservant la m\u00eame limitation \u00e0 un seul appareil. Cette mise \u00e0 jour est parfaite pour les professionnels qui ont besoin de passer d'environnements bas\u00e9s sur le cloud \u00e0 des op\u00e9rations s\u00e9curis\u00e9es ou \u00e0 distance sans acc\u00e8s \u00e0 Internet. Avec cette mise \u00e0 jour, toutes les fonctionnalit\u00e9s principales de DJI Terra telles que la cartographie 2D, la mod\u00e9lisation 3D et le traitement LiDAR restent enti\u00e8rement fonctionnelles en mode hors ligne. Cela permet aux utilisateurs de continuer \u00e0 op\u00e9rer dans des zones sensibles, des r\u00e9seaux limit\u00e9s ou des r\u00e9gions \u00e9loign\u00e9es sans connectivit\u00e9. Con\u00e7ue pour les entreprises, elle garantit la confidentialit\u00e9 des donn\u00e9es, la flexibilit\u00e9 et l'efficacit\u00e9 op\u00e9rationnelle.<\/p>","protected":false},"excerpt":{"rendered":"<ul>\n<li>Convertir une licence en ligne en une licence enti\u00e8rement hors ligne.<\/li>\n<li>Conserve toutes les fonctionnalit\u00e9s pour le traitement des donn\u00e9es 2D et 3D.<\/li>\n<li>Id\u00e9al pour les environnements s\u00e9curis\u00e9s, distants ou sans Internet.<\/li>\n<li>Maintient la limitation \u00e0 un seul dispositif pour le contr\u00f4le des licences.<\/li>\n<li>Garantit la confidentialit\u00e9 des donn\u00e9es et le stockage local.<\/li>\n<li>Activation rapide et transition en douceur.<\/li>\n<\/ul>","protected":false},"featured_media":15094,"template":"","meta":{"_acf_changed":false},"product_brand":[],"product_cat":[58],"product_tag":[],"class_list":{"0":"post-15096","1":"product","2":"type-product","3":"status-publish","4":"has-post-thumbnail","6":"product_cat-uncategorized","7":"product_shipping_class-outofstock","8":"pa_brand-dji","9":"pa_producttype-software","10":"pa_series-terra","12":"first","13":"outofstock","14":"taxable","15":"shipping-taxable","16":"product-type-simple"},"acf":[],"yoast_head":"<!-- This site is optimized with the Yoast SEO Premium plugin v27.2 (Yoast SEO v27.2) - https:\/\/yoast.com\/product\/yoast-seo-premium-wordpress\/ -->\n<title>DJI Terra PRO Overseas Upgrade\uff08Pro_Online_Version 1 device upgrade to offline_Version_1_device) - koningdrone.be<\/title>\n<meta name=\"robots\" content=\"index, follow, max-snippet:-1, max-image-preview:large, max-video-preview:-1\" \/>\n<link rel=\"canonical\" href=\"https:\/\/koningdrone.be\/fr\/produit\/dji-terra-pro-overseas-upgrade\uff08pro_online_version-1-device-upgrade-to-offline_version_1_device\/\" \/>\n<meta property=\"og:locale\" content=\"fr_FR\" \/>\n<meta property=\"og:type\" content=\"article\" \/>\n<meta property=\"og:title\" content=\"DJI Terra PRO Overseas Upgrade\uff08Pro_Online_Version 1 device upgrade to offline_Version_1_device)\" \/>\n<meta property=\"og:description\" content=\"Zet een online licentie om in een volledig offline licentie. Behoudt de volledige functionaliteit voor 2D- en 3D-gegevensverwerking. Ideaal voor veilige, externe of internetloze omgevingen. Behoudt de beperking tot 1 apparaat voor licentiecontrole. Garandeert gegevensprivacy en lokale opslag. Snelle activering en naadloze overgang.\" \/>\n<meta property=\"og:url\" content=\"https:\/\/koningdrone.be\/fr\/produit\/dji-terra-pro-overseas-upgrade\uff08pro_online_version-1-device-upgrade-to-offline_version_1_device\/\" \/>\n<meta property=\"og:site_name\" content=\"koningdrone.be\" \/>\n<meta property=\"article:modified_time\" content=\"2026-04-29T10:30:47+00:00\" \/>\n<meta property=\"og:image\" content=\"https:\/\/koningdrone.be\/wp-content\/uploads\/sites\/13\/2025\/08\/dji-terra-510x510-1.jpg\" \/>\n\t<meta property=\"og:image:width\" content=\"510\" \/>\n\t<meta property=\"og:image:height\" content=\"510\" \/>\n\t<meta property=\"og:image:type\" content=\"image\/jpeg\" \/>\n<meta name=\"twitter:card\" content=\"summary_large_image\" \/>\n<meta name=\"twitter:label1\" content=\"Dur\u00e9e de lecture est.\" \/>\n\t<meta name=\"twitter:data1\" content=\"1 minute\" \/>\n<script type=\"application\/ld+json\" class=\"yoast-schema-graph\">{\"@context\":\"https:\/\/schema.org\",\"@graph\":[{\"@type\":\"WebPage\",\"@id\":\"https:\/\/koningdrone.be\/product\/dji-terra-pro-overseas-upgrade%ef%bc%88pro_online_version-1-device-upgrade-to-offline_version_1_device\/\",\"url\":\"https:\/\/koningdrone.be\/product\/dji-terra-pro-overseas-upgrade%ef%bc%88pro_online_version-1-device-upgrade-to-offline_version_1_device\/\",\"name\":\"DJI Terra PRO Overseas Upgrade\uff08Pro_Online_Version 1 device upgrade to offline_Version_1_device) - koningdrone.be\",\"isPartOf\":{\"@id\":\"https:\/\/koningdrone.be\/#website\"},\"primaryImageOfPage\":{\"@id\":\"https:\/\/koningdrone.be\/product\/dji-terra-pro-overseas-upgrade%ef%bc%88pro_online_version-1-device-upgrade-to-offline_version_1_device\/#primaryimage\"},\"image\":{\"@id\":\"https:\/\/koningdrone.be\/product\/dji-terra-pro-overseas-upgrade%ef%bc%88pro_online_version-1-device-upgrade-to-offline_version_1_device\/#primaryimage\"},\"thumbnailUrl\":\"https:\/\/koningdrone.be\/wp-content\/uploads\/sites\/13\/2025\/08\/dji-terra-510x510-1.jpg\",\"datePublished\":\"2025-07-03T07:33:59+00:00\",\"dateModified\":\"2026-04-29T10:30:47+00:00\",\"breadcrumb\":{\"@id\":\"https:\/\/koningdrone.be\/product\/dji-terra-pro-overseas-upgrade%ef%bc%88pro_online_version-1-device-upgrade-to-offline_version_1_device\/#breadcrumb\"},\"inLanguage\":\"fr-BE\",\"potentialAction\":[{\"@type\":\"ReadAction\",\"target\":[\"https:\/\/koningdrone.be\/product\/dji-terra-pro-overseas-upgrade%ef%bc%88pro_online_version-1-device-upgrade-to-offline_version_1_device\/\"]}]},{\"@type\":\"ImageObject\",\"inLanguage\":\"fr-BE\",\"@id\":\"https:\/\/koningdrone.be\/product\/dji-terra-pro-overseas-upgrade%ef%bc%88pro_online_version-1-device-upgrade-to-offline_version_1_device\/#primaryimage\",\"url\":\"https:\/\/koningdrone.be\/wp-content\/uploads\/sites\/13\/2025\/08\/dji-terra-510x510-1.jpg\",\"contentUrl\":\"https:\/\/koningdrone.be\/wp-content\/uploads\/sites\/13\/2025\/08\/dji-terra-510x510-1.jpg\",\"width\":510,\"height\":510},{\"@type\":\"BreadcrumbList\",\"@id\":\"https:\/\/koningdrone.be\/product\/dji-terra-pro-overseas-upgrade%ef%bc%88pro_online_version-1-device-upgrade-to-offline_version_1_device\/#breadcrumb\",\"itemListElement\":[{\"@type\":\"ListItem\",\"position\":1,\"name\":\"Home\",\"item\":\"https:\/\/koningdrone.be\/\"},{\"@type\":\"ListItem\",\"position\":2,\"name\":\"AVSS Parachute Recovery System for DJI Matrice 300\/350\",\"item\":\"https:\/\/koningdrone.be\/product\/avss-parachute-recovery-system-for-dji-matrice-300-350\/\"},{\"@type\":\"ListItem\",\"position\":3,\"name\":\"Uncategorized\",\"item\":\"https:\/\/koningdrone.be\/categorie\/uncategorized\/\"},{\"@type\":\"ListItem\",\"position\":4,\"name\":\"DJI Terra PRO Overseas Upgrade\uff08Pro_Online_Version 1 device upgrade to offline_Version_1_device)\"}]},{\"@type\":\"WebSite\",\"@id\":\"https:\/\/koningdrone.be\/#website\",\"url\":\"https:\/\/koningdrone.be\/\",\"name\":\"Koningdrone.be - Uw online specialist in drones, gimbals, camera's en power stations.\",\"description\":\"De webshop in drones en gimbals\",\"publisher\":{\"@id\":\"https:\/\/koningdrone.be\/#organization\"},\"potentialAction\":[{\"@type\":\"SearchAction\",\"target\":{\"@type\":\"EntryPoint\",\"urlTemplate\":\"https:\/\/koningdrone.be\/?s={search_term_string}\"},\"query-input\":{\"@type\":\"PropertyValueSpecification\",\"valueRequired\":true,\"valueName\":\"search_term_string\"}}],\"inLanguage\":\"fr-BE\"},{\"@type\":\"Organization\",\"@id\":\"https:\/\/koningdrone.be\/#organization\",\"name\":\"Koningdrone.be\",\"url\":\"https:\/\/koningdrone.be\/\",\"logo\":{\"@type\":\"ImageObject\",\"inLanguage\":\"fr-BE\",\"@id\":\"https:\/\/koningdrone.be\/#\/schema\/logo\/image\/\",\"url\":\"https:\/\/koningdrone.be\/wp-content\/uploads\/sites\/13\/2025\/04\/koningdrone-copyright-logo.svg\",\"contentUrl\":\"https:\/\/koningdrone.be\/wp-content\/uploads\/sites\/13\/2025\/04\/koningdrone-copyright-logo.svg\",\"width\":227,\"height\":38,\"caption\":\"Koningdrone.be\"},\"image\":{\"@id\":\"https:\/\/koningdrone.be\/#\/schema\/logo\/image\/\"}}]}<\/script>\n<!-- \/ Yoast SEO Premium plugin. -->","yoast_head_json":{"title":"DJI Terra PRO Overseas Upgrade\uff08Pro_Online_Version 1 device upgrade to offline_Version_1_device) - koningdrone.be","robots":{"index":"index","follow":"follow","max-snippet":"max-snippet:-1","max-image-preview":"max-image-preview:large","max-video-preview":"max-video-preview:-1"},"canonical":"https:\/\/koningdrone.be\/fr\/produit\/dji-terra-pro-overseas-upgrade\uff08pro_online_version-1-device-upgrade-to-offline_version_1_device\/","og_locale":"fr_FR","og_type":"article","og_title":"DJI Terra PRO Overseas Upgrade\uff08Pro_Online_Version 1 device upgrade to offline_Version_1_device)","og_description":"Zet een online licentie om in een volledig offline licentie. Behoudt de volledige functionaliteit voor 2D- en 3D-gegevensverwerking. Ideaal voor veilige, externe of internetloze omgevingen. Behoudt de beperking tot 1 apparaat voor licentiecontrole. Garandeert gegevensprivacy en lokale opslag. Snelle activering en naadloze overgang.","og_url":"https:\/\/koningdrone.be\/fr\/produit\/dji-terra-pro-overseas-upgrade\uff08pro_online_version-1-device-upgrade-to-offline_version_1_device\/","og_site_name":"koningdrone.be","article_modified_time":"2026-04-29T10:30:47+00:00","og_image":[{"width":510,"height":510,"url":"https:\/\/koningdrone.be\/wp-content\/uploads\/sites\/13\/2025\/08\/dji-terra-510x510-1.jpg","type":"image\/jpeg"}],"twitter_card":"summary_large_image","twitter_misc":{"Dur\u00e9e de lecture est.":"1 minute"},"schema":{"@context":"https:\/\/schema.org","@graph":[{"@type":"WebPage","@id":"https:\/\/koningdrone.be\/product\/dji-terra-pro-overseas-upgrade%ef%bc%88pro_online_version-1-device-upgrade-to-offline_version_1_device\/","url":"https:\/\/koningdrone.be\/product\/dji-terra-pro-overseas-upgrade%ef%bc%88pro_online_version-1-device-upgrade-to-offline_version_1_device\/","name":"DJI Terra PRO Overseas Upgrade\uff08Pro_Online_Version 1 device upgrade to offline_Version_1_device) - koningdrone.be","isPartOf":{"@id":"https:\/\/koningdrone.be\/#website"},"primaryImageOfPage":{"@id":"https:\/\/koningdrone.be\/product\/dji-terra-pro-overseas-upgrade%ef%bc%88pro_online_version-1-device-upgrade-to-offline_version_1_device\/#primaryimage"},"image":{"@id":"https:\/\/koningdrone.be\/product\/dji-terra-pro-overseas-upgrade%ef%bc%88pro_online_version-1-device-upgrade-to-offline_version_1_device\/#primaryimage"},"thumbnailUrl":"https:\/\/koningdrone.be\/wp-content\/uploads\/sites\/13\/2025\/08\/dji-terra-510x510-1.jpg","datePublished":"2025-07-03T07:33:59+00:00","dateModified":"2026-04-29T10:30:47+00:00","breadcrumb":{"@id":"https:\/\/koningdrone.be\/product\/dji-terra-pro-overseas-upgrade%ef%bc%88pro_online_version-1-device-upgrade-to-offline_version_1_device\/#breadcrumb"},"inLanguage":"fr-BE","potentialAction":[{"@type":"ReadAction","target":["https:\/\/koningdrone.be\/product\/dji-terra-pro-overseas-upgrade%ef%bc%88pro_online_version-1-device-upgrade-to-offline_version_1_device\/"]}]},{"@type":"ImageObject","inLanguage":"fr-BE","@id":"https:\/\/koningdrone.be\/product\/dji-terra-pro-overseas-upgrade%ef%bc%88pro_online_version-1-device-upgrade-to-offline_version_1_device\/#primaryimage","url":"https:\/\/koningdrone.be\/wp-content\/uploads\/sites\/13\/2025\/08\/dji-terra-510x510-1.jpg","contentUrl":"https:\/\/koningdrone.be\/wp-content\/uploads\/sites\/13\/2025\/08\/dji-terra-510x510-1.jpg","width":510,"height":510},{"@type":"BreadcrumbList","@id":"https:\/\/koningdrone.be\/product\/dji-terra-pro-overseas-upgrade%ef%bc%88pro_online_version-1-device-upgrade-to-offline_version_1_device\/#breadcrumb","itemListElement":[{"@type":"ListItem","position":1,"name":"Home","item":"https:\/\/koningdrone.be\/"},{"@type":"ListItem","position":2,"name":"AVSS Parachute Recovery System for DJI Matrice 300\/350","item":"https:\/\/koningdrone.be\/product\/avss-parachute-recovery-system-for-dji-matrice-300-350\/"},{"@type":"ListItem","position":3,"name":"Uncategorized","item":"https:\/\/koningdrone.be\/categorie\/uncategorized\/"},{"@type":"ListItem","position":4,"name":"DJI Terra PRO Overseas Upgrade\uff08Pro_Online_Version 1 device upgrade to offline_Version_1_device)"}]},{"@type":"WebSite","@id":"https:\/\/koningdrone.be\/#website","url":"https:\/\/koningdrone.be\/","name":"Koningdrone.be - Votre sp\u00e9cialiste en ligne en mati\u00e8re de drones, de cardans, de cam\u00e9ras et de centrales \u00e9lectriques.","description":"La boutique en ligne de drones et de cardans","publisher":{"@id":"https:\/\/koningdrone.be\/#organization"},"potentialAction":[{"@type":"SearchAction","target":{"@type":"EntryPoint","urlTemplate":"https:\/\/koningdrone.be\/?s={search_term_string}"},"query-input":{"@type":"PropertyValueSpecification","valueRequired":true,"valueName":"search_term_string"}}],"inLanguage":"fr-BE"},{"@type":"Organization","@id":"https:\/\/koningdrone.be\/#organization","name":"Kingdrone.co.uk","url":"https:\/\/koningdrone.be\/","logo":{"@type":"ImageObject","inLanguage":"fr-BE","@id":"https:\/\/koningdrone.be\/#\/schema\/logo\/image\/","url":"https:\/\/koningdrone.be\/wp-content\/uploads\/sites\/13\/2025\/04\/koningdrone-copyright-logo.svg","contentUrl":"https:\/\/koningdrone.be\/wp-content\/uploads\/sites\/13\/2025\/04\/koningdrone-copyright-logo.svg","width":227,"height":38,"caption":"Koningdrone.be"},"image":{"@id":"https:\/\/koningdrone.be\/#\/schema\/logo\/image\/"}}]}},"df_price":"","df_sale_price":"","df_regular_price":"","df_image_link":"https:\/\/koningdrone.be\/wp-content\/uploads\/sites\/13\/2025\/08\/dji-terra-510x510-1-300x300.jpg","_links":{"self":[{"href":"https:\/\/koningdrone.be\/fr\/wp-json\/wp\/v2\/product\/15096","targetHints":{"allow":["GET"]}}],"collection":[{"href":"https:\/\/koningdrone.be\/fr\/wp-json\/wp\/v2\/product"}],"about":[{"href":"https:\/\/koningdrone.be\/fr\/wp-json\/wp\/v2\/types\/product"}],"wp:featuredmedia":[{"embeddable":true,"href":"https:\/\/koningdrone.be\/fr\/wp-json\/wp\/v2\/media\/15094"}],"wp:attachment":[{"href":"https:\/\/koningdrone.be\/fr\/wp-json\/wp\/v2\/media?parent=15096"}],"wp:term":[{"taxonomy":"product_brand","embeddable":true,"href":"https:\/\/koningdrone.be\/fr\/wp-json\/wp\/v2\/product_brand?post=15096"},{"taxonomy":"product_cat","embeddable":true,"href":"https:\/\/koningdrone.be\/fr\/wp-json\/wp\/v2\/product_cat?post=15096"},{"taxonomy":"product_tag","embeddable":true,"href":"https:\/\/koningdrone.be\/fr\/wp-json\/wp\/v2\/product_tag?post=15096"}],"curies":[{"name":"wp","href":"https:\/\/api.w.org\/{rel}","templated":true}]}}