{"id":15095,"date":"2025-07-03T09:33:59","date_gmt":"2025-07-03T07:33:59","guid":{"rendered":"https:\/\/koningdrone.be\/product\/dji-terra-pro-overseas-1-year1_device_offline_version\/"},"modified":"2026-04-29T12:30:46","modified_gmt":"2026-04-29T10:30:46","slug":"dji-terra-pro-overseas-1-year1_device_offline_version","status":"publish","type":"product","link":"https:\/\/koningdrone.be\/fr\/produit\/dji-terra-pro-overseas-1-year1_device_offline_version\/","title":{"rendered":"DJI Terra Pro Overseas 1 an(1_device_offline_version)"},"content":{"rendered":"<p>DJI Terra Pro Overseas (version hors ligne) est un puissant logiciel de cartographie et de mod\u00e9lisation 3D con\u00e7u pour les g\u00e9om\u00e8tres professionnels utilisant des drones et les utilisateurs professionnels qui ont besoin d'un traitement robuste des donn\u00e9es dans des environnements sans acc\u00e8s \u00e0 Internet. Cette licence d'un an est valable pour un appareil et offre une fonctionnalit\u00e9 hors ligne compl\u00e8te, ce qui la rend id\u00e9ale pour les op\u00e9rations sur le terrain dans des endroits \u00e9loign\u00e9s ou sensibles. Elle permet aux utilisateurs de g\u00e9n\u00e9rer des cartes 2D tr\u00e8s pr\u00e9cises, des reconstructions 3D et des analyses d\u00e9taill\u00e9es \u00e0 partir de donn\u00e9es de drones. Avec une interface intuitive et une prise en charge des projets \u00e0 grande \u00e9chelle, DJI Terra Pro rationalise tout, de la planification de la mission \u00e0 l'exportation du mod\u00e8le final. C'est l'outil id\u00e9al pour les t\u00e2ches de construction, d'exploitation mini\u00e8re, d'agriculture et d'inspection des infrastructures.<\/p>","protected":false},"excerpt":{"rendered":"<ul>\n<li>Traitement des donn\u00e9es hors ligne sans acc\u00e8s \u00e0 l'internet.<\/li>\n<li>Permet de g\u00e9n\u00e9rer des mod\u00e8les 2D et 3D d'une grande pr\u00e9cision.<\/li>\n<li>Con\u00e7u pour la cartographie et l'analyse au niveau de l'entreprise.<\/li>\n<li>Interface conviviale pour la planification et l'ex\u00e9cution des missions.<\/li>\n<li>Traite efficacement de grandes quantit\u00e9s de s\u00e9quences film\u00e9es par des drones.<\/li>\n<li>Id\u00e9al pour les environnements \u00e9loign\u00e9s et les zones restreintes.<\/li>\n<\/ul>","protected":false},"featured_media":15094,"template":"","meta":{"_acf_changed":false},"product_brand":[],"product_cat":[58],"product_tag":[],"class_list":{"0":"post-15095","1":"product","2":"type-product","3":"status-publish","4":"has-post-thumbnail","6":"product_cat-uncategorized","7":"product_shipping_class-outofstock","8":"pa_brand-dji","9":"pa_producttype-software","10":"pa_series-terra","12":"first","13":"outofstock","14":"taxable","15":"shipping-taxable","16":"product-type-simple"},"acf":[],"yoast_head":"<!-- This site is optimized with the Yoast SEO Premium plugin v27.2 (Yoast SEO v27.2) - https:\/\/yoast.com\/product\/yoast-seo-premium-wordpress\/ -->\n<title>DJI Terra Pro Overseas 1 year(1_device_offline_version) - koningdrone.be<\/title>\n<meta name=\"robots\" content=\"index, follow, max-snippet:-1, max-image-preview:large, max-video-preview:-1\" \/>\n<link rel=\"canonical\" href=\"https:\/\/koningdrone.be\/fr\/produit\/dji-terra-pro-overseas-1-year1_device_offline_version\/\" \/>\n<meta property=\"og:locale\" content=\"fr_FR\" \/>\n<meta property=\"og:type\" content=\"article\" \/>\n<meta property=\"og:title\" content=\"DJI Terra Pro Overseas 1 year(1_device_offline_version)\" \/>\n<meta property=\"og:description\" content=\"Offline gegevensverwerking zonder internettoegang. Ondersteunt het genereren van zeer nauwkeurige 2D- en 3D-modellen. Ontworpen voor mapping en analyse op bedrijfsniveau. Gebruiksvriendelijke interface voor het plannen en uitvoeren van missies. Verwerkt effici\u00ebnt grote hoeveelheden dronebeelden. Ideaal voor afgelegen omgevingen en beperkte zones.\" \/>\n<meta property=\"og:url\" content=\"https:\/\/koningdrone.be\/fr\/produit\/dji-terra-pro-overseas-1-year1_device_offline_version\/\" \/>\n<meta property=\"og:site_name\" content=\"koningdrone.be\" \/>\n<meta property=\"article:modified_time\" content=\"2026-04-29T10:30:46+00:00\" \/>\n<meta property=\"og:image\" content=\"https:\/\/koningdrone.be\/wp-content\/uploads\/sites\/13\/2025\/08\/dji-terra-510x510-1.jpg\" \/>\n\t<meta property=\"og:image:width\" content=\"510\" \/>\n\t<meta property=\"og:image:height\" content=\"510\" \/>\n\t<meta property=\"og:image:type\" content=\"image\/jpeg\" \/>\n<meta name=\"twitter:card\" content=\"summary_large_image\" \/>\n<meta name=\"twitter:label1\" content=\"Dur\u00e9e de lecture est.\" \/>\n\t<meta name=\"twitter:data1\" content=\"1 minute\" \/>\n<script type=\"application\/ld+json\" class=\"yoast-schema-graph\">{\"@context\":\"https:\/\/schema.org\",\"@graph\":[{\"@type\":\"WebPage\",\"@id\":\"https:\/\/koningdrone.be\/product\/dji-terra-pro-overseas-1-year1_device_offline_version\/\",\"url\":\"https:\/\/koningdrone.be\/product\/dji-terra-pro-overseas-1-year1_device_offline_version\/\",\"name\":\"DJI Terra Pro Overseas 1 year(1_device_offline_version) - koningdrone.be\",\"isPartOf\":{\"@id\":\"https:\/\/koningdrone.be\/#website\"},\"primaryImageOfPage\":{\"@id\":\"https:\/\/koningdrone.be\/product\/dji-terra-pro-overseas-1-year1_device_offline_version\/#primaryimage\"},\"image\":{\"@id\":\"https:\/\/koningdrone.be\/product\/dji-terra-pro-overseas-1-year1_device_offline_version\/#primaryimage\"},\"thumbnailUrl\":\"https:\/\/koningdrone.be\/wp-content\/uploads\/sites\/13\/2025\/08\/dji-terra-510x510-1.jpg\",\"datePublished\":\"2025-07-03T07:33:59+00:00\",\"dateModified\":\"2026-04-29T10:30:46+00:00\",\"breadcrumb\":{\"@id\":\"https:\/\/koningdrone.be\/product\/dji-terra-pro-overseas-1-year1_device_offline_version\/#breadcrumb\"},\"inLanguage\":\"fr-BE\",\"potentialAction\":[{\"@type\":\"ReadAction\",\"target\":[\"https:\/\/koningdrone.be\/product\/dji-terra-pro-overseas-1-year1_device_offline_version\/\"]}]},{\"@type\":\"ImageObject\",\"inLanguage\":\"fr-BE\",\"@id\":\"https:\/\/koningdrone.be\/product\/dji-terra-pro-overseas-1-year1_device_offline_version\/#primaryimage\",\"url\":\"https:\/\/koningdrone.be\/wp-content\/uploads\/sites\/13\/2025\/08\/dji-terra-510x510-1.jpg\",\"contentUrl\":\"https:\/\/koningdrone.be\/wp-content\/uploads\/sites\/13\/2025\/08\/dji-terra-510x510-1.jpg\",\"width\":510,\"height\":510},{\"@type\":\"BreadcrumbList\",\"@id\":\"https:\/\/koningdrone.be\/product\/dji-terra-pro-overseas-1-year1_device_offline_version\/#breadcrumb\",\"itemListElement\":[{\"@type\":\"ListItem\",\"position\":1,\"name\":\"Home\",\"item\":\"https:\/\/koningdrone.be\/\"},{\"@type\":\"ListItem\",\"position\":2,\"name\":\"AVSS Parachute Recovery System for DJI Matrice 300\/350\",\"item\":\"https:\/\/koningdrone.be\/product\/avss-parachute-recovery-system-for-dji-matrice-300-350\/\"},{\"@type\":\"ListItem\",\"position\":3,\"name\":\"Uncategorized\",\"item\":\"https:\/\/koningdrone.be\/categorie\/uncategorized\/\"},{\"@type\":\"ListItem\",\"position\":4,\"name\":\"DJI Terra Pro Overseas 1 year(1_device_offline_version)\"}]},{\"@type\":\"WebSite\",\"@id\":\"https:\/\/koningdrone.be\/#website\",\"url\":\"https:\/\/koningdrone.be\/\",\"name\":\"Koningdrone.be - Uw online specialist in drones, gimbals, camera's en power stations.\",\"description\":\"De webshop in drones en gimbals\",\"publisher\":{\"@id\":\"https:\/\/koningdrone.be\/#organization\"},\"potentialAction\":[{\"@type\":\"SearchAction\",\"target\":{\"@type\":\"EntryPoint\",\"urlTemplate\":\"https:\/\/koningdrone.be\/?s={search_term_string}\"},\"query-input\":{\"@type\":\"PropertyValueSpecification\",\"valueRequired\":true,\"valueName\":\"search_term_string\"}}],\"inLanguage\":\"fr-BE\"},{\"@type\":\"Organization\",\"@id\":\"https:\/\/koningdrone.be\/#organization\",\"name\":\"Koningdrone.be\",\"url\":\"https:\/\/koningdrone.be\/\",\"logo\":{\"@type\":\"ImageObject\",\"inLanguage\":\"fr-BE\",\"@id\":\"https:\/\/koningdrone.be\/#\/schema\/logo\/image\/\",\"url\":\"https:\/\/koningdrone.be\/wp-content\/uploads\/sites\/13\/2025\/04\/koningdrone-copyright-logo.svg\",\"contentUrl\":\"https:\/\/koningdrone.be\/wp-content\/uploads\/sites\/13\/2025\/04\/koningdrone-copyright-logo.svg\",\"width\":227,\"height\":38,\"caption\":\"Koningdrone.be\"},\"image\":{\"@id\":\"https:\/\/koningdrone.be\/#\/schema\/logo\/image\/\"}}]}<\/script>\n<!-- \/ Yoast SEO Premium plugin. -->","yoast_head_json":{"title":"DJI Terra Pro Overseas 1 year(1_device_offline_version) - koningdrone.be","robots":{"index":"index","follow":"follow","max-snippet":"max-snippet:-1","max-image-preview":"max-image-preview:large","max-video-preview":"max-video-preview:-1"},"canonical":"https:\/\/koningdrone.be\/fr\/produit\/dji-terra-pro-overseas-1-year1_device_offline_version\/","og_locale":"fr_FR","og_type":"article","og_title":"DJI Terra Pro Overseas 1 year(1_device_offline_version)","og_description":"Offline gegevensverwerking zonder internettoegang. Ondersteunt het genereren van zeer nauwkeurige 2D- en 3D-modellen. Ontworpen voor mapping en analyse op bedrijfsniveau. Gebruiksvriendelijke interface voor het plannen en uitvoeren van missies. Verwerkt effici\u00ebnt grote hoeveelheden dronebeelden. Ideaal voor afgelegen omgevingen en beperkte zones.","og_url":"https:\/\/koningdrone.be\/fr\/produit\/dji-terra-pro-overseas-1-year1_device_offline_version\/","og_site_name":"koningdrone.be","article_modified_time":"2026-04-29T10:30:46+00:00","og_image":[{"width":510,"height":510,"url":"https:\/\/koningdrone.be\/wp-content\/uploads\/sites\/13\/2025\/08\/dji-terra-510x510-1.jpg","type":"image\/jpeg"}],"twitter_card":"summary_large_image","twitter_misc":{"Dur\u00e9e de lecture est.":"1 minute"},"schema":{"@context":"https:\/\/schema.org","@graph":[{"@type":"WebPage","@id":"https:\/\/koningdrone.be\/product\/dji-terra-pro-overseas-1-year1_device_offline_version\/","url":"https:\/\/koningdrone.be\/product\/dji-terra-pro-overseas-1-year1_device_offline_version\/","name":"DJI Terra Pro Overseas 1 year(1_device_offline_version) - koningdrone.be","isPartOf":{"@id":"https:\/\/koningdrone.be\/#website"},"primaryImageOfPage":{"@id":"https:\/\/koningdrone.be\/product\/dji-terra-pro-overseas-1-year1_device_offline_version\/#primaryimage"},"image":{"@id":"https:\/\/koningdrone.be\/product\/dji-terra-pro-overseas-1-year1_device_offline_version\/#primaryimage"},"thumbnailUrl":"https:\/\/koningdrone.be\/wp-content\/uploads\/sites\/13\/2025\/08\/dji-terra-510x510-1.jpg","datePublished":"2025-07-03T07:33:59+00:00","dateModified":"2026-04-29T10:30:46+00:00","breadcrumb":{"@id":"https:\/\/koningdrone.be\/product\/dji-terra-pro-overseas-1-year1_device_offline_version\/#breadcrumb"},"inLanguage":"fr-BE","potentialAction":[{"@type":"ReadAction","target":["https:\/\/koningdrone.be\/product\/dji-terra-pro-overseas-1-year1_device_offline_version\/"]}]},{"@type":"ImageObject","inLanguage":"fr-BE","@id":"https:\/\/koningdrone.be\/product\/dji-terra-pro-overseas-1-year1_device_offline_version\/#primaryimage","url":"https:\/\/koningdrone.be\/wp-content\/uploads\/sites\/13\/2025\/08\/dji-terra-510x510-1.jpg","contentUrl":"https:\/\/koningdrone.be\/wp-content\/uploads\/sites\/13\/2025\/08\/dji-terra-510x510-1.jpg","width":510,"height":510},{"@type":"BreadcrumbList","@id":"https:\/\/koningdrone.be\/product\/dji-terra-pro-overseas-1-year1_device_offline_version\/#breadcrumb","itemListElement":[{"@type":"ListItem","position":1,"name":"Home","item":"https:\/\/koningdrone.be\/"},{"@type":"ListItem","position":2,"name":"AVSS Parachute Recovery System for DJI Matrice 300\/350","item":"https:\/\/koningdrone.be\/product\/avss-parachute-recovery-system-for-dji-matrice-300-350\/"},{"@type":"ListItem","position":3,"name":"Uncategorized","item":"https:\/\/koningdrone.be\/categorie\/uncategorized\/"},{"@type":"ListItem","position":4,"name":"DJI Terra Pro Overseas 1 year(1_device_offline_version)"}]},{"@type":"WebSite","@id":"https:\/\/koningdrone.be\/#website","url":"https:\/\/koningdrone.be\/","name":"Koningdrone.be - Votre sp\u00e9cialiste en ligne en mati\u00e8re de drones, de cardans, de cam\u00e9ras et de centrales \u00e9lectriques.","description":"La boutique en ligne de drones et de cardans","publisher":{"@id":"https:\/\/koningdrone.be\/#organization"},"potentialAction":[{"@type":"SearchAction","target":{"@type":"EntryPoint","urlTemplate":"https:\/\/koningdrone.be\/?s={search_term_string}"},"query-input":{"@type":"PropertyValueSpecification","valueRequired":true,"valueName":"search_term_string"}}],"inLanguage":"fr-BE"},{"@type":"Organization","@id":"https:\/\/koningdrone.be\/#organization","name":"Kingdrone.co.uk","url":"https:\/\/koningdrone.be\/","logo":{"@type":"ImageObject","inLanguage":"fr-BE","@id":"https:\/\/koningdrone.be\/#\/schema\/logo\/image\/","url":"https:\/\/koningdrone.be\/wp-content\/uploads\/sites\/13\/2025\/04\/koningdrone-copyright-logo.svg","contentUrl":"https:\/\/koningdrone.be\/wp-content\/uploads\/sites\/13\/2025\/04\/koningdrone-copyright-logo.svg","width":227,"height":38,"caption":"Koningdrone.be"},"image":{"@id":"https:\/\/koningdrone.be\/#\/schema\/logo\/image\/"}}]}},"df_price":"","df_sale_price":"","df_regular_price":"","df_image_link":"https:\/\/koningdrone.be\/wp-content\/uploads\/sites\/13\/2025\/08\/dji-terra-510x510-1-300x300.jpg","_links":{"self":[{"href":"https:\/\/koningdrone.be\/fr\/wp-json\/wp\/v2\/product\/15095","targetHints":{"allow":["GET"]}}],"collection":[{"href":"https:\/\/koningdrone.be\/fr\/wp-json\/wp\/v2\/product"}],"about":[{"href":"https:\/\/koningdrone.be\/fr\/wp-json\/wp\/v2\/types\/product"}],"wp:featuredmedia":[{"embeddable":true,"href":"https:\/\/koningdrone.be\/fr\/wp-json\/wp\/v2\/media\/15094"}],"wp:attachment":[{"href":"https:\/\/koningdrone.be\/fr\/wp-json\/wp\/v2\/media?parent=15095"}],"wp:term":[{"taxonomy":"product_brand","embeddable":true,"href":"https:\/\/koningdrone.be\/fr\/wp-json\/wp\/v2\/product_brand?post=15095"},{"taxonomy":"product_cat","embeddable":true,"href":"https:\/\/koningdrone.be\/fr\/wp-json\/wp\/v2\/product_cat?post=15095"},{"taxonomy":"product_tag","embeddable":true,"href":"https:\/\/koningdrone.be\/fr\/wp-json\/wp\/v2\/product_tag?post=15095"}],"curies":[{"name":"wp","href":"https:\/\/api.w.org\/{rel}","templated":true}]}}