{"id":15089,"date":"2025-07-03T09:33:59","date_gmt":"2025-07-03T07:33:59","guid":{"rendered":"https:\/\/koningdrone.be\/product\/unitree-go2-foot-pad\/"},"modified":"2026-04-30T16:20:15","modified_gmt":"2026-04-30T14:20:15","slug":"unitree-go2-foot-pad","status":"publish","type":"product","link":"https:\/\/koningdrone.be\/fr\/produit\/unitree-go2-foot-pad\/","title":{"rendered":"Unitree Go2 Foot Pad"},"content":{"rendered":"<h3>Vue d'ensemble<\/h3>\n<p>Le repose-pieds Unitree Go2 est un accessoire rempla\u00e7able con\u00e7u pour le chien robotique Unitree Go2. Ce repose-pieds constitue l'interface de contact entre le robot et le sol, aidant \u00e0 maintenir l'adh\u00e9rence, la stabilit\u00e9 et le placement coh\u00e9rent des pieds sur diff\u00e9rentes surfaces. Il s'agit d'un composant essentiel pour l'utilisation \u00e0 long terme, l'entretien et l'optimisation des performances de votre robot.<\/p>\n<h4>Performance et fonctionnalit\u00e9<\/h4>\n<p>Le coussinet plantaire est con\u00e7u de mani\u00e8re sensible pour capturer rapidement les donn\u00e9es de contact avec le pied, ce qui aide le robot \u00e0 contr\u00f4ler avec pr\u00e9cision l'\u00e9quilibre et les mouvements. L'am\u00e9lioration de la stabilit\u00e9 permet au robot de marcher, de courir et d'effectuer d'autres mouvements de mani\u00e8re plus fiable et avec des performances constantes. Les coussinets garantissent que le robot continue \u00e0 fonctionner comme pr\u00e9vu, m\u00eame sur les pi\u00e8ces d'usure.<\/p>\n<p><a href=\"https:\/\/koningdrone.nl\/wp-content\/uploads\/2025\/07\/Unitree-Go2-Foot-Pad.jpg\"><img loading=\"lazy\" decoding=\"async\" class=\"size-medium wp-image-472766 aligncenter\" src=\"https:\/\/koningdrone.nl\/wp-content\/uploads\/2025\/07\/Unitree-Go2-Foot-Pad-300x300.jpg\" alt=\"Unitree Go2 Foot Pad\" width=\"300\" height=\"300\" \/><\/a><\/p>\n<h4>Qualit\u00e9 de construction et conception<\/h4>\n<p>Les Foot Pads Unitree Go2 sont fabriqu\u00e9s \u00e0 partir d'une combinaison de caoutchouc naturel et de mat\u00e9riaux renforc\u00e9s de haute qualit\u00e9 qui assurent la durabilit\u00e9 et l'adh\u00e9rence. Gr\u00e2ce \u00e0 leur conception compacte et l\u00e9g\u00e8re, ils n'affectent gu\u00e8re les performances du robot, tout en offrant une protection suffisante contre l'abrasion lors de marches prolong\u00e9es et sur des surfaces difficiles.<\/p>\n<h4>Pourquoi vous en avez besoin<\/h4>\n<p>Les coussinets des robots quadrup\u00e8des s'usant \u00e0 l'usage, il est important de les remplacer r\u00e9guli\u00e8rement pour maintenir des performances optimales. Avec les patins de remplacement Unitree Go2, vous pouvez vous assurer que votre robot conserve sa stabilit\u00e9, son adh\u00e9rence et sa qualit\u00e9 de marche, ce qui lui permet de durer plus longtemps et de fonctionner de mani\u00e8re plus fiable.<\/p>","protected":false},"excerpt":{"rendered":"<ul>\n<li>Accessoire de semelle rempla\u00e7able sp\u00e9cialement con\u00e7u pour les robots Unitree Go2<\/li>\n<li>Fabriqu\u00e9 en caoutchouc naturel et en mat\u00e9riaux de haute qualit\u00e9 pour une plus grande durabilit\u00e9.<\/li>\n<li>Am\u00e9liore l'adh\u00e9rence et la stabilit\u00e9 pendant la marche et les man\u0153uvres<\/li>\n<li>La conception sensible prend en charge les donn\u00e9es de contact avec le pied pour un mouvement de pr\u00e9cision<\/li>\n<li>Compact et l\u00e9ger, sans poids suppl\u00e9mentaire pour les jambes du robot<\/li>\n<\/ul>","protected":false},"featured_media":18953,"template":"","meta":{"_acf_changed":false},"product_brand":[],"product_cat":[1974],"product_tag":[],"class_list":{"0":"post-15089","1":"product","2":"type-product","3":"status-publish","4":"has-post-thumbnail","6":"product_cat-unitree-go2-pro","7":"product_shipping_class-outofstock","8":"pa_brand-unitree","9":"pa_producttype-voetkussen","10":"pa_series-go2","12":"first","13":"outofstock","14":"taxable","15":"shipping-taxable","16":"purchasable","17":"product-type-simple"},"acf":[],"yoast_head":"<!-- This site is optimized with the Yoast SEO Premium plugin v27.2 (Yoast SEO v27.2) - https:\/\/yoast.com\/product\/yoast-seo-premium-wordpress\/ -->\n<title>Unitree Go2 Foot Pad - koningdrone.be<\/title>\n<meta name=\"robots\" content=\"index, follow, max-snippet:-1, max-image-preview:large, max-video-preview:-1\" \/>\n<link rel=\"canonical\" href=\"https:\/\/koningdrone.be\/fr\/produit\/unitree-go2-foot-pad\/\" \/>\n<meta property=\"og:locale\" content=\"fr_FR\" \/>\n<meta property=\"og:type\" content=\"article\" \/>\n<meta property=\"og:title\" content=\"Unitree Go2 Foot Pad\" \/>\n<meta property=\"og:description\" content=\"Vervangbare voetzoolaccessoire speciaal voor Unitree Go2 robots  Gemaakt van natuurlijk rubber en hoogwaardig materiaal voor duurzaamheid  Verhoogt grip en stabiliteit tijdens lopen en manoeuvreren  Gevoelig ontwerp ondersteunt voet\u2011contactdata voor precisiebeweging  Compact en lichtgewicht zonder extra gewicht voor robotbenen\" \/>\n<meta property=\"og:url\" content=\"https:\/\/koningdrone.be\/fr\/produit\/unitree-go2-foot-pad\/\" \/>\n<meta property=\"og:site_name\" content=\"koningdrone.be\" \/>\n<meta property=\"article:modified_time\" content=\"2026-04-30T14:20:15+00:00\" \/>\n<meta property=\"og:image\" content=\"https:\/\/koningdrone.be\/wp-content\/uploads\/sites\/13\/2026\/04\/Unitree-Go2-Foot-Pad.jpg\" \/>\n\t<meta property=\"og:image:width\" content=\"1000\" \/>\n\t<meta property=\"og:image:height\" content=\"1000\" \/>\n\t<meta property=\"og:image:type\" content=\"image\/jpeg\" \/>\n<meta name=\"twitter:card\" content=\"summary_large_image\" \/>\n<meta name=\"twitter:label1\" content=\"Dur\u00e9e de lecture est.\" \/>\n\t<meta name=\"twitter:data1\" content=\"1 minute\" \/>\n<script type=\"application\/ld+json\" class=\"yoast-schema-graph\">{\"@context\":\"https:\/\/schema.org\",\"@graph\":[{\"@type\":\"WebPage\",\"@id\":\"https:\/\/koningdrone.be\/product\/unitree-go2-foot-pad\/\",\"url\":\"https:\/\/koningdrone.be\/product\/unitree-go2-foot-pad\/\",\"name\":\"Unitree Go2 Foot Pad - koningdrone.be\",\"isPartOf\":{\"@id\":\"https:\/\/koningdrone.be\/#website\"},\"primaryImageOfPage\":{\"@id\":\"https:\/\/koningdrone.be\/product\/unitree-go2-foot-pad\/#primaryimage\"},\"image\":{\"@id\":\"https:\/\/koningdrone.be\/product\/unitree-go2-foot-pad\/#primaryimage\"},\"thumbnailUrl\":\"https:\/\/koningdrone.be\/wp-content\/uploads\/sites\/13\/2026\/04\/Unitree-Go2-Foot-Pad.jpg\",\"datePublished\":\"2025-07-03T07:33:59+00:00\",\"dateModified\":\"2026-04-30T14:20:15+00:00\",\"breadcrumb\":{\"@id\":\"https:\/\/koningdrone.be\/product\/unitree-go2-foot-pad\/#breadcrumb\"},\"inLanguage\":\"fr-BE\",\"potentialAction\":[{\"@type\":\"ReadAction\",\"target\":[\"https:\/\/koningdrone.be\/product\/unitree-go2-foot-pad\/\"]}]},{\"@type\":\"ImageObject\",\"inLanguage\":\"fr-BE\",\"@id\":\"https:\/\/koningdrone.be\/product\/unitree-go2-foot-pad\/#primaryimage\",\"url\":\"https:\/\/koningdrone.be\/wp-content\/uploads\/sites\/13\/2026\/04\/Unitree-Go2-Foot-Pad.jpg\",\"contentUrl\":\"https:\/\/koningdrone.be\/wp-content\/uploads\/sites\/13\/2026\/04\/Unitree-Go2-Foot-Pad.jpg\",\"width\":1000,\"height\":1000},{\"@type\":\"BreadcrumbList\",\"@id\":\"https:\/\/koningdrone.be\/product\/unitree-go2-foot-pad\/#breadcrumb\",\"itemListElement\":[{\"@type\":\"ListItem\",\"position\":1,\"name\":\"Home\",\"item\":\"https:\/\/koningdrone.be\/\"},{\"@type\":\"ListItem\",\"position\":2,\"name\":\"AVSS Parachute Recovery System for DJI Matrice 300\/350\",\"item\":\"https:\/\/koningdrone.be\/product\/avss-parachute-recovery-system-for-dji-matrice-300-350\/\"},{\"@type\":\"ListItem\",\"position\":3,\"name\":\"Unitree Go2 Pro\",\"item\":\"https:\/\/koningdrone.be\/categorie\/unitree-go2-pro\/\"},{\"@type\":\"ListItem\",\"position\":4,\"name\":\"Unitree Go2 Foot Pad\"}]},{\"@type\":\"WebSite\",\"@id\":\"https:\/\/koningdrone.be\/#website\",\"url\":\"https:\/\/koningdrone.be\/\",\"name\":\"Koningdrone.be - Uw online specialist in drones, gimbals, camera's en power stations.\",\"description\":\"De webshop in drones en gimbals\",\"publisher\":{\"@id\":\"https:\/\/koningdrone.be\/#organization\"},\"potentialAction\":[{\"@type\":\"SearchAction\",\"target\":{\"@type\":\"EntryPoint\",\"urlTemplate\":\"https:\/\/koningdrone.be\/?s={search_term_string}\"},\"query-input\":{\"@type\":\"PropertyValueSpecification\",\"valueRequired\":true,\"valueName\":\"search_term_string\"}}],\"inLanguage\":\"fr-BE\"},{\"@type\":\"Organization\",\"@id\":\"https:\/\/koningdrone.be\/#organization\",\"name\":\"Koningdrone.be\",\"url\":\"https:\/\/koningdrone.be\/\",\"logo\":{\"@type\":\"ImageObject\",\"inLanguage\":\"fr-BE\",\"@id\":\"https:\/\/koningdrone.be\/#\/schema\/logo\/image\/\",\"url\":\"https:\/\/koningdrone.be\/wp-content\/uploads\/sites\/13\/2025\/04\/koningdrone-copyright-logo.svg\",\"contentUrl\":\"https:\/\/koningdrone.be\/wp-content\/uploads\/sites\/13\/2025\/04\/koningdrone-copyright-logo.svg\",\"width\":227,\"height\":38,\"caption\":\"Koningdrone.be\"},\"image\":{\"@id\":\"https:\/\/koningdrone.be\/#\/schema\/logo\/image\/\"}}]}<\/script>\n<!-- \/ Yoast SEO Premium plugin. -->","yoast_head_json":{"title":"Unitree Go2 Foot Pad - koningdrone.be","robots":{"index":"index","follow":"follow","max-snippet":"max-snippet:-1","max-image-preview":"max-image-preview:large","max-video-preview":"max-video-preview:-1"},"canonical":"https:\/\/koningdrone.be\/fr\/produit\/unitree-go2-foot-pad\/","og_locale":"fr_FR","og_type":"article","og_title":"Unitree Go2 Foot Pad","og_description":"Vervangbare voetzoolaccessoire speciaal voor Unitree Go2 robots  Gemaakt van natuurlijk rubber en hoogwaardig materiaal voor duurzaamheid  Verhoogt grip en stabiliteit tijdens lopen en manoeuvreren  Gevoelig ontwerp ondersteunt voet\u2011contactdata voor precisiebeweging  Compact en lichtgewicht zonder extra gewicht voor robotbenen","og_url":"https:\/\/koningdrone.be\/fr\/produit\/unitree-go2-foot-pad\/","og_site_name":"koningdrone.be","article_modified_time":"2026-04-30T14:20:15+00:00","og_image":[{"width":1000,"height":1000,"url":"https:\/\/koningdrone.be\/wp-content\/uploads\/sites\/13\/2026\/04\/Unitree-Go2-Foot-Pad.jpg","type":"image\/jpeg"}],"twitter_card":"summary_large_image","twitter_misc":{"Dur\u00e9e de lecture est.":"1 minute"},"schema":{"@context":"https:\/\/schema.org","@graph":[{"@type":"WebPage","@id":"https:\/\/koningdrone.be\/product\/unitree-go2-foot-pad\/","url":"https:\/\/koningdrone.be\/product\/unitree-go2-foot-pad\/","name":"Unitree Go2 Foot Pad - koningdrone.be","isPartOf":{"@id":"https:\/\/koningdrone.be\/#website"},"primaryImageOfPage":{"@id":"https:\/\/koningdrone.be\/product\/unitree-go2-foot-pad\/#primaryimage"},"image":{"@id":"https:\/\/koningdrone.be\/product\/unitree-go2-foot-pad\/#primaryimage"},"thumbnailUrl":"https:\/\/koningdrone.be\/wp-content\/uploads\/sites\/13\/2026\/04\/Unitree-Go2-Foot-Pad.jpg","datePublished":"2025-07-03T07:33:59+00:00","dateModified":"2026-04-30T14:20:15+00:00","breadcrumb":{"@id":"https:\/\/koningdrone.be\/product\/unitree-go2-foot-pad\/#breadcrumb"},"inLanguage":"fr-BE","potentialAction":[{"@type":"ReadAction","target":["https:\/\/koningdrone.be\/product\/unitree-go2-foot-pad\/"]}]},{"@type":"ImageObject","inLanguage":"fr-BE","@id":"https:\/\/koningdrone.be\/product\/unitree-go2-foot-pad\/#primaryimage","url":"https:\/\/koningdrone.be\/wp-content\/uploads\/sites\/13\/2026\/04\/Unitree-Go2-Foot-Pad.jpg","contentUrl":"https:\/\/koningdrone.be\/wp-content\/uploads\/sites\/13\/2026\/04\/Unitree-Go2-Foot-Pad.jpg","width":1000,"height":1000},{"@type":"BreadcrumbList","@id":"https:\/\/koningdrone.be\/product\/unitree-go2-foot-pad\/#breadcrumb","itemListElement":[{"@type":"ListItem","position":1,"name":"Home","item":"https:\/\/koningdrone.be\/"},{"@type":"ListItem","position":2,"name":"AVSS Parachute Recovery System for DJI Matrice 300\/350","item":"https:\/\/koningdrone.be\/product\/avss-parachute-recovery-system-for-dji-matrice-300-350\/"},{"@type":"ListItem","position":3,"name":"Unitree Go2 Pro","item":"https:\/\/koningdrone.be\/categorie\/unitree-go2-pro\/"},{"@type":"ListItem","position":4,"name":"Unitree Go2 Foot Pad"}]},{"@type":"WebSite","@id":"https:\/\/koningdrone.be\/#website","url":"https:\/\/koningdrone.be\/","name":"Koningdrone.be - Votre sp\u00e9cialiste en ligne en mati\u00e8re de drones, de cardans, de cam\u00e9ras et de centrales \u00e9lectriques.","description":"La boutique en ligne de drones et de cardans","publisher":{"@id":"https:\/\/koningdrone.be\/#organization"},"potentialAction":[{"@type":"SearchAction","target":{"@type":"EntryPoint","urlTemplate":"https:\/\/koningdrone.be\/?s={search_term_string}"},"query-input":{"@type":"PropertyValueSpecification","valueRequired":true,"valueName":"search_term_string"}}],"inLanguage":"fr-BE"},{"@type":"Organization","@id":"https:\/\/koningdrone.be\/#organization","name":"Kingdrone.co.uk","url":"https:\/\/koningdrone.be\/","logo":{"@type":"ImageObject","inLanguage":"fr-BE","@id":"https:\/\/koningdrone.be\/#\/schema\/logo\/image\/","url":"https:\/\/koningdrone.be\/wp-content\/uploads\/sites\/13\/2025\/04\/koningdrone-copyright-logo.svg","contentUrl":"https:\/\/koningdrone.be\/wp-content\/uploads\/sites\/13\/2025\/04\/koningdrone-copyright-logo.svg","width":227,"height":38,"caption":"Koningdrone.be"},"image":{"@id":"https:\/\/koningdrone.be\/#\/schema\/logo\/image\/"}}]}},"df_price":83.49,"df_sale_price":"","df_regular_price":83.49,"df_image_link":"https:\/\/koningdrone.be\/wp-content\/uploads\/sites\/13\/2026\/04\/Unitree-Go2-Foot-Pad-300x300.jpg","_links":{"self":[{"href":"https:\/\/koningdrone.be\/fr\/wp-json\/wp\/v2\/product\/15089","targetHints":{"allow":["GET"]}}],"collection":[{"href":"https:\/\/koningdrone.be\/fr\/wp-json\/wp\/v2\/product"}],"about":[{"href":"https:\/\/koningdrone.be\/fr\/wp-json\/wp\/v2\/types\/product"}],"wp:featuredmedia":[{"embeddable":true,"href":"https:\/\/koningdrone.be\/fr\/wp-json\/wp\/v2\/media\/18953"}],"wp:attachment":[{"href":"https:\/\/koningdrone.be\/fr\/wp-json\/wp\/v2\/media?parent=15089"}],"wp:term":[{"taxonomy":"product_brand","embeddable":true,"href":"https:\/\/koningdrone.be\/fr\/wp-json\/wp\/v2\/product_brand?post=15089"},{"taxonomy":"product_cat","embeddable":true,"href":"https:\/\/koningdrone.be\/fr\/wp-json\/wp\/v2\/product_cat?post=15089"},{"taxonomy":"product_tag","embeddable":true,"href":"https:\/\/koningdrone.be\/fr\/wp-json\/wp\/v2\/product_tag?post=15089"}],"curies":[{"name":"wp","href":"https:\/\/api.w.org\/{rel}","templated":true}]}}