{"id":15081,"date":"2025-07-03T09:33:59","date_gmt":"2025-07-03T07:33:59","guid":{"rendered":"https:\/\/koningdrone.be\/product\/unitree-go2-pro\/"},"modified":"2026-04-30T16:20:13","modified_gmt":"2026-04-30T14:20:13","slug":"unitree-go2-pro","status":"publish","type":"product","link":"https:\/\/koningdrone.be\/fr\/produit\/unitree-go2-pro\/","title":{"rendered":"Unitree Go2 Pro"},"content":{"rendered":"<h3>Unitree Go2 Pro : L'avenir de l'intelligence incarn\u00e9e<\/h3>\n<p><iframe loading=\"lazy\" title=\"Unboxing Unitree&#039;s Go2 Pro : What It&#039;s Like Unboxing a $5k Robot Dog | What The Future\" width=\"800\" height=\"450\" src=\"https:\/\/www.youtube.com\/embed\/7LNRDPoqbGA?feature=oembed&#038;enablejsapi=1&#038;origin=https:\/\/koningdrone.be\" frameborder=\"0\" allow=\"accelerometer; autoplay; clipboard-write; encrypted-media; gyroscope; picture-in-picture; web-share\" referrerpolicy=\"strict-origin-when-cross-origin\" allowfullscreen><\/iframe><\/p>\n<p style=\"margin-top: 20px\">Le Unitree Go2 Pro inaugure une nouvelle \u00e8re pour la robotique grand public. Ce robot, l'une des plateformes quadrup\u00e8des les plus avanc\u00e9es au monde, associe une m\u00e9canique puissante \u00e0 une intelligence artificielle r\u00e9volutionnaire. Con\u00e7u pour les professionnels, les chercheurs et les passionn\u00e9s de technologie, le Go2 Pro offre une synergie sans pr\u00e9c\u00e9dent entre la mobilit\u00e9 et la conscience environnementale. Il ne s'agit pas simplement d'une machine, mais d'un \u00e9cosyst\u00e8me autonome pr\u00eat \u00e0 explorer et \u00e0 comprendre le monde physique.<\/p>\n<p><a href=\"https:\/\/koningdrone.nl\/wp-content\/uploads\/2025\/07\/Product-Unitree-Go2-Pro.jpg\"><img loading=\"lazy\" decoding=\"async\" class=\"size-medium wp-image-472753 aligncenter\" src=\"https:\/\/koningdrone.nl\/wp-content\/uploads\/2025\/07\/Product-Unitree-Go2-Pro-300x300.jpg\" alt=\"Product Unitree Go2 Pro\" width=\"300\" height=\"300\" \/><\/a><\/p>\n<h4>Mobilit\u00e9 et dynamique sup\u00e9rieures<\/h4>\n<p>Gr\u00e2ce \u00e0 ses moteurs articul\u00e9s haute performance exclusifs, le Go2 Pro se d\u00e9place avec une gr\u00e2ce naturelle et une puissance explosive. Il se d\u00e9place sans effort sur des terrains difficiles, qu'il s'agisse d'herbe rude ou de pentes raides, avec une vitesse et une stabilit\u00e9 jusqu'alors r\u00e9serv\u00e9es aux syst\u00e8mes industriels. Le robot ma\u00eetrise des algorithmes complexes pour l'\u00e9quilibre et le mouvement, ce qui lui permet non seulement de marcher et de courir, mais aussi d'effectuer des man\u0153uvres acrobatiques avec une extr\u00eame pr\u00e9cision.<\/p>\n<h4>Perception r\u00e9volutionnaire et IA<\/h4>\n<p>Au c\u0153ur du Go2 Pro se trouve un syst\u00e8me LiDAR 4D avanc\u00e9 avec un champ de vision h\u00e9misph\u00e9rique. Ce syst\u00e8me permet au robot de cartographier son environnement en temps r\u00e9el et en haute r\u00e9solution, d'anticiper les obstacles et de planifier des trajectoires de mani\u00e8re autonome. Gr\u00e2ce \u00e0 l'int\u00e9gration de puissants mod\u00e8les d'IA, le robot comprend les commandes vocales et peut suivre des objets ou des personnes avec une intuition naturelle.<\/p>\n<p><a href=\"https:\/\/koningdrone.nl\/wp-content\/uploads\/2025\/07\/Unitree-Go2-Pro.jpg\"><img loading=\"lazy\" decoding=\"async\" class=\"size-medium wp-image-472754 aligncenter\" src=\"https:\/\/koningdrone.nl\/wp-content\/uploads\/2025\/07\/Unitree-Go2-Pro-300x300.jpg\" alt=\"Unitree Go2 Pro\" width=\"300\" height=\"300\" \/><\/a><\/p>\n<h4>Design industriel sophistiqu\u00e9<\/h4>\n<p>Chaque aspect du Go2 Pro respire la qualit\u00e9. La construction en alliages d'aluminium de haute qualit\u00e9 et en polym\u00e8res techniques offre un \u00e9quilibre parfait entre robustesse et l\u00e9g\u00e8ret\u00e9. Gr\u00e2ce \u00e0 des options de connectivit\u00e9 modernes telles que le Wi-Fi 6 et la 4G eSIM, le robot reste toujours connect\u00e9 pour l'acquisition de donn\u00e9es ou le contr\u00f4le \u00e0 distance, ce qui en fait une plateforme id\u00e9ale pour des applications innovantes dans n'importe quel environnement.<\/p>","protected":false},"excerpt":{"rendered":"<ul>\n<li>Robot \u00e0 quatre pattes avec mouvements dynamiques, y compris la course et les poses sp\u00e9ciales<\/li>\n<li>Syst\u00e8me LiDAR 4D pour la d\u00e9tection d'obstacles \u00e0 360\u00b0 \u00d7 90\u00b0 et la cartographie SLAM<\/li>\n<li>Contr\u00f4le avanc\u00e9 via l'application, le Wi-Fi, le Bluetooth et la carte eSIM 4G<\/li>\n<li>Cam\u00e9ra HD et capteurs pour une navigation intelligente et l'\u00e9vitement des obstacles<\/li>\n<li>Fonctions interactives incluant la reconnaissance vocale et les mises \u00e0 jour OTA<\/li>\n<\/ul>","protected":false},"featured_media":18942,"template":"","meta":{"_acf_changed":false},"product_brand":[],"product_cat":[1974],"product_tag":[],"class_list":{"0":"post-15081","1":"product","2":"type-product","3":"status-publish","4":"has-post-thumbnail","6":"product_cat-unitree-go2-pro","7":"product_shipping_class-outofstock","8":"pa_brand-unitree","9":"pa_producttype-robot","10":"pa_series-go2","12":"first","13":"outofstock","14":"taxable","15":"shipping-taxable","16":"purchasable","17":"product-type-simple"},"acf":[],"yoast_head":"<!-- This site is optimized with the Yoast SEO Premium plugin v27.2 (Yoast SEO v27.2) - https:\/\/yoast.com\/product\/yoast-seo-premium-wordpress\/ -->\n<title>Unitree Go2 Pro - koningdrone.be<\/title>\n<meta name=\"robots\" content=\"index, follow, max-snippet:-1, max-image-preview:large, max-video-preview:-1\" \/>\n<link rel=\"canonical\" href=\"https:\/\/koningdrone.be\/fr\/produit\/unitree-go2-pro\/\" \/>\n<meta property=\"og:locale\" content=\"fr_FR\" \/>\n<meta property=\"og:type\" content=\"article\" \/>\n<meta property=\"og:title\" content=\"Unitree Go2 Pro\" \/>\n<meta property=\"og:description\" content=\"Vierpotige robot met dynamische bewegingen, inclusief rennen en speciale poses  4D LiDAR\u2011systeem voor 360\u00b0 \u00d7 90\u00b0 obstakeldetectie en SLAM\u2011mapping  Geavanceerde besturing via app, Wi\u2011Fi, Bluetooth en 4G eSIM  HD camera en sensoren voor slimme navigatie en obstakelvermijding  Interactieve functies inclusief stemherkenning en OTA\u2011updates\" \/>\n<meta property=\"og:url\" content=\"https:\/\/koningdrone.be\/fr\/produit\/unitree-go2-pro\/\" \/>\n<meta property=\"og:site_name\" content=\"koningdrone.be\" \/>\n<meta property=\"article:modified_time\" content=\"2026-04-30T14:20:13+00:00\" \/>\n<meta property=\"og:image\" content=\"https:\/\/koningdrone.be\/wp-content\/uploads\/sites\/13\/2026\/04\/Unitree-Go2-Pro.jpg\" \/>\n\t<meta property=\"og:image:width\" content=\"800\" \/>\n\t<meta property=\"og:image:height\" content=\"800\" \/>\n\t<meta property=\"og:image:type\" content=\"image\/jpeg\" \/>\n<meta name=\"twitter:card\" content=\"summary_large_image\" \/>\n<meta name=\"twitter:label1\" content=\"Dur\u00e9e de lecture est.\" \/>\n\t<meta name=\"twitter:data1\" content=\"1 minute\" \/>\n<script type=\"application\/ld+json\" class=\"yoast-schema-graph\">{\"@context\":\"https:\/\/schema.org\",\"@graph\":[{\"@type\":\"WebPage\",\"@id\":\"https:\/\/koningdrone.be\/product\/unitree-go2-pro\/\",\"url\":\"https:\/\/koningdrone.be\/product\/unitree-go2-pro\/\",\"name\":\"Unitree Go2 Pro - koningdrone.be\",\"isPartOf\":{\"@id\":\"https:\/\/koningdrone.be\/#website\"},\"primaryImageOfPage\":{\"@id\":\"https:\/\/koningdrone.be\/product\/unitree-go2-pro\/#primaryimage\"},\"image\":{\"@id\":\"https:\/\/koningdrone.be\/product\/unitree-go2-pro\/#primaryimage\"},\"thumbnailUrl\":\"https:\/\/koningdrone.be\/wp-content\/uploads\/sites\/13\/2026\/04\/Unitree-Go2-Pro.jpg\",\"datePublished\":\"2025-07-03T07:33:59+00:00\",\"dateModified\":\"2026-04-30T14:20:13+00:00\",\"breadcrumb\":{\"@id\":\"https:\/\/koningdrone.be\/product\/unitree-go2-pro\/#breadcrumb\"},\"inLanguage\":\"fr-BE\",\"potentialAction\":[{\"@type\":\"ReadAction\",\"target\":[\"https:\/\/koningdrone.be\/product\/unitree-go2-pro\/\"]}]},{\"@type\":\"ImageObject\",\"inLanguage\":\"fr-BE\",\"@id\":\"https:\/\/koningdrone.be\/product\/unitree-go2-pro\/#primaryimage\",\"url\":\"https:\/\/koningdrone.be\/wp-content\/uploads\/sites\/13\/2026\/04\/Unitree-Go2-Pro.jpg\",\"contentUrl\":\"https:\/\/koningdrone.be\/wp-content\/uploads\/sites\/13\/2026\/04\/Unitree-Go2-Pro.jpg\",\"width\":800,\"height\":800},{\"@type\":\"BreadcrumbList\",\"@id\":\"https:\/\/koningdrone.be\/product\/unitree-go2-pro\/#breadcrumb\",\"itemListElement\":[{\"@type\":\"ListItem\",\"position\":1,\"name\":\"Home\",\"item\":\"https:\/\/koningdrone.be\/\"},{\"@type\":\"ListItem\",\"position\":2,\"name\":\"AVSS Parachute Recovery System for DJI Matrice 300\/350\",\"item\":\"https:\/\/koningdrone.be\/product\/avss-parachute-recovery-system-for-dji-matrice-300-350\/\"},{\"@type\":\"ListItem\",\"position\":3,\"name\":\"Unitree Go2 Pro\",\"item\":\"https:\/\/koningdrone.be\/categorie\/unitree-go2-pro\/\"},{\"@type\":\"ListItem\",\"position\":4,\"name\":\"Unitree Go2 Pro\"}]},{\"@type\":\"WebSite\",\"@id\":\"https:\/\/koningdrone.be\/#website\",\"url\":\"https:\/\/koningdrone.be\/\",\"name\":\"Koningdrone.be - Uw online specialist in drones, gimbals, camera's en power stations.\",\"description\":\"De webshop in drones en gimbals\",\"publisher\":{\"@id\":\"https:\/\/koningdrone.be\/#organization\"},\"potentialAction\":[{\"@type\":\"SearchAction\",\"target\":{\"@type\":\"EntryPoint\",\"urlTemplate\":\"https:\/\/koningdrone.be\/?s={search_term_string}\"},\"query-input\":{\"@type\":\"PropertyValueSpecification\",\"valueRequired\":true,\"valueName\":\"search_term_string\"}}],\"inLanguage\":\"fr-BE\"},{\"@type\":\"Organization\",\"@id\":\"https:\/\/koningdrone.be\/#organization\",\"name\":\"Koningdrone.be\",\"url\":\"https:\/\/koningdrone.be\/\",\"logo\":{\"@type\":\"ImageObject\",\"inLanguage\":\"fr-BE\",\"@id\":\"https:\/\/koningdrone.be\/#\/schema\/logo\/image\/\",\"url\":\"https:\/\/koningdrone.be\/wp-content\/uploads\/sites\/13\/2025\/04\/koningdrone-copyright-logo.svg\",\"contentUrl\":\"https:\/\/koningdrone.be\/wp-content\/uploads\/sites\/13\/2025\/04\/koningdrone-copyright-logo.svg\",\"width\":227,\"height\":38,\"caption\":\"Koningdrone.be\"},\"image\":{\"@id\":\"https:\/\/koningdrone.be\/#\/schema\/logo\/image\/\"}}]}<\/script>\n<!-- \/ Yoast SEO Premium plugin. -->","yoast_head_json":{"title":"Unitree Go2 Pro - koningdrone.be","robots":{"index":"index","follow":"follow","max-snippet":"max-snippet:-1","max-image-preview":"max-image-preview:large","max-video-preview":"max-video-preview:-1"},"canonical":"https:\/\/koningdrone.be\/fr\/produit\/unitree-go2-pro\/","og_locale":"fr_FR","og_type":"article","og_title":"Unitree Go2 Pro","og_description":"Vierpotige robot met dynamische bewegingen, inclusief rennen en speciale poses  4D LiDAR\u2011systeem voor 360\u00b0 \u00d7 90\u00b0 obstakeldetectie en SLAM\u2011mapping  Geavanceerde besturing via app, Wi\u2011Fi, Bluetooth en 4G eSIM  HD camera en sensoren voor slimme navigatie en obstakelvermijding  Interactieve functies inclusief stemherkenning en OTA\u2011updates","og_url":"https:\/\/koningdrone.be\/fr\/produit\/unitree-go2-pro\/","og_site_name":"koningdrone.be","article_modified_time":"2026-04-30T14:20:13+00:00","og_image":[{"width":800,"height":800,"url":"https:\/\/koningdrone.be\/wp-content\/uploads\/sites\/13\/2026\/04\/Unitree-Go2-Pro.jpg","type":"image\/jpeg"}],"twitter_card":"summary_large_image","twitter_misc":{"Dur\u00e9e de lecture est.":"1 minute"},"schema":{"@context":"https:\/\/schema.org","@graph":[{"@type":"WebPage","@id":"https:\/\/koningdrone.be\/product\/unitree-go2-pro\/","url":"https:\/\/koningdrone.be\/product\/unitree-go2-pro\/","name":"Unitree Go2 Pro - koningdrone.be","isPartOf":{"@id":"https:\/\/koningdrone.be\/#website"},"primaryImageOfPage":{"@id":"https:\/\/koningdrone.be\/product\/unitree-go2-pro\/#primaryimage"},"image":{"@id":"https:\/\/koningdrone.be\/product\/unitree-go2-pro\/#primaryimage"},"thumbnailUrl":"https:\/\/koningdrone.be\/wp-content\/uploads\/sites\/13\/2026\/04\/Unitree-Go2-Pro.jpg","datePublished":"2025-07-03T07:33:59+00:00","dateModified":"2026-04-30T14:20:13+00:00","breadcrumb":{"@id":"https:\/\/koningdrone.be\/product\/unitree-go2-pro\/#breadcrumb"},"inLanguage":"fr-BE","potentialAction":[{"@type":"ReadAction","target":["https:\/\/koningdrone.be\/product\/unitree-go2-pro\/"]}]},{"@type":"ImageObject","inLanguage":"fr-BE","@id":"https:\/\/koningdrone.be\/product\/unitree-go2-pro\/#primaryimage","url":"https:\/\/koningdrone.be\/wp-content\/uploads\/sites\/13\/2026\/04\/Unitree-Go2-Pro.jpg","contentUrl":"https:\/\/koningdrone.be\/wp-content\/uploads\/sites\/13\/2026\/04\/Unitree-Go2-Pro.jpg","width":800,"height":800},{"@type":"BreadcrumbList","@id":"https:\/\/koningdrone.be\/product\/unitree-go2-pro\/#breadcrumb","itemListElement":[{"@type":"ListItem","position":1,"name":"Home","item":"https:\/\/koningdrone.be\/"},{"@type":"ListItem","position":2,"name":"AVSS Parachute Recovery System for DJI Matrice 300\/350","item":"https:\/\/koningdrone.be\/product\/avss-parachute-recovery-system-for-dji-matrice-300-350\/"},{"@type":"ListItem","position":3,"name":"Unitree Go2 Pro","item":"https:\/\/koningdrone.be\/categorie\/unitree-go2-pro\/"},{"@type":"ListItem","position":4,"name":"Unitree Go2 Pro"}]},{"@type":"WebSite","@id":"https:\/\/koningdrone.be\/#website","url":"https:\/\/koningdrone.be\/","name":"Koningdrone.be - Votre sp\u00e9cialiste en ligne en mati\u00e8re de drones, de cardans, de cam\u00e9ras et de centrales \u00e9lectriques.","description":"La boutique en ligne de drones et de cardans","publisher":{"@id":"https:\/\/koningdrone.be\/#organization"},"potentialAction":[{"@type":"SearchAction","target":{"@type":"EntryPoint","urlTemplate":"https:\/\/koningdrone.be\/?s={search_term_string}"},"query-input":{"@type":"PropertyValueSpecification","valueRequired":true,"valueName":"search_term_string"}}],"inLanguage":"fr-BE"},{"@type":"Organization","@id":"https:\/\/koningdrone.be\/#organization","name":"Kingdrone.co.uk","url":"https:\/\/koningdrone.be\/","logo":{"@type":"ImageObject","inLanguage":"fr-BE","@id":"https:\/\/koningdrone.be\/#\/schema\/logo\/image\/","url":"https:\/\/koningdrone.be\/wp-content\/uploads\/sites\/13\/2025\/04\/koningdrone-copyright-logo.svg","contentUrl":"https:\/\/koningdrone.be\/wp-content\/uploads\/sites\/13\/2025\/04\/koningdrone-copyright-logo.svg","width":227,"height":38,"caption":"Koningdrone.be"},"image":{"@id":"https:\/\/koningdrone.be\/#\/schema\/logo\/image\/"}}]}},"df_price":4717.79,"df_sale_price":"","df_regular_price":4717.79,"df_image_link":"https:\/\/koningdrone.be\/wp-content\/uploads\/sites\/13\/2026\/04\/Unitree-Go2-Pro-300x300.jpg","_links":{"self":[{"href":"https:\/\/koningdrone.be\/fr\/wp-json\/wp\/v2\/product\/15081","targetHints":{"allow":["GET"]}}],"collection":[{"href":"https:\/\/koningdrone.be\/fr\/wp-json\/wp\/v2\/product"}],"about":[{"href":"https:\/\/koningdrone.be\/fr\/wp-json\/wp\/v2\/types\/product"}],"wp:featuredmedia":[{"embeddable":true,"href":"https:\/\/koningdrone.be\/fr\/wp-json\/wp\/v2\/media\/18942"}],"wp:attachment":[{"href":"https:\/\/koningdrone.be\/fr\/wp-json\/wp\/v2\/media?parent=15081"}],"wp:term":[{"taxonomy":"product_brand","embeddable":true,"href":"https:\/\/koningdrone.be\/fr\/wp-json\/wp\/v2\/product_brand?post=15081"},{"taxonomy":"product_cat","embeddable":true,"href":"https:\/\/koningdrone.be\/fr\/wp-json\/wp\/v2\/product_cat?post=15081"},{"taxonomy":"product_tag","embeddable":true,"href":"https:\/\/koningdrone.be\/fr\/wp-json\/wp\/v2\/product_tag?post=15081"}],"curies":[{"name":"wp","href":"https:\/\/api.w.org\/{rel}","templated":true}]}}