{"id":15075,"date":"2025-07-03T09:33:59","date_gmt":"2025-07-03T07:33:59","guid":{"rendered":"https:\/\/koningdrone.be\/product\/unitree-go2-ent-plus-2-go2-screen-remote-control-dual-camerathree-in-one\/"},"modified":"2026-04-30T16:20:27","modified_gmt":"2026-04-30T14:20:27","slug":"unitree-go2-ent-plus-2-go2-screen-remote-control-dual-camerathree-in-one","status":"publish","type":"product","link":"https:\/\/koningdrone.be\/fr\/produit\/unitree-go2-ent-plus-2-go2-screen-remote-control-dual-camerathree-in-one\/","title":{"rendered":"Unitree Go2 Ent-Plus 2 (t\u00e9l\u00e9commande d'\u00e9cran Go2 (double cam\u00e9ra+trois en un))"},"content":{"rendered":"<h3>Unitree Go2 Ent-Plus 2 : la centrale \u00e9lectrique multifonctionnelle pour l'IA d'entreprise<\/h3>\n<p>Le <strong>Unitree Go2 Ent-Plus 2<\/strong> place la barre de la robotique professionnelle \u00e0 quatre pattes \u00e0 un niveau encore plus \u00e9lev\u00e9. Alors que d'autres syst\u00e8mes sont sp\u00e9cialis\u00e9s dans une seule t\u00e2che, l'Ent-Plus 2 est con\u00e7u comme une plate-forme \u00e0 d\u00e9ploiement universel. Gr\u00e2ce \u00e0 son puissant <strong>configuration \u00e0 double cam\u00e9ra<\/strong> et l'intuitif <strong>t\u00e9l\u00e9commande de l'\u00e9cran<\/strong> se combinent avec une <strong>Module d'accessoires 3 en 1<\/strong>, Ce syst\u00e8me offre une flexibilit\u00e9 tactique sans pr\u00e9c\u00e9dent. Cette unit\u00e9 est le choix id\u00e9al pour les d\u00e9veloppeurs, les \u00e9quipes d'inspection et les chercheurs qui ont besoin d'un robot capable de s'adapter \u00e0 la vitesse de l'\u00e9clair aux diff\u00e9rentes exigences des missions, de la surveillance autonome aux d\u00e9monstrations publiques interactives.<\/p>\n<p><a href=\"https:\/\/koningdrone.nl\/wp-content\/uploads\/2025\/07\/Unitree-Go2-Ent-Plus-1-Go2-screen-remote-control-dual-camera.jpg\"><img loading=\"lazy\" decoding=\"async\" class=\"size-medium wp-image-472886 aligncenter\" src=\"https:\/\/koningdrone.nl\/wp-content\/uploads\/2025\/07\/Unitree-Go2-Ent-Plus-1-Go2-screen-remote-control-dual-camera-300x300.jpg\" alt=\"Unitree Go2 Ent- Plus 1 (Go2 screen remote control (dual camera))\" width=\"300\" height=\"300\" \/><\/a><\/p>\n<h4>Perception avanc\u00e9e et \u00e9volutivit\u00e9 modulaire<\/h4>\n<p>L'Ent-Plus 2 est plus qu'un capteur mobile, c'est un collecteur de donn\u00e9es actif dot\u00e9 d'un large \u00e9ventail de capacit\u00e9s d'interface :<\/p>\n<ul>\n<li><strong>Module d'accessoires 3 en 1 :<\/strong> C'est le c\u0153ur de la configuration \u201cPlus 2\u201d. Ce module \u00e9tend les capacit\u00e9s physiques et fonctionnelles du robot, ce qui permet de le d\u00e9ployer imm\u00e9diatement pour des projets de recherche ou de d\u00e9monstration sp\u00e9cialis\u00e9s, sans qu'il soit n\u00e9cessaire d'int\u00e9grer du mat\u00e9riel externe complexe.<\/li>\n<li><strong>Intelligence \u00e0 double vision :<\/strong> La configuration \u00e0 double cam\u00e9ra offre un spectre visuel riche \u00e0 l'utilisateur. <strong>Module NVIDIA Jetson AI<\/strong>. Cela permet au robot d'estimer la profondeur, de classer les objets et de calculer des trajectoires complexes dans des environnements dynamiques avec une extr\u00eame pr\u00e9cision.<\/li>\n<li><strong>Centre de commandement int\u00e9gr\u00e9 :<\/strong> La t\u00e9l\u00e9commande fournie avec l'\u00e9cran int\u00e9gr\u00e9 permet \u00e0 l'op\u00e9rateur de toujours garder le contr\u00f4le. Le retour d'information visuel en temps r\u00e9el est essentiel pour la navigation manuelle dans les espaces restreints ou pour effectuer des inspections visuelles d\u00e9taill\u00e9es \u00e0 distance.<\/li>\n<\/ul>\n<h4>Ing\u00e9nierie robuste et maniabilit\u00e9 sup\u00e9rieure<\/h4>\n<p>La qualit\u00e9 de construction de l'Ent-Plus 2 est adapt\u00e9e aux exigences \u00e9lev\u00e9es des environnements industriels et universitaires :<\/p>\n<ul>\n<li><strong>Ch\u00e2ssis a\u00e9rodynamique et durable :<\/strong> La combinaison d'un <strong>alliage d'aluminium<\/strong> et le plastique technique r\u00e9sistant aux chocs constituent un ch\u00e2ssis \u00e0 la fois agile et pratiquement indestructible. La conception modulaire permet \u00e9galement d'ajouter facilement des capteurs ou des charges utiles suppl\u00e9mentaires \u00e0 l'avenir.<\/li>\n<li><strong>Locomotion athl\u00e9tique :<\/strong> Gr\u00e2ce \u00e0 ses puissants moteurs d'articulation, le Go2 franchit sans effort les obstacles, les pentes et les escaliers. Le robot ajuste automatiquement sa vitesse de marche et sa stabilit\u00e9 en fonction de la surface, assurant un mouvement fluide et biomim\u00e9tique.<\/li>\n<li><strong>Traitement efficace des donn\u00e9es :<\/strong> L'architecture mat\u00e9rielle optimis\u00e9e permet au robot d'effectuer des t\u00e2ches complexes d'intelligence artificielle avec une consommation d'\u00e9nergie minimale, ce qui se traduit par des dur\u00e9es de d\u00e9ploiement op\u00e9rationnel plus longues sur le terrain.<\/li>\n<\/ul>\n<h4>Pourquoi le Go2 Ent-Plus 2 est indispensable<\/h4>\n<p>Pour les organisations \u00e0 la recherche d'une plateforme robotique qui \u00e9volue avec leurs ambitions, le Go2 Ent-Plus 2 offre l'\u00e9quilibre parfait. L'ajout du module 3-en-1 fait de ce syst\u00e8me un partenaire polyvalent pour tout ce qui concerne la surveillance des foules, les contr\u00f4les de s\u00e9curit\u00e9 industrielle et la recherche de haut niveau en mati\u00e8re d'intelligence artificielle. Il abaisse le seuil des exp\u00e9riences robotiques complexes en fournissant une solution compl\u00e8te et pr\u00eate \u00e0 l'emploi qui ajoute une valeur imm\u00e9diate \u00e0 tout pipeline de R&amp;D ou \u00e0 toute op\u00e9ration commerciale.<\/p>","protected":false},"excerpt":{"rendered":"<ul>\n<li>Robot \u00e0 quatre pattes avec double cam\u00e9ra et module d'accessoires trois en un<\/li>\n<li>Permet la navigation autonome et le traitement des donn\u00e9es en temps r\u00e9el<\/li>\n<li>Conception modulaire pour des fonctionnalit\u00e9s suppl\u00e9mentaires et des projets de recherche<\/li>\n<li>T\u00e9l\u00e9commande \u00e0 \u00e9cran Go2 pour une utilisation conviviale<\/li>\n<li>Parfait pour la d\u00e9monstration, l'exp\u00e9rimentation et les applications polyvalentes<\/li>\n<\/ul>","protected":false},"featured_media":19012,"template":"","meta":{"_acf_changed":false},"product_brand":[],"product_cat":[1988],"product_tag":[],"class_list":{"0":"post-15075","1":"product","2":"type-product","3":"status-publish","4":"has-post-thumbnail","6":"product_cat-unitree-go2-ent","7":"product_shipping_class-outofstock","8":"pa_brand-unitree","9":"pa_producttype-robot","10":"pa_series-go2","12":"first","13":"outofstock","14":"taxable","15":"shipping-taxable","16":"purchasable","17":"product-type-simple"},"acf":[],"yoast_head":"<!-- This site is optimized with the Yoast SEO Premium plugin v27.2 (Yoast SEO v27.2) - https:\/\/yoast.com\/product\/yoast-seo-premium-wordpress\/ -->\n<title>Unitree Go2 Ent-Plus 2 (Go2 screen remote control (dual camera+three in one)) - koningdrone.be<\/title>\n<meta name=\"robots\" content=\"index, follow, max-snippet:-1, max-image-preview:large, max-video-preview:-1\" \/>\n<link rel=\"canonical\" href=\"https:\/\/koningdrone.be\/fr\/produit\/unitree-go2-ent-plus-2-go2-screen-remote-control-dual-camerathree-in-one\/\" \/>\n<meta property=\"og:locale\" content=\"fr_FR\" \/>\n<meta property=\"og:type\" content=\"article\" \/>\n<meta property=\"og:title\" content=\"Unitree Go2 Ent-Plus 2 (Go2 screen remote control (dual camera+three in one))\" \/>\n<meta property=\"og:description\" content=\"Viervoetige robot met dual camera en drie-in-\u00e9\u00e9n accessoiremodule  Ondersteunt autonome navigatie en real-time dataverwerking  Modulair ontwerp voor extra functionaliteit en onderzoeksprojecten  Go2 scherm-afstandsbediening voor gebruiksvriendelijke bediening  Perfect voor demonstratie, experimenten en veelzijdige toepassingen\" \/>\n<meta property=\"og:url\" content=\"https:\/\/koningdrone.be\/fr\/produit\/unitree-go2-ent-plus-2-go2-screen-remote-control-dual-camerathree-in-one\/\" \/>\n<meta property=\"og:site_name\" content=\"koningdrone.be\" \/>\n<meta property=\"article:modified_time\" content=\"2026-04-30T14:20:27+00:00\" \/>\n<meta property=\"og:image\" content=\"https:\/\/koningdrone.be\/wp-content\/uploads\/sites\/13\/2026\/04\/Unitree-Go2-Ent-Plus-1-Go2-screen-remote-control-dual-camera.jpg\" \/>\n\t<meta property=\"og:image:width\" content=\"550\" \/>\n\t<meta property=\"og:image:height\" content=\"550\" \/>\n\t<meta property=\"og:image:type\" content=\"image\/jpeg\" \/>\n<meta name=\"twitter:card\" content=\"summary_large_image\" \/>\n<meta name=\"twitter:label1\" content=\"Dur\u00e9e de lecture est.\" \/>\n\t<meta name=\"twitter:data1\" content=\"2 minutes\" \/>\n<script type=\"application\/ld+json\" class=\"yoast-schema-graph\">{\"@context\":\"https:\/\/schema.org\",\"@graph\":[{\"@type\":\"WebPage\",\"@id\":\"https:\/\/koningdrone.be\/product\/unitree-go2-ent-plus-2-go2-screen-remote-control-dual-camerathree-in-one\/\",\"url\":\"https:\/\/koningdrone.be\/product\/unitree-go2-ent-plus-2-go2-screen-remote-control-dual-camerathree-in-one\/\",\"name\":\"Unitree Go2 Ent-Plus 2 (Go2 screen remote control (dual camera+three in one)) - koningdrone.be\",\"isPartOf\":{\"@id\":\"https:\/\/koningdrone.be\/#website\"},\"primaryImageOfPage\":{\"@id\":\"https:\/\/koningdrone.be\/product\/unitree-go2-ent-plus-2-go2-screen-remote-control-dual-camerathree-in-one\/#primaryimage\"},\"image\":{\"@id\":\"https:\/\/koningdrone.be\/product\/unitree-go2-ent-plus-2-go2-screen-remote-control-dual-camerathree-in-one\/#primaryimage\"},\"thumbnailUrl\":\"https:\/\/koningdrone.be\/wp-content\/uploads\/sites\/13\/2026\/04\/Unitree-Go2-Ent-Plus-1-Go2-screen-remote-control-dual-camera.jpg\",\"datePublished\":\"2025-07-03T07:33:59+00:00\",\"dateModified\":\"2026-04-30T14:20:27+00:00\",\"breadcrumb\":{\"@id\":\"https:\/\/koningdrone.be\/product\/unitree-go2-ent-plus-2-go2-screen-remote-control-dual-camerathree-in-one\/#breadcrumb\"},\"inLanguage\":\"fr-BE\",\"potentialAction\":[{\"@type\":\"ReadAction\",\"target\":[\"https:\/\/koningdrone.be\/product\/unitree-go2-ent-plus-2-go2-screen-remote-control-dual-camerathree-in-one\/\"]}]},{\"@type\":\"ImageObject\",\"inLanguage\":\"fr-BE\",\"@id\":\"https:\/\/koningdrone.be\/product\/unitree-go2-ent-plus-2-go2-screen-remote-control-dual-camerathree-in-one\/#primaryimage\",\"url\":\"https:\/\/koningdrone.be\/wp-content\/uploads\/sites\/13\/2026\/04\/Unitree-Go2-Ent-Plus-1-Go2-screen-remote-control-dual-camera.jpg\",\"contentUrl\":\"https:\/\/koningdrone.be\/wp-content\/uploads\/sites\/13\/2026\/04\/Unitree-Go2-Ent-Plus-1-Go2-screen-remote-control-dual-camera.jpg\",\"width\":550,\"height\":550},{\"@type\":\"BreadcrumbList\",\"@id\":\"https:\/\/koningdrone.be\/product\/unitree-go2-ent-plus-2-go2-screen-remote-control-dual-camerathree-in-one\/#breadcrumb\",\"itemListElement\":[{\"@type\":\"ListItem\",\"position\":1,\"name\":\"Home\",\"item\":\"https:\/\/koningdrone.be\/\"},{\"@type\":\"ListItem\",\"position\":2,\"name\":\"AVSS Parachute Recovery System for DJI Matrice 300\/350\",\"item\":\"https:\/\/koningdrone.be\/product\/avss-parachute-recovery-system-for-dji-matrice-300-350\/\"},{\"@type\":\"ListItem\",\"position\":3,\"name\":\"Unitree Go2 Ent\",\"item\":\"https:\/\/koningdrone.be\/categorie\/unitree-go2-ent\/\"},{\"@type\":\"ListItem\",\"position\":4,\"name\":\"Unitree Go2 Ent-Plus 2 (Go2 screen remote control (dual camera+three in one))\"}]},{\"@type\":\"WebSite\",\"@id\":\"https:\/\/koningdrone.be\/#website\",\"url\":\"https:\/\/koningdrone.be\/\",\"name\":\"Koningdrone.be - Uw online specialist in drones, gimbals, camera's en power stations.\",\"description\":\"De webshop in drones en gimbals\",\"publisher\":{\"@id\":\"https:\/\/koningdrone.be\/#organization\"},\"potentialAction\":[{\"@type\":\"SearchAction\",\"target\":{\"@type\":\"EntryPoint\",\"urlTemplate\":\"https:\/\/koningdrone.be\/?s={search_term_string}\"},\"query-input\":{\"@type\":\"PropertyValueSpecification\",\"valueRequired\":true,\"valueName\":\"search_term_string\"}}],\"inLanguage\":\"fr-BE\"},{\"@type\":\"Organization\",\"@id\":\"https:\/\/koningdrone.be\/#organization\",\"name\":\"Koningdrone.be\",\"url\":\"https:\/\/koningdrone.be\/\",\"logo\":{\"@type\":\"ImageObject\",\"inLanguage\":\"fr-BE\",\"@id\":\"https:\/\/koningdrone.be\/#\/schema\/logo\/image\/\",\"url\":\"https:\/\/koningdrone.be\/wp-content\/uploads\/sites\/13\/2025\/04\/koningdrone-copyright-logo.svg\",\"contentUrl\":\"https:\/\/koningdrone.be\/wp-content\/uploads\/sites\/13\/2025\/04\/koningdrone-copyright-logo.svg\",\"width\":227,\"height\":38,\"caption\":\"Koningdrone.be\"},\"image\":{\"@id\":\"https:\/\/koningdrone.be\/#\/schema\/logo\/image\/\"}}]}<\/script>\n<!-- \/ Yoast SEO Premium plugin. -->","yoast_head_json":{"title":"Unitree Go2 Ent-Plus 2 (Go2 screen remote control (dual camera+three in one)) - koningdrone.be","robots":{"index":"index","follow":"follow","max-snippet":"max-snippet:-1","max-image-preview":"max-image-preview:large","max-video-preview":"max-video-preview:-1"},"canonical":"https:\/\/koningdrone.be\/fr\/produit\/unitree-go2-ent-plus-2-go2-screen-remote-control-dual-camerathree-in-one\/","og_locale":"fr_FR","og_type":"article","og_title":"Unitree Go2 Ent-Plus 2 (Go2 screen remote control (dual camera+three in one))","og_description":"Viervoetige robot met dual camera en drie-in-\u00e9\u00e9n accessoiremodule  Ondersteunt autonome navigatie en real-time dataverwerking  Modulair ontwerp voor extra functionaliteit en onderzoeksprojecten  Go2 scherm-afstandsbediening voor gebruiksvriendelijke bediening  Perfect voor demonstratie, experimenten en veelzijdige toepassingen","og_url":"https:\/\/koningdrone.be\/fr\/produit\/unitree-go2-ent-plus-2-go2-screen-remote-control-dual-camerathree-in-one\/","og_site_name":"koningdrone.be","article_modified_time":"2026-04-30T14:20:27+00:00","og_image":[{"width":550,"height":550,"url":"https:\/\/koningdrone.be\/wp-content\/uploads\/sites\/13\/2026\/04\/Unitree-Go2-Ent-Plus-1-Go2-screen-remote-control-dual-camera.jpg","type":"image\/jpeg"}],"twitter_card":"summary_large_image","twitter_misc":{"Dur\u00e9e de lecture est.":"2 minutes"},"schema":{"@context":"https:\/\/schema.org","@graph":[{"@type":"WebPage","@id":"https:\/\/koningdrone.be\/product\/unitree-go2-ent-plus-2-go2-screen-remote-control-dual-camerathree-in-one\/","url":"https:\/\/koningdrone.be\/product\/unitree-go2-ent-plus-2-go2-screen-remote-control-dual-camerathree-in-one\/","name":"Unitree Go2 Ent-Plus 2 (Go2 screen remote control (dual camera+three in one)) - koningdrone.be","isPartOf":{"@id":"https:\/\/koningdrone.be\/#website"},"primaryImageOfPage":{"@id":"https:\/\/koningdrone.be\/product\/unitree-go2-ent-plus-2-go2-screen-remote-control-dual-camerathree-in-one\/#primaryimage"},"image":{"@id":"https:\/\/koningdrone.be\/product\/unitree-go2-ent-plus-2-go2-screen-remote-control-dual-camerathree-in-one\/#primaryimage"},"thumbnailUrl":"https:\/\/koningdrone.be\/wp-content\/uploads\/sites\/13\/2026\/04\/Unitree-Go2-Ent-Plus-1-Go2-screen-remote-control-dual-camera.jpg","datePublished":"2025-07-03T07:33:59+00:00","dateModified":"2026-04-30T14:20:27+00:00","breadcrumb":{"@id":"https:\/\/koningdrone.be\/product\/unitree-go2-ent-plus-2-go2-screen-remote-control-dual-camerathree-in-one\/#breadcrumb"},"inLanguage":"fr-BE","potentialAction":[{"@type":"ReadAction","target":["https:\/\/koningdrone.be\/product\/unitree-go2-ent-plus-2-go2-screen-remote-control-dual-camerathree-in-one\/"]}]},{"@type":"ImageObject","inLanguage":"fr-BE","@id":"https:\/\/koningdrone.be\/product\/unitree-go2-ent-plus-2-go2-screen-remote-control-dual-camerathree-in-one\/#primaryimage","url":"https:\/\/koningdrone.be\/wp-content\/uploads\/sites\/13\/2026\/04\/Unitree-Go2-Ent-Plus-1-Go2-screen-remote-control-dual-camera.jpg","contentUrl":"https:\/\/koningdrone.be\/wp-content\/uploads\/sites\/13\/2026\/04\/Unitree-Go2-Ent-Plus-1-Go2-screen-remote-control-dual-camera.jpg","width":550,"height":550},{"@type":"BreadcrumbList","@id":"https:\/\/koningdrone.be\/product\/unitree-go2-ent-plus-2-go2-screen-remote-control-dual-camerathree-in-one\/#breadcrumb","itemListElement":[{"@type":"ListItem","position":1,"name":"Home","item":"https:\/\/koningdrone.be\/"},{"@type":"ListItem","position":2,"name":"AVSS Parachute Recovery System for DJI Matrice 300\/350","item":"https:\/\/koningdrone.be\/product\/avss-parachute-recovery-system-for-dji-matrice-300-350\/"},{"@type":"ListItem","position":3,"name":"Unitree Go2 Ent","item":"https:\/\/koningdrone.be\/categorie\/unitree-go2-ent\/"},{"@type":"ListItem","position":4,"name":"Unitree Go2 Ent-Plus 2 (Go2 screen remote control (dual camera+three in one))"}]},{"@type":"WebSite","@id":"https:\/\/koningdrone.be\/#website","url":"https:\/\/koningdrone.be\/","name":"Koningdrone.be - Votre sp\u00e9cialiste en ligne en mati\u00e8re de drones, de cardans, de cam\u00e9ras et de centrales \u00e9lectriques.","description":"La boutique en ligne de drones et de cardans","publisher":{"@id":"https:\/\/koningdrone.be\/#organization"},"potentialAction":[{"@type":"SearchAction","target":{"@type":"EntryPoint","urlTemplate":"https:\/\/koningdrone.be\/?s={search_term_string}"},"query-input":{"@type":"PropertyValueSpecification","valueRequired":true,"valueName":"search_term_string"}}],"inLanguage":"fr-BE"},{"@type":"Organization","@id":"https:\/\/koningdrone.be\/#organization","name":"Kingdrone.co.uk","url":"https:\/\/koningdrone.be\/","logo":{"@type":"ImageObject","inLanguage":"fr-BE","@id":"https:\/\/koningdrone.be\/#\/schema\/logo\/image\/","url":"https:\/\/koningdrone.be\/wp-content\/uploads\/sites\/13\/2025\/04\/koningdrone-copyright-logo.svg","contentUrl":"https:\/\/koningdrone.be\/wp-content\/uploads\/sites\/13\/2025\/04\/koningdrone-copyright-logo.svg","width":227,"height":38,"caption":"Koningdrone.be"},"image":{"@id":"https:\/\/koningdrone.be\/#\/schema\/logo\/image\/"}}]}},"df_price":21659,"df_sale_price":"","df_regular_price":21659,"df_image_link":"https:\/\/koningdrone.be\/wp-content\/uploads\/sites\/13\/2026\/04\/Unitree-Go2-Ent-Plus-1-Go2-screen-remote-control-dual-camera-300x300.jpg","_links":{"self":[{"href":"https:\/\/koningdrone.be\/fr\/wp-json\/wp\/v2\/product\/15075","targetHints":{"allow":["GET"]}}],"collection":[{"href":"https:\/\/koningdrone.be\/fr\/wp-json\/wp\/v2\/product"}],"about":[{"href":"https:\/\/koningdrone.be\/fr\/wp-json\/wp\/v2\/types\/product"}],"wp:featuredmedia":[{"embeddable":true,"href":"https:\/\/koningdrone.be\/fr\/wp-json\/wp\/v2\/media\/19012"}],"wp:attachment":[{"href":"https:\/\/koningdrone.be\/fr\/wp-json\/wp\/v2\/media?parent=15075"}],"wp:term":[{"taxonomy":"product_brand","embeddable":true,"href":"https:\/\/koningdrone.be\/fr\/wp-json\/wp\/v2\/product_brand?post=15075"},{"taxonomy":"product_cat","embeddable":true,"href":"https:\/\/koningdrone.be\/fr\/wp-json\/wp\/v2\/product_cat?post=15075"},{"taxonomy":"product_tag","embeddable":true,"href":"https:\/\/koningdrone.be\/fr\/wp-json\/wp\/v2\/product_tag?post=15075"}],"curies":[{"name":"wp","href":"https:\/\/api.w.org\/{rel}","templated":true}]}}