{"id":15032,"date":"2025-07-03T09:34:51","date_gmt":"2025-07-03T07:34:51","guid":{"rendered":"https:\/\/koningdrone.be\/product\/unitree-go2-ent-u6-gas-detection\/"},"modified":"2026-04-30T16:20:31","modified_gmt":"2026-04-30T14:20:31","slug":"unitree-go2-ent-u6-gas-detection","status":"publish","type":"product","link":"https:\/\/koningdrone.be\/fr\/produit\/unitree-go2-ent-u6-gas-detection\/","title":{"rendered":"Unitree Go2 ent-U6 (D\u00e9tection de gaz)"},"content":{"rendered":"<h3>Unitree Go2 Ent-U6 : Le pionnier industriel pour les zones dangereuses et la d\u00e9tection de gaz<\/h3>\n<p>Le <strong>Unitree Go2 Ent-U6<\/strong> n'est pas un robot comme les autres : il s'agit d'une plateforme autonome de sauvetage et d'inspection con\u00e7ue pour aller l\u00e0 o\u00f9 les humains ne peuvent ou ne doivent pas aller. Dans les industries telles que la p\u00e9trochimie, l'exploitation mini\u00e8re et les interventions des pompiers, les informations sur la qualit\u00e9 de l'air sont vitales. L'Ent-U6 transforme le ch\u00e2ssis agile du Go2 en une station de capteurs mobile qui d\u00e9tecte les gaz toxiques et explosifs en temps r\u00e9el. Gr\u00e2ce \u00e0 sa qualit\u00e9 de construction industrielle et \u00e0 ses syst\u00e8mes de communication redondants, il offre un niveau in\u00e9gal\u00e9 de connaissance de la situation dans les environnements \u00e0 haut risque, permettant aux op\u00e9rateurs de prendre des d\u00e9cisions bas\u00e9es sur des donn\u00e9es concr\u00e8tes sans mettre le personnel en danger.<\/p>\n<p><a href=\"https:\/\/koningdrone.nl\/wp-content\/uploads\/2025\/07\/Unitree-Go2-ent-U6-Gas-Detection.jpg\"><img loading=\"lazy\" decoding=\"async\" class=\"size-medium wp-image-472976 aligncenter\" src=\"https:\/\/koningdrone.nl\/wp-content\/uploads\/2025\/07\/Unitree-Go2-ent-U6-Gas-Detection-300x300.jpg\" alt=\"Unitree Go2 ent-U6 (Gas Detection)\" width=\"300\" height=\"300\" \/><\/a><\/p>\n<h4>D\u00e9tection multigaz et communication redondante<\/h4>\n<p>Le c\u0153ur technologique de l'Ent-U6 est sp\u00e9cialement con\u00e7u pour les op\u00e9rations critiques dans des paysages industriels complexes :<\/p>\n<ul>\n<li><strong>Ensemble de capteurs avanc\u00e9s :<\/strong> Le robot est \u00e9quip\u00e9 de capteurs professionnels pour la d\u00e9tection de <strong>O\u2082 (oxyg\u00e8ne), CO (monoxyde de carbone), CH\u2084 (m\u00e9thane), H\u2082S (sulfure d'hydrog\u00e8ne)<\/strong> et des compos\u00e9s organiques volatils tels que le benz\u00e8ne. Il surveille \u00e9galement en permanence la temp\u00e9rature et l'humidit\u00e9 afin de dresser un tableau complet des risques environnementaux.<\/li>\n<li><strong>Connectivit\u00e9 \u00e0 double canal :<\/strong> La fiabilit\u00e9 est essentielle pour les inspections \u00e0 distance. L'Ent-U6 utilise un <strong>Liaison t\u00e9l\u00e9m\u00e9trique 8 GHz<\/strong> pour un contr\u00f4le direct, soutenu par un <strong>Sauvegarde eSIM 4G<\/strong>. Ainsi, le robot reste contr\u00f4lable et continue d'envoyer des donn\u00e9es m\u00eame si le r\u00e9seau local est en panne ou interrompu.<\/li>\n<li><strong>Vid\u00e9o HD \u00e0 faible latence :<\/strong> Gr\u00e2ce au double canal <strong>Transmission vid\u00e9o 1080P<\/strong> permet \u00e0 l'op\u00e9rateur d'avoir une vision claire de la situation. Cela est essentiel pour identifier les fuites, les dommages structurels ou les victimes dans les pi\u00e8ces enfum\u00e9es ou sombres.<\/li>\n<\/ul>\n<h4>Conception industrielle robuste et comp\u00e9tences en mati\u00e8re de terrain<\/h4>\n<p>La qualit\u00e9 de construction de l'Ent-U6 allie la puissance d'une b\u00eate de somme \u00e0 l'agilit\u00e9 d'un athl\u00e8te :<\/p>\n<ul>\n<li><strong>Ch\u00e2ssis haute performance :<\/strong> Fabriqu\u00e9 \u00e0 partir d'un mat\u00e9riau renforc\u00e9 <strong>alliage d'aluminium<\/strong> et un plastique technique r\u00e9sistant aux chocs. Avec une vitesse maximale de <strong>5 m\/s<\/strong> et la capacit\u00e9 de traiter des pentes allant jusqu'\u00e0 <strong>40\u00b0<\/strong> pour grimper, le robot se d\u00e9place \u00e0 la vitesse de l'\u00e9clair dans les d\u00e9combres, les escaliers et les couloirs \u00e9troits.<\/li>\n<li><strong>Capacit\u00e9 de charge utile :<\/strong> Malgr\u00e9 la pr\u00e9sence de nombreux capteurs internes, le robot conserve une capacit\u00e9 de charge d'environ <strong>12 kg<\/strong>. Cela permet de transporter des \u00e9quipements suppl\u00e9mentaires, tels que des projecteurs puissants ou des r\u00e9p\u00e9teurs de communication suppl\u00e9mentaires, jusqu'au c\u0153ur du site de l'incident.<\/li>\n<li><strong>Obstacle-Ma\u00eetrise :<\/strong> Le robot franchit sans effort des obstacles d'une hauteur d'environ 1,5 m\u00e8tre. <strong>16 cm<\/strong>, Il est donc parfaitement adapt\u00e9 aux inspections sur les chantiers de construction difficiles ou dans les b\u00e2timents sinistr\u00e9s o\u00f9 le sol est jonch\u00e9 de d\u00e9bris.<\/li>\n<\/ul>\n<p><a href=\"https:\/\/koningdrone.nl\/wp-content\/uploads\/2025\/07\/Unitree-Go2-Product-ent-U6-Gas-Detection.jpg\"><img loading=\"lazy\" decoding=\"async\" class=\"size-medium wp-image-472974 aligncenter\" src=\"https:\/\/koningdrone.nl\/wp-content\/uploads\/2025\/07\/Unitree-Go2-Product-ent-U6-Gas-Detection-300x300.jpg\" alt=\"Unitree Go2 Product ent-U6 (Gas Detection)\" width=\"300\" height=\"300\" \/><\/a><\/p>\n<h4>Pourquoi le Go2 Ent-U6 est indispensable<\/h4>\n<p>Pour les r\u00e9gions charg\u00e9es de la s\u00e9curit\u00e9, les \u00e9quipes EOD et les gestionnaires d'installations industrielles, le Go2 Ent-U6 est la police d'assurance ultime. Il permet aux organisations d'identifier les risques de mani\u00e8re proactive et de g\u00e9rer les incidents avec une pr\u00e9cision jusqu'alors impossible. La combinaison de la d\u00e9tection de gaz en temps r\u00e9el, de la surveillance thermique et de la mobilit\u00e9 extr\u00eame fait de cette plateforme la norme en mati\u00e8re de s\u00e9curit\u00e9 industrielle moderne. L'Unitree Go2 Ent-U6 sauve des vies en rempla\u00e7ant le facteur humain dans les environnements les plus hostiles de la plan\u00e8te.<\/p>","protected":false},"excerpt":{"rendered":"<ul>\n<li>Robot industriel \u00e0 quatre pattes avec d\u00e9tection de gaz int\u00e9gr\u00e9e<\/li>\n<li>Surveillance en temps r\u00e9el de l'O2, du CO et des gaz explosifs\/toxiques<\/li>\n<li>Transmission vid\u00e9o HD avec faible latence pour un contr\u00f4le \u00e0 distance s\u00e9curis\u00e9<\/li>\n<li>Suite de communication professionnelle : t\u00e9l\u00e9m\u00e9trie 5,8 GHz + 4G eSIM<\/li>\n<li>Technologie de base Go2 robuste pour les d\u00e9placements hors route<\/li>\n<\/ul>","protected":false},"featured_media":19013,"template":"","meta":{"_acf_changed":false},"product_brand":[],"product_cat":[1988],"product_tag":[],"class_list":{"0":"post-15032","1":"product","2":"type-product","3":"status-publish","4":"has-post-thumbnail","6":"product_cat-unitree-go2-ent","7":"product_shipping_class-outofstock","8":"pa_brand-unitree","9":"pa_producttype-robot","10":"pa_series-go2","12":"first","13":"outofstock","14":"taxable","15":"shipping-taxable","16":"purchasable","17":"product-type-simple"},"acf":[],"yoast_head":"<!-- This site is optimized with the Yoast SEO Premium plugin v27.2 (Yoast SEO v27.2) - https:\/\/yoast.com\/product\/yoast-seo-premium-wordpress\/ -->\n<title>Unitree Go2 ent-U6 (Gas Detection) - koningdrone.be<\/title>\n<meta name=\"robots\" content=\"index, follow, max-snippet:-1, max-image-preview:large, max-video-preview:-1\" \/>\n<link rel=\"canonical\" href=\"https:\/\/koningdrone.be\/fr\/produit\/unitree-go2-ent-u6-gas-detection\/\" \/>\n<meta property=\"og:locale\" content=\"fr_FR\" \/>\n<meta property=\"og:type\" content=\"article\" \/>\n<meta property=\"og:title\" content=\"Unitree Go2 ent-U6 (Gas Detection)\" \/>\n<meta property=\"og:description\" content=\"Industri\u00eble viervoetige robot met ge\u00efntegreerde gasdetectie  Realtime monitoring van O2, CO, explosieve\/toxische gassen  HD video\u2011transmissie met lage latentie voor veilige afstandsbesturing  Professional communication suite: 5.8\u202fGHz telemetry + 4G eSIM  Robuuste Go2\u2011basistechnologie voor terreinafwijkend bewegen\" \/>\n<meta property=\"og:url\" content=\"https:\/\/koningdrone.be\/fr\/produit\/unitree-go2-ent-u6-gas-detection\/\" \/>\n<meta property=\"og:site_name\" content=\"koningdrone.be\" \/>\n<meta property=\"article:modified_time\" content=\"2026-04-30T14:20:31+00:00\" \/>\n<meta property=\"og:image\" content=\"https:\/\/koningdrone.be\/wp-content\/uploads\/sites\/13\/2026\/04\/Unitree-Go2-ent-U6-Gas-Detection.jpg\" \/>\n\t<meta property=\"og:image:width\" content=\"800\" \/>\n\t<meta property=\"og:image:height\" content=\"800\" \/>\n\t<meta property=\"og:image:type\" content=\"image\/jpeg\" \/>\n<meta name=\"twitter:card\" content=\"summary_large_image\" \/>\n<meta name=\"twitter:label1\" content=\"Dur\u00e9e de lecture est.\" \/>\n\t<meta name=\"twitter:data1\" content=\"2 minutes\" \/>\n<script type=\"application\/ld+json\" class=\"yoast-schema-graph\">{\"@context\":\"https:\/\/schema.org\",\"@graph\":[{\"@type\":\"WebPage\",\"@id\":\"https:\/\/koningdrone.be\/product\/unitree-go2-ent-u6-gas-detection\/\",\"url\":\"https:\/\/koningdrone.be\/product\/unitree-go2-ent-u6-gas-detection\/\",\"name\":\"Unitree Go2 ent-U6 (Gas Detection) - koningdrone.be\",\"isPartOf\":{\"@id\":\"https:\/\/koningdrone.be\/#website\"},\"primaryImageOfPage\":{\"@id\":\"https:\/\/koningdrone.be\/product\/unitree-go2-ent-u6-gas-detection\/#primaryimage\"},\"image\":{\"@id\":\"https:\/\/koningdrone.be\/product\/unitree-go2-ent-u6-gas-detection\/#primaryimage\"},\"thumbnailUrl\":\"https:\/\/koningdrone.be\/wp-content\/uploads\/sites\/13\/2026\/04\/Unitree-Go2-ent-U6-Gas-Detection.jpg\",\"datePublished\":\"2025-07-03T07:34:51+00:00\",\"dateModified\":\"2026-04-30T14:20:31+00:00\",\"breadcrumb\":{\"@id\":\"https:\/\/koningdrone.be\/product\/unitree-go2-ent-u6-gas-detection\/#breadcrumb\"},\"inLanguage\":\"fr-BE\",\"potentialAction\":[{\"@type\":\"ReadAction\",\"target\":[\"https:\/\/koningdrone.be\/product\/unitree-go2-ent-u6-gas-detection\/\"]}]},{\"@type\":\"ImageObject\",\"inLanguage\":\"fr-BE\",\"@id\":\"https:\/\/koningdrone.be\/product\/unitree-go2-ent-u6-gas-detection\/#primaryimage\",\"url\":\"https:\/\/koningdrone.be\/wp-content\/uploads\/sites\/13\/2026\/04\/Unitree-Go2-ent-U6-Gas-Detection.jpg\",\"contentUrl\":\"https:\/\/koningdrone.be\/wp-content\/uploads\/sites\/13\/2026\/04\/Unitree-Go2-ent-U6-Gas-Detection.jpg\",\"width\":800,\"height\":800},{\"@type\":\"BreadcrumbList\",\"@id\":\"https:\/\/koningdrone.be\/product\/unitree-go2-ent-u6-gas-detection\/#breadcrumb\",\"itemListElement\":[{\"@type\":\"ListItem\",\"position\":1,\"name\":\"Home\",\"item\":\"https:\/\/koningdrone.be\/\"},{\"@type\":\"ListItem\",\"position\":2,\"name\":\"AVSS Parachute Recovery System for DJI Matrice 300\/350\",\"item\":\"https:\/\/koningdrone.be\/product\/avss-parachute-recovery-system-for-dji-matrice-300-350\/\"},{\"@type\":\"ListItem\",\"position\":3,\"name\":\"Unitree Go2 Ent\",\"item\":\"https:\/\/koningdrone.be\/categorie\/unitree-go2-ent\/\"},{\"@type\":\"ListItem\",\"position\":4,\"name\":\"Unitree Go2 ent-U6 (Gas Detection)\"}]},{\"@type\":\"WebSite\",\"@id\":\"https:\/\/koningdrone.be\/#website\",\"url\":\"https:\/\/koningdrone.be\/\",\"name\":\"Koningdrone.be - Uw online specialist in drones, gimbals, camera's en power stations.\",\"description\":\"De webshop in drones en gimbals\",\"publisher\":{\"@id\":\"https:\/\/koningdrone.be\/#organization\"},\"potentialAction\":[{\"@type\":\"SearchAction\",\"target\":{\"@type\":\"EntryPoint\",\"urlTemplate\":\"https:\/\/koningdrone.be\/?s={search_term_string}\"},\"query-input\":{\"@type\":\"PropertyValueSpecification\",\"valueRequired\":true,\"valueName\":\"search_term_string\"}}],\"inLanguage\":\"fr-BE\"},{\"@type\":\"Organization\",\"@id\":\"https:\/\/koningdrone.be\/#organization\",\"name\":\"Koningdrone.be\",\"url\":\"https:\/\/koningdrone.be\/\",\"logo\":{\"@type\":\"ImageObject\",\"inLanguage\":\"fr-BE\",\"@id\":\"https:\/\/koningdrone.be\/#\/schema\/logo\/image\/\",\"url\":\"https:\/\/koningdrone.be\/wp-content\/uploads\/sites\/13\/2025\/04\/koningdrone-copyright-logo.svg\",\"contentUrl\":\"https:\/\/koningdrone.be\/wp-content\/uploads\/sites\/13\/2025\/04\/koningdrone-copyright-logo.svg\",\"width\":227,\"height\":38,\"caption\":\"Koningdrone.be\"},\"image\":{\"@id\":\"https:\/\/koningdrone.be\/#\/schema\/logo\/image\/\"}}]}<\/script>\n<!-- \/ Yoast SEO Premium plugin. -->","yoast_head_json":{"title":"Unitree Go2 ent-U6 (Gas Detection) - koningdrone.be","robots":{"index":"index","follow":"follow","max-snippet":"max-snippet:-1","max-image-preview":"max-image-preview:large","max-video-preview":"max-video-preview:-1"},"canonical":"https:\/\/koningdrone.be\/fr\/produit\/unitree-go2-ent-u6-gas-detection\/","og_locale":"fr_FR","og_type":"article","og_title":"Unitree Go2 ent-U6 (Gas Detection)","og_description":"Industri\u00eble viervoetige robot met ge\u00efntegreerde gasdetectie  Realtime monitoring van O2, CO, explosieve\/toxische gassen  HD video\u2011transmissie met lage latentie voor veilige afstandsbesturing  Professional communication suite: 5.8\u202fGHz telemetry + 4G eSIM  Robuuste Go2\u2011basistechnologie voor terreinafwijkend bewegen","og_url":"https:\/\/koningdrone.be\/fr\/produit\/unitree-go2-ent-u6-gas-detection\/","og_site_name":"koningdrone.be","article_modified_time":"2026-04-30T14:20:31+00:00","og_image":[{"width":800,"height":800,"url":"https:\/\/koningdrone.be\/wp-content\/uploads\/sites\/13\/2026\/04\/Unitree-Go2-ent-U6-Gas-Detection.jpg","type":"image\/jpeg"}],"twitter_card":"summary_large_image","twitter_misc":{"Dur\u00e9e de lecture est.":"2 minutes"},"schema":{"@context":"https:\/\/schema.org","@graph":[{"@type":"WebPage","@id":"https:\/\/koningdrone.be\/product\/unitree-go2-ent-u6-gas-detection\/","url":"https:\/\/koningdrone.be\/product\/unitree-go2-ent-u6-gas-detection\/","name":"Unitree Go2 ent-U6 (Gas Detection) - koningdrone.be","isPartOf":{"@id":"https:\/\/koningdrone.be\/#website"},"primaryImageOfPage":{"@id":"https:\/\/koningdrone.be\/product\/unitree-go2-ent-u6-gas-detection\/#primaryimage"},"image":{"@id":"https:\/\/koningdrone.be\/product\/unitree-go2-ent-u6-gas-detection\/#primaryimage"},"thumbnailUrl":"https:\/\/koningdrone.be\/wp-content\/uploads\/sites\/13\/2026\/04\/Unitree-Go2-ent-U6-Gas-Detection.jpg","datePublished":"2025-07-03T07:34:51+00:00","dateModified":"2026-04-30T14:20:31+00:00","breadcrumb":{"@id":"https:\/\/koningdrone.be\/product\/unitree-go2-ent-u6-gas-detection\/#breadcrumb"},"inLanguage":"fr-BE","potentialAction":[{"@type":"ReadAction","target":["https:\/\/koningdrone.be\/product\/unitree-go2-ent-u6-gas-detection\/"]}]},{"@type":"ImageObject","inLanguage":"fr-BE","@id":"https:\/\/koningdrone.be\/product\/unitree-go2-ent-u6-gas-detection\/#primaryimage","url":"https:\/\/koningdrone.be\/wp-content\/uploads\/sites\/13\/2026\/04\/Unitree-Go2-ent-U6-Gas-Detection.jpg","contentUrl":"https:\/\/koningdrone.be\/wp-content\/uploads\/sites\/13\/2026\/04\/Unitree-Go2-ent-U6-Gas-Detection.jpg","width":800,"height":800},{"@type":"BreadcrumbList","@id":"https:\/\/koningdrone.be\/product\/unitree-go2-ent-u6-gas-detection\/#breadcrumb","itemListElement":[{"@type":"ListItem","position":1,"name":"Home","item":"https:\/\/koningdrone.be\/"},{"@type":"ListItem","position":2,"name":"AVSS Parachute Recovery System for DJI Matrice 300\/350","item":"https:\/\/koningdrone.be\/product\/avss-parachute-recovery-system-for-dji-matrice-300-350\/"},{"@type":"ListItem","position":3,"name":"Unitree Go2 Ent","item":"https:\/\/koningdrone.be\/categorie\/unitree-go2-ent\/"},{"@type":"ListItem","position":4,"name":"Unitree Go2 ent-U6 (Gas Detection)"}]},{"@type":"WebSite","@id":"https:\/\/koningdrone.be\/#website","url":"https:\/\/koningdrone.be\/","name":"Koningdrone.be - Votre sp\u00e9cialiste en ligne en mati\u00e8re de drones, de cardans, de cam\u00e9ras et de centrales \u00e9lectriques.","description":"La boutique en ligne de drones et de cardans","publisher":{"@id":"https:\/\/koningdrone.be\/#organization"},"potentialAction":[{"@type":"SearchAction","target":{"@type":"EntryPoint","urlTemplate":"https:\/\/koningdrone.be\/?s={search_term_string}"},"query-input":{"@type":"PropertyValueSpecification","valueRequired":true,"valueName":"search_term_string"}}],"inLanguage":"fr-BE"},{"@type":"Organization","@id":"https:\/\/koningdrone.be\/#organization","name":"Kingdrone.co.uk","url":"https:\/\/koningdrone.be\/","logo":{"@type":"ImageObject","inLanguage":"fr-BE","@id":"https:\/\/koningdrone.be\/#\/schema\/logo\/image\/","url":"https:\/\/koningdrone.be\/wp-content\/uploads\/sites\/13\/2025\/04\/koningdrone-copyright-logo.svg","contentUrl":"https:\/\/koningdrone.be\/wp-content\/uploads\/sites\/13\/2025\/04\/koningdrone-copyright-logo.svg","width":227,"height":38,"caption":"Koningdrone.be"},"image":{"@id":"https:\/\/koningdrone.be\/#\/schema\/logo\/image\/"}}]}},"df_price":14810.4,"df_sale_price":"","df_regular_price":14810.4,"df_image_link":"https:\/\/koningdrone.be\/wp-content\/uploads\/sites\/13\/2026\/04\/Unitree-Go2-ent-U6-Gas-Detection-300x300.jpg","_links":{"self":[{"href":"https:\/\/koningdrone.be\/fr\/wp-json\/wp\/v2\/product\/15032","targetHints":{"allow":["GET"]}}],"collection":[{"href":"https:\/\/koningdrone.be\/fr\/wp-json\/wp\/v2\/product"}],"about":[{"href":"https:\/\/koningdrone.be\/fr\/wp-json\/wp\/v2\/types\/product"}],"wp:featuredmedia":[{"embeddable":true,"href":"https:\/\/koningdrone.be\/fr\/wp-json\/wp\/v2\/media\/19013"}],"wp:attachment":[{"href":"https:\/\/koningdrone.be\/fr\/wp-json\/wp\/v2\/media?parent=15032"}],"wp:term":[{"taxonomy":"product_brand","embeddable":true,"href":"https:\/\/koningdrone.be\/fr\/wp-json\/wp\/v2\/product_brand?post=15032"},{"taxonomy":"product_cat","embeddable":true,"href":"https:\/\/koningdrone.be\/fr\/wp-json\/wp\/v2\/product_cat?post=15032"},{"taxonomy":"product_tag","embeddable":true,"href":"https:\/\/koningdrone.be\/fr\/wp-json\/wp\/v2\/product_tag?post=15032"}],"curies":[{"name":"wp","href":"https:\/\/api.w.org\/{rel}","templated":true}]}}