{"id":15027,"date":"2025-07-03T09:34:51","date_gmt":"2025-07-03T07:34:51","guid":{"rendered":"https:\/\/koningdrone.be\/product\/unitree-go2-ent-plus-5-go2-screen-remote-control-dual-cameradual-gimbal\/"},"modified":"2026-04-30T16:20:30","modified_gmt":"2026-04-30T14:20:30","slug":"unitree-go2-ent-plus-5-go2-screen-remote-control-dual-cameradual-gimbal","status":"publish","type":"product","link":"https:\/\/koningdrone.be\/fr\/produit\/unitree-go2-ent-plus-5-go2-screen-remote-control-dual-cameradual-gimbal\/","title":{"rendered":"Unitree Go2 Ent-Plus 5 (t\u00e9l\u00e9commande d'\u00e9cran Go2 (double cam\u00e9ra+dual gimbal))"},"content":{"rendered":"<h3>Unitree Go2 Ent-Plus 5 : Le ma\u00eetre de la perception stabilis\u00e9e et de l'intelligence visuelle<\/h3>\n<p>Le <strong>Unitree Go2 Ent-Plus 5<\/strong> repr\u00e9sente ce qui se fait de mieux en mati\u00e8re d'imagerie mobile au sein de la s\u00e9rie Go2 Enterprise. Alors que les robots standard sont limit\u00e9s par les vibrations et les mouvements brusques lors de la marche, l'Ent-Plus 5 offre une stabilit\u00e9 visuelle sans pr\u00e9c\u00e9dent gr\u00e2ce \u00e0 son syst\u00e8me innovant d'imagerie mobile. <strong>syst\u00e8me \u00e0 double cardan<\/strong>. Combin\u00e9 avec le <strong>configuration \u00e0 double cam\u00e9ra<\/strong> et les puissants <strong>Module NVIDIA Jetson AI<\/strong>, Cette plateforme agit comme un \u0153il autonome capable de suivre des objets et de collecter des donn\u00e9es avec une pr\u00e9cision chirurgicale. C'est l'outil indispensable pour les professionnels qui ont besoin d'une imagerie fluide et de haute qualit\u00e9 lors de missions complexes sur des terrains difficiles.<\/p>\n<p><a href=\"https:\/\/koningdrone.nl\/wp-content\/uploads\/2025\/07\/Unitree-Go2-Ent-Plus-1-Go2-screen-remote-control-dual-camera.jpg\"><img loading=\"lazy\" decoding=\"async\" class=\"size-medium wp-image-472886 aligncenter\" src=\"https:\/\/koningdrone.nl\/wp-content\/uploads\/2025\/07\/Unitree-Go2-Ent-Plus-1-Go2-screen-remote-control-dual-camera-300x300.jpg\" alt=\"Unitree Go2 Ent- Plus 1 (Go2 screen remote control (dual camera))\" width=\"300\" height=\"300\" \/><\/a><\/p>\n<h4>Stabilisation sup\u00e9rieure et dynamique \u00e0 double cardan<\/h4>\n<p>Le c\u0153ur technologique de l'Ent-Plus 5 est con\u00e7u pour d\u00e9fier les lois de la physique pendant les mouvements :<\/p>\n<ul>\n<li><strong>Syst\u00e8me \u00e0 double cardan :<\/strong> Ce syst\u00e8me garantit que les deux cam\u00e9ras restent stabilis\u00e9es ind\u00e9pendamment des mouvements du corps du robot. Que le robot soit en train de courir, de sauter ou d'enjamber des d\u00e9bris, l'horizon reste droit et les images ne tremblent pas. Cette caract\u00e9ristique est essentielle pour la photogramm\u00e9trie, les inspections d\u00e9taill\u00e9es et le suivi de l'IA sur de longues distances.<\/li>\n<li><strong>Double vision et traitement AI Jetson :<\/strong> Les deux cam\u00e9ras envoient un flux constant de donn\u00e9es haute d\u00e9finition au cerveau du robot. Les algorithmes d'intelligence artificielle int\u00e9gr\u00e9s utilisent ces donn\u00e9es pour la reconnaissance d'objets en temps r\u00e9el et la navigation autonome, les cardans pivotant automatiquement pour garder la cible toujours en vue au centre.<\/li>\n<li><strong>\u00c9cran int\u00e9gr\u00e9-T\u00e9l\u00e9commande :<\/strong> La t\u00e9l\u00e9commande fournie avec l'\u00e9cran int\u00e9gr\u00e9 offre \u00e0 l'op\u00e9rateur un flux en direct d'une clart\u00e9 cristalline des deux cam\u00e9ras. Cela permet d'effectuer des inspections visuelles complexes avec un niveau de contr\u00f4le jusqu'alors impossible avec un robot marcheur.<\/li>\n<\/ul>\n<h4>Construction de qualit\u00e9 et agilit\u00e9 athl\u00e9tique<\/h4>\n<p>La qualit\u00e9 de construction de l'Ent-Plus 5 allie la robustesse d'une machine industrielle \u00e0 l'agilit\u00e9 d'un athl\u00e8te :<\/p>\n<ul>\n<li><strong>Ch\u00e2ssis l\u00e9ger et r\u00e9sistant \u00e0 la torsion :<\/strong> Fabriqu\u00e9 \u00e0 partir d'un mat\u00e9riau renforc\u00e9 <strong>alliage d'aluminium<\/strong> et des plastiques techniques de haute qualit\u00e9. Le ch\u00e2ssis prot\u00e8ge les m\u00e9canismes sensibles du cardan et l'\u00e9lectronique interne, tout en conservant un poids suffisamment faible pour une maniabilit\u00e9 maximale.<\/li>\n<li><strong>Stabilit\u00e9 en fonction du terrain :<\/strong> La conception \u00e0 quatre pieds permet au robot de conserver son \u00e9quilibre sur une grande vari\u00e9t\u00e9 de surfaces. Les moteurs intelligents des articulations compensent en permanence les pentes et les irr\u00e9gularit\u00e9s, ce qui, en synergie avec les cardans, permet une acquisition parfaite des donn\u00e9es dans toutes les conditions.<\/li>\n<li><strong>Intelligence modulaire :<\/strong> Son architecture ouverte et ses interfaces \u00e9tendues permettent aux d\u00e9veloppeurs d'int\u00e9grer pleinement le contr\u00f4leur de cardan dans leurs propres piles logicielles \u00e0 des fins de recherche sp\u00e9cifiques ou dans le cadre de flux de travail industriels.<\/li>\n<\/ul>\n<p><a href=\"https:\/\/koningdrone.nl\/wp-content\/uploads\/2025\/07\/Unitree-Go2-Edu-Plus-XT16-D1-ARM.jpg\"><img loading=\"lazy\" decoding=\"async\" class=\"size-medium wp-image-472882 aligncenter\" src=\"https:\/\/koningdrone.nl\/wp-content\/uploads\/2025\/07\/Unitree-Go2-Edu-Plus-XT16-D1-ARM-300x300.jpg\" alt=\"Unitree Go2 Edu Plus-XT16 -D1 ARM\" width=\"300\" height=\"300\" \/><\/a><\/p>\n<h4>Pourquoi le Go2 Ent-Plus 5 est indispensable<\/h4>\n<p>Pour les organisations travaillant dans l'inspection industrielle, la cin\u00e9matographie, la s\u00e9curit\u00e9 ou la recherche avanc\u00e9e en IA, l'Ent-Plus 5 offre la base mobile la plus stable du march\u00e9. Le syst\u00e8me \u00e9limine la n\u00e9cessit\u00e9 d'un post-traitement co\u00fbteux des images en assurant la stabilisation directement \u00e0 la source. Qu'il s'agisse d'inspecter des infrastructures critiques o\u00f9 chaque d\u00e9tail compte ou d'entra\u00eener un syst\u00e8me autonome \u00e0 suivre des personnes dans des espaces bond\u00e9s, l'Unitree Go2 Ent-Plus 5 offre la pr\u00e9cision, la stabilit\u00e9 et la puissance visuelle n\u00e9cessaires pour faire passer vos projets \u00e0 la vitesse sup\u00e9rieure.<\/p>","protected":false},"excerpt":{"rendered":"<ul>\n<li>Robot avec double cam\u00e9ra et double cardan pour des images stables et de haute qualit\u00e9<\/li>\n<li>Navigation autonome et traitement des donn\u00e9es en temps r\u00e9el avec Jetson AI<\/li>\n<li>Ch\u00e2ssis \u00e0 quatre pieds pour une stabilit\u00e9 optimale sur diff\u00e9rentes surfaces<\/li>\n<li>T\u00e9l\u00e9commande \u00e0 \u00e9cran Go2 pour une utilisation intuitive<\/li>\n<li>Id\u00e9al pour les applications n\u00e9cessitant un traitement d'image avanc\u00e9 et de la pr\u00e9cision<\/li>\n<\/ul>","protected":false},"featured_media":19012,"template":"","meta":{"_acf_changed":false},"product_brand":[],"product_cat":[1988],"product_tag":[],"class_list":{"0":"post-15027","1":"product","2":"type-product","3":"status-publish","4":"has-post-thumbnail","6":"product_cat-unitree-go2-ent","7":"product_shipping_class-outofstock","8":"pa_brand-unitree","9":"pa_producttype-robot","10":"pa_series-go2","12":"first","13":"outofstock","14":"taxable","15":"shipping-taxable","16":"purchasable","17":"product-type-simple"},"acf":[],"yoast_head":"<!-- This site is optimized with the Yoast SEO Premium plugin v27.2 (Yoast SEO v27.2) - https:\/\/yoast.com\/product\/yoast-seo-premium-wordpress\/ -->\n<title>Unitree Go2 Ent-Plus 5 (Go2 screen remote control (dual camera+dual gimbal)) - koningdrone.be<\/title>\n<meta name=\"robots\" content=\"index, follow, max-snippet:-1, max-image-preview:large, max-video-preview:-1\" \/>\n<link rel=\"canonical\" href=\"https:\/\/koningdrone.be\/fr\/produit\/unitree-go2-ent-plus-5-go2-screen-remote-control-dual-cameradual-gimbal\/\" \/>\n<meta property=\"og:locale\" content=\"fr_FR\" \/>\n<meta property=\"og:type\" content=\"article\" \/>\n<meta property=\"og:title\" content=\"Unitree Go2 Ent-Plus 5 (Go2 screen remote control (dual camera+dual gimbal))\" \/>\n<meta property=\"og:description\" content=\"Robot met dual camera en dual gimbal voor stabiele en hoogwaardige beelden  Autonome navigatie en real-time dataverwerking met Jetson AI  Viervoetig chassis voor optimale stabiliteit op diverse oppervlakken  Go2 scherm-afstandsbediening voor intu\u00eftieve bediening  Ideaal voor toepassingen waar geavanceerde beeldverwerking en precisie nodig zijn\" \/>\n<meta property=\"og:url\" content=\"https:\/\/koningdrone.be\/fr\/produit\/unitree-go2-ent-plus-5-go2-screen-remote-control-dual-cameradual-gimbal\/\" \/>\n<meta property=\"og:site_name\" content=\"koningdrone.be\" \/>\n<meta property=\"article:modified_time\" content=\"2026-04-30T14:20:30+00:00\" \/>\n<meta property=\"og:image\" content=\"https:\/\/koningdrone.be\/wp-content\/uploads\/sites\/13\/2026\/04\/Unitree-Go2-Ent-Plus-1-Go2-screen-remote-control-dual-camera.jpg\" \/>\n\t<meta property=\"og:image:width\" content=\"550\" \/>\n\t<meta property=\"og:image:height\" content=\"550\" \/>\n\t<meta property=\"og:image:type\" content=\"image\/jpeg\" \/>\n<meta name=\"twitter:card\" content=\"summary_large_image\" \/>\n<meta name=\"twitter:label1\" content=\"Dur\u00e9e de lecture est.\" \/>\n\t<meta name=\"twitter:data1\" content=\"2 minutes\" \/>\n<script type=\"application\/ld+json\" class=\"yoast-schema-graph\">{\"@context\":\"https:\/\/schema.org\",\"@graph\":[{\"@type\":\"WebPage\",\"@id\":\"https:\/\/koningdrone.be\/product\/unitree-go2-ent-plus-5-go2-screen-remote-control-dual-cameradual-gimbal\/\",\"url\":\"https:\/\/koningdrone.be\/product\/unitree-go2-ent-plus-5-go2-screen-remote-control-dual-cameradual-gimbal\/\",\"name\":\"Unitree Go2 Ent-Plus 5 (Go2 screen remote control (dual camera+dual gimbal)) - koningdrone.be\",\"isPartOf\":{\"@id\":\"https:\/\/koningdrone.be\/#website\"},\"primaryImageOfPage\":{\"@id\":\"https:\/\/koningdrone.be\/product\/unitree-go2-ent-plus-5-go2-screen-remote-control-dual-cameradual-gimbal\/#primaryimage\"},\"image\":{\"@id\":\"https:\/\/koningdrone.be\/product\/unitree-go2-ent-plus-5-go2-screen-remote-control-dual-cameradual-gimbal\/#primaryimage\"},\"thumbnailUrl\":\"https:\/\/koningdrone.be\/wp-content\/uploads\/sites\/13\/2026\/04\/Unitree-Go2-Ent-Plus-1-Go2-screen-remote-control-dual-camera.jpg\",\"datePublished\":\"2025-07-03T07:34:51+00:00\",\"dateModified\":\"2026-04-30T14:20:30+00:00\",\"breadcrumb\":{\"@id\":\"https:\/\/koningdrone.be\/product\/unitree-go2-ent-plus-5-go2-screen-remote-control-dual-cameradual-gimbal\/#breadcrumb\"},\"inLanguage\":\"fr-BE\",\"potentialAction\":[{\"@type\":\"ReadAction\",\"target\":[\"https:\/\/koningdrone.be\/product\/unitree-go2-ent-plus-5-go2-screen-remote-control-dual-cameradual-gimbal\/\"]}]},{\"@type\":\"ImageObject\",\"inLanguage\":\"fr-BE\",\"@id\":\"https:\/\/koningdrone.be\/product\/unitree-go2-ent-plus-5-go2-screen-remote-control-dual-cameradual-gimbal\/#primaryimage\",\"url\":\"https:\/\/koningdrone.be\/wp-content\/uploads\/sites\/13\/2026\/04\/Unitree-Go2-Ent-Plus-1-Go2-screen-remote-control-dual-camera.jpg\",\"contentUrl\":\"https:\/\/koningdrone.be\/wp-content\/uploads\/sites\/13\/2026\/04\/Unitree-Go2-Ent-Plus-1-Go2-screen-remote-control-dual-camera.jpg\",\"width\":550,\"height\":550},{\"@type\":\"BreadcrumbList\",\"@id\":\"https:\/\/koningdrone.be\/product\/unitree-go2-ent-plus-5-go2-screen-remote-control-dual-cameradual-gimbal\/#breadcrumb\",\"itemListElement\":[{\"@type\":\"ListItem\",\"position\":1,\"name\":\"Home\",\"item\":\"https:\/\/koningdrone.be\/\"},{\"@type\":\"ListItem\",\"position\":2,\"name\":\"AVSS Parachute Recovery System for DJI Matrice 300\/350\",\"item\":\"https:\/\/koningdrone.be\/product\/avss-parachute-recovery-system-for-dji-matrice-300-350\/\"},{\"@type\":\"ListItem\",\"position\":3,\"name\":\"Unitree Go2 Ent\",\"item\":\"https:\/\/koningdrone.be\/categorie\/unitree-go2-ent\/\"},{\"@type\":\"ListItem\",\"position\":4,\"name\":\"Unitree Go2 Ent-Plus 5 (Go2 screen remote control (dual camera+dual gimbal))\"}]},{\"@type\":\"WebSite\",\"@id\":\"https:\/\/koningdrone.be\/#website\",\"url\":\"https:\/\/koningdrone.be\/\",\"name\":\"Koningdrone.be - Uw online specialist in drones, gimbals, camera's en power stations.\",\"description\":\"De webshop in drones en gimbals\",\"publisher\":{\"@id\":\"https:\/\/koningdrone.be\/#organization\"},\"potentialAction\":[{\"@type\":\"SearchAction\",\"target\":{\"@type\":\"EntryPoint\",\"urlTemplate\":\"https:\/\/koningdrone.be\/?s={search_term_string}\"},\"query-input\":{\"@type\":\"PropertyValueSpecification\",\"valueRequired\":true,\"valueName\":\"search_term_string\"}}],\"inLanguage\":\"fr-BE\"},{\"@type\":\"Organization\",\"@id\":\"https:\/\/koningdrone.be\/#organization\",\"name\":\"Koningdrone.be\",\"url\":\"https:\/\/koningdrone.be\/\",\"logo\":{\"@type\":\"ImageObject\",\"inLanguage\":\"fr-BE\",\"@id\":\"https:\/\/koningdrone.be\/#\/schema\/logo\/image\/\",\"url\":\"https:\/\/koningdrone.be\/wp-content\/uploads\/sites\/13\/2025\/04\/koningdrone-copyright-logo.svg\",\"contentUrl\":\"https:\/\/koningdrone.be\/wp-content\/uploads\/sites\/13\/2025\/04\/koningdrone-copyright-logo.svg\",\"width\":227,\"height\":38,\"caption\":\"Koningdrone.be\"},\"image\":{\"@id\":\"https:\/\/koningdrone.be\/#\/schema\/logo\/image\/\"}}]}<\/script>\n<!-- \/ Yoast SEO Premium plugin. -->","yoast_head_json":{"title":"Unitree Go2 Ent-Plus 5 (Go2 screen remote control (dual camera+dual gimbal)) - koningdrone.be","robots":{"index":"index","follow":"follow","max-snippet":"max-snippet:-1","max-image-preview":"max-image-preview:large","max-video-preview":"max-video-preview:-1"},"canonical":"https:\/\/koningdrone.be\/fr\/produit\/unitree-go2-ent-plus-5-go2-screen-remote-control-dual-cameradual-gimbal\/","og_locale":"fr_FR","og_type":"article","og_title":"Unitree Go2 Ent-Plus 5 (Go2 screen remote control (dual camera+dual gimbal))","og_description":"Robot met dual camera en dual gimbal voor stabiele en hoogwaardige beelden  Autonome navigatie en real-time dataverwerking met Jetson AI  Viervoetig chassis voor optimale stabiliteit op diverse oppervlakken  Go2 scherm-afstandsbediening voor intu\u00eftieve bediening  Ideaal voor toepassingen waar geavanceerde beeldverwerking en precisie nodig zijn","og_url":"https:\/\/koningdrone.be\/fr\/produit\/unitree-go2-ent-plus-5-go2-screen-remote-control-dual-cameradual-gimbal\/","og_site_name":"koningdrone.be","article_modified_time":"2026-04-30T14:20:30+00:00","og_image":[{"width":550,"height":550,"url":"https:\/\/koningdrone.be\/wp-content\/uploads\/sites\/13\/2026\/04\/Unitree-Go2-Ent-Plus-1-Go2-screen-remote-control-dual-camera.jpg","type":"image\/jpeg"}],"twitter_card":"summary_large_image","twitter_misc":{"Dur\u00e9e de lecture est.":"2 minutes"},"schema":{"@context":"https:\/\/schema.org","@graph":[{"@type":"WebPage","@id":"https:\/\/koningdrone.be\/product\/unitree-go2-ent-plus-5-go2-screen-remote-control-dual-cameradual-gimbal\/","url":"https:\/\/koningdrone.be\/product\/unitree-go2-ent-plus-5-go2-screen-remote-control-dual-cameradual-gimbal\/","name":"Unitree Go2 Ent-Plus 5 (Go2 screen remote control (dual camera+dual gimbal)) - koningdrone.be","isPartOf":{"@id":"https:\/\/koningdrone.be\/#website"},"primaryImageOfPage":{"@id":"https:\/\/koningdrone.be\/product\/unitree-go2-ent-plus-5-go2-screen-remote-control-dual-cameradual-gimbal\/#primaryimage"},"image":{"@id":"https:\/\/koningdrone.be\/product\/unitree-go2-ent-plus-5-go2-screen-remote-control-dual-cameradual-gimbal\/#primaryimage"},"thumbnailUrl":"https:\/\/koningdrone.be\/wp-content\/uploads\/sites\/13\/2026\/04\/Unitree-Go2-Ent-Plus-1-Go2-screen-remote-control-dual-camera.jpg","datePublished":"2025-07-03T07:34:51+00:00","dateModified":"2026-04-30T14:20:30+00:00","breadcrumb":{"@id":"https:\/\/koningdrone.be\/product\/unitree-go2-ent-plus-5-go2-screen-remote-control-dual-cameradual-gimbal\/#breadcrumb"},"inLanguage":"fr-BE","potentialAction":[{"@type":"ReadAction","target":["https:\/\/koningdrone.be\/product\/unitree-go2-ent-plus-5-go2-screen-remote-control-dual-cameradual-gimbal\/"]}]},{"@type":"ImageObject","inLanguage":"fr-BE","@id":"https:\/\/koningdrone.be\/product\/unitree-go2-ent-plus-5-go2-screen-remote-control-dual-cameradual-gimbal\/#primaryimage","url":"https:\/\/koningdrone.be\/wp-content\/uploads\/sites\/13\/2026\/04\/Unitree-Go2-Ent-Plus-1-Go2-screen-remote-control-dual-camera.jpg","contentUrl":"https:\/\/koningdrone.be\/wp-content\/uploads\/sites\/13\/2026\/04\/Unitree-Go2-Ent-Plus-1-Go2-screen-remote-control-dual-camera.jpg","width":550,"height":550},{"@type":"BreadcrumbList","@id":"https:\/\/koningdrone.be\/product\/unitree-go2-ent-plus-5-go2-screen-remote-control-dual-cameradual-gimbal\/#breadcrumb","itemListElement":[{"@type":"ListItem","position":1,"name":"Home","item":"https:\/\/koningdrone.be\/"},{"@type":"ListItem","position":2,"name":"AVSS Parachute Recovery System for DJI Matrice 300\/350","item":"https:\/\/koningdrone.be\/product\/avss-parachute-recovery-system-for-dji-matrice-300-350\/"},{"@type":"ListItem","position":3,"name":"Unitree Go2 Ent","item":"https:\/\/koningdrone.be\/categorie\/unitree-go2-ent\/"},{"@type":"ListItem","position":4,"name":"Unitree Go2 Ent-Plus 5 (Go2 screen remote control (dual camera+dual gimbal))"}]},{"@type":"WebSite","@id":"https:\/\/koningdrone.be\/#website","url":"https:\/\/koningdrone.be\/","name":"Koningdrone.be - Votre sp\u00e9cialiste en ligne en mati\u00e8re de drones, de cardans, de cam\u00e9ras et de centrales \u00e9lectriques.","description":"La boutique en ligne de drones et de cardans","publisher":{"@id":"https:\/\/koningdrone.be\/#organization"},"potentialAction":[{"@type":"SearchAction","target":{"@type":"EntryPoint","urlTemplate":"https:\/\/koningdrone.be\/?s={search_term_string}"},"query-input":{"@type":"PropertyValueSpecification","valueRequired":true,"valueName":"search_term_string"}}],"inLanguage":"fr-BE"},{"@type":"Organization","@id":"https:\/\/koningdrone.be\/#organization","name":"Kingdrone.co.uk","url":"https:\/\/koningdrone.be\/","logo":{"@type":"ImageObject","inLanguage":"fr-BE","@id":"https:\/\/koningdrone.be\/#\/schema\/logo\/image\/","url":"https:\/\/koningdrone.be\/wp-content\/uploads\/sites\/13\/2025\/04\/koningdrone-copyright-logo.svg","contentUrl":"https:\/\/koningdrone.be\/wp-content\/uploads\/sites\/13\/2025\/04\/koningdrone-copyright-logo.svg","width":227,"height":38,"caption":"Koningdrone.be"},"image":{"@id":"https:\/\/koningdrone.be\/#\/schema\/logo\/image\/"}}]}},"df_price":32234.4,"df_sale_price":"","df_regular_price":32234.4,"df_image_link":"https:\/\/koningdrone.be\/wp-content\/uploads\/sites\/13\/2026\/04\/Unitree-Go2-Ent-Plus-1-Go2-screen-remote-control-dual-camera-300x300.jpg","_links":{"self":[{"href":"https:\/\/koningdrone.be\/fr\/wp-json\/wp\/v2\/product\/15027","targetHints":{"allow":["GET"]}}],"collection":[{"href":"https:\/\/koningdrone.be\/fr\/wp-json\/wp\/v2\/product"}],"about":[{"href":"https:\/\/koningdrone.be\/fr\/wp-json\/wp\/v2\/types\/product"}],"wp:featuredmedia":[{"embeddable":true,"href":"https:\/\/koningdrone.be\/fr\/wp-json\/wp\/v2\/media\/19012"}],"wp:attachment":[{"href":"https:\/\/koningdrone.be\/fr\/wp-json\/wp\/v2\/media?parent=15027"}],"wp:term":[{"taxonomy":"product_brand","embeddable":true,"href":"https:\/\/koningdrone.be\/fr\/wp-json\/wp\/v2\/product_brand?post=15027"},{"taxonomy":"product_cat","embeddable":true,"href":"https:\/\/koningdrone.be\/fr\/wp-json\/wp\/v2\/product_cat?post=15027"},{"taxonomy":"product_tag","embeddable":true,"href":"https:\/\/koningdrone.be\/fr\/wp-json\/wp\/v2\/product_tag?post=15027"}],"curies":[{"name":"wp","href":"https:\/\/api.w.org\/{rel}","templated":true}]}}